{"id":973,"date":"2020-09-24T10:20:02","date_gmt":"2020-09-24T10:20:02","guid":{"rendered":"http:\/\/www.bunkerseguridad.es\/en\/?post_type=product&#038;p=973"},"modified":"2021-02-17T08:24:36","modified_gmt":"2021-02-17T08:24:36","slug":"dr120-48-alimentation-sur-rail-din-industrielle","status":"publish","type":"product","link":"https:\/\/bunkerseguridad.com\/fr\/produit\/dr120-48-alimentation-sur-rail-din-industrielle\/","title":{"rendered":"DR120-48 &#8211; Alimentation Sur Rail DIN Industrielle Unique"},"content":{"rendered":"<p>Les s\u00e9ries DR-120-48 sont des blocs d&rsquo;alimentation \u00e0 utiliser avec les commutateurs de p\u00e9riph\u00e9rie Ethernet industriels de la s\u00e9rie PoE KBC. Ils sont con\u00e7us pour \u00eatre utilis\u00e9s dans une large gamme de temp\u00e9ratures de fonctionnement dans des applications industrielles non conditionn\u00e9es pour l&rsquo;environnement. Les unit\u00e9s DR-120 et SDR-120 fournissent 120W \u00e0 48Vdc. La s\u00e9rie est disponible dans des configurations de rail DIN.<\/p>\n<p><strong>Caract\u00e9ristiques:<\/strong><\/p>\n<ul>\n<li>Protection contre les courts-circuits, les surcharges, les surtensions et les surchauffes<\/li>\n<li>Refroidissement par convection d&rsquo;air libre<\/li>\n<li>Installation sur rail DIN TS-35 \/ 7.5 ou 15<\/li>\n<li>\u00c9quipement de contr\u00f4le industriel approuv\u00e9 UL508<\/li>\n<li>Test de rodage \u00e0 100% \u00e0 pleine charge<\/li>\n<li>Garantie de 3 ans<\/li>\n<\/ul>\n","protected":false},"excerpt":{"rendered":"<p>Alimentation sur rail DIN 120W pour commutateur PoE. 47 ~ 53 VDC sortie, -10 \u00b0 C \u00e0 + 70 \u00b0 C (14 \u00b0 F \u00e0 158 \u00b0 F) plage de temp\u00e9ratures de fonctionnement.<\/p>\n","protected":false},"featured_media":972,"template":"","meta":{"_et_pb_use_builder":"","_et_pb_old_content":"","_et_gb_content_width":""},"pwb-brand":[206],"product_brand":[],"product_cat":[31,32],"product_tag":[195,193,146],"class_list":{"0":"post-973","1":"product","2":"type-product","3":"status-publish","4":"has-post-thumbnail","6":"pwb-brand-kbc-networks","7":"product_cat-transmission-des-donnees","8":"product_cat-alimentation-electrique","9":"product_tag-120w","10":"product_tag-alimentation-electrique","11":"product_tag-poe","13":"first","14":"instock","15":"shipping-taxable","16":"product-type-simple"},"yoast_head":"<!-- This site is optimized with the Yoast SEO plugin v25.2 - https:\/\/yoast.com\/wordpress\/plugins\/seo\/ -->\n<title>DR120-48 - Alimentation Sur Rail DIN Industrielle Unique - Bunker Seguridad<\/title>\n<meta name=\"description\" content=\"Les s\u00e9ries DR-120-48 sont des blocs d&#039;alimentation \u00e0 utiliser avec les commutateurs de p\u00e9riph\u00e9rie Ethernet industriels de la s\u00e9rie PoE KBC\" \/>\n<meta name=\"robots\" content=\"noindex, follow, max-snippet:-1, max-image-preview:large, max-video-preview:-1\" \/>\n<meta property=\"og:locale\" content=\"fr_FR\" \/>\n<meta property=\"og:type\" content=\"article\" \/>\n<meta property=\"og:title\" content=\"DR120-48 - Alimentation Sur Rail DIN Industrielle Unique - Bunker Seguridad\" \/>\n<meta property=\"og:description\" content=\"Les s\u00e9ries DR-120-48 sont des blocs d&#039;alimentation \u00e0 utiliser avec les commutateurs de p\u00e9riph\u00e9rie Ethernet industriels de la s\u00e9rie PoE KBC\" \/>\n<meta property=\"og:url\" content=\"https:\/\/bunkerseguridad.com\/fr\/produit\/dr120-48-alimentation-sur-rail-din-industrielle\/\" \/>\n<meta property=\"og:site_name\" content=\"Bunker Seguridad\" \/>\n<meta property=\"article:modified_time\" content=\"2021-02-17T08:24:36+00:00\" \/>\n<meta property=\"og:image\" content=\"https:\/\/bunkerseguridad.com\/fr\/wp-content\/uploads\/2020\/09\/Industrial-Hardened-Power-Supply.png\" \/>\n\t<meta property=\"og:image:width\" content=\"1200\" \/>\n\t<meta property=\"og:image:height\" content=\"1200\" \/>\n\t<meta property=\"og:image:type\" content=\"image\/png\" \/>\n<meta name=\"twitter:card\" content=\"summary_large_image\" \/>\n<meta name=\"twitter:label1\" content=\"Dur\u00e9e de lecture estim\u00e9e\" \/>\n\t<meta name=\"twitter:data1\" content=\"1 minute\" \/>\n<script type=\"application\/ld+json\" class=\"yoast-schema-graph\">{\"@context\":\"https:\/\/schema.org\",\"@graph\":[{\"@type\":\"WebPage\",\"@id\":\"https:\/\/bunkerseguridad.com\/fr\/produit\/dr120-48-alimentation-sur-rail-din-industrielle\/\",\"url\":\"https:\/\/bunkerseguridad.com\/fr\/produit\/dr120-48-alimentation-sur-rail-din-industrielle\/\",\"name\":\"DR120-48 - Alimentation Sur Rail DIN Industrielle Unique - Bunker Seguridad\",\"isPartOf\":{\"@id\":\"https:\/\/bunkerseguridad.com\/fr\/#website\"},\"primaryImageOfPage\":{\"@id\":\"https:\/\/bunkerseguridad.com\/fr\/produit\/dr120-48-alimentation-sur-rail-din-industrielle\/#primaryimage\"},\"image\":{\"@id\":\"https:\/\/bunkerseguridad.com\/fr\/produit\/dr120-48-alimentation-sur-rail-din-industrielle\/#primaryimage\"},\"thumbnailUrl\":\"https:\/\/bunkerseguridad.com\/fr\/wp-content\/uploads\/2020\/09\/Industrial-Hardened-Power-Supply.png\",\"datePublished\":\"2020-09-24T10:20:02+00:00\",\"dateModified\":\"2021-02-17T08:24:36+00:00\",\"description\":\"Les s\u00e9ries DR-120-48 sont des blocs d'alimentation \u00e0 utiliser avec les commutateurs de p\u00e9riph\u00e9rie Ethernet industriels de la s\u00e9rie PoE KBC\",\"breadcrumb\":{\"@id\":\"https:\/\/bunkerseguridad.com\/fr\/produit\/dr120-48-alimentation-sur-rail-din-industrielle\/#breadcrumb\"},\"inLanguage\":\"fr-FR\",\"potentialAction\":[{\"@type\":\"ReadAction\",\"target\":[\"https:\/\/bunkerseguridad.com\/fr\/produit\/dr120-48-alimentation-sur-rail-din-industrielle\/\"]}]},{\"@type\":\"ImageObject\",\"inLanguage\":\"fr-FR\",\"@id\":\"https:\/\/bunkerseguridad.com\/fr\/produit\/dr120-48-alimentation-sur-rail-din-industrielle\/#primaryimage\",\"url\":\"https:\/\/bunkerseguridad.com\/fr\/wp-content\/uploads\/2020\/09\/Industrial-Hardened-Power-Supply.png\",\"contentUrl\":\"https:\/\/bunkerseguridad.com\/fr\/wp-content\/uploads\/2020\/09\/Industrial-Hardened-Power-Supply.png\",\"width\":1200,\"height\":1200,\"caption\":\"Industrial Hardened Power Supply\"},{\"@type\":\"BreadcrumbList\",\"@id\":\"https:\/\/bunkerseguridad.com\/fr\/produit\/dr120-48-alimentation-sur-rail-din-industrielle\/#breadcrumb\",\"itemListElement\":[{\"@type\":\"ListItem\",\"position\":1,\"name\":\"Home\",\"item\":\"https:\/\/bunkerseguridad.com\/fr\/\"},{\"@type\":\"ListItem\",\"position\":2,\"name\":\"Shop\",\"item\":\"https:\/\/bunkerseguridad.com\/fr\/shop\/\"},{\"@type\":\"ListItem\",\"position\":3,\"name\":\"DR120-48 &#8211; Alimentation Sur Rail DIN Industrielle Unique\"}]},{\"@type\":\"WebSite\",\"@id\":\"https:\/\/bunkerseguridad.com\/fr\/#website\",\"url\":\"https:\/\/bunkerseguridad.com\/fr\/\",\"name\":\"Bunker Seguridad\",\"description\":\"Otro sitio realizado con WordPress\",\"potentialAction\":[{\"@type\":\"SearchAction\",\"target\":{\"@type\":\"EntryPoint\",\"urlTemplate\":\"https:\/\/bunkerseguridad.com\/fr\/?s={search_term_string}\"},\"query-input\":{\"@type\":\"PropertyValueSpecification\",\"valueRequired\":true,\"valueName\":\"search_term_string\"}}],\"inLanguage\":\"fr-FR\"}]}<\/script>\n<!-- \/ Yoast SEO plugin. -->","yoast_head_json":{"title":"DR120-48 - Alimentation Sur Rail DIN Industrielle Unique - Bunker Seguridad","description":"Les s\u00e9ries DR-120-48 sont des blocs d'alimentation \u00e0 utiliser avec les commutateurs de p\u00e9riph\u00e9rie Ethernet industriels de la s\u00e9rie PoE KBC","robots":{"index":"noindex","follow":"follow","max-snippet":"max-snippet:-1","max-image-preview":"max-image-preview:large","max-video-preview":"max-video-preview:-1"},"og_locale":"fr_FR","og_type":"article","og_title":"DR120-48 - Alimentation Sur Rail DIN Industrielle Unique - Bunker Seguridad","og_description":"Les s\u00e9ries DR-120-48 sont des blocs d'alimentation \u00e0 utiliser avec les commutateurs de p\u00e9riph\u00e9rie Ethernet industriels de la s\u00e9rie PoE KBC","og_url":"https:\/\/bunkerseguridad.com\/fr\/produit\/dr120-48-alimentation-sur-rail-din-industrielle\/","og_site_name":"Bunker Seguridad","article_modified_time":"2021-02-17T08:24:36+00:00","og_image":[{"width":1200,"height":1200,"url":"https:\/\/bunkerseguridad.com\/fr\/wp-content\/uploads\/2020\/09\/Industrial-Hardened-Power-Supply.png","type":"image\/png"}],"twitter_card":"summary_large_image","twitter_misc":{"Dur\u00e9e de lecture estim\u00e9e":"1 minute"},"schema":{"@context":"https:\/\/schema.org","@graph":[{"@type":"WebPage","@id":"https:\/\/bunkerseguridad.com\/fr\/produit\/dr120-48-alimentation-sur-rail-din-industrielle\/","url":"https:\/\/bunkerseguridad.com\/fr\/produit\/dr120-48-alimentation-sur-rail-din-industrielle\/","name":"DR120-48 - Alimentation Sur Rail DIN Industrielle Unique - Bunker Seguridad","isPartOf":{"@id":"https:\/\/bunkerseguridad.com\/fr\/#website"},"primaryImageOfPage":{"@id":"https:\/\/bunkerseguridad.com\/fr\/produit\/dr120-48-alimentation-sur-rail-din-industrielle\/#primaryimage"},"image":{"@id":"https:\/\/bunkerseguridad.com\/fr\/produit\/dr120-48-alimentation-sur-rail-din-industrielle\/#primaryimage"},"thumbnailUrl":"https:\/\/bunkerseguridad.com\/fr\/wp-content\/uploads\/2020\/09\/Industrial-Hardened-Power-Supply.png","datePublished":"2020-09-24T10:20:02+00:00","dateModified":"2021-02-17T08:24:36+00:00","description":"Les s\u00e9ries DR-120-48 sont des blocs d'alimentation \u00e0 utiliser avec les commutateurs de p\u00e9riph\u00e9rie Ethernet industriels de la s\u00e9rie PoE KBC","breadcrumb":{"@id":"https:\/\/bunkerseguridad.com\/fr\/produit\/dr120-48-alimentation-sur-rail-din-industrielle\/#breadcrumb"},"inLanguage":"fr-FR","potentialAction":[{"@type":"ReadAction","target":["https:\/\/bunkerseguridad.com\/fr\/produit\/dr120-48-alimentation-sur-rail-din-industrielle\/"]}]},{"@type":"ImageObject","inLanguage":"fr-FR","@id":"https:\/\/bunkerseguridad.com\/fr\/produit\/dr120-48-alimentation-sur-rail-din-industrielle\/#primaryimage","url":"https:\/\/bunkerseguridad.com\/fr\/wp-content\/uploads\/2020\/09\/Industrial-Hardened-Power-Supply.png","contentUrl":"https:\/\/bunkerseguridad.com\/fr\/wp-content\/uploads\/2020\/09\/Industrial-Hardened-Power-Supply.png","width":1200,"height":1200,"caption":"Industrial Hardened Power Supply"},{"@type":"BreadcrumbList","@id":"https:\/\/bunkerseguridad.com\/fr\/produit\/dr120-48-alimentation-sur-rail-din-industrielle\/#breadcrumb","itemListElement":[{"@type":"ListItem","position":1,"name":"Home","item":"https:\/\/bunkerseguridad.com\/fr\/"},{"@type":"ListItem","position":2,"name":"Shop","item":"https:\/\/bunkerseguridad.com\/fr\/shop\/"},{"@type":"ListItem","position":3,"name":"DR120-48 &#8211; Alimentation Sur Rail DIN Industrielle Unique"}]},{"@type":"WebSite","@id":"https:\/\/bunkerseguridad.com\/fr\/#website","url":"https:\/\/bunkerseguridad.com\/fr\/","name":"Bunker Seguridad","description":"Otro sitio realizado con WordPress","potentialAction":[{"@type":"SearchAction","target":{"@type":"EntryPoint","urlTemplate":"https:\/\/bunkerseguridad.com\/fr\/?s={search_term_string}"},"query-input":{"@type":"PropertyValueSpecification","valueRequired":true,"valueName":"search_term_string"}}],"inLanguage":"fr-FR"}]}},"brands":[{"id":206,"name":"KBC Networks","slug":"kbc-networks"}],"_links":{"self":[{"href":"https:\/\/bunkerseguridad.com\/fr\/wp-json\/wp\/v2\/product\/973","targetHints":{"allow":["GET"]}}],"collection":[{"href":"https:\/\/bunkerseguridad.com\/fr\/wp-json\/wp\/v2\/product"}],"about":[{"href":"https:\/\/bunkerseguridad.com\/fr\/wp-json\/wp\/v2\/types\/product"}],"wp:featuredmedia":[{"embeddable":true,"href":"https:\/\/bunkerseguridad.com\/fr\/wp-json\/wp\/v2\/media\/972"}],"wp:attachment":[{"href":"https:\/\/bunkerseguridad.com\/fr\/wp-json\/wp\/v2\/media?parent=973"}],"wp:term":[{"taxonomy":"pwb-brand","embeddable":true,"href":"https:\/\/bunkerseguridad.com\/fr\/wp-json\/wp\/v2\/pwb-brand?post=973"},{"taxonomy":"product_brand","embeddable":true,"href":"https:\/\/bunkerseguridad.com\/fr\/wp-json\/wp\/v2\/product_brand?post=973"},{"taxonomy":"product_cat","embeddable":true,"href":"https:\/\/bunkerseguridad.com\/fr\/wp-json\/wp\/v2\/product_cat?post=973"},{"taxonomy":"product_tag","embeddable":true,"href":"https:\/\/bunkerseguridad.com\/fr\/wp-json\/wp\/v2\/product_tag?post=973"}],"curies":[{"name":"wp","href":"https:\/\/api.w.org\/{rel}","templated":true}]}}