{"id":643,"date":"2020-09-11T09:26:51","date_gmt":"2020-09-11T09:26:51","guid":{"rendered":"http:\/\/www.bunkerseguridad.es\/en\/?post_type=product&#038;p=643"},"modified":"2021-03-05T12:58:40","modified_gmt":"2021-03-05T12:58:40","slug":"mcgn1-m2n-xyz-b","status":"publish","type":"product","link":"https:\/\/bunkerseguridad.com\/fr\/produit\/mcgn1-m2n-xyz-b\/","title":{"rendered":"Convertisseurs de m\u00e9dias &#8211; MCGN1-M2N-xyz-B"},"content":{"rendered":"<p><strong>La s\u00e9rie KBC MCGN1 est un convertisseur de m\u00e9dia Ethernet 10\/100\/1000M industriel.<\/strong> Elle permet la transmission d&rsquo;un canal 10\/100\/1000Base-T Ethernet sur une ou deux fibres optiques multimodes ou monomodes avec un fonctionnement en duplex int\u00e9gral. La conception \u00ab\u00a0plug-and-play\u00a0\u00bb rend l&rsquo;installation simple, sans aucun r\u00e9glage \u00e9lectrique ou optique n\u00e9cessaire. Des indicateurs LED sont fournis pour indiquer l&rsquo;\u00e9tat de fonctionnement de l&rsquo;unit\u00e9. Sa conception robuste, tant au niveau du bo\u00eetier que de la protection \u00e9lectrique, en fait un appareil adapt\u00e9 aux applications dans des environnements difficiles. La s\u00e9rie est disponible en montage mural, montage DIN et rack passif 2U FR2-12, ou en version carte dans le ch\u00e2ssis 2U FR2-16.<\/p>\n<p><strong>Caract\u00e9ristiques:<\/strong><\/p>\n<ul>\n<li>Protection contre les surtensions de 2kV sur le port \u00e9lectrique RJ45<\/li>\n<li>Compatible avec la version SFP de la s\u00e9rie MCGN1 \u00e0 un canal et de la s\u00e9rie MCGN2 \u00e0 deux canaux<\/li>\n<li>SM (mode unique) et MM (mode multiple)<\/li>\n<li>1 fibre ou 2 fibres<\/li>\n<li>SM&amp;MM : 1310nm\/1550m pour 1 fibre ; 1310nm pour 2 fibres<\/li>\n<li>Les distances de transmission typiques pour SM et MM sont respectivement de 20KM et 500m. Des distances plus longues sont disponibles<\/li>\n<li>Bo\u00eetier IP40<\/li>\n<li>DIN, montage mural<\/li>\n<li>Rack passif en FR2-12 avec 12 slots ou carte Chassis en FR2-16 avec 16 slots<\/li>\n<\/ul>\n","protected":false},"excerpt":{"rendered":"<p>La s\u00e9rie KBC MCGN1 est un convertisseur de m\u00e9dia Ethernet 10\/100\/1000M industriel. Elle permet la transmission d&rsquo;un canal 10\/100\/1000Base-T Ethernet sur une ou deux fibres optiques multimodes ou monomodes avec un fonctionnement en duplex int\u00e9gral. La conception \u00ab\u00a0plug-and-play\u00a0\u00bb rend l&rsquo;installation simple, sans aucun r\u00e9glage \u00e9lectrique ou optique n\u00e9cessaire. Des indicateurs LED sont fournis pour indiquer l&rsquo;\u00e9tat de fonctionnement de l&rsquo;unit\u00e9. Sa conception robuste, tant au niveau du bo\u00eetier que de la protection \u00e9lectrique, en fait un appareil adapt\u00e9 aux applications dans des environnements difficiles. La s\u00e9rie est disponible en montage mural, montage DIN et rack passif 2U FR2-12, ou en version carte dans le ch\u00e2ssis 2U FR2-16.<\/p>\n","protected":false},"featured_media":5853,"template":"","meta":{"_et_pb_use_builder":"","_et_pb_old_content":"","_et_gb_content_width":""},"pwb-brand":[],"product_brand":[],"product_cat":[308,31,38],"product_tag":[156,155,157,152,151,153,154,146],"class_list":{"0":"post-643","1":"product","2":"type-product","3":"status-publish","4":"has-post-thumbnail","6":"product_cat-industrial-media-converters","7":"product_cat-transmission-des-donnees","8":"product_cat-convertisseurs-medias","9":"product_tag-10-100-1000mbps","10":"product_tag-10-100mbps","11":"product_tag-chasis","12":"product_tag-convertisseur-de-media-industriel","13":"product_tag-convertisseur-de-medias-professionnel","14":"product_tag-fibre-monomode","15":"product_tag-fibre-multimode","16":"product_tag-poe","18":"first","19":"instock","20":"shipping-taxable","21":"product-type-simple"},"yoast_head":"<!-- This site is optimized with the Yoast SEO plugin v25.2 - https:\/\/yoast.com\/wordpress\/plugins\/seo\/ -->\n<title>Convertisseurs de m\u00e9dias - MCGN1-M2N-xyz-B - Bunker Seguridad<\/title>\n<meta name=\"description\" content=\"La s\u00e9rie KBC MCGN1 un convertisseur de m\u00e9dia Ethernet industriel, permet transmission d&#039;un canal sur une ou deux fibres optiques multimodes.\" \/>\n<meta name=\"robots\" content=\"noindex, follow, max-snippet:-1, max-image-preview:large, max-video-preview:-1\" \/>\n<meta property=\"og:locale\" content=\"fr_FR\" \/>\n<meta property=\"og:type\" content=\"article\" \/>\n<meta property=\"og:title\" content=\"Convertisseurs de m\u00e9dias - MCGN1-M2N-xyz-B - Bunker Seguridad\" \/>\n<meta property=\"og:description\" content=\"La s\u00e9rie KBC MCGN1 un convertisseur de m\u00e9dia Ethernet industriel, permet transmission d&#039;un canal sur une ou deux fibres optiques multimodes.\" \/>\n<meta property=\"og:url\" content=\"https:\/\/bunkerseguridad.com\/fr\/produit\/mcgn1-m2n-xyz-b\/\" \/>\n<meta property=\"og:site_name\" content=\"Bunker Seguridad\" \/>\n<meta property=\"article:modified_time\" content=\"2021-03-05T12:58:40+00:00\" \/>\n<meta property=\"og:image\" content=\"https:\/\/bunkerseguridad.com\/fr\/wp-content\/uploads\/2020\/12\/MCLN1-M2N-xyz-B-1-1.png\" \/>\n\t<meta property=\"og:image:width\" content=\"1200\" \/>\n\t<meta property=\"og:image:height\" content=\"1200\" \/>\n\t<meta property=\"og:image:type\" content=\"image\/png\" \/>\n<meta name=\"twitter:card\" content=\"summary_large_image\" \/>\n<meta name=\"twitter:label1\" content=\"Dur\u00e9e de lecture estim\u00e9e\" \/>\n\t<meta name=\"twitter:data1\" content=\"1 minute\" \/>\n<script type=\"application\/ld+json\" class=\"yoast-schema-graph\">{\"@context\":\"https:\/\/schema.org\",\"@graph\":[{\"@type\":\"WebPage\",\"@id\":\"https:\/\/bunkerseguridad.com\/fr\/produit\/mcgn1-m2n-xyz-b\/\",\"url\":\"https:\/\/bunkerseguridad.com\/fr\/produit\/mcgn1-m2n-xyz-b\/\",\"name\":\"Convertisseurs de m\u00e9dias - MCGN1-M2N-xyz-B - Bunker Seguridad\",\"isPartOf\":{\"@id\":\"https:\/\/bunkerseguridad.com\/fr\/#website\"},\"primaryImageOfPage\":{\"@id\":\"https:\/\/bunkerseguridad.com\/fr\/produit\/mcgn1-m2n-xyz-b\/#primaryimage\"},\"image\":{\"@id\":\"https:\/\/bunkerseguridad.com\/fr\/produit\/mcgn1-m2n-xyz-b\/#primaryimage\"},\"thumbnailUrl\":\"https:\/\/bunkerseguridad.com\/fr\/wp-content\/uploads\/2020\/12\/MCLN1-M2N-xyz-B-1-1.png\",\"datePublished\":\"2020-09-11T09:26:51+00:00\",\"dateModified\":\"2021-03-05T12:58:40+00:00\",\"description\":\"La s\u00e9rie KBC MCGN1 un convertisseur de m\u00e9dia Ethernet industriel, permet transmission d'un canal sur une ou deux fibres optiques multimodes.\",\"breadcrumb\":{\"@id\":\"https:\/\/bunkerseguridad.com\/fr\/produit\/mcgn1-m2n-xyz-b\/#breadcrumb\"},\"inLanguage\":\"fr-FR\",\"potentialAction\":[{\"@type\":\"ReadAction\",\"target\":[\"https:\/\/bunkerseguridad.com\/fr\/produit\/mcgn1-m2n-xyz-b\/\"]}]},{\"@type\":\"ImageObject\",\"inLanguage\":\"fr-FR\",\"@id\":\"https:\/\/bunkerseguridad.com\/fr\/produit\/mcgn1-m2n-xyz-b\/#primaryimage\",\"url\":\"https:\/\/bunkerseguridad.com\/fr\/wp-content\/uploads\/2020\/12\/MCLN1-M2N-xyz-B-1-1.png\",\"contentUrl\":\"https:\/\/bunkerseguridad.com\/fr\/wp-content\/uploads\/2020\/12\/MCLN1-M2N-xyz-B-1-1.png\",\"width\":1200,\"height\":1200,\"caption\":\"MCGN1-S2N-xyz-B\"},{\"@type\":\"BreadcrumbList\",\"@id\":\"https:\/\/bunkerseguridad.com\/fr\/produit\/mcgn1-m2n-xyz-b\/#breadcrumb\",\"itemListElement\":[{\"@type\":\"ListItem\",\"position\":1,\"name\":\"Home\",\"item\":\"https:\/\/bunkerseguridad.com\/fr\/\"},{\"@type\":\"ListItem\",\"position\":2,\"name\":\"Shop\",\"item\":\"https:\/\/bunkerseguridad.com\/fr\/shop\/\"},{\"@type\":\"ListItem\",\"position\":3,\"name\":\"Convertisseurs de m\u00e9dias &#8211; MCGN1-M2N-xyz-B\"}]},{\"@type\":\"WebSite\",\"@id\":\"https:\/\/bunkerseguridad.com\/fr\/#website\",\"url\":\"https:\/\/bunkerseguridad.com\/fr\/\",\"name\":\"Bunker Seguridad\",\"description\":\"Otro sitio realizado con WordPress\",\"potentialAction\":[{\"@type\":\"SearchAction\",\"target\":{\"@type\":\"EntryPoint\",\"urlTemplate\":\"https:\/\/bunkerseguridad.com\/fr\/?s={search_term_string}\"},\"query-input\":{\"@type\":\"PropertyValueSpecification\",\"valueRequired\":true,\"valueName\":\"search_term_string\"}}],\"inLanguage\":\"fr-FR\"}]}<\/script>\n<!-- \/ Yoast SEO plugin. -->","yoast_head_json":{"title":"Convertisseurs de m\u00e9dias - MCGN1-M2N-xyz-B - Bunker Seguridad","description":"La s\u00e9rie KBC MCGN1 un convertisseur de m\u00e9dia Ethernet industriel, permet transmission d'un canal sur une ou deux fibres optiques multimodes.","robots":{"index":"noindex","follow":"follow","max-snippet":"max-snippet:-1","max-image-preview":"max-image-preview:large","max-video-preview":"max-video-preview:-1"},"og_locale":"fr_FR","og_type":"article","og_title":"Convertisseurs de m\u00e9dias - MCGN1-M2N-xyz-B - Bunker Seguridad","og_description":"La s\u00e9rie KBC MCGN1 un convertisseur de m\u00e9dia Ethernet industriel, permet transmission d'un canal sur une ou deux fibres optiques multimodes.","og_url":"https:\/\/bunkerseguridad.com\/fr\/produit\/mcgn1-m2n-xyz-b\/","og_site_name":"Bunker Seguridad","article_modified_time":"2021-03-05T12:58:40+00:00","og_image":[{"width":1200,"height":1200,"url":"https:\/\/bunkerseguridad.com\/fr\/wp-content\/uploads\/2020\/12\/MCLN1-M2N-xyz-B-1-1.png","type":"image\/png"}],"twitter_card":"summary_large_image","twitter_misc":{"Dur\u00e9e de lecture estim\u00e9e":"1 minute"},"schema":{"@context":"https:\/\/schema.org","@graph":[{"@type":"WebPage","@id":"https:\/\/bunkerseguridad.com\/fr\/produit\/mcgn1-m2n-xyz-b\/","url":"https:\/\/bunkerseguridad.com\/fr\/produit\/mcgn1-m2n-xyz-b\/","name":"Convertisseurs de m\u00e9dias - MCGN1-M2N-xyz-B - Bunker Seguridad","isPartOf":{"@id":"https:\/\/bunkerseguridad.com\/fr\/#website"},"primaryImageOfPage":{"@id":"https:\/\/bunkerseguridad.com\/fr\/produit\/mcgn1-m2n-xyz-b\/#primaryimage"},"image":{"@id":"https:\/\/bunkerseguridad.com\/fr\/produit\/mcgn1-m2n-xyz-b\/#primaryimage"},"thumbnailUrl":"https:\/\/bunkerseguridad.com\/fr\/wp-content\/uploads\/2020\/12\/MCLN1-M2N-xyz-B-1-1.png","datePublished":"2020-09-11T09:26:51+00:00","dateModified":"2021-03-05T12:58:40+00:00","description":"La s\u00e9rie KBC MCGN1 un convertisseur de m\u00e9dia Ethernet industriel, permet transmission d'un canal sur une ou deux fibres optiques multimodes.","breadcrumb":{"@id":"https:\/\/bunkerseguridad.com\/fr\/produit\/mcgn1-m2n-xyz-b\/#breadcrumb"},"inLanguage":"fr-FR","potentialAction":[{"@type":"ReadAction","target":["https:\/\/bunkerseguridad.com\/fr\/produit\/mcgn1-m2n-xyz-b\/"]}]},{"@type":"ImageObject","inLanguage":"fr-FR","@id":"https:\/\/bunkerseguridad.com\/fr\/produit\/mcgn1-m2n-xyz-b\/#primaryimage","url":"https:\/\/bunkerseguridad.com\/fr\/wp-content\/uploads\/2020\/12\/MCLN1-M2N-xyz-B-1-1.png","contentUrl":"https:\/\/bunkerseguridad.com\/fr\/wp-content\/uploads\/2020\/12\/MCLN1-M2N-xyz-B-1-1.png","width":1200,"height":1200,"caption":"MCGN1-S2N-xyz-B"},{"@type":"BreadcrumbList","@id":"https:\/\/bunkerseguridad.com\/fr\/produit\/mcgn1-m2n-xyz-b\/#breadcrumb","itemListElement":[{"@type":"ListItem","position":1,"name":"Home","item":"https:\/\/bunkerseguridad.com\/fr\/"},{"@type":"ListItem","position":2,"name":"Shop","item":"https:\/\/bunkerseguridad.com\/fr\/shop\/"},{"@type":"ListItem","position":3,"name":"Convertisseurs de m\u00e9dias &#8211; MCGN1-M2N-xyz-B"}]},{"@type":"WebSite","@id":"https:\/\/bunkerseguridad.com\/fr\/#website","url":"https:\/\/bunkerseguridad.com\/fr\/","name":"Bunker Seguridad","description":"Otro sitio realizado con WordPress","potentialAction":[{"@type":"SearchAction","target":{"@type":"EntryPoint","urlTemplate":"https:\/\/bunkerseguridad.com\/fr\/?s={search_term_string}"},"query-input":{"@type":"PropertyValueSpecification","valueRequired":true,"valueName":"search_term_string"}}],"inLanguage":"fr-FR"}]}},"brands":[],"_links":{"self":[{"href":"https:\/\/bunkerseguridad.com\/fr\/wp-json\/wp\/v2\/product\/643","targetHints":{"allow":["GET"]}}],"collection":[{"href":"https:\/\/bunkerseguridad.com\/fr\/wp-json\/wp\/v2\/product"}],"about":[{"href":"https:\/\/bunkerseguridad.com\/fr\/wp-json\/wp\/v2\/types\/product"}],"wp:featuredmedia":[{"embeddable":true,"href":"https:\/\/bunkerseguridad.com\/fr\/wp-json\/wp\/v2\/media\/5853"}],"wp:attachment":[{"href":"https:\/\/bunkerseguridad.com\/fr\/wp-json\/wp\/v2\/media?parent=643"}],"wp:term":[{"taxonomy":"pwb-brand","embeddable":true,"href":"https:\/\/bunkerseguridad.com\/fr\/wp-json\/wp\/v2\/pwb-brand?post=643"},{"taxonomy":"product_brand","embeddable":true,"href":"https:\/\/bunkerseguridad.com\/fr\/wp-json\/wp\/v2\/product_brand?post=643"},{"taxonomy":"product_cat","embeddable":true,"href":"https:\/\/bunkerseguridad.com\/fr\/wp-json\/wp\/v2\/product_cat?post=643"},{"taxonomy":"product_tag","embeddable":true,"href":"https:\/\/bunkerseguridad.com\/fr\/wp-json\/wp\/v2\/product_tag?post=643"}],"curies":[{"name":"wp","href":"https:\/\/api.w.org\/{rel}","templated":true}]}}