{"id":638,"date":"2020-09-11T08:57:42","date_gmt":"2020-09-11T08:57:42","guid":{"rendered":"http:\/\/www.bunkerseguridad.es\/en\/?post_type=product&#038;p=638"},"modified":"2021-03-11T08:45:21","modified_gmt":"2021-03-11T08:45:21","slug":"commutateur-ethernet-industriel-esulh4-l1-w","status":"publish","type":"product","link":"https:\/\/bunkerseguridad.com\/fr\/produit\/commutateur-ethernet-industriel-esulh4-l1-w\/","title":{"rendered":"Commutateur Ethernet industriel, ESULH4-L1-W"},"content":{"rendered":"<p><strong>La s\u00e9rie KBC ESULH4-L1<\/strong> est un commutateur industriel non g\u00e9r\u00e9 \u00e0 5 ports avec 4 des ports fournissant IEEE802.3at POE ++, Power over Ethernet. Le commutateur est un appareil PSE (Power Sourcing Equipment) et est capable de fournir jusqu&rsquo;\u00e0 70 W de puissance par port. Le commutateur fournit une connectivit\u00e9 pour jusqu&rsquo;\u00e0 cinq ports cuivre \u00e0 paires torsad\u00e9es 10 \/ 100Mbps. La s\u00e9rie ESULH4-L1 est con\u00e7ue pour une utilisation dans une large gamme de temp\u00e9ratures de fonctionnement dans des applications industrielles non conditionn\u00e9es pour l&rsquo;environnement. Il s&rsquo;agit d&rsquo;un dispositif aliment\u00e9 (PD) efficace d&rsquo;identification automatique pour maintenir une alimentation \u00e9lectrique fiable et comprend une protection contre les courts-circuits et les surcharges. Un commutateur DIP par port PoE est fourni pour s\u00e9lectionner PSE ou alimentation directe pour les PD non PoE. L&rsquo;ESULH4-L1 est disponible dans une configuration murale.<\/p>\n<p><strong>Caract\u00e9ristiques:<\/strong><\/p>\n<ul>\n<li>3at POE ++ sur 4 ports<\/li>\n<li>Commutateur DIP pour s\u00e9lectionner PSE ou alimentation directe pour PD non PoE<\/li>\n<li>Prend en charge l&rsquo;entr\u00e9e 48Vdc<\/li>\n<li>Fonctionnement en duplex int\u00e9gral et semi-duplex<\/li>\n<li>MDI \/ MDI-X<\/li>\n<\/ul>\n","protected":false},"excerpt":{"rendered":"<p><strong>Commutateur Ethernet industriel, non g\u00e9r\u00e9,<\/strong> (4) ports cuivre IEEE802.3af 10 \/ 100Mbps \/ \u00e0 PoE \/ PoE ++ (jusqu&rsquo;\u00e0 70W par port) et (1) port cuivre 10 \/ 100Mbps.<\/p>\n","protected":false},"featured_media":639,"template":"","meta":{"_et_pb_use_builder":"","_et_pb_old_content":"","_et_gb_content_width":""},"pwb-brand":[206],"product_brand":[],"product_cat":[304,31,40],"product_tag":[144,145,141,142,143,149,150,148,147,146,139,140],"class_list":{"0":"post-638","1":"product","2":"type-product","3":"status-publish","4":"has-post-thumbnail","6":"pwb-brand-kbc-networks","7":"product_cat-commutateurs-non-geres-avec-poe","8":"product_cat-transmission-des-donnees","9":"product_cat-interrupteurs-industriels","10":"product_tag-16-ports","11":"product_tag-24-ports","12":"product_tag-4-ports","13":"product_tag-6-ports","14":"product_tag-8-ports","15":"product_tag-din-rail","16":"product_tag-gigabit","17":"product_tag-montage-en-rack","18":"product_tag-non-poe","19":"product_tag-poe","20":"product_tag-switch-gere","21":"product_tag-switch-non-gere","23":"first","24":"instock","25":"shipping-taxable","26":"product-type-simple"},"yoast_head":"<!-- This site is optimized with the Yoast SEO plugin v25.2 - https:\/\/yoast.com\/wordpress\/plugins\/seo\/ -->\n<title>Commutateur Ethernet industriel, ESULH4-L1-W - Bunker Seguridad<\/title>\n<meta name=\"description\" content=\"La s\u00e9rie KBC ESULH4-L1 est un commutateur industriel non g\u00e9r\u00e9 \u00e0 5 ports avec 4 des ports fournissant IEEE802.3at POE ++, Power over Ethernet.\" \/>\n<meta name=\"robots\" content=\"noindex, follow, max-snippet:-1, max-image-preview:large, max-video-preview:-1\" \/>\n<meta property=\"og:locale\" content=\"fr_FR\" \/>\n<meta property=\"og:type\" content=\"article\" \/>\n<meta property=\"og:title\" content=\"Commutateur Ethernet industriel, ESULH4-L1-W - Bunker Seguridad\" \/>\n<meta property=\"og:description\" content=\"La s\u00e9rie KBC ESULH4-L1 est un commutateur industriel non g\u00e9r\u00e9 \u00e0 5 ports avec 4 des ports fournissant IEEE802.3at POE ++, Power over Ethernet.\" \/>\n<meta property=\"og:url\" content=\"https:\/\/bunkerseguridad.com\/fr\/produit\/commutateur-ethernet-industriel-esulh4-l1-w\/\" \/>\n<meta property=\"og:site_name\" content=\"Bunker Seguridad\" \/>\n<meta property=\"article:modified_time\" content=\"2021-03-11T08:45:21+00:00\" \/>\n<meta property=\"og:image\" content=\"https:\/\/bunkerseguridad.com\/fr\/wp-content\/uploads\/2020\/09\/Industrial-Grade-Ethernet-Switch-1.png\" \/>\n\t<meta property=\"og:image:width\" content=\"1200\" \/>\n\t<meta property=\"og:image:height\" content=\"1200\" \/>\n\t<meta property=\"og:image:type\" content=\"image\/png\" \/>\n<meta name=\"twitter:card\" content=\"summary_large_image\" \/>\n<meta name=\"twitter:label1\" content=\"Dur\u00e9e de lecture estim\u00e9e\" \/>\n\t<meta name=\"twitter:data1\" content=\"1 minute\" \/>\n<script type=\"application\/ld+json\" class=\"yoast-schema-graph\">{\"@context\":\"https:\/\/schema.org\",\"@graph\":[{\"@type\":\"WebPage\",\"@id\":\"https:\/\/bunkerseguridad.com\/fr\/produit\/commutateur-ethernet-industriel-esulh4-l1-w\/\",\"url\":\"https:\/\/bunkerseguridad.com\/fr\/produit\/commutateur-ethernet-industriel-esulh4-l1-w\/\",\"name\":\"Commutateur Ethernet industriel, ESULH4-L1-W - Bunker Seguridad\",\"isPartOf\":{\"@id\":\"https:\/\/bunkerseguridad.com\/fr\/#website\"},\"primaryImageOfPage\":{\"@id\":\"https:\/\/bunkerseguridad.com\/fr\/produit\/commutateur-ethernet-industriel-esulh4-l1-w\/#primaryimage\"},\"image\":{\"@id\":\"https:\/\/bunkerseguridad.com\/fr\/produit\/commutateur-ethernet-industriel-esulh4-l1-w\/#primaryimage\"},\"thumbnailUrl\":\"https:\/\/bunkerseguridad.com\/fr\/wp-content\/uploads\/2020\/09\/Industrial-Grade-Ethernet-Switch-1.png\",\"datePublished\":\"2020-09-11T08:57:42+00:00\",\"dateModified\":\"2021-03-11T08:45:21+00:00\",\"description\":\"La s\u00e9rie KBC ESULH4-L1 est un commutateur industriel non g\u00e9r\u00e9 \u00e0 5 ports avec 4 des ports fournissant IEEE802.3at POE ++, Power over Ethernet.\",\"breadcrumb\":{\"@id\":\"https:\/\/bunkerseguridad.com\/fr\/produit\/commutateur-ethernet-industriel-esulh4-l1-w\/#breadcrumb\"},\"inLanguage\":\"fr-FR\",\"potentialAction\":[{\"@type\":\"ReadAction\",\"target\":[\"https:\/\/bunkerseguridad.com\/fr\/produit\/commutateur-ethernet-industriel-esulh4-l1-w\/\"]}]},{\"@type\":\"ImageObject\",\"inLanguage\":\"fr-FR\",\"@id\":\"https:\/\/bunkerseguridad.com\/fr\/produit\/commutateur-ethernet-industriel-esulh4-l1-w\/#primaryimage\",\"url\":\"https:\/\/bunkerseguridad.com\/fr\/wp-content\/uploads\/2020\/09\/Industrial-Grade-Ethernet-Switch-1.png\",\"contentUrl\":\"https:\/\/bunkerseguridad.com\/fr\/wp-content\/uploads\/2020\/09\/Industrial-Grade-Ethernet-Switch-1.png\",\"width\":1200,\"height\":1200,\"caption\":\"ESULH4-L1-W\"},{\"@type\":\"BreadcrumbList\",\"@id\":\"https:\/\/bunkerseguridad.com\/fr\/produit\/commutateur-ethernet-industriel-esulh4-l1-w\/#breadcrumb\",\"itemListElement\":[{\"@type\":\"ListItem\",\"position\":1,\"name\":\"Home\",\"item\":\"https:\/\/bunkerseguridad.com\/fr\/\"},{\"@type\":\"ListItem\",\"position\":2,\"name\":\"Shop\",\"item\":\"https:\/\/bunkerseguridad.com\/fr\/shop\/\"},{\"@type\":\"ListItem\",\"position\":3,\"name\":\"Commutateur Ethernet industriel, ESULH4-L1-W\"}]},{\"@type\":\"WebSite\",\"@id\":\"https:\/\/bunkerseguridad.com\/fr\/#website\",\"url\":\"https:\/\/bunkerseguridad.com\/fr\/\",\"name\":\"Bunker Seguridad\",\"description\":\"Otro sitio realizado con WordPress\",\"potentialAction\":[{\"@type\":\"SearchAction\",\"target\":{\"@type\":\"EntryPoint\",\"urlTemplate\":\"https:\/\/bunkerseguridad.com\/fr\/?s={search_term_string}\"},\"query-input\":{\"@type\":\"PropertyValueSpecification\",\"valueRequired\":true,\"valueName\":\"search_term_string\"}}],\"inLanguage\":\"fr-FR\"}]}<\/script>\n<!-- \/ Yoast SEO plugin. -->","yoast_head_json":{"title":"Commutateur Ethernet industriel, ESULH4-L1-W - Bunker Seguridad","description":"La s\u00e9rie KBC ESULH4-L1 est un commutateur industriel non g\u00e9r\u00e9 \u00e0 5 ports avec 4 des ports fournissant IEEE802.3at POE ++, Power over Ethernet.","robots":{"index":"noindex","follow":"follow","max-snippet":"max-snippet:-1","max-image-preview":"max-image-preview:large","max-video-preview":"max-video-preview:-1"},"og_locale":"fr_FR","og_type":"article","og_title":"Commutateur Ethernet industriel, ESULH4-L1-W - Bunker Seguridad","og_description":"La s\u00e9rie KBC ESULH4-L1 est un commutateur industriel non g\u00e9r\u00e9 \u00e0 5 ports avec 4 des ports fournissant IEEE802.3at POE ++, Power over Ethernet.","og_url":"https:\/\/bunkerseguridad.com\/fr\/produit\/commutateur-ethernet-industriel-esulh4-l1-w\/","og_site_name":"Bunker Seguridad","article_modified_time":"2021-03-11T08:45:21+00:00","og_image":[{"width":1200,"height":1200,"url":"https:\/\/bunkerseguridad.com\/fr\/wp-content\/uploads\/2020\/09\/Industrial-Grade-Ethernet-Switch-1.png","type":"image\/png"}],"twitter_card":"summary_large_image","twitter_misc":{"Dur\u00e9e de lecture estim\u00e9e":"1 minute"},"schema":{"@context":"https:\/\/schema.org","@graph":[{"@type":"WebPage","@id":"https:\/\/bunkerseguridad.com\/fr\/produit\/commutateur-ethernet-industriel-esulh4-l1-w\/","url":"https:\/\/bunkerseguridad.com\/fr\/produit\/commutateur-ethernet-industriel-esulh4-l1-w\/","name":"Commutateur Ethernet industriel, ESULH4-L1-W - Bunker Seguridad","isPartOf":{"@id":"https:\/\/bunkerseguridad.com\/fr\/#website"},"primaryImageOfPage":{"@id":"https:\/\/bunkerseguridad.com\/fr\/produit\/commutateur-ethernet-industriel-esulh4-l1-w\/#primaryimage"},"image":{"@id":"https:\/\/bunkerseguridad.com\/fr\/produit\/commutateur-ethernet-industriel-esulh4-l1-w\/#primaryimage"},"thumbnailUrl":"https:\/\/bunkerseguridad.com\/fr\/wp-content\/uploads\/2020\/09\/Industrial-Grade-Ethernet-Switch-1.png","datePublished":"2020-09-11T08:57:42+00:00","dateModified":"2021-03-11T08:45:21+00:00","description":"La s\u00e9rie KBC ESULH4-L1 est un commutateur industriel non g\u00e9r\u00e9 \u00e0 5 ports avec 4 des ports fournissant IEEE802.3at POE ++, Power over Ethernet.","breadcrumb":{"@id":"https:\/\/bunkerseguridad.com\/fr\/produit\/commutateur-ethernet-industriel-esulh4-l1-w\/#breadcrumb"},"inLanguage":"fr-FR","potentialAction":[{"@type":"ReadAction","target":["https:\/\/bunkerseguridad.com\/fr\/produit\/commutateur-ethernet-industriel-esulh4-l1-w\/"]}]},{"@type":"ImageObject","inLanguage":"fr-FR","@id":"https:\/\/bunkerseguridad.com\/fr\/produit\/commutateur-ethernet-industriel-esulh4-l1-w\/#primaryimage","url":"https:\/\/bunkerseguridad.com\/fr\/wp-content\/uploads\/2020\/09\/Industrial-Grade-Ethernet-Switch-1.png","contentUrl":"https:\/\/bunkerseguridad.com\/fr\/wp-content\/uploads\/2020\/09\/Industrial-Grade-Ethernet-Switch-1.png","width":1200,"height":1200,"caption":"ESULH4-L1-W"},{"@type":"BreadcrumbList","@id":"https:\/\/bunkerseguridad.com\/fr\/produit\/commutateur-ethernet-industriel-esulh4-l1-w\/#breadcrumb","itemListElement":[{"@type":"ListItem","position":1,"name":"Home","item":"https:\/\/bunkerseguridad.com\/fr\/"},{"@type":"ListItem","position":2,"name":"Shop","item":"https:\/\/bunkerseguridad.com\/fr\/shop\/"},{"@type":"ListItem","position":3,"name":"Commutateur Ethernet industriel, ESULH4-L1-W"}]},{"@type":"WebSite","@id":"https:\/\/bunkerseguridad.com\/fr\/#website","url":"https:\/\/bunkerseguridad.com\/fr\/","name":"Bunker Seguridad","description":"Otro sitio realizado con WordPress","potentialAction":[{"@type":"SearchAction","target":{"@type":"EntryPoint","urlTemplate":"https:\/\/bunkerseguridad.com\/fr\/?s={search_term_string}"},"query-input":{"@type":"PropertyValueSpecification","valueRequired":true,"valueName":"search_term_string"}}],"inLanguage":"fr-FR"}]}},"brands":[{"id":206,"name":"KBC Networks","slug":"kbc-networks"}],"_links":{"self":[{"href":"https:\/\/bunkerseguridad.com\/fr\/wp-json\/wp\/v2\/product\/638","targetHints":{"allow":["GET"]}}],"collection":[{"href":"https:\/\/bunkerseguridad.com\/fr\/wp-json\/wp\/v2\/product"}],"about":[{"href":"https:\/\/bunkerseguridad.com\/fr\/wp-json\/wp\/v2\/types\/product"}],"wp:featuredmedia":[{"embeddable":true,"href":"https:\/\/bunkerseguridad.com\/fr\/wp-json\/wp\/v2\/media\/639"}],"wp:attachment":[{"href":"https:\/\/bunkerseguridad.com\/fr\/wp-json\/wp\/v2\/media?parent=638"}],"wp:term":[{"taxonomy":"pwb-brand","embeddable":true,"href":"https:\/\/bunkerseguridad.com\/fr\/wp-json\/wp\/v2\/pwb-brand?post=638"},{"taxonomy":"product_brand","embeddable":true,"href":"https:\/\/bunkerseguridad.com\/fr\/wp-json\/wp\/v2\/product_brand?post=638"},{"taxonomy":"product_cat","embeddable":true,"href":"https:\/\/bunkerseguridad.com\/fr\/wp-json\/wp\/v2\/product_cat?post=638"},{"taxonomy":"product_tag","embeddable":true,"href":"https:\/\/bunkerseguridad.com\/fr\/wp-json\/wp\/v2\/product_tag?post=638"}],"curies":[{"name":"wp","href":"https:\/\/api.w.org\/{rel}","templated":true}]}}