{"id":6358,"date":"2020-12-29T09:26:55","date_gmt":"2020-12-29T09:26:55","guid":{"rendered":"http:\/\/www.bunkerseguridad.es\/en\/?post_type=product&#038;p=6358"},"modified":"2021-03-05T08:38:22","modified_gmt":"2021-03-05T08:38:22","slug":"ecopper-eern1-ln1-r-mz-b","status":"publish","type":"product","link":"https:\/\/bunkerseguridad.com\/fr\/produit\/ecopper-eern1-ln1-r-mz-b\/","title":{"rendered":"eCopper\u2122 &#8211; EERN1-LN1-R-Mz-B"},"content":{"rendered":"<p><strong>eCopper\u2122 &#8211; Le KBC EERN1-LN1-R-Mz-B est un \u00e9metteur Ethernet over UTP enti\u00e8rement renforc\u00e9 et le KBC EERN1-LN1-R-MX-B est un r\u00e9cepteur Ethernet over UTP enti\u00e8rement renforc\u00e9.<\/strong> L&rsquo;\u00e9metteur offre une connectivit\u00e9 pour un port \u00e9lectrique en cuivre 10\/100Mbps conforme aux standards IEEE sur c\u00e2ble UTP. Diff\u00e9rents d\u00e9bits de donn\u00e9es sont pris en charge en fonction de la distance et de la qualit\u00e9 du c\u00e2ble. La conception plug-and-play garantit une installation facile, sans aucun r\u00e9glage \u00e9lectrique. Des indicateurs LED sont fournis pour montrer clairement l&rsquo;\u00e9tat de fonctionnement de l&rsquo;unit\u00e9. La taille de l&rsquo;\u00e9metteur est adapt\u00e9e \u00e0 un montage \u00e0 l&rsquo;int\u00e9rieur de bo\u00eetiers de cam\u00e9ras et dans les endroits o\u00f9 l&rsquo;espace est minimal.<\/p>\n<p><strong>Caract\u00e9ristiques:<\/strong><\/p>\n<ul>\n<li>D\u00e9bit de donn\u00e9es UTP &gt;40Mbps (1000m)<\/li>\n<li>Conception compl\u00e8te de la protection, y compris la protection contre les surtensions et l&rsquo;\u00e9clairage<\/li>\n<\/ul>\n","protected":false},"excerpt":{"rendered":"<p class=\"componentheading djc_page_heading\"><strong>eCopper\u2122 &#8211; IP over UTP The KBC EERN1-LN1-T-Mz-B<\/strong> R\u00e9cepteur Ethernet industriel \u00e0 1 canal non-PoE sur UTP. (1) port Ethernet fixe, 10\/100Mbps \u00e0 d\u00e9tection automatique. (1) port UTP. Entr\u00e9e 12~24VDC. Module compact avec montage par clip.<\/p>\n","protected":false},"featured_media":6357,"template":"","meta":{"_et_pb_use_builder":"","_et_pb_old_content":"","_et_gb_content_width":""},"pwb-brand":[206],"product_brand":[],"product_cat":[31,36],"product_tag":[155,335,146],"class_list":{"0":"post-6358","1":"product","2":"type-product","3":"status-publish","4":"has-post-thumbnail","6":"pwb-brand-kbc-networks","7":"product_cat-transmission-des-donnees","8":"product_cat-ecopper-ip-over-utp-coax","9":"product_tag-10-100mbps","10":"product_tag-ip-sur-utp","11":"product_tag-poe","13":"first","14":"instock","15":"shipping-taxable","16":"product-type-simple"},"yoast_head":"<!-- This site is optimized with the Yoast SEO plugin v25.2 - https:\/\/yoast.com\/wordpress\/plugins\/seo\/ -->\n<title>eCopper\u2122 - EERN1-LN1-R-Mz-B - Bunker Seguridad<\/title>\n<meta name=\"description\" content=\"Copper \u2122 - La s\u00e9rie de transmetteurs Ethernet KBC Sober UTP enti\u00e8rement renforc\u00e9s, fournit la connectivit\u00e9 pour un port \u00e9lectrique en cuivre.\" \/>\n<meta name=\"robots\" content=\"noindex, follow, max-snippet:-1, max-image-preview:large, max-video-preview:-1\" \/>\n<meta property=\"og:locale\" content=\"fr_FR\" \/>\n<meta property=\"og:type\" content=\"article\" \/>\n<meta property=\"og:title\" content=\"eCopper\u2122 - EERN1-LN1-R-Mz-B - Bunker Seguridad\" \/>\n<meta property=\"og:description\" content=\"Copper \u2122 - La s\u00e9rie de transmetteurs Ethernet KBC Sober UTP enti\u00e8rement renforc\u00e9s, fournit la connectivit\u00e9 pour un port \u00e9lectrique en cuivre.\" \/>\n<meta property=\"og:url\" content=\"https:\/\/bunkerseguridad.com\/fr\/produit\/ecopper-eern1-ln1-r-mz-b\/\" \/>\n<meta property=\"og:site_name\" content=\"Bunker Seguridad\" \/>\n<meta property=\"article:modified_time\" content=\"2021-03-05T08:38:22+00:00\" \/>\n<meta property=\"og:image\" content=\"https:\/\/bunkerseguridad.com\/fr\/wp-content\/uploads\/2020\/12\/UTP-EERN1-LN1-T-Mz-B.png\" \/>\n\t<meta property=\"og:image:width\" content=\"1200\" \/>\n\t<meta property=\"og:image:height\" content=\"1200\" \/>\n\t<meta property=\"og:image:type\" content=\"image\/png\" \/>\n<meta name=\"twitter:card\" content=\"summary_large_image\" \/>\n<meta name=\"twitter:label1\" content=\"Dur\u00e9e de lecture estim\u00e9e\" \/>\n\t<meta name=\"twitter:data1\" content=\"1 minute\" \/>\n<script type=\"application\/ld+json\" class=\"yoast-schema-graph\">{\"@context\":\"https:\/\/schema.org\",\"@graph\":[{\"@type\":\"WebPage\",\"@id\":\"https:\/\/bunkerseguridad.com\/fr\/produit\/ecopper-eern1-ln1-r-mz-b\/\",\"url\":\"https:\/\/bunkerseguridad.com\/fr\/produit\/ecopper-eern1-ln1-r-mz-b\/\",\"name\":\"eCopper\u2122 - EERN1-LN1-R-Mz-B - Bunker Seguridad\",\"isPartOf\":{\"@id\":\"https:\/\/bunkerseguridad.com\/fr\/#website\"},\"primaryImageOfPage\":{\"@id\":\"https:\/\/bunkerseguridad.com\/fr\/produit\/ecopper-eern1-ln1-r-mz-b\/#primaryimage\"},\"image\":{\"@id\":\"https:\/\/bunkerseguridad.com\/fr\/produit\/ecopper-eern1-ln1-r-mz-b\/#primaryimage\"},\"thumbnailUrl\":\"https:\/\/bunkerseguridad.com\/fr\/wp-content\/uploads\/2020\/12\/UTP-EERN1-LN1-T-Mz-B.png\",\"datePublished\":\"2020-12-29T09:26:55+00:00\",\"dateModified\":\"2021-03-05T08:38:22+00:00\",\"description\":\"Copper \u2122 - La s\u00e9rie de transmetteurs Ethernet KBC Sober UTP enti\u00e8rement renforc\u00e9s, fournit la connectivit\u00e9 pour un port \u00e9lectrique en cuivre.\",\"breadcrumb\":{\"@id\":\"https:\/\/bunkerseguridad.com\/fr\/produit\/ecopper-eern1-ln1-r-mz-b\/#breadcrumb\"},\"inLanguage\":\"fr-FR\",\"potentialAction\":[{\"@type\":\"ReadAction\",\"target\":[\"https:\/\/bunkerseguridad.com\/fr\/produit\/ecopper-eern1-ln1-r-mz-b\/\"]}]},{\"@type\":\"ImageObject\",\"inLanguage\":\"fr-FR\",\"@id\":\"https:\/\/bunkerseguridad.com\/fr\/produit\/ecopper-eern1-ln1-r-mz-b\/#primaryimage\",\"url\":\"https:\/\/bunkerseguridad.com\/fr\/wp-content\/uploads\/2020\/12\/UTP-EERN1-LN1-T-Mz-B.png\",\"contentUrl\":\"https:\/\/bunkerseguridad.com\/fr\/wp-content\/uploads\/2020\/12\/UTP-EERN1-LN1-T-Mz-B.png\",\"width\":1200,\"height\":1200},{\"@type\":\"BreadcrumbList\",\"@id\":\"https:\/\/bunkerseguridad.com\/fr\/produit\/ecopper-eern1-ln1-r-mz-b\/#breadcrumb\",\"itemListElement\":[{\"@type\":\"ListItem\",\"position\":1,\"name\":\"Home\",\"item\":\"https:\/\/bunkerseguridad.com\/fr\/\"},{\"@type\":\"ListItem\",\"position\":2,\"name\":\"Shop\",\"item\":\"https:\/\/bunkerseguridad.com\/fr\/shop\/\"},{\"@type\":\"ListItem\",\"position\":3,\"name\":\"eCopper\u2122 &#8211; EERN1-LN1-R-Mz-B\"}]},{\"@type\":\"WebSite\",\"@id\":\"https:\/\/bunkerseguridad.com\/fr\/#website\",\"url\":\"https:\/\/bunkerseguridad.com\/fr\/\",\"name\":\"Bunker Seguridad\",\"description\":\"Otro sitio realizado con WordPress\",\"potentialAction\":[{\"@type\":\"SearchAction\",\"target\":{\"@type\":\"EntryPoint\",\"urlTemplate\":\"https:\/\/bunkerseguridad.com\/fr\/?s={search_term_string}\"},\"query-input\":{\"@type\":\"PropertyValueSpecification\",\"valueRequired\":true,\"valueName\":\"search_term_string\"}}],\"inLanguage\":\"fr-FR\"}]}<\/script>\n<!-- \/ Yoast SEO plugin. -->","yoast_head_json":{"title":"eCopper\u2122 - EERN1-LN1-R-Mz-B - Bunker Seguridad","description":"Copper \u2122 - La s\u00e9rie de transmetteurs Ethernet KBC Sober UTP enti\u00e8rement renforc\u00e9s, fournit la connectivit\u00e9 pour un port \u00e9lectrique en cuivre.","robots":{"index":"noindex","follow":"follow","max-snippet":"max-snippet:-1","max-image-preview":"max-image-preview:large","max-video-preview":"max-video-preview:-1"},"og_locale":"fr_FR","og_type":"article","og_title":"eCopper\u2122 - EERN1-LN1-R-Mz-B - Bunker Seguridad","og_description":"Copper \u2122 - La s\u00e9rie de transmetteurs Ethernet KBC Sober UTP enti\u00e8rement renforc\u00e9s, fournit la connectivit\u00e9 pour un port \u00e9lectrique en cuivre.","og_url":"https:\/\/bunkerseguridad.com\/fr\/produit\/ecopper-eern1-ln1-r-mz-b\/","og_site_name":"Bunker Seguridad","article_modified_time":"2021-03-05T08:38:22+00:00","og_image":[{"width":1200,"height":1200,"url":"https:\/\/bunkerseguridad.com\/fr\/wp-content\/uploads\/2020\/12\/UTP-EERN1-LN1-T-Mz-B.png","type":"image\/png"}],"twitter_card":"summary_large_image","twitter_misc":{"Dur\u00e9e de lecture estim\u00e9e":"1 minute"},"schema":{"@context":"https:\/\/schema.org","@graph":[{"@type":"WebPage","@id":"https:\/\/bunkerseguridad.com\/fr\/produit\/ecopper-eern1-ln1-r-mz-b\/","url":"https:\/\/bunkerseguridad.com\/fr\/produit\/ecopper-eern1-ln1-r-mz-b\/","name":"eCopper\u2122 - EERN1-LN1-R-Mz-B - Bunker Seguridad","isPartOf":{"@id":"https:\/\/bunkerseguridad.com\/fr\/#website"},"primaryImageOfPage":{"@id":"https:\/\/bunkerseguridad.com\/fr\/produit\/ecopper-eern1-ln1-r-mz-b\/#primaryimage"},"image":{"@id":"https:\/\/bunkerseguridad.com\/fr\/produit\/ecopper-eern1-ln1-r-mz-b\/#primaryimage"},"thumbnailUrl":"https:\/\/bunkerseguridad.com\/fr\/wp-content\/uploads\/2020\/12\/UTP-EERN1-LN1-T-Mz-B.png","datePublished":"2020-12-29T09:26:55+00:00","dateModified":"2021-03-05T08:38:22+00:00","description":"Copper \u2122 - La s\u00e9rie de transmetteurs Ethernet KBC Sober UTP enti\u00e8rement renforc\u00e9s, fournit la connectivit\u00e9 pour un port \u00e9lectrique en cuivre.","breadcrumb":{"@id":"https:\/\/bunkerseguridad.com\/fr\/produit\/ecopper-eern1-ln1-r-mz-b\/#breadcrumb"},"inLanguage":"fr-FR","potentialAction":[{"@type":"ReadAction","target":["https:\/\/bunkerseguridad.com\/fr\/produit\/ecopper-eern1-ln1-r-mz-b\/"]}]},{"@type":"ImageObject","inLanguage":"fr-FR","@id":"https:\/\/bunkerseguridad.com\/fr\/produit\/ecopper-eern1-ln1-r-mz-b\/#primaryimage","url":"https:\/\/bunkerseguridad.com\/fr\/wp-content\/uploads\/2020\/12\/UTP-EERN1-LN1-T-Mz-B.png","contentUrl":"https:\/\/bunkerseguridad.com\/fr\/wp-content\/uploads\/2020\/12\/UTP-EERN1-LN1-T-Mz-B.png","width":1200,"height":1200},{"@type":"BreadcrumbList","@id":"https:\/\/bunkerseguridad.com\/fr\/produit\/ecopper-eern1-ln1-r-mz-b\/#breadcrumb","itemListElement":[{"@type":"ListItem","position":1,"name":"Home","item":"https:\/\/bunkerseguridad.com\/fr\/"},{"@type":"ListItem","position":2,"name":"Shop","item":"https:\/\/bunkerseguridad.com\/fr\/shop\/"},{"@type":"ListItem","position":3,"name":"eCopper\u2122 &#8211; EERN1-LN1-R-Mz-B"}]},{"@type":"WebSite","@id":"https:\/\/bunkerseguridad.com\/fr\/#website","url":"https:\/\/bunkerseguridad.com\/fr\/","name":"Bunker Seguridad","description":"Otro sitio realizado con WordPress","potentialAction":[{"@type":"SearchAction","target":{"@type":"EntryPoint","urlTemplate":"https:\/\/bunkerseguridad.com\/fr\/?s={search_term_string}"},"query-input":{"@type":"PropertyValueSpecification","valueRequired":true,"valueName":"search_term_string"}}],"inLanguage":"fr-FR"}]}},"brands":[{"id":206,"name":"KBC Networks","slug":"kbc-networks"}],"_links":{"self":[{"href":"https:\/\/bunkerseguridad.com\/fr\/wp-json\/wp\/v2\/product\/6358","targetHints":{"allow":["GET"]}}],"collection":[{"href":"https:\/\/bunkerseguridad.com\/fr\/wp-json\/wp\/v2\/product"}],"about":[{"href":"https:\/\/bunkerseguridad.com\/fr\/wp-json\/wp\/v2\/types\/product"}],"wp:featuredmedia":[{"embeddable":true,"href":"https:\/\/bunkerseguridad.com\/fr\/wp-json\/wp\/v2\/media\/6357"}],"wp:attachment":[{"href":"https:\/\/bunkerseguridad.com\/fr\/wp-json\/wp\/v2\/media?parent=6358"}],"wp:term":[{"taxonomy":"pwb-brand","embeddable":true,"href":"https:\/\/bunkerseguridad.com\/fr\/wp-json\/wp\/v2\/pwb-brand?post=6358"},{"taxonomy":"product_brand","embeddable":true,"href":"https:\/\/bunkerseguridad.com\/fr\/wp-json\/wp\/v2\/product_brand?post=6358"},{"taxonomy":"product_cat","embeddable":true,"href":"https:\/\/bunkerseguridad.com\/fr\/wp-json\/wp\/v2\/product_cat?post=6358"},{"taxonomy":"product_tag","embeddable":true,"href":"https:\/\/bunkerseguridad.com\/fr\/wp-json\/wp\/v2\/product_tag?post=6358"}],"curies":[{"name":"wp","href":"https:\/\/api.w.org\/{rel}","templated":true}]}}