{"id":6337,"date":"2020-12-28T12:15:10","date_gmt":"2020-12-28T12:15:10","guid":{"rendered":"http:\/\/www.bunkerseguridad.es\/en\/?post_type=product&#038;p=6337"},"modified":"2021-03-04T12:08:45","modified_gmt":"2021-03-04T12:08:45","slug":"ecopper-eerf1-ln1-r-mn-b","status":"publish","type":"product","link":"https:\/\/bunkerseguridad.com\/fr\/produit\/ecopper-eerf1-ln1-r-mn-b\/","title":{"rendered":"eCopper\u2122 &#8211; EERF1-LN1-R-MN-B"},"content":{"rendered":"<p><strong>eCopper\u2122 La s\u00e9rie EERF1-LN1-R-MX-B est un commutateur Ethernet over UTP (EoU) avec 1 port UTP alimentant le Power over Wire (PoW) et 1*10\/100M port Ethernet.<\/strong> Ce commutateur fournit une connectivit\u00e9 \u00e0 un \u00e9metteur PoW\/PoE (EERF1-LS1-T-MN-B). L&rsquo;alimentation est fournie \u00e0 l&rsquo;\u00e9metteur par le c\u00e2ble UTP. Diff\u00e9rents d\u00e9bits de donn\u00e9es sont pris en charge en fonction de la distance et de la qualit\u00e9 du c\u00e2ble. La conception \u00ab\u00a0plug-and-play\u00a0\u00bb assure une installation facile sans aucun r\u00e9glage \u00e9lectrique. Des indicateurs LED sont fournis pour montrer clairement l&rsquo;\u00e9tat de fonctionnement de l&rsquo;unit\u00e9.<\/p>\n<p>Caract\u00e9ristiques:<\/p>\n<ul>\n<li>1 port UTP avec ou sans PoW<\/li>\n<li>1 *10\/100M port Ethernet<\/li>\n<li>Connectez un \u00e9metteur, EERF1-LS1-T-MN-B ou EERN1-LN1-T-MN-B.<\/li>\n<li>D\u00e9bit de donn\u00e9es UTP &gt;40Mbps (300m)<\/li>\n<li>Selon la qualit\u00e9 du c\u00e2ble, les paires de c\u00e2bles utilis\u00e9es (1, 2 ou 4 paires) et la tension appliqu\u00e9e au c\u00e2ble (48~57VDC) \u00e0 partir de la t\u00eate de r\u00e9seau, le PoE et le PoE+ sont pris en charge<\/li>\n<li>par le PoW jusqu&rsquo;\u00e0 400m.<\/li>\n<li>Protection contre les surintensit\u00e9s et les courts-circuits<\/li>\n<li>Conception unique de protection de la transmission de la puissance de sorte qu&rsquo;aucune puissance n&rsquo;est produite lorsque l&rsquo;extr\u00e9mit\u00e9 de l&rsquo;\u00e9metteur n&rsquo;est pas connect\u00e9e.<\/li>\n<\/ul>\n","protected":false},"excerpt":{"rendered":"<p class=\"componentheading djc_page_heading\"><strong>eCopper\u2122 &#8211; IP over UTP Le r\u00e9cepteur KBC EERF1-LN1-R-MN-B 1-c<\/strong>h industrial Ethernet over UTP. EoU\/PoW\/PoE+, (1) port Ethernet fixe, d\u00e9tection automatique 10\/100Base-T. (1) port UTP fixe, fournissant EoU\/PoW. Entr\u00e9e 48~57VDC. N\u00e9cessite une alimentation \u00e9lectrique vendue s\u00e9par\u00e9ment.<\/p>\n","protected":false},"featured_media":6333,"template":"","meta":{"_et_pb_use_builder":"","_et_pb_old_content":"","_et_gb_content_width":""},"pwb-brand":[206],"product_brand":[],"product_cat":[31,36],"product_tag":[155,335,146],"class_list":{"0":"post-6337","1":"product","2":"type-product","3":"status-publish","4":"has-post-thumbnail","6":"pwb-brand-kbc-networks","7":"product_cat-transmission-des-donnees","8":"product_cat-ecopper-ip-over-utp-coax","9":"product_tag-10-100mbps","10":"product_tag-ip-sur-utp","11":"product_tag-poe","13":"first","14":"instock","15":"shipping-taxable","16":"product-type-simple"},"yoast_head":"<!-- This site is optimized with the Yoast SEO plugin v25.2 - https:\/\/yoast.com\/wordpress\/plugins\/seo\/ -->\n<title>eCopper\u2122 - EERF1-LN1-R-MN-B - Bunker Seguridad<\/title>\n<meta name=\"description\" content=\"eCopper\u2122 est un commutateur Ethernet over UTP (EoU) avec 1 port UTP alimentant le Power over Wire (PoW) et 1*10\/100M port Ethernet.\" \/>\n<meta name=\"robots\" content=\"noindex, follow, max-snippet:-1, max-image-preview:large, max-video-preview:-1\" \/>\n<meta property=\"og:locale\" content=\"fr_FR\" \/>\n<meta property=\"og:type\" content=\"article\" \/>\n<meta property=\"og:title\" content=\"eCopper\u2122 - EERF1-LN1-R-MN-B - Bunker Seguridad\" \/>\n<meta property=\"og:description\" content=\"eCopper\u2122 est un commutateur Ethernet over UTP (EoU) avec 1 port UTP alimentant le Power over Wire (PoW) et 1*10\/100M port Ethernet.\" \/>\n<meta property=\"og:url\" content=\"https:\/\/bunkerseguridad.com\/fr\/produit\/ecopper-eerf1-ln1-r-mn-b\/\" \/>\n<meta property=\"og:site_name\" content=\"Bunker Seguridad\" \/>\n<meta property=\"article:modified_time\" content=\"2021-03-04T12:08:45+00:00\" \/>\n<meta property=\"og:image\" content=\"https:\/\/bunkerseguridad.com\/fr\/wp-content\/uploads\/2020\/12\/ecopper-EERF1-LS1-T-MN-UTP.png\" \/>\n\t<meta property=\"og:image:width\" content=\"1200\" \/>\n\t<meta property=\"og:image:height\" content=\"1200\" \/>\n\t<meta property=\"og:image:type\" content=\"image\/png\" \/>\n<meta name=\"twitter:card\" content=\"summary_large_image\" \/>\n<meta name=\"twitter:label1\" content=\"Dur\u00e9e de lecture estim\u00e9e\" \/>\n\t<meta name=\"twitter:data1\" content=\"1 minute\" \/>\n<script type=\"application\/ld+json\" class=\"yoast-schema-graph\">{\"@context\":\"https:\/\/schema.org\",\"@graph\":[{\"@type\":\"WebPage\",\"@id\":\"https:\/\/bunkerseguridad.com\/fr\/produit\/ecopper-eerf1-ln1-r-mn-b\/\",\"url\":\"https:\/\/bunkerseguridad.com\/fr\/produit\/ecopper-eerf1-ln1-r-mn-b\/\",\"name\":\"eCopper\u2122 - EERF1-LN1-R-MN-B - Bunker Seguridad\",\"isPartOf\":{\"@id\":\"https:\/\/bunkerseguridad.com\/fr\/#website\"},\"primaryImageOfPage\":{\"@id\":\"https:\/\/bunkerseguridad.com\/fr\/produit\/ecopper-eerf1-ln1-r-mn-b\/#primaryimage\"},\"image\":{\"@id\":\"https:\/\/bunkerseguridad.com\/fr\/produit\/ecopper-eerf1-ln1-r-mn-b\/#primaryimage\"},\"thumbnailUrl\":\"https:\/\/bunkerseguridad.com\/fr\/wp-content\/uploads\/2020\/12\/ecopper-EERF1-LS1-T-MN-UTP.png\",\"datePublished\":\"2020-12-28T12:15:10+00:00\",\"dateModified\":\"2021-03-04T12:08:45+00:00\",\"description\":\"eCopper\u2122 est un commutateur Ethernet over UTP (EoU) avec 1 port UTP alimentant le Power over Wire (PoW) et 1*10\/100M port Ethernet.\",\"breadcrumb\":{\"@id\":\"https:\/\/bunkerseguridad.com\/fr\/produit\/ecopper-eerf1-ln1-r-mn-b\/#breadcrumb\"},\"inLanguage\":\"fr-FR\",\"potentialAction\":[{\"@type\":\"ReadAction\",\"target\":[\"https:\/\/bunkerseguridad.com\/fr\/produit\/ecopper-eerf1-ln1-r-mn-b\/\"]}]},{\"@type\":\"ImageObject\",\"inLanguage\":\"fr-FR\",\"@id\":\"https:\/\/bunkerseguridad.com\/fr\/produit\/ecopper-eerf1-ln1-r-mn-b\/#primaryimage\",\"url\":\"https:\/\/bunkerseguridad.com\/fr\/wp-content\/uploads\/2020\/12\/ecopper-EERF1-LS1-T-MN-UTP.png\",\"contentUrl\":\"https:\/\/bunkerseguridad.com\/fr\/wp-content\/uploads\/2020\/12\/ecopper-EERF1-LS1-T-MN-UTP.png\",\"width\":1200,\"height\":1200,\"caption\":\"La gamme de produits eCo pvper IP over UTP offre la solution id\u00e9ale pour la transmission\"},{\"@type\":\"BreadcrumbList\",\"@id\":\"https:\/\/bunkerseguridad.com\/fr\/produit\/ecopper-eerf1-ln1-r-mn-b\/#breadcrumb\",\"itemListElement\":[{\"@type\":\"ListItem\",\"position\":1,\"name\":\"Home\",\"item\":\"https:\/\/bunkerseguridad.com\/fr\/\"},{\"@type\":\"ListItem\",\"position\":2,\"name\":\"Shop\",\"item\":\"https:\/\/bunkerseguridad.com\/fr\/shop\/\"},{\"@type\":\"ListItem\",\"position\":3,\"name\":\"eCopper\u2122 &#8211; EERF1-LN1-R-MN-B\"}]},{\"@type\":\"WebSite\",\"@id\":\"https:\/\/bunkerseguridad.com\/fr\/#website\",\"url\":\"https:\/\/bunkerseguridad.com\/fr\/\",\"name\":\"Bunker Seguridad\",\"description\":\"Otro sitio realizado con WordPress\",\"potentialAction\":[{\"@type\":\"SearchAction\",\"target\":{\"@type\":\"EntryPoint\",\"urlTemplate\":\"https:\/\/bunkerseguridad.com\/fr\/?s={search_term_string}\"},\"query-input\":{\"@type\":\"PropertyValueSpecification\",\"valueRequired\":true,\"valueName\":\"search_term_string\"}}],\"inLanguage\":\"fr-FR\"}]}<\/script>\n<!-- \/ Yoast SEO plugin. -->","yoast_head_json":{"title":"eCopper\u2122 - EERF1-LN1-R-MN-B - Bunker Seguridad","description":"eCopper\u2122 est un commutateur Ethernet over UTP (EoU) avec 1 port UTP alimentant le Power over Wire (PoW) et 1*10\/100M port Ethernet.","robots":{"index":"noindex","follow":"follow","max-snippet":"max-snippet:-1","max-image-preview":"max-image-preview:large","max-video-preview":"max-video-preview:-1"},"og_locale":"fr_FR","og_type":"article","og_title":"eCopper\u2122 - EERF1-LN1-R-MN-B - Bunker Seguridad","og_description":"eCopper\u2122 est un commutateur Ethernet over UTP (EoU) avec 1 port UTP alimentant le Power over Wire (PoW) et 1*10\/100M port Ethernet.","og_url":"https:\/\/bunkerseguridad.com\/fr\/produit\/ecopper-eerf1-ln1-r-mn-b\/","og_site_name":"Bunker Seguridad","article_modified_time":"2021-03-04T12:08:45+00:00","og_image":[{"width":1200,"height":1200,"url":"https:\/\/bunkerseguridad.com\/fr\/wp-content\/uploads\/2020\/12\/ecopper-EERF1-LS1-T-MN-UTP.png","type":"image\/png"}],"twitter_card":"summary_large_image","twitter_misc":{"Dur\u00e9e de lecture estim\u00e9e":"1 minute"},"schema":{"@context":"https:\/\/schema.org","@graph":[{"@type":"WebPage","@id":"https:\/\/bunkerseguridad.com\/fr\/produit\/ecopper-eerf1-ln1-r-mn-b\/","url":"https:\/\/bunkerseguridad.com\/fr\/produit\/ecopper-eerf1-ln1-r-mn-b\/","name":"eCopper\u2122 - EERF1-LN1-R-MN-B - Bunker Seguridad","isPartOf":{"@id":"https:\/\/bunkerseguridad.com\/fr\/#website"},"primaryImageOfPage":{"@id":"https:\/\/bunkerseguridad.com\/fr\/produit\/ecopper-eerf1-ln1-r-mn-b\/#primaryimage"},"image":{"@id":"https:\/\/bunkerseguridad.com\/fr\/produit\/ecopper-eerf1-ln1-r-mn-b\/#primaryimage"},"thumbnailUrl":"https:\/\/bunkerseguridad.com\/fr\/wp-content\/uploads\/2020\/12\/ecopper-EERF1-LS1-T-MN-UTP.png","datePublished":"2020-12-28T12:15:10+00:00","dateModified":"2021-03-04T12:08:45+00:00","description":"eCopper\u2122 est un commutateur Ethernet over UTP (EoU) avec 1 port UTP alimentant le Power over Wire (PoW) et 1*10\/100M port Ethernet.","breadcrumb":{"@id":"https:\/\/bunkerseguridad.com\/fr\/produit\/ecopper-eerf1-ln1-r-mn-b\/#breadcrumb"},"inLanguage":"fr-FR","potentialAction":[{"@type":"ReadAction","target":["https:\/\/bunkerseguridad.com\/fr\/produit\/ecopper-eerf1-ln1-r-mn-b\/"]}]},{"@type":"ImageObject","inLanguage":"fr-FR","@id":"https:\/\/bunkerseguridad.com\/fr\/produit\/ecopper-eerf1-ln1-r-mn-b\/#primaryimage","url":"https:\/\/bunkerseguridad.com\/fr\/wp-content\/uploads\/2020\/12\/ecopper-EERF1-LS1-T-MN-UTP.png","contentUrl":"https:\/\/bunkerseguridad.com\/fr\/wp-content\/uploads\/2020\/12\/ecopper-EERF1-LS1-T-MN-UTP.png","width":1200,"height":1200,"caption":"La gamme de produits eCo pvper IP over UTP offre la solution id\u00e9ale pour la transmission"},{"@type":"BreadcrumbList","@id":"https:\/\/bunkerseguridad.com\/fr\/produit\/ecopper-eerf1-ln1-r-mn-b\/#breadcrumb","itemListElement":[{"@type":"ListItem","position":1,"name":"Home","item":"https:\/\/bunkerseguridad.com\/fr\/"},{"@type":"ListItem","position":2,"name":"Shop","item":"https:\/\/bunkerseguridad.com\/fr\/shop\/"},{"@type":"ListItem","position":3,"name":"eCopper\u2122 &#8211; EERF1-LN1-R-MN-B"}]},{"@type":"WebSite","@id":"https:\/\/bunkerseguridad.com\/fr\/#website","url":"https:\/\/bunkerseguridad.com\/fr\/","name":"Bunker Seguridad","description":"Otro sitio realizado con WordPress","potentialAction":[{"@type":"SearchAction","target":{"@type":"EntryPoint","urlTemplate":"https:\/\/bunkerseguridad.com\/fr\/?s={search_term_string}"},"query-input":{"@type":"PropertyValueSpecification","valueRequired":true,"valueName":"search_term_string"}}],"inLanguage":"fr-FR"}]}},"brands":[{"id":206,"name":"KBC Networks","slug":"kbc-networks"}],"_links":{"self":[{"href":"https:\/\/bunkerseguridad.com\/fr\/wp-json\/wp\/v2\/product\/6337","targetHints":{"allow":["GET"]}}],"collection":[{"href":"https:\/\/bunkerseguridad.com\/fr\/wp-json\/wp\/v2\/product"}],"about":[{"href":"https:\/\/bunkerseguridad.com\/fr\/wp-json\/wp\/v2\/types\/product"}],"wp:featuredmedia":[{"embeddable":true,"href":"https:\/\/bunkerseguridad.com\/fr\/wp-json\/wp\/v2\/media\/6333"}],"wp:attachment":[{"href":"https:\/\/bunkerseguridad.com\/fr\/wp-json\/wp\/v2\/media?parent=6337"}],"wp:term":[{"taxonomy":"pwb-brand","embeddable":true,"href":"https:\/\/bunkerseguridad.com\/fr\/wp-json\/wp\/v2\/pwb-brand?post=6337"},{"taxonomy":"product_brand","embeddable":true,"href":"https:\/\/bunkerseguridad.com\/fr\/wp-json\/wp\/v2\/product_brand?post=6337"},{"taxonomy":"product_cat","embeddable":true,"href":"https:\/\/bunkerseguridad.com\/fr\/wp-json\/wp\/v2\/product_cat?post=6337"},{"taxonomy":"product_tag","embeddable":true,"href":"https:\/\/bunkerseguridad.com\/fr\/wp-json\/wp\/v2\/product_tag?post=6337"}],"curies":[{"name":"wp","href":"https:\/\/api.w.org\/{rel}","templated":true}]}}