{"id":6329,"date":"2020-12-28T11:31:10","date_gmt":"2020-12-28T11:31:10","guid":{"rendered":"http:\/\/www.bunkerseguridad.es\/en\/?post_type=product&#038;p=6329"},"modified":"2021-03-04T12:38:10","modified_gmt":"2021-03-04T12:38:10","slug":"ecopper-eerf1-ls1-t-in-b-2","status":"publish","type":"product","link":"https:\/\/bunkerseguridad.com\/fr\/produit\/ecopper-eerf1-ls1-t-in-b-2\/","title":{"rendered":"eCopper\u2122 &#8211; EERF1-LS1-T-MN-B"},"content":{"rendered":"<p><strong>Le KBC eCopper\u2122 est un \u00e9metteur Ethernet over UTP enti\u00e8rement durci.<\/strong> Ce transmetteur offre une connectivit\u00e9 pour un port \u00e9lectrique en cuivre 10\/100Mbps conforme aux standards IEEE sur c\u00e2ble UTP. L&rsquo;alimentation est fournie par l&rsquo;un des r\u00e9cepteurs de t\u00eate de r\u00e9seau, EERF16-G3-R-RX-B, EERF8-G3-R-RX-B, EERF4-DN1-R-WN-B ou EERF1-LS1-R-MN-B Ethernet over UTP, par le c\u00e2ble UTP gr\u00e2ce \u00e0 la technologie Power over Wire (PoW). L&rsquo;\u00e9metteur fournit un support PoE+. Diff\u00e9rents d\u00e9bits de donn\u00e9es sont pris en charge en fonction de la distance et de la qualit\u00e9 du c\u00e2ble. La conception \u00ab\u00a0plug-and-play\u00a0\u00bb assure une installation facile sans aucun r\u00e9glage \u00e9lectrique. Des indicateurs LED sont fournis pour indiquer l&rsquo;\u00e9tat de fonctionnement de l&rsquo;unit\u00e9.<\/p>\n<p><strong>Caract\u00e9ristiques:<\/strong><\/p>\n<ul>\n<li>Conforme \u00e0 la norme 802.3af\/802.3at<\/li>\n<li>Pouvoir sur le fil<\/li>\n<li>D\u00e9bit de donn\u00e9es UTP &gt;40Mbps (300m)<\/li>\n<li>Selon la qualit\u00e9 du c\u00e2ble, les paires de c\u00e2bles utilis\u00e9es (1, 2 ou 4 paires) et la tension appliqu\u00e9e au c\u00e2ble (48~57VDC) depuis la t\u00eate de r\u00e9seau, PoE et PoE+ sont pris en charge par PoW<\/li>\n<li>jusqu&rsquo;\u00e0 400m.<\/li>\n<li>Aliment\u00e9 par PoW \u00e0 partir des t\u00eates de r\u00e9seau EERF16-G3-R-RX-B , EERF8-G3-R-RX-B, EERF4-DN1-R-WN-B ou EERF1-LS1-R-MN-B<\/li>\n<li>Conception compl\u00e8te de la protection, y compris la protection contre les surtensions et l&rsquo;\u00e9clairage<\/li>\n<li>Conception unique de protection de la transmission des ondes de puissance avec une t\u00eate de r\u00e9ception de 1, 4, 8 ou 16 canaux<\/li>\n<\/ul>\n","protected":false},"excerpt":{"rendered":"<p class=\"componentheading djc_page_heading\"><strong>eCopper\u2122 &#8211; IP over UTP Le KBC EERF1-LS1-T-MN-B est un \u00e9metteur Ethernet over coax \u00e0 un canal, un \u00e9metteur Ethernet industriel \u00e0 1 canal sur UTP, enti\u00e8rement durci.<\/strong> EoU\/PoW\/PoE+, (1) port Ethernet, 10\/100Mbps \u00e0 d\u00e9tection automatique, 30W en fin de port\u00e9e 802.3at PoE+. (1) port UTP \u00e0 fil volant, EoU\/PoW, aliment\u00e9 par le r\u00e9cepteur de la s\u00e9rie EERF. Module compact avec fermeture Velcro.<\/p>\n","protected":false},"featured_media":6333,"template":"","meta":{"_et_pb_use_builder":"","_et_pb_old_content":"","_et_gb_content_width":""},"pwb-brand":[206],"product_brand":[],"product_cat":[31,36],"product_tag":[155,335,146],"class_list":{"0":"post-6329","1":"product","2":"type-product","3":"status-publish","4":"has-post-thumbnail","6":"pwb-brand-kbc-networks","7":"product_cat-transmission-des-donnees","8":"product_cat-ecopper-ip-over-utp-coax","9":"product_tag-10-100mbps","10":"product_tag-ip-sur-utp","11":"product_tag-poe","13":"first","14":"instock","15":"shipping-taxable","16":"product-type-simple"},"yoast_head":"<!-- This site is optimized with the Yoast SEO plugin v25.2 - https:\/\/yoast.com\/wordpress\/plugins\/seo\/ -->\n<title>eCopper\u2122 - EERF1-LS1-T-MN-B - Bunker Seguridad<\/title>\n<meta name=\"description\" content=\"El KBC eCopper \u2122 transmetteur d&#039;Ethernet, proporciona conectividad pour un puerto de cobre \u00e9l\u00e9ctrico est\u00e1ndar sobre c\u00e2ble UTP reforzado.\" \/>\n<meta name=\"robots\" content=\"noindex, follow, max-snippet:-1, max-image-preview:large, max-video-preview:-1\" \/>\n<meta property=\"og:locale\" content=\"fr_FR\" \/>\n<meta property=\"og:type\" content=\"article\" \/>\n<meta property=\"og:title\" content=\"eCopper\u2122 - EERF1-LS1-T-MN-B - Bunker Seguridad\" \/>\n<meta property=\"og:description\" content=\"El KBC eCopper \u2122 transmetteur d&#039;Ethernet, proporciona conectividad pour un puerto de cobre \u00e9l\u00e9ctrico est\u00e1ndar sobre c\u00e2ble UTP reforzado.\" \/>\n<meta property=\"og:url\" content=\"https:\/\/bunkerseguridad.com\/fr\/produit\/ecopper-eerf1-ls1-t-in-b-2\/\" \/>\n<meta property=\"og:site_name\" content=\"Bunker Seguridad\" \/>\n<meta property=\"article:modified_time\" content=\"2021-03-04T12:38:10+00:00\" \/>\n<meta property=\"og:image\" content=\"https:\/\/bunkerseguridad.com\/fr\/wp-content\/uploads\/2020\/12\/ecopper-EERF1-LS1-T-MN-UTP.png\" \/>\n\t<meta property=\"og:image:width\" content=\"1200\" \/>\n\t<meta property=\"og:image:height\" content=\"1200\" \/>\n\t<meta property=\"og:image:type\" content=\"image\/png\" \/>\n<meta name=\"twitter:card\" content=\"summary_large_image\" \/>\n<meta name=\"twitter:label1\" content=\"Dur\u00e9e de lecture estim\u00e9e\" \/>\n\t<meta name=\"twitter:data1\" content=\"1 minute\" \/>\n<script type=\"application\/ld+json\" class=\"yoast-schema-graph\">{\"@context\":\"https:\/\/schema.org\",\"@graph\":[{\"@type\":\"WebPage\",\"@id\":\"https:\/\/bunkerseguridad.com\/fr\/produit\/ecopper-eerf1-ls1-t-in-b-2\/\",\"url\":\"https:\/\/bunkerseguridad.com\/fr\/produit\/ecopper-eerf1-ls1-t-in-b-2\/\",\"name\":\"eCopper\u2122 - EERF1-LS1-T-MN-B - Bunker Seguridad\",\"isPartOf\":{\"@id\":\"https:\/\/bunkerseguridad.com\/fr\/#website\"},\"primaryImageOfPage\":{\"@id\":\"https:\/\/bunkerseguridad.com\/fr\/produit\/ecopper-eerf1-ls1-t-in-b-2\/#primaryimage\"},\"image\":{\"@id\":\"https:\/\/bunkerseguridad.com\/fr\/produit\/ecopper-eerf1-ls1-t-in-b-2\/#primaryimage\"},\"thumbnailUrl\":\"https:\/\/bunkerseguridad.com\/fr\/wp-content\/uploads\/2020\/12\/ecopper-EERF1-LS1-T-MN-UTP.png\",\"datePublished\":\"2020-12-28T11:31:10+00:00\",\"dateModified\":\"2021-03-04T12:38:10+00:00\",\"description\":\"El KBC eCopper \u2122 transmetteur d'Ethernet, proporciona conectividad pour un puerto de cobre \u00e9l\u00e9ctrico est\u00e1ndar sobre c\u00e2ble UTP reforzado.\",\"breadcrumb\":{\"@id\":\"https:\/\/bunkerseguridad.com\/fr\/produit\/ecopper-eerf1-ls1-t-in-b-2\/#breadcrumb\"},\"inLanguage\":\"fr-FR\",\"potentialAction\":[{\"@type\":\"ReadAction\",\"target\":[\"https:\/\/bunkerseguridad.com\/fr\/produit\/ecopper-eerf1-ls1-t-in-b-2\/\"]}]},{\"@type\":\"ImageObject\",\"inLanguage\":\"fr-FR\",\"@id\":\"https:\/\/bunkerseguridad.com\/fr\/produit\/ecopper-eerf1-ls1-t-in-b-2\/#primaryimage\",\"url\":\"https:\/\/bunkerseguridad.com\/fr\/wp-content\/uploads\/2020\/12\/ecopper-EERF1-LS1-T-MN-UTP.png\",\"contentUrl\":\"https:\/\/bunkerseguridad.com\/fr\/wp-content\/uploads\/2020\/12\/ecopper-EERF1-LS1-T-MN-UTP.png\",\"width\":1200,\"height\":1200,\"caption\":\"La gamme de produits eCo pvper IP over UTP offre la solution id\u00e9ale pour la transmission\"},{\"@type\":\"BreadcrumbList\",\"@id\":\"https:\/\/bunkerseguridad.com\/fr\/produit\/ecopper-eerf1-ls1-t-in-b-2\/#breadcrumb\",\"itemListElement\":[{\"@type\":\"ListItem\",\"position\":1,\"name\":\"Home\",\"item\":\"https:\/\/bunkerseguridad.com\/fr\/\"},{\"@type\":\"ListItem\",\"position\":2,\"name\":\"Shop\",\"item\":\"https:\/\/bunkerseguridad.com\/fr\/shop\/\"},{\"@type\":\"ListItem\",\"position\":3,\"name\":\"eCopper\u2122 &#8211; EERF1-LS1-T-MN-B\"}]},{\"@type\":\"WebSite\",\"@id\":\"https:\/\/bunkerseguridad.com\/fr\/#website\",\"url\":\"https:\/\/bunkerseguridad.com\/fr\/\",\"name\":\"Bunker Seguridad\",\"description\":\"Otro sitio realizado con WordPress\",\"potentialAction\":[{\"@type\":\"SearchAction\",\"target\":{\"@type\":\"EntryPoint\",\"urlTemplate\":\"https:\/\/bunkerseguridad.com\/fr\/?s={search_term_string}\"},\"query-input\":{\"@type\":\"PropertyValueSpecification\",\"valueRequired\":true,\"valueName\":\"search_term_string\"}}],\"inLanguage\":\"fr-FR\"}]}<\/script>\n<!-- \/ Yoast SEO plugin. -->","yoast_head_json":{"title":"eCopper\u2122 - EERF1-LS1-T-MN-B - Bunker Seguridad","description":"El KBC eCopper \u2122 transmetteur d'Ethernet, proporciona conectividad pour un puerto de cobre \u00e9l\u00e9ctrico est\u00e1ndar sobre c\u00e2ble UTP reforzado.","robots":{"index":"noindex","follow":"follow","max-snippet":"max-snippet:-1","max-image-preview":"max-image-preview:large","max-video-preview":"max-video-preview:-1"},"og_locale":"fr_FR","og_type":"article","og_title":"eCopper\u2122 - EERF1-LS1-T-MN-B - Bunker Seguridad","og_description":"El KBC eCopper \u2122 transmetteur d'Ethernet, proporciona conectividad pour un puerto de cobre \u00e9l\u00e9ctrico est\u00e1ndar sobre c\u00e2ble UTP reforzado.","og_url":"https:\/\/bunkerseguridad.com\/fr\/produit\/ecopper-eerf1-ls1-t-in-b-2\/","og_site_name":"Bunker Seguridad","article_modified_time":"2021-03-04T12:38:10+00:00","og_image":[{"width":1200,"height":1200,"url":"https:\/\/bunkerseguridad.com\/fr\/wp-content\/uploads\/2020\/12\/ecopper-EERF1-LS1-T-MN-UTP.png","type":"image\/png"}],"twitter_card":"summary_large_image","twitter_misc":{"Dur\u00e9e de lecture estim\u00e9e":"1 minute"},"schema":{"@context":"https:\/\/schema.org","@graph":[{"@type":"WebPage","@id":"https:\/\/bunkerseguridad.com\/fr\/produit\/ecopper-eerf1-ls1-t-in-b-2\/","url":"https:\/\/bunkerseguridad.com\/fr\/produit\/ecopper-eerf1-ls1-t-in-b-2\/","name":"eCopper\u2122 - EERF1-LS1-T-MN-B - Bunker Seguridad","isPartOf":{"@id":"https:\/\/bunkerseguridad.com\/fr\/#website"},"primaryImageOfPage":{"@id":"https:\/\/bunkerseguridad.com\/fr\/produit\/ecopper-eerf1-ls1-t-in-b-2\/#primaryimage"},"image":{"@id":"https:\/\/bunkerseguridad.com\/fr\/produit\/ecopper-eerf1-ls1-t-in-b-2\/#primaryimage"},"thumbnailUrl":"https:\/\/bunkerseguridad.com\/fr\/wp-content\/uploads\/2020\/12\/ecopper-EERF1-LS1-T-MN-UTP.png","datePublished":"2020-12-28T11:31:10+00:00","dateModified":"2021-03-04T12:38:10+00:00","description":"El KBC eCopper \u2122 transmetteur d'Ethernet, proporciona conectividad pour un puerto de cobre \u00e9l\u00e9ctrico est\u00e1ndar sobre c\u00e2ble UTP reforzado.","breadcrumb":{"@id":"https:\/\/bunkerseguridad.com\/fr\/produit\/ecopper-eerf1-ls1-t-in-b-2\/#breadcrumb"},"inLanguage":"fr-FR","potentialAction":[{"@type":"ReadAction","target":["https:\/\/bunkerseguridad.com\/fr\/produit\/ecopper-eerf1-ls1-t-in-b-2\/"]}]},{"@type":"ImageObject","inLanguage":"fr-FR","@id":"https:\/\/bunkerseguridad.com\/fr\/produit\/ecopper-eerf1-ls1-t-in-b-2\/#primaryimage","url":"https:\/\/bunkerseguridad.com\/fr\/wp-content\/uploads\/2020\/12\/ecopper-EERF1-LS1-T-MN-UTP.png","contentUrl":"https:\/\/bunkerseguridad.com\/fr\/wp-content\/uploads\/2020\/12\/ecopper-EERF1-LS1-T-MN-UTP.png","width":1200,"height":1200,"caption":"La gamme de produits eCo pvper IP over UTP offre la solution id\u00e9ale pour la transmission"},{"@type":"BreadcrumbList","@id":"https:\/\/bunkerseguridad.com\/fr\/produit\/ecopper-eerf1-ls1-t-in-b-2\/#breadcrumb","itemListElement":[{"@type":"ListItem","position":1,"name":"Home","item":"https:\/\/bunkerseguridad.com\/fr\/"},{"@type":"ListItem","position":2,"name":"Shop","item":"https:\/\/bunkerseguridad.com\/fr\/shop\/"},{"@type":"ListItem","position":3,"name":"eCopper\u2122 &#8211; EERF1-LS1-T-MN-B"}]},{"@type":"WebSite","@id":"https:\/\/bunkerseguridad.com\/fr\/#website","url":"https:\/\/bunkerseguridad.com\/fr\/","name":"Bunker Seguridad","description":"Otro sitio realizado con WordPress","potentialAction":[{"@type":"SearchAction","target":{"@type":"EntryPoint","urlTemplate":"https:\/\/bunkerseguridad.com\/fr\/?s={search_term_string}"},"query-input":{"@type":"PropertyValueSpecification","valueRequired":true,"valueName":"search_term_string"}}],"inLanguage":"fr-FR"}]}},"brands":[{"id":206,"name":"KBC Networks","slug":"kbc-networks"}],"_links":{"self":[{"href":"https:\/\/bunkerseguridad.com\/fr\/wp-json\/wp\/v2\/product\/6329","targetHints":{"allow":["GET"]}}],"collection":[{"href":"https:\/\/bunkerseguridad.com\/fr\/wp-json\/wp\/v2\/product"}],"about":[{"href":"https:\/\/bunkerseguridad.com\/fr\/wp-json\/wp\/v2\/types\/product"}],"wp:featuredmedia":[{"embeddable":true,"href":"https:\/\/bunkerseguridad.com\/fr\/wp-json\/wp\/v2\/media\/6333"}],"wp:attachment":[{"href":"https:\/\/bunkerseguridad.com\/fr\/wp-json\/wp\/v2\/media?parent=6329"}],"wp:term":[{"taxonomy":"pwb-brand","embeddable":true,"href":"https:\/\/bunkerseguridad.com\/fr\/wp-json\/wp\/v2\/pwb-brand?post=6329"},{"taxonomy":"product_brand","embeddable":true,"href":"https:\/\/bunkerseguridad.com\/fr\/wp-json\/wp\/v2\/product_brand?post=6329"},{"taxonomy":"product_cat","embeddable":true,"href":"https:\/\/bunkerseguridad.com\/fr\/wp-json\/wp\/v2\/product_cat?post=6329"},{"taxonomy":"product_tag","embeddable":true,"href":"https:\/\/bunkerseguridad.com\/fr\/wp-json\/wp\/v2\/product_tag?post=6329"}],"curies":[{"name":"wp","href":"https:\/\/api.w.org\/{rel}","templated":true}]}}