{"id":6327,"date":"2020-12-28T11:09:18","date_gmt":"2020-12-28T11:09:18","guid":{"rendered":"http:\/\/www.bunkerseguridad.es\/en\/?post_type=product&#038;p=6327"},"modified":"2021-03-02T12:54:44","modified_gmt":"2021-03-02T12:54:44","slug":"ecopper-eecn1-ln1-r-mz-b","status":"publish","type":"product","link":"https:\/\/bunkerseguridad.com\/fr\/produit\/ecopper-eecn1-ln1-r-mz-b\/","title":{"rendered":"eCopper\u2122 &#8211; EECN1-LN1-R-Mz-B"},"content":{"rendered":"<p><strong>La KBC EECN1-LN1-R-Mz-B Son port BNC se connecte au coaxial et son port 10\/100M Base-T se connecte \u00e0 un commutateur.<\/strong> Il assure la connectivit\u00e9 avec un port cuivre \u00e0 paires torsad\u00e9es 10\/100Mbps au standard IEEE sur un c\u00e2ble coaxial de 75ohm.\u00a0 Diff\u00e9rents d\u00e9bits de donn\u00e9es sont pris en charge en fonction de la distance et de la qualit\u00e9 du c\u00e2ble.\u00a0 La conception plug-and-play garantit une installation facile, sans aucun r\u00e9glage \u00e9lectrique.\u00a0 Des indicateurs LED sont fournis pour indiquer l&rsquo;\u00e9tat de fonctionnement de l&rsquo;unit\u00e9.<\/p>\n<p>La plupart des nouveaux syst\u00e8mes sont d\u00e9sormais des cam\u00e9ras HD ou IP m\u00e9gapixel connect\u00e9es par des c\u00e2bles CAT5\/5e\/6 ou utilisant des fibres existantes. Le plus grand d\u00e9fi de la mise \u00e0 niveau des anciens syst\u00e8mes analogiques avec des c\u00e2bles coaxiaux vers l&rsquo;IP est le c\u00e2blage. Dans la plupart des cas, le co\u00fbt est prohibitif et il est souvent peu pratique de poser de nouveaux c\u00e2bles. L&rsquo;utilisation du c\u00e2ble coaxial existant pour transmettre les cam\u00e9ras HD et IP m\u00e9gapixel est le choix le plus \u00e9conomique. KBC a con\u00e7u les produits eCopper\u2122 pour r\u00e9pondre \u00e0 ces contraintes. Le KBC EECN1-LN1-T-MX-B est un \u00e9metteur Ethernet over coaxial enti\u00e8rement renforc\u00e9 et le EECN1-LN1-R-MX-B est un r\u00e9cepteur Ethernet over coaxial enti\u00e8rement renforc\u00e9. Cet \u00e9metteur offre une connectivit\u00e9 pour un port en cuivre \u00e0 paires torsad\u00e9es 10\/100 Mbps conforme aux Standards IEEE sur un c\u00e2ble coaxial de 75 ohms. Diff\u00e9rents d\u00e9bits de donn\u00e9es sont pris en charge en fonction de la distance et de la qualit\u00e9 du c\u00e2ble. La conception plug-and-play assure une installation facile sans aucun r\u00e9glage \u00e9lectrique. Des indicateurs LED sont fournis pour indiquer l&rsquo;\u00e9tat de fonctionnement de l&rsquo;unit\u00e9. La taille de l&rsquo;\u00e9metteur est adapt\u00e9e \u00e0 un montage \u00e0 l&rsquo;int\u00e9rieur d&rsquo;un bo\u00eetier de cam\u00e9ra et dans les endroits o\u00f9 l&rsquo;espace est minimal.<\/p>\n<p><strong>Caract\u00e9ristiques:<\/strong><\/p>\n<ul>\n<li>D\u00e9bit de donn\u00e9es coaxial &gt;50Mbps (700m) bas\u00e9 sur la qualit\u00e9 coaxiale<\/li>\n<li>Conception compl\u00e8te de la protection, y compris la protection contre les surtensions et la foudre<\/li>\n<\/ul>\n<p>&nbsp;<\/p>\n","protected":false},"excerpt":{"rendered":"<p><strong>La KBC Copper\u2122 &#8211; EECN1-LN1-R-MZ-B<\/strong> Transmetteur industriel Ethernet 1-ch non-PoE sur coaxial non-PoE, (1) BNC fixe et (1) port Ethernet RJ-45 fixe, 10\/100Mbps \u00e0 d\u00e9tection automatique. Entr\u00e9e 12~24VDC. Module compact avec montage par clip.EECN1-LN1-R-Mz-B1-ch Ethernet industriel non-PoE sur r\u00e9cepteur coaxial non-PoE, (1) BNC fixe et (1) fixe.<\/p>\n","protected":false},"featured_media":6311,"template":"","meta":{"_et_pb_use_builder":"","_et_pb_old_content":"","_et_gb_content_width":""},"pwb-brand":[206],"product_brand":[],"product_cat":[31,36],"product_tag":[155,163,147],"class_list":{"0":"post-6327","1":"product","2":"type-product","3":"status-publish","4":"has-post-thumbnail","6":"pwb-brand-kbc-networks","7":"product_cat-transmission-des-donnees","8":"product_cat-ecopper-ip-over-utp-coax","9":"product_tag-10-100mbps","10":"product_tag-ip-sur-coaxial","11":"product_tag-non-poe","13":"first","14":"instock","15":"shipping-taxable","16":"product-type-simple"},"yoast_head":"<!-- This site is optimized with the Yoast SEO plugin v25.2 - https:\/\/yoast.com\/wordpress\/plugins\/seo\/ -->\n<title>eCopper\u2122 - EECN1-LN1-R-Mz-B - Bunker Seguridad<\/title>\n<meta name=\"description\" content=\"La KBC EECN1-LN1-R-Mz-B Son port BNC se connecte au coaxial et son port 10\/100M Base-T se connecte \u00e0 un commutateur.\" \/>\n<meta name=\"robots\" content=\"noindex, follow, max-snippet:-1, max-image-preview:large, max-video-preview:-1\" \/>\n<meta property=\"og:locale\" content=\"fr_FR\" \/>\n<meta property=\"og:type\" content=\"article\" \/>\n<meta property=\"og:title\" content=\"eCopper\u2122 - EECN1-LN1-R-Mz-B - Bunker Seguridad\" \/>\n<meta property=\"og:description\" content=\"La KBC EECN1-LN1-R-Mz-B Son port BNC se connecte au coaxial et son port 10\/100M Base-T se connecte \u00e0 un commutateur.\" \/>\n<meta property=\"og:url\" content=\"https:\/\/bunkerseguridad.com\/fr\/produit\/ecopper-eecn1-ln1-r-mz-b\/\" \/>\n<meta property=\"og:site_name\" content=\"Bunker Seguridad\" \/>\n<meta property=\"article:modified_time\" content=\"2021-03-02T12:54:44+00:00\" \/>\n<meta property=\"og:image\" content=\"https:\/\/bunkerseguridad.com\/fr\/wp-content\/uploads\/2020\/12\/EECF1-LN1-R-MN-B-ndustrial-Ethernet-Over-Coax-Receiver-with-PoC.png\" \/>\n\t<meta property=\"og:image:width\" content=\"1200\" \/>\n\t<meta property=\"og:image:height\" content=\"1200\" \/>\n\t<meta property=\"og:image:type\" content=\"image\/png\" \/>\n<meta name=\"twitter:card\" content=\"summary_large_image\" \/>\n<meta name=\"twitter:label1\" content=\"Dur\u00e9e de lecture estim\u00e9e\" \/>\n\t<meta name=\"twitter:data1\" content=\"2 minutes\" \/>\n<script type=\"application\/ld+json\" class=\"yoast-schema-graph\">{\"@context\":\"https:\/\/schema.org\",\"@graph\":[{\"@type\":\"WebPage\",\"@id\":\"https:\/\/bunkerseguridad.com\/fr\/produit\/ecopper-eecn1-ln1-r-mz-b\/\",\"url\":\"https:\/\/bunkerseguridad.com\/fr\/produit\/ecopper-eecn1-ln1-r-mz-b\/\",\"name\":\"eCopper\u2122 - EECN1-LN1-R-Mz-B - Bunker Seguridad\",\"isPartOf\":{\"@id\":\"https:\/\/bunkerseguridad.com\/fr\/#website\"},\"primaryImageOfPage\":{\"@id\":\"https:\/\/bunkerseguridad.com\/fr\/produit\/ecopper-eecn1-ln1-r-mz-b\/#primaryimage\"},\"image\":{\"@id\":\"https:\/\/bunkerseguridad.com\/fr\/produit\/ecopper-eecn1-ln1-r-mz-b\/#primaryimage\"},\"thumbnailUrl\":\"https:\/\/bunkerseguridad.com\/fr\/wp-content\/uploads\/2020\/12\/EECF1-LN1-R-MN-B-ndustrial-Ethernet-Over-Coax-Receiver-with-PoC.png\",\"datePublished\":\"2020-12-28T11:09:18+00:00\",\"dateModified\":\"2021-03-02T12:54:44+00:00\",\"description\":\"La KBC EECN1-LN1-R-Mz-B Son port BNC se connecte au coaxial et son port 10\/100M Base-T se connecte \u00e0 un commutateur.\",\"breadcrumb\":{\"@id\":\"https:\/\/bunkerseguridad.com\/fr\/produit\/ecopper-eecn1-ln1-r-mz-b\/#breadcrumb\"},\"inLanguage\":\"fr-FR\",\"potentialAction\":[{\"@type\":\"ReadAction\",\"target\":[\"https:\/\/bunkerseguridad.com\/fr\/produit\/ecopper-eecn1-ln1-r-mz-b\/\"]}]},{\"@type\":\"ImageObject\",\"inLanguage\":\"fr-FR\",\"@id\":\"https:\/\/bunkerseguridad.com\/fr\/produit\/ecopper-eecn1-ln1-r-mz-b\/#primaryimage\",\"url\":\"https:\/\/bunkerseguridad.com\/fr\/wp-content\/uploads\/2020\/12\/EECF1-LN1-R-MN-B-ndustrial-Ethernet-Over-Coax-Receiver-with-PoC.png\",\"contentUrl\":\"https:\/\/bunkerseguridad.com\/fr\/wp-content\/uploads\/2020\/12\/EECF1-LN1-R-MN-B-ndustrial-Ethernet-Over-Coax-Receiver-with-PoC.png\",\"width\":1200,\"height\":1200,\"caption\":\"La gamme de produits KBC eCoppe offre un moyen \u00e9conomique de connecter les derni\u00e8res cam\u00e9ras IP \u00e0 l'aide d'un c\u00e2blage coaxial ou cuivre (UTP) existant \u00e0 une station de surveillance \u00e0 distance.\"},{\"@type\":\"BreadcrumbList\",\"@id\":\"https:\/\/bunkerseguridad.com\/fr\/produit\/ecopper-eecn1-ln1-r-mz-b\/#breadcrumb\",\"itemListElement\":[{\"@type\":\"ListItem\",\"position\":1,\"name\":\"Home\",\"item\":\"https:\/\/bunkerseguridad.com\/fr\/\"},{\"@type\":\"ListItem\",\"position\":2,\"name\":\"Shop\",\"item\":\"https:\/\/bunkerseguridad.com\/fr\/shop\/\"},{\"@type\":\"ListItem\",\"position\":3,\"name\":\"eCopper\u2122 &#8211; EECN1-LN1-R-Mz-B\"}]},{\"@type\":\"WebSite\",\"@id\":\"https:\/\/bunkerseguridad.com\/fr\/#website\",\"url\":\"https:\/\/bunkerseguridad.com\/fr\/\",\"name\":\"Bunker Seguridad\",\"description\":\"Otro sitio realizado con WordPress\",\"potentialAction\":[{\"@type\":\"SearchAction\",\"target\":{\"@type\":\"EntryPoint\",\"urlTemplate\":\"https:\/\/bunkerseguridad.com\/fr\/?s={search_term_string}\"},\"query-input\":{\"@type\":\"PropertyValueSpecification\",\"valueRequired\":true,\"valueName\":\"search_term_string\"}}],\"inLanguage\":\"fr-FR\"}]}<\/script>\n<!-- \/ Yoast SEO plugin. -->","yoast_head_json":{"title":"eCopper\u2122 - EECN1-LN1-R-Mz-B - Bunker Seguridad","description":"La KBC EECN1-LN1-R-Mz-B Son port BNC se connecte au coaxial et son port 10\/100M Base-T se connecte \u00e0 un commutateur.","robots":{"index":"noindex","follow":"follow","max-snippet":"max-snippet:-1","max-image-preview":"max-image-preview:large","max-video-preview":"max-video-preview:-1"},"og_locale":"fr_FR","og_type":"article","og_title":"eCopper\u2122 - EECN1-LN1-R-Mz-B - Bunker Seguridad","og_description":"La KBC EECN1-LN1-R-Mz-B Son port BNC se connecte au coaxial et son port 10\/100M Base-T se connecte \u00e0 un commutateur.","og_url":"https:\/\/bunkerseguridad.com\/fr\/produit\/ecopper-eecn1-ln1-r-mz-b\/","og_site_name":"Bunker Seguridad","article_modified_time":"2021-03-02T12:54:44+00:00","og_image":[{"width":1200,"height":1200,"url":"https:\/\/bunkerseguridad.com\/fr\/wp-content\/uploads\/2020\/12\/EECF1-LN1-R-MN-B-ndustrial-Ethernet-Over-Coax-Receiver-with-PoC.png","type":"image\/png"}],"twitter_card":"summary_large_image","twitter_misc":{"Dur\u00e9e de lecture estim\u00e9e":"2 minutes"},"schema":{"@context":"https:\/\/schema.org","@graph":[{"@type":"WebPage","@id":"https:\/\/bunkerseguridad.com\/fr\/produit\/ecopper-eecn1-ln1-r-mz-b\/","url":"https:\/\/bunkerseguridad.com\/fr\/produit\/ecopper-eecn1-ln1-r-mz-b\/","name":"eCopper\u2122 - EECN1-LN1-R-Mz-B - Bunker Seguridad","isPartOf":{"@id":"https:\/\/bunkerseguridad.com\/fr\/#website"},"primaryImageOfPage":{"@id":"https:\/\/bunkerseguridad.com\/fr\/produit\/ecopper-eecn1-ln1-r-mz-b\/#primaryimage"},"image":{"@id":"https:\/\/bunkerseguridad.com\/fr\/produit\/ecopper-eecn1-ln1-r-mz-b\/#primaryimage"},"thumbnailUrl":"https:\/\/bunkerseguridad.com\/fr\/wp-content\/uploads\/2020\/12\/EECF1-LN1-R-MN-B-ndustrial-Ethernet-Over-Coax-Receiver-with-PoC.png","datePublished":"2020-12-28T11:09:18+00:00","dateModified":"2021-03-02T12:54:44+00:00","description":"La KBC EECN1-LN1-R-Mz-B Son port BNC se connecte au coaxial et son port 10\/100M Base-T se connecte \u00e0 un commutateur.","breadcrumb":{"@id":"https:\/\/bunkerseguridad.com\/fr\/produit\/ecopper-eecn1-ln1-r-mz-b\/#breadcrumb"},"inLanguage":"fr-FR","potentialAction":[{"@type":"ReadAction","target":["https:\/\/bunkerseguridad.com\/fr\/produit\/ecopper-eecn1-ln1-r-mz-b\/"]}]},{"@type":"ImageObject","inLanguage":"fr-FR","@id":"https:\/\/bunkerseguridad.com\/fr\/produit\/ecopper-eecn1-ln1-r-mz-b\/#primaryimage","url":"https:\/\/bunkerseguridad.com\/fr\/wp-content\/uploads\/2020\/12\/EECF1-LN1-R-MN-B-ndustrial-Ethernet-Over-Coax-Receiver-with-PoC.png","contentUrl":"https:\/\/bunkerseguridad.com\/fr\/wp-content\/uploads\/2020\/12\/EECF1-LN1-R-MN-B-ndustrial-Ethernet-Over-Coax-Receiver-with-PoC.png","width":1200,"height":1200,"caption":"La gamme de produits KBC eCoppe offre un moyen \u00e9conomique de connecter les derni\u00e8res cam\u00e9ras IP \u00e0 l'aide d'un c\u00e2blage coaxial ou cuivre (UTP) existant \u00e0 une station de surveillance \u00e0 distance."},{"@type":"BreadcrumbList","@id":"https:\/\/bunkerseguridad.com\/fr\/produit\/ecopper-eecn1-ln1-r-mz-b\/#breadcrumb","itemListElement":[{"@type":"ListItem","position":1,"name":"Home","item":"https:\/\/bunkerseguridad.com\/fr\/"},{"@type":"ListItem","position":2,"name":"Shop","item":"https:\/\/bunkerseguridad.com\/fr\/shop\/"},{"@type":"ListItem","position":3,"name":"eCopper\u2122 &#8211; EECN1-LN1-R-Mz-B"}]},{"@type":"WebSite","@id":"https:\/\/bunkerseguridad.com\/fr\/#website","url":"https:\/\/bunkerseguridad.com\/fr\/","name":"Bunker Seguridad","description":"Otro sitio realizado con WordPress","potentialAction":[{"@type":"SearchAction","target":{"@type":"EntryPoint","urlTemplate":"https:\/\/bunkerseguridad.com\/fr\/?s={search_term_string}"},"query-input":{"@type":"PropertyValueSpecification","valueRequired":true,"valueName":"search_term_string"}}],"inLanguage":"fr-FR"}]}},"brands":[{"id":206,"name":"KBC Networks","slug":"kbc-networks"}],"_links":{"self":[{"href":"https:\/\/bunkerseguridad.com\/fr\/wp-json\/wp\/v2\/product\/6327","targetHints":{"allow":["GET"]}}],"collection":[{"href":"https:\/\/bunkerseguridad.com\/fr\/wp-json\/wp\/v2\/product"}],"about":[{"href":"https:\/\/bunkerseguridad.com\/fr\/wp-json\/wp\/v2\/types\/product"}],"wp:featuredmedia":[{"embeddable":true,"href":"https:\/\/bunkerseguridad.com\/fr\/wp-json\/wp\/v2\/media\/6311"}],"wp:attachment":[{"href":"https:\/\/bunkerseguridad.com\/fr\/wp-json\/wp\/v2\/media?parent=6327"}],"wp:term":[{"taxonomy":"pwb-brand","embeddable":true,"href":"https:\/\/bunkerseguridad.com\/fr\/wp-json\/wp\/v2\/pwb-brand?post=6327"},{"taxonomy":"product_brand","embeddable":true,"href":"https:\/\/bunkerseguridad.com\/fr\/wp-json\/wp\/v2\/product_brand?post=6327"},{"taxonomy":"product_cat","embeddable":true,"href":"https:\/\/bunkerseguridad.com\/fr\/wp-json\/wp\/v2\/product_cat?post=6327"},{"taxonomy":"product_tag","embeddable":true,"href":"https:\/\/bunkerseguridad.com\/fr\/wp-json\/wp\/v2\/product_tag?post=6327"}],"curies":[{"name":"wp","href":"https:\/\/api.w.org\/{rel}","templated":true}]}}