{"id":6321,"date":"2020-12-28T10:32:33","date_gmt":"2020-12-28T10:32:33","guid":{"rendered":"http:\/\/www.bunkerseguridad.es\/en\/?post_type=product&#038;p=6321"},"modified":"2021-03-02T12:19:07","modified_gmt":"2021-03-02T12:19:07","slug":"ecopper-eecf16-gn3-r-rz-b","status":"publish","type":"product","link":"https:\/\/bunkerseguridad.com\/fr\/produit\/ecopper-eecf16-gn3-r-rz-b\/","title":{"rendered":"eCopper\u2122 &#8211; EECF16-GN3-R-Rz-B"},"content":{"rendered":"<p><strong>The KBC eCopper\u2122<\/strong> <strong>EECF16-GN3-R-Rz-B <\/strong>offre un moyen \u00e9conomique de connecter les derni\u00e8res cam\u00e9ras IP \u00e0 une station de surveillance \u00e0 distance en utilisant le c\u00e2blage coaxial ou en cuivre (UTP) existant. Outre les \u00e9conomies de temps et d&rsquo;argent r\u00e9alis\u00e9es gr\u00e2ce \u00e0 la mise \u00e0 niveau de l&rsquo;infrastructure de c\u00e2blage vers le syst\u00e8me CAT5\/5e\/6, eCopper\u2122powers permet d&rsquo;utiliser \u00e0 la fois son \u00e9metteur et les cam\u00e9ras \u00e0 distance, ce qui \u00e9limine la n\u00e9cessit\u00e9 d&rsquo;une source d&rsquo;alimentation suppl\u00e9mentaire sur le site de la cam\u00e9ra. eCopper\u2122also \u00e9tend la distance de c\u00e2blage des cam\u00e9ras IP de 100 \u00e0 300 m\u00e8tres, ce qui en fait un outil id\u00e9al pour la mise \u00e0 niveau des cam\u00e9ras analogiques vers les cam\u00e9ras IP et d&rsquo;autres syst\u00e8mes dans les grands b\u00e2timents d&rsquo;entreprise, les commerces de d\u00e9tail, les casinos, les banques, les prisons, les stades et d&rsquo;autres applications.<\/p>\n<p>EECF16-GN3-R est un r\u00e9cepteur Ethernet over Coax (EoC) avec 16 ports coaxiaux avec Power Over Coax (PoC) et 3*10\/100\/1000M ports Ethernet. Ce r\u00e9cepteur offre une connectivit\u00e9 jusqu&rsquo;\u00e0 16 unit\u00e9s PoC\/PoE version \u00e9metteur EECF1-LS1-T-MN-B. L&rsquo;alimentation est fournie \u00e0 l&rsquo;\u00e9metteur par le c\u00e2ble coaxial. Diff\u00e9rents d\u00e9bits de donn\u00e9es sont pris en charge en fonction de la distance et de la qualit\u00e9 du c\u00e2ble. Ce produit offre \u00e9galement une gestion PoC qui permet \u00e0 l&rsquo;op\u00e9rateur d&rsquo;allumer ou d&rsquo;\u00e9teindre \u00e0 distance l&rsquo;un des canaux coaxiaux. La conception \u00ab\u00a0plug-and-play\u00a0\u00bb assure une installation facile sans aucun r\u00e9glage \u00e9lectrique. Des indicateurs LED sont fournis pour montrer clairement l&rsquo;\u00e9tat de fonctionnement de l&rsquo;unit\u00e9. Ce r\u00e9cepteur est disponible en configuration rack 1U.<\/p>\n<p><strong>Caract\u00e9ristiques:<\/strong><\/p>\n<ul>\n<li>16 ports coaxiaux avec PoC<\/li>\n<li>3 ports Ethernet *10\/100\/1000M (1 \u00e0 l&rsquo;avant et 2 \u00e0 l&rsquo;arri\u00e8re)<\/li>\n<li>Gestion des PoC<\/li>\n<li>Connectez jusqu&rsquo;\u00e0 8 unit\u00e9s EECF1-LS1-T-IN-B ou EECF1-LS1-T-MN-B ou toute combinaison<\/li>\n<li>D\u00e9bit de donn\u00e9es coaxial &gt;50Mbps (300m)<\/li>\n<li>Le PoE+ est pris en charge jusqu&rsquo;\u00e0 300m en fonction de la qualit\u00e9 du c\u00e2ble coaxial et de la tension appliqu\u00e9e au c\u00e2ble coaxial (48~57VDC)<\/li>\n<li>Protection contre les surintensit\u00e9s et les courts-circuits<\/li>\n<li>Conception unique de protection de la transmission du PoC, de sorte qu&rsquo;aucune puissance n&rsquo;est produite lorsque l&rsquo;extr\u00e9mit\u00e9 de l&rsquo;\u00e9metteur n&rsquo;est pas connect\u00e9e.<\/li>\n<\/ul>\n<p>&nbsp;<\/p>\n","protected":false},"excerpt":{"rendered":"<p class=\"componentheading djc_page_heading\"><strong>eCopper\u2122 &#8211; Le KBC EECF8-GN3-R-Rz-B<\/strong> est un <strong>commutateur Ethernet over Coax (EoC) avec 16 ports coaxiaux avec Power Over Coax (PoC) et 3*10\/100\/1000M ports Ethernet.<\/strong> 16 ports BNC avec EoC\/PoC jusqu&rsquo;\u00e0 700m, EoC\/PoE+ jusqu&rsquo;\u00e0 300m. (3) Ports Ethernet 10\/100\/1000Mbps. Entr\u00e9e 48~57VDC. Montage en rack 1RU. 100~240VAC, 50\/60Hz.<\/p>\n","protected":false},"featured_media":6323,"template":"","meta":{"_et_pb_use_builder":"","_et_pb_old_content":"","_et_gb_content_width":""},"pwb-brand":[206],"product_brand":[],"product_cat":[31,36],"product_tag":[156,144,165,163,146],"class_list":{"0":"post-6321","1":"product","2":"type-product","3":"status-publish","4":"has-post-thumbnail","6":"pwb-brand-kbc-networks","7":"product_cat-transmission-des-donnees","8":"product_cat-ecopper-ip-over-utp-coax","9":"product_tag-10-100-1000mbps","10":"product_tag-16-ports","11":"product_tag-eoc-poc","12":"product_tag-ip-sur-coaxial","13":"product_tag-poe","15":"first","16":"instock","17":"shipping-taxable","18":"product-type-simple"},"yoast_head":"<!-- This site is optimized with the Yoast SEO plugin v25.2 - https:\/\/yoast.com\/wordpress\/plugins\/seo\/ -->\n<title>eCopper\u2122 - EECF16-GN3-R-Rz-B - Bunker Seguridad<\/title>\n<meta name=\"description\" content=\"EECF16-GN3-R est un r\u00e9cepteur Ethernet over Coax (EoC) avec 16 ports coaxiaux avec Power Over Coax (PoC) et 3*10\/100\/1000M ports Ethernet.\" \/>\n<meta name=\"robots\" content=\"noindex, follow, max-snippet:-1, max-image-preview:large, max-video-preview:-1\" \/>\n<meta property=\"og:locale\" content=\"fr_FR\" \/>\n<meta property=\"og:type\" content=\"article\" \/>\n<meta property=\"og:title\" content=\"eCopper\u2122 - EECF16-GN3-R-Rz-B - Bunker Seguridad\" \/>\n<meta property=\"og:description\" content=\"EECF16-GN3-R est un r\u00e9cepteur Ethernet over Coax (EoC) avec 16 ports coaxiaux avec Power Over Coax (PoC) et 3*10\/100\/1000M ports Ethernet.\" \/>\n<meta property=\"og:url\" content=\"https:\/\/bunkerseguridad.com\/fr\/produit\/ecopper-eecf16-gn3-r-rz-b\/\" \/>\n<meta property=\"og:site_name\" content=\"Bunker Seguridad\" \/>\n<meta property=\"article:modified_time\" content=\"2021-03-02T12:19:07+00:00\" \/>\n<meta property=\"og:image\" content=\"https:\/\/bunkerseguridad.com\/fr\/wp-content\/uploads\/2020\/12\/ecopper-EECF16-GN3-R-Rz-B.png\" \/>\n\t<meta property=\"og:image:width\" content=\"1200\" \/>\n\t<meta property=\"og:image:height\" content=\"1200\" \/>\n\t<meta property=\"og:image:type\" content=\"image\/png\" \/>\n<meta name=\"twitter:card\" content=\"summary_large_image\" \/>\n<meta name=\"twitter:label1\" content=\"Dur\u00e9e de lecture estim\u00e9e\" \/>\n\t<meta name=\"twitter:data1\" content=\"2 minutes\" \/>\n<script type=\"application\/ld+json\" class=\"yoast-schema-graph\">{\"@context\":\"https:\/\/schema.org\",\"@graph\":[{\"@type\":\"WebPage\",\"@id\":\"https:\/\/bunkerseguridad.com\/fr\/produit\/ecopper-eecf16-gn3-r-rz-b\/\",\"url\":\"https:\/\/bunkerseguridad.com\/fr\/produit\/ecopper-eecf16-gn3-r-rz-b\/\",\"name\":\"eCopper\u2122 - EECF16-GN3-R-Rz-B - Bunker Seguridad\",\"isPartOf\":{\"@id\":\"https:\/\/bunkerseguridad.com\/fr\/#website\"},\"primaryImageOfPage\":{\"@id\":\"https:\/\/bunkerseguridad.com\/fr\/produit\/ecopper-eecf16-gn3-r-rz-b\/#primaryimage\"},\"image\":{\"@id\":\"https:\/\/bunkerseguridad.com\/fr\/produit\/ecopper-eecf16-gn3-r-rz-b\/#primaryimage\"},\"thumbnailUrl\":\"https:\/\/bunkerseguridad.com\/fr\/wp-content\/uploads\/2020\/12\/ecopper-EECF16-GN3-R-Rz-B.png\",\"datePublished\":\"2020-12-28T10:32:33+00:00\",\"dateModified\":\"2021-03-02T12:19:07+00:00\",\"description\":\"EECF16-GN3-R est un r\u00e9cepteur Ethernet over Coax (EoC) avec 16 ports coaxiaux avec Power Over Coax (PoC) et 3*10\/100\/1000M ports Ethernet.\",\"breadcrumb\":{\"@id\":\"https:\/\/bunkerseguridad.com\/fr\/produit\/ecopper-eecf16-gn3-r-rz-b\/#breadcrumb\"},\"inLanguage\":\"fr-FR\",\"potentialAction\":[{\"@type\":\"ReadAction\",\"target\":[\"https:\/\/bunkerseguridad.com\/fr\/produit\/ecopper-eecf16-gn3-r-rz-b\/\"]}]},{\"@type\":\"ImageObject\",\"inLanguage\":\"fr-FR\",\"@id\":\"https:\/\/bunkerseguridad.com\/fr\/produit\/ecopper-eecf16-gn3-r-rz-b\/#primaryimage\",\"url\":\"https:\/\/bunkerseguridad.com\/fr\/wp-content\/uploads\/2020\/12\/ecopper-EECF16-GN3-R-Rz-B.png\",\"contentUrl\":\"https:\/\/bunkerseguridad.com\/fr\/wp-content\/uploads\/2020\/12\/ecopper-EECF16-GN3-R-Rz-B.png\",\"width\":1200,\"height\":1200,\"caption\":\"L'EECF16-GN3-R est un commutateur Ethernet over Coax (EoC) avec 16 ports coaxiaux avec Power Over Coax (PoC) et 3 ports Ethernet 10\/100 \/ 1000M. Ce commutateur fournit la connectivit\u00e9 jusqu'\u00e0 16 unit\u00e9s \u00e9metteur PoC \/ PoE version EECF1-LS1-T-MN-B.\"},{\"@type\":\"BreadcrumbList\",\"@id\":\"https:\/\/bunkerseguridad.com\/fr\/produit\/ecopper-eecf16-gn3-r-rz-b\/#breadcrumb\",\"itemListElement\":[{\"@type\":\"ListItem\",\"position\":1,\"name\":\"Home\",\"item\":\"https:\/\/bunkerseguridad.com\/fr\/\"},{\"@type\":\"ListItem\",\"position\":2,\"name\":\"Shop\",\"item\":\"https:\/\/bunkerseguridad.com\/fr\/shop\/\"},{\"@type\":\"ListItem\",\"position\":3,\"name\":\"eCopper\u2122 &#8211; EECF16-GN3-R-Rz-B\"}]},{\"@type\":\"WebSite\",\"@id\":\"https:\/\/bunkerseguridad.com\/fr\/#website\",\"url\":\"https:\/\/bunkerseguridad.com\/fr\/\",\"name\":\"Bunker Seguridad\",\"description\":\"Otro sitio realizado con WordPress\",\"potentialAction\":[{\"@type\":\"SearchAction\",\"target\":{\"@type\":\"EntryPoint\",\"urlTemplate\":\"https:\/\/bunkerseguridad.com\/fr\/?s={search_term_string}\"},\"query-input\":{\"@type\":\"PropertyValueSpecification\",\"valueRequired\":true,\"valueName\":\"search_term_string\"}}],\"inLanguage\":\"fr-FR\"}]}<\/script>\n<!-- \/ Yoast SEO plugin. -->","yoast_head_json":{"title":"eCopper\u2122 - EECF16-GN3-R-Rz-B - Bunker Seguridad","description":"EECF16-GN3-R est un r\u00e9cepteur Ethernet over Coax (EoC) avec 16 ports coaxiaux avec Power Over Coax (PoC) et 3*10\/100\/1000M ports Ethernet.","robots":{"index":"noindex","follow":"follow","max-snippet":"max-snippet:-1","max-image-preview":"max-image-preview:large","max-video-preview":"max-video-preview:-1"},"og_locale":"fr_FR","og_type":"article","og_title":"eCopper\u2122 - EECF16-GN3-R-Rz-B - Bunker Seguridad","og_description":"EECF16-GN3-R est un r\u00e9cepteur Ethernet over Coax (EoC) avec 16 ports coaxiaux avec Power Over Coax (PoC) et 3*10\/100\/1000M ports Ethernet.","og_url":"https:\/\/bunkerseguridad.com\/fr\/produit\/ecopper-eecf16-gn3-r-rz-b\/","og_site_name":"Bunker Seguridad","article_modified_time":"2021-03-02T12:19:07+00:00","og_image":[{"width":1200,"height":1200,"url":"https:\/\/bunkerseguridad.com\/fr\/wp-content\/uploads\/2020\/12\/ecopper-EECF16-GN3-R-Rz-B.png","type":"image\/png"}],"twitter_card":"summary_large_image","twitter_misc":{"Dur\u00e9e de lecture estim\u00e9e":"2 minutes"},"schema":{"@context":"https:\/\/schema.org","@graph":[{"@type":"WebPage","@id":"https:\/\/bunkerseguridad.com\/fr\/produit\/ecopper-eecf16-gn3-r-rz-b\/","url":"https:\/\/bunkerseguridad.com\/fr\/produit\/ecopper-eecf16-gn3-r-rz-b\/","name":"eCopper\u2122 - EECF16-GN3-R-Rz-B - Bunker Seguridad","isPartOf":{"@id":"https:\/\/bunkerseguridad.com\/fr\/#website"},"primaryImageOfPage":{"@id":"https:\/\/bunkerseguridad.com\/fr\/produit\/ecopper-eecf16-gn3-r-rz-b\/#primaryimage"},"image":{"@id":"https:\/\/bunkerseguridad.com\/fr\/produit\/ecopper-eecf16-gn3-r-rz-b\/#primaryimage"},"thumbnailUrl":"https:\/\/bunkerseguridad.com\/fr\/wp-content\/uploads\/2020\/12\/ecopper-EECF16-GN3-R-Rz-B.png","datePublished":"2020-12-28T10:32:33+00:00","dateModified":"2021-03-02T12:19:07+00:00","description":"EECF16-GN3-R est un r\u00e9cepteur Ethernet over Coax (EoC) avec 16 ports coaxiaux avec Power Over Coax (PoC) et 3*10\/100\/1000M ports Ethernet.","breadcrumb":{"@id":"https:\/\/bunkerseguridad.com\/fr\/produit\/ecopper-eecf16-gn3-r-rz-b\/#breadcrumb"},"inLanguage":"fr-FR","potentialAction":[{"@type":"ReadAction","target":["https:\/\/bunkerseguridad.com\/fr\/produit\/ecopper-eecf16-gn3-r-rz-b\/"]}]},{"@type":"ImageObject","inLanguage":"fr-FR","@id":"https:\/\/bunkerseguridad.com\/fr\/produit\/ecopper-eecf16-gn3-r-rz-b\/#primaryimage","url":"https:\/\/bunkerseguridad.com\/fr\/wp-content\/uploads\/2020\/12\/ecopper-EECF16-GN3-R-Rz-B.png","contentUrl":"https:\/\/bunkerseguridad.com\/fr\/wp-content\/uploads\/2020\/12\/ecopper-EECF16-GN3-R-Rz-B.png","width":1200,"height":1200,"caption":"L'EECF16-GN3-R est un commutateur Ethernet over Coax (EoC) avec 16 ports coaxiaux avec Power Over Coax (PoC) et 3 ports Ethernet 10\/100 \/ 1000M. Ce commutateur fournit la connectivit\u00e9 jusqu'\u00e0 16 unit\u00e9s \u00e9metteur PoC \/ PoE version EECF1-LS1-T-MN-B."},{"@type":"BreadcrumbList","@id":"https:\/\/bunkerseguridad.com\/fr\/produit\/ecopper-eecf16-gn3-r-rz-b\/#breadcrumb","itemListElement":[{"@type":"ListItem","position":1,"name":"Home","item":"https:\/\/bunkerseguridad.com\/fr\/"},{"@type":"ListItem","position":2,"name":"Shop","item":"https:\/\/bunkerseguridad.com\/fr\/shop\/"},{"@type":"ListItem","position":3,"name":"eCopper\u2122 &#8211; EECF16-GN3-R-Rz-B"}]},{"@type":"WebSite","@id":"https:\/\/bunkerseguridad.com\/fr\/#website","url":"https:\/\/bunkerseguridad.com\/fr\/","name":"Bunker Seguridad","description":"Otro sitio realizado con WordPress","potentialAction":[{"@type":"SearchAction","target":{"@type":"EntryPoint","urlTemplate":"https:\/\/bunkerseguridad.com\/fr\/?s={search_term_string}"},"query-input":{"@type":"PropertyValueSpecification","valueRequired":true,"valueName":"search_term_string"}}],"inLanguage":"fr-FR"}]}},"brands":[{"id":206,"name":"KBC Networks","slug":"kbc-networks"}],"_links":{"self":[{"href":"https:\/\/bunkerseguridad.com\/fr\/wp-json\/wp\/v2\/product\/6321","targetHints":{"allow":["GET"]}}],"collection":[{"href":"https:\/\/bunkerseguridad.com\/fr\/wp-json\/wp\/v2\/product"}],"about":[{"href":"https:\/\/bunkerseguridad.com\/fr\/wp-json\/wp\/v2\/types\/product"}],"wp:featuredmedia":[{"embeddable":true,"href":"https:\/\/bunkerseguridad.com\/fr\/wp-json\/wp\/v2\/media\/6323"}],"wp:attachment":[{"href":"https:\/\/bunkerseguridad.com\/fr\/wp-json\/wp\/v2\/media?parent=6321"}],"wp:term":[{"taxonomy":"pwb-brand","embeddable":true,"href":"https:\/\/bunkerseguridad.com\/fr\/wp-json\/wp\/v2\/pwb-brand?post=6321"},{"taxonomy":"product_brand","embeddable":true,"href":"https:\/\/bunkerseguridad.com\/fr\/wp-json\/wp\/v2\/product_brand?post=6321"},{"taxonomy":"product_cat","embeddable":true,"href":"https:\/\/bunkerseguridad.com\/fr\/wp-json\/wp\/v2\/product_cat?post=6321"},{"taxonomy":"product_tag","embeddable":true,"href":"https:\/\/bunkerseguridad.com\/fr\/wp-json\/wp\/v2\/product_tag?post=6321"}],"curies":[{"name":"wp","href":"https:\/\/api.w.org\/{rel}","templated":true}]}}