{"id":6312,"date":"2020-12-28T09:26:15","date_gmt":"2020-12-28T09:26:15","guid":{"rendered":"http:\/\/www.bunkerseguridad.es\/en\/?post_type=product&#038;p=6312"},"modified":"2021-03-02T11:56:36","modified_gmt":"2021-03-02T11:56:36","slug":"ecopper-eecf1-ls4-t-wn-b","status":"publish","type":"product","link":"https:\/\/bunkerseguridad.com\/fr\/produit\/ecopper-eecf1-ls4-t-wn-b\/","title":{"rendered":"eCopper\u2122 &#8211; EECF1-LS4-T-WN-B"},"content":{"rendered":"<p><strong>The KBC eCopper\u2122<\/strong> <strong>The KBC EECF1-LN1-R-MN-B <\/strong>est un \u00e9metteur Ethernet over coaxial enti\u00e8rement durci. Ce transmetteur offre une connectivit\u00e9 pour quatre ports en cuivre \u00e0 paires torsad\u00e9es 10\/100 Mbps selon la norme IEEE sur un c\u00e2ble coaxial de 75 ohms. L&rsquo;alimentation est fournie par le r\u00e9cepteur de t\u00eate de r\u00e9seau EECF1-LN1-R via le c\u00e2ble coaxial gr\u00e2ce \u00e0 la technologie Power over Coax (PoC). Cet \u00e9metteur prend en charge la technologie PoE\/PoE+. Diff\u00e9rents d\u00e9bits de donn\u00e9es sont pris en charge en fonction de la distance et de la qualit\u00e9 du c\u00e2ble. La conception plug-and-play assure une installation facile avec n4 ports UTP avec ou sans PoW.<\/p>\n<p><strong>Caract\u00e9ristiques:<\/strong><\/p>\n<ul>\n<li>Conforme \u00e0 la norme 802.3af\/802.3at<\/li>\n<li>PoE+ (30W) et Power over Coax<\/li>\n<li>D\u00e9bit de donn\u00e9es coaxial &gt;50Mbps (300m) bas\u00e9 sur la qualit\u00e9 coaxiale<\/li>\n<li>Le PoE+ est pris en charge jusqu&rsquo;\u00e0 300 m en fonction de la qualit\u00e9 du c\u00e2ble coaxial et de la tension appliqu\u00e9e \u00e0 la t\u00eate de r\u00e9seau<\/li>\n<li>Aliment\u00e9 par PoC \u00e0 partir du r\u00e9cepteur EECF1-LN1-R de la t\u00eate de r\u00e9seau (30W max. partag\u00e9s par les 4 ports)<\/li>\n<li>Conception compl\u00e8te de la protection, y compris la protection contre les surtensions et la foudre<\/li>\n<li>Conception unique de protection de la transmission du PoC avec une t\u00eate de r\u00e9ception \u00e0 1 canal<\/li>\n<li>Gestion des PoC<\/li>\n<li>Alimentation \u00e9lectrique locale<\/li>\n<\/ul>\n","protected":false},"excerpt":{"rendered":"<p class=\"componentheading djc_page_heading\"><strong>eCopper\u2122 &#8211; The KBC EECF1-LN1-R-MN-B<\/strong> est un \u00e9metteur Ethernet over coaxial enti\u00e8rement durci. Transmetteur industriel Ethernet sur coaxial \u00e0 4 canaux avec gestion PoC\/PoE+, 1 BNC fixe, 4*10\/100M Base-T RJ-45 ports avec PoE+, entr\u00e9e PoC 30W ou alimentation 48~57VDC en option vendue s\u00e9par\u00e9ment. Module compact avec montage par clip.<\/p>\n","protected":false},"featured_media":6313,"template":"","meta":{"_et_pb_use_builder":"","_et_pb_old_content":"","_et_gb_content_width":""},"pwb-brand":[206],"product_brand":[],"product_cat":[31,36],"product_tag":[155,165,163,146],"class_list":{"0":"post-6312","1":"product","2":"type-product","3":"status-publish","4":"has-post-thumbnail","6":"pwb-brand-kbc-networks","7":"product_cat-transmission-des-donnees","8":"product_cat-ecopper-ip-over-utp-coax","9":"product_tag-10-100mbps","10":"product_tag-eoc-poc","11":"product_tag-ip-sur-coaxial","12":"product_tag-poe","14":"first","15":"instock","16":"shipping-taxable","17":"product-type-simple"},"yoast_head":"<!-- This site is optimized with the Yoast SEO plugin v25.2 - https:\/\/yoast.com\/wordpress\/plugins\/seo\/ -->\n<title>eCopper\u2122 - EECF1-LS4-T-WN-B - Bunker Seguridad<\/title>\n<meta name=\"description\" content=\"Est un \u00e9metteur Ethernet over coaxial enti\u00e8rement durci. Cet \u00e9metteur prend en charge la technologie PoE\/PoE+\" \/>\n<meta name=\"robots\" content=\"noindex, follow, max-snippet:-1, max-image-preview:large, max-video-preview:-1\" \/>\n<meta property=\"og:locale\" content=\"fr_FR\" \/>\n<meta property=\"og:type\" content=\"article\" \/>\n<meta property=\"og:title\" content=\"eCopper\u2122 - EECF1-LS4-T-WN-B - Bunker Seguridad\" \/>\n<meta property=\"og:description\" content=\"Est un \u00e9metteur Ethernet over coaxial enti\u00e8rement durci. Cet \u00e9metteur prend en charge la technologie PoE\/PoE+\" \/>\n<meta property=\"og:url\" content=\"https:\/\/bunkerseguridad.com\/fr\/produit\/ecopper-eecf1-ls4-t-wn-b\/\" \/>\n<meta property=\"og:site_name\" content=\"Bunker Seguridad\" \/>\n<meta property=\"article:modified_time\" content=\"2021-03-02T11:56:36+00:00\" \/>\n<meta property=\"og:image\" content=\"https:\/\/bunkerseguridad.com\/fr\/wp-content\/uploads\/2020\/12\/ecopper-EECF1-LS4-T-WN-B.png\" \/>\n\t<meta property=\"og:image:width\" content=\"1200\" \/>\n\t<meta property=\"og:image:height\" content=\"1200\" \/>\n\t<meta property=\"og:image:type\" content=\"image\/png\" \/>\n<meta name=\"twitter:card\" content=\"summary_large_image\" \/>\n<meta name=\"twitter:label1\" content=\"Dur\u00e9e de lecture estim\u00e9e\" \/>\n\t<meta name=\"twitter:data1\" content=\"1 minute\" \/>\n<script type=\"application\/ld+json\" class=\"yoast-schema-graph\">{\"@context\":\"https:\/\/schema.org\",\"@graph\":[{\"@type\":\"WebPage\",\"@id\":\"https:\/\/bunkerseguridad.com\/fr\/produit\/ecopper-eecf1-ls4-t-wn-b\/\",\"url\":\"https:\/\/bunkerseguridad.com\/fr\/produit\/ecopper-eecf1-ls4-t-wn-b\/\",\"name\":\"eCopper\u2122 - EECF1-LS4-T-WN-B - Bunker Seguridad\",\"isPartOf\":{\"@id\":\"https:\/\/bunkerseguridad.com\/fr\/#website\"},\"primaryImageOfPage\":{\"@id\":\"https:\/\/bunkerseguridad.com\/fr\/produit\/ecopper-eecf1-ls4-t-wn-b\/#primaryimage\"},\"image\":{\"@id\":\"https:\/\/bunkerseguridad.com\/fr\/produit\/ecopper-eecf1-ls4-t-wn-b\/#primaryimage\"},\"thumbnailUrl\":\"https:\/\/bunkerseguridad.com\/fr\/wp-content\/uploads\/2020\/12\/ecopper-EECF1-LS4-T-WN-B.png\",\"datePublished\":\"2020-12-28T09:26:15+00:00\",\"dateModified\":\"2021-03-02T11:56:36+00:00\",\"description\":\"Est un \u00e9metteur Ethernet over coaxial enti\u00e8rement durci. Cet \u00e9metteur prend en charge la technologie PoE\/PoE+\",\"breadcrumb\":{\"@id\":\"https:\/\/bunkerseguridad.com\/fr\/produit\/ecopper-eecf1-ls4-t-wn-b\/#breadcrumb\"},\"inLanguage\":\"fr-FR\",\"potentialAction\":[{\"@type\":\"ReadAction\",\"target\":[\"https:\/\/bunkerseguridad.com\/fr\/produit\/ecopper-eecf1-ls4-t-wn-b\/\"]}]},{\"@type\":\"ImageObject\",\"inLanguage\":\"fr-FR\",\"@id\":\"https:\/\/bunkerseguridad.com\/fr\/produit\/ecopper-eecf1-ls4-t-wn-b\/#primaryimage\",\"url\":\"https:\/\/bunkerseguridad.com\/fr\/wp-content\/uploads\/2020\/12\/ecopper-EECF1-LS4-T-WN-B.png\",\"contentUrl\":\"https:\/\/bunkerseguridad.com\/fr\/wp-content\/uploads\/2020\/12\/ecopper-EECF1-LS4-T-WN-B.png\",\"width\":1200,\"height\":1200,\"caption\":\"Le KBC EECF1-LS4-T-WN-B est un \u00e9metteur Ethernet sur coaxial enti\u00e8rement renforc\u00e9\"},{\"@type\":\"BreadcrumbList\",\"@id\":\"https:\/\/bunkerseguridad.com\/fr\/produit\/ecopper-eecf1-ls4-t-wn-b\/#breadcrumb\",\"itemListElement\":[{\"@type\":\"ListItem\",\"position\":1,\"name\":\"Home\",\"item\":\"https:\/\/bunkerseguridad.com\/fr\/\"},{\"@type\":\"ListItem\",\"position\":2,\"name\":\"Shop\",\"item\":\"https:\/\/bunkerseguridad.com\/fr\/shop\/\"},{\"@type\":\"ListItem\",\"position\":3,\"name\":\"eCopper\u2122 &#8211; EECF1-LS4-T-WN-B\"}]},{\"@type\":\"WebSite\",\"@id\":\"https:\/\/bunkerseguridad.com\/fr\/#website\",\"url\":\"https:\/\/bunkerseguridad.com\/fr\/\",\"name\":\"Bunker Seguridad\",\"description\":\"Otro sitio realizado con WordPress\",\"potentialAction\":[{\"@type\":\"SearchAction\",\"target\":{\"@type\":\"EntryPoint\",\"urlTemplate\":\"https:\/\/bunkerseguridad.com\/fr\/?s={search_term_string}\"},\"query-input\":{\"@type\":\"PropertyValueSpecification\",\"valueRequired\":true,\"valueName\":\"search_term_string\"}}],\"inLanguage\":\"fr-FR\"}]}<\/script>\n<!-- \/ Yoast SEO plugin. -->","yoast_head_json":{"title":"eCopper\u2122 - EECF1-LS4-T-WN-B - Bunker Seguridad","description":"Est un \u00e9metteur Ethernet over coaxial enti\u00e8rement durci. Cet \u00e9metteur prend en charge la technologie PoE\/PoE+","robots":{"index":"noindex","follow":"follow","max-snippet":"max-snippet:-1","max-image-preview":"max-image-preview:large","max-video-preview":"max-video-preview:-1"},"og_locale":"fr_FR","og_type":"article","og_title":"eCopper\u2122 - EECF1-LS4-T-WN-B - Bunker Seguridad","og_description":"Est un \u00e9metteur Ethernet over coaxial enti\u00e8rement durci. Cet \u00e9metteur prend en charge la technologie PoE\/PoE+","og_url":"https:\/\/bunkerseguridad.com\/fr\/produit\/ecopper-eecf1-ls4-t-wn-b\/","og_site_name":"Bunker Seguridad","article_modified_time":"2021-03-02T11:56:36+00:00","og_image":[{"width":1200,"height":1200,"url":"https:\/\/bunkerseguridad.com\/fr\/wp-content\/uploads\/2020\/12\/ecopper-EECF1-LS4-T-WN-B.png","type":"image\/png"}],"twitter_card":"summary_large_image","twitter_misc":{"Dur\u00e9e de lecture estim\u00e9e":"1 minute"},"schema":{"@context":"https:\/\/schema.org","@graph":[{"@type":"WebPage","@id":"https:\/\/bunkerseguridad.com\/fr\/produit\/ecopper-eecf1-ls4-t-wn-b\/","url":"https:\/\/bunkerseguridad.com\/fr\/produit\/ecopper-eecf1-ls4-t-wn-b\/","name":"eCopper\u2122 - EECF1-LS4-T-WN-B - Bunker Seguridad","isPartOf":{"@id":"https:\/\/bunkerseguridad.com\/fr\/#website"},"primaryImageOfPage":{"@id":"https:\/\/bunkerseguridad.com\/fr\/produit\/ecopper-eecf1-ls4-t-wn-b\/#primaryimage"},"image":{"@id":"https:\/\/bunkerseguridad.com\/fr\/produit\/ecopper-eecf1-ls4-t-wn-b\/#primaryimage"},"thumbnailUrl":"https:\/\/bunkerseguridad.com\/fr\/wp-content\/uploads\/2020\/12\/ecopper-EECF1-LS4-T-WN-B.png","datePublished":"2020-12-28T09:26:15+00:00","dateModified":"2021-03-02T11:56:36+00:00","description":"Est un \u00e9metteur Ethernet over coaxial enti\u00e8rement durci. Cet \u00e9metteur prend en charge la technologie PoE\/PoE+","breadcrumb":{"@id":"https:\/\/bunkerseguridad.com\/fr\/produit\/ecopper-eecf1-ls4-t-wn-b\/#breadcrumb"},"inLanguage":"fr-FR","potentialAction":[{"@type":"ReadAction","target":["https:\/\/bunkerseguridad.com\/fr\/produit\/ecopper-eecf1-ls4-t-wn-b\/"]}]},{"@type":"ImageObject","inLanguage":"fr-FR","@id":"https:\/\/bunkerseguridad.com\/fr\/produit\/ecopper-eecf1-ls4-t-wn-b\/#primaryimage","url":"https:\/\/bunkerseguridad.com\/fr\/wp-content\/uploads\/2020\/12\/ecopper-EECF1-LS4-T-WN-B.png","contentUrl":"https:\/\/bunkerseguridad.com\/fr\/wp-content\/uploads\/2020\/12\/ecopper-EECF1-LS4-T-WN-B.png","width":1200,"height":1200,"caption":"Le KBC EECF1-LS4-T-WN-B est un \u00e9metteur Ethernet sur coaxial enti\u00e8rement renforc\u00e9"},{"@type":"BreadcrumbList","@id":"https:\/\/bunkerseguridad.com\/fr\/produit\/ecopper-eecf1-ls4-t-wn-b\/#breadcrumb","itemListElement":[{"@type":"ListItem","position":1,"name":"Home","item":"https:\/\/bunkerseguridad.com\/fr\/"},{"@type":"ListItem","position":2,"name":"Shop","item":"https:\/\/bunkerseguridad.com\/fr\/shop\/"},{"@type":"ListItem","position":3,"name":"eCopper\u2122 &#8211; EECF1-LS4-T-WN-B"}]},{"@type":"WebSite","@id":"https:\/\/bunkerseguridad.com\/fr\/#website","url":"https:\/\/bunkerseguridad.com\/fr\/","name":"Bunker Seguridad","description":"Otro sitio realizado con WordPress","potentialAction":[{"@type":"SearchAction","target":{"@type":"EntryPoint","urlTemplate":"https:\/\/bunkerseguridad.com\/fr\/?s={search_term_string}"},"query-input":{"@type":"PropertyValueSpecification","valueRequired":true,"valueName":"search_term_string"}}],"inLanguage":"fr-FR"}]}},"brands":[{"id":206,"name":"KBC Networks","slug":"kbc-networks"}],"_links":{"self":[{"href":"https:\/\/bunkerseguridad.com\/fr\/wp-json\/wp\/v2\/product\/6312","targetHints":{"allow":["GET"]}}],"collection":[{"href":"https:\/\/bunkerseguridad.com\/fr\/wp-json\/wp\/v2\/product"}],"about":[{"href":"https:\/\/bunkerseguridad.com\/fr\/wp-json\/wp\/v2\/types\/product"}],"wp:featuredmedia":[{"embeddable":true,"href":"https:\/\/bunkerseguridad.com\/fr\/wp-json\/wp\/v2\/media\/6313"}],"wp:attachment":[{"href":"https:\/\/bunkerseguridad.com\/fr\/wp-json\/wp\/v2\/media?parent=6312"}],"wp:term":[{"taxonomy":"pwb-brand","embeddable":true,"href":"https:\/\/bunkerseguridad.com\/fr\/wp-json\/wp\/v2\/pwb-brand?post=6312"},{"taxonomy":"product_brand","embeddable":true,"href":"https:\/\/bunkerseguridad.com\/fr\/wp-json\/wp\/v2\/product_brand?post=6312"},{"taxonomy":"product_cat","embeddable":true,"href":"https:\/\/bunkerseguridad.com\/fr\/wp-json\/wp\/v2\/product_cat?post=6312"},{"taxonomy":"product_tag","embeddable":true,"href":"https:\/\/bunkerseguridad.com\/fr\/wp-json\/wp\/v2\/product_tag?post=6312"}],"curies":[{"name":"wp","href":"https:\/\/api.w.org\/{rel}","templated":true}]}}