{"id":6183,"date":"2020-12-23T12:32:53","date_gmt":"2020-12-23T12:32:53","guid":{"rendered":"http:\/\/www.bunkerseguridad.es\/en\/?post_type=product&#038;p=6183"},"modified":"2021-03-04T12:23:37","modified_gmt":"2021-03-04T12:23:37","slug":"ecopper-eerf1-ls1-t-in-b","status":"publish","type":"product","link":"https:\/\/bunkerseguridad.com\/fr\/produit\/ecopper-eerf1-ls1-t-in-b\/","title":{"rendered":"eCopper\u2122 &#8211; EERF1-LS1-T-IN-B"},"content":{"rendered":"<p><strong>La gamme de produits KBC eCopper\u2122 offre un moyen \u00e9conomique de connecter les derni\u00e8res cam\u00e9ras IP \u00e0 une station de surveillance \u00e0 distance en utilisant le c\u00e2blage coaxial ou en cuivre (UTP) existant.<\/strong> Outre les \u00e9conomies de temps et d&rsquo;argent r\u00e9alis\u00e9es gr\u00e2ce \u00e0 la mise \u00e0 niveau de l&rsquo;infrastructure de c\u00e2blage en CAT5\/5e\/6, eCopper\u2122 alimente \u00e0 la fois son \u00e9metteur et les cam\u00e9ras distantes, ce qui \u00e9limine la n\u00e9cessit\u00e9 d&rsquo;une source d&rsquo;alimentation suppl\u00e9mentaire sur le site de la cam\u00e9ra. eCopper\u2122 \u00e9tend \u00e9galement la distance de c\u00e2blage des cam\u00e9ras IP de 100 \u00e0 300 m\u00e8tres, ce qui en fait un outil id\u00e9al pour la mise \u00e0 niveau des cam\u00e9ras analogiques vers les cam\u00e9ras IP et d&rsquo;autres syst\u00e8mes dans les grands b\u00e2timents d&rsquo;entreprise, les commerces de d\u00e9tail, les casinos, les banques, les prisons, les stades et d&rsquo;autres applications.<br \/>\n<strong>Le KBC EECF1-LS1-T-IN-B est un transmetteur Ethernet sur coaxial enti\u00e8rement durci.<\/strong> Ce transmetteur offre une connectivit\u00e9 pour un port en cuivre \u00e0 paires torsad\u00e9es 10\/100 Mbps conforme aux Standards IEEE sur un c\u00e2ble coaxial de 75 ohms. L&rsquo;alimentation est fournie par l&rsquo;un des r\u00e9cepteurs de t\u00eate de r\u00e9seau, EECF16-GN3-R, EECF8-GN3-R, EECF4-DN1-R ou EECF1-LN1 -R Ethernet over coaxial, via le c\u00e2ble coaxial, gr\u00e2ce \u00e0 la technologie Power over Coax (PoC). Cet \u00e9metteur prend en charge la technologie PoE\/PoE+. Diff\u00e9rents d\u00e9bits de donn\u00e9es sont pris en charge en fonction de la distance et de la qualit\u00e9 du c\u00e2ble. La conception plug-and-play garantit une installation facile sans aucun r\u00e9glage \u00e9lectrique. Des indicateurs LED sont fournis pour indiquer l&rsquo;\u00e9tat de fonctionnement de l&rsquo;unit\u00e9.<br \/>\nLes ports Ethernet et coaxiaux de l&rsquo;\u00e9metteur comprennent des c\u00e2bles volants. Sa taille est adapt\u00e9e \u00e0 un montage \u00e0 l&rsquo;int\u00e9rieur d&rsquo;un bo\u00eetier de cam\u00e9ra et dans les endroits o\u00f9 l&rsquo;espace est minimal.<\/p>\n<p><strong>Caract\u00e9ristiques:<\/strong><\/p>\n<ul>\n<li>Conforme \u00e0 la norme 3af\/802.3at<\/li>\n<li>PoE+ (30W) et Power over Coax<\/li>\n<li>Les ports Ethernet et coaxiaux de l&rsquo;\u00e9metteur comprennent des c\u00e2bles volants<\/li>\n<li>D\u00e9bit de donn\u00e9es coaxial &gt;50Mbps (300m) bas\u00e9 sur la qualit\u00e9 coaxiale<\/li>\n<li>Le PoE+ est pris en charge jusqu&rsquo;\u00e0 300 m en fonction de la qualit\u00e9 du c\u00e2ble coaxial et de la tension appliqu\u00e9e \u00e0 la t\u00eate de r\u00e9seau &#8211; aliment\u00e9 par le PoC depuis la t\u00eate de r\u00e9seau : EECF16-<\/li>\n<li>GN3-R, EECF8-GN3-R, EECF4-DN1-R, ou EECF1-LN1-R<\/li>\n<li>Conception compl\u00e8te de la protection, y compris la protection contre les surtensions et la foudre<\/li>\n<li>Conception unique de protection des transmissions par PoC avec r\u00e9cepteur \u00e0 1, 4, 8 et 16 canaux \u00e0 la t\u00eate de r\u00e9seau<\/li>\n<\/ul>\n","protected":false},"excerpt":{"rendered":"<p class=\"componentheading djc_page_heading\"><strong>eCopper \u2122 &#8211; IP sur coaxial Le KBC EECF1-LS1-T-IN-B est un \u00e9metteur Ethernet sur coaxial monocanal enti\u00e8rement durci, 1 canal Ethernet industriel sur \u00e9metteur UTP.<\/strong> EoU \/ PoW \/ PoE+, (1) port Ethernet, 10 \/ 100Mbps \u00e0 d\u00e9tection automatique, 30W endspan 802.3at PoE+. (1) Plomb volant de port UTP, EoU \/ PoW, aliment\u00e9 par le r\u00e9cepteur de la s\u00e9rie EERF. Module compact avec fermeture Velcro.<\/p>\n","protected":false},"featured_media":6194,"template":"","meta":{"_et_pb_use_builder":"","_et_pb_old_content":"","_et_gb_content_width":""},"pwb-brand":[206],"product_brand":[],"product_cat":[31,36],"product_tag":[155,163,146],"class_list":{"0":"post-6183","1":"product","2":"type-product","3":"status-publish","4":"has-post-thumbnail","6":"pwb-brand-kbc-networks","7":"product_cat-transmission-des-donnees","8":"product_cat-ecopper-ip-over-utp-coax","9":"product_tag-10-100mbps","10":"product_tag-ip-sur-coaxial","11":"product_tag-poe","13":"first","14":"instock","15":"shipping-taxable","16":"product-type-simple"},"yoast_head":"<!-- This site is optimized with the Yoast SEO plugin v25.2 - https:\/\/yoast.com\/wordpress\/plugins\/seo\/ -->\n<title>eCopper\u2122 - EERF1-LS1-T-IN-B - Bunker Seguridad<\/title>\n<meta name=\"description\" content=\"KBC \u00e9Copper\u2122 \u00e9conomique connecter les cam\u00e9ras IP \u00e0 une station de surveillance \u00e0 distance avec c\u00e2blage coaxial ou en cuivre (UTP) existant.\" \/>\n<meta name=\"robots\" content=\"noindex, follow, max-snippet:-1, max-image-preview:large, max-video-preview:-1\" \/>\n<meta property=\"og:locale\" content=\"fr_FR\" \/>\n<meta property=\"og:type\" content=\"article\" \/>\n<meta property=\"og:title\" content=\"eCopper\u2122 - EERF1-LS1-T-IN-B - Bunker Seguridad\" \/>\n<meta property=\"og:description\" content=\"KBC \u00e9Copper\u2122 \u00e9conomique connecter les cam\u00e9ras IP \u00e0 une station de surveillance \u00e0 distance avec c\u00e2blage coaxial ou en cuivre (UTP) existant.\" \/>\n<meta property=\"og:url\" content=\"https:\/\/bunkerseguridad.com\/fr\/produit\/ecopper-eerf1-ls1-t-in-b\/\" \/>\n<meta property=\"og:site_name\" content=\"Bunker Seguridad\" \/>\n<meta property=\"article:modified_time\" content=\"2021-03-04T12:23:37+00:00\" \/>\n<meta property=\"og:image\" content=\"https:\/\/bunkerseguridad.com\/fr\/wp-content\/uploads\/2020\/12\/EECF1-LS1-T-IN-B-eCopper-Extended-Ethernet-Modules-over-Coax-1.png\" \/>\n\t<meta property=\"og:image:width\" content=\"1200\" \/>\n\t<meta property=\"og:image:height\" content=\"1200\" \/>\n\t<meta property=\"og:image:type\" content=\"image\/png\" \/>\n<meta name=\"twitter:card\" content=\"summary_large_image\" \/>\n<meta name=\"twitter:label1\" content=\"Dur\u00e9e de lecture estim\u00e9e\" \/>\n\t<meta name=\"twitter:data1\" content=\"2 minutes\" \/>\n<script type=\"application\/ld+json\" class=\"yoast-schema-graph\">{\"@context\":\"https:\/\/schema.org\",\"@graph\":[{\"@type\":\"WebPage\",\"@id\":\"https:\/\/bunkerseguridad.com\/fr\/produit\/ecopper-eerf1-ls1-t-in-b\/\",\"url\":\"https:\/\/bunkerseguridad.com\/fr\/produit\/ecopper-eerf1-ls1-t-in-b\/\",\"name\":\"eCopper\u2122 - EERF1-LS1-T-IN-B - Bunker Seguridad\",\"isPartOf\":{\"@id\":\"https:\/\/bunkerseguridad.com\/fr\/#website\"},\"primaryImageOfPage\":{\"@id\":\"https:\/\/bunkerseguridad.com\/fr\/produit\/ecopper-eerf1-ls1-t-in-b\/#primaryimage\"},\"image\":{\"@id\":\"https:\/\/bunkerseguridad.com\/fr\/produit\/ecopper-eerf1-ls1-t-in-b\/#primaryimage\"},\"thumbnailUrl\":\"https:\/\/bunkerseguridad.com\/fr\/wp-content\/uploads\/2020\/12\/EECF1-LS1-T-IN-B-eCopper-Extended-Ethernet-Modules-over-Coax-1.png\",\"datePublished\":\"2020-12-23T12:32:53+00:00\",\"dateModified\":\"2021-03-04T12:23:37+00:00\",\"description\":\"KBC \u00e9Copper\u2122 \u00e9conomique connecter les cam\u00e9ras IP \u00e0 une station de surveillance \u00e0 distance avec c\u00e2blage coaxial ou en cuivre (UTP) existant.\",\"breadcrumb\":{\"@id\":\"https:\/\/bunkerseguridad.com\/fr\/produit\/ecopper-eerf1-ls1-t-in-b\/#breadcrumb\"},\"inLanguage\":\"fr-FR\",\"potentialAction\":[{\"@type\":\"ReadAction\",\"target\":[\"https:\/\/bunkerseguridad.com\/fr\/produit\/ecopper-eerf1-ls1-t-in-b\/\"]}]},{\"@type\":\"ImageObject\",\"inLanguage\":\"fr-FR\",\"@id\":\"https:\/\/bunkerseguridad.com\/fr\/produit\/ecopper-eerf1-ls1-t-in-b\/#primaryimage\",\"url\":\"https:\/\/bunkerseguridad.com\/fr\/wp-content\/uploads\/2020\/12\/EECF1-LS1-T-IN-B-eCopper-Extended-Ethernet-Modules-over-Coax-1.png\",\"contentUrl\":\"https:\/\/bunkerseguridad.com\/fr\/wp-content\/uploads\/2020\/12\/EECF1-LS1-T-IN-B-eCopper-Extended-Ethernet-Modules-over-Coax-1.png\",\"width\":1200,\"height\":1200,\"caption\":\"The KBC eCopper\"},{\"@type\":\"BreadcrumbList\",\"@id\":\"https:\/\/bunkerseguridad.com\/fr\/produit\/ecopper-eerf1-ls1-t-in-b\/#breadcrumb\",\"itemListElement\":[{\"@type\":\"ListItem\",\"position\":1,\"name\":\"Home\",\"item\":\"https:\/\/bunkerseguridad.com\/fr\/\"},{\"@type\":\"ListItem\",\"position\":2,\"name\":\"Shop\",\"item\":\"https:\/\/bunkerseguridad.com\/fr\/shop\/\"},{\"@type\":\"ListItem\",\"position\":3,\"name\":\"eCopper\u2122 &#8211; EERF1-LS1-T-IN-B\"}]},{\"@type\":\"WebSite\",\"@id\":\"https:\/\/bunkerseguridad.com\/fr\/#website\",\"url\":\"https:\/\/bunkerseguridad.com\/fr\/\",\"name\":\"Bunker Seguridad\",\"description\":\"Otro sitio realizado con WordPress\",\"potentialAction\":[{\"@type\":\"SearchAction\",\"target\":{\"@type\":\"EntryPoint\",\"urlTemplate\":\"https:\/\/bunkerseguridad.com\/fr\/?s={search_term_string}\"},\"query-input\":{\"@type\":\"PropertyValueSpecification\",\"valueRequired\":true,\"valueName\":\"search_term_string\"}}],\"inLanguage\":\"fr-FR\"}]}<\/script>\n<!-- \/ Yoast SEO plugin. -->","yoast_head_json":{"title":"eCopper\u2122 - EERF1-LS1-T-IN-B - Bunker Seguridad","description":"KBC \u00e9Copper\u2122 \u00e9conomique connecter les cam\u00e9ras IP \u00e0 une station de surveillance \u00e0 distance avec c\u00e2blage coaxial ou en cuivre (UTP) existant.","robots":{"index":"noindex","follow":"follow","max-snippet":"max-snippet:-1","max-image-preview":"max-image-preview:large","max-video-preview":"max-video-preview:-1"},"og_locale":"fr_FR","og_type":"article","og_title":"eCopper\u2122 - EERF1-LS1-T-IN-B - Bunker Seguridad","og_description":"KBC \u00e9Copper\u2122 \u00e9conomique connecter les cam\u00e9ras IP \u00e0 une station de surveillance \u00e0 distance avec c\u00e2blage coaxial ou en cuivre (UTP) existant.","og_url":"https:\/\/bunkerseguridad.com\/fr\/produit\/ecopper-eerf1-ls1-t-in-b\/","og_site_name":"Bunker Seguridad","article_modified_time":"2021-03-04T12:23:37+00:00","og_image":[{"width":1200,"height":1200,"url":"https:\/\/bunkerseguridad.com\/fr\/wp-content\/uploads\/2020\/12\/EECF1-LS1-T-IN-B-eCopper-Extended-Ethernet-Modules-over-Coax-1.png","type":"image\/png"}],"twitter_card":"summary_large_image","twitter_misc":{"Dur\u00e9e de lecture estim\u00e9e":"2 minutes"},"schema":{"@context":"https:\/\/schema.org","@graph":[{"@type":"WebPage","@id":"https:\/\/bunkerseguridad.com\/fr\/produit\/ecopper-eerf1-ls1-t-in-b\/","url":"https:\/\/bunkerseguridad.com\/fr\/produit\/ecopper-eerf1-ls1-t-in-b\/","name":"eCopper\u2122 - EERF1-LS1-T-IN-B - Bunker Seguridad","isPartOf":{"@id":"https:\/\/bunkerseguridad.com\/fr\/#website"},"primaryImageOfPage":{"@id":"https:\/\/bunkerseguridad.com\/fr\/produit\/ecopper-eerf1-ls1-t-in-b\/#primaryimage"},"image":{"@id":"https:\/\/bunkerseguridad.com\/fr\/produit\/ecopper-eerf1-ls1-t-in-b\/#primaryimage"},"thumbnailUrl":"https:\/\/bunkerseguridad.com\/fr\/wp-content\/uploads\/2020\/12\/EECF1-LS1-T-IN-B-eCopper-Extended-Ethernet-Modules-over-Coax-1.png","datePublished":"2020-12-23T12:32:53+00:00","dateModified":"2021-03-04T12:23:37+00:00","description":"KBC \u00e9Copper\u2122 \u00e9conomique connecter les cam\u00e9ras IP \u00e0 une station de surveillance \u00e0 distance avec c\u00e2blage coaxial ou en cuivre (UTP) existant.","breadcrumb":{"@id":"https:\/\/bunkerseguridad.com\/fr\/produit\/ecopper-eerf1-ls1-t-in-b\/#breadcrumb"},"inLanguage":"fr-FR","potentialAction":[{"@type":"ReadAction","target":["https:\/\/bunkerseguridad.com\/fr\/produit\/ecopper-eerf1-ls1-t-in-b\/"]}]},{"@type":"ImageObject","inLanguage":"fr-FR","@id":"https:\/\/bunkerseguridad.com\/fr\/produit\/ecopper-eerf1-ls1-t-in-b\/#primaryimage","url":"https:\/\/bunkerseguridad.com\/fr\/wp-content\/uploads\/2020\/12\/EECF1-LS1-T-IN-B-eCopper-Extended-Ethernet-Modules-over-Coax-1.png","contentUrl":"https:\/\/bunkerseguridad.com\/fr\/wp-content\/uploads\/2020\/12\/EECF1-LS1-T-IN-B-eCopper-Extended-Ethernet-Modules-over-Coax-1.png","width":1200,"height":1200,"caption":"The KBC eCopper"},{"@type":"BreadcrumbList","@id":"https:\/\/bunkerseguridad.com\/fr\/produit\/ecopper-eerf1-ls1-t-in-b\/#breadcrumb","itemListElement":[{"@type":"ListItem","position":1,"name":"Home","item":"https:\/\/bunkerseguridad.com\/fr\/"},{"@type":"ListItem","position":2,"name":"Shop","item":"https:\/\/bunkerseguridad.com\/fr\/shop\/"},{"@type":"ListItem","position":3,"name":"eCopper\u2122 &#8211; EERF1-LS1-T-IN-B"}]},{"@type":"WebSite","@id":"https:\/\/bunkerseguridad.com\/fr\/#website","url":"https:\/\/bunkerseguridad.com\/fr\/","name":"Bunker Seguridad","description":"Otro sitio realizado con WordPress","potentialAction":[{"@type":"SearchAction","target":{"@type":"EntryPoint","urlTemplate":"https:\/\/bunkerseguridad.com\/fr\/?s={search_term_string}"},"query-input":{"@type":"PropertyValueSpecification","valueRequired":true,"valueName":"search_term_string"}}],"inLanguage":"fr-FR"}]}},"brands":[{"id":206,"name":"KBC Networks","slug":"kbc-networks"}],"_links":{"self":[{"href":"https:\/\/bunkerseguridad.com\/fr\/wp-json\/wp\/v2\/product\/6183","targetHints":{"allow":["GET"]}}],"collection":[{"href":"https:\/\/bunkerseguridad.com\/fr\/wp-json\/wp\/v2\/product"}],"about":[{"href":"https:\/\/bunkerseguridad.com\/fr\/wp-json\/wp\/v2\/types\/product"}],"wp:featuredmedia":[{"embeddable":true,"href":"https:\/\/bunkerseguridad.com\/fr\/wp-json\/wp\/v2\/media\/6194"}],"wp:attachment":[{"href":"https:\/\/bunkerseguridad.com\/fr\/wp-json\/wp\/v2\/media?parent=6183"}],"wp:term":[{"taxonomy":"pwb-brand","embeddable":true,"href":"https:\/\/bunkerseguridad.com\/fr\/wp-json\/wp\/v2\/pwb-brand?post=6183"},{"taxonomy":"product_brand","embeddable":true,"href":"https:\/\/bunkerseguridad.com\/fr\/wp-json\/wp\/v2\/product_brand?post=6183"},{"taxonomy":"product_cat","embeddable":true,"href":"https:\/\/bunkerseguridad.com\/fr\/wp-json\/wp\/v2\/product_cat?post=6183"},{"taxonomy":"product_tag","embeddable":true,"href":"https:\/\/bunkerseguridad.com\/fr\/wp-json\/wp\/v2\/product_tag?post=6183"}],"curies":[{"name":"wp","href":"https:\/\/api.w.org\/{rel}","templated":true}]}}