{"id":6151,"date":"2020-12-23T09:11:57","date_gmt":"2020-12-23T09:11:57","guid":{"rendered":"http:\/\/www.bunkerseguridad.es\/en\/?post_type=product&#038;p=6151"},"modified":"2021-03-11T08:19:45","modified_gmt":"2021-03-11T08:19:45","slug":"commutateur-industriel-esmgs16-p2-rz","status":"publish","type":"product","link":"https:\/\/bunkerseguridad.com\/fr\/produit\/commutateur-industriel-esmgs16-p2-rz\/","title":{"rendered":"Commutateur industriel, ESMGS16-P2-Rz"},"content":{"rendered":"<p><strong>La s\u00e9rie KBC ESMGS16-P2 est un commutateur Gigabit industriel g\u00e9r\u00e9 haute performance \u00e0 16 ports avec 16 ports PoE + 802.3at et 2 ports SFP partag\u00e9s.<\/strong> Il est con\u00e7u pour les applications et les r\u00e9seaux de surveillance IP \u00e0 grande \u00e9chelle. Chaque port PoE (jusqu&rsquo;\u00e0 30 W) r\u00e9pond \u00e0 l&rsquo;exigence de consommation \u00e9lectrique \u00e9lev\u00e9e d&rsquo;une cam\u00e9ra IP PoE. Le commutateur est \u00e9galement id\u00e9al pour les applications n\u00e9cessitant une fonctionnalit\u00e9 d&rsquo;\u00e9quipement d&rsquo;alimentation \u00e9lectrique (PSE) telles que les commutateurs IP, les routeurs et les concentrateurs, le DVR CCTV, le r\u00e9seau domestique et Ethernet industriel. L&rsquo;identification automatique de l&rsquo;appareil aliment\u00e9 (PD) maintient une alimentation \u00e9lectrique fiable aux appareils externes. La s\u00e9rie KBC ESMGS16-P2 prend en charge de riches fonctionnalit\u00e9s r\u00e9seau telles que la mise en miroir de ports, le VLAN, l&rsquo;agr\u00e9gation, le RSTP, la limitation de d\u00e9bit, la s\u00e9curit\u00e9 des ports, SNMP, etc.<\/p>\n<p><strong>Caract\u00e9ristiques:<\/strong><\/p>\n<ul>\n<li>Budget PoE 480 W<\/li>\n<li>Adresses VLAN 4k et MAC 8k<\/li>\n<li>Configurable via Web ou SNMP ou CLI<\/li>\n<li>Prise en charge du LAN virtuel (VLAN bas\u00e9 sur le port et IEEE 802.1Q)<\/li>\n<li>Prise en charge VLAN Q-in-Q (pour l&#8217;empilage VLAN)<\/li>\n<li>Protocole Rapid Spanning Tree (IEEE 802.1W) pour \u00e9viter l&rsquo;anneau r\u00e9seau et la redondance (temps de r\u00e9cup\u00e9ration &lt;2 s)<\/li>\n<li>Agr\u00e9gation de ports (agr\u00e9gation de liens) pour une dorsale \u00e0 haut d\u00e9bit et<\/li>\n<li>Prise en charge LACP (agr\u00e9gat ou agr\u00e9gat de ports dynamiques)<\/li>\n<li>Prise en charge de la qualit\u00e9 de service (QoS) (802.1p, DiffServ, TOS, bas\u00e9 sur le port, bas\u00e9 sur MAC)<\/li>\n<li>Limitation de d\u00e9bit (contr\u00f4le des temp\u00eates de diffusion)<\/li>\n<li>Mise en miroir des ports<\/li>\n<li>Surveillance IGMP<\/li>\n<li>S\u00e9curit\u00e9 portuaire<\/li>\n<li>Contr\u00f4le sym\u00e9trique du d\u00e9bit de pause et de contre-pression<\/li>\n<\/ul>\n","protected":false},"excerpt":{"rendered":"<p><strong>Commutateur industriel, commutateur Ethernet industriel ESMGS16-P2-Rz, gestion de couche 2, (16) ports cuivre PoE + IEEE802.3at 10\/100\/1000 Mbps, budget d&rsquo;alimentation de 480 W, (2) ports SFP Gigabit.<\/strong> Montage en rack 1RU. 100 ~ 240VAC, 50 \/ 60Hz.<\/p>\n","protected":false},"featured_media":6152,"template":"","meta":{"_et_pb_use_builder":"","_et_pb_old_content":"","_et_gb_content_width":""},"pwb-brand":[206],"product_brand":[],"product_cat":[306,31,40],"product_tag":[144,150,148,146,139],"class_list":{"0":"post-6151","1":"product","2":"type-product","3":"status-publish","4":"has-post-thumbnail","6":"pwb-brand-kbc-networks","7":"product_cat-commutateurs-geres-poe","8":"product_cat-transmission-des-donnees","9":"product_cat-interrupteurs-industriels","10":"product_tag-16-ports","11":"product_tag-gigabit","12":"product_tag-montage-en-rack","13":"product_tag-poe","14":"product_tag-switch-gere","16":"first","17":"instock","18":"shipping-taxable","19":"product-type-simple"},"yoast_head":"<!-- This site is optimized with the Yoast SEO plugin v25.2 - https:\/\/yoast.com\/wordpress\/plugins\/seo\/ -->\n<title>Commutateur industriel, ESMGS16-P2-Rz - Bunker Seguridad<\/title>\n<meta name=\"description\" content=\"Commutateur Gigabit industriel g\u00e9r\u00e9 haute performance \u00e0 16 ports avec 16 ports PoE + 802.3at et 2 ports SFP partag\u00e9s.\" \/>\n<meta name=\"robots\" content=\"noindex, follow, max-snippet:-1, max-image-preview:large, max-video-preview:-1\" \/>\n<meta property=\"og:locale\" content=\"fr_FR\" \/>\n<meta property=\"og:type\" content=\"article\" \/>\n<meta property=\"og:title\" content=\"Commutateur industriel, ESMGS16-P2-Rz - Bunker Seguridad\" \/>\n<meta property=\"og:description\" content=\"Commutateur Gigabit industriel g\u00e9r\u00e9 haute performance \u00e0 16 ports avec 16 ports PoE + 802.3at et 2 ports SFP partag\u00e9s.\" \/>\n<meta property=\"og:url\" content=\"https:\/\/bunkerseguridad.com\/fr\/produit\/commutateur-industriel-esmgs16-p2-rz\/\" \/>\n<meta property=\"og:site_name\" content=\"Bunker Seguridad\" \/>\n<meta property=\"article:modified_time\" content=\"2021-03-11T08:19:45+00:00\" \/>\n<meta property=\"og:image\" content=\"https:\/\/bunkerseguridad.com\/fr\/wp-content\/uploads\/2020\/12\/ESMGS16-P2-Rz.png\" \/>\n\t<meta property=\"og:image:width\" content=\"1200\" \/>\n\t<meta property=\"og:image:height\" content=\"1200\" \/>\n\t<meta property=\"og:image:type\" content=\"image\/png\" \/>\n<meta name=\"twitter:card\" content=\"summary_large_image\" \/>\n<meta name=\"twitter:label1\" content=\"Dur\u00e9e de lecture estim\u00e9e\" \/>\n\t<meta name=\"twitter:data1\" content=\"2 minutes\" \/>\n<script type=\"application\/ld+json\" class=\"yoast-schema-graph\">{\"@context\":\"https:\/\/schema.org\",\"@graph\":[{\"@type\":\"WebPage\",\"@id\":\"https:\/\/bunkerseguridad.com\/fr\/produit\/commutateur-industriel-esmgs16-p2-rz\/\",\"url\":\"https:\/\/bunkerseguridad.com\/fr\/produit\/commutateur-industriel-esmgs16-p2-rz\/\",\"name\":\"Commutateur industriel, ESMGS16-P2-Rz - Bunker Seguridad\",\"isPartOf\":{\"@id\":\"https:\/\/bunkerseguridad.com\/fr\/#website\"},\"primaryImageOfPage\":{\"@id\":\"https:\/\/bunkerseguridad.com\/fr\/produit\/commutateur-industriel-esmgs16-p2-rz\/#primaryimage\"},\"image\":{\"@id\":\"https:\/\/bunkerseguridad.com\/fr\/produit\/commutateur-industriel-esmgs16-p2-rz\/#primaryimage\"},\"thumbnailUrl\":\"https:\/\/bunkerseguridad.com\/fr\/wp-content\/uploads\/2020\/12\/ESMGS16-P2-Rz.png\",\"datePublished\":\"2020-12-23T09:11:57+00:00\",\"dateModified\":\"2021-03-11T08:19:45+00:00\",\"description\":\"Commutateur Gigabit industriel g\u00e9r\u00e9 haute performance \u00e0 16 ports avec 16 ports PoE + 802.3at et 2 ports SFP partag\u00e9s.\",\"breadcrumb\":{\"@id\":\"https:\/\/bunkerseguridad.com\/fr\/produit\/commutateur-industriel-esmgs16-p2-rz\/#breadcrumb\"},\"inLanguage\":\"fr-FR\",\"potentialAction\":[{\"@type\":\"ReadAction\",\"target\":[\"https:\/\/bunkerseguridad.com\/fr\/produit\/commutateur-industriel-esmgs16-p2-rz\/\"]}]},{\"@type\":\"ImageObject\",\"inLanguage\":\"fr-FR\",\"@id\":\"https:\/\/bunkerseguridad.com\/fr\/produit\/commutateur-industriel-esmgs16-p2-rz\/#primaryimage\",\"url\":\"https:\/\/bunkerseguridad.com\/fr\/wp-content\/uploads\/2020\/12\/ESMGS16-P2-Rz.png\",\"contentUrl\":\"https:\/\/bunkerseguridad.com\/fr\/wp-content\/uploads\/2020\/12\/ESMGS16-P2-Rz.png\",\"width\":1200,\"height\":1200,\"caption\":\"KBC ESMGS16-P2 la s\u00e9rie est un port 16 hautes performances,\"},{\"@type\":\"BreadcrumbList\",\"@id\":\"https:\/\/bunkerseguridad.com\/fr\/produit\/commutateur-industriel-esmgs16-p2-rz\/#breadcrumb\",\"itemListElement\":[{\"@type\":\"ListItem\",\"position\":1,\"name\":\"Home\",\"item\":\"https:\/\/bunkerseguridad.com\/fr\/\"},{\"@type\":\"ListItem\",\"position\":2,\"name\":\"Shop\",\"item\":\"https:\/\/bunkerseguridad.com\/fr\/shop\/\"},{\"@type\":\"ListItem\",\"position\":3,\"name\":\"Commutateur industriel, ESMGS16-P2-Rz\"}]},{\"@type\":\"WebSite\",\"@id\":\"https:\/\/bunkerseguridad.com\/fr\/#website\",\"url\":\"https:\/\/bunkerseguridad.com\/fr\/\",\"name\":\"Bunker Seguridad\",\"description\":\"Otro sitio realizado con WordPress\",\"potentialAction\":[{\"@type\":\"SearchAction\",\"target\":{\"@type\":\"EntryPoint\",\"urlTemplate\":\"https:\/\/bunkerseguridad.com\/fr\/?s={search_term_string}\"},\"query-input\":{\"@type\":\"PropertyValueSpecification\",\"valueRequired\":true,\"valueName\":\"search_term_string\"}}],\"inLanguage\":\"fr-FR\"}]}<\/script>\n<!-- \/ Yoast SEO plugin. -->","yoast_head_json":{"title":"Commutateur industriel, ESMGS16-P2-Rz - Bunker Seguridad","description":"Commutateur Gigabit industriel g\u00e9r\u00e9 haute performance \u00e0 16 ports avec 16 ports PoE + 802.3at et 2 ports SFP partag\u00e9s.","robots":{"index":"noindex","follow":"follow","max-snippet":"max-snippet:-1","max-image-preview":"max-image-preview:large","max-video-preview":"max-video-preview:-1"},"og_locale":"fr_FR","og_type":"article","og_title":"Commutateur industriel, ESMGS16-P2-Rz - Bunker Seguridad","og_description":"Commutateur Gigabit industriel g\u00e9r\u00e9 haute performance \u00e0 16 ports avec 16 ports PoE + 802.3at et 2 ports SFP partag\u00e9s.","og_url":"https:\/\/bunkerseguridad.com\/fr\/produit\/commutateur-industriel-esmgs16-p2-rz\/","og_site_name":"Bunker Seguridad","article_modified_time":"2021-03-11T08:19:45+00:00","og_image":[{"width":1200,"height":1200,"url":"https:\/\/bunkerseguridad.com\/fr\/wp-content\/uploads\/2020\/12\/ESMGS16-P2-Rz.png","type":"image\/png"}],"twitter_card":"summary_large_image","twitter_misc":{"Dur\u00e9e de lecture estim\u00e9e":"2 minutes"},"schema":{"@context":"https:\/\/schema.org","@graph":[{"@type":"WebPage","@id":"https:\/\/bunkerseguridad.com\/fr\/produit\/commutateur-industriel-esmgs16-p2-rz\/","url":"https:\/\/bunkerseguridad.com\/fr\/produit\/commutateur-industriel-esmgs16-p2-rz\/","name":"Commutateur industriel, ESMGS16-P2-Rz - Bunker Seguridad","isPartOf":{"@id":"https:\/\/bunkerseguridad.com\/fr\/#website"},"primaryImageOfPage":{"@id":"https:\/\/bunkerseguridad.com\/fr\/produit\/commutateur-industriel-esmgs16-p2-rz\/#primaryimage"},"image":{"@id":"https:\/\/bunkerseguridad.com\/fr\/produit\/commutateur-industriel-esmgs16-p2-rz\/#primaryimage"},"thumbnailUrl":"https:\/\/bunkerseguridad.com\/fr\/wp-content\/uploads\/2020\/12\/ESMGS16-P2-Rz.png","datePublished":"2020-12-23T09:11:57+00:00","dateModified":"2021-03-11T08:19:45+00:00","description":"Commutateur Gigabit industriel g\u00e9r\u00e9 haute performance \u00e0 16 ports avec 16 ports PoE + 802.3at et 2 ports SFP partag\u00e9s.","breadcrumb":{"@id":"https:\/\/bunkerseguridad.com\/fr\/produit\/commutateur-industriel-esmgs16-p2-rz\/#breadcrumb"},"inLanguage":"fr-FR","potentialAction":[{"@type":"ReadAction","target":["https:\/\/bunkerseguridad.com\/fr\/produit\/commutateur-industriel-esmgs16-p2-rz\/"]}]},{"@type":"ImageObject","inLanguage":"fr-FR","@id":"https:\/\/bunkerseguridad.com\/fr\/produit\/commutateur-industriel-esmgs16-p2-rz\/#primaryimage","url":"https:\/\/bunkerseguridad.com\/fr\/wp-content\/uploads\/2020\/12\/ESMGS16-P2-Rz.png","contentUrl":"https:\/\/bunkerseguridad.com\/fr\/wp-content\/uploads\/2020\/12\/ESMGS16-P2-Rz.png","width":1200,"height":1200,"caption":"KBC ESMGS16-P2 la s\u00e9rie est un port 16 hautes performances,"},{"@type":"BreadcrumbList","@id":"https:\/\/bunkerseguridad.com\/fr\/produit\/commutateur-industriel-esmgs16-p2-rz\/#breadcrumb","itemListElement":[{"@type":"ListItem","position":1,"name":"Home","item":"https:\/\/bunkerseguridad.com\/fr\/"},{"@type":"ListItem","position":2,"name":"Shop","item":"https:\/\/bunkerseguridad.com\/fr\/shop\/"},{"@type":"ListItem","position":3,"name":"Commutateur industriel, ESMGS16-P2-Rz"}]},{"@type":"WebSite","@id":"https:\/\/bunkerseguridad.com\/fr\/#website","url":"https:\/\/bunkerseguridad.com\/fr\/","name":"Bunker Seguridad","description":"Otro sitio realizado con WordPress","potentialAction":[{"@type":"SearchAction","target":{"@type":"EntryPoint","urlTemplate":"https:\/\/bunkerseguridad.com\/fr\/?s={search_term_string}"},"query-input":{"@type":"PropertyValueSpecification","valueRequired":true,"valueName":"search_term_string"}}],"inLanguage":"fr-FR"}]}},"brands":[{"id":206,"name":"KBC Networks","slug":"kbc-networks"}],"_links":{"self":[{"href":"https:\/\/bunkerseguridad.com\/fr\/wp-json\/wp\/v2\/product\/6151","targetHints":{"allow":["GET"]}}],"collection":[{"href":"https:\/\/bunkerseguridad.com\/fr\/wp-json\/wp\/v2\/product"}],"about":[{"href":"https:\/\/bunkerseguridad.com\/fr\/wp-json\/wp\/v2\/types\/product"}],"wp:featuredmedia":[{"embeddable":true,"href":"https:\/\/bunkerseguridad.com\/fr\/wp-json\/wp\/v2\/media\/6152"}],"wp:attachment":[{"href":"https:\/\/bunkerseguridad.com\/fr\/wp-json\/wp\/v2\/media?parent=6151"}],"wp:term":[{"taxonomy":"pwb-brand","embeddable":true,"href":"https:\/\/bunkerseguridad.com\/fr\/wp-json\/wp\/v2\/pwb-brand?post=6151"},{"taxonomy":"product_brand","embeddable":true,"href":"https:\/\/bunkerseguridad.com\/fr\/wp-json\/wp\/v2\/product_brand?post=6151"},{"taxonomy":"product_cat","embeddable":true,"href":"https:\/\/bunkerseguridad.com\/fr\/wp-json\/wp\/v2\/product_cat?post=6151"},{"taxonomy":"product_tag","embeddable":true,"href":"https:\/\/bunkerseguridad.com\/fr\/wp-json\/wp\/v2\/product_tag?post=6151"}],"curies":[{"name":"wp","href":"https:\/\/api.w.org\/{rel}","templated":true}]}}