{"id":6149,"date":"2020-12-23T09:01:28","date_gmt":"2020-12-23T09:01:28","guid":{"rendered":"http:\/\/www.bunkerseguridad.es\/en\/?post_type=product&#038;p=6149"},"modified":"2021-03-10T12:42:26","modified_gmt":"2021-03-10T12:42:26","slug":"commutateur-industriel-esmpn24-c4-rrz-b","status":"publish","type":"product","link":"https:\/\/bunkerseguridad.com\/fr\/produit\/commutateur-industriel-esmpn24-c4-rrz-b\/","title":{"rendered":"Commutateur industriel &#8211; ESMPN24-C4-RRz-B"},"content":{"rendered":"<p><strong>La s\u00e9rie KBC ESMPN24-C4-RXX-B est un commutateur Gigabit g\u00e9r\u00e9 hautes performances avec 24 ports SFP Gigabit et 4 interfaces combo Gigabit cuivre \/ SFP de liaison montante.<\/strong> Les ports SFP 24 Gigabit peuvent \u00eatre utilis\u00e9s pour se connecter \u00e0 des convertisseurs de m\u00e9dia, des commutateurs non g\u00e9r\u00e9s et g\u00e9r\u00e9s. La conception combin\u00e9e offre aux utilisateurs la flexibilit\u00e9 d&rsquo;augmenter l&rsquo;expansion du r\u00e9seau. Le commutateur prend en charge de riches fonctionnalit\u00e9s r\u00e9seau telles que ERPS, VLAN, RSTP, limitation de d\u00e9bit, s\u00e9curit\u00e9 des ports, SNMP, etc. La conception robuste et la protection de niveau 3 le rendent adapt\u00e9 aux applications telles que le syst\u00e8me de transport intelligent, les applications et les r\u00e9seaux de surveillance IP.<\/p>\n<p><strong>Caract\u00e9ristiques:<\/strong><\/p>\n<ul>\n<li>24 ports Gigabit SFP et 4 ports combo Gigabit cuivre \/ SFP<\/li>\n<li>Gestion de r\u00e9seau de couche 2 bas\u00e9e sur le Web par une op\u00e9ration simple<\/li>\n<li>Protection d&rsquo;anneau Ethernet ITU-T G.8032, ainsi que STP, RSTP et MSTP<\/li>\n<li>Interface de ligne de commande (CLI) pour une configuration rapide des principales fonctions de gestion<\/li>\n<li>Option DHCP 82 pour l&rsquo;attribution d&rsquo;adresses IP avec diff\u00e9rentes strat\u00e9gies<\/li>\n<li>Surveillance IGMP et surveillance MLD pour limiter le trafic de multidiffusion<\/li>\n<li>Prend en charge le VLAN priv\u00e9 et le VLAN IEEE802.1Q<\/li>\n<li>Fonction de verrouillage du port bas\u00e9e sur l&rsquo;adresse MAC pour bloquer l&rsquo;acc\u00e8s non autoris\u00e9<\/li>\n<li>Prend en charge IEEE802.3ad LACP pour une utilisation optimale de la bande passante<\/li>\n<li>Prend en charge QoS (IEEE802.1p \/ 1Q et TOS \/ DiffServ) pour augmenter le d\u00e9terminisme<\/li>\n<li>Prend en charge TACACS +, SNMPv3, IEEE 802.1X, HTTPS et SSH pour am\u00e9liorer la s\u00e9curit\u00e9 du r\u00e9seau<\/li>\n<li>Prend en charge SNMPv1 \/ v2c \/ v3 pour diff\u00e9rents niveaux de gestion de r\u00e9seau<\/li>\n<li>RMON pour une surveillance efficace du r\u00e9seau et une capacit\u00e9 proactive<\/li>\n<li>Mise en miroir de ports pour le d\u00e9bogage en ligne<\/li>\n<li>Transfert de donn\u00e9es \u00e0 grande vitesse, tr\u00e8s appropri\u00e9 pour un grand flux de transfert de donn\u00e9es vid\u00e9o dans la surveillance de s\u00e9curit\u00e9<\/li>\n<li>Installation rapide, op\u00e9ration simple, pratique pour l&rsquo;installation de bureau \/ rack<\/li>\n<li>Alimentation redondante en option<\/li>\n<\/ul>\n","protected":false},"excerpt":{"rendered":"<p><strong>Commutateur industriel &#8211; La s\u00e9rie ESMPN24-C4-Rz-B est un commutateur Gigabit g\u00e9r\u00e9 de couche 2 haute performance avec 24 ports SFP Gigabit et 4 interfaces<\/strong> combo Gigabit cuivre \/ SFP de liaison montante.100 ~ 240VAC, 50 \/ 60Hz. Montage en rack 1RU.<\/p>\n","protected":false},"featured_media":6148,"template":"","meta":{"_et_pb_use_builder":"","_et_pb_old_content":"","_et_gb_content_width":""},"pwb-brand":[206],"product_brand":[],"product_cat":[305,31,40],"product_tag":[145,150,148,139],"class_list":{"0":"post-6149","1":"product","2":"type-product","3":"status-publish","4":"has-post-thumbnail","6":"pwb-brand-kbc-networks","7":"product_cat-commutateurs-geres-non-poe","8":"product_cat-transmission-des-donnees","9":"product_cat-interrupteurs-industriels","10":"product_tag-24-ports","11":"product_tag-gigabit","12":"product_tag-montage-en-rack","13":"product_tag-switch-gere","15":"first","16":"instock","17":"shipping-taxable","18":"product-type-simple"},"yoast_head":"<!-- This site is optimized with the Yoast SEO plugin v25.2 - https:\/\/yoast.com\/wordpress\/plugins\/seo\/ -->\n<title>Commutateur industriel - ESMPN24-C4-RRz-B - Bunker Seguridad<\/title>\n<meta name=\"description\" content=\"KBC ESMPN24-C4-RXX-B est un commutateur Gigabit g\u00e9r\u00e9 hautes performances avec 24 ports SFP Gigabit et 4 interfaces SFP\/riser cuivre.\" \/>\n<meta name=\"robots\" content=\"noindex, follow, max-snippet:-1, max-image-preview:large, max-video-preview:-1\" \/>\n<meta property=\"og:locale\" content=\"fr_FR\" \/>\n<meta property=\"og:type\" content=\"article\" \/>\n<meta property=\"og:title\" content=\"Commutateur industriel - ESMPN24-C4-RRz-B - Bunker Seguridad\" \/>\n<meta property=\"og:description\" content=\"KBC ESMPN24-C4-RXX-B est un commutateur Gigabit g\u00e9r\u00e9 hautes performances avec 24 ports SFP Gigabit et 4 interfaces SFP\/riser cuivre.\" \/>\n<meta property=\"og:url\" content=\"https:\/\/bunkerseguridad.com\/fr\/produit\/commutateur-industriel-esmpn24-c4-rrz-b\/\" \/>\n<meta property=\"og:site_name\" content=\"Bunker Seguridad\" \/>\n<meta property=\"article:modified_time\" content=\"2021-03-10T12:42:26+00:00\" \/>\n<meta property=\"og:image\" content=\"https:\/\/bunkerseguridad.com\/fr\/wp-content\/uploads\/2020\/12\/ESMPN24-C4-RXX-B-series-is-a-high-performance.png\" \/>\n\t<meta property=\"og:image:width\" content=\"1200\" \/>\n\t<meta property=\"og:image:height\" content=\"1200\" \/>\n\t<meta property=\"og:image:type\" content=\"image\/png\" \/>\n<meta name=\"twitter:card\" content=\"summary_large_image\" \/>\n<meta name=\"twitter:label1\" content=\"Dur\u00e9e de lecture estim\u00e9e\" \/>\n\t<meta name=\"twitter:data1\" content=\"2 minutes\" \/>\n<script type=\"application\/ld+json\" class=\"yoast-schema-graph\">{\"@context\":\"https:\/\/schema.org\",\"@graph\":[{\"@type\":\"WebPage\",\"@id\":\"https:\/\/bunkerseguridad.com\/fr\/produit\/commutateur-industriel-esmpn24-c4-rrz-b\/\",\"url\":\"https:\/\/bunkerseguridad.com\/fr\/produit\/commutateur-industriel-esmpn24-c4-rrz-b\/\",\"name\":\"Commutateur industriel - ESMPN24-C4-RRz-B - Bunker Seguridad\",\"isPartOf\":{\"@id\":\"https:\/\/bunkerseguridad.com\/fr\/#website\"},\"primaryImageOfPage\":{\"@id\":\"https:\/\/bunkerseguridad.com\/fr\/produit\/commutateur-industriel-esmpn24-c4-rrz-b\/#primaryimage\"},\"image\":{\"@id\":\"https:\/\/bunkerseguridad.com\/fr\/produit\/commutateur-industriel-esmpn24-c4-rrz-b\/#primaryimage\"},\"thumbnailUrl\":\"https:\/\/bunkerseguridad.com\/fr\/wp-content\/uploads\/2020\/12\/ESMPN24-C4-RXX-B-series-is-a-high-performance.png\",\"datePublished\":\"2020-12-23T09:01:28+00:00\",\"dateModified\":\"2021-03-10T12:42:26+00:00\",\"description\":\"KBC ESMPN24-C4-RXX-B est un commutateur Gigabit g\u00e9r\u00e9 hautes performances avec 24 ports SFP Gigabit et 4 interfaces SFP\/riser cuivre.\",\"breadcrumb\":{\"@id\":\"https:\/\/bunkerseguridad.com\/fr\/produit\/commutateur-industriel-esmpn24-c4-rrz-b\/#breadcrumb\"},\"inLanguage\":\"fr-FR\",\"potentialAction\":[{\"@type\":\"ReadAction\",\"target\":[\"https:\/\/bunkerseguridad.com\/fr\/produit\/commutateur-industriel-esmpn24-c4-rrz-b\/\"]}]},{\"@type\":\"ImageObject\",\"inLanguage\":\"fr-FR\",\"@id\":\"https:\/\/bunkerseguridad.com\/fr\/produit\/commutateur-industriel-esmpn24-c4-rrz-b\/#primaryimage\",\"url\":\"https:\/\/bunkerseguridad.com\/fr\/wp-content\/uploads\/2020\/12\/ESMPN24-C4-RXX-B-series-is-a-high-performance.png\",\"contentUrl\":\"https:\/\/bunkerseguridad.com\/fr\/wp-content\/uploads\/2020\/12\/ESMPN24-C4-RXX-B-series-is-a-high-performance.png\",\"width\":1200,\"height\":1200,\"caption\":\"The KBC ESMGS24-N4-RXN-B la s\u00e9rie est un haut\"},{\"@type\":\"BreadcrumbList\",\"@id\":\"https:\/\/bunkerseguridad.com\/fr\/produit\/commutateur-industriel-esmpn24-c4-rrz-b\/#breadcrumb\",\"itemListElement\":[{\"@type\":\"ListItem\",\"position\":1,\"name\":\"Home\",\"item\":\"https:\/\/bunkerseguridad.com\/fr\/\"},{\"@type\":\"ListItem\",\"position\":2,\"name\":\"Shop\",\"item\":\"https:\/\/bunkerseguridad.com\/fr\/shop\/\"},{\"@type\":\"ListItem\",\"position\":3,\"name\":\"Commutateur industriel &#8211; ESMPN24-C4-RRz-B\"}]},{\"@type\":\"WebSite\",\"@id\":\"https:\/\/bunkerseguridad.com\/fr\/#website\",\"url\":\"https:\/\/bunkerseguridad.com\/fr\/\",\"name\":\"Bunker Seguridad\",\"description\":\"Otro sitio realizado con WordPress\",\"potentialAction\":[{\"@type\":\"SearchAction\",\"target\":{\"@type\":\"EntryPoint\",\"urlTemplate\":\"https:\/\/bunkerseguridad.com\/fr\/?s={search_term_string}\"},\"query-input\":{\"@type\":\"PropertyValueSpecification\",\"valueRequired\":true,\"valueName\":\"search_term_string\"}}],\"inLanguage\":\"fr-FR\"}]}<\/script>\n<!-- \/ Yoast SEO plugin. -->","yoast_head_json":{"title":"Commutateur industriel - ESMPN24-C4-RRz-B - Bunker Seguridad","description":"KBC ESMPN24-C4-RXX-B est un commutateur Gigabit g\u00e9r\u00e9 hautes performances avec 24 ports SFP Gigabit et 4 interfaces SFP\/riser cuivre.","robots":{"index":"noindex","follow":"follow","max-snippet":"max-snippet:-1","max-image-preview":"max-image-preview:large","max-video-preview":"max-video-preview:-1"},"og_locale":"fr_FR","og_type":"article","og_title":"Commutateur industriel - ESMPN24-C4-RRz-B - Bunker Seguridad","og_description":"KBC ESMPN24-C4-RXX-B est un commutateur Gigabit g\u00e9r\u00e9 hautes performances avec 24 ports SFP Gigabit et 4 interfaces SFP\/riser cuivre.","og_url":"https:\/\/bunkerseguridad.com\/fr\/produit\/commutateur-industriel-esmpn24-c4-rrz-b\/","og_site_name":"Bunker Seguridad","article_modified_time":"2021-03-10T12:42:26+00:00","og_image":[{"width":1200,"height":1200,"url":"https:\/\/bunkerseguridad.com\/fr\/wp-content\/uploads\/2020\/12\/ESMPN24-C4-RXX-B-series-is-a-high-performance.png","type":"image\/png"}],"twitter_card":"summary_large_image","twitter_misc":{"Dur\u00e9e de lecture estim\u00e9e":"2 minutes"},"schema":{"@context":"https:\/\/schema.org","@graph":[{"@type":"WebPage","@id":"https:\/\/bunkerseguridad.com\/fr\/produit\/commutateur-industriel-esmpn24-c4-rrz-b\/","url":"https:\/\/bunkerseguridad.com\/fr\/produit\/commutateur-industriel-esmpn24-c4-rrz-b\/","name":"Commutateur industriel - ESMPN24-C4-RRz-B - Bunker Seguridad","isPartOf":{"@id":"https:\/\/bunkerseguridad.com\/fr\/#website"},"primaryImageOfPage":{"@id":"https:\/\/bunkerseguridad.com\/fr\/produit\/commutateur-industriel-esmpn24-c4-rrz-b\/#primaryimage"},"image":{"@id":"https:\/\/bunkerseguridad.com\/fr\/produit\/commutateur-industriel-esmpn24-c4-rrz-b\/#primaryimage"},"thumbnailUrl":"https:\/\/bunkerseguridad.com\/fr\/wp-content\/uploads\/2020\/12\/ESMPN24-C4-RXX-B-series-is-a-high-performance.png","datePublished":"2020-12-23T09:01:28+00:00","dateModified":"2021-03-10T12:42:26+00:00","description":"KBC ESMPN24-C4-RXX-B est un commutateur Gigabit g\u00e9r\u00e9 hautes performances avec 24 ports SFP Gigabit et 4 interfaces SFP\/riser cuivre.","breadcrumb":{"@id":"https:\/\/bunkerseguridad.com\/fr\/produit\/commutateur-industriel-esmpn24-c4-rrz-b\/#breadcrumb"},"inLanguage":"fr-FR","potentialAction":[{"@type":"ReadAction","target":["https:\/\/bunkerseguridad.com\/fr\/produit\/commutateur-industriel-esmpn24-c4-rrz-b\/"]}]},{"@type":"ImageObject","inLanguage":"fr-FR","@id":"https:\/\/bunkerseguridad.com\/fr\/produit\/commutateur-industriel-esmpn24-c4-rrz-b\/#primaryimage","url":"https:\/\/bunkerseguridad.com\/fr\/wp-content\/uploads\/2020\/12\/ESMPN24-C4-RXX-B-series-is-a-high-performance.png","contentUrl":"https:\/\/bunkerseguridad.com\/fr\/wp-content\/uploads\/2020\/12\/ESMPN24-C4-RXX-B-series-is-a-high-performance.png","width":1200,"height":1200,"caption":"The KBC ESMGS24-N4-RXN-B la s\u00e9rie est un haut"},{"@type":"BreadcrumbList","@id":"https:\/\/bunkerseguridad.com\/fr\/produit\/commutateur-industriel-esmpn24-c4-rrz-b\/#breadcrumb","itemListElement":[{"@type":"ListItem","position":1,"name":"Home","item":"https:\/\/bunkerseguridad.com\/fr\/"},{"@type":"ListItem","position":2,"name":"Shop","item":"https:\/\/bunkerseguridad.com\/fr\/shop\/"},{"@type":"ListItem","position":3,"name":"Commutateur industriel &#8211; ESMPN24-C4-RRz-B"}]},{"@type":"WebSite","@id":"https:\/\/bunkerseguridad.com\/fr\/#website","url":"https:\/\/bunkerseguridad.com\/fr\/","name":"Bunker Seguridad","description":"Otro sitio realizado con WordPress","potentialAction":[{"@type":"SearchAction","target":{"@type":"EntryPoint","urlTemplate":"https:\/\/bunkerseguridad.com\/fr\/?s={search_term_string}"},"query-input":{"@type":"PropertyValueSpecification","valueRequired":true,"valueName":"search_term_string"}}],"inLanguage":"fr-FR"}]}},"brands":[{"id":206,"name":"KBC Networks","slug":"kbc-networks"}],"_links":{"self":[{"href":"https:\/\/bunkerseguridad.com\/fr\/wp-json\/wp\/v2\/product\/6149","targetHints":{"allow":["GET"]}}],"collection":[{"href":"https:\/\/bunkerseguridad.com\/fr\/wp-json\/wp\/v2\/product"}],"about":[{"href":"https:\/\/bunkerseguridad.com\/fr\/wp-json\/wp\/v2\/types\/product"}],"wp:featuredmedia":[{"embeddable":true,"href":"https:\/\/bunkerseguridad.com\/fr\/wp-json\/wp\/v2\/media\/6148"}],"wp:attachment":[{"href":"https:\/\/bunkerseguridad.com\/fr\/wp-json\/wp\/v2\/media?parent=6149"}],"wp:term":[{"taxonomy":"pwb-brand","embeddable":true,"href":"https:\/\/bunkerseguridad.com\/fr\/wp-json\/wp\/v2\/pwb-brand?post=6149"},{"taxonomy":"product_brand","embeddable":true,"href":"https:\/\/bunkerseguridad.com\/fr\/wp-json\/wp\/v2\/product_brand?post=6149"},{"taxonomy":"product_cat","embeddable":true,"href":"https:\/\/bunkerseguridad.com\/fr\/wp-json\/wp\/v2\/product_cat?post=6149"},{"taxonomy":"product_tag","embeddable":true,"href":"https:\/\/bunkerseguridad.com\/fr\/wp-json\/wp\/v2\/product_tag?post=6149"}],"curies":[{"name":"wp","href":"https:\/\/api.w.org\/{rel}","templated":true}]}}