{"id":6133,"date":"2020-12-22T11:50:32","date_gmt":"2020-12-22T11:50:32","guid":{"rendered":"http:\/\/www.bunkerseguridad.es\/en\/?post_type=product&#038;p=6133"},"modified":"2021-02-17T12:46:19","modified_gmt":"2021-02-17T12:46:19","slug":"solution-wireless-antideflagrante-wes3htg-exp-cz","status":"publish","type":"product","link":"https:\/\/bunkerseguridad.com\/fr\/produit\/solution-wireless-antideflagrante-wes3htg-exp-cz\/","title":{"rendered":"Solution Wireless antid\u00e9flagrante &#8211; WES3HTG-EXP-Cz"},"content":{"rendered":"<p>Les solutions Wireless antid\u00e9flagrantes hautes performances WES3HTG-EXP offrent les m\u00eames performances que la s\u00e9rie WES3HTG dans un bo\u00eetier antid\u00e9flagrant pour une utilisation dans des environnements extr\u00eames. Certifi\u00e9 Classe I, II Division 1, Groupes B, C, D, E, F, G.<\/p>\n<p>Le produit WES3HTG-EXP est con\u00e7u pour les solutions point \u00e0 point et point \u00e0 multipoint avec un d\u00e9bit disponible jusqu&rsquo;\u00e0 650 Mbps. Des options d&rsquo;antenne patch 17dbi et 9dbi sont disponibles.<\/p>\n<p>Le WES3HTG-EXP convient \u00e0 une installation dans une grande vari\u00e9t\u00e9 de cam\u00e9ras IP, de contr\u00f4le d&rsquo;acc\u00e8s et de syst\u00e8mes d&rsquo;automatisation industrielle.<\/p>\n<p>Le produit utilise un clip de rail DIN amovible qui peut \u00eatre positionn\u00e9 sur le c\u00f4t\u00e9 ou \u00e0 l&rsquo;arri\u00e8re de son bo\u00eetier offrant plusieurs options d&rsquo;installation.<\/p>\n<p><strong>Caract\u00e9ristiques:<\/strong><\/p>\n<ul>\n<li>Radio conforme IEEE802.11ac, 5 GHz<\/li>\n<li>Se monte sur rail DIN Top Hat EN 50022<\/li>\n<li>Contr\u00f4le de la puissance de transmission, puissance de sortie jusqu&rsquo;\u00e0 30 dBm<\/li>\n<li>Configurable pour le client \/ l&rsquo;h\u00f4te \u00e0 point unique \/ l&rsquo;h\u00f4te multipoint<\/li>\n<li>Transmission s\u00e9curis\u00e9e: WPA2 &#8211; cryptage AES ou TKIP<\/li>\n<li>Alignement d&rsquo;antenne et \u00e9tude de signal de site Tolos<\/li>\n<li>R\u00e9glage de la distance pour une transmission longue port\u00e9e<\/li>\n<li>Gamme d&rsquo;options d&rsquo;antenne<\/li>\n<li>Prise en charge PoE passive compatible Midspan<\/li>\n<li>Technologie MIMO offrant un d\u00e9bit global de 1,3 Gbit \/ s<\/li>\n<\/ul>\n","protected":false},"excerpt":{"rendered":"<p>Solution Wireless dans un bo\u00eetier antid\u00e9flagrant pour une utilisation dans des environnements extr\u00eames. Il offre les m\u00eames performances que la s\u00e9rie WES3HTG avec un d\u00e9bit \u00e9lev\u00e9 (jusqu&rsquo;\u00e0 650 Mbps bidirectionnel), une radio Ethernet sans fil 5 GHz, une antenne directionnelle 17 dBi, un injecteur PoE ou midspan. H\u00f4te point \u00e0 point s\u00e9lectionnable, point \u00e0 h\u00f4te multipoint ou client.<\/p>\n","protected":false},"featured_media":6137,"template":"","meta":{"_et_pb_use_builder":"","_et_pb_old_content":"","_et_gb_content_width":""},"pwb-brand":[206],"product_brand":[],"product_cat":[31,35],"product_tag":[180,324,177,182,351,176,175],"class_list":{"0":"post-6133","1":"product","2":"type-product","3":"status-publish","4":"has-post-thumbnail","6":"pwb-brand-kbc-networks","7":"product_cat-transmission-des-donnees","8":"product_cat-solutions-wireless","9":"product_tag-17dbi","10":"product_tag-5-ghz","11":"product_tag-boitier-antideflagrant","12":"product_tag-directionnel","13":"product_tag-poe-ou-linjecteur-despace-intermediaire","14":"product_tag-point-a-multipoint","15":"product_tag-point-to-point","17":"first","18":"instock","19":"shipping-taxable","20":"product-type-simple"},"yoast_head":"<!-- This site is optimized with the Yoast SEO plugin v25.2 - https:\/\/yoast.com\/wordpress\/plugins\/seo\/ -->\n<title>Solution Wireless antid\u00e9flagrante - WES3HTG-EXP-Cz - Bunker Seguridad<\/title>\n<meta name=\"description\" content=\"Les solutions Wireless antid\u00e9flagrantes hautes performances fil haute vitesse pour les environnements extr\u00eames\" \/>\n<meta name=\"robots\" content=\"noindex, follow, max-snippet:-1, max-image-preview:large, max-video-preview:-1\" \/>\n<meta property=\"og:locale\" content=\"fr_FR\" \/>\n<meta property=\"og:type\" content=\"article\" \/>\n<meta property=\"og:title\" content=\"Solution Wireless antid\u00e9flagrante - WES3HTG-EXP-Cz - Bunker Seguridad\" \/>\n<meta property=\"og:description\" content=\"Les solutions Wireless antid\u00e9flagrantes hautes performances fil haute vitesse pour les environnements extr\u00eames\" \/>\n<meta property=\"og:url\" content=\"https:\/\/bunkerseguridad.com\/fr\/produit\/solution-wireless-antideflagrante-wes3htg-exp-cz\/\" \/>\n<meta property=\"og:site_name\" content=\"Bunker Seguridad\" \/>\n<meta property=\"article:modified_time\" content=\"2021-02-17T12:46:19+00:00\" \/>\n<meta property=\"og:image\" content=\"https:\/\/bunkerseguridad.com\/fr\/wp-content\/uploads\/2020\/12\/Wireless-solutions-WES3HTG-EXP-Series.png\" \/>\n\t<meta property=\"og:image:width\" content=\"1200\" \/>\n\t<meta property=\"og:image:height\" content=\"1200\" \/>\n\t<meta property=\"og:image:type\" content=\"image\/png\" \/>\n<meta name=\"twitter:card\" content=\"summary_large_image\" \/>\n<meta name=\"twitter:label1\" content=\"Dur\u00e9e de lecture estim\u00e9e\" \/>\n\t<meta name=\"twitter:data1\" content=\"1 minute\" \/>\n<script type=\"application\/ld+json\" class=\"yoast-schema-graph\">{\"@context\":\"https:\/\/schema.org\",\"@graph\":[{\"@type\":\"WebPage\",\"@id\":\"https:\/\/bunkerseguridad.com\/fr\/produit\/solution-wireless-antideflagrante-wes3htg-exp-cz\/\",\"url\":\"https:\/\/bunkerseguridad.com\/fr\/produit\/solution-wireless-antideflagrante-wes3htg-exp-cz\/\",\"name\":\"Solution Wireless antid\u00e9flagrante - WES3HTG-EXP-Cz - Bunker Seguridad\",\"isPartOf\":{\"@id\":\"https:\/\/bunkerseguridad.com\/fr\/#website\"},\"primaryImageOfPage\":{\"@id\":\"https:\/\/bunkerseguridad.com\/fr\/produit\/solution-wireless-antideflagrante-wes3htg-exp-cz\/#primaryimage\"},\"image\":{\"@id\":\"https:\/\/bunkerseguridad.com\/fr\/produit\/solution-wireless-antideflagrante-wes3htg-exp-cz\/#primaryimage\"},\"thumbnailUrl\":\"https:\/\/bunkerseguridad.com\/fr\/wp-content\/uploads\/2020\/12\/Wireless-solutions-WES3HTG-EXP-Series.png\",\"datePublished\":\"2020-12-22T11:50:32+00:00\",\"dateModified\":\"2021-02-17T12:46:19+00:00\",\"description\":\"Les solutions Wireless antid\u00e9flagrantes hautes performances fil haute vitesse pour les environnements extr\u00eames\",\"breadcrumb\":{\"@id\":\"https:\/\/bunkerseguridad.com\/fr\/produit\/solution-wireless-antideflagrante-wes3htg-exp-cz\/#breadcrumb\"},\"inLanguage\":\"fr-FR\",\"potentialAction\":[{\"@type\":\"ReadAction\",\"target\":[\"https:\/\/bunkerseguridad.com\/fr\/produit\/solution-wireless-antideflagrante-wes3htg-exp-cz\/\"]}]},{\"@type\":\"ImageObject\",\"inLanguage\":\"fr-FR\",\"@id\":\"https:\/\/bunkerseguridad.com\/fr\/produit\/solution-wireless-antideflagrante-wes3htg-exp-cz\/#primaryimage\",\"url\":\"https:\/\/bunkerseguridad.com\/fr\/wp-content\/uploads\/2020\/12\/Wireless-solutions-WES3HTG-EXP-Series.png\",\"contentUrl\":\"https:\/\/bunkerseguridad.com\/fr\/wp-content\/uploads\/2020\/12\/Wireless-solutions-WES3HTG-EXP-Series.png\",\"width\":1200,\"height\":1200,\"caption\":\"Solutions sans fil - S\u00e9rie WES3HTG-EXP\"},{\"@type\":\"BreadcrumbList\",\"@id\":\"https:\/\/bunkerseguridad.com\/fr\/produit\/solution-wireless-antideflagrante-wes3htg-exp-cz\/#breadcrumb\",\"itemListElement\":[{\"@type\":\"ListItem\",\"position\":1,\"name\":\"Home\",\"item\":\"https:\/\/bunkerseguridad.com\/fr\/\"},{\"@type\":\"ListItem\",\"position\":2,\"name\":\"Shop\",\"item\":\"https:\/\/bunkerseguridad.com\/fr\/shop\/\"},{\"@type\":\"ListItem\",\"position\":3,\"name\":\"Solution Wireless antid\u00e9flagrante &#8211; WES3HTG-EXP-Cz\"}]},{\"@type\":\"WebSite\",\"@id\":\"https:\/\/bunkerseguridad.com\/fr\/#website\",\"url\":\"https:\/\/bunkerseguridad.com\/fr\/\",\"name\":\"Bunker Seguridad\",\"description\":\"Otro sitio realizado con WordPress\",\"potentialAction\":[{\"@type\":\"SearchAction\",\"target\":{\"@type\":\"EntryPoint\",\"urlTemplate\":\"https:\/\/bunkerseguridad.com\/fr\/?s={search_term_string}\"},\"query-input\":{\"@type\":\"PropertyValueSpecification\",\"valueRequired\":true,\"valueName\":\"search_term_string\"}}],\"inLanguage\":\"fr-FR\"}]}<\/script>\n<!-- \/ Yoast SEO plugin. -->","yoast_head_json":{"title":"Solution Wireless antid\u00e9flagrante - WES3HTG-EXP-Cz - Bunker Seguridad","description":"Les solutions Wireless antid\u00e9flagrantes hautes performances fil haute vitesse pour les environnements extr\u00eames","robots":{"index":"noindex","follow":"follow","max-snippet":"max-snippet:-1","max-image-preview":"max-image-preview:large","max-video-preview":"max-video-preview:-1"},"og_locale":"fr_FR","og_type":"article","og_title":"Solution Wireless antid\u00e9flagrante - WES3HTG-EXP-Cz - Bunker Seguridad","og_description":"Les solutions Wireless antid\u00e9flagrantes hautes performances fil haute vitesse pour les environnements extr\u00eames","og_url":"https:\/\/bunkerseguridad.com\/fr\/produit\/solution-wireless-antideflagrante-wes3htg-exp-cz\/","og_site_name":"Bunker Seguridad","article_modified_time":"2021-02-17T12:46:19+00:00","og_image":[{"width":1200,"height":1200,"url":"https:\/\/bunkerseguridad.com\/fr\/wp-content\/uploads\/2020\/12\/Wireless-solutions-WES3HTG-EXP-Series.png","type":"image\/png"}],"twitter_card":"summary_large_image","twitter_misc":{"Dur\u00e9e de lecture estim\u00e9e":"1 minute"},"schema":{"@context":"https:\/\/schema.org","@graph":[{"@type":"WebPage","@id":"https:\/\/bunkerseguridad.com\/fr\/produit\/solution-wireless-antideflagrante-wes3htg-exp-cz\/","url":"https:\/\/bunkerseguridad.com\/fr\/produit\/solution-wireless-antideflagrante-wes3htg-exp-cz\/","name":"Solution Wireless antid\u00e9flagrante - WES3HTG-EXP-Cz - Bunker Seguridad","isPartOf":{"@id":"https:\/\/bunkerseguridad.com\/fr\/#website"},"primaryImageOfPage":{"@id":"https:\/\/bunkerseguridad.com\/fr\/produit\/solution-wireless-antideflagrante-wes3htg-exp-cz\/#primaryimage"},"image":{"@id":"https:\/\/bunkerseguridad.com\/fr\/produit\/solution-wireless-antideflagrante-wes3htg-exp-cz\/#primaryimage"},"thumbnailUrl":"https:\/\/bunkerseguridad.com\/fr\/wp-content\/uploads\/2020\/12\/Wireless-solutions-WES3HTG-EXP-Series.png","datePublished":"2020-12-22T11:50:32+00:00","dateModified":"2021-02-17T12:46:19+00:00","description":"Les solutions Wireless antid\u00e9flagrantes hautes performances fil haute vitesse pour les environnements extr\u00eames","breadcrumb":{"@id":"https:\/\/bunkerseguridad.com\/fr\/produit\/solution-wireless-antideflagrante-wes3htg-exp-cz\/#breadcrumb"},"inLanguage":"fr-FR","potentialAction":[{"@type":"ReadAction","target":["https:\/\/bunkerseguridad.com\/fr\/produit\/solution-wireless-antideflagrante-wes3htg-exp-cz\/"]}]},{"@type":"ImageObject","inLanguage":"fr-FR","@id":"https:\/\/bunkerseguridad.com\/fr\/produit\/solution-wireless-antideflagrante-wes3htg-exp-cz\/#primaryimage","url":"https:\/\/bunkerseguridad.com\/fr\/wp-content\/uploads\/2020\/12\/Wireless-solutions-WES3HTG-EXP-Series.png","contentUrl":"https:\/\/bunkerseguridad.com\/fr\/wp-content\/uploads\/2020\/12\/Wireless-solutions-WES3HTG-EXP-Series.png","width":1200,"height":1200,"caption":"Solutions sans fil - S\u00e9rie WES3HTG-EXP"},{"@type":"BreadcrumbList","@id":"https:\/\/bunkerseguridad.com\/fr\/produit\/solution-wireless-antideflagrante-wes3htg-exp-cz\/#breadcrumb","itemListElement":[{"@type":"ListItem","position":1,"name":"Home","item":"https:\/\/bunkerseguridad.com\/fr\/"},{"@type":"ListItem","position":2,"name":"Shop","item":"https:\/\/bunkerseguridad.com\/fr\/shop\/"},{"@type":"ListItem","position":3,"name":"Solution Wireless antid\u00e9flagrante &#8211; WES3HTG-EXP-Cz"}]},{"@type":"WebSite","@id":"https:\/\/bunkerseguridad.com\/fr\/#website","url":"https:\/\/bunkerseguridad.com\/fr\/","name":"Bunker Seguridad","description":"Otro sitio realizado con WordPress","potentialAction":[{"@type":"SearchAction","target":{"@type":"EntryPoint","urlTemplate":"https:\/\/bunkerseguridad.com\/fr\/?s={search_term_string}"},"query-input":{"@type":"PropertyValueSpecification","valueRequired":true,"valueName":"search_term_string"}}],"inLanguage":"fr-FR"}]}},"brands":[{"id":206,"name":"KBC Networks","slug":"kbc-networks"}],"_links":{"self":[{"href":"https:\/\/bunkerseguridad.com\/fr\/wp-json\/wp\/v2\/product\/6133","targetHints":{"allow":["GET"]}}],"collection":[{"href":"https:\/\/bunkerseguridad.com\/fr\/wp-json\/wp\/v2\/product"}],"about":[{"href":"https:\/\/bunkerseguridad.com\/fr\/wp-json\/wp\/v2\/types\/product"}],"wp:featuredmedia":[{"embeddable":true,"href":"https:\/\/bunkerseguridad.com\/fr\/wp-json\/wp\/v2\/media\/6137"}],"wp:attachment":[{"href":"https:\/\/bunkerseguridad.com\/fr\/wp-json\/wp\/v2\/media?parent=6133"}],"wp:term":[{"taxonomy":"pwb-brand","embeddable":true,"href":"https:\/\/bunkerseguridad.com\/fr\/wp-json\/wp\/v2\/pwb-brand?post=6133"},{"taxonomy":"product_brand","embeddable":true,"href":"https:\/\/bunkerseguridad.com\/fr\/wp-json\/wp\/v2\/product_brand?post=6133"},{"taxonomy":"product_cat","embeddable":true,"href":"https:\/\/bunkerseguridad.com\/fr\/wp-json\/wp\/v2\/product_cat?post=6133"},{"taxonomy":"product_tag","embeddable":true,"href":"https:\/\/bunkerseguridad.com\/fr\/wp-json\/wp\/v2\/product_tag?post=6133"}],"curies":[{"name":"wp","href":"https:\/\/api.w.org\/{rel}","templated":true}]}}