{"id":612,"date":"2020-09-09T10:35:35","date_gmt":"2020-09-09T10:35:35","guid":{"rendered":"http:\/\/www.bunkerseguridad.es\/en\/?post_type=product&#038;p=612"},"modified":"2021-02-16T09:00:21","modified_gmt":"2021-02-16T09:00:21","slug":"illuminateurs-led-clarius-duo-plus-lumiere-blanche-grand","status":"publish","type":"product","link":"https:\/\/bunkerseguridad.com\/fr\/produit\/illuminateurs-led-clarius-duo-plus-lumiere-blanche-grand\/","title":{"rendered":"Illuminateurs LED CLARIUS DUO Plus lumi\u00e8re blanche (Grand)"},"content":{"rendered":"<div class=\"field-items\">\n<div class=\"field-item even\">\n<p>Grand projecteur \u00e0 lumi\u00e8re blanche DUO PLUS<\/p>\n<p>Les projecteurs \u00e0 lumi\u00e8re blanche haute performance de la gamme Clarius\u00ae DUO PLUS sont con\u00e7us pour offrir des performances de premier plan, une longue dur\u00e9e de vie et une maintenance r\u00e9duite.<\/p>\n<p>Ils int\u00e8grent les toutes derni\u00e8res LED tr\u00e8s haute puissance mont\u00e9es en surface, avec une sortie optique am\u00e9lior\u00e9e et une fiabilit\u00e9 remarquable, pour obtenir d&rsquo;excellentes images de nuit.<\/p>\n<p>La fonction d&rsquo;ajustement d&rsquo;angle permet \u00e0 l&rsquo;utilisateur de modifier l&rsquo;angle d&rsquo;\u00e9clairage pour correspondre au champ de vision des cam\u00e9ras.<\/p>\n<p>Tous les projecteurs Clarius Duo sont dot\u00e9s d&rsquo;une alimentation d\u00e9di\u00e9e avec mode de commutation d&rsquo;entr\u00e9e universelle et cellule photo\u00e9lectrique int\u00e9gr\u00e9e. Les fonctions de contr\u00f4le incluent l&rsquo;ajustement de l&rsquo;alimentation et de la cellule photo\u00e9lectrique, la t\u00e9l\u00e9m\u00e9trie et les apr\u00e8s contacts.<\/p>\n<p>Les projecteurs de la gamme Clarius\u00ae DUO PLUS incluent un nouveau syst\u00e8me de diffusion \u00e0 lentilles interchangeables qui permet \u00e0 l&rsquo;utilisateur de modifier rapidement et facilement l&rsquo;angle d&rsquo;\u00e9clairage. Les profils de faisceau elliptiques permettent d&rsquo;\u00e9clairer davantage certains endroits en fonction des besoins, pour ainsi couvrir des distances plus longues et minimiser le gaspillage de lumi\u00e8re. Le syst\u00e8me aide \u00e9galement \u00e0 \u00e9viter la surexposition des objets situ\u00e9s au premier plan.<\/p>\n<p>Le projecteur inclut par d\u00e9faut des lentilles interchangeables offrant des profils de faisceau elliptiques de 10\u00b0 circulaire, 20\u00b0, 30\u00b0, 60\u00b0, 80\u00b0 and 95\u00b0 elliptical\u00b0.<\/p>\n<\/div>\n<\/div>\n<p>&nbsp;<\/p>\n<p><strong>Caract\u00e9ristique:<\/strong><\/p>\n<div class=\"field-items\">\n<div class=\"field-item even\">\n<ul>\n<li>Distance allant jusqu&rsquo;\u00e0 195 m (639\u2019)<\/li>\n<li>Derni\u00e8re technologie de LED\u2122 tr\u00e8s haute puissance mont\u00e9es en surface<\/li>\n<li>Angles ajustables<\/li>\n<li>Bloc d&rsquo;alimentation d\u00e9di\u00e9 avec mode de commutation intelligente<\/li>\n<li>Faible consommation \u00e9lectrique<\/li>\n<li>Indice IP66 de r\u00e9sistance aux intemp\u00e9ries<\/li>\n<li>Technologie de rev\u00eatement de lentille autonettoyant CleanLITE\u00ae<\/li>\n<li>Longue dur\u00e9e de vie<\/li>\n<li>Profils de faisceau elliptiques<\/li>\n<\/ul>\n<\/div>\n<\/div>\n","protected":false},"excerpt":{"rendered":"<p>La gamme d&rsquo;illuminateurs \u00e0 lumi\u00e8re blanche haute performance Clarius\u00ae DUAL PLUS est con\u00e7ue pour offrir des performances exceptionnelles, une fiabilit\u00e9 exceptionnelle et une longue dur\u00e9e de vie avec un minimum d&rsquo;entretien. Int\u00e9grant les derni\u00e8res LED \u00e0 montage en surface ultra haute puissance avec une sortie optique am\u00e9lior\u00e9e, elles offrent d&rsquo;excellentes images de nuit.<\/p>\n","protected":false},"featured_media":636,"template":"","meta":{"_et_pb_use_builder":"","_et_pb_old_content":"","_et_gb_content_width":""},"pwb-brand":[204],"product_brand":[],"product_cat":[41,42],"product_tag":[107,208,103,106,108,109,105,104],"class_list":{"0":"post-612","1":"product","2":"type-product","3":"status-publish","4":"has-post-thumbnail","6":"pwb-brand-clarius","7":"product_cat-detection-intrusion-perimetrique","8":"product_cat-illuminateurs-led","9":"product_tag-850nm","10":"product_tag-940nm","11":"product_tag-courte-portee","12":"product_tag-extralong-range","13":"product_tag-illuminateur-infrarouge","14":"product_tag-illuminateur-lumiere-blanche","15":"product_tag-longue-portee","16":"product_tag-moyenne-portee","18":"first","19":"instock","20":"shipping-taxable","21":"product-type-simple"},"yoast_head":"<!-- This site is optimized with the Yoast SEO plugin v25.2 - https:\/\/yoast.com\/wordpress\/plugins\/seo\/ -->\n<title>Illuminateurs LED CLARIUS DUO Plus lumi\u00e8re blanche (Grand) - Bunker Seguridad<\/title>\n<meta name=\"description\" content=\"projecteurs \u00e0 lumi\u00e8re blanche Clarius\u00ae DUO PLUS offrir des performances de premier plan, une longue dur\u00e9e de vie et une maintenance r\u00e9duite.\" \/>\n<meta name=\"robots\" content=\"noindex, follow, max-snippet:-1, max-image-preview:large, max-video-preview:-1\" \/>\n<meta property=\"og:locale\" content=\"fr_FR\" \/>\n<meta property=\"og:type\" content=\"article\" \/>\n<meta property=\"og:title\" content=\"Illuminateurs LED CLARIUS DUO Plus lumi\u00e8re blanche (Grand) - Bunker Seguridad\" \/>\n<meta property=\"og:description\" content=\"projecteurs \u00e0 lumi\u00e8re blanche Clarius\u00ae DUO PLUS offrir des performances de premier plan, une longue dur\u00e9e de vie et une maintenance r\u00e9duite.\" \/>\n<meta property=\"og:url\" content=\"https:\/\/bunkerseguridad.com\/fr\/produit\/illuminateurs-led-clarius-duo-plus-lumiere-blanche-grand\/\" \/>\n<meta property=\"og:site_name\" content=\"Bunker Seguridad\" \/>\n<meta property=\"article:modified_time\" content=\"2021-02-16T09:00:21+00:00\" \/>\n<meta property=\"og:image\" content=\"https:\/\/bunkerseguridad.com\/fr\/wp-content\/uploads\/2020\/09\/White-Light-Illuminators-For-Security-Cameras.png\" \/>\n\t<meta property=\"og:image:width\" content=\"1200\" \/>\n\t<meta property=\"og:image:height\" content=\"1200\" \/>\n\t<meta property=\"og:image:type\" content=\"image\/png\" \/>\n<meta name=\"twitter:card\" content=\"summary_large_image\" \/>\n<meta name=\"twitter:label1\" content=\"Dur\u00e9e de lecture estim\u00e9e\" \/>\n\t<meta name=\"twitter:data1\" content=\"2 minutes\" \/>\n<script type=\"application\/ld+json\" class=\"yoast-schema-graph\">{\"@context\":\"https:\/\/schema.org\",\"@graph\":[{\"@type\":\"WebPage\",\"@id\":\"https:\/\/bunkerseguridad.com\/fr\/produit\/illuminateurs-led-clarius-duo-plus-lumiere-blanche-grand\/\",\"url\":\"https:\/\/bunkerseguridad.com\/fr\/produit\/illuminateurs-led-clarius-duo-plus-lumiere-blanche-grand\/\",\"name\":\"Illuminateurs LED CLARIUS DUO Plus lumi\u00e8re blanche (Grand) - Bunker Seguridad\",\"isPartOf\":{\"@id\":\"https:\/\/bunkerseguridad.com\/fr\/#website\"},\"primaryImageOfPage\":{\"@id\":\"https:\/\/bunkerseguridad.com\/fr\/produit\/illuminateurs-led-clarius-duo-plus-lumiere-blanche-grand\/#primaryimage\"},\"image\":{\"@id\":\"https:\/\/bunkerseguridad.com\/fr\/produit\/illuminateurs-led-clarius-duo-plus-lumiere-blanche-grand\/#primaryimage\"},\"thumbnailUrl\":\"https:\/\/bunkerseguridad.com\/fr\/wp-content\/uploads\/2020\/09\/White-Light-Illuminators-For-Security-Cameras.png\",\"datePublished\":\"2020-09-09T10:35:35+00:00\",\"dateModified\":\"2021-02-16T09:00:21+00:00\",\"description\":\"projecteurs \u00e0 lumi\u00e8re blanche Clarius\u00ae DUO PLUS offrir des performances de premier plan, une longue dur\u00e9e de vie et une maintenance r\u00e9duite.\",\"breadcrumb\":{\"@id\":\"https:\/\/bunkerseguridad.com\/fr\/produit\/illuminateurs-led-clarius-duo-plus-lumiere-blanche-grand\/#breadcrumb\"},\"inLanguage\":\"fr-FR\",\"potentialAction\":[{\"@type\":\"ReadAction\",\"target\":[\"https:\/\/bunkerseguridad.com\/fr\/produit\/illuminateurs-led-clarius-duo-plus-lumiere-blanche-grand\/\"]}]},{\"@type\":\"ImageObject\",\"inLanguage\":\"fr-FR\",\"@id\":\"https:\/\/bunkerseguridad.com\/fr\/produit\/illuminateurs-led-clarius-duo-plus-lumiere-blanche-grand\/#primaryimage\",\"url\":\"https:\/\/bunkerseguridad.com\/fr\/wp-content\/uploads\/2020\/09\/White-Light-Illuminators-For-Security-Cameras.png\",\"contentUrl\":\"https:\/\/bunkerseguridad.com\/fr\/wp-content\/uploads\/2020\/09\/White-Light-Illuminators-For-Security-Cameras.png\",\"width\":1200,\"height\":1200,\"caption\":\"LED illuminator CLARIUS Plus white-light DUAL large\"},{\"@type\":\"BreadcrumbList\",\"@id\":\"https:\/\/bunkerseguridad.com\/fr\/produit\/illuminateurs-led-clarius-duo-plus-lumiere-blanche-grand\/#breadcrumb\",\"itemListElement\":[{\"@type\":\"ListItem\",\"position\":1,\"name\":\"Home\",\"item\":\"https:\/\/bunkerseguridad.com\/fr\/\"},{\"@type\":\"ListItem\",\"position\":2,\"name\":\"Shop\",\"item\":\"https:\/\/bunkerseguridad.com\/fr\/shop\/\"},{\"@type\":\"ListItem\",\"position\":3,\"name\":\"Illuminateurs LED CLARIUS DUO Plus lumi\u00e8re blanche (Grand)\"}]},{\"@type\":\"WebSite\",\"@id\":\"https:\/\/bunkerseguridad.com\/fr\/#website\",\"url\":\"https:\/\/bunkerseguridad.com\/fr\/\",\"name\":\"Bunker Seguridad\",\"description\":\"Otro sitio realizado con WordPress\",\"potentialAction\":[{\"@type\":\"SearchAction\",\"target\":{\"@type\":\"EntryPoint\",\"urlTemplate\":\"https:\/\/bunkerseguridad.com\/fr\/?s={search_term_string}\"},\"query-input\":{\"@type\":\"PropertyValueSpecification\",\"valueRequired\":true,\"valueName\":\"search_term_string\"}}],\"inLanguage\":\"fr-FR\"}]}<\/script>\n<!-- \/ Yoast SEO plugin. -->","yoast_head_json":{"title":"Illuminateurs LED CLARIUS DUO Plus lumi\u00e8re blanche (Grand) - Bunker Seguridad","description":"projecteurs \u00e0 lumi\u00e8re blanche Clarius\u00ae DUO PLUS offrir des performances de premier plan, une longue dur\u00e9e de vie et une maintenance r\u00e9duite.","robots":{"index":"noindex","follow":"follow","max-snippet":"max-snippet:-1","max-image-preview":"max-image-preview:large","max-video-preview":"max-video-preview:-1"},"og_locale":"fr_FR","og_type":"article","og_title":"Illuminateurs LED CLARIUS DUO Plus lumi\u00e8re blanche (Grand) - Bunker Seguridad","og_description":"projecteurs \u00e0 lumi\u00e8re blanche Clarius\u00ae DUO PLUS offrir des performances de premier plan, une longue dur\u00e9e de vie et une maintenance r\u00e9duite.","og_url":"https:\/\/bunkerseguridad.com\/fr\/produit\/illuminateurs-led-clarius-duo-plus-lumiere-blanche-grand\/","og_site_name":"Bunker Seguridad","article_modified_time":"2021-02-16T09:00:21+00:00","og_image":[{"width":1200,"height":1200,"url":"https:\/\/bunkerseguridad.com\/fr\/wp-content\/uploads\/2020\/09\/White-Light-Illuminators-For-Security-Cameras.png","type":"image\/png"}],"twitter_card":"summary_large_image","twitter_misc":{"Dur\u00e9e de lecture estim\u00e9e":"2 minutes"},"schema":{"@context":"https:\/\/schema.org","@graph":[{"@type":"WebPage","@id":"https:\/\/bunkerseguridad.com\/fr\/produit\/illuminateurs-led-clarius-duo-plus-lumiere-blanche-grand\/","url":"https:\/\/bunkerseguridad.com\/fr\/produit\/illuminateurs-led-clarius-duo-plus-lumiere-blanche-grand\/","name":"Illuminateurs LED CLARIUS DUO Plus lumi\u00e8re blanche (Grand) - Bunker Seguridad","isPartOf":{"@id":"https:\/\/bunkerseguridad.com\/fr\/#website"},"primaryImageOfPage":{"@id":"https:\/\/bunkerseguridad.com\/fr\/produit\/illuminateurs-led-clarius-duo-plus-lumiere-blanche-grand\/#primaryimage"},"image":{"@id":"https:\/\/bunkerseguridad.com\/fr\/produit\/illuminateurs-led-clarius-duo-plus-lumiere-blanche-grand\/#primaryimage"},"thumbnailUrl":"https:\/\/bunkerseguridad.com\/fr\/wp-content\/uploads\/2020\/09\/White-Light-Illuminators-For-Security-Cameras.png","datePublished":"2020-09-09T10:35:35+00:00","dateModified":"2021-02-16T09:00:21+00:00","description":"projecteurs \u00e0 lumi\u00e8re blanche Clarius\u00ae DUO PLUS offrir des performances de premier plan, une longue dur\u00e9e de vie et une maintenance r\u00e9duite.","breadcrumb":{"@id":"https:\/\/bunkerseguridad.com\/fr\/produit\/illuminateurs-led-clarius-duo-plus-lumiere-blanche-grand\/#breadcrumb"},"inLanguage":"fr-FR","potentialAction":[{"@type":"ReadAction","target":["https:\/\/bunkerseguridad.com\/fr\/produit\/illuminateurs-led-clarius-duo-plus-lumiere-blanche-grand\/"]}]},{"@type":"ImageObject","inLanguage":"fr-FR","@id":"https:\/\/bunkerseguridad.com\/fr\/produit\/illuminateurs-led-clarius-duo-plus-lumiere-blanche-grand\/#primaryimage","url":"https:\/\/bunkerseguridad.com\/fr\/wp-content\/uploads\/2020\/09\/White-Light-Illuminators-For-Security-Cameras.png","contentUrl":"https:\/\/bunkerseguridad.com\/fr\/wp-content\/uploads\/2020\/09\/White-Light-Illuminators-For-Security-Cameras.png","width":1200,"height":1200,"caption":"LED illuminator CLARIUS Plus white-light DUAL large"},{"@type":"BreadcrumbList","@id":"https:\/\/bunkerseguridad.com\/fr\/produit\/illuminateurs-led-clarius-duo-plus-lumiere-blanche-grand\/#breadcrumb","itemListElement":[{"@type":"ListItem","position":1,"name":"Home","item":"https:\/\/bunkerseguridad.com\/fr\/"},{"@type":"ListItem","position":2,"name":"Shop","item":"https:\/\/bunkerseguridad.com\/fr\/shop\/"},{"@type":"ListItem","position":3,"name":"Illuminateurs LED CLARIUS DUO Plus lumi\u00e8re blanche (Grand)"}]},{"@type":"WebSite","@id":"https:\/\/bunkerseguridad.com\/fr\/#website","url":"https:\/\/bunkerseguridad.com\/fr\/","name":"Bunker Seguridad","description":"Otro sitio realizado con WordPress","potentialAction":[{"@type":"SearchAction","target":{"@type":"EntryPoint","urlTemplate":"https:\/\/bunkerseguridad.com\/fr\/?s={search_term_string}"},"query-input":{"@type":"PropertyValueSpecification","valueRequired":true,"valueName":"search_term_string"}}],"inLanguage":"fr-FR"}]}},"brands":[{"id":204,"name":"Clarius","slug":"clarius"}],"_links":{"self":[{"href":"https:\/\/bunkerseguridad.com\/fr\/wp-json\/wp\/v2\/product\/612","targetHints":{"allow":["GET"]}}],"collection":[{"href":"https:\/\/bunkerseguridad.com\/fr\/wp-json\/wp\/v2\/product"}],"about":[{"href":"https:\/\/bunkerseguridad.com\/fr\/wp-json\/wp\/v2\/types\/product"}],"wp:featuredmedia":[{"embeddable":true,"href":"https:\/\/bunkerseguridad.com\/fr\/wp-json\/wp\/v2\/media\/636"}],"wp:attachment":[{"href":"https:\/\/bunkerseguridad.com\/fr\/wp-json\/wp\/v2\/media?parent=612"}],"wp:term":[{"taxonomy":"pwb-brand","embeddable":true,"href":"https:\/\/bunkerseguridad.com\/fr\/wp-json\/wp\/v2\/pwb-brand?post=612"},{"taxonomy":"product_brand","embeddable":true,"href":"https:\/\/bunkerseguridad.com\/fr\/wp-json\/wp\/v2\/product_brand?post=612"},{"taxonomy":"product_cat","embeddable":true,"href":"https:\/\/bunkerseguridad.com\/fr\/wp-json\/wp\/v2\/product_cat?post=612"},{"taxonomy":"product_tag","embeddable":true,"href":"https:\/\/bunkerseguridad.com\/fr\/wp-json\/wp\/v2\/product_tag?post=612"}],"curies":[{"name":"wp","href":"https:\/\/api.w.org\/{rel}","templated":true}]}}