{"id":6119,"date":"2020-12-22T11:19:12","date_gmt":"2020-12-22T11:19:12","guid":{"rendered":"http:\/\/www.bunkerseguridad.es\/en\/?post_type=product&#038;p=6119"},"modified":"2021-02-18T08:58:24","modified_gmt":"2021-02-18T08:58:24","slug":"solutions-wireless-wes3htg-ax-az","status":"publish","type":"product","link":"https:\/\/bunkerseguridad.com\/fr\/produit\/solutions-wireless-wes3htg-ax-az\/","title":{"rendered":"Solutions Wireless &#8211; WES3HTG-AX-Az"},"content":{"rendered":"<p><strong>Solutions Wireless &#8211; WES3HTG-AX-Az 5dBi<\/strong> Le syst\u00e8me Ethernet sans fil WES3HTG est un syst\u00e8me de transmission sans fil \u00e0 haut d\u00e9bit de l&rsquo;ordre du gigabit qui fonctionne sur la bande 5 GHz sans licence et fournit un canal Ethernet d&rsquo;une capacit\u00e9 globale allant jusqu&rsquo;\u00e0 1,3 Gbps. Le micrologiciel WES3HTG est configurable selon le type de produit, ce qui permet de configurer une unit\u00e9 commune en tant que client, h\u00f4te monopoint ou h\u00f4te multipoint. Le syst\u00e8me est conforme \u00e0 la norme IEEE802.11ac et supportera un d\u00e9bit allant jusqu&rsquo;\u00e0 1,3 Gbps gr\u00e2ce \u00e0 la technologie MIMO (Multiple In Multiple Out). WES3HTG fournit une connectivit\u00e9 \u00e0 haut d\u00e9bit pour les applications de backhaul ainsi qu&rsquo;une large gamme de p\u00e9riph\u00e9riques Ethernet tels que les cam\u00e9ras IP m\u00e9gapixel\/HD, les DVR et les serveurs web. Il utilise un cryptage s\u00e9curis\u00e9 pour emp\u00eacher tout acc\u00e8s non autoris\u00e9 au syst\u00e8me. WES3HTG est conforme \u00e0 la norme IEEE802.3af et peut \u00e9galement \u00eatre utilis\u00e9 avec un module d&rsquo;injection d&rsquo;\u00e9nergie pour les applications o\u00f9 le PoE n&rsquo;est pas disponible. Les unit\u00e9s WES3HTG peuvent \u00eatre mont\u00e9es au mur ou sur poteau avec le mat\u00e9riel fourni.<\/p>\n<p><strong>Caract\u00e9ristiques:<\/strong><\/p>\n<ul>\n<li>Configurable pour le client \/ l&rsquo;h\u00f4te unique \/ l&rsquo;h\u00f4te multipoint<\/li>\n<li>11ac conforme<\/li>\n<li>Contr\u00f4le de la puissance de transmission<\/li>\n<li>Jusqu&rsquo;\u00e0 30dBm de puissance de sortie<\/li>\n<li>Transmission s\u00e9curis\u00e9e : WPA2 &#8211; Cryptage AES ou TKIP<\/li>\n<li>Alignement de l&rsquo;antenne et \u00e9tude du signal du site tolos<\/li>\n<li>R\u00e9glage de la distance pour la transmission \u00e0 longue distance<\/li>\n<li>Gamme d&rsquo;options d&rsquo;antennes<\/li>\n<li>Soutien passif du PoE conforme \u00e0 l&rsquo;espace interm\u00e9diaire<\/li>\n<li>Classe de protection IP66<\/li>\n<\/ul>\n<p>&nbsp;<\/p>\n","protected":false},"excerpt":{"rendered":"<p><strong>Solutions Wireless -WES3-AX-CG,<\/strong> radio Ethernet sans fil \u00e0 haut d\u00e9bit de 5 GHz (jusqu&rsquo;\u00e0 650 Mbps bidirectionnel). H\u00f4te point \u00e0 point, h\u00f4te point \u00e0 multipoint ou client s\u00e9lectionnable. Antenne omnidirectionnelle 5dBi, injecteur PoE ou midspan, firmware EMEA.<\/p>\n","protected":false},"featured_media":6122,"template":"","meta":{"_et_pb_use_builder":"","_et_pb_old_content":"","_et_gb_content_width":""},"pwb-brand":[206],"product_brand":[],"product_cat":[31,35],"product_tag":[178,324,352,181,351,176,175],"class_list":{"0":"post-6119","1":"product","2":"type-product","3":"status-publish","4":"has-post-thumbnail","6":"pwb-brand-kbc-networks","7":"product_cat-transmission-des-donnees","8":"product_cat-solutions-wireless","9":"product_tag-5dbi","10":"product_tag-5-ghz","11":"product_tag-haut-debit","12":"product_tag-omni-directionnel","13":"product_tag-poe-ou-linjecteur-despace-intermediaire","14":"product_tag-point-a-multipoint","15":"product_tag-point-to-point","17":"first","18":"instock","19":"shipping-taxable","20":"product-type-simple"},"yoast_head":"<!-- This site is optimized with the Yoast SEO plugin v25.2 - https:\/\/yoast.com\/wordpress\/plugins\/seo\/ -->\n<title>Solutions Wireless - WES3HTG-AX-Az - Bunker Seguridad<\/title>\n<meta name=\"description\" content=\"Wireless Solutions Ethernet radio op\u00e8re dans la bande 5 GHz, sans licence. Une solution sans fil enti\u00e8rement antid\u00e9flagrante est disponible.\" \/>\n<meta name=\"robots\" content=\"noindex, follow, max-snippet:-1, max-image-preview:large, max-video-preview:-1\" \/>\n<meta property=\"og:locale\" content=\"fr_FR\" \/>\n<meta property=\"og:type\" content=\"article\" \/>\n<meta property=\"og:title\" content=\"Solutions Wireless - WES3HTG-AX-Az - Bunker Seguridad\" \/>\n<meta property=\"og:description\" content=\"Wireless Solutions Ethernet radio op\u00e8re dans la bande 5 GHz, sans licence. Une solution sans fil enti\u00e8rement antid\u00e9flagrante est disponible.\" \/>\n<meta property=\"og:url\" content=\"https:\/\/bunkerseguridad.com\/fr\/produit\/solutions-wireless-wes3htg-ax-az\/\" \/>\n<meta property=\"og:site_name\" content=\"Bunker Seguridad\" \/>\n<meta property=\"article:modified_time\" content=\"2021-02-18T08:58:24+00:00\" \/>\n<meta property=\"og:image\" content=\"https:\/\/bunkerseguridad.com\/fr\/wp-content\/uploads\/2020\/12\/Wireless-WES3-HTG.png\" \/>\n\t<meta property=\"og:image:width\" content=\"1200\" \/>\n\t<meta property=\"og:image:height\" content=\"1200\" \/>\n\t<meta property=\"og:image:type\" content=\"image\/png\" \/>\n<meta name=\"twitter:card\" content=\"summary_large_image\" \/>\n<meta name=\"twitter:label1\" content=\"Dur\u00e9e de lecture estim\u00e9e\" \/>\n\t<meta name=\"twitter:data1\" content=\"2 minutes\" \/>\n<script type=\"application\/ld+json\" class=\"yoast-schema-graph\">{\"@context\":\"https:\/\/schema.org\",\"@graph\":[{\"@type\":\"WebPage\",\"@id\":\"https:\/\/bunkerseguridad.com\/fr\/produit\/solutions-wireless-wes3htg-ax-az\/\",\"url\":\"https:\/\/bunkerseguridad.com\/fr\/produit\/solutions-wireless-wes3htg-ax-az\/\",\"name\":\"Solutions Wireless - WES3HTG-AX-Az - Bunker Seguridad\",\"isPartOf\":{\"@id\":\"https:\/\/bunkerseguridad.com\/fr\/#website\"},\"primaryImageOfPage\":{\"@id\":\"https:\/\/bunkerseguridad.com\/fr\/produit\/solutions-wireless-wes3htg-ax-az\/#primaryimage\"},\"image\":{\"@id\":\"https:\/\/bunkerseguridad.com\/fr\/produit\/solutions-wireless-wes3htg-ax-az\/#primaryimage\"},\"thumbnailUrl\":\"https:\/\/bunkerseguridad.com\/fr\/wp-content\/uploads\/2020\/12\/Wireless-WES3-HTG.png\",\"datePublished\":\"2020-12-22T11:19:12+00:00\",\"dateModified\":\"2021-02-18T08:58:24+00:00\",\"description\":\"Wireless Solutions Ethernet radio op\u00e8re dans la bande 5 GHz, sans licence. Une solution sans fil enti\u00e8rement antid\u00e9flagrante est disponible.\",\"breadcrumb\":{\"@id\":\"https:\/\/bunkerseguridad.com\/fr\/produit\/solutions-wireless-wes3htg-ax-az\/#breadcrumb\"},\"inLanguage\":\"fr-FR\",\"potentialAction\":[{\"@type\":\"ReadAction\",\"target\":[\"https:\/\/bunkerseguridad.com\/fr\/produit\/solutions-wireless-wes3htg-ax-az\/\"]}]},{\"@type\":\"ImageObject\",\"inLanguage\":\"fr-FR\",\"@id\":\"https:\/\/bunkerseguridad.com\/fr\/produit\/solutions-wireless-wes3htg-ax-az\/#primaryimage\",\"url\":\"https:\/\/bunkerseguridad.com\/fr\/wp-content\/uploads\/2020\/12\/Wireless-WES3-HTG.png\",\"contentUrl\":\"https:\/\/bunkerseguridad.com\/fr\/wp-content\/uploads\/2020\/12\/Wireless-WES3-HTG.png\",\"width\":1200,\"height\":1200,\"caption\":\"Wireless---WES3-HTG\"},{\"@type\":\"BreadcrumbList\",\"@id\":\"https:\/\/bunkerseguridad.com\/fr\/produit\/solutions-wireless-wes3htg-ax-az\/#breadcrumb\",\"itemListElement\":[{\"@type\":\"ListItem\",\"position\":1,\"name\":\"Home\",\"item\":\"https:\/\/bunkerseguridad.com\/fr\/\"},{\"@type\":\"ListItem\",\"position\":2,\"name\":\"Shop\",\"item\":\"https:\/\/bunkerseguridad.com\/fr\/shop\/\"},{\"@type\":\"ListItem\",\"position\":3,\"name\":\"Solutions Wireless &#8211; WES3HTG-AX-Az\"}]},{\"@type\":\"WebSite\",\"@id\":\"https:\/\/bunkerseguridad.com\/fr\/#website\",\"url\":\"https:\/\/bunkerseguridad.com\/fr\/\",\"name\":\"Bunker Seguridad\",\"description\":\"Otro sitio realizado con WordPress\",\"potentialAction\":[{\"@type\":\"SearchAction\",\"target\":{\"@type\":\"EntryPoint\",\"urlTemplate\":\"https:\/\/bunkerseguridad.com\/fr\/?s={search_term_string}\"},\"query-input\":{\"@type\":\"PropertyValueSpecification\",\"valueRequired\":true,\"valueName\":\"search_term_string\"}}],\"inLanguage\":\"fr-FR\"}]}<\/script>\n<!-- \/ Yoast SEO plugin. -->","yoast_head_json":{"title":"Solutions Wireless - WES3HTG-AX-Az - Bunker Seguridad","description":"Wireless Solutions Ethernet radio op\u00e8re dans la bande 5 GHz, sans licence. Une solution sans fil enti\u00e8rement antid\u00e9flagrante est disponible.","robots":{"index":"noindex","follow":"follow","max-snippet":"max-snippet:-1","max-image-preview":"max-image-preview:large","max-video-preview":"max-video-preview:-1"},"og_locale":"fr_FR","og_type":"article","og_title":"Solutions Wireless - WES3HTG-AX-Az - Bunker Seguridad","og_description":"Wireless Solutions Ethernet radio op\u00e8re dans la bande 5 GHz, sans licence. Une solution sans fil enti\u00e8rement antid\u00e9flagrante est disponible.","og_url":"https:\/\/bunkerseguridad.com\/fr\/produit\/solutions-wireless-wes3htg-ax-az\/","og_site_name":"Bunker Seguridad","article_modified_time":"2021-02-18T08:58:24+00:00","og_image":[{"width":1200,"height":1200,"url":"https:\/\/bunkerseguridad.com\/fr\/wp-content\/uploads\/2020\/12\/Wireless-WES3-HTG.png","type":"image\/png"}],"twitter_card":"summary_large_image","twitter_misc":{"Dur\u00e9e de lecture estim\u00e9e":"2 minutes"},"schema":{"@context":"https:\/\/schema.org","@graph":[{"@type":"WebPage","@id":"https:\/\/bunkerseguridad.com\/fr\/produit\/solutions-wireless-wes3htg-ax-az\/","url":"https:\/\/bunkerseguridad.com\/fr\/produit\/solutions-wireless-wes3htg-ax-az\/","name":"Solutions Wireless - WES3HTG-AX-Az - Bunker Seguridad","isPartOf":{"@id":"https:\/\/bunkerseguridad.com\/fr\/#website"},"primaryImageOfPage":{"@id":"https:\/\/bunkerseguridad.com\/fr\/produit\/solutions-wireless-wes3htg-ax-az\/#primaryimage"},"image":{"@id":"https:\/\/bunkerseguridad.com\/fr\/produit\/solutions-wireless-wes3htg-ax-az\/#primaryimage"},"thumbnailUrl":"https:\/\/bunkerseguridad.com\/fr\/wp-content\/uploads\/2020\/12\/Wireless-WES3-HTG.png","datePublished":"2020-12-22T11:19:12+00:00","dateModified":"2021-02-18T08:58:24+00:00","description":"Wireless Solutions Ethernet radio op\u00e8re dans la bande 5 GHz, sans licence. Une solution sans fil enti\u00e8rement antid\u00e9flagrante est disponible.","breadcrumb":{"@id":"https:\/\/bunkerseguridad.com\/fr\/produit\/solutions-wireless-wes3htg-ax-az\/#breadcrumb"},"inLanguage":"fr-FR","potentialAction":[{"@type":"ReadAction","target":["https:\/\/bunkerseguridad.com\/fr\/produit\/solutions-wireless-wes3htg-ax-az\/"]}]},{"@type":"ImageObject","inLanguage":"fr-FR","@id":"https:\/\/bunkerseguridad.com\/fr\/produit\/solutions-wireless-wes3htg-ax-az\/#primaryimage","url":"https:\/\/bunkerseguridad.com\/fr\/wp-content\/uploads\/2020\/12\/Wireless-WES3-HTG.png","contentUrl":"https:\/\/bunkerseguridad.com\/fr\/wp-content\/uploads\/2020\/12\/Wireless-WES3-HTG.png","width":1200,"height":1200,"caption":"Wireless---WES3-HTG"},{"@type":"BreadcrumbList","@id":"https:\/\/bunkerseguridad.com\/fr\/produit\/solutions-wireless-wes3htg-ax-az\/#breadcrumb","itemListElement":[{"@type":"ListItem","position":1,"name":"Home","item":"https:\/\/bunkerseguridad.com\/fr\/"},{"@type":"ListItem","position":2,"name":"Shop","item":"https:\/\/bunkerseguridad.com\/fr\/shop\/"},{"@type":"ListItem","position":3,"name":"Solutions Wireless &#8211; WES3HTG-AX-Az"}]},{"@type":"WebSite","@id":"https:\/\/bunkerseguridad.com\/fr\/#website","url":"https:\/\/bunkerseguridad.com\/fr\/","name":"Bunker Seguridad","description":"Otro sitio realizado con WordPress","potentialAction":[{"@type":"SearchAction","target":{"@type":"EntryPoint","urlTemplate":"https:\/\/bunkerseguridad.com\/fr\/?s={search_term_string}"},"query-input":{"@type":"PropertyValueSpecification","valueRequired":true,"valueName":"search_term_string"}}],"inLanguage":"fr-FR"}]}},"brands":[{"id":206,"name":"KBC Networks","slug":"kbc-networks"}],"_links":{"self":[{"href":"https:\/\/bunkerseguridad.com\/fr\/wp-json\/wp\/v2\/product\/6119","targetHints":{"allow":["GET"]}}],"collection":[{"href":"https:\/\/bunkerseguridad.com\/fr\/wp-json\/wp\/v2\/product"}],"about":[{"href":"https:\/\/bunkerseguridad.com\/fr\/wp-json\/wp\/v2\/types\/product"}],"wp:featuredmedia":[{"embeddable":true,"href":"https:\/\/bunkerseguridad.com\/fr\/wp-json\/wp\/v2\/media\/6122"}],"wp:attachment":[{"href":"https:\/\/bunkerseguridad.com\/fr\/wp-json\/wp\/v2\/media?parent=6119"}],"wp:term":[{"taxonomy":"pwb-brand","embeddable":true,"href":"https:\/\/bunkerseguridad.com\/fr\/wp-json\/wp\/v2\/pwb-brand?post=6119"},{"taxonomy":"product_brand","embeddable":true,"href":"https:\/\/bunkerseguridad.com\/fr\/wp-json\/wp\/v2\/product_brand?post=6119"},{"taxonomy":"product_cat","embeddable":true,"href":"https:\/\/bunkerseguridad.com\/fr\/wp-json\/wp\/v2\/product_cat?post=6119"},{"taxonomy":"product_tag","embeddable":true,"href":"https:\/\/bunkerseguridad.com\/fr\/wp-json\/wp\/v2\/product_tag?post=6119"}],"curies":[{"name":"wp","href":"https:\/\/api.w.org\/{rel}","templated":true}]}}