{"id":6099,"date":"2020-12-22T10:27:27","date_gmt":"2020-12-22T10:27:27","guid":{"rendered":"http:\/\/www.bunkerseguridad.es\/en\/?post_type=product&#038;p=6099"},"modified":"2021-03-02T10:59:19","modified_gmt":"2021-03-02T10:59:19","slug":"thrulink-standard-plus-thlk-sp-bo-an-xz","status":"publish","type":"product","link":"https:\/\/bunkerseguridad.com\/fr\/produit\/thrulink-standard-plus-thlk-sp-bo-an-xz\/","title":{"rendered":"VPN hardware ThruLink\u2122 Standard-plus THLK-SP-BO-AN-xz"},"content":{"rendered":"<p><strong>ThruLink\u2122 hardware standard \u00e0 capacit\u00e9 accrue \u00e9metteur-r\u00e9cepteur VPN. 30Mbps, firmware TL2, jusqu&rsquo;\u00e0 256-bit AES, Camellia, Blowfish. (1) port LAN, (1) port WAN, (1) modem 4G LTE (EMEA).<\/strong><\/p>\n<p><strong>Le KBC ThruLink\u2122 est un dispositif VPN mat\u00e9riel qui permet d&rsquo;\u00e9tablir des communications s\u00e9curis\u00e9es sur tout r\u00e9seau TCP\/IP standard, public ou priv\u00e9.<\/strong> Le ThruLink fonctionne derri\u00e8re des pare-feu, des dispositifs NAT et \u00e0 travers presque tout autre type de configuration de r\u00e9seau et offre une communication crypt\u00e9e pour tous les protocoles IP, quel que soit le type de trafic. Lorsqu&rsquo;il est d\u00e9ploy\u00e9, ThruLink fournit un tunnel s\u00e9curis\u00e9 et crypt\u00e9 pour les communications r\u00e9seau qui n&rsquo;affecteront pas les informations TTL, UPnP, VLAN, la diffusion, le multicast ou tout autre trafic. Un modem int\u00e9gr\u00e9 assure la connectivit\u00e9 3G\/4G et prend en charge tous les principaux fournisseurs de r\u00e9seau. En plus des applications en \u00e9toile, ThruLink prend en charge les r\u00e9seaux maill\u00e9s permettant une connexion directe sans avoir besoin d&rsquo;une authentification du serveur central.<\/p>\n<p><strong>Caract\u00e9ristiques:<\/strong><\/p>\n<ul>\n<li>Communication crypt\u00e9e jusqu&rsquo;\u00e0 256 bits via un tunnel<\/li>\n<li>D\u00e9bit : Standard: 15Mbps, Standard Plus : 30Mbps<\/li>\n<li>Optimis\u00e9 pour la vid\u00e9o<\/li>\n<li>Configurable pour les r\u00e9seaux 3G\/4G<\/li>\n<li>Prend en charge les applications de maillage &#8211; pas besoin de serveur central<\/li>\n<li>Basculement multiple<\/li>\n<li>Une installation simple<\/li>\n<li>Interface utilisateur graphique facile \u00e0 utiliser<\/li>\n<li>Pas besoin de modifier le r\u00e9seau<\/li>\n<li>Outils de diagnostic : surveillance du trafic r\u00e9seau, traceroute de base et fonction ping<\/li>\n<li>Prise en charge d&rsquo;IPv4 et IPv6<\/li>\n<li>DHCP<\/li>\n<li>PoE support\u00e9 sur le port WAN (dispositif PD)<\/li>\n<li>Connexion s\u00e9curis\u00e9e par certificat crypt\u00e9 (RSA)<\/li>\n<li>Service DHCP sur le port LAN (facultatif)<\/li>\n<li>Con\u00e7u pour fonctionner dans des environnements non conditionn\u00e9s<\/li>\n<li>Prend en charge la transmission de donn\u00e9es RS-485<\/li>\n<\/ul>\n<p>&nbsp;<\/p>\n","protected":false},"excerpt":{"rendered":"<p><strong>ThruLink\u2122 hardware standard \u00e0 capacit\u00e9 accrue \u00e9metteur-r\u00e9cepteur VPN. 30Mbps<\/strong>, firmware TL2, jusqu&rsquo;\u00e0 256-bit AES, Camellia, Blowfish. (1) port LAN, (1) port WAN, (1) modem 4G LTE (EMEA).<\/p>\n","protected":false},"featured_media":982,"template":"","meta":{"_et_pb_use_builder":"","_et_pb_old_content":"","_et_gb_content_width":""},"pwb-brand":[206],"product_brand":[],"product_cat":[31,37],"product_tag":[162,161,159,158,160],"class_list":{"0":"post-6099","1":"product","2":"type-product","3":"status-publish","4":"has-post-thumbnail","6":"pwb-brand-kbc-networks","7":"product_cat-transmission-des-donnees","8":"product_cat-materiel-vpn-thrulink","9":"product_tag-4g","10":"product_tag-basculement-multiple","11":"product_tag-encription","12":"product_tag-vpn","13":"product_tag-wan","15":"first","16":"instock","17":"shipping-taxable","18":"product-type-simple"},"yoast_head":"<!-- This site is optimized with the Yoast SEO plugin v25.2 - https:\/\/yoast.com\/wordpress\/plugins\/seo\/ -->\n<title>VPN hardware ThruLink\u2122 Standard-plus THLK-SP-BO-AN-xz - Bunker Seguridad<\/title>\n<meta name=\"description\" content=\"ThruLink\u2122 est un dispositif VPN mat\u00e9riel qui permet d&#039;\u00e9tablir des communications s\u00e9curis\u00e9es sur tout r\u00e9seau TCP\/IP standard, public ou priv\u00e9.\" \/>\n<meta name=\"robots\" content=\"noindex, follow, max-snippet:-1, max-image-preview:large, max-video-preview:-1\" \/>\n<meta property=\"og:locale\" content=\"fr_FR\" \/>\n<meta property=\"og:type\" content=\"article\" \/>\n<meta property=\"og:title\" content=\"VPN hardware ThruLink\u2122 Standard-plus THLK-SP-BO-AN-xz - Bunker Seguridad\" \/>\n<meta property=\"og:description\" content=\"ThruLink\u2122 est un dispositif VPN mat\u00e9riel qui permet d&#039;\u00e9tablir des communications s\u00e9curis\u00e9es sur tout r\u00e9seau TCP\/IP standard, public ou priv\u00e9.\" \/>\n<meta property=\"og:url\" content=\"https:\/\/bunkerseguridad.com\/fr\/produit\/thrulink-standard-plus-thlk-sp-bo-an-xz\/\" \/>\n<meta property=\"og:site_name\" content=\"Bunker Seguridad\" \/>\n<meta property=\"article:modified_time\" content=\"2021-03-02T10:59:19+00:00\" \/>\n<meta property=\"og:image\" content=\"https:\/\/bunkerseguridad.com\/fr\/wp-content\/uploads\/2020\/09\/Hardware-Encrypted-VPN-Solution.png\" \/>\n\t<meta property=\"og:image:width\" content=\"1200\" \/>\n\t<meta property=\"og:image:height\" content=\"1200\" \/>\n\t<meta property=\"og:image:type\" content=\"image\/png\" \/>\n<meta name=\"twitter:card\" content=\"summary_large_image\" \/>\n<meta name=\"twitter:label1\" content=\"Dur\u00e9e de lecture estim\u00e9e\" \/>\n\t<meta name=\"twitter:data1\" content=\"2 minutes\" \/>\n<script type=\"application\/ld+json\" class=\"yoast-schema-graph\">{\"@context\":\"https:\/\/schema.org\",\"@graph\":[{\"@type\":\"WebPage\",\"@id\":\"https:\/\/bunkerseguridad.com\/fr\/produit\/thrulink-standard-plus-thlk-sp-bo-an-xz\/\",\"url\":\"https:\/\/bunkerseguridad.com\/fr\/produit\/thrulink-standard-plus-thlk-sp-bo-an-xz\/\",\"name\":\"VPN hardware ThruLink\u2122 Standard-plus THLK-SP-BO-AN-xz - Bunker Seguridad\",\"isPartOf\":{\"@id\":\"https:\/\/bunkerseguridad.com\/fr\/#website\"},\"primaryImageOfPage\":{\"@id\":\"https:\/\/bunkerseguridad.com\/fr\/produit\/thrulink-standard-plus-thlk-sp-bo-an-xz\/#primaryimage\"},\"image\":{\"@id\":\"https:\/\/bunkerseguridad.com\/fr\/produit\/thrulink-standard-plus-thlk-sp-bo-an-xz\/#primaryimage\"},\"thumbnailUrl\":\"https:\/\/bunkerseguridad.com\/fr\/wp-content\/uploads\/2020\/09\/Hardware-Encrypted-VPN-Solution.png\",\"datePublished\":\"2020-12-22T10:27:27+00:00\",\"dateModified\":\"2021-03-02T10:59:19+00:00\",\"description\":\"ThruLink\u2122 est un dispositif VPN mat\u00e9riel qui permet d'\u00e9tablir des communications s\u00e9curis\u00e9es sur tout r\u00e9seau TCP\/IP standard, public ou priv\u00e9.\",\"breadcrumb\":{\"@id\":\"https:\/\/bunkerseguridad.com\/fr\/produit\/thrulink-standard-plus-thlk-sp-bo-an-xz\/#breadcrumb\"},\"inLanguage\":\"fr-FR\",\"potentialAction\":[{\"@type\":\"ReadAction\",\"target\":[\"https:\/\/bunkerseguridad.com\/fr\/produit\/thrulink-standard-plus-thlk-sp-bo-an-xz\/\"]}]},{\"@type\":\"ImageObject\",\"inLanguage\":\"fr-FR\",\"@id\":\"https:\/\/bunkerseguridad.com\/fr\/produit\/thrulink-standard-plus-thlk-sp-bo-an-xz\/#primaryimage\",\"url\":\"https:\/\/bunkerseguridad.com\/fr\/wp-content\/uploads\/2020\/09\/Hardware-Encrypted-VPN-Solution.png\",\"contentUrl\":\"https:\/\/bunkerseguridad.com\/fr\/wp-content\/uploads\/2020\/09\/Hardware-Encrypted-VPN-Solution.png\",\"width\":1200,\"height\":1200,\"caption\":\"THLK-SC-OO-AN-xz\"},{\"@type\":\"BreadcrumbList\",\"@id\":\"https:\/\/bunkerseguridad.com\/fr\/produit\/thrulink-standard-plus-thlk-sp-bo-an-xz\/#breadcrumb\",\"itemListElement\":[{\"@type\":\"ListItem\",\"position\":1,\"name\":\"Home\",\"item\":\"https:\/\/bunkerseguridad.com\/fr\/\"},{\"@type\":\"ListItem\",\"position\":2,\"name\":\"Shop\",\"item\":\"https:\/\/bunkerseguridad.com\/fr\/shop\/\"},{\"@type\":\"ListItem\",\"position\":3,\"name\":\"VPN hardware ThruLink\u2122 Standard-plus THLK-SP-BO-AN-xz\"}]},{\"@type\":\"WebSite\",\"@id\":\"https:\/\/bunkerseguridad.com\/fr\/#website\",\"url\":\"https:\/\/bunkerseguridad.com\/fr\/\",\"name\":\"Bunker Seguridad\",\"description\":\"Otro sitio realizado con WordPress\",\"potentialAction\":[{\"@type\":\"SearchAction\",\"target\":{\"@type\":\"EntryPoint\",\"urlTemplate\":\"https:\/\/bunkerseguridad.com\/fr\/?s={search_term_string}\"},\"query-input\":{\"@type\":\"PropertyValueSpecification\",\"valueRequired\":true,\"valueName\":\"search_term_string\"}}],\"inLanguage\":\"fr-FR\"}]}<\/script>\n<!-- \/ Yoast SEO plugin. -->","yoast_head_json":{"title":"VPN hardware ThruLink\u2122 Standard-plus THLK-SP-BO-AN-xz - Bunker Seguridad","description":"ThruLink\u2122 est un dispositif VPN mat\u00e9riel qui permet d'\u00e9tablir des communications s\u00e9curis\u00e9es sur tout r\u00e9seau TCP\/IP standard, public ou priv\u00e9.","robots":{"index":"noindex","follow":"follow","max-snippet":"max-snippet:-1","max-image-preview":"max-image-preview:large","max-video-preview":"max-video-preview:-1"},"og_locale":"fr_FR","og_type":"article","og_title":"VPN hardware ThruLink\u2122 Standard-plus THLK-SP-BO-AN-xz - Bunker Seguridad","og_description":"ThruLink\u2122 est un dispositif VPN mat\u00e9riel qui permet d'\u00e9tablir des communications s\u00e9curis\u00e9es sur tout r\u00e9seau TCP\/IP standard, public ou priv\u00e9.","og_url":"https:\/\/bunkerseguridad.com\/fr\/produit\/thrulink-standard-plus-thlk-sp-bo-an-xz\/","og_site_name":"Bunker Seguridad","article_modified_time":"2021-03-02T10:59:19+00:00","og_image":[{"width":1200,"height":1200,"url":"https:\/\/bunkerseguridad.com\/fr\/wp-content\/uploads\/2020\/09\/Hardware-Encrypted-VPN-Solution.png","type":"image\/png"}],"twitter_card":"summary_large_image","twitter_misc":{"Dur\u00e9e de lecture estim\u00e9e":"2 minutes"},"schema":{"@context":"https:\/\/schema.org","@graph":[{"@type":"WebPage","@id":"https:\/\/bunkerseguridad.com\/fr\/produit\/thrulink-standard-plus-thlk-sp-bo-an-xz\/","url":"https:\/\/bunkerseguridad.com\/fr\/produit\/thrulink-standard-plus-thlk-sp-bo-an-xz\/","name":"VPN hardware ThruLink\u2122 Standard-plus THLK-SP-BO-AN-xz - Bunker Seguridad","isPartOf":{"@id":"https:\/\/bunkerseguridad.com\/fr\/#website"},"primaryImageOfPage":{"@id":"https:\/\/bunkerseguridad.com\/fr\/produit\/thrulink-standard-plus-thlk-sp-bo-an-xz\/#primaryimage"},"image":{"@id":"https:\/\/bunkerseguridad.com\/fr\/produit\/thrulink-standard-plus-thlk-sp-bo-an-xz\/#primaryimage"},"thumbnailUrl":"https:\/\/bunkerseguridad.com\/fr\/wp-content\/uploads\/2020\/09\/Hardware-Encrypted-VPN-Solution.png","datePublished":"2020-12-22T10:27:27+00:00","dateModified":"2021-03-02T10:59:19+00:00","description":"ThruLink\u2122 est un dispositif VPN mat\u00e9riel qui permet d'\u00e9tablir des communications s\u00e9curis\u00e9es sur tout r\u00e9seau TCP\/IP standard, public ou priv\u00e9.","breadcrumb":{"@id":"https:\/\/bunkerseguridad.com\/fr\/produit\/thrulink-standard-plus-thlk-sp-bo-an-xz\/#breadcrumb"},"inLanguage":"fr-FR","potentialAction":[{"@type":"ReadAction","target":["https:\/\/bunkerseguridad.com\/fr\/produit\/thrulink-standard-plus-thlk-sp-bo-an-xz\/"]}]},{"@type":"ImageObject","inLanguage":"fr-FR","@id":"https:\/\/bunkerseguridad.com\/fr\/produit\/thrulink-standard-plus-thlk-sp-bo-an-xz\/#primaryimage","url":"https:\/\/bunkerseguridad.com\/fr\/wp-content\/uploads\/2020\/09\/Hardware-Encrypted-VPN-Solution.png","contentUrl":"https:\/\/bunkerseguridad.com\/fr\/wp-content\/uploads\/2020\/09\/Hardware-Encrypted-VPN-Solution.png","width":1200,"height":1200,"caption":"THLK-SC-OO-AN-xz"},{"@type":"BreadcrumbList","@id":"https:\/\/bunkerseguridad.com\/fr\/produit\/thrulink-standard-plus-thlk-sp-bo-an-xz\/#breadcrumb","itemListElement":[{"@type":"ListItem","position":1,"name":"Home","item":"https:\/\/bunkerseguridad.com\/fr\/"},{"@type":"ListItem","position":2,"name":"Shop","item":"https:\/\/bunkerseguridad.com\/fr\/shop\/"},{"@type":"ListItem","position":3,"name":"VPN hardware ThruLink\u2122 Standard-plus THLK-SP-BO-AN-xz"}]},{"@type":"WebSite","@id":"https:\/\/bunkerseguridad.com\/fr\/#website","url":"https:\/\/bunkerseguridad.com\/fr\/","name":"Bunker Seguridad","description":"Otro sitio realizado con WordPress","potentialAction":[{"@type":"SearchAction","target":{"@type":"EntryPoint","urlTemplate":"https:\/\/bunkerseguridad.com\/fr\/?s={search_term_string}"},"query-input":{"@type":"PropertyValueSpecification","valueRequired":true,"valueName":"search_term_string"}}],"inLanguage":"fr-FR"}]}},"brands":[{"id":206,"name":"KBC Networks","slug":"kbc-networks"}],"_links":{"self":[{"href":"https:\/\/bunkerseguridad.com\/fr\/wp-json\/wp\/v2\/product\/6099","targetHints":{"allow":["GET"]}}],"collection":[{"href":"https:\/\/bunkerseguridad.com\/fr\/wp-json\/wp\/v2\/product"}],"about":[{"href":"https:\/\/bunkerseguridad.com\/fr\/wp-json\/wp\/v2\/types\/product"}],"wp:featuredmedia":[{"embeddable":true,"href":"https:\/\/bunkerseguridad.com\/fr\/wp-json\/wp\/v2\/media\/982"}],"wp:attachment":[{"href":"https:\/\/bunkerseguridad.com\/fr\/wp-json\/wp\/v2\/media?parent=6099"}],"wp:term":[{"taxonomy":"pwb-brand","embeddable":true,"href":"https:\/\/bunkerseguridad.com\/fr\/wp-json\/wp\/v2\/pwb-brand?post=6099"},{"taxonomy":"product_brand","embeddable":true,"href":"https:\/\/bunkerseguridad.com\/fr\/wp-json\/wp\/v2\/product_brand?post=6099"},{"taxonomy":"product_cat","embeddable":true,"href":"https:\/\/bunkerseguridad.com\/fr\/wp-json\/wp\/v2\/product_cat?post=6099"},{"taxonomy":"product_tag","embeddable":true,"href":"https:\/\/bunkerseguridad.com\/fr\/wp-json\/wp\/v2\/product_tag?post=6099"}],"curies":[{"name":"wp","href":"https:\/\/api.w.org\/{rel}","templated":true}]}}