{"id":6098,"date":"2020-12-22T10:26:50","date_gmt":"2020-12-22T10:26:50","guid":{"rendered":"http:\/\/www.bunkerseguridad.es\/en\/?post_type=product&#038;p=6098"},"modified":"2021-02-17T12:44:53","modified_gmt":"2021-02-17T12:44:53","slug":"solutions-wireless-wes3-ax-ag","status":"publish","type":"product","link":"https:\/\/bunkerseguridad.com\/fr\/produit\/solutions-wireless-wes3-ax-ag\/","title":{"rendered":"Solutions Wireless &#8211; WES3-AX-AG"},"content":{"rendered":"<p>Solutions Wireless-WES3-AX-AG-5dBi Wireless Ethernet System est un syst\u00e8me de transmission sans fil qui fonctionne dans la bande sans licence de 5 GHz, fournissant une transmission sans fil longue port\u00e9e pour tout ce qui est au format Ethernet. Le micrologiciel WES3 est configurable pour le type de produit, permettant \u00e0 une unit\u00e9 commune d&rsquo;\u00eatre configur\u00e9e en tant que client, h\u00f4te \u00e0 point unique ou h\u00f4te multipoint. Le syst\u00e8me est conforme \u00e0 la norme IEEE802.11a \/ n et prend en charge un d\u00e9bit allant jusqu&rsquo;\u00e0 99 Mbps gr\u00e2ce \u00e0 la technologie MIMO (Multiple In Multiple Out). WES3 fournit une connectivit\u00e9 pour une large gamme de p\u00e9riph\u00e9riques Ethernet tels que les cam\u00e9ras m\u00e9gapixels \/ HD, les DVR, les encodeurs \/ d\u00e9codeurs et les serveurs Web et utilise une m\u00e9thode de cryptage s\u00e9curis\u00e9e pour emp\u00eacher tout acc\u00e8s non autoris\u00e9 au syst\u00e8me. WES3 est disponible en tant qu&rsquo;unit\u00e9 conforme IEEE802.3af ou version non PoE avec un module d&rsquo;injection de puissance pour les applications o\u00f9 PoE n&rsquo;est pas disponible. Toutes les unit\u00e9s WES3 sont livr\u00e9es avec un support mural \/ sur poteau universel.<\/p>\n<p><strong>Caract\u00e9ristiques:<\/strong><\/p>\n<ul>\n<li>Configurable pour le client \/ l&rsquo;h\u00f4te \u00e0 point unique \/ l&rsquo;h\u00f4te multipoint<\/li>\n<li>Conforme 11a \/ n<\/li>\n<li>Contr\u00f4le de la puissance de transmission<\/li>\n<li>Puissance de sortie jusqu&rsquo;\u00e0 23 dBm<\/li>\n<li>Transmission s\u00e9curis\u00e9e: WPA2 &#8211; cryptage AES ou TKIP<\/li>\n<li>Outils d&rsquo;alignement d&rsquo;antenne et de surveillance du signal du site R\u00e9glage de la distance pour une transmission longue port\u00e9e<\/li>\n<li>Gamme d&rsquo;options d&rsquo;antenne<\/li>\n<li>Prise en charge PoE passive compatible Midspan<\/li>\n<li>Classe de protection IP66<\/li>\n<\/ul>\n","protected":false},"excerpt":{"rendered":"<p>Solutions Wireless &#8211; Radio Ethernet sans fil WES3-AX-AG 5 GHz. H\u00f4te point \u00e0 point s\u00e9lectionnable, point \u00e0 h\u00f4te multipoint ou client. Antenne omnidirectionnelle 5 dBi, aliment\u00e9e par PoE (802.3af). Micrologiciel EMEA<\/p>\n","protected":false},"featured_media":6088,"template":"","meta":{"_et_pb_use_builder":"","_et_pb_old_content":"","_et_gb_content_width":""},"pwb-brand":[206],"product_brand":[],"product_cat":[31,35],"product_tag":[178,324,181,146,176,175],"class_list":{"0":"post-6098","1":"product","2":"type-product","3":"status-publish","4":"has-post-thumbnail","6":"pwb-brand-kbc-networks","7":"product_cat-transmission-des-donnees","8":"product_cat-solutions-wireless","9":"product_tag-5dbi","10":"product_tag-5-ghz","11":"product_tag-omni-directionnel","12":"product_tag-poe","13":"product_tag-point-a-multipoint","14":"product_tag-point-to-point","16":"first","17":"instock","18":"shipping-taxable","19":"product-type-simple"},"yoast_head":"<!-- This site is optimized with the Yoast SEO plugin v25.2 - https:\/\/yoast.com\/wordpress\/plugins\/seo\/ -->\n<title>Solutions Wireless - WES3-AX-AG - Bunker Seguridad<\/title>\n<meta name=\"description\" content=\"Solutions Wireless Ethernet System est un syst\u00e8me de transmission sans fil qui fonctionne dans la bande sans licence de 5 GHz\" \/>\n<meta name=\"robots\" content=\"noindex, follow, max-snippet:-1, max-image-preview:large, max-video-preview:-1\" \/>\n<meta property=\"og:locale\" content=\"fr_FR\" \/>\n<meta property=\"og:type\" content=\"article\" \/>\n<meta property=\"og:title\" content=\"Solutions Wireless - WES3-AX-AG - Bunker Seguridad\" \/>\n<meta property=\"og:description\" content=\"Solutions Wireless Ethernet System est un syst\u00e8me de transmission sans fil qui fonctionne dans la bande sans licence de 5 GHz\" \/>\n<meta property=\"og:url\" content=\"https:\/\/bunkerseguridad.com\/fr\/produit\/solutions-wireless-wes3-ax-ag\/\" \/>\n<meta property=\"og:site_name\" content=\"Bunker Seguridad\" \/>\n<meta property=\"article:modified_time\" content=\"2021-02-17T12:44:53+00:00\" \/>\n<meta property=\"og:image\" content=\"https:\/\/bunkerseguridad.com\/fr\/wp-content\/uploads\/2020\/12\/Wireless-solutions-WES3-AX-AB-1.png\" \/>\n\t<meta property=\"og:image:width\" content=\"1200\" \/>\n\t<meta property=\"og:image:height\" content=\"1200\" \/>\n\t<meta property=\"og:image:type\" content=\"image\/png\" \/>\n<meta name=\"twitter:card\" content=\"summary_large_image\" \/>\n<meta name=\"twitter:label1\" content=\"Dur\u00e9e de lecture estim\u00e9e\" \/>\n\t<meta name=\"twitter:data1\" content=\"2 minutes\" \/>\n<script type=\"application\/ld+json\" class=\"yoast-schema-graph\">{\"@context\":\"https:\/\/schema.org\",\"@graph\":[{\"@type\":\"WebPage\",\"@id\":\"https:\/\/bunkerseguridad.com\/fr\/produit\/solutions-wireless-wes3-ax-ag\/\",\"url\":\"https:\/\/bunkerseguridad.com\/fr\/produit\/solutions-wireless-wes3-ax-ag\/\",\"name\":\"Solutions Wireless - WES3-AX-AG - Bunker Seguridad\",\"isPartOf\":{\"@id\":\"https:\/\/bunkerseguridad.com\/fr\/#website\"},\"primaryImageOfPage\":{\"@id\":\"https:\/\/bunkerseguridad.com\/fr\/produit\/solutions-wireless-wes3-ax-ag\/#primaryimage\"},\"image\":{\"@id\":\"https:\/\/bunkerseguridad.com\/fr\/produit\/solutions-wireless-wes3-ax-ag\/#primaryimage\"},\"thumbnailUrl\":\"https:\/\/bunkerseguridad.com\/fr\/wp-content\/uploads\/2020\/12\/Wireless-solutions-WES3-AX-AB-1.png\",\"datePublished\":\"2020-12-22T10:26:50+00:00\",\"dateModified\":\"2021-02-17T12:44:53+00:00\",\"description\":\"Solutions Wireless Ethernet System est un syst\u00e8me de transmission sans fil qui fonctionne dans la bande sans licence de 5 GHz\",\"breadcrumb\":{\"@id\":\"https:\/\/bunkerseguridad.com\/fr\/produit\/solutions-wireless-wes3-ax-ag\/#breadcrumb\"},\"inLanguage\":\"fr-FR\",\"potentialAction\":[{\"@type\":\"ReadAction\",\"target\":[\"https:\/\/bunkerseguridad.com\/fr\/produit\/solutions-wireless-wes3-ax-ag\/\"]}]},{\"@type\":\"ImageObject\",\"inLanguage\":\"fr-FR\",\"@id\":\"https:\/\/bunkerseguridad.com\/fr\/produit\/solutions-wireless-wes3-ax-ag\/#primaryimage\",\"url\":\"https:\/\/bunkerseguridad.com\/fr\/wp-content\/uploads\/2020\/12\/Wireless-solutions-WES3-AX-AB-1.png\",\"contentUrl\":\"https:\/\/bunkerseguridad.com\/fr\/wp-content\/uploads\/2020\/12\/Wireless-solutions-WES3-AX-AB-1.png\",\"width\":1200,\"height\":1200,\"caption\":\"Solutions sans fil---WES3-AX-AB\"},{\"@type\":\"BreadcrumbList\",\"@id\":\"https:\/\/bunkerseguridad.com\/fr\/produit\/solutions-wireless-wes3-ax-ag\/#breadcrumb\",\"itemListElement\":[{\"@type\":\"ListItem\",\"position\":1,\"name\":\"Home\",\"item\":\"https:\/\/bunkerseguridad.com\/fr\/\"},{\"@type\":\"ListItem\",\"position\":2,\"name\":\"Shop\",\"item\":\"https:\/\/bunkerseguridad.com\/fr\/shop\/\"},{\"@type\":\"ListItem\",\"position\":3,\"name\":\"Solutions Wireless &#8211; WES3-AX-AG\"}]},{\"@type\":\"WebSite\",\"@id\":\"https:\/\/bunkerseguridad.com\/fr\/#website\",\"url\":\"https:\/\/bunkerseguridad.com\/fr\/\",\"name\":\"Bunker Seguridad\",\"description\":\"Otro sitio realizado con WordPress\",\"potentialAction\":[{\"@type\":\"SearchAction\",\"target\":{\"@type\":\"EntryPoint\",\"urlTemplate\":\"https:\/\/bunkerseguridad.com\/fr\/?s={search_term_string}\"},\"query-input\":{\"@type\":\"PropertyValueSpecification\",\"valueRequired\":true,\"valueName\":\"search_term_string\"}}],\"inLanguage\":\"fr-FR\"}]}<\/script>\n<!-- \/ Yoast SEO plugin. -->","yoast_head_json":{"title":"Solutions Wireless - WES3-AX-AG - Bunker Seguridad","description":"Solutions Wireless Ethernet System est un syst\u00e8me de transmission sans fil qui fonctionne dans la bande sans licence de 5 GHz","robots":{"index":"noindex","follow":"follow","max-snippet":"max-snippet:-1","max-image-preview":"max-image-preview:large","max-video-preview":"max-video-preview:-1"},"og_locale":"fr_FR","og_type":"article","og_title":"Solutions Wireless - WES3-AX-AG - Bunker Seguridad","og_description":"Solutions Wireless Ethernet System est un syst\u00e8me de transmission sans fil qui fonctionne dans la bande sans licence de 5 GHz","og_url":"https:\/\/bunkerseguridad.com\/fr\/produit\/solutions-wireless-wes3-ax-ag\/","og_site_name":"Bunker Seguridad","article_modified_time":"2021-02-17T12:44:53+00:00","og_image":[{"width":1200,"height":1200,"url":"https:\/\/bunkerseguridad.com\/fr\/wp-content\/uploads\/2020\/12\/Wireless-solutions-WES3-AX-AB-1.png","type":"image\/png"}],"twitter_card":"summary_large_image","twitter_misc":{"Dur\u00e9e de lecture estim\u00e9e":"2 minutes"},"schema":{"@context":"https:\/\/schema.org","@graph":[{"@type":"WebPage","@id":"https:\/\/bunkerseguridad.com\/fr\/produit\/solutions-wireless-wes3-ax-ag\/","url":"https:\/\/bunkerseguridad.com\/fr\/produit\/solutions-wireless-wes3-ax-ag\/","name":"Solutions Wireless - WES3-AX-AG - Bunker Seguridad","isPartOf":{"@id":"https:\/\/bunkerseguridad.com\/fr\/#website"},"primaryImageOfPage":{"@id":"https:\/\/bunkerseguridad.com\/fr\/produit\/solutions-wireless-wes3-ax-ag\/#primaryimage"},"image":{"@id":"https:\/\/bunkerseguridad.com\/fr\/produit\/solutions-wireless-wes3-ax-ag\/#primaryimage"},"thumbnailUrl":"https:\/\/bunkerseguridad.com\/fr\/wp-content\/uploads\/2020\/12\/Wireless-solutions-WES3-AX-AB-1.png","datePublished":"2020-12-22T10:26:50+00:00","dateModified":"2021-02-17T12:44:53+00:00","description":"Solutions Wireless Ethernet System est un syst\u00e8me de transmission sans fil qui fonctionne dans la bande sans licence de 5 GHz","breadcrumb":{"@id":"https:\/\/bunkerseguridad.com\/fr\/produit\/solutions-wireless-wes3-ax-ag\/#breadcrumb"},"inLanguage":"fr-FR","potentialAction":[{"@type":"ReadAction","target":["https:\/\/bunkerseguridad.com\/fr\/produit\/solutions-wireless-wes3-ax-ag\/"]}]},{"@type":"ImageObject","inLanguage":"fr-FR","@id":"https:\/\/bunkerseguridad.com\/fr\/produit\/solutions-wireless-wes3-ax-ag\/#primaryimage","url":"https:\/\/bunkerseguridad.com\/fr\/wp-content\/uploads\/2020\/12\/Wireless-solutions-WES3-AX-AB-1.png","contentUrl":"https:\/\/bunkerseguridad.com\/fr\/wp-content\/uploads\/2020\/12\/Wireless-solutions-WES3-AX-AB-1.png","width":1200,"height":1200,"caption":"Solutions sans fil---WES3-AX-AB"},{"@type":"BreadcrumbList","@id":"https:\/\/bunkerseguridad.com\/fr\/produit\/solutions-wireless-wes3-ax-ag\/#breadcrumb","itemListElement":[{"@type":"ListItem","position":1,"name":"Home","item":"https:\/\/bunkerseguridad.com\/fr\/"},{"@type":"ListItem","position":2,"name":"Shop","item":"https:\/\/bunkerseguridad.com\/fr\/shop\/"},{"@type":"ListItem","position":3,"name":"Solutions Wireless &#8211; WES3-AX-AG"}]},{"@type":"WebSite","@id":"https:\/\/bunkerseguridad.com\/fr\/#website","url":"https:\/\/bunkerseguridad.com\/fr\/","name":"Bunker Seguridad","description":"Otro sitio realizado con WordPress","potentialAction":[{"@type":"SearchAction","target":{"@type":"EntryPoint","urlTemplate":"https:\/\/bunkerseguridad.com\/fr\/?s={search_term_string}"},"query-input":{"@type":"PropertyValueSpecification","valueRequired":true,"valueName":"search_term_string"}}],"inLanguage":"fr-FR"}]}},"brands":[{"id":206,"name":"KBC Networks","slug":"kbc-networks"}],"_links":{"self":[{"href":"https:\/\/bunkerseguridad.com\/fr\/wp-json\/wp\/v2\/product\/6098","targetHints":{"allow":["GET"]}}],"collection":[{"href":"https:\/\/bunkerseguridad.com\/fr\/wp-json\/wp\/v2\/product"}],"about":[{"href":"https:\/\/bunkerseguridad.com\/fr\/wp-json\/wp\/v2\/types\/product"}],"wp:featuredmedia":[{"embeddable":true,"href":"https:\/\/bunkerseguridad.com\/fr\/wp-json\/wp\/v2\/media\/6088"}],"wp:attachment":[{"href":"https:\/\/bunkerseguridad.com\/fr\/wp-json\/wp\/v2\/media?parent=6098"}],"wp:term":[{"taxonomy":"pwb-brand","embeddable":true,"href":"https:\/\/bunkerseguridad.com\/fr\/wp-json\/wp\/v2\/pwb-brand?post=6098"},{"taxonomy":"product_brand","embeddable":true,"href":"https:\/\/bunkerseguridad.com\/fr\/wp-json\/wp\/v2\/product_brand?post=6098"},{"taxonomy":"product_cat","embeddable":true,"href":"https:\/\/bunkerseguridad.com\/fr\/wp-json\/wp\/v2\/product_cat?post=6098"},{"taxonomy":"product_tag","embeddable":true,"href":"https:\/\/bunkerseguridad.com\/fr\/wp-json\/wp\/v2\/product_tag?post=6098"}],"curies":[{"name":"wp","href":"https:\/\/api.w.org\/{rel}","templated":true}]}}