{"id":6095,"date":"2020-12-22T10:14:44","date_gmt":"2020-12-22T10:14:44","guid":{"rendered":"http:\/\/www.bunkerseguridad.es\/en\/?post_type=product&#038;p=6095"},"modified":"2021-02-18T08:38:57","modified_gmt":"2021-02-18T08:38:57","slug":"solutions-wireless-wes3-ax-cb","status":"publish","type":"product","link":"https:\/\/bunkerseguridad.com\/fr\/produit\/solutions-wireless-wes3-ax-cb\/","title":{"rendered":"Solutions Wireless &#8211; WES3-AX-CB"},"content":{"rendered":"<p><strong>Solutions Wireless -WES3-AX-CB-17dB<\/strong>i remplace notre d\u00e9bit standard, la gamme WESII. Il est fourni en tant qu&rsquo;unit\u00e9 commune pour les configurations point \u00e0 point ou point \u00e0 multipoint avec un micrologiciel \u00e9volu\u00e9 qui vous permet de choisir entre client, h\u00f4te \u00e0 point unique ou h\u00f4te \u00e0 points multiples. Maintenant dans une taille plus compacte.<\/p>\n<p><strong>Caract\u00e9ristiques:<\/strong><\/p>\n<ul>\n<li>Conforme \u00e0 la norme EEE 802.11a\/b\/g\/n\/y<\/li>\n<li>Non-PoE (IEEE 802.3af)<\/li>\n<li>ETSI DFS &amp; TPC conforme<\/li>\n<li>Technologie MIMO &#8211; jusqu&rsquo;\u00e0 99Mbps de d\u00e9bit<\/li>\n<li>Gamme d&rsquo;options d&rsquo;antennes<\/li>\n<li>Convient pour un d\u00e9ploiement sans fil \u00e0 longue port\u00e9e avec une sensibilit\u00e9 \u00e9lev\u00e9e du r\u00e9cepteur&gt;<\/li>\n<li>Prise en charge passive du PoE conforme \u00e0 la norme midspan pour une plus grande flexibilit\u00e9 d&rsquo;installation&gt;<\/li>\n<li>Bo\u00eetier IP66<\/li>\n<li>Transmission souple et peu co\u00fbteuse &#8211; conception \u00ab\u00a0plug &amp; play<\/li>\n<\/ul>\n","protected":false},"excerpt":{"rendered":"<p><strong>Solutions Wireless &#8211; WES3-AX-CB-5 GHz<\/strong> wireless Ethernet radio. H\u00f4te point \u00e0 point, h\u00f4te point \u00e0 multipoint ou client s\u00e9lectionnable. Antenne omnidirectionnelle 17dBi, firmware EMEA<\/p>\n","protected":false},"featured_media":6088,"template":"","meta":{"_et_pb_use_builder":"","_et_pb_old_content":"","_et_gb_content_width":""},"pwb-brand":[206],"product_brand":[],"product_cat":[31,35],"product_tag":[180,324,182,176,175],"class_list":{"0":"post-6095","1":"product","2":"type-product","3":"status-publish","4":"has-post-thumbnail","6":"pwb-brand-kbc-networks","7":"product_cat-transmission-des-donnees","8":"product_cat-solutions-wireless","9":"product_tag-17dbi","10":"product_tag-5-ghz","11":"product_tag-directionnel","12":"product_tag-point-a-multipoint","13":"product_tag-point-to-point","15":"first","16":"instock","17":"shipping-taxable","18":"product-type-simple"},"yoast_head":"<!-- This site is optimized with the Yoast SEO plugin v25.2 - https:\/\/yoast.com\/wordpress\/plugins\/seo\/ -->\n<title>Solutions Wireless - WES3-AX-CB - Bunker Seguridad<\/title>\n<meta name=\"description\" content=\"Wireless solutions Ethernet radio op\u00e8re dans la bande 5 GHz, sans licence. Une solution sans fil enti\u00e8rement antid\u00e9flagrante est disponible.\" \/>\n<meta name=\"robots\" content=\"noindex, follow, max-snippet:-1, max-image-preview:large, max-video-preview:-1\" \/>\n<meta property=\"og:locale\" content=\"fr_FR\" \/>\n<meta property=\"og:type\" content=\"article\" \/>\n<meta property=\"og:title\" content=\"Solutions Wireless - WES3-AX-CB - Bunker Seguridad\" \/>\n<meta property=\"og:description\" content=\"Wireless solutions Ethernet radio op\u00e8re dans la bande 5 GHz, sans licence. Une solution sans fil enti\u00e8rement antid\u00e9flagrante est disponible.\" \/>\n<meta property=\"og:url\" content=\"https:\/\/bunkerseguridad.com\/fr\/produit\/solutions-wireless-wes3-ax-cb\/\" \/>\n<meta property=\"og:site_name\" content=\"Bunker Seguridad\" \/>\n<meta property=\"article:modified_time\" content=\"2021-02-18T08:38:57+00:00\" \/>\n<meta property=\"og:image\" content=\"https:\/\/bunkerseguridad.com\/fr\/wp-content\/uploads\/2020\/12\/Wireless-solutions-WES3-AX-AB-1.png\" \/>\n\t<meta property=\"og:image:width\" content=\"1200\" \/>\n\t<meta property=\"og:image:height\" content=\"1200\" \/>\n\t<meta property=\"og:image:type\" content=\"image\/png\" \/>\n<meta name=\"twitter:card\" content=\"summary_large_image\" \/>\n<meta name=\"twitter:label1\" content=\"Dur\u00e9e de lecture estim\u00e9e\" \/>\n\t<meta name=\"twitter:data1\" content=\"1 minute\" \/>\n<script type=\"application\/ld+json\" class=\"yoast-schema-graph\">{\"@context\":\"https:\/\/schema.org\",\"@graph\":[{\"@type\":\"WebPage\",\"@id\":\"https:\/\/bunkerseguridad.com\/fr\/produit\/solutions-wireless-wes3-ax-cb\/\",\"url\":\"https:\/\/bunkerseguridad.com\/fr\/produit\/solutions-wireless-wes3-ax-cb\/\",\"name\":\"Solutions Wireless - WES3-AX-CB - Bunker Seguridad\",\"isPartOf\":{\"@id\":\"https:\/\/bunkerseguridad.com\/fr\/#website\"},\"primaryImageOfPage\":{\"@id\":\"https:\/\/bunkerseguridad.com\/fr\/produit\/solutions-wireless-wes3-ax-cb\/#primaryimage\"},\"image\":{\"@id\":\"https:\/\/bunkerseguridad.com\/fr\/produit\/solutions-wireless-wes3-ax-cb\/#primaryimage\"},\"thumbnailUrl\":\"https:\/\/bunkerseguridad.com\/fr\/wp-content\/uploads\/2020\/12\/Wireless-solutions-WES3-AX-AB-1.png\",\"datePublished\":\"2020-12-22T10:14:44+00:00\",\"dateModified\":\"2021-02-18T08:38:57+00:00\",\"description\":\"Wireless solutions Ethernet radio op\u00e8re dans la bande 5 GHz, sans licence. Une solution sans fil enti\u00e8rement antid\u00e9flagrante est disponible.\",\"breadcrumb\":{\"@id\":\"https:\/\/bunkerseguridad.com\/fr\/produit\/solutions-wireless-wes3-ax-cb\/#breadcrumb\"},\"inLanguage\":\"fr-FR\",\"potentialAction\":[{\"@type\":\"ReadAction\",\"target\":[\"https:\/\/bunkerseguridad.com\/fr\/produit\/solutions-wireless-wes3-ax-cb\/\"]}]},{\"@type\":\"ImageObject\",\"inLanguage\":\"fr-FR\",\"@id\":\"https:\/\/bunkerseguridad.com\/fr\/produit\/solutions-wireless-wes3-ax-cb\/#primaryimage\",\"url\":\"https:\/\/bunkerseguridad.com\/fr\/wp-content\/uploads\/2020\/12\/Wireless-solutions-WES3-AX-AB-1.png\",\"contentUrl\":\"https:\/\/bunkerseguridad.com\/fr\/wp-content\/uploads\/2020\/12\/Wireless-solutions-WES3-AX-AB-1.png\",\"width\":1200,\"height\":1200,\"caption\":\"Solutions sans fil---WES3-AX-AB\"},{\"@type\":\"BreadcrumbList\",\"@id\":\"https:\/\/bunkerseguridad.com\/fr\/produit\/solutions-wireless-wes3-ax-cb\/#breadcrumb\",\"itemListElement\":[{\"@type\":\"ListItem\",\"position\":1,\"name\":\"Home\",\"item\":\"https:\/\/bunkerseguridad.com\/fr\/\"},{\"@type\":\"ListItem\",\"position\":2,\"name\":\"Shop\",\"item\":\"https:\/\/bunkerseguridad.com\/fr\/shop\/\"},{\"@type\":\"ListItem\",\"position\":3,\"name\":\"Solutions Wireless &#8211; WES3-AX-CB\"}]},{\"@type\":\"WebSite\",\"@id\":\"https:\/\/bunkerseguridad.com\/fr\/#website\",\"url\":\"https:\/\/bunkerseguridad.com\/fr\/\",\"name\":\"Bunker Seguridad\",\"description\":\"Otro sitio realizado con WordPress\",\"potentialAction\":[{\"@type\":\"SearchAction\",\"target\":{\"@type\":\"EntryPoint\",\"urlTemplate\":\"https:\/\/bunkerseguridad.com\/fr\/?s={search_term_string}\"},\"query-input\":{\"@type\":\"PropertyValueSpecification\",\"valueRequired\":true,\"valueName\":\"search_term_string\"}}],\"inLanguage\":\"fr-FR\"}]}<\/script>\n<!-- \/ Yoast SEO plugin. -->","yoast_head_json":{"title":"Solutions Wireless - WES3-AX-CB - Bunker Seguridad","description":"Wireless solutions Ethernet radio op\u00e8re dans la bande 5 GHz, sans licence. Une solution sans fil enti\u00e8rement antid\u00e9flagrante est disponible.","robots":{"index":"noindex","follow":"follow","max-snippet":"max-snippet:-1","max-image-preview":"max-image-preview:large","max-video-preview":"max-video-preview:-1"},"og_locale":"fr_FR","og_type":"article","og_title":"Solutions Wireless - WES3-AX-CB - Bunker Seguridad","og_description":"Wireless solutions Ethernet radio op\u00e8re dans la bande 5 GHz, sans licence. Une solution sans fil enti\u00e8rement antid\u00e9flagrante est disponible.","og_url":"https:\/\/bunkerseguridad.com\/fr\/produit\/solutions-wireless-wes3-ax-cb\/","og_site_name":"Bunker Seguridad","article_modified_time":"2021-02-18T08:38:57+00:00","og_image":[{"width":1200,"height":1200,"url":"https:\/\/bunkerseguridad.com\/fr\/wp-content\/uploads\/2020\/12\/Wireless-solutions-WES3-AX-AB-1.png","type":"image\/png"}],"twitter_card":"summary_large_image","twitter_misc":{"Dur\u00e9e de lecture estim\u00e9e":"1 minute"},"schema":{"@context":"https:\/\/schema.org","@graph":[{"@type":"WebPage","@id":"https:\/\/bunkerseguridad.com\/fr\/produit\/solutions-wireless-wes3-ax-cb\/","url":"https:\/\/bunkerseguridad.com\/fr\/produit\/solutions-wireless-wes3-ax-cb\/","name":"Solutions Wireless - WES3-AX-CB - Bunker Seguridad","isPartOf":{"@id":"https:\/\/bunkerseguridad.com\/fr\/#website"},"primaryImageOfPage":{"@id":"https:\/\/bunkerseguridad.com\/fr\/produit\/solutions-wireless-wes3-ax-cb\/#primaryimage"},"image":{"@id":"https:\/\/bunkerseguridad.com\/fr\/produit\/solutions-wireless-wes3-ax-cb\/#primaryimage"},"thumbnailUrl":"https:\/\/bunkerseguridad.com\/fr\/wp-content\/uploads\/2020\/12\/Wireless-solutions-WES3-AX-AB-1.png","datePublished":"2020-12-22T10:14:44+00:00","dateModified":"2021-02-18T08:38:57+00:00","description":"Wireless solutions Ethernet radio op\u00e8re dans la bande 5 GHz, sans licence. Une solution sans fil enti\u00e8rement antid\u00e9flagrante est disponible.","breadcrumb":{"@id":"https:\/\/bunkerseguridad.com\/fr\/produit\/solutions-wireless-wes3-ax-cb\/#breadcrumb"},"inLanguage":"fr-FR","potentialAction":[{"@type":"ReadAction","target":["https:\/\/bunkerseguridad.com\/fr\/produit\/solutions-wireless-wes3-ax-cb\/"]}]},{"@type":"ImageObject","inLanguage":"fr-FR","@id":"https:\/\/bunkerseguridad.com\/fr\/produit\/solutions-wireless-wes3-ax-cb\/#primaryimage","url":"https:\/\/bunkerseguridad.com\/fr\/wp-content\/uploads\/2020\/12\/Wireless-solutions-WES3-AX-AB-1.png","contentUrl":"https:\/\/bunkerseguridad.com\/fr\/wp-content\/uploads\/2020\/12\/Wireless-solutions-WES3-AX-AB-1.png","width":1200,"height":1200,"caption":"Solutions sans fil---WES3-AX-AB"},{"@type":"BreadcrumbList","@id":"https:\/\/bunkerseguridad.com\/fr\/produit\/solutions-wireless-wes3-ax-cb\/#breadcrumb","itemListElement":[{"@type":"ListItem","position":1,"name":"Home","item":"https:\/\/bunkerseguridad.com\/fr\/"},{"@type":"ListItem","position":2,"name":"Shop","item":"https:\/\/bunkerseguridad.com\/fr\/shop\/"},{"@type":"ListItem","position":3,"name":"Solutions Wireless &#8211; WES3-AX-CB"}]},{"@type":"WebSite","@id":"https:\/\/bunkerseguridad.com\/fr\/#website","url":"https:\/\/bunkerseguridad.com\/fr\/","name":"Bunker Seguridad","description":"Otro sitio realizado con WordPress","potentialAction":[{"@type":"SearchAction","target":{"@type":"EntryPoint","urlTemplate":"https:\/\/bunkerseguridad.com\/fr\/?s={search_term_string}"},"query-input":{"@type":"PropertyValueSpecification","valueRequired":true,"valueName":"search_term_string"}}],"inLanguage":"fr-FR"}]}},"brands":[{"id":206,"name":"KBC Networks","slug":"kbc-networks"}],"_links":{"self":[{"href":"https:\/\/bunkerseguridad.com\/fr\/wp-json\/wp\/v2\/product\/6095","targetHints":{"allow":["GET"]}}],"collection":[{"href":"https:\/\/bunkerseguridad.com\/fr\/wp-json\/wp\/v2\/product"}],"about":[{"href":"https:\/\/bunkerseguridad.com\/fr\/wp-json\/wp\/v2\/types\/product"}],"wp:featuredmedia":[{"embeddable":true,"href":"https:\/\/bunkerseguridad.com\/fr\/wp-json\/wp\/v2\/media\/6088"}],"wp:attachment":[{"href":"https:\/\/bunkerseguridad.com\/fr\/wp-json\/wp\/v2\/media?parent=6095"}],"wp:term":[{"taxonomy":"pwb-brand","embeddable":true,"href":"https:\/\/bunkerseguridad.com\/fr\/wp-json\/wp\/v2\/pwb-brand?post=6095"},{"taxonomy":"product_brand","embeddable":true,"href":"https:\/\/bunkerseguridad.com\/fr\/wp-json\/wp\/v2\/product_brand?post=6095"},{"taxonomy":"product_cat","embeddable":true,"href":"https:\/\/bunkerseguridad.com\/fr\/wp-json\/wp\/v2\/product_cat?post=6095"},{"taxonomy":"product_tag","embeddable":true,"href":"https:\/\/bunkerseguridad.com\/fr\/wp-json\/wp\/v2\/product_tag?post=6095"}],"curies":[{"name":"wp","href":"https:\/\/api.w.org\/{rel}","templated":true}]}}