{"id":600,"date":"2020-09-08T11:33:30","date_gmt":"2020-09-08T11:33:30","guid":{"rendered":"http:\/\/www.bunkerseguridad.es\/en\/?post_type=product&#038;p=600"},"modified":"2021-02-15T09:20:23","modified_gmt":"2021-02-15T09:20:23","slug":"barriere-digitale-micro-ondes-bm-60-hp","status":"publish","type":"product","link":"https:\/\/bunkerseguridad.com\/fr\/produit\/barriere-digitale-micro-ondes-bm-60-hp\/","title":{"rendered":"Barri\u00e8re digitale micro-ondes hyperfr\u00e9quence pour l\u2019ext\u00e9rieur, BM 60 HP"},"content":{"rendered":"<p>Les barri\u00e8res micro-ondes num\u00e9riques BM 60 HP <strong>sont des d\u00e9tecteurs d&rsquo;intrusion fiables utilis\u00e9s pour la protection du p\u00e9rim\u00e8tre ext\u00e9rieur contre les intrusions.<\/strong>\u00a0La BM est compos\u00e9e de 2 unit\u00e9s &#8211; 1 \u00e9metteur (TX) et 1 r\u00e9cepteur (RX) &#8211; install\u00e9es \u00e0 une distance maximale de 60 m\u00e8tres.\u00a0L&rsquo;\u00e9metteur \u00e9met en permanence des micro-ondes vers le r\u00e9cepteur. Lorsqu&rsquo;un intrus passe entre les deux unit\u00e9s, le signal re\u00e7u est r\u00e9duit cons\u00e9cutivement et, lorsque le niveau d&rsquo;alarme est atteint, l&rsquo;alarme est g\u00e9n\u00e9r\u00e9e. De plus, <strong>ces barri\u00e8res permettent de d\u00e9tecter et de signaler une interruption accidentelle et permanente du faisceau.<\/strong><\/p>\n<p>Les BM int\u00e8grent des <strong>antennes planaires<\/strong> qui r\u00e9duisent de 20% la zone de sensibilit\u00e9 par rapport aux anciennes antennes paraboliques. De plus longues distances de BM peuvent \u00eatre install\u00e9es pour les m\u00eames p\u00e9rim\u00e8tres et des \u00e9conomies sont r\u00e9alis\u00e9es. En outre, pour \u00eatre prot\u00e9g\u00e9es de la pluie, les antennes paraboliques utilisent des bo\u00eetiers \u00e9tanches de grande taille, difficiles \u00e0 manipuler, lorsque les antennes planes de la BM sont hautement prot\u00e9g\u00e9es par la tropicalisation et install\u00e9es <strong>dans des housses de protection tr\u00e8s r\u00e9sistantes qui \u00e9vitent la condensation et son d\u00e9veloppement cons\u00e9cutif de rouille<\/strong>.<\/p>\n<p>Ces barri\u00e8res \u00e0 micro-ondes <strong>fonctionnent dans toutes les conditions m\u00e9t\u00e9orologiques (neige, pluie, brouillard) sans r\u00e9duction des distances<\/strong>, contrairement aux barri\u00e8res \u00e0 infrarouge actif. Si la temp\u00e9rature atteint moins de -5\u00b0C, il est possible de placer un kit de chauffage TERM1. La plage de temp\u00e9rature de TERM1 est de -20\/+55\u00b0C.<\/p>\n<p><strong>Caract\u00e9ristiques:<\/strong><\/p>\n<ul>\n<li><strong>Contr\u00f4le automatique de gain (AGC):<\/strong> Les variations de l&rsquo;environnement peuvent am\u00e9liorer ou d\u00e9t\u00e9riorer la r\u00e9ception du niveau des micro-ondes au fil du temps. Un circuit de contr\u00f4le automatique de gain optimise automatiquement le niveau pour le maintenir \u00e0 plat : les r\u00e9glages sont plus faciles, la s\u00e9curit\u00e9 est plus \u00e9lev\u00e9e.<\/li>\n<li><strong>R\u00e9duction de la zone de sensibilit\u00e9<\/strong>: La BM HP peut r\u00e9duire num\u00e9riquement jusqu&rsquo;\u00e0 30 % la zone de sensibilit\u00e9 et ignorer ensuite les mouvements des objets p\u00e9riph\u00e9riques (par exemple, des cl\u00f4tures ou des arbres) qui sont \u00e0 l&rsquo;origine d&rsquo;alarmes ind\u00e9sirables.<\/li>\n<li><strong>Filtre des fausses alarmes:<\/strong> Les barri\u00e8res BM HP enregistrent automatiquement jusqu&rsquo;\u00e0 3600 \u00e9v\u00e9nements qu&rsquo;il est possible de classer entre bonnes et fausses alarmes. BM HP v\u00e9rifie ensuite les nouveaux \u00e9v\u00e9nements en fonction de cette base de donn\u00e9es et arr\u00eate les alarmes ind\u00e9sirables.<\/li>\n<li>Interface num\u00e9rique: En plus des sorties NC et d&rsquo;autres r\u00e9glages habituels, BM HP pr\u00e9sente un port USB et un port RS485 \u00e0 coupler \u00e0 un hub RS485 ou \u00e0 un panneau de contr\u00f4le AVS ELECTRONICS.<\/li>\n<li><strong>Logiciel:<\/strong> Gr\u00e2ce au port USB local ou \u00e0 distance par RTC, GSM ou IP, le logiciel HPWIN affiche tous les param\u00e8tres, un oscilloscope, les 3600 derniers \u00e9v\u00e9nements d&rsquo;alarme (avec date et heure) et propose tous les outils pour r\u00e9gler les barri\u00e8res.<\/li>\n<\/ul>\n","protected":false},"excerpt":{"rendered":"<p>Les barri\u00e8res num\u00e9riques \u00e0 micro-ondes BM 60 HP s<strong>ont des d\u00e9tecteurs d&rsquo;intrusion fiables utilis\u00e9s pour la protection contre les intrusions du p\u00e9rim\u00e8tre ext\u00e9rieur.<\/strong> BM est compos\u00e9 de 2 unit\u00e9s &#8211; 1 \u00e9metteur (TX) et 1 r\u00e9cepteur (RX) &#8211; install\u00e9s \u00e0 une distance maximale de 60 m\u00e8tres. L&rsquo;\u00e9metteur \u00e9met en permanence des micro-ondes vers le r\u00e9cepteur. Lorsqu&rsquo;un intrus passe entre les deux unit\u00e9s, le signal re\u00e7u est r\u00e9duit cons\u00e9cutivement et en atteignant le niveau d&rsquo;alarme, l&rsquo;alarme est g\u00e9n\u00e9r\u00e9e. <strong>De plus, ces barri\u00e8res permettent de d\u00e9tecter et de signaler une interruption accidentelle et permanente du faisceau.<\/strong><\/p>\n","protected":false},"featured_media":2010,"template":"","meta":{"_et_pb_use_builder":"","_et_pb_old_content":"","_et_gb_content_width":""},"pwb-brand":[203],"product_brand":[],"product_cat":[41,45],"product_tag":[92,290],"class_list":{"0":"post-600","1":"product","2":"type-product","3":"status-publish","4":"has-post-thumbnail","6":"pwb-brand-avs-electronics-s-p-a","7":"product_cat-detection-intrusion-perimetrique","8":"product_cat-barrieres-micro-ondes","9":"product_tag-60m","10":"product_tag-barrieres-numeriques-a-micro-ondes","12":"first","13":"instock","14":"shipping-taxable","15":"product-type-simple"},"yoast_head":"<!-- This site is optimized with the Yoast SEO plugin v25.2 - https:\/\/yoast.com\/wordpress\/plugins\/seo\/ -->\n<title>Barri\u00e8re digitale micro-ondes hyperfr\u00e9quence pour l\u2019ext\u00e9rieur, BM 60 HP - Bunker Seguridad<\/title>\n<meta name=\"description\" content=\"Barri\u00e8res digitale micro-ondes BM 60 HP sont des d\u00e9tecteurs d&#039;intrusion fiables utilis\u00e9s pour la protection du p\u00e9rim\u00e8tre ext\u00e9rieur.\" \/>\n<meta name=\"robots\" content=\"noindex, follow, max-snippet:-1, max-image-preview:large, max-video-preview:-1\" \/>\n<meta property=\"og:locale\" content=\"fr_FR\" \/>\n<meta property=\"og:type\" content=\"article\" \/>\n<meta property=\"og:title\" content=\"Barri\u00e8re digitale micro-ondes hyperfr\u00e9quence pour l\u2019ext\u00e9rieur, BM 60 HP - Bunker Seguridad\" \/>\n<meta property=\"og:description\" content=\"Barri\u00e8res digitale micro-ondes BM 60 HP sont des d\u00e9tecteurs d&#039;intrusion fiables utilis\u00e9s pour la protection du p\u00e9rim\u00e8tre ext\u00e9rieur.\" \/>\n<meta property=\"og:url\" content=\"https:\/\/bunkerseguridad.com\/fr\/produit\/barriere-digitale-micro-ondes-bm-60-hp\/\" \/>\n<meta property=\"og:site_name\" content=\"Bunker Seguridad\" \/>\n<meta property=\"article:modified_time\" content=\"2021-02-15T09:20:23+00:00\" \/>\n<meta property=\"og:image\" content=\"https:\/\/bunkerseguridad.com\/fr\/wp-content\/uploads\/2020\/10\/mw-barriers-bm-60-avs-electronics.png\" \/>\n\t<meta property=\"og:image:width\" content=\"1200\" \/>\n\t<meta property=\"og:image:height\" content=\"1200\" \/>\n\t<meta property=\"og:image:type\" content=\"image\/png\" \/>\n<meta name=\"twitter:card\" content=\"summary_large_image\" \/>\n<meta name=\"twitter:label1\" content=\"Dur\u00e9e de lecture estim\u00e9e\" \/>\n\t<meta name=\"twitter:data1\" content=\"2 minutes\" \/>\n<script type=\"application\/ld+json\" class=\"yoast-schema-graph\">{\"@context\":\"https:\/\/schema.org\",\"@graph\":[{\"@type\":\"WebPage\",\"@id\":\"https:\/\/bunkerseguridad.com\/fr\/produit\/barriere-digitale-micro-ondes-bm-60-hp\/\",\"url\":\"https:\/\/bunkerseguridad.com\/fr\/produit\/barriere-digitale-micro-ondes-bm-60-hp\/\",\"name\":\"Barri\u00e8re digitale micro-ondes hyperfr\u00e9quence pour l\u2019ext\u00e9rieur, BM 60 HP - Bunker Seguridad\",\"isPartOf\":{\"@id\":\"https:\/\/bunkerseguridad.com\/fr\/#website\"},\"primaryImageOfPage\":{\"@id\":\"https:\/\/bunkerseguridad.com\/fr\/produit\/barriere-digitale-micro-ondes-bm-60-hp\/#primaryimage\"},\"image\":{\"@id\":\"https:\/\/bunkerseguridad.com\/fr\/produit\/barriere-digitale-micro-ondes-bm-60-hp\/#primaryimage\"},\"thumbnailUrl\":\"https:\/\/bunkerseguridad.com\/fr\/wp-content\/uploads\/2020\/10\/mw-barriers-bm-60-avs-electronics.png\",\"datePublished\":\"2020-09-08T11:33:30+00:00\",\"dateModified\":\"2021-02-15T09:20:23+00:00\",\"description\":\"Barri\u00e8res digitale micro-ondes BM 60 HP sont des d\u00e9tecteurs d'intrusion fiables utilis\u00e9s pour la protection du p\u00e9rim\u00e8tre ext\u00e9rieur.\",\"breadcrumb\":{\"@id\":\"https:\/\/bunkerseguridad.com\/fr\/produit\/barriere-digitale-micro-ondes-bm-60-hp\/#breadcrumb\"},\"inLanguage\":\"fr-FR\",\"potentialAction\":[{\"@type\":\"ReadAction\",\"target\":[\"https:\/\/bunkerseguridad.com\/fr\/produit\/barriere-digitale-micro-ondes-bm-60-hp\/\"]}]},{\"@type\":\"ImageObject\",\"inLanguage\":\"fr-FR\",\"@id\":\"https:\/\/bunkerseguridad.com\/fr\/produit\/barriere-digitale-micro-ondes-bm-60-hp\/#primaryimage\",\"url\":\"https:\/\/bunkerseguridad.com\/fr\/wp-content\/uploads\/2020\/10\/mw-barriers-bm-60-avs-electronics.png\",\"contentUrl\":\"https:\/\/bunkerseguridad.com\/fr\/wp-content\/uploads\/2020\/10\/mw-barriers-bm-60-avs-electronics.png\",\"width\":1200,\"height\":1200,\"caption\":\"Digital Microwave Barriers BM\"},{\"@type\":\"BreadcrumbList\",\"@id\":\"https:\/\/bunkerseguridad.com\/fr\/produit\/barriere-digitale-micro-ondes-bm-60-hp\/#breadcrumb\",\"itemListElement\":[{\"@type\":\"ListItem\",\"position\":1,\"name\":\"Home\",\"item\":\"https:\/\/bunkerseguridad.com\/fr\/\"},{\"@type\":\"ListItem\",\"position\":2,\"name\":\"Shop\",\"item\":\"https:\/\/bunkerseguridad.com\/fr\/shop\/\"},{\"@type\":\"ListItem\",\"position\":3,\"name\":\"Barri\u00e8re digitale micro-ondes hyperfr\u00e9quence pour l\u2019ext\u00e9rieur, BM 60 HP\"}]},{\"@type\":\"WebSite\",\"@id\":\"https:\/\/bunkerseguridad.com\/fr\/#website\",\"url\":\"https:\/\/bunkerseguridad.com\/fr\/\",\"name\":\"Bunker Seguridad\",\"description\":\"Otro sitio realizado con WordPress\",\"potentialAction\":[{\"@type\":\"SearchAction\",\"target\":{\"@type\":\"EntryPoint\",\"urlTemplate\":\"https:\/\/bunkerseguridad.com\/fr\/?s={search_term_string}\"},\"query-input\":{\"@type\":\"PropertyValueSpecification\",\"valueRequired\":true,\"valueName\":\"search_term_string\"}}],\"inLanguage\":\"fr-FR\"}]}<\/script>\n<!-- \/ Yoast SEO plugin. -->","yoast_head_json":{"title":"Barri\u00e8re digitale micro-ondes hyperfr\u00e9quence pour l\u2019ext\u00e9rieur, BM 60 HP - Bunker Seguridad","description":"Barri\u00e8res digitale micro-ondes BM 60 HP sont des d\u00e9tecteurs d'intrusion fiables utilis\u00e9s pour la protection du p\u00e9rim\u00e8tre ext\u00e9rieur.","robots":{"index":"noindex","follow":"follow","max-snippet":"max-snippet:-1","max-image-preview":"max-image-preview:large","max-video-preview":"max-video-preview:-1"},"og_locale":"fr_FR","og_type":"article","og_title":"Barri\u00e8re digitale micro-ondes hyperfr\u00e9quence pour l\u2019ext\u00e9rieur, BM 60 HP - Bunker Seguridad","og_description":"Barri\u00e8res digitale micro-ondes BM 60 HP sont des d\u00e9tecteurs d'intrusion fiables utilis\u00e9s pour la protection du p\u00e9rim\u00e8tre ext\u00e9rieur.","og_url":"https:\/\/bunkerseguridad.com\/fr\/produit\/barriere-digitale-micro-ondes-bm-60-hp\/","og_site_name":"Bunker Seguridad","article_modified_time":"2021-02-15T09:20:23+00:00","og_image":[{"width":1200,"height":1200,"url":"https:\/\/bunkerseguridad.com\/fr\/wp-content\/uploads\/2020\/10\/mw-barriers-bm-60-avs-electronics.png","type":"image\/png"}],"twitter_card":"summary_large_image","twitter_misc":{"Dur\u00e9e de lecture estim\u00e9e":"2 minutes"},"schema":{"@context":"https:\/\/schema.org","@graph":[{"@type":"WebPage","@id":"https:\/\/bunkerseguridad.com\/fr\/produit\/barriere-digitale-micro-ondes-bm-60-hp\/","url":"https:\/\/bunkerseguridad.com\/fr\/produit\/barriere-digitale-micro-ondes-bm-60-hp\/","name":"Barri\u00e8re digitale micro-ondes hyperfr\u00e9quence pour l\u2019ext\u00e9rieur, BM 60 HP - Bunker Seguridad","isPartOf":{"@id":"https:\/\/bunkerseguridad.com\/fr\/#website"},"primaryImageOfPage":{"@id":"https:\/\/bunkerseguridad.com\/fr\/produit\/barriere-digitale-micro-ondes-bm-60-hp\/#primaryimage"},"image":{"@id":"https:\/\/bunkerseguridad.com\/fr\/produit\/barriere-digitale-micro-ondes-bm-60-hp\/#primaryimage"},"thumbnailUrl":"https:\/\/bunkerseguridad.com\/fr\/wp-content\/uploads\/2020\/10\/mw-barriers-bm-60-avs-electronics.png","datePublished":"2020-09-08T11:33:30+00:00","dateModified":"2021-02-15T09:20:23+00:00","description":"Barri\u00e8res digitale micro-ondes BM 60 HP sont des d\u00e9tecteurs d'intrusion fiables utilis\u00e9s pour la protection du p\u00e9rim\u00e8tre ext\u00e9rieur.","breadcrumb":{"@id":"https:\/\/bunkerseguridad.com\/fr\/produit\/barriere-digitale-micro-ondes-bm-60-hp\/#breadcrumb"},"inLanguage":"fr-FR","potentialAction":[{"@type":"ReadAction","target":["https:\/\/bunkerseguridad.com\/fr\/produit\/barriere-digitale-micro-ondes-bm-60-hp\/"]}]},{"@type":"ImageObject","inLanguage":"fr-FR","@id":"https:\/\/bunkerseguridad.com\/fr\/produit\/barriere-digitale-micro-ondes-bm-60-hp\/#primaryimage","url":"https:\/\/bunkerseguridad.com\/fr\/wp-content\/uploads\/2020\/10\/mw-barriers-bm-60-avs-electronics.png","contentUrl":"https:\/\/bunkerseguridad.com\/fr\/wp-content\/uploads\/2020\/10\/mw-barriers-bm-60-avs-electronics.png","width":1200,"height":1200,"caption":"Digital Microwave Barriers BM"},{"@type":"BreadcrumbList","@id":"https:\/\/bunkerseguridad.com\/fr\/produit\/barriere-digitale-micro-ondes-bm-60-hp\/#breadcrumb","itemListElement":[{"@type":"ListItem","position":1,"name":"Home","item":"https:\/\/bunkerseguridad.com\/fr\/"},{"@type":"ListItem","position":2,"name":"Shop","item":"https:\/\/bunkerseguridad.com\/fr\/shop\/"},{"@type":"ListItem","position":3,"name":"Barri\u00e8re digitale micro-ondes hyperfr\u00e9quence pour l\u2019ext\u00e9rieur, BM 60 HP"}]},{"@type":"WebSite","@id":"https:\/\/bunkerseguridad.com\/fr\/#website","url":"https:\/\/bunkerseguridad.com\/fr\/","name":"Bunker Seguridad","description":"Otro sitio realizado con WordPress","potentialAction":[{"@type":"SearchAction","target":{"@type":"EntryPoint","urlTemplate":"https:\/\/bunkerseguridad.com\/fr\/?s={search_term_string}"},"query-input":{"@type":"PropertyValueSpecification","valueRequired":true,"valueName":"search_term_string"}}],"inLanguage":"fr-FR"}]}},"brands":[{"id":203,"name":"AVS Electronics","slug":"avs-electronics-s-p-a"}],"_links":{"self":[{"href":"https:\/\/bunkerseguridad.com\/fr\/wp-json\/wp\/v2\/product\/600","targetHints":{"allow":["GET"]}}],"collection":[{"href":"https:\/\/bunkerseguridad.com\/fr\/wp-json\/wp\/v2\/product"}],"about":[{"href":"https:\/\/bunkerseguridad.com\/fr\/wp-json\/wp\/v2\/types\/product"}],"wp:featuredmedia":[{"embeddable":true,"href":"https:\/\/bunkerseguridad.com\/fr\/wp-json\/wp\/v2\/media\/2010"}],"wp:attachment":[{"href":"https:\/\/bunkerseguridad.com\/fr\/wp-json\/wp\/v2\/media?parent=600"}],"wp:term":[{"taxonomy":"pwb-brand","embeddable":true,"href":"https:\/\/bunkerseguridad.com\/fr\/wp-json\/wp\/v2\/pwb-brand?post=600"},{"taxonomy":"product_brand","embeddable":true,"href":"https:\/\/bunkerseguridad.com\/fr\/wp-json\/wp\/v2\/product_brand?post=600"},{"taxonomy":"product_cat","embeddable":true,"href":"https:\/\/bunkerseguridad.com\/fr\/wp-json\/wp\/v2\/product_cat?post=600"},{"taxonomy":"product_tag","embeddable":true,"href":"https:\/\/bunkerseguridad.com\/fr\/wp-json\/wp\/v2\/product_tag?post=600"}],"curies":[{"name":"wp","href":"https:\/\/api.w.org\/{rel}","templated":true}]}}