{"id":566,"date":"2020-09-07T11:00:20","date_gmt":"2020-09-07T11:00:20","guid":{"rendered":"http:\/\/www.bunkerseguridad.es\/en\/?post_type=product&#038;p=566"},"modified":"2021-02-11T10:29:16","modified_gmt":"2021-02-11T10:29:16","slug":"les-barrieres-reflechissantes-pr-30be-takex","status":"publish","type":"product","link":"https:\/\/bunkerseguridad.com\/fr\/produit\/les-barrieres-reflechissantes-pr-30be-takex\/","title":{"rendered":"Reflective Beams PR-30BE TAKEX"},"content":{"rendered":"<p><strong>Les barri\u00e8res r\u00e9fl\u00e9chissantes PR-30BE<\/strong> utilisent la technologie Time of Flight pour d\u00e9terminer la distance de d\u00e9tection avec une pr\u00e9cision sans pr\u00e9c\u00e9dent en mesurant \u00e0 la fois le niveau de r\u00e9ception de la lumi\u00e8re et le temps de propagation, ce qui signifie qu&rsquo;aucune alarme n&rsquo;est perdue \u00e0 cause d&rsquo;objets tr\u00e8s r\u00e9fl\u00e9chissants tels que les v\u00e9hicules blancs.<\/p>\n<p>Le PR-30BE peut \u00eatre utilis\u00e9 lorsque les faisceaux conventionnels qui n\u00e9cessitent une alimentation aux deux extr\u00e9mit\u00e9s ne sont pas pratiques en raison du co\u00fbt d&rsquo;installation ou de pr\u00e9occupations environnementales, par exemple pour les voies navigables, les routes et les pistes d&rsquo;atterrissage. Il offre les performances d&rsquo;un capteur de faisceau point \u00e0 point traditionnel avec la commodit\u00e9 d&rsquo;un d\u00e9tecteur IRP \u00e0 une seule extr\u00e9mit\u00e9.<\/p>\n<p>De la m\u00eame taille qu&rsquo;un double faisceau mais avec plusieurs caract\u00e9ristiques reprises des s\u00e9ries PB-IN et PXB, le PR-30BE comprend un syst\u00e8me de surveillance de l&rsquo;environnement qui optimise dynamiquement les performances pour s&rsquo;adapter aux conditions changeantes, avec une sortie d\u00e9di\u00e9e donnant un avertissement de pr\u00e9-alarme si n\u00e9cessaire. Il comprend \u00e9galement une fonction de tonalit\u00e9 d&rsquo;alignement audible qui, associ\u00e9e aux options de tension de sortie du viseur \u00e0 double bague et du moniteur, facilite l&rsquo;alignement du faisceau.<\/p>\n<p>Le PR-30BE comprend \u00e9galement un r\u00e9glage du temps de r\u00e9ponse, un r\u00e9glage horizontal de +\/-90 degr\u00e9s et un r\u00e9glage vertical de +\/-5 degr\u00e9s, ainsi qu&rsquo;un ensemble de r\u00e9flecteurs nouvellement redessin\u00e9 pour une distance op\u00e9rationnelle minimale de seulement 0,5 m.<\/p>\n<p><strong>Benchmark Innovation Awards: Gagnant 2020 de la protection du site.<\/strong><\/p>\n<p><strong>Caract\u00e9ristiques:<\/strong><\/p>\n<ul>\n<li>Installation facile<\/li>\n<li>Une protection plus fiable<\/li>\n<li>Alignement facile des faisceaux<\/li>\n<li>D\u00e9finition d&rsquo;une zone de protection flexible<\/li>\n<li>Ajustement du temps de r\u00e9ponse<\/li>\n<li>Contr\u00f4le de l&rsquo;op\u00e9ration facile<\/li>\n<\/ul>\n","protected":false},"excerpt":{"rendered":"<p><strong>Benchmark Innovation Awards: Gagnant 2020 de la protection du site.<\/strong><\/p>\n<p>Les faisceaux r\u00e9fl\u00e9chissants PR-30BE <strong>utilisent la technologie Time of Flight pour d\u00e9terminer la distance de d\u00e9tection avec une pr\u00e9cision sans pr\u00e9c\u00e9dent en mesurant \u00e0 la fois le niveau de r\u00e9ception de la lumi\u00e8re et la synchronisation,<\/strong> ce qui signifie qu&rsquo;aucune alarme perdue \u00e0 partir d&rsquo;objets hautement r\u00e9fl\u00e9chissants tels que les v\u00e9hicules blancs.<\/p>\n","protected":false},"featured_media":568,"template":"","meta":{"_et_pb_use_builder":"","_et_pb_old_content":"","_et_gb_content_width":""},"pwb-brand":[202],"product_brand":[],"product_cat":[41,49],"product_tag":[80,82,359,81],"class_list":{"0":"post-566","1":"product","2":"type-product","3":"status-publish","4":"has-post-thumbnail","6":"pwb-brand-takex","7":"product_cat-detection-intrusion-perimetrique","8":"product_cat-barrieres-infrarouges","9":"product_tag-exterieur","10":"product_tag-faisceau-photoelectrique","11":"product_tag-faisceau-reflechissant","12":"product_tag-interieur","14":"first","15":"instock","16":"shipping-taxable","17":"product-type-simple"},"yoast_head":"<!-- This site is optimized with the Yoast SEO plugin v25.2 - https:\/\/yoast.com\/wordpress\/plugins\/seo\/ -->\n<title>Reflective Beams PR-30BE TAKEX - Bunker Seguridad<\/title>\n<meta name=\"description\" content=\"utiliser la technologie Time of Flight pour d\u00e9terminer la distance de d\u00e9tection avec une pr\u00e9cision sans pr\u00e9c\u00e9dent\" \/>\n<meta name=\"robots\" content=\"noindex, follow, max-snippet:-1, max-image-preview:large, max-video-preview:-1\" \/>\n<meta property=\"og:locale\" content=\"fr_FR\" \/>\n<meta property=\"og:type\" content=\"article\" \/>\n<meta property=\"og:title\" content=\"Reflective Beams PR-30BE TAKEX - Bunker Seguridad\" \/>\n<meta property=\"og:description\" content=\"utiliser la technologie Time of Flight pour d\u00e9terminer la distance de d\u00e9tection avec une pr\u00e9cision sans pr\u00e9c\u00e9dent\" \/>\n<meta property=\"og:url\" content=\"https:\/\/bunkerseguridad.com\/fr\/produit\/les-barrieres-reflechissantes-pr-30be-takex\/\" \/>\n<meta property=\"og:site_name\" content=\"Bunker Seguridad\" \/>\n<meta property=\"article:modified_time\" content=\"2021-02-11T10:29:16+00:00\" \/>\n<meta property=\"og:image\" content=\"https:\/\/bunkerseguridad.com\/fr\/wp-content\/uploads\/2020\/09\/Reflective-Beams-PR-30BE.png\" \/>\n\t<meta property=\"og:image:width\" content=\"1200\" \/>\n\t<meta property=\"og:image:height\" content=\"1200\" \/>\n\t<meta property=\"og:image:type\" content=\"image\/png\" \/>\n<meta name=\"twitter:card\" content=\"summary_large_image\" \/>\n<meta name=\"twitter:label1\" content=\"Dur\u00e9e de lecture estim\u00e9e\" \/>\n\t<meta name=\"twitter:data1\" content=\"2 minutes\" \/>\n<script type=\"application\/ld+json\" class=\"yoast-schema-graph\">{\"@context\":\"https:\/\/schema.org\",\"@graph\":[{\"@type\":\"WebPage\",\"@id\":\"https:\/\/bunkerseguridad.com\/fr\/produit\/les-barrieres-reflechissantes-pr-30be-takex\/\",\"url\":\"https:\/\/bunkerseguridad.com\/fr\/produit\/les-barrieres-reflechissantes-pr-30be-takex\/\",\"name\":\"Reflective Beams PR-30BE TAKEX - Bunker Seguridad\",\"isPartOf\":{\"@id\":\"https:\/\/bunkerseguridad.com\/fr\/#website\"},\"primaryImageOfPage\":{\"@id\":\"https:\/\/bunkerseguridad.com\/fr\/produit\/les-barrieres-reflechissantes-pr-30be-takex\/#primaryimage\"},\"image\":{\"@id\":\"https:\/\/bunkerseguridad.com\/fr\/produit\/les-barrieres-reflechissantes-pr-30be-takex\/#primaryimage\"},\"thumbnailUrl\":\"https:\/\/bunkerseguridad.com\/fr\/wp-content\/uploads\/2020\/09\/Reflective-Beams-PR-30BE.png\",\"datePublished\":\"2020-09-07T11:00:20+00:00\",\"dateModified\":\"2021-02-11T10:29:16+00:00\",\"description\":\"utiliser la technologie Time of Flight pour d\u00e9terminer la distance de d\u00e9tection avec une pr\u00e9cision sans pr\u00e9c\u00e9dent\",\"breadcrumb\":{\"@id\":\"https:\/\/bunkerseguridad.com\/fr\/produit\/les-barrieres-reflechissantes-pr-30be-takex\/#breadcrumb\"},\"inLanguage\":\"fr-FR\",\"potentialAction\":[{\"@type\":\"ReadAction\",\"target\":[\"https:\/\/bunkerseguridad.com\/fr\/produit\/les-barrieres-reflechissantes-pr-30be-takex\/\"]}]},{\"@type\":\"ImageObject\",\"inLanguage\":\"fr-FR\",\"@id\":\"https:\/\/bunkerseguridad.com\/fr\/produit\/les-barrieres-reflechissantes-pr-30be-takex\/#primaryimage\",\"url\":\"https:\/\/bunkerseguridad.com\/fr\/wp-content\/uploads\/2020\/09\/Reflective-Beams-PR-30BE.png\",\"contentUrl\":\"https:\/\/bunkerseguridad.com\/fr\/wp-content\/uploads\/2020\/09\/Reflective-Beams-PR-30BE.png\",\"width\":1200,\"height\":1200,\"caption\":\"Infrared Beam Barriers\"},{\"@type\":\"BreadcrumbList\",\"@id\":\"https:\/\/bunkerseguridad.com\/fr\/produit\/les-barrieres-reflechissantes-pr-30be-takex\/#breadcrumb\",\"itemListElement\":[{\"@type\":\"ListItem\",\"position\":1,\"name\":\"Home\",\"item\":\"https:\/\/bunkerseguridad.com\/fr\/\"},{\"@type\":\"ListItem\",\"position\":2,\"name\":\"Shop\",\"item\":\"https:\/\/bunkerseguridad.com\/fr\/shop\/\"},{\"@type\":\"ListItem\",\"position\":3,\"name\":\"Reflective Beams PR-30BE TAKEX\"}]},{\"@type\":\"WebSite\",\"@id\":\"https:\/\/bunkerseguridad.com\/fr\/#website\",\"url\":\"https:\/\/bunkerseguridad.com\/fr\/\",\"name\":\"Bunker Seguridad\",\"description\":\"Otro sitio realizado con WordPress\",\"potentialAction\":[{\"@type\":\"SearchAction\",\"target\":{\"@type\":\"EntryPoint\",\"urlTemplate\":\"https:\/\/bunkerseguridad.com\/fr\/?s={search_term_string}\"},\"query-input\":{\"@type\":\"PropertyValueSpecification\",\"valueRequired\":true,\"valueName\":\"search_term_string\"}}],\"inLanguage\":\"fr-FR\"}]}<\/script>\n<!-- \/ Yoast SEO plugin. -->","yoast_head_json":{"title":"Reflective Beams PR-30BE TAKEX - Bunker Seguridad","description":"utiliser la technologie Time of Flight pour d\u00e9terminer la distance de d\u00e9tection avec une pr\u00e9cision sans pr\u00e9c\u00e9dent","robots":{"index":"noindex","follow":"follow","max-snippet":"max-snippet:-1","max-image-preview":"max-image-preview:large","max-video-preview":"max-video-preview:-1"},"og_locale":"fr_FR","og_type":"article","og_title":"Reflective Beams PR-30BE TAKEX - Bunker Seguridad","og_description":"utiliser la technologie Time of Flight pour d\u00e9terminer la distance de d\u00e9tection avec une pr\u00e9cision sans pr\u00e9c\u00e9dent","og_url":"https:\/\/bunkerseguridad.com\/fr\/produit\/les-barrieres-reflechissantes-pr-30be-takex\/","og_site_name":"Bunker Seguridad","article_modified_time":"2021-02-11T10:29:16+00:00","og_image":[{"width":1200,"height":1200,"url":"https:\/\/bunkerseguridad.com\/fr\/wp-content\/uploads\/2020\/09\/Reflective-Beams-PR-30BE.png","type":"image\/png"}],"twitter_card":"summary_large_image","twitter_misc":{"Dur\u00e9e de lecture estim\u00e9e":"2 minutes"},"schema":{"@context":"https:\/\/schema.org","@graph":[{"@type":"WebPage","@id":"https:\/\/bunkerseguridad.com\/fr\/produit\/les-barrieres-reflechissantes-pr-30be-takex\/","url":"https:\/\/bunkerseguridad.com\/fr\/produit\/les-barrieres-reflechissantes-pr-30be-takex\/","name":"Reflective Beams PR-30BE TAKEX - Bunker Seguridad","isPartOf":{"@id":"https:\/\/bunkerseguridad.com\/fr\/#website"},"primaryImageOfPage":{"@id":"https:\/\/bunkerseguridad.com\/fr\/produit\/les-barrieres-reflechissantes-pr-30be-takex\/#primaryimage"},"image":{"@id":"https:\/\/bunkerseguridad.com\/fr\/produit\/les-barrieres-reflechissantes-pr-30be-takex\/#primaryimage"},"thumbnailUrl":"https:\/\/bunkerseguridad.com\/fr\/wp-content\/uploads\/2020\/09\/Reflective-Beams-PR-30BE.png","datePublished":"2020-09-07T11:00:20+00:00","dateModified":"2021-02-11T10:29:16+00:00","description":"utiliser la technologie Time of Flight pour d\u00e9terminer la distance de d\u00e9tection avec une pr\u00e9cision sans pr\u00e9c\u00e9dent","breadcrumb":{"@id":"https:\/\/bunkerseguridad.com\/fr\/produit\/les-barrieres-reflechissantes-pr-30be-takex\/#breadcrumb"},"inLanguage":"fr-FR","potentialAction":[{"@type":"ReadAction","target":["https:\/\/bunkerseguridad.com\/fr\/produit\/les-barrieres-reflechissantes-pr-30be-takex\/"]}]},{"@type":"ImageObject","inLanguage":"fr-FR","@id":"https:\/\/bunkerseguridad.com\/fr\/produit\/les-barrieres-reflechissantes-pr-30be-takex\/#primaryimage","url":"https:\/\/bunkerseguridad.com\/fr\/wp-content\/uploads\/2020\/09\/Reflective-Beams-PR-30BE.png","contentUrl":"https:\/\/bunkerseguridad.com\/fr\/wp-content\/uploads\/2020\/09\/Reflective-Beams-PR-30BE.png","width":1200,"height":1200,"caption":"Infrared Beam Barriers"},{"@type":"BreadcrumbList","@id":"https:\/\/bunkerseguridad.com\/fr\/produit\/les-barrieres-reflechissantes-pr-30be-takex\/#breadcrumb","itemListElement":[{"@type":"ListItem","position":1,"name":"Home","item":"https:\/\/bunkerseguridad.com\/fr\/"},{"@type":"ListItem","position":2,"name":"Shop","item":"https:\/\/bunkerseguridad.com\/fr\/shop\/"},{"@type":"ListItem","position":3,"name":"Reflective Beams PR-30BE TAKEX"}]},{"@type":"WebSite","@id":"https:\/\/bunkerseguridad.com\/fr\/#website","url":"https:\/\/bunkerseguridad.com\/fr\/","name":"Bunker Seguridad","description":"Otro sitio realizado con WordPress","potentialAction":[{"@type":"SearchAction","target":{"@type":"EntryPoint","urlTemplate":"https:\/\/bunkerseguridad.com\/fr\/?s={search_term_string}"},"query-input":{"@type":"PropertyValueSpecification","valueRequired":true,"valueName":"search_term_string"}}],"inLanguage":"fr-FR"}]}},"brands":[{"id":202,"name":"Takex","slug":"takex"}],"_links":{"self":[{"href":"https:\/\/bunkerseguridad.com\/fr\/wp-json\/wp\/v2\/product\/566","targetHints":{"allow":["GET"]}}],"collection":[{"href":"https:\/\/bunkerseguridad.com\/fr\/wp-json\/wp\/v2\/product"}],"about":[{"href":"https:\/\/bunkerseguridad.com\/fr\/wp-json\/wp\/v2\/types\/product"}],"wp:featuredmedia":[{"embeddable":true,"href":"https:\/\/bunkerseguridad.com\/fr\/wp-json\/wp\/v2\/media\/568"}],"wp:attachment":[{"href":"https:\/\/bunkerseguridad.com\/fr\/wp-json\/wp\/v2\/media?parent=566"}],"wp:term":[{"taxonomy":"pwb-brand","embeddable":true,"href":"https:\/\/bunkerseguridad.com\/fr\/wp-json\/wp\/v2\/pwb-brand?post=566"},{"taxonomy":"product_brand","embeddable":true,"href":"https:\/\/bunkerseguridad.com\/fr\/wp-json\/wp\/v2\/product_brand?post=566"},{"taxonomy":"product_cat","embeddable":true,"href":"https:\/\/bunkerseguridad.com\/fr\/wp-json\/wp\/v2\/product_cat?post=566"},{"taxonomy":"product_tag","embeddable":true,"href":"https:\/\/bunkerseguridad.com\/fr\/wp-json\/wp\/v2\/product_tag?post=566"}],"curies":[{"name":"wp","href":"https:\/\/api.w.org\/{rel}","templated":true}]}}