{"id":4846,"date":"2020-11-26T10:15:11","date_gmt":"2020-11-26T10:15:11","guid":{"rendered":"http:\/\/www.bunkerseguridad.es\/en\/?post_type=product&#038;p=4846"},"modified":"2021-03-11T09:15:39","modified_gmt":"2021-03-11T09:15:39","slug":"commutateur-industriel-esugs4-g1-b-series","status":"publish","type":"product","link":"https:\/\/bunkerseguridad.com\/fr\/produit\/commutateur-industriel-esugs4-g1-b-series\/","title":{"rendered":"Commutateur industriel, ESUGS4-G1-B Series"},"content":{"rendered":"<p><strong>Le KBC ESUGS4-G1-B<\/strong> est un commutateur industriel non g\u00e9r\u00e9 haute performance avec un port cuivre \u00e0 d\u00e9tection automatique 5 * 10\/100 \/ 1000M. Quatre des ports cuivre prennent en charge PoE \/ PoE +, avec une sortie jusqu&rsquo;\u00e0 30 W sur chaque port PoE. La conception de montage unique facilite le montage et le retrait DIN. La conception robuste avec IP40 et la protection ESD de niveau industriel 3 du commutateur le rend appropri\u00e9 pour une utilisation dans des applications d&rsquo;environnement difficiles, telles que l&rsquo;alimentation, le transport, les pipelines, la p\u00e9trochimie, l&rsquo;automatisation industrielle et la surveillance IP. <strong>Caract\u00e9ristiques:<\/strong><\/p>\n<ul>\n<li>Commutateur industriel non g\u00e9r\u00e9<\/li>\n<li>5 ports 10\/100 \/ 1000Base-T (X), 4 ports PoE +<\/li>\n<li>Chaque sortie de port PoE jusqu&rsquo;\u00e0 30 W<\/li>\n<li>Soutenir IEEE802.3af &amp; at<\/li>\n<li>Entr\u00e9e d&rsquo;alimentation 9 ~ 36VDC<\/li>\n<li>Protection contre les surcharges de courant et protection contre l&rsquo;inversion de polarit\u00e9<\/li>\n<li>Protection ESD de niveau 3<\/li>\n<li>Conception du bo\u00eetier IP-40<\/li>\n<li>Support de rail DIN ou mural<\/li>\n<li>La conception de montage DIN unique facilite le montage et le retrait<\/li>\n<\/ul>\n","protected":false},"excerpt":{"rendered":"<p><strong>Commutateur Ethernet industriel, non g\u00e9r\u00e9,<\/strong> (4) ports cuivre PoE + IEEE802.3at 10\/100\/1000 Mbps, (1) port non PoE 10\/100\/1000 Mbps, protection ESD IP40 de niveau industriel 3. Entr\u00e9e 45-57VDC. Rail DIN \/ de bureau \/ mural. N\u00e9cessite une alimentation vendue s\u00e9par\u00e9ment<\/p>\n","protected":false},"featured_media":5015,"template":"","meta":{"_et_pb_use_builder":"off","_et_pb_old_content":"<strong>Le KBC ESUGS4-G1-B<\/strong> est un commutateur industriel non g\u00e9r\u00e9 haute performance avec un port cuivre \u00e0 d\u00e9tection automatique 5 * 10\/100 \/ 1000M. Quatre des ports cuivre prennent en charge PoE \/ PoE +, avec une sortie jusqu'\u00e0 30 W sur chaque port PoE. La conception de montage unique facilite le montage et le retrait DIN. La conception robuste avec IP40 et la protection ESD de niveau industriel 3 du commutateur le rend appropri\u00e9 pour une utilisation dans des applications d'environnement difficiles, telles que l'alimentation, le transport, les pipelines, la p\u00e9trochimie, l'automatisation industrielle et la surveillance IP.\r\n\r\n<strong>Caract\u00e9ristiques:<\/strong>\r\n<ul>\r\n \t<li>Commutateur industriel non g\u00e9r\u00e9<\/li>\r\n \t<li>5 ports 10\/100 \/ 1000Base-T (X), 4 ports PoE +<\/li>\r\n \t<li>Chaque sortie de port PoE jusqu'\u00e0 30 W<\/li>\r\n \t<li>Soutenir IEEE802.3af & at<\/li>\r\n \t<li>Entr\u00e9e d'alimentation 9 ~ 36VDC<\/li>\r\n \t<li>Protection contre les surcharges de courant et protection contre l'inversion de polarit\u00e9<\/li>\r\n \t<li>Protection ESD de niveau 3<\/li>\r\n \t<li>Conception du bo\u00eetier IP-40<\/li>\r\n \t<li>Support de rail DIN ou mural<\/li>\r\n \t<li>La conception de montage DIN unique facilite le montage et le retrait<\/li>\r\n<\/ul>","_et_gb_content_width":""},"pwb-brand":[206],"product_brand":[],"product_cat":[304,31,40],"product_tag":[144,145,141,142,143,149,150,148,147,146,139,140],"class_list":{"0":"post-4846","1":"product","2":"type-product","3":"status-publish","4":"has-post-thumbnail","6":"pwb-brand-kbc-networks","7":"product_cat-commutateurs-non-geres-avec-poe","8":"product_cat-transmission-des-donnees","9":"product_cat-interrupteurs-industriels","10":"product_tag-16-ports","11":"product_tag-24-ports","12":"product_tag-4-ports","13":"product_tag-6-ports","14":"product_tag-8-ports","15":"product_tag-din-rail","16":"product_tag-gigabit","17":"product_tag-montage-en-rack","18":"product_tag-non-poe","19":"product_tag-poe","20":"product_tag-switch-gere","21":"product_tag-switch-non-gere","23":"first","24":"instock","25":"shipping-taxable","26":"product-type-simple"},"yoast_head":"<!-- This site is optimized with the Yoast SEO plugin v25.2 - https:\/\/yoast.com\/wordpress\/plugins\/seo\/ -->\n<title>Commutateur industriel, ESUGS4-G1-B Series - Bunker Seguridad<\/title>\n<meta name=\"description\" content=\"Le KBC ESUGS4-G1-B est un commutateur industriel non g\u00e9r\u00e9 haute performance avec un port cuivre \u00e0 d\u00e9tection automatique 5 * 10\/100 \/ 1000M\" \/>\n<meta name=\"robots\" content=\"noindex, follow, max-snippet:-1, max-image-preview:large, max-video-preview:-1\" \/>\n<meta property=\"og:locale\" content=\"fr_FR\" \/>\n<meta property=\"og:type\" content=\"article\" \/>\n<meta property=\"og:title\" content=\"Commutateur industriel, ESUGS4-G1-B Series - Bunker Seguridad\" \/>\n<meta property=\"og:description\" content=\"Le KBC ESUGS4-G1-B est un commutateur industriel non g\u00e9r\u00e9 haute performance avec un port cuivre \u00e0 d\u00e9tection automatique 5 * 10\/100 \/ 1000M\" \/>\n<meta property=\"og:url\" content=\"https:\/\/bunkerseguridad.com\/fr\/produit\/commutateur-industriel-esugs4-g1-b-series\/\" \/>\n<meta property=\"og:site_name\" content=\"Bunker Seguridad\" \/>\n<meta property=\"article:modified_time\" content=\"2021-03-11T09:15:39+00:00\" \/>\n<meta property=\"og:image\" content=\"https:\/\/bunkerseguridad.com\/fr\/wp-content\/uploads\/2020\/11\/esugs4-g1-b.png\" \/>\n\t<meta property=\"og:image:width\" content=\"1200\" \/>\n\t<meta property=\"og:image:height\" content=\"1200\" \/>\n\t<meta property=\"og:image:type\" content=\"image\/png\" \/>\n<meta name=\"twitter:card\" content=\"summary_large_image\" \/>\n<meta name=\"twitter:label1\" content=\"Dur\u00e9e de lecture estim\u00e9e\" \/>\n\t<meta name=\"twitter:data1\" content=\"1 minute\" \/>\n<script type=\"application\/ld+json\" class=\"yoast-schema-graph\">{\"@context\":\"https:\/\/schema.org\",\"@graph\":[{\"@type\":\"WebPage\",\"@id\":\"https:\/\/bunkerseguridad.com\/fr\/produit\/commutateur-industriel-esugs4-g1-b-series\/\",\"url\":\"https:\/\/bunkerseguridad.com\/fr\/produit\/commutateur-industriel-esugs4-g1-b-series\/\",\"name\":\"Commutateur industriel, ESUGS4-G1-B Series - Bunker Seguridad\",\"isPartOf\":{\"@id\":\"https:\/\/bunkerseguridad.com\/fr\/#website\"},\"primaryImageOfPage\":{\"@id\":\"https:\/\/bunkerseguridad.com\/fr\/produit\/commutateur-industriel-esugs4-g1-b-series\/#primaryimage\"},\"image\":{\"@id\":\"https:\/\/bunkerseguridad.com\/fr\/produit\/commutateur-industriel-esugs4-g1-b-series\/#primaryimage\"},\"thumbnailUrl\":\"https:\/\/bunkerseguridad.com\/fr\/wp-content\/uploads\/2020\/11\/esugs4-g1-b.png\",\"datePublished\":\"2020-11-26T10:15:11+00:00\",\"dateModified\":\"2021-03-11T09:15:39+00:00\",\"description\":\"Le KBC ESUGS4-G1-B est un commutateur industriel non g\u00e9r\u00e9 haute performance avec un port cuivre \u00e0 d\u00e9tection automatique 5 * 10\/100 \/ 1000M\",\"breadcrumb\":{\"@id\":\"https:\/\/bunkerseguridad.com\/fr\/produit\/commutateur-industriel-esugs4-g1-b-series\/#breadcrumb\"},\"inLanguage\":\"fr-FR\",\"potentialAction\":[{\"@type\":\"ReadAction\",\"target\":[\"https:\/\/bunkerseguridad.com\/fr\/produit\/commutateur-industriel-esugs4-g1-b-series\/\"]}]},{\"@type\":\"ImageObject\",\"inLanguage\":\"fr-FR\",\"@id\":\"https:\/\/bunkerseguridad.com\/fr\/produit\/commutateur-industriel-esugs4-g1-b-series\/#primaryimage\",\"url\":\"https:\/\/bunkerseguridad.com\/fr\/wp-content\/uploads\/2020\/11\/esugs4-g1-b.png\",\"contentUrl\":\"https:\/\/bunkerseguridad.com\/fr\/wp-content\/uploads\/2020\/11\/esugs4-g1-b.png\",\"width\":1200,\"height\":1200},{\"@type\":\"BreadcrumbList\",\"@id\":\"https:\/\/bunkerseguridad.com\/fr\/produit\/commutateur-industriel-esugs4-g1-b-series\/#breadcrumb\",\"itemListElement\":[{\"@type\":\"ListItem\",\"position\":1,\"name\":\"Home\",\"item\":\"https:\/\/bunkerseguridad.com\/fr\/\"},{\"@type\":\"ListItem\",\"position\":2,\"name\":\"Shop\",\"item\":\"https:\/\/bunkerseguridad.com\/fr\/shop\/\"},{\"@type\":\"ListItem\",\"position\":3,\"name\":\"Commutateur industriel, ESUGS4-G1-B Series\"}]},{\"@type\":\"WebSite\",\"@id\":\"https:\/\/bunkerseguridad.com\/fr\/#website\",\"url\":\"https:\/\/bunkerseguridad.com\/fr\/\",\"name\":\"Bunker Seguridad\",\"description\":\"Otro sitio realizado con WordPress\",\"potentialAction\":[{\"@type\":\"SearchAction\",\"target\":{\"@type\":\"EntryPoint\",\"urlTemplate\":\"https:\/\/bunkerseguridad.com\/fr\/?s={search_term_string}\"},\"query-input\":{\"@type\":\"PropertyValueSpecification\",\"valueRequired\":true,\"valueName\":\"search_term_string\"}}],\"inLanguage\":\"fr-FR\"}]}<\/script>\n<!-- \/ Yoast SEO plugin. -->","yoast_head_json":{"title":"Commutateur industriel, ESUGS4-G1-B Series - Bunker Seguridad","description":"Le KBC ESUGS4-G1-B est un commutateur industriel non g\u00e9r\u00e9 haute performance avec un port cuivre \u00e0 d\u00e9tection automatique 5 * 10\/100 \/ 1000M","robots":{"index":"noindex","follow":"follow","max-snippet":"max-snippet:-1","max-image-preview":"max-image-preview:large","max-video-preview":"max-video-preview:-1"},"og_locale":"fr_FR","og_type":"article","og_title":"Commutateur industriel, ESUGS4-G1-B Series - Bunker Seguridad","og_description":"Le KBC ESUGS4-G1-B est un commutateur industriel non g\u00e9r\u00e9 haute performance avec un port cuivre \u00e0 d\u00e9tection automatique 5 * 10\/100 \/ 1000M","og_url":"https:\/\/bunkerseguridad.com\/fr\/produit\/commutateur-industriel-esugs4-g1-b-series\/","og_site_name":"Bunker Seguridad","article_modified_time":"2021-03-11T09:15:39+00:00","og_image":[{"width":1200,"height":1200,"url":"https:\/\/bunkerseguridad.com\/fr\/wp-content\/uploads\/2020\/11\/esugs4-g1-b.png","type":"image\/png"}],"twitter_card":"summary_large_image","twitter_misc":{"Dur\u00e9e de lecture estim\u00e9e":"1 minute"},"schema":{"@context":"https:\/\/schema.org","@graph":[{"@type":"WebPage","@id":"https:\/\/bunkerseguridad.com\/fr\/produit\/commutateur-industriel-esugs4-g1-b-series\/","url":"https:\/\/bunkerseguridad.com\/fr\/produit\/commutateur-industriel-esugs4-g1-b-series\/","name":"Commutateur industriel, ESUGS4-G1-B Series - Bunker Seguridad","isPartOf":{"@id":"https:\/\/bunkerseguridad.com\/fr\/#website"},"primaryImageOfPage":{"@id":"https:\/\/bunkerseguridad.com\/fr\/produit\/commutateur-industriel-esugs4-g1-b-series\/#primaryimage"},"image":{"@id":"https:\/\/bunkerseguridad.com\/fr\/produit\/commutateur-industriel-esugs4-g1-b-series\/#primaryimage"},"thumbnailUrl":"https:\/\/bunkerseguridad.com\/fr\/wp-content\/uploads\/2020\/11\/esugs4-g1-b.png","datePublished":"2020-11-26T10:15:11+00:00","dateModified":"2021-03-11T09:15:39+00:00","description":"Le KBC ESUGS4-G1-B est un commutateur industriel non g\u00e9r\u00e9 haute performance avec un port cuivre \u00e0 d\u00e9tection automatique 5 * 10\/100 \/ 1000M","breadcrumb":{"@id":"https:\/\/bunkerseguridad.com\/fr\/produit\/commutateur-industriel-esugs4-g1-b-series\/#breadcrumb"},"inLanguage":"fr-FR","potentialAction":[{"@type":"ReadAction","target":["https:\/\/bunkerseguridad.com\/fr\/produit\/commutateur-industriel-esugs4-g1-b-series\/"]}]},{"@type":"ImageObject","inLanguage":"fr-FR","@id":"https:\/\/bunkerseguridad.com\/fr\/produit\/commutateur-industriel-esugs4-g1-b-series\/#primaryimage","url":"https:\/\/bunkerseguridad.com\/fr\/wp-content\/uploads\/2020\/11\/esugs4-g1-b.png","contentUrl":"https:\/\/bunkerseguridad.com\/fr\/wp-content\/uploads\/2020\/11\/esugs4-g1-b.png","width":1200,"height":1200},{"@type":"BreadcrumbList","@id":"https:\/\/bunkerseguridad.com\/fr\/produit\/commutateur-industriel-esugs4-g1-b-series\/#breadcrumb","itemListElement":[{"@type":"ListItem","position":1,"name":"Home","item":"https:\/\/bunkerseguridad.com\/fr\/"},{"@type":"ListItem","position":2,"name":"Shop","item":"https:\/\/bunkerseguridad.com\/fr\/shop\/"},{"@type":"ListItem","position":3,"name":"Commutateur industriel, ESUGS4-G1-B Series"}]},{"@type":"WebSite","@id":"https:\/\/bunkerseguridad.com\/fr\/#website","url":"https:\/\/bunkerseguridad.com\/fr\/","name":"Bunker Seguridad","description":"Otro sitio realizado con WordPress","potentialAction":[{"@type":"SearchAction","target":{"@type":"EntryPoint","urlTemplate":"https:\/\/bunkerseguridad.com\/fr\/?s={search_term_string}"},"query-input":{"@type":"PropertyValueSpecification","valueRequired":true,"valueName":"search_term_string"}}],"inLanguage":"fr-FR"}]}},"brands":[{"id":206,"name":"KBC Networks","slug":"kbc-networks"}],"_links":{"self":[{"href":"https:\/\/bunkerseguridad.com\/fr\/wp-json\/wp\/v2\/product\/4846","targetHints":{"allow":["GET"]}}],"collection":[{"href":"https:\/\/bunkerseguridad.com\/fr\/wp-json\/wp\/v2\/product"}],"about":[{"href":"https:\/\/bunkerseguridad.com\/fr\/wp-json\/wp\/v2\/types\/product"}],"wp:featuredmedia":[{"embeddable":true,"href":"https:\/\/bunkerseguridad.com\/fr\/wp-json\/wp\/v2\/media\/5015"}],"wp:attachment":[{"href":"https:\/\/bunkerseguridad.com\/fr\/wp-json\/wp\/v2\/media?parent=4846"}],"wp:term":[{"taxonomy":"pwb-brand","embeddable":true,"href":"https:\/\/bunkerseguridad.com\/fr\/wp-json\/wp\/v2\/pwb-brand?post=4846"},{"taxonomy":"product_brand","embeddable":true,"href":"https:\/\/bunkerseguridad.com\/fr\/wp-json\/wp\/v2\/product_brand?post=4846"},{"taxonomy":"product_cat","embeddable":true,"href":"https:\/\/bunkerseguridad.com\/fr\/wp-json\/wp\/v2\/product_cat?post=4846"},{"taxonomy":"product_tag","embeddable":true,"href":"https:\/\/bunkerseguridad.com\/fr\/wp-json\/wp\/v2\/product_tag?post=4846"}],"curies":[{"name":"wp","href":"https:\/\/api.w.org\/{rel}","templated":true}]}}