{"id":4688,"date":"2020-11-23T10:06:27","date_gmt":"2020-11-23T10:06:27","guid":{"rendered":"http:\/\/www.bunkerseguridad.es\/en\/?post_type=product&#038;p=4688"},"modified":"2021-02-17T10:11:48","modified_gmt":"2021-02-17T10:11:48","slug":"thd-srv2-analyse-video-haute-definition-et-longue-distance","status":"publish","type":"product","link":"https:\/\/bunkerseguridad.com\/fr\/produit\/thd-srv2-analyse-video-haute-definition-et-longue-distance\/","title":{"rendered":"THD-SRV2 Analyse vid\u00e9o haute d\u00e9finition et longue distance"},"content":{"rendered":"<p><strong>Analyse vid\u00e9o haute d\u00e9finition (HD) 720p (balayage progressif) au format mat\u00e9riel du serveur (taille 1U)<\/strong><\/p>\n<p>2 licences THD-LIC sont incluses et jusqu&rsquo;\u00e0 8 licences THD-LIC sont admises.<\/p>\n","protected":false},"excerpt":{"rendered":"<p><strong>Analyse vid\u00e9o haute d\u00e9finition (HD)<\/strong> 720p (balayage progressif) <strong>au format mat\u00e9riel du serveur<\/strong> (taille 1U). 2 licences THD-LIC sont incluses et jusqu&rsquo;\u00e0 8 licences THD-LIC sont admises.<\/p>\n","protected":false},"featured_media":3969,"template":"","meta":{"_et_pb_use_builder":"","_et_pb_old_content":"","_et_gb_content_width":""},"pwb-brand":[205],"product_brand":[],"product_cat":[27,30,226],"product_tag":[317,112],"class_list":{"0":"post-4688","1":"product","2":"type-product","3":"status-publish","4":"has-post-thumbnail","6":"pwb-brand-tempos-analytics","7":"product_cat-solutions-analyse-video","8":"product_cat-protection-intelligente-du-perimetre","9":"product_cat-srv-vida-family","10":"product_tag-max-8-licences","11":"product_tag-resolution-hd","13":"first","14":"instock","15":"shipping-taxable","16":"product-type-simple"},"yoast_head":"<!-- This site is optimized with the Yoast SEO plugin v25.2 - https:\/\/yoast.com\/wordpress\/plugins\/seo\/ -->\n<title>THD-SRV2 Analyse vid\u00e9o haute d\u00e9finition et longue distance - Bunker Seguridad<\/title>\n<meta name=\"description\" content=\"THD-SRV2 Analyse vid\u00e9o haute d\u00e9finition et longue distance. SRV Family S\u00e9ries. Tempos Analytics. sur le format mat\u00e9riel du serveur.\" \/>\n<meta name=\"robots\" content=\"noindex, follow, max-snippet:-1, max-image-preview:large, max-video-preview:-1\" \/>\n<meta property=\"og:locale\" content=\"fr_FR\" \/>\n<meta property=\"og:type\" content=\"article\" \/>\n<meta property=\"og:title\" content=\"THD-SRV2 Analyse vid\u00e9o haute d\u00e9finition et longue distance - Bunker Seguridad\" \/>\n<meta property=\"og:description\" content=\"THD-SRV2 Analyse vid\u00e9o haute d\u00e9finition et longue distance. SRV Family S\u00e9ries. Tempos Analytics. sur le format mat\u00e9riel du serveur.\" \/>\n<meta property=\"og:url\" content=\"https:\/\/bunkerseguridad.com\/fr\/produit\/thd-srv2-analyse-video-haute-definition-et-longue-distance\/\" \/>\n<meta property=\"og:site_name\" content=\"Bunker Seguridad\" \/>\n<meta property=\"article:modified_time\" content=\"2021-02-17T10:11:48+00:00\" \/>\n<meta property=\"og:image\" content=\"https:\/\/bunkerseguridad.com\/fr\/wp-content\/uploads\/2020\/11\/Srv-Family-vida-Video-analytics-in-server-hardware.jpg\" \/>\n\t<meta property=\"og:image:width\" content=\"1200\" \/>\n\t<meta property=\"og:image:height\" content=\"1200\" \/>\n\t<meta property=\"og:image:type\" content=\"image\/jpeg\" \/>\n<meta name=\"twitter:card\" content=\"summary_large_image\" \/>\n<meta name=\"twitter:label1\" content=\"Dur\u00e9e de lecture estim\u00e9e\" \/>\n\t<meta name=\"twitter:data1\" content=\"1 minute\" \/>\n<script type=\"application\/ld+json\" class=\"yoast-schema-graph\">{\"@context\":\"https:\/\/schema.org\",\"@graph\":[{\"@type\":\"WebPage\",\"@id\":\"https:\/\/bunkerseguridad.com\/fr\/produit\/thd-srv2-analyse-video-haute-definition-et-longue-distance\/\",\"url\":\"https:\/\/bunkerseguridad.com\/fr\/produit\/thd-srv2-analyse-video-haute-definition-et-longue-distance\/\",\"name\":\"THD-SRV2 Analyse vid\u00e9o haute d\u00e9finition et longue distance - Bunker Seguridad\",\"isPartOf\":{\"@id\":\"https:\/\/bunkerseguridad.com\/fr\/#website\"},\"primaryImageOfPage\":{\"@id\":\"https:\/\/bunkerseguridad.com\/fr\/produit\/thd-srv2-analyse-video-haute-definition-et-longue-distance\/#primaryimage\"},\"image\":{\"@id\":\"https:\/\/bunkerseguridad.com\/fr\/produit\/thd-srv2-analyse-video-haute-definition-et-longue-distance\/#primaryimage\"},\"thumbnailUrl\":\"https:\/\/bunkerseguridad.com\/fr\/wp-content\/uploads\/2020\/11\/Srv-Family-vida-Video-analytics-in-server-hardware.jpg\",\"datePublished\":\"2020-11-23T10:06:27+00:00\",\"dateModified\":\"2021-02-17T10:11:48+00:00\",\"description\":\"THD-SRV2 Analyse vid\u00e9o haute d\u00e9finition et longue distance. SRV Family S\u00e9ries. Tempos Analytics. sur le format mat\u00e9riel du serveur.\",\"breadcrumb\":{\"@id\":\"https:\/\/bunkerseguridad.com\/fr\/produit\/thd-srv2-analyse-video-haute-definition-et-longue-distance\/#breadcrumb\"},\"inLanguage\":\"fr-FR\",\"potentialAction\":[{\"@type\":\"ReadAction\",\"target\":[\"https:\/\/bunkerseguridad.com\/fr\/produit\/thd-srv2-analyse-video-haute-definition-et-longue-distance\/\"]}]},{\"@type\":\"ImageObject\",\"inLanguage\":\"fr-FR\",\"@id\":\"https:\/\/bunkerseguridad.com\/fr\/produit\/thd-srv2-analyse-video-haute-definition-et-longue-distance\/#primaryimage\",\"url\":\"https:\/\/bunkerseguridad.com\/fr\/wp-content\/uploads\/2020\/11\/Srv-Family-vida-Video-analytics-in-server-hardware.jpg\",\"contentUrl\":\"https:\/\/bunkerseguridad.com\/fr\/wp-content\/uploads\/2020\/11\/Srv-Family-vida-Video-analytics-in-server-hardware.jpg\",\"width\":1200,\"height\":1200,\"caption\":\"S\u00e9rie SRV Family-Vida\"},{\"@type\":\"BreadcrumbList\",\"@id\":\"https:\/\/bunkerseguridad.com\/fr\/produit\/thd-srv2-analyse-video-haute-definition-et-longue-distance\/#breadcrumb\",\"itemListElement\":[{\"@type\":\"ListItem\",\"position\":1,\"name\":\"Home\",\"item\":\"https:\/\/bunkerseguridad.com\/fr\/\"},{\"@type\":\"ListItem\",\"position\":2,\"name\":\"Shop\",\"item\":\"https:\/\/bunkerseguridad.com\/fr\/shop\/\"},{\"@type\":\"ListItem\",\"position\":3,\"name\":\"THD-SRV2 Analyse vid\u00e9o haute d\u00e9finition et longue distance\"}]},{\"@type\":\"WebSite\",\"@id\":\"https:\/\/bunkerseguridad.com\/fr\/#website\",\"url\":\"https:\/\/bunkerseguridad.com\/fr\/\",\"name\":\"Bunker Seguridad\",\"description\":\"Otro sitio realizado con WordPress\",\"potentialAction\":[{\"@type\":\"SearchAction\",\"target\":{\"@type\":\"EntryPoint\",\"urlTemplate\":\"https:\/\/bunkerseguridad.com\/fr\/?s={search_term_string}\"},\"query-input\":{\"@type\":\"PropertyValueSpecification\",\"valueRequired\":true,\"valueName\":\"search_term_string\"}}],\"inLanguage\":\"fr-FR\"}]}<\/script>\n<!-- \/ Yoast SEO plugin. -->","yoast_head_json":{"title":"THD-SRV2 Analyse vid\u00e9o haute d\u00e9finition et longue distance - Bunker Seguridad","description":"THD-SRV2 Analyse vid\u00e9o haute d\u00e9finition et longue distance. SRV Family S\u00e9ries. Tempos Analytics. sur le format mat\u00e9riel du serveur.","robots":{"index":"noindex","follow":"follow","max-snippet":"max-snippet:-1","max-image-preview":"max-image-preview:large","max-video-preview":"max-video-preview:-1"},"og_locale":"fr_FR","og_type":"article","og_title":"THD-SRV2 Analyse vid\u00e9o haute d\u00e9finition et longue distance - Bunker Seguridad","og_description":"THD-SRV2 Analyse vid\u00e9o haute d\u00e9finition et longue distance. SRV Family S\u00e9ries. Tempos Analytics. sur le format mat\u00e9riel du serveur.","og_url":"https:\/\/bunkerseguridad.com\/fr\/produit\/thd-srv2-analyse-video-haute-definition-et-longue-distance\/","og_site_name":"Bunker Seguridad","article_modified_time":"2021-02-17T10:11:48+00:00","og_image":[{"width":1200,"height":1200,"url":"https:\/\/bunkerseguridad.com\/fr\/wp-content\/uploads\/2020\/11\/Srv-Family-vida-Video-analytics-in-server-hardware.jpg","type":"image\/jpeg"}],"twitter_card":"summary_large_image","twitter_misc":{"Dur\u00e9e de lecture estim\u00e9e":"1 minute"},"schema":{"@context":"https:\/\/schema.org","@graph":[{"@type":"WebPage","@id":"https:\/\/bunkerseguridad.com\/fr\/produit\/thd-srv2-analyse-video-haute-definition-et-longue-distance\/","url":"https:\/\/bunkerseguridad.com\/fr\/produit\/thd-srv2-analyse-video-haute-definition-et-longue-distance\/","name":"THD-SRV2 Analyse vid\u00e9o haute d\u00e9finition et longue distance - Bunker Seguridad","isPartOf":{"@id":"https:\/\/bunkerseguridad.com\/fr\/#website"},"primaryImageOfPage":{"@id":"https:\/\/bunkerseguridad.com\/fr\/produit\/thd-srv2-analyse-video-haute-definition-et-longue-distance\/#primaryimage"},"image":{"@id":"https:\/\/bunkerseguridad.com\/fr\/produit\/thd-srv2-analyse-video-haute-definition-et-longue-distance\/#primaryimage"},"thumbnailUrl":"https:\/\/bunkerseguridad.com\/fr\/wp-content\/uploads\/2020\/11\/Srv-Family-vida-Video-analytics-in-server-hardware.jpg","datePublished":"2020-11-23T10:06:27+00:00","dateModified":"2021-02-17T10:11:48+00:00","description":"THD-SRV2 Analyse vid\u00e9o haute d\u00e9finition et longue distance. SRV Family S\u00e9ries. Tempos Analytics. sur le format mat\u00e9riel du serveur.","breadcrumb":{"@id":"https:\/\/bunkerseguridad.com\/fr\/produit\/thd-srv2-analyse-video-haute-definition-et-longue-distance\/#breadcrumb"},"inLanguage":"fr-FR","potentialAction":[{"@type":"ReadAction","target":["https:\/\/bunkerseguridad.com\/fr\/produit\/thd-srv2-analyse-video-haute-definition-et-longue-distance\/"]}]},{"@type":"ImageObject","inLanguage":"fr-FR","@id":"https:\/\/bunkerseguridad.com\/fr\/produit\/thd-srv2-analyse-video-haute-definition-et-longue-distance\/#primaryimage","url":"https:\/\/bunkerseguridad.com\/fr\/wp-content\/uploads\/2020\/11\/Srv-Family-vida-Video-analytics-in-server-hardware.jpg","contentUrl":"https:\/\/bunkerseguridad.com\/fr\/wp-content\/uploads\/2020\/11\/Srv-Family-vida-Video-analytics-in-server-hardware.jpg","width":1200,"height":1200,"caption":"S\u00e9rie SRV Family-Vida"},{"@type":"BreadcrumbList","@id":"https:\/\/bunkerseguridad.com\/fr\/produit\/thd-srv2-analyse-video-haute-definition-et-longue-distance\/#breadcrumb","itemListElement":[{"@type":"ListItem","position":1,"name":"Home","item":"https:\/\/bunkerseguridad.com\/fr\/"},{"@type":"ListItem","position":2,"name":"Shop","item":"https:\/\/bunkerseguridad.com\/fr\/shop\/"},{"@type":"ListItem","position":3,"name":"THD-SRV2 Analyse vid\u00e9o haute d\u00e9finition et longue distance"}]},{"@type":"WebSite","@id":"https:\/\/bunkerseguridad.com\/fr\/#website","url":"https:\/\/bunkerseguridad.com\/fr\/","name":"Bunker Seguridad","description":"Otro sitio realizado con WordPress","potentialAction":[{"@type":"SearchAction","target":{"@type":"EntryPoint","urlTemplate":"https:\/\/bunkerseguridad.com\/fr\/?s={search_term_string}"},"query-input":{"@type":"PropertyValueSpecification","valueRequired":true,"valueName":"search_term_string"}}],"inLanguage":"fr-FR"}]}},"brands":[{"id":205,"name":"Tempos Analytics","slug":"tempos-analytics"}],"_links":{"self":[{"href":"https:\/\/bunkerseguridad.com\/fr\/wp-json\/wp\/v2\/product\/4688","targetHints":{"allow":["GET"]}}],"collection":[{"href":"https:\/\/bunkerseguridad.com\/fr\/wp-json\/wp\/v2\/product"}],"about":[{"href":"https:\/\/bunkerseguridad.com\/fr\/wp-json\/wp\/v2\/types\/product"}],"wp:featuredmedia":[{"embeddable":true,"href":"https:\/\/bunkerseguridad.com\/fr\/wp-json\/wp\/v2\/media\/3969"}],"wp:attachment":[{"href":"https:\/\/bunkerseguridad.com\/fr\/wp-json\/wp\/v2\/media?parent=4688"}],"wp:term":[{"taxonomy":"pwb-brand","embeddable":true,"href":"https:\/\/bunkerseguridad.com\/fr\/wp-json\/wp\/v2\/pwb-brand?post=4688"},{"taxonomy":"product_brand","embeddable":true,"href":"https:\/\/bunkerseguridad.com\/fr\/wp-json\/wp\/v2\/product_brand?post=4688"},{"taxonomy":"product_cat","embeddable":true,"href":"https:\/\/bunkerseguridad.com\/fr\/wp-json\/wp\/v2\/product_cat?post=4688"},{"taxonomy":"product_tag","embeddable":true,"href":"https:\/\/bunkerseguridad.com\/fr\/wp-json\/wp\/v2\/product_tag?post=4688"}],"curies":[{"name":"wp","href":"https:\/\/api.w.org\/{rel}","templated":true}]}}