{"id":4682,"date":"2020-11-23T09:43:10","date_gmt":"2020-11-23T09:43:10","guid":{"rendered":"http:\/\/www.bunkerseguridad.es\/en\/?post_type=product&#038;p=4682"},"modified":"2021-03-11T12:29:57","modified_gmt":"2021-03-11T12:29:57","slug":"t2d-ind2-verification-video-et-double-detection-via-les-capteurs-optex","status":"publish","type":"product","link":"https:\/\/bunkerseguridad.com\/fr\/produit\/t2d-ind2-verification-video-et-double-detection-via-les-capteurs-optex\/","title":{"rendered":"T2D-IND2 V\u00e9rification vid\u00e9o et double d\u00e9tection via les capteurs Optex"},"content":{"rendered":"<p>Un syst\u00e8me redondant pour les infrastructures critiques et les installations strat\u00e9giques qui prend en compte les sc\u00e9narios suivants:<\/p>\n<ul>\n<li>D\u00e9tection de capteur: l&rsquo;analyste vid\u00e9o v\u00e9rifie l&rsquo;objet qui a provoqu\u00e9 l&rsquo;alarme.<\/li>\n<li>D\u00e9tection par analyse: l&rsquo;alarme est envoy\u00e9e selon les protocoles \u00e9tablis quel que soit le capteur.<\/li>\n<li>Double d\u00e9tection (capteur et analyse vid\u00e9o): les deux alarmes sont envoy\u00e9es.<\/li>\n<\/ul>\n<p>Il est livr\u00e9 dans un mat\u00e9riel compact au format industriel. Comprend 2 licences T2D-LIC et prend en charge jusqu&rsquo;\u00e0 10 licences de ce type.<\/p>\n","protected":false},"excerpt":{"rendered":"<p>Un syst\u00e8me redondant pour les infrastructures critiques et les installations strat\u00e9giques qui prend en compte les sc\u00e9narios suivants: D\u00e9tection de capteur, D\u00e9tection par analytique et Double d\u00e9tection.<\/p>\n","protected":false},"featured_media":3965,"template":"","meta":{"_et_pb_use_builder":"off","_et_pb_old_content":"<strong>A redundant system for critical infrastructures and strategic facilities<\/strong> that considers the following scenarios:\r\n<ul>\r\n \t<li><strong>Sensor detection:<\/strong> The video analyst verifies the object that caused the alarm.<\/li>\r\n \t<li><strong>Detection by analytics:<\/strong> Alarm is sent according to established protocols regardless of the sensor.<\/li>\r\n \t<li><strong>Double detection<\/strong> (sensor and video analytics): Both alarms are sent.<\/li>\r\n<\/ul>\r\nIt is delivered in compact industrial format hardware.\r\n\r\n<strong>Includes 2 T2D-LIC licences<\/strong> and supports up to 10 licences of this type.","_et_gb_content_width":""},"pwb-brand":[205],"product_brand":[],"product_cat":[27,30,225],"product_tag":[119,313,310,314],"class_list":{"0":"post-4682","1":"product","2":"type-product","3":"status-publish","4":"has-post-thumbnail","6":"pwb-brand-tempos-analytics","7":"product_cat-solutions-analyse-video","8":"product_cat-protection-intelligente-du-perimetre","9":"product_cat-ind-family-vida","10":"product_tag-capteurs-optex","11":"product_tag-double-detection","12":"product_tag-max-10-licences","13":"product_tag-verification-video-des-capteurs-optex","15":"first","16":"instock","17":"shipping-taxable","18":"product-type-simple"},"yoast_head":"<!-- This site is optimized with the Yoast SEO plugin v25.2 - https:\/\/yoast.com\/wordpress\/plugins\/seo\/ -->\n<title>T2D-IND2 V\u00e9rification vid\u00e9o et double d\u00e9tection via les capteurs Optex - Bunker Seguridad<\/title>\n<meta name=\"description\" content=\"Un syst\u00e8me redondant pour les infrastructures critiques et les installations strat\u00e9giques qui prend en compte les sc\u00e9narios suivants\" \/>\n<meta name=\"robots\" content=\"noindex, follow, max-snippet:-1, max-image-preview:large, max-video-preview:-1\" \/>\n<meta property=\"og:locale\" content=\"fr_FR\" \/>\n<meta property=\"og:type\" content=\"article\" \/>\n<meta property=\"og:title\" content=\"T2D-IND2 V\u00e9rification vid\u00e9o et double d\u00e9tection via les capteurs Optex - Bunker Seguridad\" \/>\n<meta property=\"og:description\" content=\"Un syst\u00e8me redondant pour les infrastructures critiques et les installations strat\u00e9giques qui prend en compte les sc\u00e9narios suivants\" \/>\n<meta property=\"og:url\" content=\"https:\/\/bunkerseguridad.com\/fr\/produit\/t2d-ind2-verification-video-et-double-detection-via-les-capteurs-optex\/\" \/>\n<meta property=\"og:site_name\" content=\"Bunker Seguridad\" \/>\n<meta property=\"article:modified_time\" content=\"2021-03-11T12:29:57+00:00\" \/>\n<meta property=\"og:image\" content=\"https:\/\/bunkerseguridad.com\/fr\/wp-content\/uploads\/2020\/11\/Ind-Family-Vida-Video-analytics-in-industrial-hw.jpg\" \/>\n\t<meta property=\"og:image:width\" content=\"1200\" \/>\n\t<meta property=\"og:image:height\" content=\"1200\" \/>\n\t<meta property=\"og:image:type\" content=\"image\/jpeg\" \/>\n<meta name=\"twitter:card\" content=\"summary_large_image\" \/>\n<meta name=\"twitter:label1\" content=\"Dur\u00e9e de lecture estim\u00e9e\" \/>\n\t<meta name=\"twitter:data1\" content=\"1 minute\" \/>\n<script type=\"application\/ld+json\" class=\"yoast-schema-graph\">{\"@context\":\"https:\/\/schema.org\",\"@graph\":[{\"@type\":\"WebPage\",\"@id\":\"https:\/\/bunkerseguridad.com\/fr\/produit\/t2d-ind2-verification-video-et-double-detection-via-les-capteurs-optex\/\",\"url\":\"https:\/\/bunkerseguridad.com\/fr\/produit\/t2d-ind2-verification-video-et-double-detection-via-les-capteurs-optex\/\",\"name\":\"T2D-IND2 V\u00e9rification vid\u00e9o et double d\u00e9tection via les capteurs Optex - Bunker Seguridad\",\"isPartOf\":{\"@id\":\"https:\/\/bunkerseguridad.com\/fr\/#website\"},\"primaryImageOfPage\":{\"@id\":\"https:\/\/bunkerseguridad.com\/fr\/produit\/t2d-ind2-verification-video-et-double-detection-via-les-capteurs-optex\/#primaryimage\"},\"image\":{\"@id\":\"https:\/\/bunkerseguridad.com\/fr\/produit\/t2d-ind2-verification-video-et-double-detection-via-les-capteurs-optex\/#primaryimage\"},\"thumbnailUrl\":\"https:\/\/bunkerseguridad.com\/fr\/wp-content\/uploads\/2020\/11\/Ind-Family-Vida-Video-analytics-in-industrial-hw.jpg\",\"datePublished\":\"2020-11-23T09:43:10+00:00\",\"dateModified\":\"2021-03-11T12:29:57+00:00\",\"description\":\"Un syst\u00e8me redondant pour les infrastructures critiques et les installations strat\u00e9giques qui prend en compte les sc\u00e9narios suivants\",\"breadcrumb\":{\"@id\":\"https:\/\/bunkerseguridad.com\/fr\/produit\/t2d-ind2-verification-video-et-double-detection-via-les-capteurs-optex\/#breadcrumb\"},\"inLanguage\":\"fr-FR\",\"potentialAction\":[{\"@type\":\"ReadAction\",\"target\":[\"https:\/\/bunkerseguridad.com\/fr\/produit\/t2d-ind2-verification-video-et-double-detection-via-les-capteurs-optex\/\"]}]},{\"@type\":\"ImageObject\",\"inLanguage\":\"fr-FR\",\"@id\":\"https:\/\/bunkerseguridad.com\/fr\/produit\/t2d-ind2-verification-video-et-double-detection-via-les-capteurs-optex\/#primaryimage\",\"url\":\"https:\/\/bunkerseguridad.com\/fr\/wp-content\/uploads\/2020\/11\/Ind-Family-Vida-Video-analytics-in-industrial-hw.jpg\",\"contentUrl\":\"https:\/\/bunkerseguridad.com\/fr\/wp-content\/uploads\/2020\/11\/Ind-Family-Vida-Video-analytics-in-industrial-hw.jpg\",\"width\":1200,\"height\":1200,\"caption\":\"S\u00e9rie IND Family-Vida\"},{\"@type\":\"BreadcrumbList\",\"@id\":\"https:\/\/bunkerseguridad.com\/fr\/produit\/t2d-ind2-verification-video-et-double-detection-via-les-capteurs-optex\/#breadcrumb\",\"itemListElement\":[{\"@type\":\"ListItem\",\"position\":1,\"name\":\"Home\",\"item\":\"https:\/\/bunkerseguridad.com\/fr\/\"},{\"@type\":\"ListItem\",\"position\":2,\"name\":\"Shop\",\"item\":\"https:\/\/bunkerseguridad.com\/fr\/shop\/\"},{\"@type\":\"ListItem\",\"position\":3,\"name\":\"T2D-IND2 V\u00e9rification vid\u00e9o et double d\u00e9tection via les capteurs Optex\"}]},{\"@type\":\"WebSite\",\"@id\":\"https:\/\/bunkerseguridad.com\/fr\/#website\",\"url\":\"https:\/\/bunkerseguridad.com\/fr\/\",\"name\":\"Bunker Seguridad\",\"description\":\"Otro sitio realizado con WordPress\",\"potentialAction\":[{\"@type\":\"SearchAction\",\"target\":{\"@type\":\"EntryPoint\",\"urlTemplate\":\"https:\/\/bunkerseguridad.com\/fr\/?s={search_term_string}\"},\"query-input\":{\"@type\":\"PropertyValueSpecification\",\"valueRequired\":true,\"valueName\":\"search_term_string\"}}],\"inLanguage\":\"fr-FR\"}]}<\/script>\n<!-- \/ Yoast SEO plugin. -->","yoast_head_json":{"title":"T2D-IND2 V\u00e9rification vid\u00e9o et double d\u00e9tection via les capteurs Optex - Bunker Seguridad","description":"Un syst\u00e8me redondant pour les infrastructures critiques et les installations strat\u00e9giques qui prend en compte les sc\u00e9narios suivants","robots":{"index":"noindex","follow":"follow","max-snippet":"max-snippet:-1","max-image-preview":"max-image-preview:large","max-video-preview":"max-video-preview:-1"},"og_locale":"fr_FR","og_type":"article","og_title":"T2D-IND2 V\u00e9rification vid\u00e9o et double d\u00e9tection via les capteurs Optex - Bunker Seguridad","og_description":"Un syst\u00e8me redondant pour les infrastructures critiques et les installations strat\u00e9giques qui prend en compte les sc\u00e9narios suivants","og_url":"https:\/\/bunkerseguridad.com\/fr\/produit\/t2d-ind2-verification-video-et-double-detection-via-les-capteurs-optex\/","og_site_name":"Bunker Seguridad","article_modified_time":"2021-03-11T12:29:57+00:00","og_image":[{"width":1200,"height":1200,"url":"https:\/\/bunkerseguridad.com\/fr\/wp-content\/uploads\/2020\/11\/Ind-Family-Vida-Video-analytics-in-industrial-hw.jpg","type":"image\/jpeg"}],"twitter_card":"summary_large_image","twitter_misc":{"Dur\u00e9e de lecture estim\u00e9e":"1 minute"},"schema":{"@context":"https:\/\/schema.org","@graph":[{"@type":"WebPage","@id":"https:\/\/bunkerseguridad.com\/fr\/produit\/t2d-ind2-verification-video-et-double-detection-via-les-capteurs-optex\/","url":"https:\/\/bunkerseguridad.com\/fr\/produit\/t2d-ind2-verification-video-et-double-detection-via-les-capteurs-optex\/","name":"T2D-IND2 V\u00e9rification vid\u00e9o et double d\u00e9tection via les capteurs Optex - Bunker Seguridad","isPartOf":{"@id":"https:\/\/bunkerseguridad.com\/fr\/#website"},"primaryImageOfPage":{"@id":"https:\/\/bunkerseguridad.com\/fr\/produit\/t2d-ind2-verification-video-et-double-detection-via-les-capteurs-optex\/#primaryimage"},"image":{"@id":"https:\/\/bunkerseguridad.com\/fr\/produit\/t2d-ind2-verification-video-et-double-detection-via-les-capteurs-optex\/#primaryimage"},"thumbnailUrl":"https:\/\/bunkerseguridad.com\/fr\/wp-content\/uploads\/2020\/11\/Ind-Family-Vida-Video-analytics-in-industrial-hw.jpg","datePublished":"2020-11-23T09:43:10+00:00","dateModified":"2021-03-11T12:29:57+00:00","description":"Un syst\u00e8me redondant pour les infrastructures critiques et les installations strat\u00e9giques qui prend en compte les sc\u00e9narios suivants","breadcrumb":{"@id":"https:\/\/bunkerseguridad.com\/fr\/produit\/t2d-ind2-verification-video-et-double-detection-via-les-capteurs-optex\/#breadcrumb"},"inLanguage":"fr-FR","potentialAction":[{"@type":"ReadAction","target":["https:\/\/bunkerseguridad.com\/fr\/produit\/t2d-ind2-verification-video-et-double-detection-via-les-capteurs-optex\/"]}]},{"@type":"ImageObject","inLanguage":"fr-FR","@id":"https:\/\/bunkerseguridad.com\/fr\/produit\/t2d-ind2-verification-video-et-double-detection-via-les-capteurs-optex\/#primaryimage","url":"https:\/\/bunkerseguridad.com\/fr\/wp-content\/uploads\/2020\/11\/Ind-Family-Vida-Video-analytics-in-industrial-hw.jpg","contentUrl":"https:\/\/bunkerseguridad.com\/fr\/wp-content\/uploads\/2020\/11\/Ind-Family-Vida-Video-analytics-in-industrial-hw.jpg","width":1200,"height":1200,"caption":"S\u00e9rie IND Family-Vida"},{"@type":"BreadcrumbList","@id":"https:\/\/bunkerseguridad.com\/fr\/produit\/t2d-ind2-verification-video-et-double-detection-via-les-capteurs-optex\/#breadcrumb","itemListElement":[{"@type":"ListItem","position":1,"name":"Home","item":"https:\/\/bunkerseguridad.com\/fr\/"},{"@type":"ListItem","position":2,"name":"Shop","item":"https:\/\/bunkerseguridad.com\/fr\/shop\/"},{"@type":"ListItem","position":3,"name":"T2D-IND2 V\u00e9rification vid\u00e9o et double d\u00e9tection via les capteurs Optex"}]},{"@type":"WebSite","@id":"https:\/\/bunkerseguridad.com\/fr\/#website","url":"https:\/\/bunkerseguridad.com\/fr\/","name":"Bunker Seguridad","description":"Otro sitio realizado con WordPress","potentialAction":[{"@type":"SearchAction","target":{"@type":"EntryPoint","urlTemplate":"https:\/\/bunkerseguridad.com\/fr\/?s={search_term_string}"},"query-input":{"@type":"PropertyValueSpecification","valueRequired":true,"valueName":"search_term_string"}}],"inLanguage":"fr-FR"}]}},"brands":[{"id":205,"name":"Tempos Analytics","slug":"tempos-analytics"}],"_links":{"self":[{"href":"https:\/\/bunkerseguridad.com\/fr\/wp-json\/wp\/v2\/product\/4682","targetHints":{"allow":["GET"]}}],"collection":[{"href":"https:\/\/bunkerseguridad.com\/fr\/wp-json\/wp\/v2\/product"}],"about":[{"href":"https:\/\/bunkerseguridad.com\/fr\/wp-json\/wp\/v2\/types\/product"}],"wp:featuredmedia":[{"embeddable":true,"href":"https:\/\/bunkerseguridad.com\/fr\/wp-json\/wp\/v2\/media\/3965"}],"wp:attachment":[{"href":"https:\/\/bunkerseguridad.com\/fr\/wp-json\/wp\/v2\/media?parent=4682"}],"wp:term":[{"taxonomy":"pwb-brand","embeddable":true,"href":"https:\/\/bunkerseguridad.com\/fr\/wp-json\/wp\/v2\/pwb-brand?post=4682"},{"taxonomy":"product_brand","embeddable":true,"href":"https:\/\/bunkerseguridad.com\/fr\/wp-json\/wp\/v2\/product_brand?post=4682"},{"taxonomy":"product_cat","embeddable":true,"href":"https:\/\/bunkerseguridad.com\/fr\/wp-json\/wp\/v2\/product_cat?post=4682"},{"taxonomy":"product_tag","embeddable":true,"href":"https:\/\/bunkerseguridad.com\/fr\/wp-json\/wp\/v2\/product_tag?post=4682"}],"curies":[{"name":"wp","href":"https:\/\/api.w.org\/{rel}","templated":true}]}}