{"id":4673,"date":"2020-11-23T08:51:33","date_gmt":"2020-11-23T08:51:33","guid":{"rendered":"http:\/\/www.bunkerseguridad.es\/en\/?post_type=product&#038;p=4673"},"modified":"2021-02-17T09:22:23","modified_gmt":"2021-02-17T09:22:23","slug":"t2v-pro2-verification-video-du-capteur-optex","status":"publish","type":"product","link":"https:\/\/bunkerseguridad.com\/fr\/produit\/t2v-pro2-verification-video-du-capteur-optex\/","title":{"rendered":"T2V-PRO2 V\u00e9rification vid\u00e9o du capteur Optex"},"content":{"rendered":"<p><strong>Pour les situations de protection maximale et les installations critiques<\/strong>, nous fournissons nos produits T2V int\u00e9gr\u00e9s avec des capteurs Optex. Ils fonctionnent comme des compl\u00e9ments qui d\u00e9pendent de la technologie des capteurs, de sorte que la d\u00e9tection initiale est effectu\u00e9e par un capteur et que l&rsquo;analyse est automatiquement activ\u00e9e pour v\u00e9rifier par vid\u00e9o l&rsquo;\u00e9v\u00e9nement qui a g\u00e9n\u00e9r\u00e9 l&rsquo;alarme ou l&rsquo;activation du capteur.<\/p>\n<p>Il est livr\u00e9 dans un mat\u00e9riel <strong>compact de format Mini PC.<\/strong><\/p>\n<p>Il comprend 2 licences T2V-LIC et supporte jusqu&rsquo;\u00e0 10 licences de ce type.<\/p>\n","protected":false},"excerpt":{"rendered":"<p><strong>Pour les situations de protection maximale et les installations critiques, nous fournissons nos produits T2V int\u00e9gr\u00e9s avec des capteurs Optex.<\/strong><\/p>\n","protected":false},"featured_media":3967,"template":"","meta":{"_et_pb_use_builder":"","_et_pb_old_content":"","_et_gb_content_width":""},"pwb-brand":[205],"product_brand":[],"product_cat":[27,30,224],"product_tag":[119,310,311],"class_list":{"0":"post-4673","1":"product","2":"type-product","3":"status-publish","4":"has-post-thumbnail","6":"pwb-brand-tempos-analytics","7":"product_cat-solutions-analyse-video","8":"product_cat-protection-intelligente-du-perimetre","9":"product_cat-family-pro-vida","10":"product_tag-capteurs-optex","11":"product_tag-max-10-licences","12":"product_tag-verification-video","14":"first","15":"instock","16":"shipping-taxable","17":"product-type-simple"},"yoast_head":"<!-- This site is optimized with the Yoast SEO plugin v25.2 - https:\/\/yoast.com\/wordpress\/plugins\/seo\/ -->\n<title>T2V-PRO2 V\u00e9rification vid\u00e9o du capteur Optex - Bunker Seguridad<\/title>\n<meta name=\"description\" content=\"La d\u00e9tection est effectu\u00e9e par un capteur et que l&#039;analyse est activ\u00e9e pour v\u00e9rifier par vid\u00e9o l&#039;\u00e9v\u00e9nement qui a g\u00e9n\u00e9r\u00e9 l&#039;alarme.\" \/>\n<meta name=\"robots\" content=\"noindex, follow, max-snippet:-1, max-image-preview:large, max-video-preview:-1\" \/>\n<meta property=\"og:locale\" content=\"fr_FR\" \/>\n<meta property=\"og:type\" content=\"article\" \/>\n<meta property=\"og:title\" content=\"T2V-PRO2 V\u00e9rification vid\u00e9o du capteur Optex - Bunker Seguridad\" \/>\n<meta property=\"og:description\" content=\"La d\u00e9tection est effectu\u00e9e par un capteur et que l&#039;analyse est activ\u00e9e pour v\u00e9rifier par vid\u00e9o l&#039;\u00e9v\u00e9nement qui a g\u00e9n\u00e9r\u00e9 l&#039;alarme.\" \/>\n<meta property=\"og:url\" content=\"https:\/\/bunkerseguridad.com\/fr\/produit\/t2v-pro2-verification-video-du-capteur-optex\/\" \/>\n<meta property=\"og:site_name\" content=\"Bunker Seguridad\" \/>\n<meta property=\"article:modified_time\" content=\"2021-02-17T09:22:23+00:00\" \/>\n<meta property=\"og:image\" content=\"https:\/\/bunkerseguridad.com\/fr\/wp-content\/uploads\/2020\/11\/Pro-Family-vida-Video-solutions-analytic.jpg\" \/>\n\t<meta property=\"og:image:width\" content=\"1200\" \/>\n\t<meta property=\"og:image:height\" content=\"1200\" \/>\n\t<meta property=\"og:image:type\" content=\"image\/jpeg\" \/>\n<meta name=\"twitter:card\" content=\"summary_large_image\" \/>\n<meta name=\"twitter:label1\" content=\"Dur\u00e9e de lecture estim\u00e9e\" \/>\n\t<meta name=\"twitter:data1\" content=\"1 minute\" \/>\n<script type=\"application\/ld+json\" class=\"yoast-schema-graph\">{\"@context\":\"https:\/\/schema.org\",\"@graph\":[{\"@type\":\"WebPage\",\"@id\":\"https:\/\/bunkerseguridad.com\/fr\/produit\/t2v-pro2-verification-video-du-capteur-optex\/\",\"url\":\"https:\/\/bunkerseguridad.com\/fr\/produit\/t2v-pro2-verification-video-du-capteur-optex\/\",\"name\":\"T2V-PRO2 V\u00e9rification vid\u00e9o du capteur Optex - Bunker Seguridad\",\"isPartOf\":{\"@id\":\"https:\/\/bunkerseguridad.com\/fr\/#website\"},\"primaryImageOfPage\":{\"@id\":\"https:\/\/bunkerseguridad.com\/fr\/produit\/t2v-pro2-verification-video-du-capteur-optex\/#primaryimage\"},\"image\":{\"@id\":\"https:\/\/bunkerseguridad.com\/fr\/produit\/t2v-pro2-verification-video-du-capteur-optex\/#primaryimage\"},\"thumbnailUrl\":\"https:\/\/bunkerseguridad.com\/fr\/wp-content\/uploads\/2020\/11\/Pro-Family-vida-Video-solutions-analytic.jpg\",\"datePublished\":\"2020-11-23T08:51:33+00:00\",\"dateModified\":\"2021-02-17T09:22:23+00:00\",\"description\":\"La d\u00e9tection est effectu\u00e9e par un capteur et que l'analyse est activ\u00e9e pour v\u00e9rifier par vid\u00e9o l'\u00e9v\u00e9nement qui a g\u00e9n\u00e9r\u00e9 l'alarme.\",\"breadcrumb\":{\"@id\":\"https:\/\/bunkerseguridad.com\/fr\/produit\/t2v-pro2-verification-video-du-capteur-optex\/#breadcrumb\"},\"inLanguage\":\"fr-FR\",\"potentialAction\":[{\"@type\":\"ReadAction\",\"target\":[\"https:\/\/bunkerseguridad.com\/fr\/produit\/t2v-pro2-verification-video-du-capteur-optex\/\"]}]},{\"@type\":\"ImageObject\",\"inLanguage\":\"fr-FR\",\"@id\":\"https:\/\/bunkerseguridad.com\/fr\/produit\/t2v-pro2-verification-video-du-capteur-optex\/#primaryimage\",\"url\":\"https:\/\/bunkerseguridad.com\/fr\/wp-content\/uploads\/2020\/11\/Pro-Family-vida-Video-solutions-analytic.jpg\",\"contentUrl\":\"https:\/\/bunkerseguridad.com\/fr\/wp-content\/uploads\/2020\/11\/Pro-Family-vida-Video-solutions-analytic.jpg\",\"width\":1200,\"height\":1200,\"caption\":\"PRO Family-Vida Series\"},{\"@type\":\"BreadcrumbList\",\"@id\":\"https:\/\/bunkerseguridad.com\/fr\/produit\/t2v-pro2-verification-video-du-capteur-optex\/#breadcrumb\",\"itemListElement\":[{\"@type\":\"ListItem\",\"position\":1,\"name\":\"Home\",\"item\":\"https:\/\/bunkerseguridad.com\/fr\/\"},{\"@type\":\"ListItem\",\"position\":2,\"name\":\"Shop\",\"item\":\"https:\/\/bunkerseguridad.com\/fr\/shop\/\"},{\"@type\":\"ListItem\",\"position\":3,\"name\":\"T2V-PRO2 V\u00e9rification vid\u00e9o du capteur Optex\"}]},{\"@type\":\"WebSite\",\"@id\":\"https:\/\/bunkerseguridad.com\/fr\/#website\",\"url\":\"https:\/\/bunkerseguridad.com\/fr\/\",\"name\":\"Bunker Seguridad\",\"description\":\"Otro sitio realizado con WordPress\",\"potentialAction\":[{\"@type\":\"SearchAction\",\"target\":{\"@type\":\"EntryPoint\",\"urlTemplate\":\"https:\/\/bunkerseguridad.com\/fr\/?s={search_term_string}\"},\"query-input\":{\"@type\":\"PropertyValueSpecification\",\"valueRequired\":true,\"valueName\":\"search_term_string\"}}],\"inLanguage\":\"fr-FR\"}]}<\/script>\n<!-- \/ Yoast SEO plugin. -->","yoast_head_json":{"title":"T2V-PRO2 V\u00e9rification vid\u00e9o du capteur Optex - Bunker Seguridad","description":"La d\u00e9tection est effectu\u00e9e par un capteur et que l'analyse est activ\u00e9e pour v\u00e9rifier par vid\u00e9o l'\u00e9v\u00e9nement qui a g\u00e9n\u00e9r\u00e9 l'alarme.","robots":{"index":"noindex","follow":"follow","max-snippet":"max-snippet:-1","max-image-preview":"max-image-preview:large","max-video-preview":"max-video-preview:-1"},"og_locale":"fr_FR","og_type":"article","og_title":"T2V-PRO2 V\u00e9rification vid\u00e9o du capteur Optex - Bunker Seguridad","og_description":"La d\u00e9tection est effectu\u00e9e par un capteur et que l'analyse est activ\u00e9e pour v\u00e9rifier par vid\u00e9o l'\u00e9v\u00e9nement qui a g\u00e9n\u00e9r\u00e9 l'alarme.","og_url":"https:\/\/bunkerseguridad.com\/fr\/produit\/t2v-pro2-verification-video-du-capteur-optex\/","og_site_name":"Bunker Seguridad","article_modified_time":"2021-02-17T09:22:23+00:00","og_image":[{"width":1200,"height":1200,"url":"https:\/\/bunkerseguridad.com\/fr\/wp-content\/uploads\/2020\/11\/Pro-Family-vida-Video-solutions-analytic.jpg","type":"image\/jpeg"}],"twitter_card":"summary_large_image","twitter_misc":{"Dur\u00e9e de lecture estim\u00e9e":"1 minute"},"schema":{"@context":"https:\/\/schema.org","@graph":[{"@type":"WebPage","@id":"https:\/\/bunkerseguridad.com\/fr\/produit\/t2v-pro2-verification-video-du-capteur-optex\/","url":"https:\/\/bunkerseguridad.com\/fr\/produit\/t2v-pro2-verification-video-du-capteur-optex\/","name":"T2V-PRO2 V\u00e9rification vid\u00e9o du capteur Optex - Bunker Seguridad","isPartOf":{"@id":"https:\/\/bunkerseguridad.com\/fr\/#website"},"primaryImageOfPage":{"@id":"https:\/\/bunkerseguridad.com\/fr\/produit\/t2v-pro2-verification-video-du-capteur-optex\/#primaryimage"},"image":{"@id":"https:\/\/bunkerseguridad.com\/fr\/produit\/t2v-pro2-verification-video-du-capteur-optex\/#primaryimage"},"thumbnailUrl":"https:\/\/bunkerseguridad.com\/fr\/wp-content\/uploads\/2020\/11\/Pro-Family-vida-Video-solutions-analytic.jpg","datePublished":"2020-11-23T08:51:33+00:00","dateModified":"2021-02-17T09:22:23+00:00","description":"La d\u00e9tection est effectu\u00e9e par un capteur et que l'analyse est activ\u00e9e pour v\u00e9rifier par vid\u00e9o l'\u00e9v\u00e9nement qui a g\u00e9n\u00e9r\u00e9 l'alarme.","breadcrumb":{"@id":"https:\/\/bunkerseguridad.com\/fr\/produit\/t2v-pro2-verification-video-du-capteur-optex\/#breadcrumb"},"inLanguage":"fr-FR","potentialAction":[{"@type":"ReadAction","target":["https:\/\/bunkerseguridad.com\/fr\/produit\/t2v-pro2-verification-video-du-capteur-optex\/"]}]},{"@type":"ImageObject","inLanguage":"fr-FR","@id":"https:\/\/bunkerseguridad.com\/fr\/produit\/t2v-pro2-verification-video-du-capteur-optex\/#primaryimage","url":"https:\/\/bunkerseguridad.com\/fr\/wp-content\/uploads\/2020\/11\/Pro-Family-vida-Video-solutions-analytic.jpg","contentUrl":"https:\/\/bunkerseguridad.com\/fr\/wp-content\/uploads\/2020\/11\/Pro-Family-vida-Video-solutions-analytic.jpg","width":1200,"height":1200,"caption":"PRO Family-Vida Series"},{"@type":"BreadcrumbList","@id":"https:\/\/bunkerseguridad.com\/fr\/produit\/t2v-pro2-verification-video-du-capteur-optex\/#breadcrumb","itemListElement":[{"@type":"ListItem","position":1,"name":"Home","item":"https:\/\/bunkerseguridad.com\/fr\/"},{"@type":"ListItem","position":2,"name":"Shop","item":"https:\/\/bunkerseguridad.com\/fr\/shop\/"},{"@type":"ListItem","position":3,"name":"T2V-PRO2 V\u00e9rification vid\u00e9o du capteur Optex"}]},{"@type":"WebSite","@id":"https:\/\/bunkerseguridad.com\/fr\/#website","url":"https:\/\/bunkerseguridad.com\/fr\/","name":"Bunker Seguridad","description":"Otro sitio realizado con WordPress","potentialAction":[{"@type":"SearchAction","target":{"@type":"EntryPoint","urlTemplate":"https:\/\/bunkerseguridad.com\/fr\/?s={search_term_string}"},"query-input":{"@type":"PropertyValueSpecification","valueRequired":true,"valueName":"search_term_string"}}],"inLanguage":"fr-FR"}]}},"brands":[{"id":205,"name":"Tempos Analytics","slug":"tempos-analytics"}],"_links":{"self":[{"href":"https:\/\/bunkerseguridad.com\/fr\/wp-json\/wp\/v2\/product\/4673","targetHints":{"allow":["GET"]}}],"collection":[{"href":"https:\/\/bunkerseguridad.com\/fr\/wp-json\/wp\/v2\/product"}],"about":[{"href":"https:\/\/bunkerseguridad.com\/fr\/wp-json\/wp\/v2\/types\/product"}],"wp:featuredmedia":[{"embeddable":true,"href":"https:\/\/bunkerseguridad.com\/fr\/wp-json\/wp\/v2\/media\/3967"}],"wp:attachment":[{"href":"https:\/\/bunkerseguridad.com\/fr\/wp-json\/wp\/v2\/media?parent=4673"}],"wp:term":[{"taxonomy":"pwb-brand","embeddable":true,"href":"https:\/\/bunkerseguridad.com\/fr\/wp-json\/wp\/v2\/pwb-brand?post=4673"},{"taxonomy":"product_brand","embeddable":true,"href":"https:\/\/bunkerseguridad.com\/fr\/wp-json\/wp\/v2\/product_brand?post=4673"},{"taxonomy":"product_cat","embeddable":true,"href":"https:\/\/bunkerseguridad.com\/fr\/wp-json\/wp\/v2\/product_cat?post=4673"},{"taxonomy":"product_tag","embeddable":true,"href":"https:\/\/bunkerseguridad.com\/fr\/wp-json\/wp\/v2\/product_tag?post=4673"}],"curies":[{"name":"wp","href":"https:\/\/api.w.org\/{rel}","templated":true}]}}