{"id":4670,"date":"2020-11-23T08:34:07","date_gmt":"2020-11-23T08:34:07","guid":{"rendered":"http:\/\/www.bunkerseguridad.es\/en\/?post_type=product&#038;p=4670"},"modified":"2021-02-17T11:32:23","modified_gmt":"2021-02-17T11:32:23","slug":"tlr-pro2analyse-video-pour-les-longues-distances","status":"publish","type":"product","link":"https:\/\/bunkerseguridad.com\/fr\/produit\/tlr-pro2analyse-video-pour-les-longues-distances\/","title":{"rendered":"TLR-PRO2 Analyse vid\u00e9o pour les longues distances"},"content":{"rendered":"<p>Analyse vid\u00e9o pour la protection p\u00e9rim\u00e9trique longue distance livr\u00e9e dans un mat\u00e9riel compact au format Mini PC.<\/p>\n<p>Il apporte une r\u00e9solution d&rsquo;analyse 4CIF.<\/p>\n<p>2 licences TLR-LIC sont incluses et un maximum de 10 licences TLR-LIC sont prises en charge.<\/p>\n","protected":false},"excerpt":{"rendered":"<p><strong>Analyse vid\u00e9o pour la protection p\u00e9rim\u00e9trique longue distance livr\u00e9e dans un mat\u00e9riel compact au format Mini PC.<\/strong><\/p>\n","protected":false},"featured_media":3967,"template":"","meta":{"_et_pb_use_builder":"","_et_pb_old_content":"","_et_gb_content_width":""},"pwb-brand":[205],"product_brand":[],"product_cat":[27,30,224],"product_tag":[111,114,310],"class_list":{"0":"post-4670","1":"product","2":"type-product","3":"status-publish","4":"has-post-thumbnail","6":"pwb-brand-tempos-analytics","7":"product_cat-solutions-analyse-video","8":"product_cat-protection-intelligente-du-perimetre","9":"product_cat-family-pro-vida","10":"product_tag-4cif-resolution","11":"product_tag-longues-distances","12":"product_tag-max-10-licences","14":"first","15":"instock","16":"shipping-taxable","17":"product-type-simple"},"yoast_head":"<!-- This site is optimized with the Yoast SEO plugin v25.2 - https:\/\/yoast.com\/wordpress\/plugins\/seo\/ -->\n<title>TLR-PRO2 Analyse vid\u00e9o pour les longues distances - Bunker Seguridad<\/title>\n<meta name=\"description\" content=\"TLR-PRO2 Video analytics for long distances, pour la protection p\u00e9rim\u00e9trique longue distance livr\u00e9e dans un mat\u00e9riel compact.\" \/>\n<meta name=\"robots\" content=\"noindex, follow, max-snippet:-1, max-image-preview:large, max-video-preview:-1\" \/>\n<meta property=\"og:locale\" content=\"fr_FR\" \/>\n<meta property=\"og:type\" content=\"article\" \/>\n<meta property=\"og:title\" content=\"TLR-PRO2 Analyse vid\u00e9o pour les longues distances - Bunker Seguridad\" \/>\n<meta property=\"og:description\" content=\"TLR-PRO2 Video analytics for long distances, pour la protection p\u00e9rim\u00e9trique longue distance livr\u00e9e dans un mat\u00e9riel compact.\" \/>\n<meta property=\"og:url\" content=\"https:\/\/bunkerseguridad.com\/fr\/produit\/tlr-pro2analyse-video-pour-les-longues-distances\/\" \/>\n<meta property=\"og:site_name\" content=\"Bunker Seguridad\" \/>\n<meta property=\"article:modified_time\" content=\"2021-02-17T11:32:23+00:00\" \/>\n<meta property=\"og:image\" content=\"https:\/\/bunkerseguridad.com\/fr\/wp-content\/uploads\/2020\/11\/Pro-Family-vida-Video-solutions-analytic.jpg\" \/>\n\t<meta property=\"og:image:width\" content=\"1200\" \/>\n\t<meta property=\"og:image:height\" content=\"1200\" \/>\n\t<meta property=\"og:image:type\" content=\"image\/jpeg\" \/>\n<meta name=\"twitter:card\" content=\"summary_large_image\" \/>\n<meta name=\"twitter:label1\" content=\"Dur\u00e9e de lecture estim\u00e9e\" \/>\n\t<meta name=\"twitter:data1\" content=\"1 minute\" \/>\n<script type=\"application\/ld+json\" class=\"yoast-schema-graph\">{\"@context\":\"https:\/\/schema.org\",\"@graph\":[{\"@type\":\"WebPage\",\"@id\":\"https:\/\/bunkerseguridad.com\/fr\/produit\/tlr-pro2analyse-video-pour-les-longues-distances\/\",\"url\":\"https:\/\/bunkerseguridad.com\/fr\/produit\/tlr-pro2analyse-video-pour-les-longues-distances\/\",\"name\":\"TLR-PRO2 Analyse vid\u00e9o pour les longues distances - Bunker Seguridad\",\"isPartOf\":{\"@id\":\"https:\/\/bunkerseguridad.com\/fr\/#website\"},\"primaryImageOfPage\":{\"@id\":\"https:\/\/bunkerseguridad.com\/fr\/produit\/tlr-pro2analyse-video-pour-les-longues-distances\/#primaryimage\"},\"image\":{\"@id\":\"https:\/\/bunkerseguridad.com\/fr\/produit\/tlr-pro2analyse-video-pour-les-longues-distances\/#primaryimage\"},\"thumbnailUrl\":\"https:\/\/bunkerseguridad.com\/fr\/wp-content\/uploads\/2020\/11\/Pro-Family-vida-Video-solutions-analytic.jpg\",\"datePublished\":\"2020-11-23T08:34:07+00:00\",\"dateModified\":\"2021-02-17T11:32:23+00:00\",\"description\":\"TLR-PRO2 Video analytics for long distances, pour la protection p\u00e9rim\u00e9trique longue distance livr\u00e9e dans un mat\u00e9riel compact.\",\"breadcrumb\":{\"@id\":\"https:\/\/bunkerseguridad.com\/fr\/produit\/tlr-pro2analyse-video-pour-les-longues-distances\/#breadcrumb\"},\"inLanguage\":\"fr-FR\",\"potentialAction\":[{\"@type\":\"ReadAction\",\"target\":[\"https:\/\/bunkerseguridad.com\/fr\/produit\/tlr-pro2analyse-video-pour-les-longues-distances\/\"]}]},{\"@type\":\"ImageObject\",\"inLanguage\":\"fr-FR\",\"@id\":\"https:\/\/bunkerseguridad.com\/fr\/produit\/tlr-pro2analyse-video-pour-les-longues-distances\/#primaryimage\",\"url\":\"https:\/\/bunkerseguridad.com\/fr\/wp-content\/uploads\/2020\/11\/Pro-Family-vida-Video-solutions-analytic.jpg\",\"contentUrl\":\"https:\/\/bunkerseguridad.com\/fr\/wp-content\/uploads\/2020\/11\/Pro-Family-vida-Video-solutions-analytic.jpg\",\"width\":1200,\"height\":1200,\"caption\":\"PRO Family-Vida Series\"},{\"@type\":\"BreadcrumbList\",\"@id\":\"https:\/\/bunkerseguridad.com\/fr\/produit\/tlr-pro2analyse-video-pour-les-longues-distances\/#breadcrumb\",\"itemListElement\":[{\"@type\":\"ListItem\",\"position\":1,\"name\":\"Home\",\"item\":\"https:\/\/bunkerseguridad.com\/fr\/\"},{\"@type\":\"ListItem\",\"position\":2,\"name\":\"Shop\",\"item\":\"https:\/\/bunkerseguridad.com\/fr\/shop\/\"},{\"@type\":\"ListItem\",\"position\":3,\"name\":\"TLR-PRO2 Analyse vid\u00e9o pour les longues distances\"}]},{\"@type\":\"WebSite\",\"@id\":\"https:\/\/bunkerseguridad.com\/fr\/#website\",\"url\":\"https:\/\/bunkerseguridad.com\/fr\/\",\"name\":\"Bunker Seguridad\",\"description\":\"Otro sitio realizado con WordPress\",\"potentialAction\":[{\"@type\":\"SearchAction\",\"target\":{\"@type\":\"EntryPoint\",\"urlTemplate\":\"https:\/\/bunkerseguridad.com\/fr\/?s={search_term_string}\"},\"query-input\":{\"@type\":\"PropertyValueSpecification\",\"valueRequired\":true,\"valueName\":\"search_term_string\"}}],\"inLanguage\":\"fr-FR\"}]}<\/script>\n<!-- \/ Yoast SEO plugin. -->","yoast_head_json":{"title":"TLR-PRO2 Analyse vid\u00e9o pour les longues distances - Bunker Seguridad","description":"TLR-PRO2 Video analytics for long distances, pour la protection p\u00e9rim\u00e9trique longue distance livr\u00e9e dans un mat\u00e9riel compact.","robots":{"index":"noindex","follow":"follow","max-snippet":"max-snippet:-1","max-image-preview":"max-image-preview:large","max-video-preview":"max-video-preview:-1"},"og_locale":"fr_FR","og_type":"article","og_title":"TLR-PRO2 Analyse vid\u00e9o pour les longues distances - Bunker Seguridad","og_description":"TLR-PRO2 Video analytics for long distances, pour la protection p\u00e9rim\u00e9trique longue distance livr\u00e9e dans un mat\u00e9riel compact.","og_url":"https:\/\/bunkerseguridad.com\/fr\/produit\/tlr-pro2analyse-video-pour-les-longues-distances\/","og_site_name":"Bunker Seguridad","article_modified_time":"2021-02-17T11:32:23+00:00","og_image":[{"width":1200,"height":1200,"url":"https:\/\/bunkerseguridad.com\/fr\/wp-content\/uploads\/2020\/11\/Pro-Family-vida-Video-solutions-analytic.jpg","type":"image\/jpeg"}],"twitter_card":"summary_large_image","twitter_misc":{"Dur\u00e9e de lecture estim\u00e9e":"1 minute"},"schema":{"@context":"https:\/\/schema.org","@graph":[{"@type":"WebPage","@id":"https:\/\/bunkerseguridad.com\/fr\/produit\/tlr-pro2analyse-video-pour-les-longues-distances\/","url":"https:\/\/bunkerseguridad.com\/fr\/produit\/tlr-pro2analyse-video-pour-les-longues-distances\/","name":"TLR-PRO2 Analyse vid\u00e9o pour les longues distances - Bunker Seguridad","isPartOf":{"@id":"https:\/\/bunkerseguridad.com\/fr\/#website"},"primaryImageOfPage":{"@id":"https:\/\/bunkerseguridad.com\/fr\/produit\/tlr-pro2analyse-video-pour-les-longues-distances\/#primaryimage"},"image":{"@id":"https:\/\/bunkerseguridad.com\/fr\/produit\/tlr-pro2analyse-video-pour-les-longues-distances\/#primaryimage"},"thumbnailUrl":"https:\/\/bunkerseguridad.com\/fr\/wp-content\/uploads\/2020\/11\/Pro-Family-vida-Video-solutions-analytic.jpg","datePublished":"2020-11-23T08:34:07+00:00","dateModified":"2021-02-17T11:32:23+00:00","description":"TLR-PRO2 Video analytics for long distances, pour la protection p\u00e9rim\u00e9trique longue distance livr\u00e9e dans un mat\u00e9riel compact.","breadcrumb":{"@id":"https:\/\/bunkerseguridad.com\/fr\/produit\/tlr-pro2analyse-video-pour-les-longues-distances\/#breadcrumb"},"inLanguage":"fr-FR","potentialAction":[{"@type":"ReadAction","target":["https:\/\/bunkerseguridad.com\/fr\/produit\/tlr-pro2analyse-video-pour-les-longues-distances\/"]}]},{"@type":"ImageObject","inLanguage":"fr-FR","@id":"https:\/\/bunkerseguridad.com\/fr\/produit\/tlr-pro2analyse-video-pour-les-longues-distances\/#primaryimage","url":"https:\/\/bunkerseguridad.com\/fr\/wp-content\/uploads\/2020\/11\/Pro-Family-vida-Video-solutions-analytic.jpg","contentUrl":"https:\/\/bunkerseguridad.com\/fr\/wp-content\/uploads\/2020\/11\/Pro-Family-vida-Video-solutions-analytic.jpg","width":1200,"height":1200,"caption":"PRO Family-Vida Series"},{"@type":"BreadcrumbList","@id":"https:\/\/bunkerseguridad.com\/fr\/produit\/tlr-pro2analyse-video-pour-les-longues-distances\/#breadcrumb","itemListElement":[{"@type":"ListItem","position":1,"name":"Home","item":"https:\/\/bunkerseguridad.com\/fr\/"},{"@type":"ListItem","position":2,"name":"Shop","item":"https:\/\/bunkerseguridad.com\/fr\/shop\/"},{"@type":"ListItem","position":3,"name":"TLR-PRO2 Analyse vid\u00e9o pour les longues distances"}]},{"@type":"WebSite","@id":"https:\/\/bunkerseguridad.com\/fr\/#website","url":"https:\/\/bunkerseguridad.com\/fr\/","name":"Bunker Seguridad","description":"Otro sitio realizado con WordPress","potentialAction":[{"@type":"SearchAction","target":{"@type":"EntryPoint","urlTemplate":"https:\/\/bunkerseguridad.com\/fr\/?s={search_term_string}"},"query-input":{"@type":"PropertyValueSpecification","valueRequired":true,"valueName":"search_term_string"}}],"inLanguage":"fr-FR"}]}},"brands":[{"id":205,"name":"Tempos Analytics","slug":"tempos-analytics"}],"_links":{"self":[{"href":"https:\/\/bunkerseguridad.com\/fr\/wp-json\/wp\/v2\/product\/4670","targetHints":{"allow":["GET"]}}],"collection":[{"href":"https:\/\/bunkerseguridad.com\/fr\/wp-json\/wp\/v2\/product"}],"about":[{"href":"https:\/\/bunkerseguridad.com\/fr\/wp-json\/wp\/v2\/types\/product"}],"wp:featuredmedia":[{"embeddable":true,"href":"https:\/\/bunkerseguridad.com\/fr\/wp-json\/wp\/v2\/media\/3967"}],"wp:attachment":[{"href":"https:\/\/bunkerseguridad.com\/fr\/wp-json\/wp\/v2\/media?parent=4670"}],"wp:term":[{"taxonomy":"pwb-brand","embeddable":true,"href":"https:\/\/bunkerseguridad.com\/fr\/wp-json\/wp\/v2\/pwb-brand?post=4670"},{"taxonomy":"product_brand","embeddable":true,"href":"https:\/\/bunkerseguridad.com\/fr\/wp-json\/wp\/v2\/product_brand?post=4670"},{"taxonomy":"product_cat","embeddable":true,"href":"https:\/\/bunkerseguridad.com\/fr\/wp-json\/wp\/v2\/product_cat?post=4670"},{"taxonomy":"product_tag","embeddable":true,"href":"https:\/\/bunkerseguridad.com\/fr\/wp-json\/wp\/v2\/product_tag?post=4670"}],"curies":[{"name":"wp","href":"https:\/\/api.w.org\/{rel}","templated":true}]}}