{"id":3704,"date":"2020-11-04T08:31:37","date_gmt":"2020-11-04T08:31:37","guid":{"rendered":"http:\/\/www.bunkerseguridad.es\/en\/?post_type=product&#038;p=3704"},"modified":"2021-02-17T11:04:36","modified_gmt":"2021-02-17T11:04:36","slug":"lpr-pkmng-lic-extension-de-la-licence-pour-la-gestion-des-places-de-parking","status":"publish","type":"product","link":"https:\/\/bunkerseguridad.com\/fr\/produit\/lpr-pkmng-lic-extension-de-la-licence-pour-la-gestion-des-places-de-parking\/","title":{"rendered":"LPR-PKMNG-LIC Extension de la licence pour la gestion des places de parking"},"content":{"rendered":"<p>Licence de prolongation pour la gestion des places de stationnement qui permet de d\u00e9tecter la direction du mouvement, ainsi que de contr\u00f4ler les espaces partag\u00e9s, la capacit\u00e9 et la dur\u00e9e du s\u00e9jour.<\/p>\n<p><strong>Il comprend une licence TPR-500-LIC<\/strong> (extension de la base de donn\u00e9es avec 500 plaques d&rsquo;immatriculation suppl\u00e9mentaires).<\/p>\n<p><strong>Il est compatible avec la s\u00e9rie LPR.<\/strong><\/p>\n<p>L&rsquo;appareil physique n&rsquo;est pas inclus.<\/p>\n","protected":false},"excerpt":{"rendered":"<p><strong>Licence de prolongation pour la gestion des places de stationnement qui permet de d\u00e9tecter la direction du mouvement, ainsi que de contr\u00f4ler les espaces partag\u00e9s, la capacit\u00e9 et la dur\u00e9e du s\u00e9jour.<\/strong><\/p>\n","protected":false},"featured_media":4577,"template":"","meta":{"_et_pb_use_builder":"","_et_pb_old_content":"","_et_gb_content_width":""},"pwb-brand":[205],"product_brand":[],"product_cat":[28,230],"product_tag":[130,128,323],"class_list":{"0":"post-3704","1":"product","2":"type-product","3":"status-publish","4":"has-post-thumbnail","6":"pwb-brand-tempos-analytics","7":"product_cat-extension-licences-et-modules","8":"product_cat-extension-des-licences","9":"product_tag-gestion-des-places-de-parking","10":"product_tag-lpr-extension-licence","11":"product_tag-plaques-dimmatriculation-supplementaires","13":"first","14":"instock","15":"shipping-taxable","16":"product-type-simple"},"yoast_head":"<!-- This site is optimized with the Yoast SEO plugin v25.2 - https:\/\/yoast.com\/wordpress\/plugins\/seo\/ -->\n<title>LPR-PKMNG-LIC Extension de la licence pour la gestion des places de parking - Bunker Seguridad<\/title>\n<meta name=\"description\" content=\"Extension licence for parking space management that enables detection of the direction of motion, as well as control of shared spaces\" \/>\n<meta name=\"robots\" content=\"noindex, follow, max-snippet:-1, max-image-preview:large, max-video-preview:-1\" \/>\n<meta property=\"og:locale\" content=\"fr_FR\" \/>\n<meta property=\"og:type\" content=\"article\" \/>\n<meta property=\"og:title\" content=\"LPR-PKMNG-LIC Extension de la licence pour la gestion des places de parking - Bunker Seguridad\" \/>\n<meta property=\"og:description\" content=\"Extension licence for parking space management that enables detection of the direction of motion, as well as control of shared spaces\" \/>\n<meta property=\"og:url\" content=\"https:\/\/bunkerseguridad.com\/fr\/produit\/lpr-pkmng-lic-extension-de-la-licence-pour-la-gestion-des-places-de-parking\/\" \/>\n<meta property=\"og:site_name\" content=\"Bunker Seguridad\" \/>\n<meta property=\"article:modified_time\" content=\"2021-02-17T11:04:36+00:00\" \/>\n<meta property=\"og:image\" content=\"https:\/\/bunkerseguridad.com\/fr\/wp-content\/uploads\/2020\/11\/Productos-Licences-Analysis-video.jpg\" \/>\n\t<meta property=\"og:image:width\" content=\"1200\" \/>\n\t<meta property=\"og:image:height\" content=\"1200\" \/>\n\t<meta property=\"og:image:type\" content=\"image\/jpeg\" \/>\n<meta name=\"twitter:card\" content=\"summary_large_image\" \/>\n<meta name=\"twitter:label1\" content=\"Dur\u00e9e de lecture estim\u00e9e\" \/>\n\t<meta name=\"twitter:data1\" content=\"1 minute\" \/>\n<script type=\"application\/ld+json\" class=\"yoast-schema-graph\">{\"@context\":\"https:\/\/schema.org\",\"@graph\":[{\"@type\":\"WebPage\",\"@id\":\"https:\/\/bunkerseguridad.com\/fr\/produit\/lpr-pkmng-lic-extension-de-la-licence-pour-la-gestion-des-places-de-parking\/\",\"url\":\"https:\/\/bunkerseguridad.com\/fr\/produit\/lpr-pkmng-lic-extension-de-la-licence-pour-la-gestion-des-places-de-parking\/\",\"name\":\"LPR-PKMNG-LIC Extension de la licence pour la gestion des places de parking - Bunker Seguridad\",\"isPartOf\":{\"@id\":\"https:\/\/bunkerseguridad.com\/fr\/#website\"},\"primaryImageOfPage\":{\"@id\":\"https:\/\/bunkerseguridad.com\/fr\/produit\/lpr-pkmng-lic-extension-de-la-licence-pour-la-gestion-des-places-de-parking\/#primaryimage\"},\"image\":{\"@id\":\"https:\/\/bunkerseguridad.com\/fr\/produit\/lpr-pkmng-lic-extension-de-la-licence-pour-la-gestion-des-places-de-parking\/#primaryimage\"},\"thumbnailUrl\":\"https:\/\/bunkerseguridad.com\/fr\/wp-content\/uploads\/2020\/11\/Productos-Licences-Analysis-video.jpg\",\"datePublished\":\"2020-11-04T08:31:37+00:00\",\"dateModified\":\"2021-02-17T11:04:36+00:00\",\"description\":\"Extension licence for parking space management that enables detection of the direction of motion, as well as control of shared spaces\",\"breadcrumb\":{\"@id\":\"https:\/\/bunkerseguridad.com\/fr\/produit\/lpr-pkmng-lic-extension-de-la-licence-pour-la-gestion-des-places-de-parking\/#breadcrumb\"},\"inLanguage\":\"fr-FR\",\"potentialAction\":[{\"@type\":\"ReadAction\",\"target\":[\"https:\/\/bunkerseguridad.com\/fr\/produit\/lpr-pkmng-lic-extension-de-la-licence-pour-la-gestion-des-places-de-parking\/\"]}]},{\"@type\":\"ImageObject\",\"inLanguage\":\"fr-FR\",\"@id\":\"https:\/\/bunkerseguridad.com\/fr\/produit\/lpr-pkmng-lic-extension-de-la-licence-pour-la-gestion-des-places-de-parking\/#primaryimage\",\"url\":\"https:\/\/bunkerseguridad.com\/fr\/wp-content\/uploads\/2020\/11\/Productos-Licences-Analysis-video.jpg\",\"contentUrl\":\"https:\/\/bunkerseguridad.com\/fr\/wp-content\/uploads\/2020\/11\/Productos-Licences-Analysis-video.jpg\",\"width\":1200,\"height\":1200,\"caption\":\"Productos-Licences-Analyse-vid\u00e9o\"},{\"@type\":\"BreadcrumbList\",\"@id\":\"https:\/\/bunkerseguridad.com\/fr\/produit\/lpr-pkmng-lic-extension-de-la-licence-pour-la-gestion-des-places-de-parking\/#breadcrumb\",\"itemListElement\":[{\"@type\":\"ListItem\",\"position\":1,\"name\":\"Home\",\"item\":\"https:\/\/bunkerseguridad.com\/fr\/\"},{\"@type\":\"ListItem\",\"position\":2,\"name\":\"Shop\",\"item\":\"https:\/\/bunkerseguridad.com\/fr\/shop\/\"},{\"@type\":\"ListItem\",\"position\":3,\"name\":\"LPR-PKMNG-LIC Extension de la licence pour la gestion des places de parking\"}]},{\"@type\":\"WebSite\",\"@id\":\"https:\/\/bunkerseguridad.com\/fr\/#website\",\"url\":\"https:\/\/bunkerseguridad.com\/fr\/\",\"name\":\"Bunker Seguridad\",\"description\":\"Otro sitio realizado con WordPress\",\"potentialAction\":[{\"@type\":\"SearchAction\",\"target\":{\"@type\":\"EntryPoint\",\"urlTemplate\":\"https:\/\/bunkerseguridad.com\/fr\/?s={search_term_string}\"},\"query-input\":{\"@type\":\"PropertyValueSpecification\",\"valueRequired\":true,\"valueName\":\"search_term_string\"}}],\"inLanguage\":\"fr-FR\"}]}<\/script>\n<!-- \/ Yoast SEO plugin. -->","yoast_head_json":{"title":"LPR-PKMNG-LIC Extension de la licence pour la gestion des places de parking - Bunker Seguridad","description":"Extension licence for parking space management that enables detection of the direction of motion, as well as control of shared spaces","robots":{"index":"noindex","follow":"follow","max-snippet":"max-snippet:-1","max-image-preview":"max-image-preview:large","max-video-preview":"max-video-preview:-1"},"og_locale":"fr_FR","og_type":"article","og_title":"LPR-PKMNG-LIC Extension de la licence pour la gestion des places de parking - Bunker Seguridad","og_description":"Extension licence for parking space management that enables detection of the direction of motion, as well as control of shared spaces","og_url":"https:\/\/bunkerseguridad.com\/fr\/produit\/lpr-pkmng-lic-extension-de-la-licence-pour-la-gestion-des-places-de-parking\/","og_site_name":"Bunker Seguridad","article_modified_time":"2021-02-17T11:04:36+00:00","og_image":[{"width":1200,"height":1200,"url":"https:\/\/bunkerseguridad.com\/fr\/wp-content\/uploads\/2020\/11\/Productos-Licences-Analysis-video.jpg","type":"image\/jpeg"}],"twitter_card":"summary_large_image","twitter_misc":{"Dur\u00e9e de lecture estim\u00e9e":"1 minute"},"schema":{"@context":"https:\/\/schema.org","@graph":[{"@type":"WebPage","@id":"https:\/\/bunkerseguridad.com\/fr\/produit\/lpr-pkmng-lic-extension-de-la-licence-pour-la-gestion-des-places-de-parking\/","url":"https:\/\/bunkerseguridad.com\/fr\/produit\/lpr-pkmng-lic-extension-de-la-licence-pour-la-gestion-des-places-de-parking\/","name":"LPR-PKMNG-LIC Extension de la licence pour la gestion des places de parking - Bunker Seguridad","isPartOf":{"@id":"https:\/\/bunkerseguridad.com\/fr\/#website"},"primaryImageOfPage":{"@id":"https:\/\/bunkerseguridad.com\/fr\/produit\/lpr-pkmng-lic-extension-de-la-licence-pour-la-gestion-des-places-de-parking\/#primaryimage"},"image":{"@id":"https:\/\/bunkerseguridad.com\/fr\/produit\/lpr-pkmng-lic-extension-de-la-licence-pour-la-gestion-des-places-de-parking\/#primaryimage"},"thumbnailUrl":"https:\/\/bunkerseguridad.com\/fr\/wp-content\/uploads\/2020\/11\/Productos-Licences-Analysis-video.jpg","datePublished":"2020-11-04T08:31:37+00:00","dateModified":"2021-02-17T11:04:36+00:00","description":"Extension licence for parking space management that enables detection of the direction of motion, as well as control of shared spaces","breadcrumb":{"@id":"https:\/\/bunkerseguridad.com\/fr\/produit\/lpr-pkmng-lic-extension-de-la-licence-pour-la-gestion-des-places-de-parking\/#breadcrumb"},"inLanguage":"fr-FR","potentialAction":[{"@type":"ReadAction","target":["https:\/\/bunkerseguridad.com\/fr\/produit\/lpr-pkmng-lic-extension-de-la-licence-pour-la-gestion-des-places-de-parking\/"]}]},{"@type":"ImageObject","inLanguage":"fr-FR","@id":"https:\/\/bunkerseguridad.com\/fr\/produit\/lpr-pkmng-lic-extension-de-la-licence-pour-la-gestion-des-places-de-parking\/#primaryimage","url":"https:\/\/bunkerseguridad.com\/fr\/wp-content\/uploads\/2020\/11\/Productos-Licences-Analysis-video.jpg","contentUrl":"https:\/\/bunkerseguridad.com\/fr\/wp-content\/uploads\/2020\/11\/Productos-Licences-Analysis-video.jpg","width":1200,"height":1200,"caption":"Productos-Licences-Analyse-vid\u00e9o"},{"@type":"BreadcrumbList","@id":"https:\/\/bunkerseguridad.com\/fr\/produit\/lpr-pkmng-lic-extension-de-la-licence-pour-la-gestion-des-places-de-parking\/#breadcrumb","itemListElement":[{"@type":"ListItem","position":1,"name":"Home","item":"https:\/\/bunkerseguridad.com\/fr\/"},{"@type":"ListItem","position":2,"name":"Shop","item":"https:\/\/bunkerseguridad.com\/fr\/shop\/"},{"@type":"ListItem","position":3,"name":"LPR-PKMNG-LIC Extension de la licence pour la gestion des places de parking"}]},{"@type":"WebSite","@id":"https:\/\/bunkerseguridad.com\/fr\/#website","url":"https:\/\/bunkerseguridad.com\/fr\/","name":"Bunker Seguridad","description":"Otro sitio realizado con WordPress","potentialAction":[{"@type":"SearchAction","target":{"@type":"EntryPoint","urlTemplate":"https:\/\/bunkerseguridad.com\/fr\/?s={search_term_string}"},"query-input":{"@type":"PropertyValueSpecification","valueRequired":true,"valueName":"search_term_string"}}],"inLanguage":"fr-FR"}]}},"brands":[{"id":205,"name":"Tempos Analytics","slug":"tempos-analytics"}],"_links":{"self":[{"href":"https:\/\/bunkerseguridad.com\/fr\/wp-json\/wp\/v2\/product\/3704","targetHints":{"allow":["GET"]}}],"collection":[{"href":"https:\/\/bunkerseguridad.com\/fr\/wp-json\/wp\/v2\/product"}],"about":[{"href":"https:\/\/bunkerseguridad.com\/fr\/wp-json\/wp\/v2\/types\/product"}],"wp:featuredmedia":[{"embeddable":true,"href":"https:\/\/bunkerseguridad.com\/fr\/wp-json\/wp\/v2\/media\/4577"}],"wp:attachment":[{"href":"https:\/\/bunkerseguridad.com\/fr\/wp-json\/wp\/v2\/media?parent=3704"}],"wp:term":[{"taxonomy":"pwb-brand","embeddable":true,"href":"https:\/\/bunkerseguridad.com\/fr\/wp-json\/wp\/v2\/pwb-brand?post=3704"},{"taxonomy":"product_brand","embeddable":true,"href":"https:\/\/bunkerseguridad.com\/fr\/wp-json\/wp\/v2\/product_brand?post=3704"},{"taxonomy":"product_cat","embeddable":true,"href":"https:\/\/bunkerseguridad.com\/fr\/wp-json\/wp\/v2\/product_cat?post=3704"},{"taxonomy":"product_tag","embeddable":true,"href":"https:\/\/bunkerseguridad.com\/fr\/wp-json\/wp\/v2\/product_tag?post=3704"}],"curies":[{"name":"wp","href":"https:\/\/api.w.org\/{rel}","templated":true}]}}