{"id":3678,"date":"2020-11-03T11:48:27","date_gmt":"2020-11-03T11:48:27","guid":{"rendered":"http:\/\/www.bunkerseguridad.es\/en\/?post_type=product&#038;p=3678"},"modified":"2021-02-17T11:19:53","modified_gmt":"2021-02-17T11:19:53","slug":"thd-lic-extension-de-la-licence-danalyse-video-hd","status":"publish","type":"product","link":"https:\/\/bunkerseguridad.com\/fr\/produit\/thd-lic-extension-de-la-licence-danalyse-video-hd\/","title":{"rendered":"THD-LIC Extension de la licence d&rsquo;analyse vid\u00e9o HD"},"content":{"rendered":"<p><strong>Licence qui fournit un canal suppl\u00e9mentaire pour l&rsquo;analyse vid\u00e9o haute d\u00e9finition et les longues distances, compatible avec les s\u00e9ries VidA et LPR.<\/strong><\/p>\n<p>Le format vid\u00e9o est le 720p (balayage progressif).<\/p>\n<p>L&rsquo;appareil physique n&rsquo;est pas inclus.<\/p>\n","protected":false},"excerpt":{"rendered":"<p><strong>Licence qui fournit un canal suppl\u00e9mentaire pour l&rsquo;analyse vid\u00e9o haute d\u00e9finition et les longues distances,<\/strong> compatible avec les s\u00e9ries VidA et LPR.<\/p>\n","protected":false},"featured_media":4577,"template":"","meta":{"_et_pb_use_builder":"","_et_pb_old_content":"","_et_gb_content_width":""},"pwb-brand":[205],"product_brand":[],"product_cat":[28,230],"product_tag":[114,112,120],"class_list":{"0":"post-3678","1":"product","2":"type-product","3":"status-publish","4":"has-post-thumbnail","6":"pwb-brand-tempos-analytics","7":"product_cat-extension-licences-et-modules","8":"product_cat-extension-des-licences","9":"product_tag-longues-distances","10":"product_tag-resolution-hd","11":"product_tag-vida-and-lpr-extension-licence","13":"first","14":"instock","15":"shipping-taxable","16":"product-type-simple"},"yoast_head":"<!-- This site is optimized with the Yoast SEO plugin v25.2 - https:\/\/yoast.com\/wordpress\/plugins\/seo\/ -->\n<title>THD-LIC Extension de la licence d&#039;analyse vid\u00e9o HD - Bunker Seguridad<\/title>\n<meta name=\"description\" content=\"Licence qui fournit un canal suppl\u00e9mentaire pour l&#039;analyse vid\u00e9o haute d\u00e9finition et les longues distances.\" \/>\n<meta name=\"robots\" content=\"noindex, follow, max-snippet:-1, max-image-preview:large, max-video-preview:-1\" \/>\n<meta property=\"og:locale\" content=\"fr_FR\" \/>\n<meta property=\"og:type\" content=\"article\" \/>\n<meta property=\"og:title\" content=\"THD-LIC Extension de la licence d&#039;analyse vid\u00e9o HD - Bunker Seguridad\" \/>\n<meta property=\"og:description\" content=\"Licence qui fournit un canal suppl\u00e9mentaire pour l&#039;analyse vid\u00e9o haute d\u00e9finition et les longues distances.\" \/>\n<meta property=\"og:url\" content=\"https:\/\/bunkerseguridad.com\/fr\/produit\/thd-lic-extension-de-la-licence-danalyse-video-hd\/\" \/>\n<meta property=\"og:site_name\" content=\"Bunker Seguridad\" \/>\n<meta property=\"article:modified_time\" content=\"2021-02-17T11:19:53+00:00\" \/>\n<meta property=\"og:image\" content=\"https:\/\/bunkerseguridad.com\/fr\/wp-content\/uploads\/2020\/11\/Productos-Licences-Analysis-video.jpg\" \/>\n\t<meta property=\"og:image:width\" content=\"1200\" \/>\n\t<meta property=\"og:image:height\" content=\"1200\" \/>\n\t<meta property=\"og:image:type\" content=\"image\/jpeg\" \/>\n<meta name=\"twitter:card\" content=\"summary_large_image\" \/>\n<meta name=\"twitter:label1\" content=\"Dur\u00e9e de lecture estim\u00e9e\" \/>\n\t<meta name=\"twitter:data1\" content=\"1 minute\" \/>\n<script type=\"application\/ld+json\" class=\"yoast-schema-graph\">{\"@context\":\"https:\/\/schema.org\",\"@graph\":[{\"@type\":\"WebPage\",\"@id\":\"https:\/\/bunkerseguridad.com\/fr\/produit\/thd-lic-extension-de-la-licence-danalyse-video-hd\/\",\"url\":\"https:\/\/bunkerseguridad.com\/fr\/produit\/thd-lic-extension-de-la-licence-danalyse-video-hd\/\",\"name\":\"THD-LIC Extension de la licence d'analyse vid\u00e9o HD - Bunker Seguridad\",\"isPartOf\":{\"@id\":\"https:\/\/bunkerseguridad.com\/fr\/#website\"},\"primaryImageOfPage\":{\"@id\":\"https:\/\/bunkerseguridad.com\/fr\/produit\/thd-lic-extension-de-la-licence-danalyse-video-hd\/#primaryimage\"},\"image\":{\"@id\":\"https:\/\/bunkerseguridad.com\/fr\/produit\/thd-lic-extension-de-la-licence-danalyse-video-hd\/#primaryimage\"},\"thumbnailUrl\":\"https:\/\/bunkerseguridad.com\/fr\/wp-content\/uploads\/2020\/11\/Productos-Licences-Analysis-video.jpg\",\"datePublished\":\"2020-11-03T11:48:27+00:00\",\"dateModified\":\"2021-02-17T11:19:53+00:00\",\"description\":\"Licence qui fournit un canal suppl\u00e9mentaire pour l'analyse vid\u00e9o haute d\u00e9finition et les longues distances.\",\"breadcrumb\":{\"@id\":\"https:\/\/bunkerseguridad.com\/fr\/produit\/thd-lic-extension-de-la-licence-danalyse-video-hd\/#breadcrumb\"},\"inLanguage\":\"fr-FR\",\"potentialAction\":[{\"@type\":\"ReadAction\",\"target\":[\"https:\/\/bunkerseguridad.com\/fr\/produit\/thd-lic-extension-de-la-licence-danalyse-video-hd\/\"]}]},{\"@type\":\"ImageObject\",\"inLanguage\":\"fr-FR\",\"@id\":\"https:\/\/bunkerseguridad.com\/fr\/produit\/thd-lic-extension-de-la-licence-danalyse-video-hd\/#primaryimage\",\"url\":\"https:\/\/bunkerseguridad.com\/fr\/wp-content\/uploads\/2020\/11\/Productos-Licences-Analysis-video.jpg\",\"contentUrl\":\"https:\/\/bunkerseguridad.com\/fr\/wp-content\/uploads\/2020\/11\/Productos-Licences-Analysis-video.jpg\",\"width\":1200,\"height\":1200,\"caption\":\"Productos-Licences-Analyse-vid\u00e9o\"},{\"@type\":\"BreadcrumbList\",\"@id\":\"https:\/\/bunkerseguridad.com\/fr\/produit\/thd-lic-extension-de-la-licence-danalyse-video-hd\/#breadcrumb\",\"itemListElement\":[{\"@type\":\"ListItem\",\"position\":1,\"name\":\"Home\",\"item\":\"https:\/\/bunkerseguridad.com\/fr\/\"},{\"@type\":\"ListItem\",\"position\":2,\"name\":\"Shop\",\"item\":\"https:\/\/bunkerseguridad.com\/fr\/shop\/\"},{\"@type\":\"ListItem\",\"position\":3,\"name\":\"THD-LIC Extension de la licence d&rsquo;analyse vid\u00e9o HD\"}]},{\"@type\":\"WebSite\",\"@id\":\"https:\/\/bunkerseguridad.com\/fr\/#website\",\"url\":\"https:\/\/bunkerseguridad.com\/fr\/\",\"name\":\"Bunker Seguridad\",\"description\":\"Otro sitio realizado con WordPress\",\"potentialAction\":[{\"@type\":\"SearchAction\",\"target\":{\"@type\":\"EntryPoint\",\"urlTemplate\":\"https:\/\/bunkerseguridad.com\/fr\/?s={search_term_string}\"},\"query-input\":{\"@type\":\"PropertyValueSpecification\",\"valueRequired\":true,\"valueName\":\"search_term_string\"}}],\"inLanguage\":\"fr-FR\"}]}<\/script>\n<!-- \/ Yoast SEO plugin. -->","yoast_head_json":{"title":"THD-LIC Extension de la licence d'analyse vid\u00e9o HD - Bunker Seguridad","description":"Licence qui fournit un canal suppl\u00e9mentaire pour l'analyse vid\u00e9o haute d\u00e9finition et les longues distances.","robots":{"index":"noindex","follow":"follow","max-snippet":"max-snippet:-1","max-image-preview":"max-image-preview:large","max-video-preview":"max-video-preview:-1"},"og_locale":"fr_FR","og_type":"article","og_title":"THD-LIC Extension de la licence d'analyse vid\u00e9o HD - Bunker Seguridad","og_description":"Licence qui fournit un canal suppl\u00e9mentaire pour l'analyse vid\u00e9o haute d\u00e9finition et les longues distances.","og_url":"https:\/\/bunkerseguridad.com\/fr\/produit\/thd-lic-extension-de-la-licence-danalyse-video-hd\/","og_site_name":"Bunker Seguridad","article_modified_time":"2021-02-17T11:19:53+00:00","og_image":[{"width":1200,"height":1200,"url":"https:\/\/bunkerseguridad.com\/fr\/wp-content\/uploads\/2020\/11\/Productos-Licences-Analysis-video.jpg","type":"image\/jpeg"}],"twitter_card":"summary_large_image","twitter_misc":{"Dur\u00e9e de lecture estim\u00e9e":"1 minute"},"schema":{"@context":"https:\/\/schema.org","@graph":[{"@type":"WebPage","@id":"https:\/\/bunkerseguridad.com\/fr\/produit\/thd-lic-extension-de-la-licence-danalyse-video-hd\/","url":"https:\/\/bunkerseguridad.com\/fr\/produit\/thd-lic-extension-de-la-licence-danalyse-video-hd\/","name":"THD-LIC Extension de la licence d'analyse vid\u00e9o HD - Bunker Seguridad","isPartOf":{"@id":"https:\/\/bunkerseguridad.com\/fr\/#website"},"primaryImageOfPage":{"@id":"https:\/\/bunkerseguridad.com\/fr\/produit\/thd-lic-extension-de-la-licence-danalyse-video-hd\/#primaryimage"},"image":{"@id":"https:\/\/bunkerseguridad.com\/fr\/produit\/thd-lic-extension-de-la-licence-danalyse-video-hd\/#primaryimage"},"thumbnailUrl":"https:\/\/bunkerseguridad.com\/fr\/wp-content\/uploads\/2020\/11\/Productos-Licences-Analysis-video.jpg","datePublished":"2020-11-03T11:48:27+00:00","dateModified":"2021-02-17T11:19:53+00:00","description":"Licence qui fournit un canal suppl\u00e9mentaire pour l'analyse vid\u00e9o haute d\u00e9finition et les longues distances.","breadcrumb":{"@id":"https:\/\/bunkerseguridad.com\/fr\/produit\/thd-lic-extension-de-la-licence-danalyse-video-hd\/#breadcrumb"},"inLanguage":"fr-FR","potentialAction":[{"@type":"ReadAction","target":["https:\/\/bunkerseguridad.com\/fr\/produit\/thd-lic-extension-de-la-licence-danalyse-video-hd\/"]}]},{"@type":"ImageObject","inLanguage":"fr-FR","@id":"https:\/\/bunkerseguridad.com\/fr\/produit\/thd-lic-extension-de-la-licence-danalyse-video-hd\/#primaryimage","url":"https:\/\/bunkerseguridad.com\/fr\/wp-content\/uploads\/2020\/11\/Productos-Licences-Analysis-video.jpg","contentUrl":"https:\/\/bunkerseguridad.com\/fr\/wp-content\/uploads\/2020\/11\/Productos-Licences-Analysis-video.jpg","width":1200,"height":1200,"caption":"Productos-Licences-Analyse-vid\u00e9o"},{"@type":"BreadcrumbList","@id":"https:\/\/bunkerseguridad.com\/fr\/produit\/thd-lic-extension-de-la-licence-danalyse-video-hd\/#breadcrumb","itemListElement":[{"@type":"ListItem","position":1,"name":"Home","item":"https:\/\/bunkerseguridad.com\/fr\/"},{"@type":"ListItem","position":2,"name":"Shop","item":"https:\/\/bunkerseguridad.com\/fr\/shop\/"},{"@type":"ListItem","position":3,"name":"THD-LIC Extension de la licence d&rsquo;analyse vid\u00e9o HD"}]},{"@type":"WebSite","@id":"https:\/\/bunkerseguridad.com\/fr\/#website","url":"https:\/\/bunkerseguridad.com\/fr\/","name":"Bunker Seguridad","description":"Otro sitio realizado con WordPress","potentialAction":[{"@type":"SearchAction","target":{"@type":"EntryPoint","urlTemplate":"https:\/\/bunkerseguridad.com\/fr\/?s={search_term_string}"},"query-input":{"@type":"PropertyValueSpecification","valueRequired":true,"valueName":"search_term_string"}}],"inLanguage":"fr-FR"}]}},"brands":[{"id":205,"name":"Tempos Analytics","slug":"tempos-analytics"}],"_links":{"self":[{"href":"https:\/\/bunkerseguridad.com\/fr\/wp-json\/wp\/v2\/product\/3678","targetHints":{"allow":["GET"]}}],"collection":[{"href":"https:\/\/bunkerseguridad.com\/fr\/wp-json\/wp\/v2\/product"}],"about":[{"href":"https:\/\/bunkerseguridad.com\/fr\/wp-json\/wp\/v2\/types\/product"}],"wp:featuredmedia":[{"embeddable":true,"href":"https:\/\/bunkerseguridad.com\/fr\/wp-json\/wp\/v2\/media\/4577"}],"wp:attachment":[{"href":"https:\/\/bunkerseguridad.com\/fr\/wp-json\/wp\/v2\/media?parent=3678"}],"wp:term":[{"taxonomy":"pwb-brand","embeddable":true,"href":"https:\/\/bunkerseguridad.com\/fr\/wp-json\/wp\/v2\/pwb-brand?post=3678"},{"taxonomy":"product_brand","embeddable":true,"href":"https:\/\/bunkerseguridad.com\/fr\/wp-json\/wp\/v2\/product_brand?post=3678"},{"taxonomy":"product_cat","embeddable":true,"href":"https:\/\/bunkerseguridad.com\/fr\/wp-json\/wp\/v2\/product_cat?post=3678"},{"taxonomy":"product_tag","embeddable":true,"href":"https:\/\/bunkerseguridad.com\/fr\/wp-json\/wp\/v2\/product_tag?post=3678"}],"curies":[{"name":"wp","href":"https:\/\/api.w.org\/{rel}","templated":true}]}}