{"id":3296,"date":"2020-10-21T09:34:26","date_gmt":"2020-10-21T09:34:26","guid":{"rendered":"http:\/\/www.bunkerseguridad.es\/en\/?post_type=product&#038;p=3296"},"modified":"2021-02-10T09:17:48","modified_gmt":"2021-02-10T09:17:48","slug":"easypack-colonne-perimetrique-preinstallee-180-3m-installation-au-sol","status":"publish","type":"product","link":"https:\/\/bunkerseguridad.com\/fr\/produit\/easypack-colonne-perimetrique-preinstallee-180-3m-installation-au-sol\/","title":{"rendered":"easyPack Colonne p\u00e9rim\u00e9trique pr\u00e9install\u00e9e (180\u00ba), 3m"},"content":{"rendered":"<p><strong>easyPack Colonne p\u00e9rim\u00e9trique pr\u00e9install\u00e9e (180\u00ba), 3m &#8211; installation au sol<\/strong>. Il s&rsquo;agit d&rsquo;une solution de p\u00e9rim\u00e8tre tr\u00e8s flexible qui peut \u00eatre adapt\u00e9e aux exigences de chaque installation, tant en ce qui concerne le format des tours de faisceaux que le nombre et le mod\u00e8le de capteurs inclus. Avec les tours de faisceaux photo\u00e9lectriques easyPack, vous disposerez de tous les composants pr\u00e9alablement fix\u00e9s, c\u00e2bl\u00e9s et soigneusement organis\u00e9s dans la tour de faisceaux. Il vous suffit d&rsquo;aligner vos faisceaux photo\u00e9lectriques actifs IR pr\u00e9f\u00e9r\u00e9s de Takex, Optex ou autres.<\/p>\n<p><strong>Caract\u00e9ristiques:<\/strong><\/p>\n<p>Chaque r\u00e9f\u00e9rence comprend un corps central en aluminium, un profil\u00e9 en polycarbonate, des couvercles haut\/bas et \u00e9galement un interrupteur anti-sabotage, autant de chauffages que de capteurs photo\u00e9lectriques (\u00e9metteurs ou r\u00e9cepteurs), un thermostat et une carte m\u00e8re qui g\u00e8re le syst\u00e8me.<\/p>\n<p>Le tout est pr\u00e9c\u00e2bl\u00e9 et mont\u00e9 avec les faisceaux IR (*), choisis par le client et leurs plaques de montage.<\/p>\n<p>(*) Compatible avec diff\u00e9rents mod\u00e8les de faisceaux photo\u00e9lectriques (TAKEX, OPTEX, ATSUMI et autres). Ceux-ci ne sont pas inclus dans le prix. easyPack peut \u00e9galement \u00eatre fourni sans les faisceaux lumineux.<\/p>\n<p>En outre, il comprend des supports lat\u00e9raux de 70 cm (MB3SB).<\/p>\n<p>En outre, vous pouvez acqu\u00e9rir en option d&rsquo;autres accessoires pour les tours de faisceaux pr\u00e9c\u00e2bl\u00e9es easyPack, tels que des ventilateurs et\/ou des alimentations \u00e9lectriques, ainsi que d&rsquo;autres accessoires habituels des tours de faisceaux de Bunker (dameur de sommet anti-escalade, support de sol \u00e0 utiliser avec du b\u00e9ton, etc.) ). Pour plus d&rsquo;informations, voir le paragraphe \u00ab\u00a0Accessoires\u00a0\u00bb.<\/p>\n<p>Mod\u00e8les les plus courants pour une hauteur de 3m et un angle de 180\u00ba:<\/p>\n<ul>\n<li>S302RR &#8211; tour de 3m, 180\u00b0 pr\u00eate pour 2 Rx.<\/li>\n<li>S302TT &#8211; 3m, tour de 180\u00b0 pr\u00eate pour 2 Tx.<\/li>\n<li>S303RR &#8211; 3m, tour de 180\u00b0 pr\u00eate pour 3 Rx.<\/li>\n<li>S303TT &#8211; 3m, tour 180\u00b0 pr\u00eate pour 3 Tx.<\/li>\n<li>S304RR &#8211; 3m, tour 180\u00b0 pr\u00eate pour 4 Rx.<\/li>\n<li>S304TT &#8211; 3m, tour 180\u00b0 pr\u00eate pour 4 Tx.<\/li>\n<\/ul>\n<p>(Tx = \u00e9metteur\/s ; Rx = r\u00e9cepteur\/s)<\/p>\n<p>Pour d&rsquo;autres configurations, veuillez <a href=\"https:\/\/bunkerseguridad.com\/fr\/contactez-nous\/\">nous consulter.<\/a><\/p>\n","protected":false},"excerpt":{"rendered":"<div class=\"field field-name-field-descripcion field-type-text-long field-label-above\">\n<div class=\"field-items\">\n<div class=\"field-item even\">\n<p><strong>Tour \u00e0 faisceau unilat\u00e9ral pr\u00e9c\u00e2bl\u00e9e et personnalis\u00e9e,<\/strong> avec tous les composants de base fix\u00e9s \u00e0 l&rsquo;int\u00e9rieur, pr\u00eate \u00e0 \u00eatre install\u00e9e.<\/p>\n<p><strong>Hauteur: 3 m\u00e8tres.<\/strong><\/p>\n<\/div>\n<\/div>\n<\/div>\n<div class=\"field field-name-field-metros-de-altura field-type-list-integer field-label-inline clearfix\">\n<div class=\"field-label\"><\/div>\n<\/div>\n","protected":false},"featured_media":3293,"template":"","meta":{"_et_pb_use_builder":"","_et_pb_old_content":"","_et_gb_content_width":""},"pwb-brand":[198],"product_brand":[],"product_cat":[41,50,51],"product_tag":[357,68,69,73,62],"class_list":{"0":"post-3296","1":"product","2":"type-product","3":"status-publish","4":"has-post-thumbnail","6":"pwb-brand-bunker-seguridad-electronica-s-l","7":"product_cat-detection-intrusion-perimetrique","8":"product_cat-colonnes-perimetriques","9":"product_cat-colonnes-easypack","10":"product_tag-180o","11":"product_tag-3m","12":"product_tag-installation-au-sol","13":"product_tag-tour-precablee","14":"product_tag-visage-simple","16":"first","17":"instock","18":"shipping-taxable","19":"product-type-simple"},"yoast_head":"<!-- This site is optimized with the Yoast SEO plugin v25.2 - https:\/\/yoast.com\/wordpress\/plugins\/seo\/ -->\n<title>easyPack Colonne p\u00e9rim\u00e9trique pr\u00e9install\u00e9e (180\u00ba), 3m - Bunker Seguridad<\/title>\n<meta name=\"description\" content=\"Tour \u00e0 faisceau unilat\u00e9ral pr\u00e9-c\u00e2bl\u00e9 sur mesure (180\u00b0) avec tous les composants de base fix\u00e9s \u00e0 l&#039;int\u00e9rieur, pr\u00eate \u00e0 \u00eatre install\u00e9e.\" \/>\n<meta name=\"robots\" content=\"noindex, follow, max-snippet:-1, max-image-preview:large, max-video-preview:-1\" \/>\n<meta property=\"og:locale\" content=\"fr_FR\" \/>\n<meta property=\"og:type\" content=\"article\" \/>\n<meta property=\"og:title\" content=\"easyPack Colonne p\u00e9rim\u00e9trique pr\u00e9install\u00e9e (180\u00ba), 3m - Bunker Seguridad\" \/>\n<meta property=\"og:description\" content=\"Tour \u00e0 faisceau unilat\u00e9ral pr\u00e9-c\u00e2bl\u00e9 sur mesure (180\u00b0) avec tous les composants de base fix\u00e9s \u00e0 l&#039;int\u00e9rieur, pr\u00eate \u00e0 \u00eatre install\u00e9e.\" \/>\n<meta property=\"og:url\" content=\"https:\/\/bunkerseguridad.com\/fr\/produit\/easypack-colonne-perimetrique-preinstallee-180-3m-installation-au-sol\/\" \/>\n<meta property=\"og:site_name\" content=\"Bunker Seguridad\" \/>\n<meta property=\"article:modified_time\" content=\"2021-02-10T09:17:48+00:00\" \/>\n<meta property=\"og:image\" content=\"https:\/\/bunkerseguridad.com\/fr\/wp-content\/uploads\/2020\/10\/easypack.png\" \/>\n\t<meta property=\"og:image:width\" content=\"1200\" \/>\n\t<meta property=\"og:image:height\" content=\"1200\" \/>\n\t<meta property=\"og:image:type\" content=\"image\/png\" \/>\n<meta name=\"twitter:card\" content=\"summary_large_image\" \/>\n<meta name=\"twitter:label1\" content=\"Dur\u00e9e de lecture estim\u00e9e\" \/>\n\t<meta name=\"twitter:data1\" content=\"2 minutes\" \/>\n<script type=\"application\/ld+json\" class=\"yoast-schema-graph\">{\"@context\":\"https:\/\/schema.org\",\"@graph\":[{\"@type\":\"WebPage\",\"@id\":\"https:\/\/bunkerseguridad.com\/fr\/produit\/easypack-colonne-perimetrique-preinstallee-180-3m-installation-au-sol\/\",\"url\":\"https:\/\/bunkerseguridad.com\/fr\/produit\/easypack-colonne-perimetrique-preinstallee-180-3m-installation-au-sol\/\",\"name\":\"easyPack Colonne p\u00e9rim\u00e9trique pr\u00e9install\u00e9e (180\u00ba), 3m - Bunker Seguridad\",\"isPartOf\":{\"@id\":\"https:\/\/bunkerseguridad.com\/fr\/#website\"},\"primaryImageOfPage\":{\"@id\":\"https:\/\/bunkerseguridad.com\/fr\/produit\/easypack-colonne-perimetrique-preinstallee-180-3m-installation-au-sol\/#primaryimage\"},\"image\":{\"@id\":\"https:\/\/bunkerseguridad.com\/fr\/produit\/easypack-colonne-perimetrique-preinstallee-180-3m-installation-au-sol\/#primaryimage\"},\"thumbnailUrl\":\"https:\/\/bunkerseguridad.com\/fr\/wp-content\/uploads\/2020\/10\/easypack.png\",\"datePublished\":\"2020-10-21T09:34:26+00:00\",\"dateModified\":\"2021-02-10T09:17:48+00:00\",\"description\":\"Tour \u00e0 faisceau unilat\u00e9ral pr\u00e9-c\u00e2bl\u00e9 sur mesure (180\u00b0) avec tous les composants de base fix\u00e9s \u00e0 l'int\u00e9rieur, pr\u00eate \u00e0 \u00eatre install\u00e9e.\",\"breadcrumb\":{\"@id\":\"https:\/\/bunkerseguridad.com\/fr\/produit\/easypack-colonne-perimetrique-preinstallee-180-3m-installation-au-sol\/#breadcrumb\"},\"inLanguage\":\"fr-FR\",\"potentialAction\":[{\"@type\":\"ReadAction\",\"target\":[\"https:\/\/bunkerseguridad.com\/fr\/produit\/easypack-colonne-perimetrique-preinstallee-180-3m-installation-au-sol\/\"]}]},{\"@type\":\"ImageObject\",\"inLanguage\":\"fr-FR\",\"@id\":\"https:\/\/bunkerseguridad.com\/fr\/produit\/easypack-colonne-perimetrique-preinstallee-180-3m-installation-au-sol\/#primaryimage\",\"url\":\"https:\/\/bunkerseguridad.com\/fr\/wp-content\/uploads\/2020\/10\/easypack.png\",\"contentUrl\":\"https:\/\/bunkerseguridad.com\/fr\/wp-content\/uploads\/2020\/10\/easypack.png\",\"width\":1200,\"height\":1200,\"caption\":\"Tours pr\u00e9c\u00e2bl\u00e9es EasyPack double protection lat\u00e9rale (360 \u00b0) et 3 m\u00e8tres de hauteur\"},{\"@type\":\"BreadcrumbList\",\"@id\":\"https:\/\/bunkerseguridad.com\/fr\/produit\/easypack-colonne-perimetrique-preinstallee-180-3m-installation-au-sol\/#breadcrumb\",\"itemListElement\":[{\"@type\":\"ListItem\",\"position\":1,\"name\":\"Home\",\"item\":\"https:\/\/bunkerseguridad.com\/fr\/\"},{\"@type\":\"ListItem\",\"position\":2,\"name\":\"Shop\",\"item\":\"https:\/\/bunkerseguridad.com\/fr\/shop\/\"},{\"@type\":\"ListItem\",\"position\":3,\"name\":\"easyPack Colonne p\u00e9rim\u00e9trique pr\u00e9install\u00e9e (180\u00ba), 3m\"}]},{\"@type\":\"WebSite\",\"@id\":\"https:\/\/bunkerseguridad.com\/fr\/#website\",\"url\":\"https:\/\/bunkerseguridad.com\/fr\/\",\"name\":\"Bunker Seguridad\",\"description\":\"Otro sitio realizado con WordPress\",\"potentialAction\":[{\"@type\":\"SearchAction\",\"target\":{\"@type\":\"EntryPoint\",\"urlTemplate\":\"https:\/\/bunkerseguridad.com\/fr\/?s={search_term_string}\"},\"query-input\":{\"@type\":\"PropertyValueSpecification\",\"valueRequired\":true,\"valueName\":\"search_term_string\"}}],\"inLanguage\":\"fr-FR\"}]}<\/script>\n<!-- \/ Yoast SEO plugin. -->","yoast_head_json":{"title":"easyPack Colonne p\u00e9rim\u00e9trique pr\u00e9install\u00e9e (180\u00ba), 3m - Bunker Seguridad","description":"Tour \u00e0 faisceau unilat\u00e9ral pr\u00e9-c\u00e2bl\u00e9 sur mesure (180\u00b0) avec tous les composants de base fix\u00e9s \u00e0 l'int\u00e9rieur, pr\u00eate \u00e0 \u00eatre install\u00e9e.","robots":{"index":"noindex","follow":"follow","max-snippet":"max-snippet:-1","max-image-preview":"max-image-preview:large","max-video-preview":"max-video-preview:-1"},"og_locale":"fr_FR","og_type":"article","og_title":"easyPack Colonne p\u00e9rim\u00e9trique pr\u00e9install\u00e9e (180\u00ba), 3m - Bunker Seguridad","og_description":"Tour \u00e0 faisceau unilat\u00e9ral pr\u00e9-c\u00e2bl\u00e9 sur mesure (180\u00b0) avec tous les composants de base fix\u00e9s \u00e0 l'int\u00e9rieur, pr\u00eate \u00e0 \u00eatre install\u00e9e.","og_url":"https:\/\/bunkerseguridad.com\/fr\/produit\/easypack-colonne-perimetrique-preinstallee-180-3m-installation-au-sol\/","og_site_name":"Bunker Seguridad","article_modified_time":"2021-02-10T09:17:48+00:00","og_image":[{"width":1200,"height":1200,"url":"https:\/\/bunkerseguridad.com\/fr\/wp-content\/uploads\/2020\/10\/easypack.png","type":"image\/png"}],"twitter_card":"summary_large_image","twitter_misc":{"Dur\u00e9e de lecture estim\u00e9e":"2 minutes"},"schema":{"@context":"https:\/\/schema.org","@graph":[{"@type":"WebPage","@id":"https:\/\/bunkerseguridad.com\/fr\/produit\/easypack-colonne-perimetrique-preinstallee-180-3m-installation-au-sol\/","url":"https:\/\/bunkerseguridad.com\/fr\/produit\/easypack-colonne-perimetrique-preinstallee-180-3m-installation-au-sol\/","name":"easyPack Colonne p\u00e9rim\u00e9trique pr\u00e9install\u00e9e (180\u00ba), 3m - Bunker Seguridad","isPartOf":{"@id":"https:\/\/bunkerseguridad.com\/fr\/#website"},"primaryImageOfPage":{"@id":"https:\/\/bunkerseguridad.com\/fr\/produit\/easypack-colonne-perimetrique-preinstallee-180-3m-installation-au-sol\/#primaryimage"},"image":{"@id":"https:\/\/bunkerseguridad.com\/fr\/produit\/easypack-colonne-perimetrique-preinstallee-180-3m-installation-au-sol\/#primaryimage"},"thumbnailUrl":"https:\/\/bunkerseguridad.com\/fr\/wp-content\/uploads\/2020\/10\/easypack.png","datePublished":"2020-10-21T09:34:26+00:00","dateModified":"2021-02-10T09:17:48+00:00","description":"Tour \u00e0 faisceau unilat\u00e9ral pr\u00e9-c\u00e2bl\u00e9 sur mesure (180\u00b0) avec tous les composants de base fix\u00e9s \u00e0 l'int\u00e9rieur, pr\u00eate \u00e0 \u00eatre install\u00e9e.","breadcrumb":{"@id":"https:\/\/bunkerseguridad.com\/fr\/produit\/easypack-colonne-perimetrique-preinstallee-180-3m-installation-au-sol\/#breadcrumb"},"inLanguage":"fr-FR","potentialAction":[{"@type":"ReadAction","target":["https:\/\/bunkerseguridad.com\/fr\/produit\/easypack-colonne-perimetrique-preinstallee-180-3m-installation-au-sol\/"]}]},{"@type":"ImageObject","inLanguage":"fr-FR","@id":"https:\/\/bunkerseguridad.com\/fr\/produit\/easypack-colonne-perimetrique-preinstallee-180-3m-installation-au-sol\/#primaryimage","url":"https:\/\/bunkerseguridad.com\/fr\/wp-content\/uploads\/2020\/10\/easypack.png","contentUrl":"https:\/\/bunkerseguridad.com\/fr\/wp-content\/uploads\/2020\/10\/easypack.png","width":1200,"height":1200,"caption":"Tours pr\u00e9c\u00e2bl\u00e9es EasyPack double protection lat\u00e9rale (360 \u00b0) et 3 m\u00e8tres de hauteur"},{"@type":"BreadcrumbList","@id":"https:\/\/bunkerseguridad.com\/fr\/produit\/easypack-colonne-perimetrique-preinstallee-180-3m-installation-au-sol\/#breadcrumb","itemListElement":[{"@type":"ListItem","position":1,"name":"Home","item":"https:\/\/bunkerseguridad.com\/fr\/"},{"@type":"ListItem","position":2,"name":"Shop","item":"https:\/\/bunkerseguridad.com\/fr\/shop\/"},{"@type":"ListItem","position":3,"name":"easyPack Colonne p\u00e9rim\u00e9trique pr\u00e9install\u00e9e (180\u00ba), 3m"}]},{"@type":"WebSite","@id":"https:\/\/bunkerseguridad.com\/fr\/#website","url":"https:\/\/bunkerseguridad.com\/fr\/","name":"Bunker Seguridad","description":"Otro sitio realizado con WordPress","potentialAction":[{"@type":"SearchAction","target":{"@type":"EntryPoint","urlTemplate":"https:\/\/bunkerseguridad.com\/fr\/?s={search_term_string}"},"query-input":{"@type":"PropertyValueSpecification","valueRequired":true,"valueName":"search_term_string"}}],"inLanguage":"fr-FR"}]}},"brands":[{"id":198,"name":"Bunker Seguridad","slug":"bunker-seguridad-electronica-s-l"}],"_links":{"self":[{"href":"https:\/\/bunkerseguridad.com\/fr\/wp-json\/wp\/v2\/product\/3296","targetHints":{"allow":["GET"]}}],"collection":[{"href":"https:\/\/bunkerseguridad.com\/fr\/wp-json\/wp\/v2\/product"}],"about":[{"href":"https:\/\/bunkerseguridad.com\/fr\/wp-json\/wp\/v2\/types\/product"}],"wp:featuredmedia":[{"embeddable":true,"href":"https:\/\/bunkerseguridad.com\/fr\/wp-json\/wp\/v2\/media\/3293"}],"wp:attachment":[{"href":"https:\/\/bunkerseguridad.com\/fr\/wp-json\/wp\/v2\/media?parent=3296"}],"wp:term":[{"taxonomy":"pwb-brand","embeddable":true,"href":"https:\/\/bunkerseguridad.com\/fr\/wp-json\/wp\/v2\/pwb-brand?post=3296"},{"taxonomy":"product_brand","embeddable":true,"href":"https:\/\/bunkerseguridad.com\/fr\/wp-json\/wp\/v2\/product_brand?post=3296"},{"taxonomy":"product_cat","embeddable":true,"href":"https:\/\/bunkerseguridad.com\/fr\/wp-json\/wp\/v2\/product_cat?post=3296"},{"taxonomy":"product_tag","embeddable":true,"href":"https:\/\/bunkerseguridad.com\/fr\/wp-json\/wp\/v2\/product_tag?post=3296"}],"curies":[{"name":"wp","href":"https:\/\/api.w.org\/{rel}","templated":true}]}}