{"id":3282,"date":"2020-10-21T08:47:14","date_gmt":"2020-10-21T08:47:14","guid":{"rendered":"http:\/\/www.bunkerseguridad.es\/en\/?post_type=product&#038;p=3282"},"modified":"2021-02-09T11:52:06","modified_gmt":"2021-02-09T11:52:06","slug":"2-colonnes-cav-180-pour-barrieres-infrarouges","status":"publish","type":"product","link":"https:\/\/bunkerseguridad.com\/fr\/produit\/2-colonnes-cav-180-pour-barrieres-infrarouges\/","title":{"rendered":"CAV\/2 &#8211; Colonnes (2 unit\u00e9s) CAV (180\u00b0) pour barri\u00e8res infrarouges &#8211; \u00ab\u00a0Garden Guard\u00a0\u00bb"},"content":{"rendered":"<p>Bunker Seguridad, fabricant de capteurs de p\u00e9rim\u00e8tre et de syst\u00e8mes de s\u00e9curit\u00e9 a d\u00e9velopp\u00e9 la gamme \u00ab\u00a0Garden Guard\u00a0\u00bb, compos\u00e9e de tours infrarouges d\u00e9guis\u00e9es en lampadaires IR et en lampes de jardin. Cette famille de tours IR, appel\u00e9e Garden Guard, est compos\u00e9e des r\u00e9f\u00e9rences MALTA, CAV et CAV-W. Concernant les deux premi\u00e8res, les tours infrarouges MALTA et CAV, il existe une version \u00ab\u00a0\/2\u00a0\u00bb (MALTA\/2 et CAV\/2) qui comprend deux unit\u00e9s dans un bo\u00eetier, qui n&rsquo;est que 30 cm plus grand que la r\u00e9f\u00e9rence de la tour photo\u00e9lectrique ne comprenant qu&rsquo;une seule unit\u00e9, ce qui repr\u00e9sente une solution tr\u00e8s \u00e9conomique par rapport \u00e0 une r\u00e9f\u00e9rence \u00e0 une seule unit\u00e9 et tient compte des co\u00fbts de transport et de stockage.<\/p>\n<p>Le CAV\/2 est une tour de lampes infrarouges (180\u00b0) principalement utilis\u00e9e dans les zones r\u00e9sidentielles, une tour de style lampe de jardin, o\u00f9 les photod\u00e9tecteurs IR \u00e0 double faisceau peuvent \u00eatre facilement cach\u00e9s. La tour de lampes de p\u00e9rim\u00e8tre CAV Garden Guard (180\u00b0) a un design discret qui s&rsquo;int\u00e8gre parfaitement dans n&rsquo;importe quelle cour ou jardin sans perdre sa valeur esth\u00e9tique, tout en assurant la s\u00e9curit\u00e9 du p\u00e9rim\u00e8tre et l&rsquo;\u00e9clairage de la zone.<\/p>\n<p>Toute la gamme de tours infrarouges p\u00e9rim\u00e9triques Garden Guard est parfaitement coordonn\u00e9e tant sur le plan esth\u00e9tique que fonctionnel, c&rsquo;est-\u00e0-dire que la tour de s\u00e9curit\u00e9 CAV peut \u00eatre utilis\u00e9e avec les tours infrarouges CAV, ou m\u00eame MALTA et m\u00eame avec la gamme industrielle si n\u00e9cessaire (tours infrarouges PT, MB et MB-W).<\/p>\n<p><strong>Caract\u00e9ristiques:<\/strong><\/p>\n<p>CAV est une tour infrarouge, appartenant \u00e0 la famille Garden Guard, destin\u00e9e \u00e0 \u00eatre fix\u00e9e au sol (voir le mod\u00e8le CAVW pour l&rsquo;installation murale).<\/p>\n<p>Tour infrarouge CAV Garden Guard pour capteurs photo\u00e9lectriques \u00e0 deux faisceaux &#8211; dimensions :<\/p>\n<ul>\n<li>P\u00f4le ext\u00e9rieur de la tour infrarouge: 10 cm (3,94\u00a0\u00bb).<\/li>\n<li>Partie sup\u00e9rieure de la tour IR: 25 cm (9,84\u00a0\u00bb).<\/li>\n<li>Hauteur (lampe du faisceau IR incluse &#8211; 25 cm): 100 cm.<\/li>\n<li>Diam\u00e8tre de la base de la tour I : 27 cm.<\/li>\n<\/ul>\n<p>Mat\u00e9riau composant la tour photo\u00e9lectrique de la CAV Garden Guard:<\/p>\n<ul>\n<li>Profil en aluminium qui agit comme la partie centrale de la tour infrarouge CAV.<\/li>\n<li>Tube en polycarbonate noir avec traitement UV. Il a deux fonctions principales: d&rsquo;une part, il recouvre la structure en cachant \u00e0 la fois la localisation, l&rsquo;orientation et la hauteur des capteurs photo\u00e9lectriques et d&rsquo;autre part, il prot\u00e8ge ces capteurs des actes de vandalisme.<\/li>\n<li>Support de fixation de la base en ABS renforc\u00e9 o\u00f9 sont fix\u00e9s le profil en aluminium et le profil en polycarbonate de la tour de s\u00e9curit\u00e9.<\/li>\n<li>Corps sup\u00e9rieur de la CAV (type grille) en polycarbonate noir.<\/li>\n<li>Douille en c\u00e9ramique pour la fixation de l&rsquo;ampoule E27 sur le dessus de la lampe de jardin infrarouge.<\/li>\n<\/ul>\n<p>Poids approximatif du garde-jardin CAV\/2 (deux tours): 9 kg.<\/p>\n","protected":false},"excerpt":{"rendered":"<p>Bunker Seguridad, fabricant de capteurs de p\u00e9rim\u00e8tre et de syst\u00e8mes de s\u00e9curit\u00e9 a d\u00e9velopp\u00e9 la gamme \u00ab\u00a0Garden Guard\u00a0\u00bb, compos\u00e9e de tours infrarouges d\u00e9guis\u00e9es en lampadaires IR et en lampes de jardin.<\/p>\n","protected":false},"featured_media":3283,"template":"","meta":{"_et_pb_use_builder":"","_et_pb_old_content":"","_et_gb_content_width":""},"pwb-brand":[198],"product_brand":[],"product_cat":[50,52],"product_tag":[357,65,69,75,74,72,62],"class_list":{"0":"post-3282","1":"product","2":"type-product","3":"status-publish","4":"has-post-thumbnail","6":"pwb-brand-bunker-seguridad-electronica-s-l","7":"product_cat-colonnes-perimetriques","8":"product_cat-colonnes-pour-domestique","9":"product_tag-180o","10":"product_tag-1m","11":"product_tag-installation-au-sol","12":"product_tag-lamppost","13":"product_tag-tour-de-jardin","14":"product_tag-tour-residentielle","15":"product_tag-visage-simple","17":"first","18":"instock","19":"shipping-taxable","20":"product-type-simple"},"yoast_head":"<!-- This site is optimized with the Yoast SEO plugin v25.2 - https:\/\/yoast.com\/wordpress\/plugins\/seo\/ -->\n<title>CAV\/2 - Colonnes (2 unit\u00e9s) CAV (180\u00b0) pour barri\u00e8res infrarouges - &quot;Garden Guard&quot; - Bunker Seguridad<\/title>\n<meta name=\"description\" content=\"capteurs de p\u00e9rim\u00e8tre et de syst\u00e8mes de s\u00e9curit\u00e9 a d\u00e9velopp\u00e9 la gamme &quot;Garden Guard&quot;, compos\u00e9e de tours infrarouges d\u00e9guis\u00e9es en lampadaires IR et en lampes de jardin.\" \/>\n<meta name=\"robots\" content=\"noindex, follow, max-snippet:-1, max-image-preview:large, max-video-preview:-1\" \/>\n<meta property=\"og:locale\" content=\"fr_FR\" \/>\n<meta property=\"og:type\" content=\"article\" \/>\n<meta property=\"og:title\" content=\"CAV\/2 - Colonnes (2 unit\u00e9s) CAV (180\u00b0) pour barri\u00e8res infrarouges - &quot;Garden Guard&quot; - Bunker Seguridad\" \/>\n<meta property=\"og:description\" content=\"capteurs de p\u00e9rim\u00e8tre et de syst\u00e8mes de s\u00e9curit\u00e9 a d\u00e9velopp\u00e9 la gamme &quot;Garden Guard&quot;, compos\u00e9e de tours infrarouges d\u00e9guis\u00e9es en lampadaires IR et en lampes de jardin.\" \/>\n<meta property=\"og:url\" content=\"https:\/\/bunkerseguridad.com\/fr\/produit\/2-colonnes-cav-180-pour-barrieres-infrarouges\/\" \/>\n<meta property=\"og:site_name\" content=\"Bunker Seguridad\" \/>\n<meta property=\"article:modified_time\" content=\"2021-02-09T11:52:06+00:00\" \/>\n<meta property=\"og:image\" content=\"https:\/\/bunkerseguridad.com\/fr\/wp-content\/uploads\/2020\/10\/1200-PRODUCTOS-CAV.png\" \/>\n\t<meta property=\"og:image:width\" content=\"1200\" \/>\n\t<meta property=\"og:image:height\" content=\"1200\" \/>\n\t<meta property=\"og:image:type\" content=\"image\/png\" \/>\n<meta name=\"twitter:card\" content=\"summary_large_image\" \/>\n<meta name=\"twitter:label1\" content=\"Dur\u00e9e de lecture estim\u00e9e\" \/>\n\t<meta name=\"twitter:data1\" content=\"2 minutes\" \/>\n<script type=\"application\/ld+json\" class=\"yoast-schema-graph\">{\"@context\":\"https:\/\/schema.org\",\"@graph\":[{\"@type\":\"WebPage\",\"@id\":\"https:\/\/bunkerseguridad.com\/fr\/produit\/2-colonnes-cav-180-pour-barrieres-infrarouges\/\",\"url\":\"https:\/\/bunkerseguridad.com\/fr\/produit\/2-colonnes-cav-180-pour-barrieres-infrarouges\/\",\"name\":\"CAV\/2 - Colonnes (2 unit\u00e9s) CAV (180\u00b0) pour barri\u00e8res infrarouges - \\\"Garden Guard\\\" - Bunker Seguridad\",\"isPartOf\":{\"@id\":\"https:\/\/bunkerseguridad.com\/fr\/#website\"},\"primaryImageOfPage\":{\"@id\":\"https:\/\/bunkerseguridad.com\/fr\/produit\/2-colonnes-cav-180-pour-barrieres-infrarouges\/#primaryimage\"},\"image\":{\"@id\":\"https:\/\/bunkerseguridad.com\/fr\/produit\/2-colonnes-cav-180-pour-barrieres-infrarouges\/#primaryimage\"},\"thumbnailUrl\":\"https:\/\/bunkerseguridad.com\/fr\/wp-content\/uploads\/2020\/10\/1200-PRODUCTOS-CAV.png\",\"datePublished\":\"2020-10-21T08:47:14+00:00\",\"dateModified\":\"2021-02-09T11:52:06+00:00\",\"description\":\"capteurs de p\u00e9rim\u00e8tre et de syst\u00e8mes de s\u00e9curit\u00e9 a d\u00e9velopp\u00e9 la gamme \\\"Garden Guard\\\", compos\u00e9e de tours infrarouges d\u00e9guis\u00e9es en lampadaires IR et en lampes de jardin.\",\"breadcrumb\":{\"@id\":\"https:\/\/bunkerseguridad.com\/fr\/produit\/2-colonnes-cav-180-pour-barrieres-infrarouges\/#breadcrumb\"},\"inLanguage\":\"fr-FR\",\"potentialAction\":[{\"@type\":\"ReadAction\",\"target\":[\"https:\/\/bunkerseguridad.com\/fr\/produit\/2-colonnes-cav-180-pour-barrieres-infrarouges\/\"]}]},{\"@type\":\"ImageObject\",\"inLanguage\":\"fr-FR\",\"@id\":\"https:\/\/bunkerseguridad.com\/fr\/produit\/2-colonnes-cav-180-pour-barrieres-infrarouges\/#primaryimage\",\"url\":\"https:\/\/bunkerseguridad.com\/fr\/wp-content\/uploads\/2020\/10\/1200-PRODUCTOS-CAV.png\",\"contentUrl\":\"https:\/\/bunkerseguridad.com\/fr\/wp-content\/uploads\/2020\/10\/1200-PRODUCTOS-CAV.png\",\"width\":1200,\"height\":1200,\"caption\":\"CAV \/ 2, tour de lampe p\u00e9rim\u00e9trique\"},{\"@type\":\"BreadcrumbList\",\"@id\":\"https:\/\/bunkerseguridad.com\/fr\/produit\/2-colonnes-cav-180-pour-barrieres-infrarouges\/#breadcrumb\",\"itemListElement\":[{\"@type\":\"ListItem\",\"position\":1,\"name\":\"Home\",\"item\":\"https:\/\/bunkerseguridad.com\/fr\/\"},{\"@type\":\"ListItem\",\"position\":2,\"name\":\"Shop\",\"item\":\"https:\/\/bunkerseguridad.com\/fr\/shop\/\"},{\"@type\":\"ListItem\",\"position\":3,\"name\":\"CAV\/2 &#8211; Colonnes (2 unit\u00e9s) CAV (180\u00b0) pour barri\u00e8res infrarouges &#8211; \u00ab\u00a0Garden Guard\u00a0\u00bb\"}]},{\"@type\":\"WebSite\",\"@id\":\"https:\/\/bunkerseguridad.com\/fr\/#website\",\"url\":\"https:\/\/bunkerseguridad.com\/fr\/\",\"name\":\"Bunker Seguridad\",\"description\":\"Otro sitio realizado con WordPress\",\"potentialAction\":[{\"@type\":\"SearchAction\",\"target\":{\"@type\":\"EntryPoint\",\"urlTemplate\":\"https:\/\/bunkerseguridad.com\/fr\/?s={search_term_string}\"},\"query-input\":{\"@type\":\"PropertyValueSpecification\",\"valueRequired\":true,\"valueName\":\"search_term_string\"}}],\"inLanguage\":\"fr-FR\"}]}<\/script>\n<!-- \/ Yoast SEO plugin. -->","yoast_head_json":{"title":"CAV\/2 - Colonnes (2 unit\u00e9s) CAV (180\u00b0) pour barri\u00e8res infrarouges - \"Garden Guard\" - Bunker Seguridad","description":"capteurs de p\u00e9rim\u00e8tre et de syst\u00e8mes de s\u00e9curit\u00e9 a d\u00e9velopp\u00e9 la gamme \"Garden Guard\", compos\u00e9e de tours infrarouges d\u00e9guis\u00e9es en lampadaires IR et en lampes de jardin.","robots":{"index":"noindex","follow":"follow","max-snippet":"max-snippet:-1","max-image-preview":"max-image-preview:large","max-video-preview":"max-video-preview:-1"},"og_locale":"fr_FR","og_type":"article","og_title":"CAV\/2 - Colonnes (2 unit\u00e9s) CAV (180\u00b0) pour barri\u00e8res infrarouges - \"Garden Guard\" - Bunker Seguridad","og_description":"capteurs de p\u00e9rim\u00e8tre et de syst\u00e8mes de s\u00e9curit\u00e9 a d\u00e9velopp\u00e9 la gamme \"Garden Guard\", compos\u00e9e de tours infrarouges d\u00e9guis\u00e9es en lampadaires IR et en lampes de jardin.","og_url":"https:\/\/bunkerseguridad.com\/fr\/produit\/2-colonnes-cav-180-pour-barrieres-infrarouges\/","og_site_name":"Bunker Seguridad","article_modified_time":"2021-02-09T11:52:06+00:00","og_image":[{"width":1200,"height":1200,"url":"https:\/\/bunkerseguridad.com\/fr\/wp-content\/uploads\/2020\/10\/1200-PRODUCTOS-CAV.png","type":"image\/png"}],"twitter_card":"summary_large_image","twitter_misc":{"Dur\u00e9e de lecture estim\u00e9e":"2 minutes"},"schema":{"@context":"https:\/\/schema.org","@graph":[{"@type":"WebPage","@id":"https:\/\/bunkerseguridad.com\/fr\/produit\/2-colonnes-cav-180-pour-barrieres-infrarouges\/","url":"https:\/\/bunkerseguridad.com\/fr\/produit\/2-colonnes-cav-180-pour-barrieres-infrarouges\/","name":"CAV\/2 - Colonnes (2 unit\u00e9s) CAV (180\u00b0) pour barri\u00e8res infrarouges - \"Garden Guard\" - Bunker Seguridad","isPartOf":{"@id":"https:\/\/bunkerseguridad.com\/fr\/#website"},"primaryImageOfPage":{"@id":"https:\/\/bunkerseguridad.com\/fr\/produit\/2-colonnes-cav-180-pour-barrieres-infrarouges\/#primaryimage"},"image":{"@id":"https:\/\/bunkerseguridad.com\/fr\/produit\/2-colonnes-cav-180-pour-barrieres-infrarouges\/#primaryimage"},"thumbnailUrl":"https:\/\/bunkerseguridad.com\/fr\/wp-content\/uploads\/2020\/10\/1200-PRODUCTOS-CAV.png","datePublished":"2020-10-21T08:47:14+00:00","dateModified":"2021-02-09T11:52:06+00:00","description":"capteurs de p\u00e9rim\u00e8tre et de syst\u00e8mes de s\u00e9curit\u00e9 a d\u00e9velopp\u00e9 la gamme \"Garden Guard\", compos\u00e9e de tours infrarouges d\u00e9guis\u00e9es en lampadaires IR et en lampes de jardin.","breadcrumb":{"@id":"https:\/\/bunkerseguridad.com\/fr\/produit\/2-colonnes-cav-180-pour-barrieres-infrarouges\/#breadcrumb"},"inLanguage":"fr-FR","potentialAction":[{"@type":"ReadAction","target":["https:\/\/bunkerseguridad.com\/fr\/produit\/2-colonnes-cav-180-pour-barrieres-infrarouges\/"]}]},{"@type":"ImageObject","inLanguage":"fr-FR","@id":"https:\/\/bunkerseguridad.com\/fr\/produit\/2-colonnes-cav-180-pour-barrieres-infrarouges\/#primaryimage","url":"https:\/\/bunkerseguridad.com\/fr\/wp-content\/uploads\/2020\/10\/1200-PRODUCTOS-CAV.png","contentUrl":"https:\/\/bunkerseguridad.com\/fr\/wp-content\/uploads\/2020\/10\/1200-PRODUCTOS-CAV.png","width":1200,"height":1200,"caption":"CAV \/ 2, tour de lampe p\u00e9rim\u00e9trique"},{"@type":"BreadcrumbList","@id":"https:\/\/bunkerseguridad.com\/fr\/produit\/2-colonnes-cav-180-pour-barrieres-infrarouges\/#breadcrumb","itemListElement":[{"@type":"ListItem","position":1,"name":"Home","item":"https:\/\/bunkerseguridad.com\/fr\/"},{"@type":"ListItem","position":2,"name":"Shop","item":"https:\/\/bunkerseguridad.com\/fr\/shop\/"},{"@type":"ListItem","position":3,"name":"CAV\/2 &#8211; Colonnes (2 unit\u00e9s) CAV (180\u00b0) pour barri\u00e8res infrarouges &#8211; \u00ab\u00a0Garden Guard\u00a0\u00bb"}]},{"@type":"WebSite","@id":"https:\/\/bunkerseguridad.com\/fr\/#website","url":"https:\/\/bunkerseguridad.com\/fr\/","name":"Bunker Seguridad","description":"Otro sitio realizado con WordPress","potentialAction":[{"@type":"SearchAction","target":{"@type":"EntryPoint","urlTemplate":"https:\/\/bunkerseguridad.com\/fr\/?s={search_term_string}"},"query-input":{"@type":"PropertyValueSpecification","valueRequired":true,"valueName":"search_term_string"}}],"inLanguage":"fr-FR"}]}},"brands":[{"id":198,"name":"Bunker Seguridad","slug":"bunker-seguridad-electronica-s-l"}],"_links":{"self":[{"href":"https:\/\/bunkerseguridad.com\/fr\/wp-json\/wp\/v2\/product\/3282","targetHints":{"allow":["GET"]}}],"collection":[{"href":"https:\/\/bunkerseguridad.com\/fr\/wp-json\/wp\/v2\/product"}],"about":[{"href":"https:\/\/bunkerseguridad.com\/fr\/wp-json\/wp\/v2\/types\/product"}],"wp:featuredmedia":[{"embeddable":true,"href":"https:\/\/bunkerseguridad.com\/fr\/wp-json\/wp\/v2\/media\/3283"}],"wp:attachment":[{"href":"https:\/\/bunkerseguridad.com\/fr\/wp-json\/wp\/v2\/media?parent=3282"}],"wp:term":[{"taxonomy":"pwb-brand","embeddable":true,"href":"https:\/\/bunkerseguridad.com\/fr\/wp-json\/wp\/v2\/pwb-brand?post=3282"},{"taxonomy":"product_brand","embeddable":true,"href":"https:\/\/bunkerseguridad.com\/fr\/wp-json\/wp\/v2\/product_brand?post=3282"},{"taxonomy":"product_cat","embeddable":true,"href":"https:\/\/bunkerseguridad.com\/fr\/wp-json\/wp\/v2\/product_cat?post=3282"},{"taxonomy":"product_tag","embeddable":true,"href":"https:\/\/bunkerseguridad.com\/fr\/wp-json\/wp\/v2\/product_tag?post=3282"}],"curies":[{"name":"wp","href":"https:\/\/api.w.org\/{rel}","templated":true}]}}