{"id":3281,"date":"2020-10-21T08:37:05","date_gmt":"2020-10-21T08:37:05","guid":{"rendered":"http:\/\/www.bunkerseguridad.es\/en\/?post_type=product&#038;p=3281"},"modified":"2021-02-09T11:37:55","modified_gmt":"2021-02-09T11:37:55","slug":"malta-2-colonnes-180-pour-barrieres-infrarouges","status":"publish","type":"product","link":"https:\/\/bunkerseguridad.com\/fr\/produit\/malta-2-colonnes-180-pour-barrieres-infrarouges\/","title":{"rendered":"MALTA\/2 \u2013 Colonnes MALTA (180\u00ba) pour barri\u00e8res infrarouges"},"content":{"rendered":"<p>Bunker Seguridad, fabricant de capteurs p\u00e9rim\u00e9triques et de syst\u00e8mes de s\u00e9curit\u00e9 a d\u00e9velopp\u00e9 la gamme \u00ab\u00a0Garden Guard\u00a0\u00bb, compos\u00e9e de tours infrarouges d\u00e9guis\u00e9es en lampadaires IR et en lampes de jardin. Cette famille de tours IR, appel\u00e9e Garden Guard, est compos\u00e9e des r\u00e9f\u00e9rences MALTA, CAV et CAV-W. Concernant les deux premi\u00e8res, les tours infrarouges MALTA et CAV, il existe une version \u00ab\u00a0\/2\u00a0\u00bb (MALTA\/2 et CAV\/2) qui comprend deux unit\u00e9s dans un bo\u00eetier, qui n&rsquo;est que 30 cm plus grand que la r\u00e9f\u00e9rence de la tour photo\u00e9lectrique comprenant une seule unit\u00e9 (MALTA ou CAV), ce qui signifie une solution tr\u00e8s \u00e9conomique par rapport \u00e0 une r\u00e9f\u00e9rence \u00e0 une seule unit\u00e9 et en tenant compte des co\u00fbts de transport et de stockage.<\/p>\n<p>MALTE est un pyl\u00f4ne \u00e0 lampes infrarouges principalement utilis\u00e9 dans les zones r\u00e9sidentielles, un pyl\u00f4ne de type lampadaire de jardin. Il est possible de fixer jusqu&rsquo;\u00e0 trois faisceaux photo\u00e9lectriques infrarouges (avec deux faisceaux ; 3Tx + 3Rx ou une combinaison de capteurs photo\u00e9lectriques souhait\u00e9e) \u00e0 l&rsquo;int\u00e9rieur de la tour infrarouge. La tour de lampadaires de p\u00e9rim\u00e8tre MALTA Garden Guard a un design discret qui s&rsquo;int\u00e8gre parfaitement dans toute zone r\u00e9sidentielle sans perdre sa valeur esth\u00e9tique, tout en assurant la s\u00e9curit\u00e9 du p\u00e9rim\u00e8tre, l&rsquo;\u00e9l\u00e9gance et la lumi\u00e8re de la zone. Les capteurs sont compl\u00e8tement cach\u00e9s \u00e0 l&rsquo;int\u00e9rieur du poteau, ce qui assure la d\u00e9tection des intrus, \u00e9tant donn\u00e9 qu&rsquo;il ne serait pas au courant de l&rsquo;existence d&rsquo;un syst\u00e8me de s\u00e9curit\u00e9 p\u00e9rim\u00e9trique.<\/p>\n<p>Toute la gamme de tours infrarouges de p\u00e9rim\u00e8tre Garden Guard est parfaitement coordonn\u00e9e tant sur le plan esth\u00e9tique que fonctionnel, c&rsquo;est-\u00e0-dire que la tour de s\u00e9curit\u00e9 MALTA peut \u00eatre utilis\u00e9e avec les tours infrarouges MALTA, ou m\u00eame CAV et m\u00eame avec la gamme industrielle si n\u00e9cessaire (tours infrarouges PT, MB et MB-W).<\/p>\n<p><strong>Caract\u00e9ristiques:<\/strong><\/p>\n<p>MALTA est une tour infrarouge, appartenant \u00e0 la famille Garden Guard, destin\u00e9e \u00e0 \u00eatre fix\u00e9e au sol (voir le mod\u00e8le CAVW pour l&rsquo;installation murale).<\/p>\n<p>Tour infrarouge MALTA Garden Guard pour capteurs photo\u00e9lectriques \u00e0 deux faisceaux &#8211; dimensions :<\/p>\n<ul>\n<li>Le p\u00f4le ext\u00e9rieur de la tour infrarouge : 10 cm (3,94\u00a0\u00bb).<\/li>\n<li>Hauteur (lampe de la tour IR incluse) : 185 cm.<\/li>\n<li>Diam\u00e8tre de la base de la tour IR : 27 cm.<\/li>\n<li>Globe PC blanc translucide : 35 cm (13,78&Prime;).<\/li>\n<\/ul>\n<p>Mat\u00e9riau composant la tour photo\u00e9lectrique MALTA Garden Guard :<\/p>\n<ul>\n<li>Profil en aluminium qui constitue la partie centrale de la tour infrarouge de MALTE.<\/li>\n<li>Tube en polycarbonate noir avec traitement UV. Il a deux fonctions principales : d&rsquo;une part, il recouvre la structure en cachant \u00e0 la fois la localisation, l&rsquo;orientation et la hauteur des capteurs photo\u00e9lectriques et d&rsquo;autre part, il prot\u00e8ge ces capteurs des actes de vandalisme.<\/li>\n<li>Support de fixation de la base en ABS renforc\u00e9 o\u00f9 sont fix\u00e9s le profil en aluminium et le profil en polycarbonate de la tour de s\u00e9curit\u00e9.<\/li>\n<li>Douille en c\u00e9ramique pour la fixation de l&rsquo;ampoule E27 sur le dessus de la lampe de jardin infrarouge.<\/li>\n<\/ul>\n<p>MALTA\/2 Poids approximatif du garde-jardin : 11,35 kg.<\/p>\n","protected":false},"excerpt":{"rendered":"<p>Bunker Seguridad, fabricant de capteurs p\u00e9rim\u00e9triques et de syst\u00e8mes de s\u00e9curit\u00e9 a d\u00e9velopp\u00e9 la gamme \u00ab\u00a0Garden Guard\u00a0\u00bb, compos\u00e9e de tours infrarouges d\u00e9guis\u00e9es en lampadaires IR et en lampes de jardin.<\/p>\n","protected":false},"featured_media":3278,"template":"","meta":{"_et_pb_use_builder":"","_et_pb_old_content":"","_et_gb_content_width":""},"pwb-brand":[198],"product_brand":[],"product_cat":[41,50,52],"product_tag":[357,69,75,74,72,62],"class_list":{"0":"post-3281","1":"product","2":"type-product","3":"status-publish","4":"has-post-thumbnail","6":"pwb-brand-bunker-seguridad-electronica-s-l","7":"product_cat-detection-intrusion-perimetrique","8":"product_cat-colonnes-perimetriques","9":"product_cat-colonnes-pour-domestique","10":"product_tag-180o","11":"product_tag-installation-au-sol","12":"product_tag-lamppost","13":"product_tag-tour-de-jardin","14":"product_tag-tour-residentielle","15":"product_tag-visage-simple","17":"first","18":"instock","19":"shipping-taxable","20":"product-type-simple"},"yoast_head":"<!-- This site is optimized with the Yoast SEO plugin v25.2 - https:\/\/yoast.com\/wordpress\/plugins\/seo\/ -->\n<title>MALTA\/2 \u2013 Colonnes MALTA (180\u00ba) pour barri\u00e8res infrarouges - Bunker Seguridad<\/title>\n<meta name=\"description\" content=\"Capteurs p\u00e9rim\u00e9triques et de syst\u00e8mes de s\u00e9curit\u00e9 a d\u00e9velopp\u00e9 la gamme &quot;Garden Guard&quot;, compos\u00e9e de tours infrarouges d\u00e9guis\u00e9es en lampadaires IR et en lampes de jardin.\" \/>\n<meta name=\"robots\" content=\"noindex, follow, max-snippet:-1, max-image-preview:large, max-video-preview:-1\" \/>\n<meta property=\"og:locale\" content=\"fr_FR\" \/>\n<meta property=\"og:type\" content=\"article\" \/>\n<meta property=\"og:title\" content=\"MALTA\/2 \u2013 Colonnes MALTA (180\u00ba) pour barri\u00e8res infrarouges - Bunker Seguridad\" \/>\n<meta property=\"og:description\" content=\"Capteurs p\u00e9rim\u00e9triques et de syst\u00e8mes de s\u00e9curit\u00e9 a d\u00e9velopp\u00e9 la gamme &quot;Garden Guard&quot;, compos\u00e9e de tours infrarouges d\u00e9guis\u00e9es en lampadaires IR et en lampes de jardin.\" \/>\n<meta property=\"og:url\" content=\"https:\/\/bunkerseguridad.com\/fr\/produit\/malta-2-colonnes-180-pour-barrieres-infrarouges\/\" \/>\n<meta property=\"og:site_name\" content=\"Bunker Seguridad\" \/>\n<meta property=\"article:modified_time\" content=\"2021-02-09T11:37:55+00:00\" \/>\n<meta property=\"og:image\" content=\"https:\/\/bunkerseguridad.com\/fr\/wp-content\/uploads\/2020\/10\/1200-productos-MALTA.png\" \/>\n\t<meta property=\"og:image:width\" content=\"1200\" \/>\n\t<meta property=\"og:image:height\" content=\"1200\" \/>\n\t<meta property=\"og:image:type\" content=\"image\/png\" \/>\n<meta name=\"twitter:card\" content=\"summary_large_image\" \/>\n<meta name=\"twitter:label1\" content=\"Dur\u00e9e de lecture estim\u00e9e\" \/>\n\t<meta name=\"twitter:data1\" content=\"3 minutes\" \/>\n<script type=\"application\/ld+json\" class=\"yoast-schema-graph\">{\"@context\":\"https:\/\/schema.org\",\"@graph\":[{\"@type\":\"WebPage\",\"@id\":\"https:\/\/bunkerseguridad.com\/fr\/produit\/malta-2-colonnes-180-pour-barrieres-infrarouges\/\",\"url\":\"https:\/\/bunkerseguridad.com\/fr\/produit\/malta-2-colonnes-180-pour-barrieres-infrarouges\/\",\"name\":\"MALTA\/2 \u2013 Colonnes MALTA (180\u00ba) pour barri\u00e8res infrarouges - Bunker Seguridad\",\"isPartOf\":{\"@id\":\"https:\/\/bunkerseguridad.com\/fr\/#website\"},\"primaryImageOfPage\":{\"@id\":\"https:\/\/bunkerseguridad.com\/fr\/produit\/malta-2-colonnes-180-pour-barrieres-infrarouges\/#primaryimage\"},\"image\":{\"@id\":\"https:\/\/bunkerseguridad.com\/fr\/produit\/malta-2-colonnes-180-pour-barrieres-infrarouges\/#primaryimage\"},\"thumbnailUrl\":\"https:\/\/bunkerseguridad.com\/fr\/wp-content\/uploads\/2020\/10\/1200-productos-MALTA.png\",\"datePublished\":\"2020-10-21T08:37:05+00:00\",\"dateModified\":\"2021-02-09T11:37:55+00:00\",\"description\":\"Capteurs p\u00e9rim\u00e9triques et de syst\u00e8mes de s\u00e9curit\u00e9 a d\u00e9velopp\u00e9 la gamme \\\"Garden Guard\\\", compos\u00e9e de tours infrarouges d\u00e9guis\u00e9es en lampadaires IR et en lampes de jardin.\",\"breadcrumb\":{\"@id\":\"https:\/\/bunkerseguridad.com\/fr\/produit\/malta-2-colonnes-180-pour-barrieres-infrarouges\/#breadcrumb\"},\"inLanguage\":\"fr-FR\",\"potentialAction\":[{\"@type\":\"ReadAction\",\"target\":[\"https:\/\/bunkerseguridad.com\/fr\/produit\/malta-2-colonnes-180-pour-barrieres-infrarouges\/\"]}]},{\"@type\":\"ImageObject\",\"inLanguage\":\"fr-FR\",\"@id\":\"https:\/\/bunkerseguridad.com\/fr\/produit\/malta-2-colonnes-180-pour-barrieres-infrarouges\/#primaryimage\",\"url\":\"https:\/\/bunkerseguridad.com\/fr\/wp-content\/uploads\/2020\/10\/1200-productos-MALTA.png\",\"contentUrl\":\"https:\/\/bunkerseguridad.com\/fr\/wp-content\/uploads\/2020\/10\/1200-productos-MALTA.png\",\"width\":1200,\"height\":1200,\"caption\":\"MALTE - Tour de lampe p\u00e9rim\u00e9trique (180 \u00b0) pour photod\u00e9tecteurs infrarouges \u00e0 double faisceau\"},{\"@type\":\"BreadcrumbList\",\"@id\":\"https:\/\/bunkerseguridad.com\/fr\/produit\/malta-2-colonnes-180-pour-barrieres-infrarouges\/#breadcrumb\",\"itemListElement\":[{\"@type\":\"ListItem\",\"position\":1,\"name\":\"Home\",\"item\":\"https:\/\/bunkerseguridad.com\/fr\/\"},{\"@type\":\"ListItem\",\"position\":2,\"name\":\"Shop\",\"item\":\"https:\/\/bunkerseguridad.com\/fr\/shop\/\"},{\"@type\":\"ListItem\",\"position\":3,\"name\":\"MALTA\/2 \u2013 Colonnes MALTA (180\u00ba) pour barri\u00e8res infrarouges\"}]},{\"@type\":\"WebSite\",\"@id\":\"https:\/\/bunkerseguridad.com\/fr\/#website\",\"url\":\"https:\/\/bunkerseguridad.com\/fr\/\",\"name\":\"Bunker Seguridad\",\"description\":\"Otro sitio realizado con WordPress\",\"potentialAction\":[{\"@type\":\"SearchAction\",\"target\":{\"@type\":\"EntryPoint\",\"urlTemplate\":\"https:\/\/bunkerseguridad.com\/fr\/?s={search_term_string}\"},\"query-input\":{\"@type\":\"PropertyValueSpecification\",\"valueRequired\":true,\"valueName\":\"search_term_string\"}}],\"inLanguage\":\"fr-FR\"}]}<\/script>\n<!-- \/ Yoast SEO plugin. -->","yoast_head_json":{"title":"MALTA\/2 \u2013 Colonnes MALTA (180\u00ba) pour barri\u00e8res infrarouges - Bunker Seguridad","description":"Capteurs p\u00e9rim\u00e9triques et de syst\u00e8mes de s\u00e9curit\u00e9 a d\u00e9velopp\u00e9 la gamme \"Garden Guard\", compos\u00e9e de tours infrarouges d\u00e9guis\u00e9es en lampadaires IR et en lampes de jardin.","robots":{"index":"noindex","follow":"follow","max-snippet":"max-snippet:-1","max-image-preview":"max-image-preview:large","max-video-preview":"max-video-preview:-1"},"og_locale":"fr_FR","og_type":"article","og_title":"MALTA\/2 \u2013 Colonnes MALTA (180\u00ba) pour barri\u00e8res infrarouges - Bunker Seguridad","og_description":"Capteurs p\u00e9rim\u00e9triques et de syst\u00e8mes de s\u00e9curit\u00e9 a d\u00e9velopp\u00e9 la gamme \"Garden Guard\", compos\u00e9e de tours infrarouges d\u00e9guis\u00e9es en lampadaires IR et en lampes de jardin.","og_url":"https:\/\/bunkerseguridad.com\/fr\/produit\/malta-2-colonnes-180-pour-barrieres-infrarouges\/","og_site_name":"Bunker Seguridad","article_modified_time":"2021-02-09T11:37:55+00:00","og_image":[{"width":1200,"height":1200,"url":"https:\/\/bunkerseguridad.com\/fr\/wp-content\/uploads\/2020\/10\/1200-productos-MALTA.png","type":"image\/png"}],"twitter_card":"summary_large_image","twitter_misc":{"Dur\u00e9e de lecture estim\u00e9e":"3 minutes"},"schema":{"@context":"https:\/\/schema.org","@graph":[{"@type":"WebPage","@id":"https:\/\/bunkerseguridad.com\/fr\/produit\/malta-2-colonnes-180-pour-barrieres-infrarouges\/","url":"https:\/\/bunkerseguridad.com\/fr\/produit\/malta-2-colonnes-180-pour-barrieres-infrarouges\/","name":"MALTA\/2 \u2013 Colonnes MALTA (180\u00ba) pour barri\u00e8res infrarouges - Bunker Seguridad","isPartOf":{"@id":"https:\/\/bunkerseguridad.com\/fr\/#website"},"primaryImageOfPage":{"@id":"https:\/\/bunkerseguridad.com\/fr\/produit\/malta-2-colonnes-180-pour-barrieres-infrarouges\/#primaryimage"},"image":{"@id":"https:\/\/bunkerseguridad.com\/fr\/produit\/malta-2-colonnes-180-pour-barrieres-infrarouges\/#primaryimage"},"thumbnailUrl":"https:\/\/bunkerseguridad.com\/fr\/wp-content\/uploads\/2020\/10\/1200-productos-MALTA.png","datePublished":"2020-10-21T08:37:05+00:00","dateModified":"2021-02-09T11:37:55+00:00","description":"Capteurs p\u00e9rim\u00e9triques et de syst\u00e8mes de s\u00e9curit\u00e9 a d\u00e9velopp\u00e9 la gamme \"Garden Guard\", compos\u00e9e de tours infrarouges d\u00e9guis\u00e9es en lampadaires IR et en lampes de jardin.","breadcrumb":{"@id":"https:\/\/bunkerseguridad.com\/fr\/produit\/malta-2-colonnes-180-pour-barrieres-infrarouges\/#breadcrumb"},"inLanguage":"fr-FR","potentialAction":[{"@type":"ReadAction","target":["https:\/\/bunkerseguridad.com\/fr\/produit\/malta-2-colonnes-180-pour-barrieres-infrarouges\/"]}]},{"@type":"ImageObject","inLanguage":"fr-FR","@id":"https:\/\/bunkerseguridad.com\/fr\/produit\/malta-2-colonnes-180-pour-barrieres-infrarouges\/#primaryimage","url":"https:\/\/bunkerseguridad.com\/fr\/wp-content\/uploads\/2020\/10\/1200-productos-MALTA.png","contentUrl":"https:\/\/bunkerseguridad.com\/fr\/wp-content\/uploads\/2020\/10\/1200-productos-MALTA.png","width":1200,"height":1200,"caption":"MALTE - Tour de lampe p\u00e9rim\u00e9trique (180 \u00b0) pour photod\u00e9tecteurs infrarouges \u00e0 double faisceau"},{"@type":"BreadcrumbList","@id":"https:\/\/bunkerseguridad.com\/fr\/produit\/malta-2-colonnes-180-pour-barrieres-infrarouges\/#breadcrumb","itemListElement":[{"@type":"ListItem","position":1,"name":"Home","item":"https:\/\/bunkerseguridad.com\/fr\/"},{"@type":"ListItem","position":2,"name":"Shop","item":"https:\/\/bunkerseguridad.com\/fr\/shop\/"},{"@type":"ListItem","position":3,"name":"MALTA\/2 \u2013 Colonnes MALTA (180\u00ba) pour barri\u00e8res infrarouges"}]},{"@type":"WebSite","@id":"https:\/\/bunkerseguridad.com\/fr\/#website","url":"https:\/\/bunkerseguridad.com\/fr\/","name":"Bunker Seguridad","description":"Otro sitio realizado con WordPress","potentialAction":[{"@type":"SearchAction","target":{"@type":"EntryPoint","urlTemplate":"https:\/\/bunkerseguridad.com\/fr\/?s={search_term_string}"},"query-input":{"@type":"PropertyValueSpecification","valueRequired":true,"valueName":"search_term_string"}}],"inLanguage":"fr-FR"}]}},"brands":[{"id":198,"name":"Bunker Seguridad","slug":"bunker-seguridad-electronica-s-l"}],"_links":{"self":[{"href":"https:\/\/bunkerseguridad.com\/fr\/wp-json\/wp\/v2\/product\/3281","targetHints":{"allow":["GET"]}}],"collection":[{"href":"https:\/\/bunkerseguridad.com\/fr\/wp-json\/wp\/v2\/product"}],"about":[{"href":"https:\/\/bunkerseguridad.com\/fr\/wp-json\/wp\/v2\/types\/product"}],"wp:featuredmedia":[{"embeddable":true,"href":"https:\/\/bunkerseguridad.com\/fr\/wp-json\/wp\/v2\/media\/3278"}],"wp:attachment":[{"href":"https:\/\/bunkerseguridad.com\/fr\/wp-json\/wp\/v2\/media?parent=3281"}],"wp:term":[{"taxonomy":"pwb-brand","embeddable":true,"href":"https:\/\/bunkerseguridad.com\/fr\/wp-json\/wp\/v2\/pwb-brand?post=3281"},{"taxonomy":"product_brand","embeddable":true,"href":"https:\/\/bunkerseguridad.com\/fr\/wp-json\/wp\/v2\/product_brand?post=3281"},{"taxonomy":"product_cat","embeddable":true,"href":"https:\/\/bunkerseguridad.com\/fr\/wp-json\/wp\/v2\/product_cat?post=3281"},{"taxonomy":"product_tag","embeddable":true,"href":"https:\/\/bunkerseguridad.com\/fr\/wp-json\/wp\/v2\/product_tag?post=3281"}],"curies":[{"name":"wp","href":"https:\/\/api.w.org\/{rel}","templated":true}]}}