{"id":3258,"date":"2020-10-21T07:41:52","date_gmt":"2020-10-21T07:41:52","guid":{"rendered":"http:\/\/www.bunkerseguridad.es\/en\/?post_type=product&#038;p=3258"},"modified":"2021-02-09T11:17:27","modified_gmt":"2021-02-09T11:17:27","slug":"mbw-tour-a-faisceau-unilateral-montage-mural","status":"publish","type":"product","link":"https:\/\/bunkerseguridad.com\/fr\/produit\/mbw-tour-a-faisceau-unilateral-montage-mural\/","title":{"rendered":"MBW &#8211; Tour \u00e0 faisceau unilat\u00e9ral (180\u00b0), montage mural"},"content":{"rendered":"<p>Bunker Seguridad, fabricant de syst\u00e8mes de s\u00e9curit\u00e9 p\u00e9rim\u00e9trique, pr\u00e9sente un mod\u00e8le de tour infrarouge pour les capteurs \u00e0 moyenne et longue port\u00e9e et les d\u00e9tecteurs photo\u00e9lectriques MB-W, une tour \u00e0 une face (180\u00ba). La particularit\u00e9 de ce mod\u00e8le de tour infrarouge est que sa structure principale, compos\u00e9e d&rsquo;un profil\u00e9 courbe en aluminium anodis\u00e9 sur la face arri\u00e8re, le rend parfait pour une utilisation de s\u00e9curit\u00e9 p\u00e9rim\u00e9trique ext\u00e9rieure lorsque la tour d\u00e9passe la hauteur du mur o\u00f9 elle est fix\u00e9e. Le r\u00e9sultat est une installation de s\u00e9curit\u00e9 p\u00e9rim\u00e9trique \u00e0 rayons infrarouges, \u00e0 la fois \u00e9l\u00e9gante et robuste.<\/p>\n<p>\u00c9tant donn\u00e9 que Bunker fabrique une large gamme de produits de s\u00e9curit\u00e9 p\u00e9rim\u00e9trique destin\u00e9s uniquement aux zones r\u00e9sidentielles, tels que Garden Guard (MALTA, CAV et CAV-W), nous faisons r\u00e9f\u00e9rence \u00e0 la tour infrarouge MB-W avec l&rsquo;adjectif \u00ab\u00a0industrielle\u00a0\u00bb, m\u00eame si dans les situations r\u00e9elles, les tours de s\u00e9curit\u00e9 MB IR (180\u00ba) et PT (360\u00ba) sont tr\u00e8s souvent install\u00e9es dans des zones r\u00e9sidentielles et elles int\u00e8grent parfaitement leur design \u00e9l\u00e9gant dans l&rsquo;environnement.<\/p>\n<p><strong>Caract\u00e9ristiques :<\/strong><br \/>\nTous les mod\u00e8les de tours infrarouges MB-W \u00e0 une face (180\u00ba) pour la protection du p\u00e9rim\u00e8tre de s\u00e9curit\u00e9 comprennent les \u00e9l\u00e9ments suivants:<\/p>\n<ul>\n<li>Profil en polycarbonate noir qui laisse passer les rayons infrarouges, \u00e9mis par le faisceau photo\u00e9lectrique.<\/li>\n<li>Profil en aluminium anodis\u00e9 noir qui fait partie de la structure de la tour infrarouge, incurv\u00e9 sur la face arri\u00e8re.<\/li>\n<li>Deux tampons anti-sabotage \u00e0 fixer sur la partie sup\u00e9rieure de la tour IR et par cons\u00e9quent \u00e9viter une \u00e9ventuelle manipulation du syst\u00e8me de s\u00e9curit\u00e9 p\u00e9rim\u00e9trique en mettant hors service une cellule photo\u00e9lectrique ou m\u00eame en annulant un rayon photo\u00e9lectrique infrarouge.<\/li>\n<li>Kit d&rsquo;installation : il est compos\u00e9 de vis inoxydables, utilis\u00e9es pour fixer une tour infrarouge au mur, pour fixer des faisceaux de photos infrarouges \u00e0 la partie principale de la tour de s\u00e9curit\u00e9, etc.<\/li>\n<\/ul>\n<p>La tour infrarouge de s\u00e9curit\u00e9 p\u00e9rim\u00e9trique MB-W \u00e0 usage mural est munie d&rsquo;un seul trou sur le c\u00f4t\u00e9 inf\u00e9rieur de la tour infrarouge, l&rsquo;installateur doit en faire un autre afin de pouvoir fixer la tour infrarouge au mur. La raison en est que de cette fa\u00e7on, l&rsquo;installateur de la tour de s\u00e9curit\u00e9 p\u00e9rim\u00e9trique peut choisir l&rsquo;endroit de la tour o\u00f9 il veut faire le trou pour \u00e9viter que le trou ne soit visible si la tour de s\u00e9curit\u00e9 n&rsquo;est pas fix\u00e9e \u00e0 100% au mur.<\/p>\n<p>En tant que fabricant, Bunker offre la possibilit\u00e9 d&rsquo;adapter la hauteur de la tour infrarouge au cas o\u00f9 aucune de nos r\u00e9f\u00e9rences de tours infrarouges 180\u00ba MB-W ne r\u00e9pondrait \u00e0 vos besoins en mati\u00e8re de syst\u00e8me de s\u00e9curit\u00e9 p\u00e9rim\u00e9trique.<\/p>\n","protected":false},"excerpt":{"rendered":"<p><strong>Tours p\u00e9rim\u00e9triques MBW \u00e0 un c\u00f4t\u00e9 (180\u00b0) pour faisceaux photo\u00e9lectriques infrarouges, installation murale<\/strong>, utilis\u00e9es pour la d\u00e9tection ext\u00e9rieure, disponibles en diff\u00e9rentes hauteurs.<\/p>\n<p>Deux dispositifs d&rsquo;inviolabilit\u00e9 anti-ouverture sont inclus.<\/p>\n","protected":false},"featured_media":3273,"template":"","meta":{"_et_pb_use_builder":"","_et_pb_old_content":"","_et_gb_content_width":""},"pwb-brand":[198],"product_brand":[],"product_cat":[41,50,53],"product_tag":[366,357,65,67,68,64,70,71,62],"class_list":{"0":"post-3258","1":"product","2":"type-product","3":"status-publish","4":"has-post-thumbnail","6":"pwb-brand-bunker-seguridad-electronica-s-l","7":"product_cat-detection-intrusion-perimetrique","8":"product_cat-colonnes-perimetriques","9":"product_cat-colonnes-industriel","10":"product_tag-1-5m","11":"product_tag-180o","12":"product_tag-1m","13":"product_tag-2m","14":"product_tag-3m","15":"product_tag-50cm","16":"product_tag-montage-mural","17":"product_tag-tour-industrielle","18":"product_tag-visage-simple","20":"first","21":"instock","22":"shipping-taxable","23":"product-type-simple"},"yoast_head":"<!-- This site is optimized with the Yoast SEO plugin v25.2 - https:\/\/yoast.com\/wordpress\/plugins\/seo\/ -->\n<title>MBW - Tour \u00e0 faisceau unilat\u00e9ral (180\u00b0), montage mural - Bunker Seguridad<\/title>\n<meta name=\"description\" content=\"Tours p\u00e9rim\u00e9triques \u00e0 un seul c\u00f4t\u00e9 (180\u00b0) pour les faisceaux de photos infrarouges. D\u00e9tection ext\u00e9rieure et installation murale, disponibles en diff\u00e9rentes hauteurs.\" \/>\n<meta name=\"robots\" content=\"noindex, follow, max-snippet:-1, max-image-preview:large, max-video-preview:-1\" \/>\n<meta property=\"og:locale\" content=\"fr_FR\" \/>\n<meta property=\"og:type\" content=\"article\" \/>\n<meta property=\"og:title\" content=\"MBW - Tour \u00e0 faisceau unilat\u00e9ral (180\u00b0), montage mural - Bunker Seguridad\" \/>\n<meta property=\"og:description\" content=\"Tours p\u00e9rim\u00e9triques \u00e0 un seul c\u00f4t\u00e9 (180\u00b0) pour les faisceaux de photos infrarouges. D\u00e9tection ext\u00e9rieure et installation murale, disponibles en diff\u00e9rentes hauteurs.\" \/>\n<meta property=\"og:url\" content=\"https:\/\/bunkerseguridad.com\/fr\/produit\/mbw-tour-a-faisceau-unilateral-montage-mural\/\" \/>\n<meta property=\"og:site_name\" content=\"Bunker Seguridad\" \/>\n<meta property=\"article:modified_time\" content=\"2021-02-09T11:17:27+00:00\" \/>\n<meta property=\"og:image\" content=\"https:\/\/bunkerseguridad.com\/fr\/wp-content\/uploads\/2020\/10\/1200-productos-MB-W.png\" \/>\n\t<meta property=\"og:image:width\" content=\"1200\" \/>\n\t<meta property=\"og:image:height\" content=\"1200\" \/>\n\t<meta property=\"og:image:type\" content=\"image\/png\" \/>\n<meta name=\"twitter:card\" content=\"summary_large_image\" \/>\n<meta name=\"twitter:label1\" content=\"Dur\u00e9e de lecture estim\u00e9e\" \/>\n\t<meta name=\"twitter:data1\" content=\"2 minutes\" \/>\n<script type=\"application\/ld+json\" class=\"yoast-schema-graph\">{\"@context\":\"https:\/\/schema.org\",\"@graph\":[{\"@type\":\"WebPage\",\"@id\":\"https:\/\/bunkerseguridad.com\/fr\/produit\/mbw-tour-a-faisceau-unilateral-montage-mural\/\",\"url\":\"https:\/\/bunkerseguridad.com\/fr\/produit\/mbw-tour-a-faisceau-unilateral-montage-mural\/\",\"name\":\"MBW - Tour \u00e0 faisceau unilat\u00e9ral (180\u00b0), montage mural - Bunker Seguridad\",\"isPartOf\":{\"@id\":\"https:\/\/bunkerseguridad.com\/fr\/#website\"},\"primaryImageOfPage\":{\"@id\":\"https:\/\/bunkerseguridad.com\/fr\/produit\/mbw-tour-a-faisceau-unilateral-montage-mural\/#primaryimage\"},\"image\":{\"@id\":\"https:\/\/bunkerseguridad.com\/fr\/produit\/mbw-tour-a-faisceau-unilateral-montage-mural\/#primaryimage\"},\"thumbnailUrl\":\"https:\/\/bunkerseguridad.com\/fr\/wp-content\/uploads\/2020\/10\/1200-productos-MB-W.png\",\"datePublished\":\"2020-10-21T07:41:52+00:00\",\"dateModified\":\"2021-02-09T11:17:27+00:00\",\"description\":\"Tours p\u00e9rim\u00e9triques \u00e0 un seul c\u00f4t\u00e9 (180\u00b0) pour les faisceaux de photos infrarouges. D\u00e9tection ext\u00e9rieure et installation murale, disponibles en diff\u00e9rentes hauteurs.\",\"breadcrumb\":{\"@id\":\"https:\/\/bunkerseguridad.com\/fr\/produit\/mbw-tour-a-faisceau-unilateral-montage-mural\/#breadcrumb\"},\"inLanguage\":\"fr-FR\",\"potentialAction\":[{\"@type\":\"ReadAction\",\"target\":[\"https:\/\/bunkerseguridad.com\/fr\/produit\/mbw-tour-a-faisceau-unilateral-montage-mural\/\"]}]},{\"@type\":\"ImageObject\",\"inLanguage\":\"fr-FR\",\"@id\":\"https:\/\/bunkerseguridad.com\/fr\/produit\/mbw-tour-a-faisceau-unilateral-montage-mural\/#primaryimage\",\"url\":\"https:\/\/bunkerseguridad.com\/fr\/wp-content\/uploads\/2020\/10\/1200-productos-MB-W.png\",\"contentUrl\":\"https:\/\/bunkerseguridad.com\/fr\/wp-content\/uploads\/2020\/10\/1200-productos-MB-W.png\",\"width\":1200,\"height\":1200,\"caption\":\"MBW - Tour de p\u00e9rim\u00e8tre de protection unilat\u00e9rale (180 \u00b0) pour montage mural\"},{\"@type\":\"BreadcrumbList\",\"@id\":\"https:\/\/bunkerseguridad.com\/fr\/produit\/mbw-tour-a-faisceau-unilateral-montage-mural\/#breadcrumb\",\"itemListElement\":[{\"@type\":\"ListItem\",\"position\":1,\"name\":\"Home\",\"item\":\"https:\/\/bunkerseguridad.com\/fr\/\"},{\"@type\":\"ListItem\",\"position\":2,\"name\":\"Shop\",\"item\":\"https:\/\/bunkerseguridad.com\/fr\/shop\/\"},{\"@type\":\"ListItem\",\"position\":3,\"name\":\"MBW &#8211; Tour \u00e0 faisceau unilat\u00e9ral (180\u00b0), montage mural\"}]},{\"@type\":\"WebSite\",\"@id\":\"https:\/\/bunkerseguridad.com\/fr\/#website\",\"url\":\"https:\/\/bunkerseguridad.com\/fr\/\",\"name\":\"Bunker Seguridad\",\"description\":\"Otro sitio realizado con WordPress\",\"potentialAction\":[{\"@type\":\"SearchAction\",\"target\":{\"@type\":\"EntryPoint\",\"urlTemplate\":\"https:\/\/bunkerseguridad.com\/fr\/?s={search_term_string}\"},\"query-input\":{\"@type\":\"PropertyValueSpecification\",\"valueRequired\":true,\"valueName\":\"search_term_string\"}}],\"inLanguage\":\"fr-FR\"}]}<\/script>\n<!-- \/ Yoast SEO plugin. -->","yoast_head_json":{"title":"MBW - Tour \u00e0 faisceau unilat\u00e9ral (180\u00b0), montage mural - Bunker Seguridad","description":"Tours p\u00e9rim\u00e9triques \u00e0 un seul c\u00f4t\u00e9 (180\u00b0) pour les faisceaux de photos infrarouges. D\u00e9tection ext\u00e9rieure et installation murale, disponibles en diff\u00e9rentes hauteurs.","robots":{"index":"noindex","follow":"follow","max-snippet":"max-snippet:-1","max-image-preview":"max-image-preview:large","max-video-preview":"max-video-preview:-1"},"og_locale":"fr_FR","og_type":"article","og_title":"MBW - Tour \u00e0 faisceau unilat\u00e9ral (180\u00b0), montage mural - Bunker Seguridad","og_description":"Tours p\u00e9rim\u00e9triques \u00e0 un seul c\u00f4t\u00e9 (180\u00b0) pour les faisceaux de photos infrarouges. D\u00e9tection ext\u00e9rieure et installation murale, disponibles en diff\u00e9rentes hauteurs.","og_url":"https:\/\/bunkerseguridad.com\/fr\/produit\/mbw-tour-a-faisceau-unilateral-montage-mural\/","og_site_name":"Bunker Seguridad","article_modified_time":"2021-02-09T11:17:27+00:00","og_image":[{"width":1200,"height":1200,"url":"https:\/\/bunkerseguridad.com\/fr\/wp-content\/uploads\/2020\/10\/1200-productos-MB-W.png","type":"image\/png"}],"twitter_card":"summary_large_image","twitter_misc":{"Dur\u00e9e de lecture estim\u00e9e":"2 minutes"},"schema":{"@context":"https:\/\/schema.org","@graph":[{"@type":"WebPage","@id":"https:\/\/bunkerseguridad.com\/fr\/produit\/mbw-tour-a-faisceau-unilateral-montage-mural\/","url":"https:\/\/bunkerseguridad.com\/fr\/produit\/mbw-tour-a-faisceau-unilateral-montage-mural\/","name":"MBW - Tour \u00e0 faisceau unilat\u00e9ral (180\u00b0), montage mural - Bunker Seguridad","isPartOf":{"@id":"https:\/\/bunkerseguridad.com\/fr\/#website"},"primaryImageOfPage":{"@id":"https:\/\/bunkerseguridad.com\/fr\/produit\/mbw-tour-a-faisceau-unilateral-montage-mural\/#primaryimage"},"image":{"@id":"https:\/\/bunkerseguridad.com\/fr\/produit\/mbw-tour-a-faisceau-unilateral-montage-mural\/#primaryimage"},"thumbnailUrl":"https:\/\/bunkerseguridad.com\/fr\/wp-content\/uploads\/2020\/10\/1200-productos-MB-W.png","datePublished":"2020-10-21T07:41:52+00:00","dateModified":"2021-02-09T11:17:27+00:00","description":"Tours p\u00e9rim\u00e9triques \u00e0 un seul c\u00f4t\u00e9 (180\u00b0) pour les faisceaux de photos infrarouges. D\u00e9tection ext\u00e9rieure et installation murale, disponibles en diff\u00e9rentes hauteurs.","breadcrumb":{"@id":"https:\/\/bunkerseguridad.com\/fr\/produit\/mbw-tour-a-faisceau-unilateral-montage-mural\/#breadcrumb"},"inLanguage":"fr-FR","potentialAction":[{"@type":"ReadAction","target":["https:\/\/bunkerseguridad.com\/fr\/produit\/mbw-tour-a-faisceau-unilateral-montage-mural\/"]}]},{"@type":"ImageObject","inLanguage":"fr-FR","@id":"https:\/\/bunkerseguridad.com\/fr\/produit\/mbw-tour-a-faisceau-unilateral-montage-mural\/#primaryimage","url":"https:\/\/bunkerseguridad.com\/fr\/wp-content\/uploads\/2020\/10\/1200-productos-MB-W.png","contentUrl":"https:\/\/bunkerseguridad.com\/fr\/wp-content\/uploads\/2020\/10\/1200-productos-MB-W.png","width":1200,"height":1200,"caption":"MBW - Tour de p\u00e9rim\u00e8tre de protection unilat\u00e9rale (180 \u00b0) pour montage mural"},{"@type":"BreadcrumbList","@id":"https:\/\/bunkerseguridad.com\/fr\/produit\/mbw-tour-a-faisceau-unilateral-montage-mural\/#breadcrumb","itemListElement":[{"@type":"ListItem","position":1,"name":"Home","item":"https:\/\/bunkerseguridad.com\/fr\/"},{"@type":"ListItem","position":2,"name":"Shop","item":"https:\/\/bunkerseguridad.com\/fr\/shop\/"},{"@type":"ListItem","position":3,"name":"MBW &#8211; Tour \u00e0 faisceau unilat\u00e9ral (180\u00b0), montage mural"}]},{"@type":"WebSite","@id":"https:\/\/bunkerseguridad.com\/fr\/#website","url":"https:\/\/bunkerseguridad.com\/fr\/","name":"Bunker Seguridad","description":"Otro sitio realizado con WordPress","potentialAction":[{"@type":"SearchAction","target":{"@type":"EntryPoint","urlTemplate":"https:\/\/bunkerseguridad.com\/fr\/?s={search_term_string}"},"query-input":{"@type":"PropertyValueSpecification","valueRequired":true,"valueName":"search_term_string"}}],"inLanguage":"fr-FR"}]}},"brands":[{"id":198,"name":"Bunker Seguridad","slug":"bunker-seguridad-electronica-s-l"}],"_links":{"self":[{"href":"https:\/\/bunkerseguridad.com\/fr\/wp-json\/wp\/v2\/product\/3258","targetHints":{"allow":["GET"]}}],"collection":[{"href":"https:\/\/bunkerseguridad.com\/fr\/wp-json\/wp\/v2\/product"}],"about":[{"href":"https:\/\/bunkerseguridad.com\/fr\/wp-json\/wp\/v2\/types\/product"}],"wp:featuredmedia":[{"embeddable":true,"href":"https:\/\/bunkerseguridad.com\/fr\/wp-json\/wp\/v2\/media\/3273"}],"wp:attachment":[{"href":"https:\/\/bunkerseguridad.com\/fr\/wp-json\/wp\/v2\/media?parent=3258"}],"wp:term":[{"taxonomy":"pwb-brand","embeddable":true,"href":"https:\/\/bunkerseguridad.com\/fr\/wp-json\/wp\/v2\/pwb-brand?post=3258"},{"taxonomy":"product_brand","embeddable":true,"href":"https:\/\/bunkerseguridad.com\/fr\/wp-json\/wp\/v2\/product_brand?post=3258"},{"taxonomy":"product_cat","embeddable":true,"href":"https:\/\/bunkerseguridad.com\/fr\/wp-json\/wp\/v2\/product_cat?post=3258"},{"taxonomy":"product_tag","embeddable":true,"href":"https:\/\/bunkerseguridad.com\/fr\/wp-json\/wp\/v2\/product_tag?post=3258"}],"curies":[{"name":"wp","href":"https:\/\/api.w.org\/{rel}","templated":true}]}}