{"id":3185,"date":"2020-10-20T08:28:33","date_gmt":"2020-10-20T08:28:33","guid":{"rendered":"http:\/\/www.bunkerseguridad.es\/en\/?post_type=product&#038;p=3185"},"modified":"2021-02-16T09:06:16","modified_gmt":"2021-02-16T09:06:16","slug":"illuminateurs-led-lumiere-blanche-grand","status":"publish","type":"product","link":"https:\/\/bunkerseguridad.com\/fr\/produit\/illuminateurs-led-lumiere-blanche-grand\/","title":{"rendered":"Illuminateurs LED lumi\u00e8re blanche (Grand)"},"content":{"rendered":"<div class=\"field field-name-field-descripcion field-type-text-long field-label-hidden\">\n<div class=\"field-items\">\n<div class=\"field-item even\">\n<p>Grand projecteur \u00e0 lumi\u00e8re blanche PLUS<\/p>\n<p>Les projecteurs \u00e0 LED \u00e0 lumi\u00e8re blanche haute performance de la gamme Clarius\u00ae PLUS sont con\u00e7us pour offrir des performances de premier plan, une longue dur\u00e9e de vie et une maintenance r\u00e9duite.<\/p>\n<p>Ils int\u00e8grent les toutes derni\u00e8res LED mont\u00e9es en surface, avec une sortie optique am\u00e9lior\u00e9e et une fiabilit\u00e9 remarquable, pour obtenir d&rsquo;excellentes images de nuit.<\/p>\n<p>Chaque unit\u00e9 est dot\u00e9e d&rsquo;un circuit de contr\u00f4le int\u00e9gr\u00e9, qui commande avec pr\u00e9cision la sortie des LED et assure ainsi un \u00e9clairage homog\u00e8ne, pour une dur\u00e9e de vie pr\u00e9visionnelle de plus de 10\u00a0ans.<\/p>\n<p>Les projecteurs de la gamme Clarius\u00ae PLUS incluent un nouveau syst\u00e8me de diffusion \u00e0 lentilles interchangeables qui permet \u00e0 l&rsquo;utilisateur de modifier rapidement et facilement l&rsquo;angle d&rsquo;\u00e9clairage. Les profils de faisceau elliptiques permettent d&rsquo;\u00e9clairer davantage certains endroits en fonction des besoins, pour ainsi couvrir des distances plus longues et minimiser le gaspillage de lumi\u00e8re. Le syst\u00e8me aide \u00e9galement \u00e0 \u00e9viter la surexposition des objets situ\u00e9s au premier plan.<\/p>\n<p>Le projecteur inclut par d\u00e9faut des lentilles interchangeables offrant des profils de faisceau elliptiques de 10\u00b0 circulaire, 20\u00b0, 30\u00b0, 60\u00b0, 80\u00b0 and 95\u00b0 elliptical.<\/p>\n<p>L&rsquo;installation est simple et rapide, et l&rsquo;alimentation requise est seulement de 12-32 V CC \/ 24 V CA +\/-10 %.<\/p>\n<p>&nbsp;<\/p>\n<\/div>\n<\/div>\n<\/div>\n<p><strong>Caract\u00e9ristiques:<\/strong><\/p>\n<div class=\"field field-name-field-caracteristicas field-type-text-long field-label-above\" style=\"color: #666666;\">\n<div class=\"field-items\">\n<div class=\"field-item even\">\n<ul>\n<li><strong>TRUCTURE: <\/strong>Extrusion d&rsquo;aluminium de haute qualit\u00e9 r\u00e9sistante<strong><br \/>\n<\/strong><\/li>\n<li><strong>PHOTOCELLULE: <\/strong>r\u00e9glable 20 &#8211; 70 lux<strong><br \/>\n<\/strong><\/li>\n<li><strong>ECLAIRAGE: <\/strong>R\u00e9glable 10% &#8211; 100%<strong><br \/>\n<\/strong><\/li>\n<li><strong>TEMP\u00c9RATURE DE FONCTIONNEMENT: <\/strong>-50 \u00b0 -50 \u00b0 C (-58 \u00b0 -122 \u00b0 F)<strong><br \/>\n<\/strong><\/li>\n<li><strong>ASSEMBLAGE: <\/strong>Support mural en acier inoxydable avec rev\u00eatement en poudre<strong><br \/>\n<\/strong><\/li>\n<li><strong>ENTREE: <\/strong>12-32 V DC ou 24 V AC +\/- 10%<strong><br \/>\n<\/strong><\/li>\n<li><strong>CONSOMMATION: <\/strong>39W<strong><br \/>\n<\/strong><\/li>\n<li><strong>CLASSIFICATION IP: IP66 conforme \u00e0 la norme EN60529: <\/strong>1992<strong><br \/>\n<\/strong><\/li>\n<li><strong>\u00c9LECTRONIQUE: <\/strong>LED de montage en surface puissantes et hautement efficaces avec circuits de commande int\u00e9gr\u00e9s avanc\u00e9s \u00e0 courant limit\u00e9.<strong><br \/>\n<\/strong><\/li>\n<li><strong>PERFORMANCE LUMENIQUE: <\/strong>3600 lm<strong><br \/>\n<\/strong><\/li>\n<li><strong>TEMP\u00c9RATURE DE COULEUR: <\/strong>5700 K (options 6000K et 6500K disponibles sur demande)<strong><br \/>\n<\/strong><\/li>\n<li><strong>INDEX DE LA QUALIT\u00c9 DES COULEURS:<\/strong> Astuce. 80<strong><br \/>\n<\/strong><\/li>\n<li><strong>APPAREIL D\u2019ALIMENTATION RECOMMAND\u00c9:<\/strong> ALT-60-24<\/li>\n<\/ul>\n<\/div>\n<\/div>\n<\/div>\n","protected":false},"excerpt":{"rendered":"<p><strong>Illuminateur LED<\/strong> \u00e0 lumi\u00e8re blanche con\u00e7u pour fournir un \u00e9clairage d\u00e9di\u00e9 aux cam\u00e9ras IP via PoE + pour des distances allant jusqu&rsquo;\u00e0 139 m. Il utilise la derni\u00e8re technologie SMT LED \u2122.<\/p>\n<p><strong>Haute performance<\/strong> avec une consommation de 39W. IP66.<\/p>\n","protected":false},"featured_media":3189,"template":"","meta":{"_et_pb_use_builder":"","_et_pb_old_content":"","_et_gb_content_width":""},"pwb-brand":[204],"product_brand":[],"product_cat":[41,42],"product_tag":[108,109,105],"class_list":{"0":"post-3185","1":"product","2":"type-product","3":"status-publish","4":"has-post-thumbnail","6":"pwb-brand-clarius","7":"product_cat-detection-intrusion-perimetrique","8":"product_cat-illuminateurs-led","9":"product_tag-illuminateur-infrarouge","10":"product_tag-illuminateur-lumiere-blanche","11":"product_tag-longue-portee","13":"first","14":"instock","15":"shipping-taxable","16":"product-type-simple"},"yoast_head":"<!-- This site is optimized with the Yoast SEO plugin v25.2 - https:\/\/yoast.com\/wordpress\/plugins\/seo\/ -->\n<title>Illuminateurs LED lumi\u00e8re blanche (Grand) - Bunker Seguridad<\/title>\n<meta name=\"description\" content=\"CLARIUS LED \u00e0 lumi\u00e8re blanche fournit un \u00e9clairage d\u00e9di\u00e9 pour des distances allant jusqu&#039;\u00e0 139 m. Il utilise la derni\u00e8re technologie SMT LED.\" \/>\n<meta name=\"robots\" content=\"noindex, follow, max-snippet:-1, max-image-preview:large, max-video-preview:-1\" \/>\n<meta property=\"og:locale\" content=\"fr_FR\" \/>\n<meta property=\"og:type\" content=\"article\" \/>\n<meta property=\"og:title\" content=\"Illuminateurs LED lumi\u00e8re blanche (Grand) - Bunker Seguridad\" \/>\n<meta property=\"og:description\" content=\"CLARIUS LED \u00e0 lumi\u00e8re blanche fournit un \u00e9clairage d\u00e9di\u00e9 pour des distances allant jusqu&#039;\u00e0 139 m. Il utilise la derni\u00e8re technologie SMT LED.\" \/>\n<meta property=\"og:url\" content=\"https:\/\/bunkerseguridad.com\/fr\/produit\/illuminateurs-led-lumiere-blanche-grand\/\" \/>\n<meta property=\"og:site_name\" content=\"Bunker Seguridad\" \/>\n<meta property=\"article:modified_time\" content=\"2021-02-16T09:06:16+00:00\" \/>\n<meta property=\"og:image\" content=\"https:\/\/bunkerseguridad.com\/fr\/wp-content\/uploads\/2020\/10\/clarius-large-vl_0.png\" \/>\n\t<meta property=\"og:image:width\" content=\"1200\" \/>\n\t<meta property=\"og:image:height\" content=\"1200\" \/>\n\t<meta property=\"og:image:type\" content=\"image\/png\" \/>\n<meta name=\"twitter:card\" content=\"summary_large_image\" \/>\n<meta name=\"twitter:label1\" content=\"Dur\u00e9e de lecture estim\u00e9e\" \/>\n\t<meta name=\"twitter:data1\" content=\"2 minutes\" \/>\n<script type=\"application\/ld+json\" class=\"yoast-schema-graph\">{\"@context\":\"https:\/\/schema.org\",\"@graph\":[{\"@type\":\"WebPage\",\"@id\":\"https:\/\/bunkerseguridad.com\/fr\/produit\/illuminateurs-led-lumiere-blanche-grand\/\",\"url\":\"https:\/\/bunkerseguridad.com\/fr\/produit\/illuminateurs-led-lumiere-blanche-grand\/\",\"name\":\"Illuminateurs LED lumi\u00e8re blanche (Grand) - Bunker Seguridad\",\"isPartOf\":{\"@id\":\"https:\/\/bunkerseguridad.com\/fr\/#website\"},\"primaryImageOfPage\":{\"@id\":\"https:\/\/bunkerseguridad.com\/fr\/produit\/illuminateurs-led-lumiere-blanche-grand\/#primaryimage\"},\"image\":{\"@id\":\"https:\/\/bunkerseguridad.com\/fr\/produit\/illuminateurs-led-lumiere-blanche-grand\/#primaryimage\"},\"thumbnailUrl\":\"https:\/\/bunkerseguridad.com\/fr\/wp-content\/uploads\/2020\/10\/clarius-large-vl_0.png\",\"datePublished\":\"2020-10-20T08:28:33+00:00\",\"dateModified\":\"2021-02-16T09:06:16+00:00\",\"description\":\"CLARIUS LED \u00e0 lumi\u00e8re blanche fournit un \u00e9clairage d\u00e9di\u00e9 pour des distances allant jusqu'\u00e0 139 m. Il utilise la derni\u00e8re technologie SMT LED.\",\"breadcrumb\":{\"@id\":\"https:\/\/bunkerseguridad.com\/fr\/produit\/illuminateurs-led-lumiere-blanche-grand\/#breadcrumb\"},\"inLanguage\":\"fr-FR\",\"potentialAction\":[{\"@type\":\"ReadAction\",\"target\":[\"https:\/\/bunkerseguridad.com\/fr\/produit\/illuminateurs-led-lumiere-blanche-grand\/\"]}]},{\"@type\":\"ImageObject\",\"inLanguage\":\"fr-FR\",\"@id\":\"https:\/\/bunkerseguridad.com\/fr\/produit\/illuminateurs-led-lumiere-blanche-grand\/#primaryimage\",\"url\":\"https:\/\/bunkerseguridad.com\/fr\/wp-content\/uploads\/2020\/10\/clarius-large-vl_0.png\",\"contentUrl\":\"https:\/\/bunkerseguridad.com\/fr\/wp-content\/uploads\/2020\/10\/clarius-large-vl_0.png\",\"width\":1200,\"height\":1200,\"caption\":\"CLARIUS Plus lumi\u00e8re blanche Large\"},{\"@type\":\"BreadcrumbList\",\"@id\":\"https:\/\/bunkerseguridad.com\/fr\/produit\/illuminateurs-led-lumiere-blanche-grand\/#breadcrumb\",\"itemListElement\":[{\"@type\":\"ListItem\",\"position\":1,\"name\":\"Home\",\"item\":\"https:\/\/bunkerseguridad.com\/fr\/\"},{\"@type\":\"ListItem\",\"position\":2,\"name\":\"Shop\",\"item\":\"https:\/\/bunkerseguridad.com\/fr\/shop\/\"},{\"@type\":\"ListItem\",\"position\":3,\"name\":\"Illuminateurs LED lumi\u00e8re blanche (Grand)\"}]},{\"@type\":\"WebSite\",\"@id\":\"https:\/\/bunkerseguridad.com\/fr\/#website\",\"url\":\"https:\/\/bunkerseguridad.com\/fr\/\",\"name\":\"Bunker Seguridad\",\"description\":\"Otro sitio realizado con WordPress\",\"potentialAction\":[{\"@type\":\"SearchAction\",\"target\":{\"@type\":\"EntryPoint\",\"urlTemplate\":\"https:\/\/bunkerseguridad.com\/fr\/?s={search_term_string}\"},\"query-input\":{\"@type\":\"PropertyValueSpecification\",\"valueRequired\":true,\"valueName\":\"search_term_string\"}}],\"inLanguage\":\"fr-FR\"}]}<\/script>\n<!-- \/ Yoast SEO plugin. -->","yoast_head_json":{"title":"Illuminateurs LED lumi\u00e8re blanche (Grand) - Bunker Seguridad","description":"CLARIUS LED \u00e0 lumi\u00e8re blanche fournit un \u00e9clairage d\u00e9di\u00e9 pour des distances allant jusqu'\u00e0 139 m. Il utilise la derni\u00e8re technologie SMT LED.","robots":{"index":"noindex","follow":"follow","max-snippet":"max-snippet:-1","max-image-preview":"max-image-preview:large","max-video-preview":"max-video-preview:-1"},"og_locale":"fr_FR","og_type":"article","og_title":"Illuminateurs LED lumi\u00e8re blanche (Grand) - Bunker Seguridad","og_description":"CLARIUS LED \u00e0 lumi\u00e8re blanche fournit un \u00e9clairage d\u00e9di\u00e9 pour des distances allant jusqu'\u00e0 139 m. Il utilise la derni\u00e8re technologie SMT LED.","og_url":"https:\/\/bunkerseguridad.com\/fr\/produit\/illuminateurs-led-lumiere-blanche-grand\/","og_site_name":"Bunker Seguridad","article_modified_time":"2021-02-16T09:06:16+00:00","og_image":[{"width":1200,"height":1200,"url":"https:\/\/bunkerseguridad.com\/fr\/wp-content\/uploads\/2020\/10\/clarius-large-vl_0.png","type":"image\/png"}],"twitter_card":"summary_large_image","twitter_misc":{"Dur\u00e9e de lecture estim\u00e9e":"2 minutes"},"schema":{"@context":"https:\/\/schema.org","@graph":[{"@type":"WebPage","@id":"https:\/\/bunkerseguridad.com\/fr\/produit\/illuminateurs-led-lumiere-blanche-grand\/","url":"https:\/\/bunkerseguridad.com\/fr\/produit\/illuminateurs-led-lumiere-blanche-grand\/","name":"Illuminateurs LED lumi\u00e8re blanche (Grand) - Bunker Seguridad","isPartOf":{"@id":"https:\/\/bunkerseguridad.com\/fr\/#website"},"primaryImageOfPage":{"@id":"https:\/\/bunkerseguridad.com\/fr\/produit\/illuminateurs-led-lumiere-blanche-grand\/#primaryimage"},"image":{"@id":"https:\/\/bunkerseguridad.com\/fr\/produit\/illuminateurs-led-lumiere-blanche-grand\/#primaryimage"},"thumbnailUrl":"https:\/\/bunkerseguridad.com\/fr\/wp-content\/uploads\/2020\/10\/clarius-large-vl_0.png","datePublished":"2020-10-20T08:28:33+00:00","dateModified":"2021-02-16T09:06:16+00:00","description":"CLARIUS LED \u00e0 lumi\u00e8re blanche fournit un \u00e9clairage d\u00e9di\u00e9 pour des distances allant jusqu'\u00e0 139 m. Il utilise la derni\u00e8re technologie SMT LED.","breadcrumb":{"@id":"https:\/\/bunkerseguridad.com\/fr\/produit\/illuminateurs-led-lumiere-blanche-grand\/#breadcrumb"},"inLanguage":"fr-FR","potentialAction":[{"@type":"ReadAction","target":["https:\/\/bunkerseguridad.com\/fr\/produit\/illuminateurs-led-lumiere-blanche-grand\/"]}]},{"@type":"ImageObject","inLanguage":"fr-FR","@id":"https:\/\/bunkerseguridad.com\/fr\/produit\/illuminateurs-led-lumiere-blanche-grand\/#primaryimage","url":"https:\/\/bunkerseguridad.com\/fr\/wp-content\/uploads\/2020\/10\/clarius-large-vl_0.png","contentUrl":"https:\/\/bunkerseguridad.com\/fr\/wp-content\/uploads\/2020\/10\/clarius-large-vl_0.png","width":1200,"height":1200,"caption":"CLARIUS Plus lumi\u00e8re blanche Large"},{"@type":"BreadcrumbList","@id":"https:\/\/bunkerseguridad.com\/fr\/produit\/illuminateurs-led-lumiere-blanche-grand\/#breadcrumb","itemListElement":[{"@type":"ListItem","position":1,"name":"Home","item":"https:\/\/bunkerseguridad.com\/fr\/"},{"@type":"ListItem","position":2,"name":"Shop","item":"https:\/\/bunkerseguridad.com\/fr\/shop\/"},{"@type":"ListItem","position":3,"name":"Illuminateurs LED lumi\u00e8re blanche (Grand)"}]},{"@type":"WebSite","@id":"https:\/\/bunkerseguridad.com\/fr\/#website","url":"https:\/\/bunkerseguridad.com\/fr\/","name":"Bunker Seguridad","description":"Otro sitio realizado con WordPress","potentialAction":[{"@type":"SearchAction","target":{"@type":"EntryPoint","urlTemplate":"https:\/\/bunkerseguridad.com\/fr\/?s={search_term_string}"},"query-input":{"@type":"PropertyValueSpecification","valueRequired":true,"valueName":"search_term_string"}}],"inLanguage":"fr-FR"}]}},"brands":[{"id":204,"name":"Clarius","slug":"clarius"}],"_links":{"self":[{"href":"https:\/\/bunkerseguridad.com\/fr\/wp-json\/wp\/v2\/product\/3185","targetHints":{"allow":["GET"]}}],"collection":[{"href":"https:\/\/bunkerseguridad.com\/fr\/wp-json\/wp\/v2\/product"}],"about":[{"href":"https:\/\/bunkerseguridad.com\/fr\/wp-json\/wp\/v2\/types\/product"}],"wp:featuredmedia":[{"embeddable":true,"href":"https:\/\/bunkerseguridad.com\/fr\/wp-json\/wp\/v2\/media\/3189"}],"wp:attachment":[{"href":"https:\/\/bunkerseguridad.com\/fr\/wp-json\/wp\/v2\/media?parent=3185"}],"wp:term":[{"taxonomy":"pwb-brand","embeddable":true,"href":"https:\/\/bunkerseguridad.com\/fr\/wp-json\/wp\/v2\/pwb-brand?post=3185"},{"taxonomy":"product_brand","embeddable":true,"href":"https:\/\/bunkerseguridad.com\/fr\/wp-json\/wp\/v2\/product_brand?post=3185"},{"taxonomy":"product_cat","embeddable":true,"href":"https:\/\/bunkerseguridad.com\/fr\/wp-json\/wp\/v2\/product_cat?post=3185"},{"taxonomy":"product_tag","embeddable":true,"href":"https:\/\/bunkerseguridad.com\/fr\/wp-json\/wp\/v2\/product_tag?post=3185"}],"curies":[{"name":"wp","href":"https:\/\/api.w.org\/{rel}","templated":true}]}}