{"id":3157,"date":"2020-10-20T07:48:04","date_gmt":"2020-10-20T07:48:04","guid":{"rendered":"http:\/\/www.bunkerseguridad.es\/en\/?post_type=product&#038;p=3157"},"modified":"2021-02-15T11:28:16","modified_gmt":"2021-02-15T11:28:16","slug":"illuminateur-led-infrarouge-portee-moyenne-plus-ip","status":"publish","type":"product","link":"https:\/\/bunkerseguridad.com\/fr\/produit\/illuminateur-led-infrarouge-portee-moyenne-plus-ip\/","title":{"rendered":"Illuminateur LED infrarouge Port\u00e9e moyenne PLUS IP"},"content":{"rendered":"<p>Le Clarius\u00ae Plus IP est un illuminateur infrarouge haute performance. Int\u00e9grant les derni\u00e8res LED \u00e0 montage en surface avec une sortie optique am\u00e9lior\u00e9e et une fiabilit\u00e9 exceptionnelle, elles offrent d&rsquo;excellentes images de nuit.<\/p>\n<p>Le Clarius\u00ae Plus IP est un illuminateur connect\u00e9 au protocole Internet avec une interface de navigateur Web int\u00e9gr\u00e9e. La gamme d&rsquo;illuminateurs Clarius\u00ae Plus IP comprend un nouveau syst\u00e8me de diffuseur \u00e0 lentilles interchangeables; qui permet \u00e0 l&rsquo;utilisateur de modifier rapidement et facilement l&rsquo;angle d&rsquo;\u00e9clairage. Les profils de faisceau elliptique permettent de fournir plus de lumi\u00e8re l\u00e0 o\u00f9 c&rsquo;est n\u00e9cessaire, permettant \u00e0 la fois de plus longues distances et minimisant le gaspillage de lumi\u00e8re. Le syst\u00e8me permet \u00e9galement d&rsquo;\u00e9viter la surexposition des objets de premier plan.<\/p>\n<p>En standard, l&rsquo;illuminateur comprend des lentilles interchangeables pour fournir des profils de faisceau elliptiques circulaires de 10 \u00b0, 20 \u00b0, 30 \u00b0, 60 \u00b0, 80 \u00b0 et 95 \u00b0.<\/p>\n<p><strong>Caract\u00e9ristiques:<\/strong><\/p>\n<ul>\n<li>Illuminateur IR con\u00e7u pour fournir un \u00e9clairage d\u00e9di\u00e9 aux cam\u00e9ras IP via PoE + (Power Over Ethernet)<\/li>\n<li>Angle 10 \u00b0, 20 \u00b0, 30 \u00b0, 60 \u00b0, 80 \u00b0 et 95 \u00b0<\/li>\n<li>Conforme IEEE02at<\/li>\n<li>Interface de navigateur Web s\u00e9curis\u00e9e<\/li>\n<li>Int\u00e9gration directe avec les syst\u00e8mes VMS<\/li>\n<li>Profils de poutre elliptique<\/li>\n<li>Derni\u00e8re technologie SMT Dual Core LED \u2122<\/li>\n<li>Distances jusqu&rsquo;\u00e0 187 m (614 pi)<\/li>\n<li>Longueurs d&rsquo;onde 850 nm ou 940 nm<\/li>\n<li>Garantie de 5 ans<\/li>\n<li>Indice de protection contre les intemp\u00e9ries IP66<\/li>\n<li>Cellule photo\u00e9lectrique int\u00e9gr\u00e9e IR marche \/ arr\u00eat<\/li>\n<li>Entr\u00e9e de t\u00e9l\u00e9m\u00e9trie pour la commutation \u00e0 distance<\/li>\n<li>Capteur de vibrations<\/li>\n<li>Technologie de rev\u00eatement de lentille autonettoyante CleanLITE\u00ae<\/li>\n<\/ul>\n","protected":false},"excerpt":{"rendered":"<p>Gamme d&rsquo;illuminateurs infrarouge<strong>s hautes performances Meduim pour cam\u00e9ras IP via PoE +.<\/strong><\/p>\n<p><strong>IM-8-IP:<\/strong> IR LED moyenne port\u00e9e plus IP avec longueur d&rsquo;onde 850 nm et distances jusqu&rsquo;\u00e0 <strong>187 m<\/strong> (selon l&rsquo;angle choisi).<\/p>\n<p><strong>IM-9-IP:<\/strong> IR LED moyenne port\u00e9e plus IP avec longueur d&rsquo;onde 940nm et distances jusqu&rsquo;\u00e0 <strong>115m<\/strong> (selon l&rsquo;angle choisi).<\/p>\n","protected":false},"featured_media":3164,"template":"","meta":{"_et_pb_use_builder":"","_et_pb_old_content":"","_et_gb_content_width":""},"pwb-brand":[204],"product_brand":[],"product_cat":[41,42],"product_tag":[108,363,104],"class_list":{"0":"post-3157","1":"product","2":"type-product","3":"status-publish","4":"has-post-thumbnail","6":"pwb-brand-clarius","7":"product_cat-detection-intrusion-perimetrique","8":"product_cat-illuminateurs-led","9":"product_tag-illuminateur-infrarouge","10":"product_tag-ip","11":"product_tag-moyenne-portee","13":"first","14":"instock","15":"shipping-taxable","16":"product-type-simple"},"yoast_head":"<!-- This site is optimized with the Yoast SEO plugin v25.2 - https:\/\/yoast.com\/wordpress\/plugins\/seo\/ -->\n<title>Illuminateur LED infrarouge Port\u00e9e moyenne PLUS IP - Bunker Seguridad<\/title>\n<meta name=\"description\" content=\"Illuminateurs infrarouges haute performance de moyenne port\u00e9e pour cam\u00e9ras IP via PoE. Distances jusqu&#039;\u00e0 187m \/ 115m (selon l&#039;angle choisi).\" \/>\n<meta name=\"robots\" content=\"noindex, follow, max-snippet:-1, max-image-preview:large, max-video-preview:-1\" \/>\n<meta property=\"og:locale\" content=\"fr_FR\" \/>\n<meta property=\"og:type\" content=\"article\" \/>\n<meta property=\"og:title\" content=\"Illuminateur LED infrarouge Port\u00e9e moyenne PLUS IP - Bunker Seguridad\" \/>\n<meta property=\"og:description\" content=\"Illuminateurs infrarouges haute performance de moyenne port\u00e9e pour cam\u00e9ras IP via PoE. Distances jusqu&#039;\u00e0 187m \/ 115m (selon l&#039;angle choisi).\" \/>\n<meta property=\"og:url\" content=\"https:\/\/bunkerseguridad.com\/fr\/produit\/illuminateur-led-infrarouge-portee-moyenne-plus-ip\/\" \/>\n<meta property=\"og:site_name\" content=\"Bunker Seguridad\" \/>\n<meta property=\"article:modified_time\" content=\"2021-02-15T11:28:16+00:00\" \/>\n<meta property=\"og:image\" content=\"https:\/\/bunkerseguridad.com\/fr\/wp-content\/uploads\/2020\/10\/clarius-infra-red-ip-_0.png\" \/>\n\t<meta property=\"og:image:width\" content=\"1200\" \/>\n\t<meta property=\"og:image:height\" content=\"1200\" \/>\n\t<meta property=\"og:image:type\" content=\"image\/png\" \/>\n<meta name=\"twitter:card\" content=\"summary_large_image\" \/>\n<meta name=\"twitter:label1\" content=\"Dur\u00e9e de lecture estim\u00e9e\" \/>\n\t<meta name=\"twitter:data1\" content=\"2 minutes\" \/>\n<script type=\"application\/ld+json\" class=\"yoast-schema-graph\">{\"@context\":\"https:\/\/schema.org\",\"@graph\":[{\"@type\":\"WebPage\",\"@id\":\"https:\/\/bunkerseguridad.com\/fr\/produit\/illuminateur-led-infrarouge-portee-moyenne-plus-ip\/\",\"url\":\"https:\/\/bunkerseguridad.com\/fr\/produit\/illuminateur-led-infrarouge-portee-moyenne-plus-ip\/\",\"name\":\"Illuminateur LED infrarouge Port\u00e9e moyenne PLUS IP - Bunker Seguridad\",\"isPartOf\":{\"@id\":\"https:\/\/bunkerseguridad.com\/fr\/#website\"},\"primaryImageOfPage\":{\"@id\":\"https:\/\/bunkerseguridad.com\/fr\/produit\/illuminateur-led-infrarouge-portee-moyenne-plus-ip\/#primaryimage\"},\"image\":{\"@id\":\"https:\/\/bunkerseguridad.com\/fr\/produit\/illuminateur-led-infrarouge-portee-moyenne-plus-ip\/#primaryimage\"},\"thumbnailUrl\":\"https:\/\/bunkerseguridad.com\/fr\/wp-content\/uploads\/2020\/10\/clarius-infra-red-ip-_0.png\",\"datePublished\":\"2020-10-20T07:48:04+00:00\",\"dateModified\":\"2021-02-15T11:28:16+00:00\",\"description\":\"Illuminateurs infrarouges haute performance de moyenne port\u00e9e pour cam\u00e9ras IP via PoE. Distances jusqu'\u00e0 187m \/ 115m (selon l'angle choisi).\",\"breadcrumb\":{\"@id\":\"https:\/\/bunkerseguridad.com\/fr\/produit\/illuminateur-led-infrarouge-portee-moyenne-plus-ip\/#breadcrumb\"},\"inLanguage\":\"fr-FR\",\"potentialAction\":[{\"@type\":\"ReadAction\",\"target\":[\"https:\/\/bunkerseguridad.com\/fr\/produit\/illuminateur-led-infrarouge-portee-moyenne-plus-ip\/\"]}]},{\"@type\":\"ImageObject\",\"inLanguage\":\"fr-FR\",\"@id\":\"https:\/\/bunkerseguridad.com\/fr\/produit\/illuminateur-led-infrarouge-portee-moyenne-plus-ip\/#primaryimage\",\"url\":\"https:\/\/bunkerseguridad.com\/fr\/wp-content\/uploads\/2020\/10\/clarius-infra-red-ip-_0.png\",\"contentUrl\":\"https:\/\/bunkerseguridad.com\/fr\/wp-content\/uploads\/2020\/10\/clarius-infra-red-ip-_0.png\",\"width\":1200,\"height\":1200,\"caption\":\"CLARIUS Plus moyen IP infrarouge\"},{\"@type\":\"BreadcrumbList\",\"@id\":\"https:\/\/bunkerseguridad.com\/fr\/produit\/illuminateur-led-infrarouge-portee-moyenne-plus-ip\/#breadcrumb\",\"itemListElement\":[{\"@type\":\"ListItem\",\"position\":1,\"name\":\"Home\",\"item\":\"https:\/\/bunkerseguridad.com\/fr\/\"},{\"@type\":\"ListItem\",\"position\":2,\"name\":\"Shop\",\"item\":\"https:\/\/bunkerseguridad.com\/fr\/shop\/\"},{\"@type\":\"ListItem\",\"position\":3,\"name\":\"Illuminateur LED infrarouge Port\u00e9e moyenne PLUS IP\"}]},{\"@type\":\"WebSite\",\"@id\":\"https:\/\/bunkerseguridad.com\/fr\/#website\",\"url\":\"https:\/\/bunkerseguridad.com\/fr\/\",\"name\":\"Bunker Seguridad\",\"description\":\"Otro sitio realizado con WordPress\",\"potentialAction\":[{\"@type\":\"SearchAction\",\"target\":{\"@type\":\"EntryPoint\",\"urlTemplate\":\"https:\/\/bunkerseguridad.com\/fr\/?s={search_term_string}\"},\"query-input\":{\"@type\":\"PropertyValueSpecification\",\"valueRequired\":true,\"valueName\":\"search_term_string\"}}],\"inLanguage\":\"fr-FR\"}]}<\/script>\n<!-- \/ Yoast SEO plugin. -->","yoast_head_json":{"title":"Illuminateur LED infrarouge Port\u00e9e moyenne PLUS IP - Bunker Seguridad","description":"Illuminateurs infrarouges haute performance de moyenne port\u00e9e pour cam\u00e9ras IP via PoE. Distances jusqu'\u00e0 187m \/ 115m (selon l'angle choisi).","robots":{"index":"noindex","follow":"follow","max-snippet":"max-snippet:-1","max-image-preview":"max-image-preview:large","max-video-preview":"max-video-preview:-1"},"og_locale":"fr_FR","og_type":"article","og_title":"Illuminateur LED infrarouge Port\u00e9e moyenne PLUS IP - Bunker Seguridad","og_description":"Illuminateurs infrarouges haute performance de moyenne port\u00e9e pour cam\u00e9ras IP via PoE. Distances jusqu'\u00e0 187m \/ 115m (selon l'angle choisi).","og_url":"https:\/\/bunkerseguridad.com\/fr\/produit\/illuminateur-led-infrarouge-portee-moyenne-plus-ip\/","og_site_name":"Bunker Seguridad","article_modified_time":"2021-02-15T11:28:16+00:00","og_image":[{"width":1200,"height":1200,"url":"https:\/\/bunkerseguridad.com\/fr\/wp-content\/uploads\/2020\/10\/clarius-infra-red-ip-_0.png","type":"image\/png"}],"twitter_card":"summary_large_image","twitter_misc":{"Dur\u00e9e de lecture estim\u00e9e":"2 minutes"},"schema":{"@context":"https:\/\/schema.org","@graph":[{"@type":"WebPage","@id":"https:\/\/bunkerseguridad.com\/fr\/produit\/illuminateur-led-infrarouge-portee-moyenne-plus-ip\/","url":"https:\/\/bunkerseguridad.com\/fr\/produit\/illuminateur-led-infrarouge-portee-moyenne-plus-ip\/","name":"Illuminateur LED infrarouge Port\u00e9e moyenne PLUS IP - Bunker Seguridad","isPartOf":{"@id":"https:\/\/bunkerseguridad.com\/fr\/#website"},"primaryImageOfPage":{"@id":"https:\/\/bunkerseguridad.com\/fr\/produit\/illuminateur-led-infrarouge-portee-moyenne-plus-ip\/#primaryimage"},"image":{"@id":"https:\/\/bunkerseguridad.com\/fr\/produit\/illuminateur-led-infrarouge-portee-moyenne-plus-ip\/#primaryimage"},"thumbnailUrl":"https:\/\/bunkerseguridad.com\/fr\/wp-content\/uploads\/2020\/10\/clarius-infra-red-ip-_0.png","datePublished":"2020-10-20T07:48:04+00:00","dateModified":"2021-02-15T11:28:16+00:00","description":"Illuminateurs infrarouges haute performance de moyenne port\u00e9e pour cam\u00e9ras IP via PoE. Distances jusqu'\u00e0 187m \/ 115m (selon l'angle choisi).","breadcrumb":{"@id":"https:\/\/bunkerseguridad.com\/fr\/produit\/illuminateur-led-infrarouge-portee-moyenne-plus-ip\/#breadcrumb"},"inLanguage":"fr-FR","potentialAction":[{"@type":"ReadAction","target":["https:\/\/bunkerseguridad.com\/fr\/produit\/illuminateur-led-infrarouge-portee-moyenne-plus-ip\/"]}]},{"@type":"ImageObject","inLanguage":"fr-FR","@id":"https:\/\/bunkerseguridad.com\/fr\/produit\/illuminateur-led-infrarouge-portee-moyenne-plus-ip\/#primaryimage","url":"https:\/\/bunkerseguridad.com\/fr\/wp-content\/uploads\/2020\/10\/clarius-infra-red-ip-_0.png","contentUrl":"https:\/\/bunkerseguridad.com\/fr\/wp-content\/uploads\/2020\/10\/clarius-infra-red-ip-_0.png","width":1200,"height":1200,"caption":"CLARIUS Plus moyen IP infrarouge"},{"@type":"BreadcrumbList","@id":"https:\/\/bunkerseguridad.com\/fr\/produit\/illuminateur-led-infrarouge-portee-moyenne-plus-ip\/#breadcrumb","itemListElement":[{"@type":"ListItem","position":1,"name":"Home","item":"https:\/\/bunkerseguridad.com\/fr\/"},{"@type":"ListItem","position":2,"name":"Shop","item":"https:\/\/bunkerseguridad.com\/fr\/shop\/"},{"@type":"ListItem","position":3,"name":"Illuminateur LED infrarouge Port\u00e9e moyenne PLUS IP"}]},{"@type":"WebSite","@id":"https:\/\/bunkerseguridad.com\/fr\/#website","url":"https:\/\/bunkerseguridad.com\/fr\/","name":"Bunker Seguridad","description":"Otro sitio realizado con WordPress","potentialAction":[{"@type":"SearchAction","target":{"@type":"EntryPoint","urlTemplate":"https:\/\/bunkerseguridad.com\/fr\/?s={search_term_string}"},"query-input":{"@type":"PropertyValueSpecification","valueRequired":true,"valueName":"search_term_string"}}],"inLanguage":"fr-FR"}]}},"brands":[{"id":204,"name":"Clarius","slug":"clarius"}],"_links":{"self":[{"href":"https:\/\/bunkerseguridad.com\/fr\/wp-json\/wp\/v2\/product\/3157","targetHints":{"allow":["GET"]}}],"collection":[{"href":"https:\/\/bunkerseguridad.com\/fr\/wp-json\/wp\/v2\/product"}],"about":[{"href":"https:\/\/bunkerseguridad.com\/fr\/wp-json\/wp\/v2\/types\/product"}],"wp:featuredmedia":[{"embeddable":true,"href":"https:\/\/bunkerseguridad.com\/fr\/wp-json\/wp\/v2\/media\/3164"}],"wp:attachment":[{"href":"https:\/\/bunkerseguridad.com\/fr\/wp-json\/wp\/v2\/media?parent=3157"}],"wp:term":[{"taxonomy":"pwb-brand","embeddable":true,"href":"https:\/\/bunkerseguridad.com\/fr\/wp-json\/wp\/v2\/pwb-brand?post=3157"},{"taxonomy":"product_brand","embeddable":true,"href":"https:\/\/bunkerseguridad.com\/fr\/wp-json\/wp\/v2\/product_brand?post=3157"},{"taxonomy":"product_cat","embeddable":true,"href":"https:\/\/bunkerseguridad.com\/fr\/wp-json\/wp\/v2\/product_cat?post=3157"},{"taxonomy":"product_tag","embeddable":true,"href":"https:\/\/bunkerseguridad.com\/fr\/wp-json\/wp\/v2\/product_tag?post=3157"}],"curies":[{"name":"wp","href":"https:\/\/api.w.org\/{rel}","templated":true}]}}