{"id":3147,"date":"2020-10-20T07:33:29","date_gmt":"2020-10-20T07:33:29","guid":{"rendered":"http:\/\/www.bunkerseguridad.es\/en\/?post_type=product&#038;p=3147"},"modified":"2021-02-15T11:06:59","modified_gmt":"2021-02-15T11:06:59","slug":"clarius-lt-projecteur-infrarouge-taille-moyenne-led","status":"publish","type":"product","link":"https:\/\/bunkerseguridad.com\/fr\/produit\/clarius-lt-projecteur-infrarouge-taille-moyenne-led\/","title":{"rendered":"Projecteur infrarouge moyen LED &#8211; LT IM-830\/890LT"},"content":{"rendered":"<p>Les projecteurs \u00e0 LED infrarouges d&rsquo;entr\u00e9e de gamme Clarius\u00ae LT sont con\u00e7us pour offrir des performances de premier plan, une longue dur\u00e9e de vie et une maintenance r\u00e9duite.<\/p>\n<p>Ils int\u00e8grent les toutes derni\u00e8res LED double c\u0153ur mont\u00e9es en surface, avec une sortie optique am\u00e9lior\u00e9e et une fiabilit\u00e9 remarquable, pour obtenir d&rsquo;excellentes images de nuit.<\/p>\n<p>Chaque unit\u00e9 est dot\u00e9e d&rsquo;un circuit de contr\u00f4le int\u00e9gr\u00e9, qui commande avec pr\u00e9cision la sortie des LED et assure ainsi un \u00e9clairage homog\u00e8ne, pour une dur\u00e9e de vie pr\u00e9visionnelle de plus de 10\u00a0ans.<\/p>\n<p>L&rsquo;installation est simple et rapide, et l&rsquo;alimentation requise est seulement de 12-32\u00a0V\u00a0CC +\/-10\u00a0%.<\/p>\n<p><strong>Caract\u00e9ristiques:<\/strong><\/p>\n<ul>\n<li>\u00a0Derni\u00e8re technologie de LED\u2122 double c\u0153ur mont\u00e9es en surface<\/li>\n<li>\u00a0Distances allant jusqu&rsquo;\u00e0 45 m<\/li>\n<li>Longueur d&rsquo;onde de 850 nm<\/li>\n<li>Faible consommation \u00e9lectrique (20 W)<\/li>\n<li>Longue dur\u00e9e de vie<\/li>\n<li>Garantie de 3 ans<\/li>\n<li>Indice IP67 de r\u00e9sistance aux intemp\u00e9ries<\/li>\n<li>Cellule photo\u00e9lectrique int\u00e9gr\u00e9e<\/li>\n<li>12-32 V CC +\/-10 %<\/li>\n<li>\u00a0Technologie de rev\u00eatement de lentille autonettoyant CleanLITE\u00ae<\/li>\n<li>\u00a0Installation facile<\/li>\n<\/ul>\n","protected":false},"excerpt":{"rendered":"<p>La gamme d&rsquo;illuminateurs LED infrarouges Clarius\u00ae LT d&rsquo;entr\u00e9e de gamme est con\u00e7ue pour offrir des performances de pointe, une longue dur\u00e9e de vie et une maintenance extr\u00eamement r\u00e9duite. IM-830-LT: IR LED moyenne port\u00e9e, entr\u00e9e de gamme (850 nm). 30 \u00b0, 45m. Consommation: 20W. Alimentation recommand\u00e9e: ALT-30-24. IP67. IM-890-LT: IR LED moyenne port\u00e9e, entr\u00e9e de gamme <strong>(850 nm). 90 \u00b0, 25m.<\/strong> Consommation: 20W. Alimentation recommand\u00e9e: ALT-30-24. IP67.<\/p>\n","protected":false},"featured_media":3138,"template":"","meta":{"_et_pb_use_builder":"","_et_pb_old_content":"","_et_gb_content_width":""},"pwb-brand":[204],"product_brand":[],"product_cat":[41,42],"product_tag":[107,208,103,106,108,109,105,104],"class_list":{"0":"post-3147","1":"product","2":"type-product","3":"status-publish","4":"has-post-thumbnail","6":"pwb-brand-clarius","7":"product_cat-detection-intrusion-perimetrique","8":"product_cat-illuminateurs-led","9":"product_tag-850nm","10":"product_tag-940nm","11":"product_tag-courte-portee","12":"product_tag-extralong-range","13":"product_tag-illuminateur-infrarouge","14":"product_tag-illuminateur-lumiere-blanche","15":"product_tag-longue-portee","16":"product_tag-moyenne-portee","18":"first","19":"instock","20":"shipping-taxable","21":"product-type-simple"},"yoast_head":"<!-- This site is optimized with the Yoast SEO plugin v25.2 - https:\/\/yoast.com\/wordpress\/plugins\/seo\/ -->\n<title>Projecteur infrarouge moyen LED - LT IM-830\/890LT - Bunker Seguridad<\/title>\n<meta name=\"description\" content=\"R\u00e9flecteurs LED infrarouges Clarius\u00ae LT pour des performances sup\u00e9rieures, une longue dur\u00e9e de vie et un entretien minimal.\" \/>\n<meta name=\"robots\" content=\"noindex, follow, max-snippet:-1, max-image-preview:large, max-video-preview:-1\" \/>\n<meta property=\"og:locale\" content=\"fr_FR\" \/>\n<meta property=\"og:type\" content=\"article\" \/>\n<meta property=\"og:title\" content=\"Projecteur infrarouge moyen LED - LT IM-830\/890LT - Bunker Seguridad\" \/>\n<meta property=\"og:description\" content=\"R\u00e9flecteurs LED infrarouges Clarius\u00ae LT pour des performances sup\u00e9rieures, une longue dur\u00e9e de vie et un entretien minimal.\" \/>\n<meta property=\"og:url\" content=\"https:\/\/bunkerseguridad.com\/fr\/produit\/clarius-lt-projecteur-infrarouge-taille-moyenne-led\/\" \/>\n<meta property=\"og:site_name\" content=\"Bunker Seguridad\" \/>\n<meta property=\"article:modified_time\" content=\"2021-02-15T11:06:59+00:00\" \/>\n<meta property=\"og:image\" content=\"https:\/\/bunkerseguridad.com\/fr\/wp-content\/uploads\/2020\/10\/clarius-im-lt-black.png\" \/>\n\t<meta property=\"og:image:width\" content=\"1200\" \/>\n\t<meta property=\"og:image:height\" content=\"1200\" \/>\n\t<meta property=\"og:image:type\" content=\"image\/png\" \/>\n<meta name=\"twitter:card\" content=\"summary_large_image\" \/>\n<meta name=\"twitter:label1\" content=\"Dur\u00e9e de lecture estim\u00e9e\" \/>\n\t<meta name=\"twitter:data1\" content=\"1 minute\" \/>\n<script type=\"application\/ld+json\" class=\"yoast-schema-graph\">{\"@context\":\"https:\/\/schema.org\",\"@graph\":[{\"@type\":\"WebPage\",\"@id\":\"https:\/\/bunkerseguridad.com\/fr\/produit\/clarius-lt-projecteur-infrarouge-taille-moyenne-led\/\",\"url\":\"https:\/\/bunkerseguridad.com\/fr\/produit\/clarius-lt-projecteur-infrarouge-taille-moyenne-led\/\",\"name\":\"Projecteur infrarouge moyen LED - LT IM-830\/890LT - Bunker Seguridad\",\"isPartOf\":{\"@id\":\"https:\/\/bunkerseguridad.com\/fr\/#website\"},\"primaryImageOfPage\":{\"@id\":\"https:\/\/bunkerseguridad.com\/fr\/produit\/clarius-lt-projecteur-infrarouge-taille-moyenne-led\/#primaryimage\"},\"image\":{\"@id\":\"https:\/\/bunkerseguridad.com\/fr\/produit\/clarius-lt-projecteur-infrarouge-taille-moyenne-led\/#primaryimage\"},\"thumbnailUrl\":\"https:\/\/bunkerseguridad.com\/fr\/wp-content\/uploads\/2020\/10\/clarius-im-lt-black.png\",\"datePublished\":\"2020-10-20T07:33:29+00:00\",\"dateModified\":\"2021-02-15T11:06:59+00:00\",\"description\":\"R\u00e9flecteurs LED infrarouges Clarius\u00ae LT pour des performances sup\u00e9rieures, une longue dur\u00e9e de vie et un entretien minimal.\",\"breadcrumb\":{\"@id\":\"https:\/\/bunkerseguridad.com\/fr\/produit\/clarius-lt-projecteur-infrarouge-taille-moyenne-led\/#breadcrumb\"},\"inLanguage\":\"fr-FR\",\"potentialAction\":[{\"@type\":\"ReadAction\",\"target\":[\"https:\/\/bunkerseguridad.com\/fr\/produit\/clarius-lt-projecteur-infrarouge-taille-moyenne-led\/\"]}]},{\"@type\":\"ImageObject\",\"inLanguage\":\"fr-FR\",\"@id\":\"https:\/\/bunkerseguridad.com\/fr\/produit\/clarius-lt-projecteur-infrarouge-taille-moyenne-led\/#primaryimage\",\"url\":\"https:\/\/bunkerseguridad.com\/fr\/wp-content\/uploads\/2020\/10\/clarius-im-lt-black.png\",\"contentUrl\":\"https:\/\/bunkerseguridad.com\/fr\/wp-content\/uploads\/2020\/10\/clarius-im-lt-black.png\",\"width\":1200,\"height\":1200,\"caption\":\"CLARIUS LT infrarouge de taille moyenne\"},{\"@type\":\"BreadcrumbList\",\"@id\":\"https:\/\/bunkerseguridad.com\/fr\/produit\/clarius-lt-projecteur-infrarouge-taille-moyenne-led\/#breadcrumb\",\"itemListElement\":[{\"@type\":\"ListItem\",\"position\":1,\"name\":\"Home\",\"item\":\"https:\/\/bunkerseguridad.com\/fr\/\"},{\"@type\":\"ListItem\",\"position\":2,\"name\":\"Shop\",\"item\":\"https:\/\/bunkerseguridad.com\/fr\/shop\/\"},{\"@type\":\"ListItem\",\"position\":3,\"name\":\"Projecteur infrarouge moyen LED &#8211; LT IM-830\/890LT\"}]},{\"@type\":\"WebSite\",\"@id\":\"https:\/\/bunkerseguridad.com\/fr\/#website\",\"url\":\"https:\/\/bunkerseguridad.com\/fr\/\",\"name\":\"Bunker Seguridad\",\"description\":\"Otro sitio realizado con WordPress\",\"potentialAction\":[{\"@type\":\"SearchAction\",\"target\":{\"@type\":\"EntryPoint\",\"urlTemplate\":\"https:\/\/bunkerseguridad.com\/fr\/?s={search_term_string}\"},\"query-input\":{\"@type\":\"PropertyValueSpecification\",\"valueRequired\":true,\"valueName\":\"search_term_string\"}}],\"inLanguage\":\"fr-FR\"}]}<\/script>\n<!-- \/ Yoast SEO plugin. -->","yoast_head_json":{"title":"Projecteur infrarouge moyen LED - LT IM-830\/890LT - Bunker Seguridad","description":"R\u00e9flecteurs LED infrarouges Clarius\u00ae LT pour des performances sup\u00e9rieures, une longue dur\u00e9e de vie et un entretien minimal.","robots":{"index":"noindex","follow":"follow","max-snippet":"max-snippet:-1","max-image-preview":"max-image-preview:large","max-video-preview":"max-video-preview:-1"},"og_locale":"fr_FR","og_type":"article","og_title":"Projecteur infrarouge moyen LED - LT IM-830\/890LT - Bunker Seguridad","og_description":"R\u00e9flecteurs LED infrarouges Clarius\u00ae LT pour des performances sup\u00e9rieures, une longue dur\u00e9e de vie et un entretien minimal.","og_url":"https:\/\/bunkerseguridad.com\/fr\/produit\/clarius-lt-projecteur-infrarouge-taille-moyenne-led\/","og_site_name":"Bunker Seguridad","article_modified_time":"2021-02-15T11:06:59+00:00","og_image":[{"width":1200,"height":1200,"url":"https:\/\/bunkerseguridad.com\/fr\/wp-content\/uploads\/2020\/10\/clarius-im-lt-black.png","type":"image\/png"}],"twitter_card":"summary_large_image","twitter_misc":{"Dur\u00e9e de lecture estim\u00e9e":"1 minute"},"schema":{"@context":"https:\/\/schema.org","@graph":[{"@type":"WebPage","@id":"https:\/\/bunkerseguridad.com\/fr\/produit\/clarius-lt-projecteur-infrarouge-taille-moyenne-led\/","url":"https:\/\/bunkerseguridad.com\/fr\/produit\/clarius-lt-projecteur-infrarouge-taille-moyenne-led\/","name":"Projecteur infrarouge moyen LED - LT IM-830\/890LT - Bunker Seguridad","isPartOf":{"@id":"https:\/\/bunkerseguridad.com\/fr\/#website"},"primaryImageOfPage":{"@id":"https:\/\/bunkerseguridad.com\/fr\/produit\/clarius-lt-projecteur-infrarouge-taille-moyenne-led\/#primaryimage"},"image":{"@id":"https:\/\/bunkerseguridad.com\/fr\/produit\/clarius-lt-projecteur-infrarouge-taille-moyenne-led\/#primaryimage"},"thumbnailUrl":"https:\/\/bunkerseguridad.com\/fr\/wp-content\/uploads\/2020\/10\/clarius-im-lt-black.png","datePublished":"2020-10-20T07:33:29+00:00","dateModified":"2021-02-15T11:06:59+00:00","description":"R\u00e9flecteurs LED infrarouges Clarius\u00ae LT pour des performances sup\u00e9rieures, une longue dur\u00e9e de vie et un entretien minimal.","breadcrumb":{"@id":"https:\/\/bunkerseguridad.com\/fr\/produit\/clarius-lt-projecteur-infrarouge-taille-moyenne-led\/#breadcrumb"},"inLanguage":"fr-FR","potentialAction":[{"@type":"ReadAction","target":["https:\/\/bunkerseguridad.com\/fr\/produit\/clarius-lt-projecteur-infrarouge-taille-moyenne-led\/"]}]},{"@type":"ImageObject","inLanguage":"fr-FR","@id":"https:\/\/bunkerseguridad.com\/fr\/produit\/clarius-lt-projecteur-infrarouge-taille-moyenne-led\/#primaryimage","url":"https:\/\/bunkerseguridad.com\/fr\/wp-content\/uploads\/2020\/10\/clarius-im-lt-black.png","contentUrl":"https:\/\/bunkerseguridad.com\/fr\/wp-content\/uploads\/2020\/10\/clarius-im-lt-black.png","width":1200,"height":1200,"caption":"CLARIUS LT infrarouge de taille moyenne"},{"@type":"BreadcrumbList","@id":"https:\/\/bunkerseguridad.com\/fr\/produit\/clarius-lt-projecteur-infrarouge-taille-moyenne-led\/#breadcrumb","itemListElement":[{"@type":"ListItem","position":1,"name":"Home","item":"https:\/\/bunkerseguridad.com\/fr\/"},{"@type":"ListItem","position":2,"name":"Shop","item":"https:\/\/bunkerseguridad.com\/fr\/shop\/"},{"@type":"ListItem","position":3,"name":"Projecteur infrarouge moyen LED &#8211; LT IM-830\/890LT"}]},{"@type":"WebSite","@id":"https:\/\/bunkerseguridad.com\/fr\/#website","url":"https:\/\/bunkerseguridad.com\/fr\/","name":"Bunker Seguridad","description":"Otro sitio realizado con WordPress","potentialAction":[{"@type":"SearchAction","target":{"@type":"EntryPoint","urlTemplate":"https:\/\/bunkerseguridad.com\/fr\/?s={search_term_string}"},"query-input":{"@type":"PropertyValueSpecification","valueRequired":true,"valueName":"search_term_string"}}],"inLanguage":"fr-FR"}]}},"brands":[{"id":204,"name":"Clarius","slug":"clarius"}],"_links":{"self":[{"href":"https:\/\/bunkerseguridad.com\/fr\/wp-json\/wp\/v2\/product\/3147","targetHints":{"allow":["GET"]}}],"collection":[{"href":"https:\/\/bunkerseguridad.com\/fr\/wp-json\/wp\/v2\/product"}],"about":[{"href":"https:\/\/bunkerseguridad.com\/fr\/wp-json\/wp\/v2\/types\/product"}],"wp:featuredmedia":[{"embeddable":true,"href":"https:\/\/bunkerseguridad.com\/fr\/wp-json\/wp\/v2\/media\/3138"}],"wp:attachment":[{"href":"https:\/\/bunkerseguridad.com\/fr\/wp-json\/wp\/v2\/media?parent=3147"}],"wp:term":[{"taxonomy":"pwb-brand","embeddable":true,"href":"https:\/\/bunkerseguridad.com\/fr\/wp-json\/wp\/v2\/pwb-brand?post=3147"},{"taxonomy":"product_brand","embeddable":true,"href":"https:\/\/bunkerseguridad.com\/fr\/wp-json\/wp\/v2\/product_brand?post=3147"},{"taxonomy":"product_cat","embeddable":true,"href":"https:\/\/bunkerseguridad.com\/fr\/wp-json\/wp\/v2\/product_cat?post=3147"},{"taxonomy":"product_tag","embeddable":true,"href":"https:\/\/bunkerseguridad.com\/fr\/wp-json\/wp\/v2\/product_tag?post=3147"}],"curies":[{"name":"wp","href":"https:\/\/api.w.org\/{rel}","templated":true}]}}