{"id":3103,"date":"2020-10-19T10:58:00","date_gmt":"2020-10-19T10:58:00","guid":{"rendered":"http:\/\/www.bunkerseguridad.es\/en\/?post_type=product&#038;p=3103"},"modified":"2021-02-15T11:23:20","modified_gmt":"2021-02-15T11:23:20","slug":"clarius-lt-led-infrarouge-courte-portee-is-830-890-lt","status":"publish","type":"product","link":"https:\/\/bunkerseguridad.com\/fr\/produit\/clarius-lt-led-infrarouge-courte-portee-is-830-890-lt\/","title":{"rendered":"LED infrarouge courte port\u00e9e LT IS-830\/890-LT"},"content":{"rendered":"<p>La gamme d&rsquo;illuminateurs LED infrarouges Clarius\u00ae LT d&rsquo;entr\u00e9e de gamme est con\u00e7ue pour offrir des performances de pointe, une longue dur\u00e9e de vie et une maintenance extr\u00eamement r\u00e9duite.<\/p>\n<p>Int\u00e9grant les derni\u00e8res LED Dual Core \u00e0 montage en surface avec une sortie optique am\u00e9lior\u00e9e et une fiabilit\u00e9 exceptionnelle, elles offrent d&rsquo;excellentes images de nuit.<\/p>\n<p>Chaque unit\u00e9 est \u00e9quip\u00e9e de circuits de contr\u00f4le int\u00e9gr\u00e9s pour contr\u00f4ler soigneusement la sortie LED, offrant un \u00e9clairage constant et une dur\u00e9e de vie pr\u00e9vue de plus de 10 ans.<\/p>\n<p>L&rsquo;installation est rapide et facile, ne n\u00e9cessitant qu&rsquo;un 12-32V DC +\/- 10%.<\/p>\n<p>&nbsp;<\/p>\n<p><strong>Caract\u00e9ristiques:<\/strong><\/p>\n<ul>\n<li>Derni\u00e8re technologie SMT Dual Core LED \u2122<\/li>\n<li>Angle: 30 \u00b0 (IS-830-LT), 90 \u00b0 (IS-890-LT)<\/li>\n<li>Distances jusqu&rsquo;\u00e0 20 m (IS-830-LT), 15 m (IS-890-LT)<\/li>\n<li>Longueur d&rsquo;onde 850nm<\/li>\n<li>Faible consommation d&rsquo;\u00e9nergie (12 W)<\/li>\n<li>Longue vie<\/li>\n<li>Garantie de 3 ans<\/li>\n<li>Indice de protection IP67 contre les intemp\u00e9ries<\/li>\n<li>Cellule photo\u00e9lectrique int\u00e9gr\u00e9e<\/li>\n<li>12 \u00e0 32 V CC +\/- 10%<\/li>\n<li>Technologie de rev\u00eatement de lentille autonettoyante CleanLITE\u00ae<\/li>\n<li>Installation facile<\/li>\n<\/ul>\n","protected":false},"excerpt":{"rendered":"<p>La gamme d&rsquo;illuminateurs LED infrarouges Clarius\u00ae LT d&rsquo;entr\u00e9e de gamme est con\u00e7ue pour offrir des performances de pointe, une longue dur\u00e9e de vie et une maintenance extr\u00eamement r\u00e9duite. IS-830-LT: LED IR \u00e0 courte port\u00e9e, entr\u00e9e de gamme (850 nm). 30 \u00b0, 20m. Consommation: 12W. Alimentation recommand\u00e9e: ALT-30-24. IP67. IS-890-LT: LED IR \u00e0 courte port\u00e9e, entr\u00e9e de gamme (850 nm). 90 \u00b0, 15m. Consommation: 12W. Alimentation recommand\u00e9e: ALT-30-24. IP67.<\/p>\n","protected":false},"featured_media":3151,"template":"","meta":{"_et_pb_use_builder":"","_et_pb_old_content":"","_et_gb_content_width":""},"pwb-brand":[204],"product_brand":[],"product_cat":[41,42],"product_tag":[107,208,103,106,108,109,105,104],"class_list":{"0":"post-3103","1":"product","2":"type-product","3":"status-publish","4":"has-post-thumbnail","6":"pwb-brand-clarius","7":"product_cat-detection-intrusion-perimetrique","8":"product_cat-illuminateurs-led","9":"product_tag-850nm","10":"product_tag-940nm","11":"product_tag-courte-portee","12":"product_tag-extralong-range","13":"product_tag-illuminateur-infrarouge","14":"product_tag-illuminateur-lumiere-blanche","15":"product_tag-longue-portee","16":"product_tag-moyenne-portee","18":"first","19":"instock","20":"shipping-taxable","21":"product-type-simple"},"yoast_head":"<!-- This site is optimized with the Yoast SEO plugin v25.2 - https:\/\/yoast.com\/wordpress\/plugins\/seo\/ -->\n<title>LED infrarouge courte port\u00e9e LT IS-830\/890-LT - Bunker Seguridad<\/title>\n<meta name=\"robots\" content=\"noindex, follow, max-snippet:-1, max-image-preview:large, max-video-preview:-1\" \/>\n<meta property=\"og:locale\" content=\"fr_FR\" \/>\n<meta property=\"og:type\" content=\"article\" \/>\n<meta property=\"og:title\" content=\"LED infrarouge courte port\u00e9e LT IS-830\/890-LT - Bunker Seguridad\" \/>\n<meta property=\"og:description\" content=\"La gamme d&#039;illuminateurs LED infrarouges Clarius\u00ae LT d&#039;entr\u00e9e de gamme est con\u00e7ue pour offrir des performances de pointe, une longue dur\u00e9e de vie et une maintenance extr\u00eamement r\u00e9duite. IS-830-LT: LED IR \u00e0 courte port\u00e9e, entr\u00e9e de gamme (850 nm). 30 \u00b0, 20m. Consommation: 12W. Alimentation recommand\u00e9e: ALT-30-24. IP67. IS-890-LT: LED IR \u00e0 courte port\u00e9e, entr\u00e9e de gamme (850 nm). 90 \u00b0, 15m. Consommation: 12W. Alimentation recommand\u00e9e: ALT-30-24. IP67.\" \/>\n<meta property=\"og:url\" content=\"https:\/\/bunkerseguridad.com\/fr\/produit\/clarius-lt-led-infrarouge-courte-portee-is-830-890-lt\/\" \/>\n<meta property=\"og:site_name\" content=\"Bunker Seguridad\" \/>\n<meta property=\"article:modified_time\" content=\"2021-02-15T11:23:20+00:00\" \/>\n<meta property=\"og:image\" content=\"https:\/\/bunkerseguridad.com\/fr\/wp-content\/uploads\/2020\/10\/clarius-is-lt-black.png\" \/>\n\t<meta property=\"og:image:width\" content=\"1200\" \/>\n\t<meta property=\"og:image:height\" content=\"1200\" \/>\n\t<meta property=\"og:image:type\" content=\"image\/png\" \/>\n<meta name=\"twitter:card\" content=\"summary_large_image\" \/>\n<meta name=\"twitter:label1\" content=\"Dur\u00e9e de lecture estim\u00e9e\" \/>\n\t<meta name=\"twitter:data1\" content=\"1 minute\" \/>\n<script type=\"application\/ld+json\" class=\"yoast-schema-graph\">{\"@context\":\"https:\/\/schema.org\",\"@graph\":[{\"@type\":\"WebPage\",\"@id\":\"https:\/\/bunkerseguridad.com\/fr\/produit\/clarius-lt-led-infrarouge-courte-portee-is-830-890-lt\/\",\"url\":\"https:\/\/bunkerseguridad.com\/fr\/produit\/clarius-lt-led-infrarouge-courte-portee-is-830-890-lt\/\",\"name\":\"LED infrarouge courte port\u00e9e LT IS-830\/890-LT - Bunker Seguridad\",\"isPartOf\":{\"@id\":\"https:\/\/bunkerseguridad.com\/fr\/#website\"},\"primaryImageOfPage\":{\"@id\":\"https:\/\/bunkerseguridad.com\/fr\/produit\/clarius-lt-led-infrarouge-courte-portee-is-830-890-lt\/#primaryimage\"},\"image\":{\"@id\":\"https:\/\/bunkerseguridad.com\/fr\/produit\/clarius-lt-led-infrarouge-courte-portee-is-830-890-lt\/#primaryimage\"},\"thumbnailUrl\":\"https:\/\/bunkerseguridad.com\/fr\/wp-content\/uploads\/2020\/10\/clarius-is-lt-black.png\",\"datePublished\":\"2020-10-19T10:58:00+00:00\",\"dateModified\":\"2021-02-15T11:23:20+00:00\",\"breadcrumb\":{\"@id\":\"https:\/\/bunkerseguridad.com\/fr\/produit\/clarius-lt-led-infrarouge-courte-portee-is-830-890-lt\/#breadcrumb\"},\"inLanguage\":\"fr-FR\",\"potentialAction\":[{\"@type\":\"ReadAction\",\"target\":[\"https:\/\/bunkerseguridad.com\/fr\/produit\/clarius-lt-led-infrarouge-courte-portee-is-830-890-lt\/\"]}]},{\"@type\":\"ImageObject\",\"inLanguage\":\"fr-FR\",\"@id\":\"https:\/\/bunkerseguridad.com\/fr\/produit\/clarius-lt-led-infrarouge-courte-portee-is-830-890-lt\/#primaryimage\",\"url\":\"https:\/\/bunkerseguridad.com\/fr\/wp-content\/uploads\/2020\/10\/clarius-is-lt-black.png\",\"contentUrl\":\"https:\/\/bunkerseguridad.com\/fr\/wp-content\/uploads\/2020\/10\/clarius-is-lt-black.png\",\"width\":1200,\"height\":1200,\"caption\":\"CLARIUS LT infrarouge moyen\"},{\"@type\":\"BreadcrumbList\",\"@id\":\"https:\/\/bunkerseguridad.com\/fr\/produit\/clarius-lt-led-infrarouge-courte-portee-is-830-890-lt\/#breadcrumb\",\"itemListElement\":[{\"@type\":\"ListItem\",\"position\":1,\"name\":\"Home\",\"item\":\"https:\/\/bunkerseguridad.com\/fr\/\"},{\"@type\":\"ListItem\",\"position\":2,\"name\":\"Shop\",\"item\":\"https:\/\/bunkerseguridad.com\/fr\/shop\/\"},{\"@type\":\"ListItem\",\"position\":3,\"name\":\"LED infrarouge courte port\u00e9e LT IS-830\/890-LT\"}]},{\"@type\":\"WebSite\",\"@id\":\"https:\/\/bunkerseguridad.com\/fr\/#website\",\"url\":\"https:\/\/bunkerseguridad.com\/fr\/\",\"name\":\"Bunker Seguridad\",\"description\":\"Otro sitio realizado con WordPress\",\"potentialAction\":[{\"@type\":\"SearchAction\",\"target\":{\"@type\":\"EntryPoint\",\"urlTemplate\":\"https:\/\/bunkerseguridad.com\/fr\/?s={search_term_string}\"},\"query-input\":{\"@type\":\"PropertyValueSpecification\",\"valueRequired\":true,\"valueName\":\"search_term_string\"}}],\"inLanguage\":\"fr-FR\"}]}<\/script>\n<!-- \/ Yoast SEO plugin. -->","yoast_head_json":{"title":"LED infrarouge courte port\u00e9e LT IS-830\/890-LT - Bunker Seguridad","robots":{"index":"noindex","follow":"follow","max-snippet":"max-snippet:-1","max-image-preview":"max-image-preview:large","max-video-preview":"max-video-preview:-1"},"og_locale":"fr_FR","og_type":"article","og_title":"LED infrarouge courte port\u00e9e LT IS-830\/890-LT - Bunker Seguridad","og_description":"La gamme d'illuminateurs LED infrarouges Clarius\u00ae LT d'entr\u00e9e de gamme est con\u00e7ue pour offrir des performances de pointe, une longue dur\u00e9e de vie et une maintenance extr\u00eamement r\u00e9duite. IS-830-LT: LED IR \u00e0 courte port\u00e9e, entr\u00e9e de gamme (850 nm). 30 \u00b0, 20m. Consommation: 12W. Alimentation recommand\u00e9e: ALT-30-24. IP67. IS-890-LT: LED IR \u00e0 courte port\u00e9e, entr\u00e9e de gamme (850 nm). 90 \u00b0, 15m. Consommation: 12W. Alimentation recommand\u00e9e: ALT-30-24. IP67.","og_url":"https:\/\/bunkerseguridad.com\/fr\/produit\/clarius-lt-led-infrarouge-courte-portee-is-830-890-lt\/","og_site_name":"Bunker Seguridad","article_modified_time":"2021-02-15T11:23:20+00:00","og_image":[{"width":1200,"height":1200,"url":"https:\/\/bunkerseguridad.com\/fr\/wp-content\/uploads\/2020\/10\/clarius-is-lt-black.png","type":"image\/png"}],"twitter_card":"summary_large_image","twitter_misc":{"Dur\u00e9e de lecture estim\u00e9e":"1 minute"},"schema":{"@context":"https:\/\/schema.org","@graph":[{"@type":"WebPage","@id":"https:\/\/bunkerseguridad.com\/fr\/produit\/clarius-lt-led-infrarouge-courte-portee-is-830-890-lt\/","url":"https:\/\/bunkerseguridad.com\/fr\/produit\/clarius-lt-led-infrarouge-courte-portee-is-830-890-lt\/","name":"LED infrarouge courte port\u00e9e LT IS-830\/890-LT - Bunker Seguridad","isPartOf":{"@id":"https:\/\/bunkerseguridad.com\/fr\/#website"},"primaryImageOfPage":{"@id":"https:\/\/bunkerseguridad.com\/fr\/produit\/clarius-lt-led-infrarouge-courte-portee-is-830-890-lt\/#primaryimage"},"image":{"@id":"https:\/\/bunkerseguridad.com\/fr\/produit\/clarius-lt-led-infrarouge-courte-portee-is-830-890-lt\/#primaryimage"},"thumbnailUrl":"https:\/\/bunkerseguridad.com\/fr\/wp-content\/uploads\/2020\/10\/clarius-is-lt-black.png","datePublished":"2020-10-19T10:58:00+00:00","dateModified":"2021-02-15T11:23:20+00:00","breadcrumb":{"@id":"https:\/\/bunkerseguridad.com\/fr\/produit\/clarius-lt-led-infrarouge-courte-portee-is-830-890-lt\/#breadcrumb"},"inLanguage":"fr-FR","potentialAction":[{"@type":"ReadAction","target":["https:\/\/bunkerseguridad.com\/fr\/produit\/clarius-lt-led-infrarouge-courte-portee-is-830-890-lt\/"]}]},{"@type":"ImageObject","inLanguage":"fr-FR","@id":"https:\/\/bunkerseguridad.com\/fr\/produit\/clarius-lt-led-infrarouge-courte-portee-is-830-890-lt\/#primaryimage","url":"https:\/\/bunkerseguridad.com\/fr\/wp-content\/uploads\/2020\/10\/clarius-is-lt-black.png","contentUrl":"https:\/\/bunkerseguridad.com\/fr\/wp-content\/uploads\/2020\/10\/clarius-is-lt-black.png","width":1200,"height":1200,"caption":"CLARIUS LT infrarouge moyen"},{"@type":"BreadcrumbList","@id":"https:\/\/bunkerseguridad.com\/fr\/produit\/clarius-lt-led-infrarouge-courte-portee-is-830-890-lt\/#breadcrumb","itemListElement":[{"@type":"ListItem","position":1,"name":"Home","item":"https:\/\/bunkerseguridad.com\/fr\/"},{"@type":"ListItem","position":2,"name":"Shop","item":"https:\/\/bunkerseguridad.com\/fr\/shop\/"},{"@type":"ListItem","position":3,"name":"LED infrarouge courte port\u00e9e LT IS-830\/890-LT"}]},{"@type":"WebSite","@id":"https:\/\/bunkerseguridad.com\/fr\/#website","url":"https:\/\/bunkerseguridad.com\/fr\/","name":"Bunker Seguridad","description":"Otro sitio realizado con WordPress","potentialAction":[{"@type":"SearchAction","target":{"@type":"EntryPoint","urlTemplate":"https:\/\/bunkerseguridad.com\/fr\/?s={search_term_string}"},"query-input":{"@type":"PropertyValueSpecification","valueRequired":true,"valueName":"search_term_string"}}],"inLanguage":"fr-FR"}]}},"brands":[{"id":204,"name":"Clarius","slug":"clarius"}],"_links":{"self":[{"href":"https:\/\/bunkerseguridad.com\/fr\/wp-json\/wp\/v2\/product\/3103","targetHints":{"allow":["GET"]}}],"collection":[{"href":"https:\/\/bunkerseguridad.com\/fr\/wp-json\/wp\/v2\/product"}],"about":[{"href":"https:\/\/bunkerseguridad.com\/fr\/wp-json\/wp\/v2\/types\/product"}],"wp:featuredmedia":[{"embeddable":true,"href":"https:\/\/bunkerseguridad.com\/fr\/wp-json\/wp\/v2\/media\/3151"}],"wp:attachment":[{"href":"https:\/\/bunkerseguridad.com\/fr\/wp-json\/wp\/v2\/media?parent=3103"}],"wp:term":[{"taxonomy":"pwb-brand","embeddable":true,"href":"https:\/\/bunkerseguridad.com\/fr\/wp-json\/wp\/v2\/pwb-brand?post=3103"},{"taxonomy":"product_brand","embeddable":true,"href":"https:\/\/bunkerseguridad.com\/fr\/wp-json\/wp\/v2\/product_brand?post=3103"},{"taxonomy":"product_cat","embeddable":true,"href":"https:\/\/bunkerseguridad.com\/fr\/wp-json\/wp\/v2\/product_cat?post=3103"},{"taxonomy":"product_tag","embeddable":true,"href":"https:\/\/bunkerseguridad.com\/fr\/wp-json\/wp\/v2\/product_tag?post=3103"}],"curies":[{"name":"wp","href":"https:\/\/api.w.org\/{rel}","templated":true}]}}