{"id":3079,"date":"2020-10-19T10:26:34","date_gmt":"2020-10-19T10:26:34","guid":{"rendered":"http:\/\/www.bunkerseguridad.es\/en\/?post_type=product&#038;p=3079"},"modified":"2021-02-15T12:27:37","modified_gmt":"2021-02-15T12:27:37","slug":"led-illuminator-clarius-petit-infrarouge-plus","status":"publish","type":"product","link":"https:\/\/bunkerseguridad.com\/fr\/produit\/led-illuminator-clarius-petit-infrarouge-plus\/","title":{"rendered":"LED Illuminator CLARIUS Petit infrarouge PLUS"},"content":{"rendered":"<p>Les projecteurs \u00e0 LED infrarouges haute performance de la gamme Clarius\u00ae Plus sont con\u00e7us pour offrir des performances de premier plan, une longue dur\u00e9e de vie et une maintenance r\u00e9duite.<\/p>\n<p>Ils int\u00e8grent les toutes derni\u00e8res LED double c\u0153ur mont\u00e9es en surface, avec une sortie optique am\u00e9lior\u00e9e et une fiabilit\u00e9 remarquable, pour obtenir d&rsquo;excellentes images de nuit.<\/p>\n<p>Chaque unit\u00e9 est dot\u00e9e d&rsquo;un circuit de contr\u00f4le int\u00e9gr\u00e9, qui commande avec pr\u00e9cision la sortie des LED et assure ainsi un \u00e9clairage homog\u00e8ne, pour une dur\u00e9e de vie pr\u00e9visionnelle de plus de 10 ans.<\/p>\n<p>Les projecteurs de la gamme Clarius\u00ae Plus incluent un nouveau syst\u00e8me de diffusion \u00e0 lentilles interchangeables qui permet \u00e0 l&rsquo;utilisateur de modifier rapidement et facilement l&rsquo;angle d&rsquo;\u00e9clairage. Les profils de faisceau elliptiques permettent d&rsquo;\u00e9clairer davantage certains endroits en fonction des besoins, pour ainsi couvrir des distances plus longues et minimiser le gaspillage de lumi\u00e8re. Le syst\u00e8me aide \u00e9galement \u00e0 \u00e9viter la surexposition des objets situ\u00e9s au premier plan.<\/p>\n<p>Le projecteur inclut par d\u00e9faut des lentilles interchangeables offrant des profils de faisceau elliptiques de 10\u00b0 circulaire, 30\u00b0 x 20\u00b0, 60\u00b0 x 30\u00b0, 80\u00b0 x 60\u00b0 et 120\u00b0 x 50\u00b0.<\/p>\n<p>L&rsquo;installation est simple et rapide, et l&rsquo;alimentation requise est seulement de 12-32 V CC \/ 24 V CA +\/-10 %.<\/p>\n<p>&nbsp;<\/p>\n<p><strong>Caract\u00e9ristiques:<\/strong><\/p>\n<ul>\n<li>\u00a0Derni\u00e8re technologie de LED\u2122 double c\u0153ur mont\u00e9es en surface<\/li>\n<li>\u00a0Distances allant jusqu&rsquo;\u00e0 45 m (148\u2019)<\/li>\n<li>\u00a0Profils de faisceau elliptiques<\/li>\n<li>\u00a0Longueurs d&rsquo;onde de 850 nm ou 940 nm<\/li>\n<li>\u00a0Faible consommation \u00e9lectrique (15 W)<\/li>\n<li>\u00a0Longue dur\u00e9e de vie<\/li>\n<li>\u00a0Garantie de 5 ans<\/li>\n<li>\u00a0Indice IP66 de r\u00e9sistance aux intemp\u00e9ries<\/li>\n<li>\u00a0Contr\u00f4le marche \/ arr\u00eat des infrarouges par cellule photo\u00e9lectrique int\u00e9gr\u00e9e<\/li>\n<li>\u00a0Cellule photo\u00e9lectrique avec apr\u00e8s contact<\/li>\n<li>\u00a0Entr\u00e9e de t\u00e9l\u00e9m\u00e9trie pour commutation \u00e0 distance<\/li>\n<li>\u00a012-32 V CC \/ 24 V CA +\/-10 %<\/li>\n<li>\u00a0Technologie de rev\u00eatement de lentille autonettoyant CleanLITE\u00ae<\/li>\n<\/ul>\n","protected":false},"excerpt":{"rendered":"<p>La gamme Clarius\u00ae Plus d&rsquo;illuminateurs \u00e0 LED infrarouges haute performance est con\u00e7ue pour offrir des performances de pointe, une longue dur\u00e9e de vie et une maintenance extr\u00eamement r\u00e9duite.<strong> IS-8<\/strong>: LED IR \u00e0 courte port\u00e9e plus (850 nm). Jusqu&rsquo;\u00e0 132m (selon l&rsquo;angle choisi). Consommation: 15W. Alimentation recommand\u00e9e: <strong>ALT-30-24. IP66. IS-9:<\/strong> LED IR \u00e0 courte port\u00e9e plus (940 nm). Jusqu&rsquo;\u00e0 81m (selon l&rsquo;angle choisi). Consommation: 15W. Alimentation recommand\u00e9e: <strong>ALT-30-24. IP66.<\/strong><\/p>\n","protected":false},"featured_media":3080,"template":"","meta":{"_et_pb_use_builder":"","_et_pb_old_content":"","_et_gb_content_width":""},"pwb-brand":[204],"product_brand":[],"product_cat":[41,42],"product_tag":[107,208,103,106,108,109,105,104],"class_list":{"0":"post-3079","1":"product","2":"type-product","3":"status-publish","4":"has-post-thumbnail","6":"pwb-brand-clarius","7":"product_cat-detection-intrusion-perimetrique","8":"product_cat-illuminateurs-led","9":"product_tag-850nm","10":"product_tag-940nm","11":"product_tag-courte-portee","12":"product_tag-extralong-range","13":"product_tag-illuminateur-infrarouge","14":"product_tag-illuminateur-lumiere-blanche","15":"product_tag-longue-portee","16":"product_tag-moyenne-portee","18":"first","19":"instock","20":"shipping-taxable","21":"product-type-simple"},"yoast_head":"<!-- This site is optimized with the Yoast SEO plugin v25.2 - https:\/\/yoast.com\/wordpress\/plugins\/seo\/ -->\n<title>LED Illuminator CLARIUS Petit infrarouge PLUS - Bunker Seguridad<\/title>\n<meta name=\"description\" content=\"LED Illuminator CLARIUS Petit infrarouge PLUS, haute performance, pour une longue dur\u00e9e de vie et une maintenance extr\u00eamement r\u00e9duite.\" \/>\n<meta name=\"robots\" content=\"noindex, follow, max-snippet:-1, max-image-preview:large, max-video-preview:-1\" \/>\n<meta property=\"og:locale\" content=\"fr_FR\" \/>\n<meta property=\"og:type\" content=\"article\" \/>\n<meta property=\"og:title\" content=\"LED Illuminator CLARIUS Petit infrarouge PLUS - Bunker Seguridad\" \/>\n<meta property=\"og:description\" content=\"LED Illuminator CLARIUS Petit infrarouge PLUS, haute performance, pour une longue dur\u00e9e de vie et une maintenance extr\u00eamement r\u00e9duite.\" \/>\n<meta property=\"og:url\" content=\"https:\/\/bunkerseguridad.com\/fr\/produit\/led-illuminator-clarius-petit-infrarouge-plus\/\" \/>\n<meta property=\"og:site_name\" content=\"Bunker Seguridad\" \/>\n<meta property=\"article:modified_time\" content=\"2021-02-15T12:27:37+00:00\" \/>\n<meta property=\"og:image\" content=\"https:\/\/bunkerseguridad.com\/fr\/wp-content\/uploads\/2020\/10\/small-clarius-ir_1.png\" \/>\n\t<meta property=\"og:image:width\" content=\"1200\" \/>\n\t<meta property=\"og:image:height\" content=\"1200\" \/>\n\t<meta property=\"og:image:type\" content=\"image\/png\" \/>\n<meta name=\"twitter:card\" content=\"summary_large_image\" \/>\n<meta name=\"twitter:label1\" content=\"Dur\u00e9e de lecture estim\u00e9e\" \/>\n\t<meta name=\"twitter:data1\" content=\"2 minutes\" \/>\n<script type=\"application\/ld+json\" class=\"yoast-schema-graph\">{\"@context\":\"https:\/\/schema.org\",\"@graph\":[{\"@type\":\"WebPage\",\"@id\":\"https:\/\/bunkerseguridad.com\/fr\/produit\/led-illuminator-clarius-petit-infrarouge-plus\/\",\"url\":\"https:\/\/bunkerseguridad.com\/fr\/produit\/led-illuminator-clarius-petit-infrarouge-plus\/\",\"name\":\"LED Illuminator CLARIUS Petit infrarouge PLUS - Bunker Seguridad\",\"isPartOf\":{\"@id\":\"https:\/\/bunkerseguridad.com\/fr\/#website\"},\"primaryImageOfPage\":{\"@id\":\"https:\/\/bunkerseguridad.com\/fr\/produit\/led-illuminator-clarius-petit-infrarouge-plus\/#primaryimage\"},\"image\":{\"@id\":\"https:\/\/bunkerseguridad.com\/fr\/produit\/led-illuminator-clarius-petit-infrarouge-plus\/#primaryimage\"},\"thumbnailUrl\":\"https:\/\/bunkerseguridad.com\/fr\/wp-content\/uploads\/2020\/10\/small-clarius-ir_1.png\",\"datePublished\":\"2020-10-19T10:26:34+00:00\",\"dateModified\":\"2021-02-15T12:27:37+00:00\",\"description\":\"LED Illuminator CLARIUS Petit infrarouge PLUS, haute performance, pour une longue dur\u00e9e de vie et une maintenance extr\u00eamement r\u00e9duite.\",\"breadcrumb\":{\"@id\":\"https:\/\/bunkerseguridad.com\/fr\/produit\/led-illuminator-clarius-petit-infrarouge-plus\/#breadcrumb\"},\"inLanguage\":\"fr-FR\",\"potentialAction\":[{\"@type\":\"ReadAction\",\"target\":[\"https:\/\/bunkerseguridad.com\/fr\/produit\/led-illuminator-clarius-petit-infrarouge-plus\/\"]}]},{\"@type\":\"ImageObject\",\"inLanguage\":\"fr-FR\",\"@id\":\"https:\/\/bunkerseguridad.com\/fr\/produit\/led-illuminator-clarius-petit-infrarouge-plus\/#primaryimage\",\"url\":\"https:\/\/bunkerseguridad.com\/fr\/wp-content\/uploads\/2020\/10\/small-clarius-ir_1.png\",\"contentUrl\":\"https:\/\/bunkerseguridad.com\/fr\/wp-content\/uploads\/2020\/10\/small-clarius-ir_1.png\",\"width\":1200,\"height\":1200,\"caption\":\"CLARIUS Plus Infrared Small\"},{\"@type\":\"BreadcrumbList\",\"@id\":\"https:\/\/bunkerseguridad.com\/fr\/produit\/led-illuminator-clarius-petit-infrarouge-plus\/#breadcrumb\",\"itemListElement\":[{\"@type\":\"ListItem\",\"position\":1,\"name\":\"Home\",\"item\":\"https:\/\/bunkerseguridad.com\/fr\/\"},{\"@type\":\"ListItem\",\"position\":2,\"name\":\"Shop\",\"item\":\"https:\/\/bunkerseguridad.com\/fr\/shop\/\"},{\"@type\":\"ListItem\",\"position\":3,\"name\":\"LED Illuminator CLARIUS Petit infrarouge PLUS\"}]},{\"@type\":\"WebSite\",\"@id\":\"https:\/\/bunkerseguridad.com\/fr\/#website\",\"url\":\"https:\/\/bunkerseguridad.com\/fr\/\",\"name\":\"Bunker Seguridad\",\"description\":\"Otro sitio realizado con WordPress\",\"potentialAction\":[{\"@type\":\"SearchAction\",\"target\":{\"@type\":\"EntryPoint\",\"urlTemplate\":\"https:\/\/bunkerseguridad.com\/fr\/?s={search_term_string}\"},\"query-input\":{\"@type\":\"PropertyValueSpecification\",\"valueRequired\":true,\"valueName\":\"search_term_string\"}}],\"inLanguage\":\"fr-FR\"}]}<\/script>\n<!-- \/ Yoast SEO plugin. -->","yoast_head_json":{"title":"LED Illuminator CLARIUS Petit infrarouge PLUS - Bunker Seguridad","description":"LED Illuminator CLARIUS Petit infrarouge PLUS, haute performance, pour une longue dur\u00e9e de vie et une maintenance extr\u00eamement r\u00e9duite.","robots":{"index":"noindex","follow":"follow","max-snippet":"max-snippet:-1","max-image-preview":"max-image-preview:large","max-video-preview":"max-video-preview:-1"},"og_locale":"fr_FR","og_type":"article","og_title":"LED Illuminator CLARIUS Petit infrarouge PLUS - Bunker Seguridad","og_description":"LED Illuminator CLARIUS Petit infrarouge PLUS, haute performance, pour une longue dur\u00e9e de vie et une maintenance extr\u00eamement r\u00e9duite.","og_url":"https:\/\/bunkerseguridad.com\/fr\/produit\/led-illuminator-clarius-petit-infrarouge-plus\/","og_site_name":"Bunker Seguridad","article_modified_time":"2021-02-15T12:27:37+00:00","og_image":[{"width":1200,"height":1200,"url":"https:\/\/bunkerseguridad.com\/fr\/wp-content\/uploads\/2020\/10\/small-clarius-ir_1.png","type":"image\/png"}],"twitter_card":"summary_large_image","twitter_misc":{"Dur\u00e9e de lecture estim\u00e9e":"2 minutes"},"schema":{"@context":"https:\/\/schema.org","@graph":[{"@type":"WebPage","@id":"https:\/\/bunkerseguridad.com\/fr\/produit\/led-illuminator-clarius-petit-infrarouge-plus\/","url":"https:\/\/bunkerseguridad.com\/fr\/produit\/led-illuminator-clarius-petit-infrarouge-plus\/","name":"LED Illuminator CLARIUS Petit infrarouge PLUS - Bunker Seguridad","isPartOf":{"@id":"https:\/\/bunkerseguridad.com\/fr\/#website"},"primaryImageOfPage":{"@id":"https:\/\/bunkerseguridad.com\/fr\/produit\/led-illuminator-clarius-petit-infrarouge-plus\/#primaryimage"},"image":{"@id":"https:\/\/bunkerseguridad.com\/fr\/produit\/led-illuminator-clarius-petit-infrarouge-plus\/#primaryimage"},"thumbnailUrl":"https:\/\/bunkerseguridad.com\/fr\/wp-content\/uploads\/2020\/10\/small-clarius-ir_1.png","datePublished":"2020-10-19T10:26:34+00:00","dateModified":"2021-02-15T12:27:37+00:00","description":"LED Illuminator CLARIUS Petit infrarouge PLUS, haute performance, pour une longue dur\u00e9e de vie et une maintenance extr\u00eamement r\u00e9duite.","breadcrumb":{"@id":"https:\/\/bunkerseguridad.com\/fr\/produit\/led-illuminator-clarius-petit-infrarouge-plus\/#breadcrumb"},"inLanguage":"fr-FR","potentialAction":[{"@type":"ReadAction","target":["https:\/\/bunkerseguridad.com\/fr\/produit\/led-illuminator-clarius-petit-infrarouge-plus\/"]}]},{"@type":"ImageObject","inLanguage":"fr-FR","@id":"https:\/\/bunkerseguridad.com\/fr\/produit\/led-illuminator-clarius-petit-infrarouge-plus\/#primaryimage","url":"https:\/\/bunkerseguridad.com\/fr\/wp-content\/uploads\/2020\/10\/small-clarius-ir_1.png","contentUrl":"https:\/\/bunkerseguridad.com\/fr\/wp-content\/uploads\/2020\/10\/small-clarius-ir_1.png","width":1200,"height":1200,"caption":"CLARIUS Plus Infrared Small"},{"@type":"BreadcrumbList","@id":"https:\/\/bunkerseguridad.com\/fr\/produit\/led-illuminator-clarius-petit-infrarouge-plus\/#breadcrumb","itemListElement":[{"@type":"ListItem","position":1,"name":"Home","item":"https:\/\/bunkerseguridad.com\/fr\/"},{"@type":"ListItem","position":2,"name":"Shop","item":"https:\/\/bunkerseguridad.com\/fr\/shop\/"},{"@type":"ListItem","position":3,"name":"LED Illuminator CLARIUS Petit infrarouge PLUS"}]},{"@type":"WebSite","@id":"https:\/\/bunkerseguridad.com\/fr\/#website","url":"https:\/\/bunkerseguridad.com\/fr\/","name":"Bunker Seguridad","description":"Otro sitio realizado con WordPress","potentialAction":[{"@type":"SearchAction","target":{"@type":"EntryPoint","urlTemplate":"https:\/\/bunkerseguridad.com\/fr\/?s={search_term_string}"},"query-input":{"@type":"PropertyValueSpecification","valueRequired":true,"valueName":"search_term_string"}}],"inLanguage":"fr-FR"}]}},"brands":[{"id":204,"name":"Clarius","slug":"clarius"}],"_links":{"self":[{"href":"https:\/\/bunkerseguridad.com\/fr\/wp-json\/wp\/v2\/product\/3079","targetHints":{"allow":["GET"]}}],"collection":[{"href":"https:\/\/bunkerseguridad.com\/fr\/wp-json\/wp\/v2\/product"}],"about":[{"href":"https:\/\/bunkerseguridad.com\/fr\/wp-json\/wp\/v2\/types\/product"}],"wp:featuredmedia":[{"embeddable":true,"href":"https:\/\/bunkerseguridad.com\/fr\/wp-json\/wp\/v2\/media\/3080"}],"wp:attachment":[{"href":"https:\/\/bunkerseguridad.com\/fr\/wp-json\/wp\/v2\/media?parent=3079"}],"wp:term":[{"taxonomy":"pwb-brand","embeddable":true,"href":"https:\/\/bunkerseguridad.com\/fr\/wp-json\/wp\/v2\/pwb-brand?post=3079"},{"taxonomy":"product_brand","embeddable":true,"href":"https:\/\/bunkerseguridad.com\/fr\/wp-json\/wp\/v2\/product_brand?post=3079"},{"taxonomy":"product_cat","embeddable":true,"href":"https:\/\/bunkerseguridad.com\/fr\/wp-json\/wp\/v2\/product_cat?post=3079"},{"taxonomy":"product_tag","embeddable":true,"href":"https:\/\/bunkerseguridad.com\/fr\/wp-json\/wp\/v2\/product_tag?post=3079"}],"curies":[{"name":"wp","href":"https:\/\/api.w.org\/{rel}","templated":true}]}}