{"id":3062,"date":"2020-10-19T09:49:32","date_gmt":"2020-10-19T09:49:32","guid":{"rendered":"http:\/\/www.bunkerseguridad.es\/en\/?post_type=product&#038;p=3062"},"modified":"2021-02-15T12:03:21","modified_gmt":"2021-02-15T12:03:21","slug":"illuminateur-led-clarius-plus-infrarouge-large","status":"publish","type":"product","link":"https:\/\/bunkerseguridad.com\/fr\/produit\/illuminateur-led-clarius-plus-infrarouge-large\/","title":{"rendered":"Illuminateur \u00e0 LED CLARIUS Plus infrarouge Large"},"content":{"rendered":"<p>La gamme Clarius\u00ae Plus d&rsquo;illuminateurs \u00e0 LED infrarouges haute performance est con\u00e7ue pour offrir des performances de pointe, une longue dur\u00e9e de vie et une maintenance extr\u00eamement r\u00e9duite.<\/p>\n<p>Int\u00e9grant les derni\u00e8res LED \u00e0 double c\u0153ur \u00e0 montage en surface avec une sortie optique am\u00e9lior\u00e9e et une fiabilit\u00e9 exceptionnelle, elles offrent d&rsquo;excellentes images de nuit.<\/p>\n<p>Chaque unit\u00e9 est \u00e9quip\u00e9e de circuits de contr\u00f4le int\u00e9gr\u00e9s pour contr\u00f4ler soigneusement la sortie LED, offrant un \u00e9clairage constant et une dur\u00e9e de vie pr\u00e9vue de plus de 10 ans.<\/p>\n<p>La gamme d&rsquo;illuminateurs Clarius\u00ae Plus comprend un nouveau syst\u00e8me de diffuseur \u00e0 lentilles interchangeables; qui permet \u00e0 l&rsquo;utilisateur de modifier rapidement et facilement l&rsquo;angle d&rsquo;\u00e9clairage. Les profils de faisceau elliptique permettent de fournir plus de lumi\u00e8re l\u00e0 o\u00f9 c&rsquo;est n\u00e9cessaire, permettant \u00e0 la fois de plus longues distances et minimisant le gaspillage de lumi\u00e8re. Le syst\u00e8me permet \u00e9galement d&rsquo;\u00e9viter la surexposition des objets de premier plan.<\/p>\n<p>En standard, l&rsquo;illuminateur comprend des lentilles interchangeables pour fournir des profils de faisceaux elliptiques circulaires de 10 \u00b0, 20 \u00b0, 30 \u00b0, 60 \u00b0, 80 \u00b0 et 95 \u00b0.<\/p>\n<p>L&rsquo;installation est rapide et facile, ne n\u00e9cessitant que 12-32V DC \/ 24V AC +\/- 10%.<\/p>\n<p>Caract\u00e9ristiques:<\/p>\n<ul>\n<li>Derni\u00e8re technologie SMT Dual Core LED \u2122<\/li>\n<li>Distances jusqu&rsquo;\u00e0 228m (748 &lsquo;)<\/li>\n<li>Profils de poutre elliptique<\/li>\n<li>Longueurs d&rsquo;onde 850 nm ou 940 nm<\/li>\n<li>Faible consommation d&rsquo;\u00e9nergie 39W<\/li>\n<li>Longue vie<\/li>\n<li>Garantie de 5 ans<\/li>\n<li>Indice de protection contre les intemp\u00e9ries IP66<\/li>\n<li>Cellule photo\u00e9lectrique int\u00e9gr\u00e9e IR marche \/ arr\u00eat<\/li>\n<li>Photocellule apr\u00e8s contact<\/li>\n<li>Entr\u00e9e de t\u00e9l\u00e9m\u00e9trie pour la commutation \u00e0 distance<\/li>\n<li>12 \u00e0 32 V CC \/ 24 V CA +\/- 10%<\/li>\n<li>Technologie de rev\u00eatement de lentille autonettoyante CleanLITE\u00ae<\/li>\n<\/ul>\n","protected":false},"excerpt":{"rendered":"<p>La gamme d&rsquo;illuminateurs infrarouges \u00e0 LED Clarius\u00ae Plus haute performance est con\u00e7ue pour offrir des performances de pointe, une longue dur\u00e9e de vie et un entretien extr\u00eamement r\u00e9duit.<\/p>\n","protected":false},"featured_media":3063,"template":"","meta":{"_et_pb_use_builder":"","_et_pb_old_content":"","_et_gb_content_width":""},"pwb-brand":[204],"product_brand":[],"product_cat":[41,42],"product_tag":[107,208,103,106,108,109,105,104],"class_list":{"0":"post-3062","1":"product","2":"type-product","3":"status-publish","4":"has-post-thumbnail","6":"pwb-brand-clarius","7":"product_cat-detection-intrusion-perimetrique","8":"product_cat-illuminateurs-led","9":"product_tag-850nm","10":"product_tag-940nm","11":"product_tag-courte-portee","12":"product_tag-extralong-range","13":"product_tag-illuminateur-infrarouge","14":"product_tag-illuminateur-lumiere-blanche","15":"product_tag-longue-portee","16":"product_tag-moyenne-portee","18":"first","19":"instock","20":"shipping-taxable","21":"product-type-simple"},"yoast_head":"<!-- This site is optimized with the Yoast SEO plugin v25.2 - https:\/\/yoast.com\/wordpress\/plugins\/seo\/ -->\n<title>Illuminateur \u00e0 LED CLARIUS Plus infrarouge Large - Bunker Seguridad<\/title>\n<meta name=\"description\" content=\"Clariua Plus d&#039;illuminateurs \u00e0 LED infrarouges haute performance est con\u00e7ue pour offrir des performances de pointe.\" \/>\n<meta name=\"robots\" content=\"noindex, follow, max-snippet:-1, max-image-preview:large, max-video-preview:-1\" \/>\n<meta property=\"og:locale\" content=\"fr_FR\" \/>\n<meta property=\"og:type\" content=\"article\" \/>\n<meta property=\"og:title\" content=\"Illuminateur \u00e0 LED CLARIUS Plus infrarouge Large - Bunker Seguridad\" \/>\n<meta property=\"og:description\" content=\"Clariua Plus d&#039;illuminateurs \u00e0 LED infrarouges haute performance est con\u00e7ue pour offrir des performances de pointe.\" \/>\n<meta property=\"og:url\" content=\"https:\/\/bunkerseguridad.com\/fr\/produit\/illuminateur-led-clarius-plus-infrarouge-large\/\" \/>\n<meta property=\"og:site_name\" content=\"Bunker Seguridad\" \/>\n<meta property=\"article:modified_time\" content=\"2021-02-15T12:03:21+00:00\" \/>\n<meta property=\"og:image\" content=\"https:\/\/bunkerseguridad.com\/fr\/wp-content\/uploads\/2020\/10\/large-clarius-ir_0.png\" \/>\n\t<meta property=\"og:image:width\" content=\"1200\" \/>\n\t<meta property=\"og:image:height\" content=\"1200\" \/>\n\t<meta property=\"og:image:type\" content=\"image\/png\" \/>\n<meta name=\"twitter:card\" content=\"summary_large_image\" \/>\n<meta name=\"twitter:label1\" content=\"Dur\u00e9e de lecture estim\u00e9e\" \/>\n\t<meta name=\"twitter:data1\" content=\"2 minutes\" \/>\n<script type=\"application\/ld+json\" class=\"yoast-schema-graph\">{\"@context\":\"https:\/\/schema.org\",\"@graph\":[{\"@type\":\"WebPage\",\"@id\":\"https:\/\/bunkerseguridad.com\/fr\/produit\/illuminateur-led-clarius-plus-infrarouge-large\/\",\"url\":\"https:\/\/bunkerseguridad.com\/fr\/produit\/illuminateur-led-clarius-plus-infrarouge-large\/\",\"name\":\"Illuminateur \u00e0 LED CLARIUS Plus infrarouge Large - Bunker Seguridad\",\"isPartOf\":{\"@id\":\"https:\/\/bunkerseguridad.com\/fr\/#website\"},\"primaryImageOfPage\":{\"@id\":\"https:\/\/bunkerseguridad.com\/fr\/produit\/illuminateur-led-clarius-plus-infrarouge-large\/#primaryimage\"},\"image\":{\"@id\":\"https:\/\/bunkerseguridad.com\/fr\/produit\/illuminateur-led-clarius-plus-infrarouge-large\/#primaryimage\"},\"thumbnailUrl\":\"https:\/\/bunkerseguridad.com\/fr\/wp-content\/uploads\/2020\/10\/large-clarius-ir_0.png\",\"datePublished\":\"2020-10-19T09:49:32+00:00\",\"dateModified\":\"2021-02-15T12:03:21+00:00\",\"description\":\"Clariua Plus d'illuminateurs \u00e0 LED infrarouges haute performance est con\u00e7ue pour offrir des performances de pointe.\",\"breadcrumb\":{\"@id\":\"https:\/\/bunkerseguridad.com\/fr\/produit\/illuminateur-led-clarius-plus-infrarouge-large\/#breadcrumb\"},\"inLanguage\":\"fr-FR\",\"potentialAction\":[{\"@type\":\"ReadAction\",\"target\":[\"https:\/\/bunkerseguridad.com\/fr\/produit\/illuminateur-led-clarius-plus-infrarouge-large\/\"]}]},{\"@type\":\"ImageObject\",\"inLanguage\":\"fr-FR\",\"@id\":\"https:\/\/bunkerseguridad.com\/fr\/produit\/illuminateur-led-clarius-plus-infrarouge-large\/#primaryimage\",\"url\":\"https:\/\/bunkerseguridad.com\/fr\/wp-content\/uploads\/2020\/10\/large-clarius-ir_0.png\",\"contentUrl\":\"https:\/\/bunkerseguridad.com\/fr\/wp-content\/uploads\/2020\/10\/large-clarius-ir_0.png\",\"width\":1200,\"height\":1200,\"caption\":\"CLARIUS Plus infrarouge Large\"},{\"@type\":\"BreadcrumbList\",\"@id\":\"https:\/\/bunkerseguridad.com\/fr\/produit\/illuminateur-led-clarius-plus-infrarouge-large\/#breadcrumb\",\"itemListElement\":[{\"@type\":\"ListItem\",\"position\":1,\"name\":\"Home\",\"item\":\"https:\/\/bunkerseguridad.com\/fr\/\"},{\"@type\":\"ListItem\",\"position\":2,\"name\":\"Shop\",\"item\":\"https:\/\/bunkerseguridad.com\/fr\/shop\/\"},{\"@type\":\"ListItem\",\"position\":3,\"name\":\"Illuminateur \u00e0 LED CLARIUS Plus infrarouge Large\"}]},{\"@type\":\"WebSite\",\"@id\":\"https:\/\/bunkerseguridad.com\/fr\/#website\",\"url\":\"https:\/\/bunkerseguridad.com\/fr\/\",\"name\":\"Bunker Seguridad\",\"description\":\"Otro sitio realizado con WordPress\",\"potentialAction\":[{\"@type\":\"SearchAction\",\"target\":{\"@type\":\"EntryPoint\",\"urlTemplate\":\"https:\/\/bunkerseguridad.com\/fr\/?s={search_term_string}\"},\"query-input\":{\"@type\":\"PropertyValueSpecification\",\"valueRequired\":true,\"valueName\":\"search_term_string\"}}],\"inLanguage\":\"fr-FR\"}]}<\/script>\n<!-- \/ Yoast SEO plugin. -->","yoast_head_json":{"title":"Illuminateur \u00e0 LED CLARIUS Plus infrarouge Large - Bunker Seguridad","description":"Clariua Plus d'illuminateurs \u00e0 LED infrarouges haute performance est con\u00e7ue pour offrir des performances de pointe.","robots":{"index":"noindex","follow":"follow","max-snippet":"max-snippet:-1","max-image-preview":"max-image-preview:large","max-video-preview":"max-video-preview:-1"},"og_locale":"fr_FR","og_type":"article","og_title":"Illuminateur \u00e0 LED CLARIUS Plus infrarouge Large - Bunker Seguridad","og_description":"Clariua Plus d'illuminateurs \u00e0 LED infrarouges haute performance est con\u00e7ue pour offrir des performances de pointe.","og_url":"https:\/\/bunkerseguridad.com\/fr\/produit\/illuminateur-led-clarius-plus-infrarouge-large\/","og_site_name":"Bunker Seguridad","article_modified_time":"2021-02-15T12:03:21+00:00","og_image":[{"width":1200,"height":1200,"url":"https:\/\/bunkerseguridad.com\/fr\/wp-content\/uploads\/2020\/10\/large-clarius-ir_0.png","type":"image\/png"}],"twitter_card":"summary_large_image","twitter_misc":{"Dur\u00e9e de lecture estim\u00e9e":"2 minutes"},"schema":{"@context":"https:\/\/schema.org","@graph":[{"@type":"WebPage","@id":"https:\/\/bunkerseguridad.com\/fr\/produit\/illuminateur-led-clarius-plus-infrarouge-large\/","url":"https:\/\/bunkerseguridad.com\/fr\/produit\/illuminateur-led-clarius-plus-infrarouge-large\/","name":"Illuminateur \u00e0 LED CLARIUS Plus infrarouge Large - Bunker Seguridad","isPartOf":{"@id":"https:\/\/bunkerseguridad.com\/fr\/#website"},"primaryImageOfPage":{"@id":"https:\/\/bunkerseguridad.com\/fr\/produit\/illuminateur-led-clarius-plus-infrarouge-large\/#primaryimage"},"image":{"@id":"https:\/\/bunkerseguridad.com\/fr\/produit\/illuminateur-led-clarius-plus-infrarouge-large\/#primaryimage"},"thumbnailUrl":"https:\/\/bunkerseguridad.com\/fr\/wp-content\/uploads\/2020\/10\/large-clarius-ir_0.png","datePublished":"2020-10-19T09:49:32+00:00","dateModified":"2021-02-15T12:03:21+00:00","description":"Clariua Plus d'illuminateurs \u00e0 LED infrarouges haute performance est con\u00e7ue pour offrir des performances de pointe.","breadcrumb":{"@id":"https:\/\/bunkerseguridad.com\/fr\/produit\/illuminateur-led-clarius-plus-infrarouge-large\/#breadcrumb"},"inLanguage":"fr-FR","potentialAction":[{"@type":"ReadAction","target":["https:\/\/bunkerseguridad.com\/fr\/produit\/illuminateur-led-clarius-plus-infrarouge-large\/"]}]},{"@type":"ImageObject","inLanguage":"fr-FR","@id":"https:\/\/bunkerseguridad.com\/fr\/produit\/illuminateur-led-clarius-plus-infrarouge-large\/#primaryimage","url":"https:\/\/bunkerseguridad.com\/fr\/wp-content\/uploads\/2020\/10\/large-clarius-ir_0.png","contentUrl":"https:\/\/bunkerseguridad.com\/fr\/wp-content\/uploads\/2020\/10\/large-clarius-ir_0.png","width":1200,"height":1200,"caption":"CLARIUS Plus infrarouge Large"},{"@type":"BreadcrumbList","@id":"https:\/\/bunkerseguridad.com\/fr\/produit\/illuminateur-led-clarius-plus-infrarouge-large\/#breadcrumb","itemListElement":[{"@type":"ListItem","position":1,"name":"Home","item":"https:\/\/bunkerseguridad.com\/fr\/"},{"@type":"ListItem","position":2,"name":"Shop","item":"https:\/\/bunkerseguridad.com\/fr\/shop\/"},{"@type":"ListItem","position":3,"name":"Illuminateur \u00e0 LED CLARIUS Plus infrarouge Large"}]},{"@type":"WebSite","@id":"https:\/\/bunkerseguridad.com\/fr\/#website","url":"https:\/\/bunkerseguridad.com\/fr\/","name":"Bunker Seguridad","description":"Otro sitio realizado con WordPress","potentialAction":[{"@type":"SearchAction","target":{"@type":"EntryPoint","urlTemplate":"https:\/\/bunkerseguridad.com\/fr\/?s={search_term_string}"},"query-input":{"@type":"PropertyValueSpecification","valueRequired":true,"valueName":"search_term_string"}}],"inLanguage":"fr-FR"}]}},"brands":[{"id":204,"name":"Clarius","slug":"clarius"}],"_links":{"self":[{"href":"https:\/\/bunkerseguridad.com\/fr\/wp-json\/wp\/v2\/product\/3062","targetHints":{"allow":["GET"]}}],"collection":[{"href":"https:\/\/bunkerseguridad.com\/fr\/wp-json\/wp\/v2\/product"}],"about":[{"href":"https:\/\/bunkerseguridad.com\/fr\/wp-json\/wp\/v2\/types\/product"}],"wp:featuredmedia":[{"embeddable":true,"href":"https:\/\/bunkerseguridad.com\/fr\/wp-json\/wp\/v2\/media\/3063"}],"wp:attachment":[{"href":"https:\/\/bunkerseguridad.com\/fr\/wp-json\/wp\/v2\/media?parent=3062"}],"wp:term":[{"taxonomy":"pwb-brand","embeddable":true,"href":"https:\/\/bunkerseguridad.com\/fr\/wp-json\/wp\/v2\/pwb-brand?post=3062"},{"taxonomy":"product_brand","embeddable":true,"href":"https:\/\/bunkerseguridad.com\/fr\/wp-json\/wp\/v2\/product_brand?post=3062"},{"taxonomy":"product_cat","embeddable":true,"href":"https:\/\/bunkerseguridad.com\/fr\/wp-json\/wp\/v2\/product_cat?post=3062"},{"taxonomy":"product_tag","embeddable":true,"href":"https:\/\/bunkerseguridad.com\/fr\/wp-json\/wp\/v2\/product_tag?post=3062"}],"curies":[{"name":"wp","href":"https:\/\/api.w.org\/{rel}","templated":true}]}}