{"id":3058,"date":"2020-10-19T09:42:08","date_gmt":"2020-10-19T09:42:08","guid":{"rendered":"http:\/\/www.bunkerseguridad.es\/en\/?post_type=product&#038;p=3058"},"modified":"2021-02-15T11:44:15","modified_gmt":"2021-02-15T11:44:15","slug":"illuminateurs-led-clarius-plus-infrarouge-dual-extra-large","status":"publish","type":"product","link":"https:\/\/bunkerseguridad.com\/fr\/produit\/illuminateurs-led-clarius-plus-infrarouge-dual-extra-large\/","title":{"rendered":"Illuminateurs LED CLARIUS Plus infrarouge DUAL extra large"},"content":{"rendered":"<p>La gamme Clarius\u00ae Plus d&rsquo;\u00e9clairages LED infrarouges haute performance est con\u00e7ue pour offrir des performances de premier ordre, une longue dur\u00e9e de vie et une maintenance ultra faible.<\/p>\n<p>Int\u00e9grant les derni\u00e8res LED \u00e0 double c\u0153ur mont\u00e9es en surface avec une sortie optique am\u00e9lior\u00e9e et une fiabilit\u00e9 exceptionnelle, elles fournissent d&rsquo;excellentes images de nuit.<\/p>\n<p>Chaque unit\u00e9 est \u00e9quip\u00e9e d&rsquo;un circuit de contr\u00f4le int\u00e9gr\u00e9 pour contr\u00f4ler avec soin la sortie des LED, offrant un \u00e9clairage constant et une dur\u00e9e de vie pr\u00e9vue de plus de 10 ans.<\/p>\n<p>La gamme d&rsquo;illuminateurs Clarius\u00ae Plus comprend un nouveau syst\u00e8me de diffuseur \u00e0 lentilles interchangeables, qui permet \u00e0 l&rsquo;utilisateur de modifier rapidement et facilement l&rsquo;angle d&rsquo;\u00e9clairage. Les profils de faisceau elliptiques permettent d&rsquo;envoyer plus de lumi\u00e8re l\u00e0 o\u00f9 elle est n\u00e9cessaire, ce qui permet d&rsquo;allonger les distances et de minimiser le gaspillage de lumi\u00e8re. Le syst\u00e8me permet \u00e9galement d&rsquo;\u00e9viter la surexposition des objets de premier plan.<\/p>\n<p>L&rsquo;illuminateur est \u00e9quip\u00e9 en standard de lentilles interchangeables permettant d&rsquo;obtenir des profils de faisceaux circulaires de 10\u00b0, 20\u00b0, 30\u00b0, 60\u00b0, 80\u00b0 et 95\u00b0 elliptiques.<\/p>\n<p>L&rsquo;installation est rapide et facile, ne n\u00e9cessitant que 12-32V DC \/ 24V AC +\/- 10%.<\/p>\n<p><strong>Caract\u00e9ristiques:<\/strong><\/p>\n<ul>\n<li>Distance jusqu&rsquo;\u00e0 367m (1202ft)<\/li>\n<li>Derni\u00e8re technologie LED Dual Core\u00ae SMT<\/li>\n<li>Angles ajustables<\/li>\n<li>Faible consommation d&rsquo;\u00e9nergie<\/li>\n<li>Indice de r\u00e9sistance aux intemp\u00e9ries IP66<\/li>\n<li>Technologie de rev\u00eatement autonettoyant CleanLITE\u00ae pour lentilles<\/li>\n<li>Longueurs d&rsquo;onde de 850 nm ou 940 nm<\/li>\n<li>Longue vie<\/li>\n<li>Garantie de 5 ans<\/li>\n<li>Angle 10\u00ba, 20\u00ba, 30\u00ba, 60\u00ba, 80\u00ba et 95<\/li>\n<li>Profils de faisceaux elliptiques<\/li>\n<li>12-32 VDC \/ 24V AC +\/- 10%<\/li>\n<\/ul>\n","protected":false},"excerpt":{"rendered":"<p>Gamme Clarius\u00ae Plus d&rsquo;Illuminateurs LED infrarouges haute performance est con\u00e7ue pour offrir des performances de premier ordre, une longue dur\u00e9e de vie et une maintenance ultra r\u00e9duite.<strong> IX2-8-DUAL:<\/strong> LED IR double panneau extra longue port\u00e9e plus (850nm). Jusqu&rsquo;\u00e0 367m (selon l&rsquo;angle choisi). Consommation: 90W. Alimentation \u00e9lectrique incluse. <strong>IP66. IX2-9-DUAL:<\/strong> LED IR double panneau extra longue port\u00e9e plus (940nm). Jusqu&rsquo;\u00e0 225m (selon l&rsquo;angle choisi). Consommation : 90W. Alimentation \u00e9lectrique inclue. IP66.<\/p>\n","protected":false},"featured_media":3061,"template":"","meta":{"_et_pb_use_builder":"","_et_pb_old_content":"","_et_gb_content_width":""},"pwb-brand":[204],"product_brand":[],"product_cat":[41,42],"product_tag":[107,208,103,106,108,109,105,104],"class_list":{"0":"post-3058","1":"product","2":"type-product","3":"status-publish","4":"has-post-thumbnail","6":"pwb-brand-clarius","7":"product_cat-detection-intrusion-perimetrique","8":"product_cat-illuminateurs-led","9":"product_tag-850nm","10":"product_tag-940nm","11":"product_tag-courte-portee","12":"product_tag-extralong-range","13":"product_tag-illuminateur-infrarouge","14":"product_tag-illuminateur-lumiere-blanche","15":"product_tag-longue-portee","16":"product_tag-moyenne-portee","18":"first","19":"instock","20":"shipping-taxable","21":"product-type-simple"},"yoast_head":"<!-- This site is optimized with the Yoast SEO plugin v25.2 - https:\/\/yoast.com\/wordpress\/plugins\/seo\/ -->\n<title>Illuminateurs LED CLARIUS Plus infrarouge DUAL extra large - Bunker Seguridad<\/title>\n<meta name=\"description\" content=\"La gamme Clarius Plus d&#039;Illuminateurs LED infrarouges haute performance est con\u00e7ue pour offrir des performances de premier ordre.\" \/>\n<meta name=\"robots\" content=\"noindex, follow, max-snippet:-1, max-image-preview:large, max-video-preview:-1\" \/>\n<meta property=\"og:locale\" content=\"fr_FR\" \/>\n<meta property=\"og:type\" content=\"article\" \/>\n<meta property=\"og:title\" content=\"Illuminateurs LED CLARIUS Plus infrarouge DUAL extra large - Bunker Seguridad\" \/>\n<meta property=\"og:description\" content=\"La gamme Clarius Plus d&#039;Illuminateurs LED infrarouges haute performance est con\u00e7ue pour offrir des performances de premier ordre.\" \/>\n<meta property=\"og:url\" content=\"https:\/\/bunkerseguridad.com\/fr\/produit\/illuminateurs-led-clarius-plus-infrarouge-dual-extra-large\/\" \/>\n<meta property=\"og:site_name\" content=\"Bunker Seguridad\" \/>\n<meta property=\"article:modified_time\" content=\"2021-02-15T11:44:15+00:00\" \/>\n<meta property=\"og:image\" content=\"https:\/\/bunkerseguridad.com\/fr\/wp-content\/uploads\/2020\/10\/clarius-plus-dual-extra-large-.png\" \/>\n\t<meta property=\"og:image:width\" content=\"1200\" \/>\n\t<meta property=\"og:image:height\" content=\"1200\" \/>\n\t<meta property=\"og:image:type\" content=\"image\/png\" \/>\n<meta name=\"twitter:card\" content=\"summary_large_image\" \/>\n<meta name=\"twitter:label1\" content=\"Dur\u00e9e de lecture estim\u00e9e\" \/>\n\t<meta name=\"twitter:data1\" content=\"2 minutes\" \/>\n<script type=\"application\/ld+json\" class=\"yoast-schema-graph\">{\"@context\":\"https:\/\/schema.org\",\"@graph\":[{\"@type\":\"WebPage\",\"@id\":\"https:\/\/bunkerseguridad.com\/fr\/produit\/illuminateurs-led-clarius-plus-infrarouge-dual-extra-large\/\",\"url\":\"https:\/\/bunkerseguridad.com\/fr\/produit\/illuminateurs-led-clarius-plus-infrarouge-dual-extra-large\/\",\"name\":\"Illuminateurs LED CLARIUS Plus infrarouge DUAL extra large - Bunker Seguridad\",\"isPartOf\":{\"@id\":\"https:\/\/bunkerseguridad.com\/fr\/#website\"},\"primaryImageOfPage\":{\"@id\":\"https:\/\/bunkerseguridad.com\/fr\/produit\/illuminateurs-led-clarius-plus-infrarouge-dual-extra-large\/#primaryimage\"},\"image\":{\"@id\":\"https:\/\/bunkerseguridad.com\/fr\/produit\/illuminateurs-led-clarius-plus-infrarouge-dual-extra-large\/#primaryimage\"},\"thumbnailUrl\":\"https:\/\/bunkerseguridad.com\/fr\/wp-content\/uploads\/2020\/10\/clarius-plus-dual-extra-large-.png\",\"datePublished\":\"2020-10-19T09:42:08+00:00\",\"dateModified\":\"2021-02-15T11:44:15+00:00\",\"description\":\"La gamme Clarius Plus d'Illuminateurs LED infrarouges haute performance est con\u00e7ue pour offrir des performances de premier ordre.\",\"breadcrumb\":{\"@id\":\"https:\/\/bunkerseguridad.com\/fr\/produit\/illuminateurs-led-clarius-plus-infrarouge-dual-extra-large\/#breadcrumb\"},\"inLanguage\":\"fr-FR\",\"potentialAction\":[{\"@type\":\"ReadAction\",\"target\":[\"https:\/\/bunkerseguridad.com\/fr\/produit\/illuminateurs-led-clarius-plus-infrarouge-dual-extra-large\/\"]}]},{\"@type\":\"ImageObject\",\"inLanguage\":\"fr-FR\",\"@id\":\"https:\/\/bunkerseguridad.com\/fr\/produit\/illuminateurs-led-clarius-plus-infrarouge-dual-extra-large\/#primaryimage\",\"url\":\"https:\/\/bunkerseguridad.com\/fr\/wp-content\/uploads\/2020\/10\/clarius-plus-dual-extra-large-.png\",\"contentUrl\":\"https:\/\/bunkerseguridad.com\/fr\/wp-content\/uploads\/2020\/10\/clarius-plus-dual-extra-large-.png\",\"width\":1200,\"height\":1200,\"caption\":\"CLARIUS Plus infrarouge DUAL extra large\"},{\"@type\":\"BreadcrumbList\",\"@id\":\"https:\/\/bunkerseguridad.com\/fr\/produit\/illuminateurs-led-clarius-plus-infrarouge-dual-extra-large\/#breadcrumb\",\"itemListElement\":[{\"@type\":\"ListItem\",\"position\":1,\"name\":\"Home\",\"item\":\"https:\/\/bunkerseguridad.com\/fr\/\"},{\"@type\":\"ListItem\",\"position\":2,\"name\":\"Shop\",\"item\":\"https:\/\/bunkerseguridad.com\/fr\/shop\/\"},{\"@type\":\"ListItem\",\"position\":3,\"name\":\"Illuminateurs LED CLARIUS Plus infrarouge DUAL extra large\"}]},{\"@type\":\"WebSite\",\"@id\":\"https:\/\/bunkerseguridad.com\/fr\/#website\",\"url\":\"https:\/\/bunkerseguridad.com\/fr\/\",\"name\":\"Bunker Seguridad\",\"description\":\"Otro sitio realizado con WordPress\",\"potentialAction\":[{\"@type\":\"SearchAction\",\"target\":{\"@type\":\"EntryPoint\",\"urlTemplate\":\"https:\/\/bunkerseguridad.com\/fr\/?s={search_term_string}\"},\"query-input\":{\"@type\":\"PropertyValueSpecification\",\"valueRequired\":true,\"valueName\":\"search_term_string\"}}],\"inLanguage\":\"fr-FR\"}]}<\/script>\n<!-- \/ Yoast SEO plugin. -->","yoast_head_json":{"title":"Illuminateurs LED CLARIUS Plus infrarouge DUAL extra large - Bunker Seguridad","description":"La gamme Clarius Plus d'Illuminateurs LED infrarouges haute performance est con\u00e7ue pour offrir des performances de premier ordre.","robots":{"index":"noindex","follow":"follow","max-snippet":"max-snippet:-1","max-image-preview":"max-image-preview:large","max-video-preview":"max-video-preview:-1"},"og_locale":"fr_FR","og_type":"article","og_title":"Illuminateurs LED CLARIUS Plus infrarouge DUAL extra large - Bunker Seguridad","og_description":"La gamme Clarius Plus d'Illuminateurs LED infrarouges haute performance est con\u00e7ue pour offrir des performances de premier ordre.","og_url":"https:\/\/bunkerseguridad.com\/fr\/produit\/illuminateurs-led-clarius-plus-infrarouge-dual-extra-large\/","og_site_name":"Bunker Seguridad","article_modified_time":"2021-02-15T11:44:15+00:00","og_image":[{"width":1200,"height":1200,"url":"https:\/\/bunkerseguridad.com\/fr\/wp-content\/uploads\/2020\/10\/clarius-plus-dual-extra-large-.png","type":"image\/png"}],"twitter_card":"summary_large_image","twitter_misc":{"Dur\u00e9e de lecture estim\u00e9e":"2 minutes"},"schema":{"@context":"https:\/\/schema.org","@graph":[{"@type":"WebPage","@id":"https:\/\/bunkerseguridad.com\/fr\/produit\/illuminateurs-led-clarius-plus-infrarouge-dual-extra-large\/","url":"https:\/\/bunkerseguridad.com\/fr\/produit\/illuminateurs-led-clarius-plus-infrarouge-dual-extra-large\/","name":"Illuminateurs LED CLARIUS Plus infrarouge DUAL extra large - Bunker Seguridad","isPartOf":{"@id":"https:\/\/bunkerseguridad.com\/fr\/#website"},"primaryImageOfPage":{"@id":"https:\/\/bunkerseguridad.com\/fr\/produit\/illuminateurs-led-clarius-plus-infrarouge-dual-extra-large\/#primaryimage"},"image":{"@id":"https:\/\/bunkerseguridad.com\/fr\/produit\/illuminateurs-led-clarius-plus-infrarouge-dual-extra-large\/#primaryimage"},"thumbnailUrl":"https:\/\/bunkerseguridad.com\/fr\/wp-content\/uploads\/2020\/10\/clarius-plus-dual-extra-large-.png","datePublished":"2020-10-19T09:42:08+00:00","dateModified":"2021-02-15T11:44:15+00:00","description":"La gamme Clarius Plus d'Illuminateurs LED infrarouges haute performance est con\u00e7ue pour offrir des performances de premier ordre.","breadcrumb":{"@id":"https:\/\/bunkerseguridad.com\/fr\/produit\/illuminateurs-led-clarius-plus-infrarouge-dual-extra-large\/#breadcrumb"},"inLanguage":"fr-FR","potentialAction":[{"@type":"ReadAction","target":["https:\/\/bunkerseguridad.com\/fr\/produit\/illuminateurs-led-clarius-plus-infrarouge-dual-extra-large\/"]}]},{"@type":"ImageObject","inLanguage":"fr-FR","@id":"https:\/\/bunkerseguridad.com\/fr\/produit\/illuminateurs-led-clarius-plus-infrarouge-dual-extra-large\/#primaryimage","url":"https:\/\/bunkerseguridad.com\/fr\/wp-content\/uploads\/2020\/10\/clarius-plus-dual-extra-large-.png","contentUrl":"https:\/\/bunkerseguridad.com\/fr\/wp-content\/uploads\/2020\/10\/clarius-plus-dual-extra-large-.png","width":1200,"height":1200,"caption":"CLARIUS Plus infrarouge DUAL extra large"},{"@type":"BreadcrumbList","@id":"https:\/\/bunkerseguridad.com\/fr\/produit\/illuminateurs-led-clarius-plus-infrarouge-dual-extra-large\/#breadcrumb","itemListElement":[{"@type":"ListItem","position":1,"name":"Home","item":"https:\/\/bunkerseguridad.com\/fr\/"},{"@type":"ListItem","position":2,"name":"Shop","item":"https:\/\/bunkerseguridad.com\/fr\/shop\/"},{"@type":"ListItem","position":3,"name":"Illuminateurs LED CLARIUS Plus infrarouge DUAL extra large"}]},{"@type":"WebSite","@id":"https:\/\/bunkerseguridad.com\/fr\/#website","url":"https:\/\/bunkerseguridad.com\/fr\/","name":"Bunker Seguridad","description":"Otro sitio realizado con WordPress","potentialAction":[{"@type":"SearchAction","target":{"@type":"EntryPoint","urlTemplate":"https:\/\/bunkerseguridad.com\/fr\/?s={search_term_string}"},"query-input":{"@type":"PropertyValueSpecification","valueRequired":true,"valueName":"search_term_string"}}],"inLanguage":"fr-FR"}]}},"brands":[{"id":204,"name":"Clarius","slug":"clarius"}],"_links":{"self":[{"href":"https:\/\/bunkerseguridad.com\/fr\/wp-json\/wp\/v2\/product\/3058","targetHints":{"allow":["GET"]}}],"collection":[{"href":"https:\/\/bunkerseguridad.com\/fr\/wp-json\/wp\/v2\/product"}],"about":[{"href":"https:\/\/bunkerseguridad.com\/fr\/wp-json\/wp\/v2\/types\/product"}],"wp:featuredmedia":[{"embeddable":true,"href":"https:\/\/bunkerseguridad.com\/fr\/wp-json\/wp\/v2\/media\/3061"}],"wp:attachment":[{"href":"https:\/\/bunkerseguridad.com\/fr\/wp-json\/wp\/v2\/media?parent=3058"}],"wp:term":[{"taxonomy":"pwb-brand","embeddable":true,"href":"https:\/\/bunkerseguridad.com\/fr\/wp-json\/wp\/v2\/pwb-brand?post=3058"},{"taxonomy":"product_brand","embeddable":true,"href":"https:\/\/bunkerseguridad.com\/fr\/wp-json\/wp\/v2\/product_brand?post=3058"},{"taxonomy":"product_cat","embeddable":true,"href":"https:\/\/bunkerseguridad.com\/fr\/wp-json\/wp\/v2\/product_cat?post=3058"},{"taxonomy":"product_tag","embeddable":true,"href":"https:\/\/bunkerseguridad.com\/fr\/wp-json\/wp\/v2\/product_tag?post=3058"}],"curies":[{"name":"wp","href":"https:\/\/api.w.org\/{rel}","templated":true}]}}