{"id":3027,"date":"2020-10-19T08:48:23","date_gmt":"2020-10-19T08:48:23","guid":{"rendered":"http:\/\/www.bunkerseguridad.es\/en\/?post_type=product&#038;p=3027"},"modified":"2021-02-16T08:35:15","modified_gmt":"2021-02-16T08:35:15","slug":"illuminateurs-led-clarius-plus-up-lumiere-blanche-moyen","status":"publish","type":"product","link":"https:\/\/bunkerseguridad.com\/fr\/produit\/illuminateurs-led-clarius-plus-up-lumiere-blanche-moyen\/","title":{"rendered":"Illuminateurs  LED CLARIUS Plus UP lumi\u00e8re blanche Moyen"},"content":{"rendered":"<p>Le Clarius\u00ae <strong>Plus IP<\/strong> est un<strong> illuminateur \u00e0 lumi\u00e8re blanche<\/strong> haute performance.<\/p>\n<p>Int\u00e9grant les derni\u00e8res LED \u00e0 montage en surface avec une sortie optique am\u00e9lior\u00e9e et une fiabilit\u00e9 exceptionnelle, elles offrent d&rsquo;excellentes images de nuit. Le Clarius\u00ae Plus IP est un illuminateur connect\u00e9 au protocole Internet avec une interface de navigateur Web int\u00e9gr\u00e9e.<\/p>\n<p>La gamme d&rsquo;illuminateurs Clarius\u00ae Plus IP comprend un nouveau syst\u00e8me de diffuseur \u00e0 lentilles interchangeables; qui permet \u00e0 l&rsquo;utilisateur de modifier rapidement et facilement l&rsquo;angle d&rsquo;\u00e9clairage. Les profils de faisceau elliptique permettent de fournir plus de lumi\u00e8re l\u00e0 o\u00f9 c&rsquo;est n\u00e9cessaire, permettant \u00e0 la fois de plus longues distances et minimisant le gaspillage de lumi\u00e8re. Le syst\u00e8me permet \u00e9galement d&rsquo;\u00e9viter la surexposition des objets de premier plan.<\/p>\n<p>En standard, l&rsquo;illuminateur comprend des lentilles interchangeables pour fournir des profils de faisceaux elliptiques circulaires de 10 \u00b0, 20 \u00b0, 30 \u00b0, 60 \u00b0, 80 \u00b0 et 95 \u00b0.<\/p>\n<p><strong>Caract\u00e9ristiques:<\/strong><\/p>\n<ul>\n<li>Illuminateur \u00e0 lumi\u00e8re blanche con\u00e7u pour fournir un \u00e9clairage d\u00e9di\u00e9 aux cam\u00e9ras IP via PoE + (Power Over Ethernet)<\/li>\n<li>Angle 10 \u00b0, 20 \u00b0, 30 \u00b0, 60 \u00b0, 80 \u00b0 et 95 \u00b0<\/li>\n<li>Interface de navigateur Web s\u00e9curis\u00e9e<\/li>\n<li>Int\u00e9gration directe avec les syst\u00e8mes VMS<\/li>\n<li>Profils de poutre elliptique<\/li>\n<li>Conforme IEEE02at<\/li>\n<li>Derni\u00e8re technologie SMT LED \u2122<\/li>\n<li>Distances jusqu&rsquo;\u00e0 114 m (374 pi)<\/li>\n<li>Garantie de 5 ans<\/li>\n<li>Indice de protection contre les intemp\u00e9ries IP66<\/li>\n<li>Cellule photo\u00e9lectrique int\u00e9gr\u00e9e WL on \/ off<\/li>\n<li>Photocellule apr\u00e8s contact<\/li>\n<li>Entr\u00e9e de t\u00e9l\u00e9m\u00e9trie pour la commutation \u00e0 distance<\/li>\n<li>Capteur de vibrations<\/li>\n<li>Technologie de rev\u00eatement de lentille autonettoyante CleanLITE\u00ae<\/li>\n<\/ul>\n","protected":false},"excerpt":{"rendered":"<p><strong>La gamme Clarius\u00ae DUAL PLUS de luminaires \u00e0 lumi\u00e8re blanche haute performance est con\u00e7ue pour offrir des performances exceptionnelles, une fiabilit\u00e9 remarquable et une longue dur\u00e9e de vie avec un minimum de maintenance. I<\/strong>nt\u00e9grant les derni\u00e8res LED de surface \u00e0 ultra-haute puissance avec une sortie optique am\u00e9lior\u00e9e, elles fournissent d&rsquo;excellentes images de nuit.<\/p>\n","protected":false},"featured_media":3030,"template":"","meta":{"_et_pb_use_builder":"","_et_pb_old_content":"","_et_gb_content_width":""},"pwb-brand":[204],"product_brand":[],"product_cat":[41,42],"product_tag":[107,208,103,106,108,109,105,104],"class_list":{"0":"post-3027","1":"product","2":"type-product","3":"status-publish","4":"has-post-thumbnail","6":"pwb-brand-clarius","7":"product_cat-detection-intrusion-perimetrique","8":"product_cat-illuminateurs-led","9":"product_tag-850nm","10":"product_tag-940nm","11":"product_tag-courte-portee","12":"product_tag-extralong-range","13":"product_tag-illuminateur-infrarouge","14":"product_tag-illuminateur-lumiere-blanche","15":"product_tag-longue-portee","16":"product_tag-moyenne-portee","18":"first","19":"instock","20":"shipping-taxable","21":"product-type-simple"},"yoast_head":"<!-- This site is optimized with the Yoast SEO plugin v25.2 - https:\/\/yoast.com\/wordpress\/plugins\/seo\/ -->\n<title>Illuminateurs LED CLARIUS Plus UP lumi\u00e8re blanche Moyen - Bunker Seguridad<\/title>\n<meta name=\"description\" content=\"Projecteurs LED \u00e0 lumi\u00e8re blanche Clarius PLUS offrir des performances de premier plan, longue dur\u00e9e de vie et une maintenance r\u00e9duite.\" \/>\n<meta name=\"robots\" content=\"noindex, follow, max-snippet:-1, max-image-preview:large, max-video-preview:-1\" \/>\n<meta property=\"og:locale\" content=\"fr_FR\" \/>\n<meta property=\"og:type\" content=\"article\" \/>\n<meta property=\"og:title\" content=\"Illuminateurs LED CLARIUS Plus UP lumi\u00e8re blanche Moyen - Bunker Seguridad\" \/>\n<meta property=\"og:description\" content=\"Projecteurs LED \u00e0 lumi\u00e8re blanche Clarius PLUS offrir des performances de premier plan, longue dur\u00e9e de vie et une maintenance r\u00e9duite.\" \/>\n<meta property=\"og:url\" content=\"https:\/\/bunkerseguridad.com\/fr\/produit\/illuminateurs-led-clarius-plus-up-lumiere-blanche-moyen\/\" \/>\n<meta property=\"og:site_name\" content=\"Bunker Seguridad\" \/>\n<meta property=\"article:modified_time\" content=\"2021-02-16T08:35:15+00:00\" \/>\n<meta property=\"og:image\" content=\"https:\/\/bunkerseguridad.com\/fr\/wp-content\/uploads\/2020\/10\/clarius-white-light-ip-_0.png\" \/>\n\t<meta property=\"og:image:width\" content=\"1200\" \/>\n\t<meta property=\"og:image:height\" content=\"1200\" \/>\n\t<meta property=\"og:image:type\" content=\"image\/png\" \/>\n<meta name=\"twitter:card\" content=\"summary_large_image\" \/>\n<meta name=\"twitter:label1\" content=\"Dur\u00e9e de lecture estim\u00e9e\" \/>\n\t<meta name=\"twitter:data1\" content=\"2 minutes\" \/>\n<script type=\"application\/ld+json\" class=\"yoast-schema-graph\">{\"@context\":\"https:\/\/schema.org\",\"@graph\":[{\"@type\":\"WebPage\",\"@id\":\"https:\/\/bunkerseguridad.com\/fr\/produit\/illuminateurs-led-clarius-plus-up-lumiere-blanche-moyen\/\",\"url\":\"https:\/\/bunkerseguridad.com\/fr\/produit\/illuminateurs-led-clarius-plus-up-lumiere-blanche-moyen\/\",\"name\":\"Illuminateurs LED CLARIUS Plus UP lumi\u00e8re blanche Moyen - Bunker Seguridad\",\"isPartOf\":{\"@id\":\"https:\/\/bunkerseguridad.com\/fr\/#website\"},\"primaryImageOfPage\":{\"@id\":\"https:\/\/bunkerseguridad.com\/fr\/produit\/illuminateurs-led-clarius-plus-up-lumiere-blanche-moyen\/#primaryimage\"},\"image\":{\"@id\":\"https:\/\/bunkerseguridad.com\/fr\/produit\/illuminateurs-led-clarius-plus-up-lumiere-blanche-moyen\/#primaryimage\"},\"thumbnailUrl\":\"https:\/\/bunkerseguridad.com\/fr\/wp-content\/uploads\/2020\/10\/clarius-white-light-ip-_0.png\",\"datePublished\":\"2020-10-19T08:48:23+00:00\",\"dateModified\":\"2021-02-16T08:35:15+00:00\",\"description\":\"Projecteurs LED \u00e0 lumi\u00e8re blanche Clarius PLUS offrir des performances de premier plan, longue dur\u00e9e de vie et une maintenance r\u00e9duite.\",\"breadcrumb\":{\"@id\":\"https:\/\/bunkerseguridad.com\/fr\/produit\/illuminateurs-led-clarius-plus-up-lumiere-blanche-moyen\/#breadcrumb\"},\"inLanguage\":\"fr-FR\",\"potentialAction\":[{\"@type\":\"ReadAction\",\"target\":[\"https:\/\/bunkerseguridad.com\/fr\/produit\/illuminateurs-led-clarius-plus-up-lumiere-blanche-moyen\/\"]}]},{\"@type\":\"ImageObject\",\"inLanguage\":\"fr-FR\",\"@id\":\"https:\/\/bunkerseguridad.com\/fr\/produit\/illuminateurs-led-clarius-plus-up-lumiere-blanche-moyen\/#primaryimage\",\"url\":\"https:\/\/bunkerseguridad.com\/fr\/wp-content\/uploads\/2020\/10\/clarius-white-light-ip-_0.png\",\"contentUrl\":\"https:\/\/bunkerseguridad.com\/fr\/wp-content\/uploads\/2020\/10\/clarius-white-light-ip-_0.png\",\"width\":1200,\"height\":1200,\"caption\":\"CLARIUS Plus IP lumi\u00e8re blanche Medium\"},{\"@type\":\"BreadcrumbList\",\"@id\":\"https:\/\/bunkerseguridad.com\/fr\/produit\/illuminateurs-led-clarius-plus-up-lumiere-blanche-moyen\/#breadcrumb\",\"itemListElement\":[{\"@type\":\"ListItem\",\"position\":1,\"name\":\"Home\",\"item\":\"https:\/\/bunkerseguridad.com\/fr\/\"},{\"@type\":\"ListItem\",\"position\":2,\"name\":\"Shop\",\"item\":\"https:\/\/bunkerseguridad.com\/fr\/shop\/\"},{\"@type\":\"ListItem\",\"position\":3,\"name\":\"Illuminateurs LED CLARIUS Plus UP lumi\u00e8re blanche Moyen\"}]},{\"@type\":\"WebSite\",\"@id\":\"https:\/\/bunkerseguridad.com\/fr\/#website\",\"url\":\"https:\/\/bunkerseguridad.com\/fr\/\",\"name\":\"Bunker Seguridad\",\"description\":\"Otro sitio realizado con WordPress\",\"potentialAction\":[{\"@type\":\"SearchAction\",\"target\":{\"@type\":\"EntryPoint\",\"urlTemplate\":\"https:\/\/bunkerseguridad.com\/fr\/?s={search_term_string}\"},\"query-input\":{\"@type\":\"PropertyValueSpecification\",\"valueRequired\":true,\"valueName\":\"search_term_string\"}}],\"inLanguage\":\"fr-FR\"}]}<\/script>\n<!-- \/ Yoast SEO plugin. -->","yoast_head_json":{"title":"Illuminateurs LED CLARIUS Plus UP lumi\u00e8re blanche Moyen - Bunker Seguridad","description":"Projecteurs LED \u00e0 lumi\u00e8re blanche Clarius PLUS offrir des performances de premier plan, longue dur\u00e9e de vie et une maintenance r\u00e9duite.","robots":{"index":"noindex","follow":"follow","max-snippet":"max-snippet:-1","max-image-preview":"max-image-preview:large","max-video-preview":"max-video-preview:-1"},"og_locale":"fr_FR","og_type":"article","og_title":"Illuminateurs LED CLARIUS Plus UP lumi\u00e8re blanche Moyen - Bunker Seguridad","og_description":"Projecteurs LED \u00e0 lumi\u00e8re blanche Clarius PLUS offrir des performances de premier plan, longue dur\u00e9e de vie et une maintenance r\u00e9duite.","og_url":"https:\/\/bunkerseguridad.com\/fr\/produit\/illuminateurs-led-clarius-plus-up-lumiere-blanche-moyen\/","og_site_name":"Bunker Seguridad","article_modified_time":"2021-02-16T08:35:15+00:00","og_image":[{"width":1200,"height":1200,"url":"https:\/\/bunkerseguridad.com\/fr\/wp-content\/uploads\/2020\/10\/clarius-white-light-ip-_0.png","type":"image\/png"}],"twitter_card":"summary_large_image","twitter_misc":{"Dur\u00e9e de lecture estim\u00e9e":"2 minutes"},"schema":{"@context":"https:\/\/schema.org","@graph":[{"@type":"WebPage","@id":"https:\/\/bunkerseguridad.com\/fr\/produit\/illuminateurs-led-clarius-plus-up-lumiere-blanche-moyen\/","url":"https:\/\/bunkerseguridad.com\/fr\/produit\/illuminateurs-led-clarius-plus-up-lumiere-blanche-moyen\/","name":"Illuminateurs LED CLARIUS Plus UP lumi\u00e8re blanche Moyen - Bunker Seguridad","isPartOf":{"@id":"https:\/\/bunkerseguridad.com\/fr\/#website"},"primaryImageOfPage":{"@id":"https:\/\/bunkerseguridad.com\/fr\/produit\/illuminateurs-led-clarius-plus-up-lumiere-blanche-moyen\/#primaryimage"},"image":{"@id":"https:\/\/bunkerseguridad.com\/fr\/produit\/illuminateurs-led-clarius-plus-up-lumiere-blanche-moyen\/#primaryimage"},"thumbnailUrl":"https:\/\/bunkerseguridad.com\/fr\/wp-content\/uploads\/2020\/10\/clarius-white-light-ip-_0.png","datePublished":"2020-10-19T08:48:23+00:00","dateModified":"2021-02-16T08:35:15+00:00","description":"Projecteurs LED \u00e0 lumi\u00e8re blanche Clarius PLUS offrir des performances de premier plan, longue dur\u00e9e de vie et une maintenance r\u00e9duite.","breadcrumb":{"@id":"https:\/\/bunkerseguridad.com\/fr\/produit\/illuminateurs-led-clarius-plus-up-lumiere-blanche-moyen\/#breadcrumb"},"inLanguage":"fr-FR","potentialAction":[{"@type":"ReadAction","target":["https:\/\/bunkerseguridad.com\/fr\/produit\/illuminateurs-led-clarius-plus-up-lumiere-blanche-moyen\/"]}]},{"@type":"ImageObject","inLanguage":"fr-FR","@id":"https:\/\/bunkerseguridad.com\/fr\/produit\/illuminateurs-led-clarius-plus-up-lumiere-blanche-moyen\/#primaryimage","url":"https:\/\/bunkerseguridad.com\/fr\/wp-content\/uploads\/2020\/10\/clarius-white-light-ip-_0.png","contentUrl":"https:\/\/bunkerseguridad.com\/fr\/wp-content\/uploads\/2020\/10\/clarius-white-light-ip-_0.png","width":1200,"height":1200,"caption":"CLARIUS Plus IP lumi\u00e8re blanche Medium"},{"@type":"BreadcrumbList","@id":"https:\/\/bunkerseguridad.com\/fr\/produit\/illuminateurs-led-clarius-plus-up-lumiere-blanche-moyen\/#breadcrumb","itemListElement":[{"@type":"ListItem","position":1,"name":"Home","item":"https:\/\/bunkerseguridad.com\/fr\/"},{"@type":"ListItem","position":2,"name":"Shop","item":"https:\/\/bunkerseguridad.com\/fr\/shop\/"},{"@type":"ListItem","position":3,"name":"Illuminateurs LED CLARIUS Plus UP lumi\u00e8re blanche Moyen"}]},{"@type":"WebSite","@id":"https:\/\/bunkerseguridad.com\/fr\/#website","url":"https:\/\/bunkerseguridad.com\/fr\/","name":"Bunker Seguridad","description":"Otro sitio realizado con WordPress","potentialAction":[{"@type":"SearchAction","target":{"@type":"EntryPoint","urlTemplate":"https:\/\/bunkerseguridad.com\/fr\/?s={search_term_string}"},"query-input":{"@type":"PropertyValueSpecification","valueRequired":true,"valueName":"search_term_string"}}],"inLanguage":"fr-FR"}]}},"brands":[{"id":204,"name":"Clarius","slug":"clarius"}],"_links":{"self":[{"href":"https:\/\/bunkerseguridad.com\/fr\/wp-json\/wp\/v2\/product\/3027","targetHints":{"allow":["GET"]}}],"collection":[{"href":"https:\/\/bunkerseguridad.com\/fr\/wp-json\/wp\/v2\/product"}],"about":[{"href":"https:\/\/bunkerseguridad.com\/fr\/wp-json\/wp\/v2\/types\/product"}],"wp:featuredmedia":[{"embeddable":true,"href":"https:\/\/bunkerseguridad.com\/fr\/wp-json\/wp\/v2\/media\/3030"}],"wp:attachment":[{"href":"https:\/\/bunkerseguridad.com\/fr\/wp-json\/wp\/v2\/media?parent=3027"}],"wp:term":[{"taxonomy":"pwb-brand","embeddable":true,"href":"https:\/\/bunkerseguridad.com\/fr\/wp-json\/wp\/v2\/pwb-brand?post=3027"},{"taxonomy":"product_brand","embeddable":true,"href":"https:\/\/bunkerseguridad.com\/fr\/wp-json\/wp\/v2\/product_brand?post=3027"},{"taxonomy":"product_cat","embeddable":true,"href":"https:\/\/bunkerseguridad.com\/fr\/wp-json\/wp\/v2\/product_cat?post=3027"},{"taxonomy":"product_tag","embeddable":true,"href":"https:\/\/bunkerseguridad.com\/fr\/wp-json\/wp\/v2\/product_tag?post=3027"}],"curies":[{"name":"wp","href":"https:\/\/api.w.org\/{rel}","templated":true}]}}