{"id":3019,"date":"2020-10-19T08:11:46","date_gmt":"2020-10-19T08:11:46","guid":{"rendered":"http:\/\/www.bunkerseguridad.es\/en\/?post_type=product&#038;p=3019"},"modified":"2021-02-15T10:44:28","modified_gmt":"2021-02-15T10:44:28","slug":"module-interface-ip-int-quadip","status":"publish","type":"product","link":"https:\/\/bunkerseguridad.com\/fr\/produit\/module-interface-ip-int-quadip\/","title":{"rendered":"Module d&rsquo;interface IP INT-QUADIP"},"content":{"rendered":"<p>Permettez \u00e0 votre solution de surveillance d&rsquo;atteindre son plein potentiel en int\u00e9grant des capteurs de faisceau <strong>Takex directement \u00e0 votre syst\u00e8me IP<\/strong> ; commencez \u00e0 enregistrer lorsque quelqu&rsquo;un p\u00e9n\u00e8tre dans la zone, d\u00e9placez une <strong>cam\u00e9ra PTZ<\/strong> sur le lieu d&rsquo;une intrusion ou <strong>activez l&rsquo;\u00e9clairage. <\/strong>Bien que les cam\u00e9ras IP soient \u00e9quip\u00e9es en standard d&rsquo;alarmes r\u00e9seau et d&rsquo;une alimentation par Ethernet, la plupart des \u00e9quipements de surveillance utilisent des sorties relais et une alimentation 12 V. Gr\u00e2ce au module d&rsquo;interface Takex IP, nos faisceaux photo\u00e9lectriques sont aussi faciles \u00e0 installer que les cam\u00e9ras IP et \u00e0 int\u00e9grer aux syst\u00e8mes de gestion vid\u00e9o.<\/p>\n<p><strong>Int\u00e9gration VMS<\/strong><\/p>\n<p>Les <strong>capteurs Takex IP<\/strong> permettent une <strong>int\u00e9gration directe avec les principaux syst\u00e8mes VMS et cam\u00e9ras du march\u00e9.<\/strong> Ils cr\u00e9ent des <strong>solutions de s\u00e9curit\u00e9<\/strong> puissantes o\u00f9 l&rsquo;enregistrement commence automatiquement, o\u00f9 les cam\u00e9ras sont dirig\u00e9es vers le lieu de l&rsquo;intrusion et o\u00f9 les gardiens sont avertis par des informations d&rsquo;alarme d\u00e9taill\u00e9es.<\/p>\n<p><strong>Installation d&rsquo;un seul c\u00e2ble<\/strong><\/p>\n<p>L&rsquo;int\u00e9gration d&rsquo;un capteur \u00e0 <strong>un syst\u00e8me de s\u00e9curit\u00e9 IP moderne<\/strong> utilisant des technologies anciennes n\u00e9cessite beaucoup de produits tiers et <strong>d&rsquo;heures de travail<\/strong>. Avec <strong>l&rsquo;IP et le PoE,<\/strong> seul un <strong>c\u00e2ble Ethernet<\/strong> reliant le produit au commutateur <strong>PoE le plus<\/strong> proche est n\u00e9cessaire. L&rsquo;installation est tout aussi simple que celle d&rsquo;une <strong>cam\u00e9ra IP.<\/strong><\/p>\n<p>Mots cl\u00e9s : solution de surveillance, Takex, capteurs de faisceaux, syst\u00e8me IP, cam\u00e9ra PTZ, activer l&rsquo;\u00e9clairage, alarmes r\u00e9seau, Power over Ethernet, cam\u00e9ras IP, \u00e9quipement de surveillance, alimentation 12V, module d&rsquo;interface IP, faisceaux photo\u00e9lectriques, cam\u00e9ras IP, syst\u00e8mes de gestion vid\u00e9o, capteurs IP, principaux VMS, syst\u00e8mes de cam\u00e9ras, solutions de s\u00e9curit\u00e9, enregistrement automatique, informations d\u00e9taill\u00e9es sur les alarmes, capteur, IP moderne, syst\u00e8me de s\u00e9curit\u00e9, produits tiers, heures de travail, PoE, c\u00e2ble Ethernet, commutateur PoE, cam\u00e9ra IP, PoE classe 3, IEEE 802. 3af, compatible VMS, Axis, Bosch, Hikvision, Sony, plug &amp; play web, interface navigateur, s\u00e9rie PB-IN-HF\/A, PB-F, PB-IN-100AT, PB-KH.<\/p>\n<p>&nbsp;<\/p>\n<p><strong>Caract\u00e9ristiques:<\/strong><\/p>\n<ul>\n<li>Classe 3 du PoE<\/li>\n<li>IEEE 802.3af<\/li>\n<li>Compatible VMS<\/li>\n<li>Contr\u00f4le direct des cam\u00e9ras prises en charge*, y compris : Axis, Bosch, Hikvision, Sony<\/li>\n<li>Interface de navigateur web plug &amp; play<\/li>\n<li>Aucun logiciel ou installation requis<\/li>\n<li>Une installation par c\u00e2ble<\/li>\n<li>Con\u00e7u pour les s\u00e9ries PB-IN-HF\/A, PB-F, PB-IN-100AT et PB-KH<\/li>\n<\/ul>\n","protected":false},"excerpt":{"rendered":"<p>Permettez \u00e0 votre <strong>solution de surveillance<\/strong> d&rsquo;atteindre son plein potentiel en int\u00e9grant des <strong>capteurs de barri\u00e8res Takex<\/strong> directement \u00e0 votre <strong>syst\u00e8me IP<\/strong> ; commencez \u00e0 enregistrer lorsque quelqu&rsquo;un p\u00e9n\u00e8tre dans la zone, d\u00e9placez une <strong>cam\u00e9ra PTZ<\/strong> sur le lieu d&rsquo;une intrusion ou a<strong>ctivez l&rsquo;\u00e9clairage.<\/strong><\/p>\n","protected":false},"featured_media":3024,"template":"","meta":{"_et_pb_use_builder":"off","_et_pb_old_content":"<strong><span style=\"vertical-align: inherit\"><span style=\"vertical-align: inherit\">Para monitoreo de intrusos, control de acceso, bienvenida, advertencia o aviso<\/span><\/span><\/strong><span style=\"vertical-align: inherit\"><span style=\"vertical-align: inherit\"> \u00a0, recomendamos el\u00a0 <\/span><\/span><strong><span style=\"vertical-align: inherit\"><span style=\"vertical-align: inherit\">enunciador de voz de 4 canales - <\/span><\/span><\/strong>\u00a0<strong><span style=\"vertical-align: inherit\"><span style=\"vertical-align: inherit\">Multispeech Kit GJD090<\/span><\/span><\/strong><span style=\"vertical-align: inherit\"><span style=\"vertical-align: inherit\"> . <\/span><span style=\"vertical-align: inherit\">Se puede grabar un mensaje diferente de 30 segundos en cada canal o podr\u00eda ser un solo mensaje de 120 segundos.<\/span><\/span>\r\n\r\n<span style=\"vertical-align: inherit\"><span style=\"vertical-align: inherit\">El m\u00f3dulo es configurable para aceptar cualquier entrada normalmente abierta o normalmente cerrada, lo que le da una mayor flexibilidad para usarlo con cualquier\u00a0 <\/span><\/span><strong><span style=\"vertical-align: inherit\"><span style=\"vertical-align: inherit\">dispositivo de detecci\u00f3n, panel de alarma, bot\u00f3n de p\u00e1nico, contestador telef\u00f3nico o activaci\u00f3n desde una estaci\u00f3n de monitoreo de video remota.\u00a0<\/span><\/span><\/strong><span style=\"vertical-align: inherit\"><span style=\"vertical-align: inherit\">El control de volumen es ajustable y hay dos sonidos de preatenci\u00f3n disponibles.<\/span><\/span>\r\n\r\n<span style=\"vertical-align: inherit\"><span style=\"vertical-align: inherit\">El kit Multispeech proporciona una salida de audio de 8 ohmios que se puede aplicar a un altavoz o un marcador que tenga una entrada de procesador de voz. <\/span><span style=\"vertical-align: inherit\">La grabaci\u00f3n se puede realizar utilizando el micr\u00f3fono integrado o, alternativamente, mediante una entrada de l\u00ednea de 1V pp.\u00a0<\/span><\/span><strong><span style=\"vertical-align: inherit\"><span style=\"vertical-align: inherit\">La instalaci\u00f3n es f\u00e1cil y la grabaci\u00f3n de mensajes es r\u00e1pida y sencilla<\/span><\/span><\/strong><span style=\"vertical-align: inherit\"><span style=\"vertical-align: inherit\"> .<\/span><\/span>\r\n\r\n<span style=\"vertical-align: inherit\"><span style=\"vertical-align: inherit\">Este kit incluye:<\/span><\/span>\r\n\r\n<strong><span style=\"vertical-align: inherit\"><span style=\"vertical-align: inherit\">1 altavoz de bocina de 8 vatios y 8 ohmios<\/span><\/span><\/strong>\r\n\r\n<strong><span style=\"vertical-align: inherit\"><span style=\"vertical-align: inherit\">1 x Multispeech y PSU en caja resistente a la intemperie<\/span><\/span><\/strong>","_et_gb_content_width":""},"pwb-brand":[202],"product_brand":[],"product_cat":[41,43],"product_tag":[102,101],"class_list":{"0":"post-3019","1":"product","2":"type-product","3":"status-publish","4":"has-post-thumbnail","6":"pwb-brand-takex","7":"product_cat-detection-intrusion-perimetrique","8":"product_cat-solutions-auxiliaires","9":"product_tag-solution-auxiliaire","10":"product_tag-solution-desinfectante","12":"first","13":"instock","14":"shipping-taxable","15":"product-type-simple"},"yoast_head":"<!-- This site is optimized with the Yoast SEO plugin v25.2 - https:\/\/yoast.com\/wordpress\/plugins\/seo\/ -->\n<title>Module d&#039;interface IP INT-QUADIP - Bunker Seguridad<\/title>\n<meta name=\"description\" content=\"Kit vocale \u00e0 la surveillance des intrus, le contr\u00f4le d&#039;acc\u00e8s, l&#039;accueil ou l&#039;avertissement avec un haut-parleur, un musltispeech et un PSU.\" \/>\n<meta name=\"robots\" content=\"noindex, follow, max-snippet:-1, max-image-preview:large, max-video-preview:-1\" \/>\n<meta property=\"og:locale\" content=\"fr_FR\" \/>\n<meta property=\"og:type\" content=\"article\" \/>\n<meta property=\"og:title\" content=\"Module d&#039;interface IP INT-QUADIP - Bunker Seguridad\" \/>\n<meta property=\"og:description\" content=\"Kit vocale \u00e0 la surveillance des intrus, le contr\u00f4le d&#039;acc\u00e8s, l&#039;accueil ou l&#039;avertissement avec un haut-parleur, un musltispeech et un PSU.\" \/>\n<meta property=\"og:url\" content=\"https:\/\/bunkerseguridad.com\/fr\/produit\/module-interface-ip-int-quadip\/\" \/>\n<meta property=\"og:site_name\" content=\"Bunker Seguridad\" \/>\n<meta property=\"article:modified_time\" content=\"2021-02-15T10:44:28+00:00\" \/>\n<meta property=\"og:image\" content=\"https:\/\/bunkerseguridad.com\/fr\/wp-content\/uploads\/2020\/10\/datasheet_int-quadip_takex.png\" \/>\n\t<meta property=\"og:image:width\" content=\"1200\" \/>\n\t<meta property=\"og:image:height\" content=\"1200\" \/>\n\t<meta property=\"og:image:type\" content=\"image\/png\" \/>\n<meta name=\"twitter:card\" content=\"summary_large_image\" \/>\n<meta name=\"twitter:label1\" content=\"Dur\u00e9e de lecture estim\u00e9e\" \/>\n\t<meta name=\"twitter:data1\" content=\"2 minutes\" \/>\n<script type=\"application\/ld+json\" class=\"yoast-schema-graph\">{\"@context\":\"https:\/\/schema.org\",\"@graph\":[{\"@type\":\"WebPage\",\"@id\":\"https:\/\/bunkerseguridad.com\/fr\/produit\/module-interface-ip-int-quadip\/\",\"url\":\"https:\/\/bunkerseguridad.com\/fr\/produit\/module-interface-ip-int-quadip\/\",\"name\":\"Module d'interface IP INT-QUADIP - Bunker Seguridad\",\"isPartOf\":{\"@id\":\"https:\/\/bunkerseguridad.com\/fr\/#website\"},\"primaryImageOfPage\":{\"@id\":\"https:\/\/bunkerseguridad.com\/fr\/produit\/module-interface-ip-int-quadip\/#primaryimage\"},\"image\":{\"@id\":\"https:\/\/bunkerseguridad.com\/fr\/produit\/module-interface-ip-int-quadip\/#primaryimage\"},\"thumbnailUrl\":\"https:\/\/bunkerseguridad.com\/fr\/wp-content\/uploads\/2020\/10\/datasheet_int-quadip_takex.png\",\"datePublished\":\"2020-10-19T08:11:46+00:00\",\"dateModified\":\"2021-02-15T10:44:28+00:00\",\"description\":\"Kit vocale \u00e0 la surveillance des intrus, le contr\u00f4le d'acc\u00e8s, l'accueil ou l'avertissement avec un haut-parleur, un musltispeech et un PSU.\",\"breadcrumb\":{\"@id\":\"https:\/\/bunkerseguridad.com\/fr\/produit\/module-interface-ip-int-quadip\/#breadcrumb\"},\"inLanguage\":\"fr-FR\",\"potentialAction\":[{\"@type\":\"ReadAction\",\"target\":[\"https:\/\/bunkerseguridad.com\/fr\/produit\/module-interface-ip-int-quadip\/\"]}]},{\"@type\":\"ImageObject\",\"inLanguage\":\"fr-FR\",\"@id\":\"https:\/\/bunkerseguridad.com\/fr\/produit\/module-interface-ip-int-quadip\/#primaryimage\",\"url\":\"https:\/\/bunkerseguridad.com\/fr\/wp-content\/uploads\/2020\/10\/datasheet_int-quadip_takex.png\",\"contentUrl\":\"https:\/\/bunkerseguridad.com\/fr\/wp-content\/uploads\/2020\/10\/datasheet_int-quadip_takex.png\",\"width\":1200,\"height\":1200,\"caption\":\"Module d'interface IP INT-QUADIP\"},{\"@type\":\"BreadcrumbList\",\"@id\":\"https:\/\/bunkerseguridad.com\/fr\/produit\/module-interface-ip-int-quadip\/#breadcrumb\",\"itemListElement\":[{\"@type\":\"ListItem\",\"position\":1,\"name\":\"Home\",\"item\":\"https:\/\/bunkerseguridad.com\/fr\/\"},{\"@type\":\"ListItem\",\"position\":2,\"name\":\"Shop\",\"item\":\"https:\/\/bunkerseguridad.com\/fr\/shop\/\"},{\"@type\":\"ListItem\",\"position\":3,\"name\":\"Module d&rsquo;interface IP INT-QUADIP\"}]},{\"@type\":\"WebSite\",\"@id\":\"https:\/\/bunkerseguridad.com\/fr\/#website\",\"url\":\"https:\/\/bunkerseguridad.com\/fr\/\",\"name\":\"Bunker Seguridad\",\"description\":\"Otro sitio realizado con WordPress\",\"potentialAction\":[{\"@type\":\"SearchAction\",\"target\":{\"@type\":\"EntryPoint\",\"urlTemplate\":\"https:\/\/bunkerseguridad.com\/fr\/?s={search_term_string}\"},\"query-input\":{\"@type\":\"PropertyValueSpecification\",\"valueRequired\":true,\"valueName\":\"search_term_string\"}}],\"inLanguage\":\"fr-FR\"}]}<\/script>\n<!-- \/ Yoast SEO plugin. -->","yoast_head_json":{"title":"Module d'interface IP INT-QUADIP - Bunker Seguridad","description":"Kit vocale \u00e0 la surveillance des intrus, le contr\u00f4le d'acc\u00e8s, l'accueil ou l'avertissement avec un haut-parleur, un musltispeech et un PSU.","robots":{"index":"noindex","follow":"follow","max-snippet":"max-snippet:-1","max-image-preview":"max-image-preview:large","max-video-preview":"max-video-preview:-1"},"og_locale":"fr_FR","og_type":"article","og_title":"Module d'interface IP INT-QUADIP - Bunker Seguridad","og_description":"Kit vocale \u00e0 la surveillance des intrus, le contr\u00f4le d'acc\u00e8s, l'accueil ou l'avertissement avec un haut-parleur, un musltispeech et un PSU.","og_url":"https:\/\/bunkerseguridad.com\/fr\/produit\/module-interface-ip-int-quadip\/","og_site_name":"Bunker Seguridad","article_modified_time":"2021-02-15T10:44:28+00:00","og_image":[{"width":1200,"height":1200,"url":"https:\/\/bunkerseguridad.com\/fr\/wp-content\/uploads\/2020\/10\/datasheet_int-quadip_takex.png","type":"image\/png"}],"twitter_card":"summary_large_image","twitter_misc":{"Dur\u00e9e de lecture estim\u00e9e":"2 minutes"},"schema":{"@context":"https:\/\/schema.org","@graph":[{"@type":"WebPage","@id":"https:\/\/bunkerseguridad.com\/fr\/produit\/module-interface-ip-int-quadip\/","url":"https:\/\/bunkerseguridad.com\/fr\/produit\/module-interface-ip-int-quadip\/","name":"Module d'interface IP INT-QUADIP - Bunker Seguridad","isPartOf":{"@id":"https:\/\/bunkerseguridad.com\/fr\/#website"},"primaryImageOfPage":{"@id":"https:\/\/bunkerseguridad.com\/fr\/produit\/module-interface-ip-int-quadip\/#primaryimage"},"image":{"@id":"https:\/\/bunkerseguridad.com\/fr\/produit\/module-interface-ip-int-quadip\/#primaryimage"},"thumbnailUrl":"https:\/\/bunkerseguridad.com\/fr\/wp-content\/uploads\/2020\/10\/datasheet_int-quadip_takex.png","datePublished":"2020-10-19T08:11:46+00:00","dateModified":"2021-02-15T10:44:28+00:00","description":"Kit vocale \u00e0 la surveillance des intrus, le contr\u00f4le d'acc\u00e8s, l'accueil ou l'avertissement avec un haut-parleur, un musltispeech et un PSU.","breadcrumb":{"@id":"https:\/\/bunkerseguridad.com\/fr\/produit\/module-interface-ip-int-quadip\/#breadcrumb"},"inLanguage":"fr-FR","potentialAction":[{"@type":"ReadAction","target":["https:\/\/bunkerseguridad.com\/fr\/produit\/module-interface-ip-int-quadip\/"]}]},{"@type":"ImageObject","inLanguage":"fr-FR","@id":"https:\/\/bunkerseguridad.com\/fr\/produit\/module-interface-ip-int-quadip\/#primaryimage","url":"https:\/\/bunkerseguridad.com\/fr\/wp-content\/uploads\/2020\/10\/datasheet_int-quadip_takex.png","contentUrl":"https:\/\/bunkerseguridad.com\/fr\/wp-content\/uploads\/2020\/10\/datasheet_int-quadip_takex.png","width":1200,"height":1200,"caption":"Module d'interface IP INT-QUADIP"},{"@type":"BreadcrumbList","@id":"https:\/\/bunkerseguridad.com\/fr\/produit\/module-interface-ip-int-quadip\/#breadcrumb","itemListElement":[{"@type":"ListItem","position":1,"name":"Home","item":"https:\/\/bunkerseguridad.com\/fr\/"},{"@type":"ListItem","position":2,"name":"Shop","item":"https:\/\/bunkerseguridad.com\/fr\/shop\/"},{"@type":"ListItem","position":3,"name":"Module d&rsquo;interface IP INT-QUADIP"}]},{"@type":"WebSite","@id":"https:\/\/bunkerseguridad.com\/fr\/#website","url":"https:\/\/bunkerseguridad.com\/fr\/","name":"Bunker Seguridad","description":"Otro sitio realizado con WordPress","potentialAction":[{"@type":"SearchAction","target":{"@type":"EntryPoint","urlTemplate":"https:\/\/bunkerseguridad.com\/fr\/?s={search_term_string}"},"query-input":{"@type":"PropertyValueSpecification","valueRequired":true,"valueName":"search_term_string"}}],"inLanguage":"fr-FR"}]}},"brands":[{"id":202,"name":"Takex","slug":"takex"}],"_links":{"self":[{"href":"https:\/\/bunkerseguridad.com\/fr\/wp-json\/wp\/v2\/product\/3019","targetHints":{"allow":["GET"]}}],"collection":[{"href":"https:\/\/bunkerseguridad.com\/fr\/wp-json\/wp\/v2\/product"}],"about":[{"href":"https:\/\/bunkerseguridad.com\/fr\/wp-json\/wp\/v2\/types\/product"}],"wp:featuredmedia":[{"embeddable":true,"href":"https:\/\/bunkerseguridad.com\/fr\/wp-json\/wp\/v2\/media\/3024"}],"wp:attachment":[{"href":"https:\/\/bunkerseguridad.com\/fr\/wp-json\/wp\/v2\/media?parent=3019"}],"wp:term":[{"taxonomy":"pwb-brand","embeddable":true,"href":"https:\/\/bunkerseguridad.com\/fr\/wp-json\/wp\/v2\/pwb-brand?post=3019"},{"taxonomy":"product_brand","embeddable":true,"href":"https:\/\/bunkerseguridad.com\/fr\/wp-json\/wp\/v2\/product_brand?post=3019"},{"taxonomy":"product_cat","embeddable":true,"href":"https:\/\/bunkerseguridad.com\/fr\/wp-json\/wp\/v2\/product_cat?post=3019"},{"taxonomy":"product_tag","embeddable":true,"href":"https:\/\/bunkerseguridad.com\/fr\/wp-json\/wp\/v2\/product_tag?post=3019"}],"curies":[{"name":"wp","href":"https:\/\/api.w.org\/{rel}","templated":true}]}}