{"id":2908,"date":"2020-10-16T09:16:26","date_gmt":"2020-10-16T09:16:26","guid":{"rendered":"http:\/\/www.bunkerseguridad.es\/en\/?post_type=product&#038;p=2908"},"modified":"2021-02-12T09:49:03","modified_gmt":"2021-02-12T09:49:03","slug":"detecteur-de-flamme-fs-3500e","status":"publish","type":"product","link":"https:\/\/bunkerseguridad.com\/fr\/produit\/detecteur-de-flamme-fs-3500e\/","title":{"rendered":"D\u00e9tecteur de flamme FS-3500E"},"content":{"rendered":"<p>The <strong>FS-3500 <\/strong>d\u00e9tecteur de flammes\u00a0<span class=\"sel\">capteur<\/span> imm\u00e9diatement les rayons UV contenus dans les flammes pour d\u00e9clencher un message pr\u00e9enregistr\u00e9 \u00abinterdiction de flamme\u00bb ou \u00abnon-fumeur\u00bb dans un choix de 5 langues; Anglais, espagnol, japonais, chinois et cor\u00e9en. Le capteur peut \u00eatre aliment\u00e9 par deux piles alcalines de type AA (fournies) ou c\u00e2bl\u00e9 (10-30VDC), et dispose d&rsquo;une unit\u00e9 de base d\u00e9tachable avec une conception encliquetable pour une installation facile.<\/p>\n<p><strong>Caract\u00e9ristiques:<\/strong><\/p>\n<ul>\n<li>D\u00e9tection UV jusqu&rsquo;\u00e0 10m (33ft)<\/li>\n<li>Interdiction de fumer et messages antitabac pr\u00e9enregistr\u00e9s en 5 langues<\/li>\n<li>Possibilit\u00e9 de s\u00e9lectionner un message long ou court<\/li>\n<li>Unit\u00e9 de base d\u00e9tachable avec capteur encliquetable pour une installation facile<\/li>\n<li>Pile (2x type-AA alcaline fournie) ou fonctionnement 10-30VDC.<\/li>\n<\/ul>\n","protected":false},"excerpt":{"rendered":"<p>The <strong>FS-3500 <\/strong>Flame Sensor d\u00e9tecte imm\u00e9diatement les rayons UV contenant des flammes afin de donner un message pr\u00e9enregistr\u00e9 \u00abinterdiction de fumer\u00bb ou \u00abnon-fumeur\u00bb dans un choix de 5 langues; anglais, espagnol, japonais, chinois et cor\u00e9en.<\/p>\n","protected":false},"featured_media":2839,"template":"","meta":{"_et_pb_use_builder":"","_et_pb_old_content":"","_et_gb_content_width":""},"pwb-brand":[202],"product_brand":[],"product_cat":[46],"product_tag":[91],"class_list":{"0":"post-2908","1":"product","2":"type-product","3":"status-publish","4":"has-post-thumbnail","6":"pwb-brand-takex","7":"product_cat-autres-capteurs-detection","8":"product_tag-capteur-de-flamme","10":"first","11":"instock","12":"shipping-taxable","13":"product-type-simple"},"yoast_head":"<!-- This site is optimized with the Yoast SEO plugin v25.2 - https:\/\/yoast.com\/wordpress\/plugins\/seo\/ -->\n<title>D\u00e9tecteur de flamme FS-3500E - Bunker Seguridad<\/title>\n<meta name=\"description\" content=\"The FS-3500 d\u00e9tecteur de flammes\u00a0capteur imm\u00e9diatement les rayons UV contenus dans les flammes pour d\u00e9clencher un message pr\u00e9enregistr\u00e9.\" \/>\n<meta name=\"robots\" content=\"noindex, follow, max-snippet:-1, max-image-preview:large, max-video-preview:-1\" \/>\n<meta property=\"og:locale\" content=\"fr_FR\" \/>\n<meta property=\"og:type\" content=\"article\" \/>\n<meta property=\"og:title\" content=\"D\u00e9tecteur de flamme FS-3500E - Bunker Seguridad\" \/>\n<meta property=\"og:description\" content=\"The FS-3500 d\u00e9tecteur de flammes\u00a0capteur imm\u00e9diatement les rayons UV contenus dans les flammes pour d\u00e9clencher un message pr\u00e9enregistr\u00e9.\" \/>\n<meta property=\"og:url\" content=\"https:\/\/bunkerseguridad.com\/fr\/produit\/detecteur-de-flamme-fs-3500e\/\" \/>\n<meta property=\"og:site_name\" content=\"Bunker Seguridad\" \/>\n<meta property=\"article:modified_time\" content=\"2021-02-12T09:49:03+00:00\" \/>\n<meta property=\"og:image\" content=\"https:\/\/bunkerseguridad.com\/fr\/wp-content\/uploads\/2020\/10\/FS-1000E.png\" \/>\n\t<meta property=\"og:image:width\" content=\"1200\" \/>\n\t<meta property=\"og:image:height\" content=\"1200\" \/>\n\t<meta property=\"og:image:type\" content=\"image\/png\" \/>\n<meta name=\"twitter:card\" content=\"summary_large_image\" \/>\n<meta name=\"twitter:label1\" content=\"Dur\u00e9e de lecture estim\u00e9e\" \/>\n\t<meta name=\"twitter:data1\" content=\"1 minute\" \/>\n<script type=\"application\/ld+json\" class=\"yoast-schema-graph\">{\"@context\":\"https:\/\/schema.org\",\"@graph\":[{\"@type\":\"WebPage\",\"@id\":\"https:\/\/bunkerseguridad.com\/fr\/produit\/detecteur-de-flamme-fs-3500e\/\",\"url\":\"https:\/\/bunkerseguridad.com\/fr\/produit\/detecteur-de-flamme-fs-3500e\/\",\"name\":\"D\u00e9tecteur de flamme FS-3500E - Bunker Seguridad\",\"isPartOf\":{\"@id\":\"https:\/\/bunkerseguridad.com\/fr\/#website\"},\"primaryImageOfPage\":{\"@id\":\"https:\/\/bunkerseguridad.com\/fr\/produit\/detecteur-de-flamme-fs-3500e\/#primaryimage\"},\"image\":{\"@id\":\"https:\/\/bunkerseguridad.com\/fr\/produit\/detecteur-de-flamme-fs-3500e\/#primaryimage\"},\"thumbnailUrl\":\"https:\/\/bunkerseguridad.com\/fr\/wp-content\/uploads\/2020\/10\/FS-1000E.png\",\"datePublished\":\"2020-10-16T09:16:26+00:00\",\"dateModified\":\"2021-02-12T09:49:03+00:00\",\"description\":\"The FS-3500 d\u00e9tecteur de flammes\u00a0capteur imm\u00e9diatement les rayons UV contenus dans les flammes pour d\u00e9clencher un message pr\u00e9enregistr\u00e9.\",\"breadcrumb\":{\"@id\":\"https:\/\/bunkerseguridad.com\/fr\/produit\/detecteur-de-flamme-fs-3500e\/#breadcrumb\"},\"inLanguage\":\"fr-FR\",\"potentialAction\":[{\"@type\":\"ReadAction\",\"target\":[\"https:\/\/bunkerseguridad.com\/fr\/produit\/detecteur-de-flamme-fs-3500e\/\"]}]},{\"@type\":\"ImageObject\",\"inLanguage\":\"fr-FR\",\"@id\":\"https:\/\/bunkerseguridad.com\/fr\/produit\/detecteur-de-flamme-fs-3500e\/#primaryimage\",\"url\":\"https:\/\/bunkerseguridad.com\/fr\/wp-content\/uploads\/2020\/10\/FS-1000E.png\",\"contentUrl\":\"https:\/\/bunkerseguridad.com\/fr\/wp-content\/uploads\/2020\/10\/FS-1000E.png\",\"width\":1200,\"height\":1200,\"caption\":\"D\u00e9tecteur de flamme\"},{\"@type\":\"BreadcrumbList\",\"@id\":\"https:\/\/bunkerseguridad.com\/fr\/produit\/detecteur-de-flamme-fs-3500e\/#breadcrumb\",\"itemListElement\":[{\"@type\":\"ListItem\",\"position\":1,\"name\":\"Home\",\"item\":\"https:\/\/bunkerseguridad.com\/fr\/\"},{\"@type\":\"ListItem\",\"position\":2,\"name\":\"Shop\",\"item\":\"https:\/\/bunkerseguridad.com\/fr\/shop\/\"},{\"@type\":\"ListItem\",\"position\":3,\"name\":\"D\u00e9tecteur de flamme FS-3500E\"}]},{\"@type\":\"WebSite\",\"@id\":\"https:\/\/bunkerseguridad.com\/fr\/#website\",\"url\":\"https:\/\/bunkerseguridad.com\/fr\/\",\"name\":\"Bunker Seguridad\",\"description\":\"Otro sitio realizado con WordPress\",\"potentialAction\":[{\"@type\":\"SearchAction\",\"target\":{\"@type\":\"EntryPoint\",\"urlTemplate\":\"https:\/\/bunkerseguridad.com\/fr\/?s={search_term_string}\"},\"query-input\":{\"@type\":\"PropertyValueSpecification\",\"valueRequired\":true,\"valueName\":\"search_term_string\"}}],\"inLanguage\":\"fr-FR\"}]}<\/script>\n<!-- \/ Yoast SEO plugin. -->","yoast_head_json":{"title":"D\u00e9tecteur de flamme FS-3500E - Bunker Seguridad","description":"The FS-3500 d\u00e9tecteur de flammes\u00a0capteur imm\u00e9diatement les rayons UV contenus dans les flammes pour d\u00e9clencher un message pr\u00e9enregistr\u00e9.","robots":{"index":"noindex","follow":"follow","max-snippet":"max-snippet:-1","max-image-preview":"max-image-preview:large","max-video-preview":"max-video-preview:-1"},"og_locale":"fr_FR","og_type":"article","og_title":"D\u00e9tecteur de flamme FS-3500E - Bunker Seguridad","og_description":"The FS-3500 d\u00e9tecteur de flammes\u00a0capteur imm\u00e9diatement les rayons UV contenus dans les flammes pour d\u00e9clencher un message pr\u00e9enregistr\u00e9.","og_url":"https:\/\/bunkerseguridad.com\/fr\/produit\/detecteur-de-flamme-fs-3500e\/","og_site_name":"Bunker Seguridad","article_modified_time":"2021-02-12T09:49:03+00:00","og_image":[{"width":1200,"height":1200,"url":"https:\/\/bunkerseguridad.com\/fr\/wp-content\/uploads\/2020\/10\/FS-1000E.png","type":"image\/png"}],"twitter_card":"summary_large_image","twitter_misc":{"Dur\u00e9e de lecture estim\u00e9e":"1 minute"},"schema":{"@context":"https:\/\/schema.org","@graph":[{"@type":"WebPage","@id":"https:\/\/bunkerseguridad.com\/fr\/produit\/detecteur-de-flamme-fs-3500e\/","url":"https:\/\/bunkerseguridad.com\/fr\/produit\/detecteur-de-flamme-fs-3500e\/","name":"D\u00e9tecteur de flamme FS-3500E - Bunker Seguridad","isPartOf":{"@id":"https:\/\/bunkerseguridad.com\/fr\/#website"},"primaryImageOfPage":{"@id":"https:\/\/bunkerseguridad.com\/fr\/produit\/detecteur-de-flamme-fs-3500e\/#primaryimage"},"image":{"@id":"https:\/\/bunkerseguridad.com\/fr\/produit\/detecteur-de-flamme-fs-3500e\/#primaryimage"},"thumbnailUrl":"https:\/\/bunkerseguridad.com\/fr\/wp-content\/uploads\/2020\/10\/FS-1000E.png","datePublished":"2020-10-16T09:16:26+00:00","dateModified":"2021-02-12T09:49:03+00:00","description":"The FS-3500 d\u00e9tecteur de flammes\u00a0capteur imm\u00e9diatement les rayons UV contenus dans les flammes pour d\u00e9clencher un message pr\u00e9enregistr\u00e9.","breadcrumb":{"@id":"https:\/\/bunkerseguridad.com\/fr\/produit\/detecteur-de-flamme-fs-3500e\/#breadcrumb"},"inLanguage":"fr-FR","potentialAction":[{"@type":"ReadAction","target":["https:\/\/bunkerseguridad.com\/fr\/produit\/detecteur-de-flamme-fs-3500e\/"]}]},{"@type":"ImageObject","inLanguage":"fr-FR","@id":"https:\/\/bunkerseguridad.com\/fr\/produit\/detecteur-de-flamme-fs-3500e\/#primaryimage","url":"https:\/\/bunkerseguridad.com\/fr\/wp-content\/uploads\/2020\/10\/FS-1000E.png","contentUrl":"https:\/\/bunkerseguridad.com\/fr\/wp-content\/uploads\/2020\/10\/FS-1000E.png","width":1200,"height":1200,"caption":"D\u00e9tecteur de flamme"},{"@type":"BreadcrumbList","@id":"https:\/\/bunkerseguridad.com\/fr\/produit\/detecteur-de-flamme-fs-3500e\/#breadcrumb","itemListElement":[{"@type":"ListItem","position":1,"name":"Home","item":"https:\/\/bunkerseguridad.com\/fr\/"},{"@type":"ListItem","position":2,"name":"Shop","item":"https:\/\/bunkerseguridad.com\/fr\/shop\/"},{"@type":"ListItem","position":3,"name":"D\u00e9tecteur de flamme FS-3500E"}]},{"@type":"WebSite","@id":"https:\/\/bunkerseguridad.com\/fr\/#website","url":"https:\/\/bunkerseguridad.com\/fr\/","name":"Bunker Seguridad","description":"Otro sitio realizado con WordPress","potentialAction":[{"@type":"SearchAction","target":{"@type":"EntryPoint","urlTemplate":"https:\/\/bunkerseguridad.com\/fr\/?s={search_term_string}"},"query-input":{"@type":"PropertyValueSpecification","valueRequired":true,"valueName":"search_term_string"}}],"inLanguage":"fr-FR"}]}},"brands":[{"id":202,"name":"Takex","slug":"takex"}],"_links":{"self":[{"href":"https:\/\/bunkerseguridad.com\/fr\/wp-json\/wp\/v2\/product\/2908","targetHints":{"allow":["GET"]}}],"collection":[{"href":"https:\/\/bunkerseguridad.com\/fr\/wp-json\/wp\/v2\/product"}],"about":[{"href":"https:\/\/bunkerseguridad.com\/fr\/wp-json\/wp\/v2\/types\/product"}],"wp:featuredmedia":[{"embeddable":true,"href":"https:\/\/bunkerseguridad.com\/fr\/wp-json\/wp\/v2\/media\/2839"}],"wp:attachment":[{"href":"https:\/\/bunkerseguridad.com\/fr\/wp-json\/wp\/v2\/media?parent=2908"}],"wp:term":[{"taxonomy":"pwb-brand","embeddable":true,"href":"https:\/\/bunkerseguridad.com\/fr\/wp-json\/wp\/v2\/pwb-brand?post=2908"},{"taxonomy":"product_brand","embeddable":true,"href":"https:\/\/bunkerseguridad.com\/fr\/wp-json\/wp\/v2\/product_brand?post=2908"},{"taxonomy":"product_cat","embeddable":true,"href":"https:\/\/bunkerseguridad.com\/fr\/wp-json\/wp\/v2\/product_cat?post=2908"},{"taxonomy":"product_tag","embeddable":true,"href":"https:\/\/bunkerseguridad.com\/fr\/wp-json\/wp\/v2\/product_tag?post=2908"}],"curies":[{"name":"wp","href":"https:\/\/api.w.org\/{rel}","templated":true}]}}