{"id":2883,"date":"2020-10-16T08:42:41","date_gmt":"2020-10-16T08:42:41","guid":{"rendered":"http:\/\/www.bunkerseguridad.es\/en\/?post_type=product&#038;p=2883"},"modified":"2021-02-12T09:44:10","modified_gmt":"2021-02-12T09:44:10","slug":"detecteur-de-flammes-fs-5000e","status":"publish","type":"product","link":"https:\/\/bunkerseguridad.com\/fr\/produit\/detecteur-de-flammes-fs-5000e\/","title":{"rendered":"D\u00e9tecteur de flammes FS-5000E"},"content":{"rendered":"<p><strong>Fonctions<\/strong>:<br \/>\n\u25cf Fonction de m\u00e9moire d&rsquo;alarme<\/p>\n<p>La fonction d&rsquo;indication de la m\u00e9moire permet d&rsquo;identifier les capteurs individuels dans la configuration \u00e0 capteurs multiples. Apr\u00e8s avoir d\u00e9clench\u00e9 une alarme, la LED d&rsquo;indication de la m\u00e9moire clignote pendant 3 minutes puis s&rsquo;allume pendant 47 minutes.<\/p>\n<p>\u25cf Fonction de discernement de l&rsquo;heure jour\/nuit<\/p>\n<p>En r\u00e9glant le commutateur de commande du mode de fonctionnement, le fonctionnement de la sortie peut \u00eatre contr\u00f4l\u00e9 en fonction du niveau de lumi\u00e8re ambiante. S\u00e9lectionnable uniquement pour la nuit. (5 lux &#8211; \u221e lux)<\/p>\n<p>\u25cf Temps de sortie mis en place<\/p>\n<p>Le temps de fonctionnement de la sortie de d\u00e9tection peut \u00eatre r\u00e9gl\u00e9 par un interrupteur [d\u00e9lai d&rsquo;arr\u00eat s\u00e9lectionnable d&rsquo;environ 2 secondes &#8211; 1 minute ou d&rsquo;environ 5 secondes &#8211; 10 minutes].<\/p>\n<p><strong>8 NIVEAUX DE SENSIBILIT\u00c9 S\u00c9LECTIONNABLES<\/strong><\/p>\n<p><strong>\uff0a<\/strong>2 param\u00e8tres de sensibilit\u00e9 Haut et bas<br \/>\n<strong>\uff0a<\/strong>4 r\u00e9glages de la minuterie de d\u00e9tection : 1 sec., 6 sec., 15 sec., 30 sec.<br \/>\nLa possibilit\u00e9 de fausses alarmes peut \u00eatre r\u00e9duite. Le r\u00e9glage peut \u00eatre s\u00e9lectionn\u00e9 parmi les 8 niveaux en fonction de l&rsquo;environnement de l&rsquo;installation. Le masquage de zone permet d&rsquo;\u00e9liminer les zones de d\u00e9tection inutiles.<\/p>\n<p><strong>LE CORPS BLANC CORRESPOND \u00c0 CHAQUE EMPLACEMENT<\/strong><br \/>\nLes logements blancs esth\u00e9tiques s&rsquo;int\u00e8grent bien \u00e0 la plupart des environnements. Le m\u00e9canisme unique de verrouillage \u00e0 bille permet d&rsquo;ajuster la zone de d\u00e9tection apr\u00e8s l&rsquo;installation.<\/p>\n<p><strong>Caract\u00e9ristiques:<\/strong><\/p>\n<ul>\n<li>Capteur de flamme ultraviolet haute sensibilit\u00e9<\/li>\n<li>Support omni-directionnel<\/li>\n<li>Sortie relais NO\/NC<\/li>\n<li>Temps de r\u00e9ponse ajustable<\/li>\n<li>Bo\u00eetier r\u00e9sistant aux intemp\u00e9ries pour l&rsquo;int\u00e9rieur ou l&rsquo;ext\u00e9rieur<\/li>\n<\/ul>\n","protected":false},"excerpt":{"rendered":"<p>Flame sensor <strong>FS-5000E<\/strong> d\u00e9tecte imm\u00e9diatement les rayons ultraviolets contenus dans les flammes et active une sortie externe. La construction \u00e9tanche du bo\u00eetier permet une application \u00e0 l&rsquo;ext\u00e9rieur. Il peut \u00eatre largement utilis\u00e9 pour la pr\u00e9vention des incendies dans les zones o\u00f9 le feu est interdit. Support omnidirectionnel.<\/p>\n","protected":false},"featured_media":3017,"template":"","meta":{"_et_pb_use_builder":"","_et_pb_old_content":"","_et_gb_content_width":""},"pwb-brand":[202],"product_brand":[],"product_cat":[46],"product_tag":[91],"class_list":{"0":"post-2883","1":"product","2":"type-product","3":"status-publish","4":"has-post-thumbnail","6":"pwb-brand-takex","7":"product_cat-autres-capteurs-detection","8":"product_tag-capteur-de-flamme","10":"first","11":"instock","12":"shipping-taxable","13":"product-type-simple"},"yoast_head":"<!-- This site is optimized with the Yoast SEO plugin v25.2 - https:\/\/yoast.com\/wordpress\/plugins\/seo\/ -->\n<title>D\u00e9tecteur de flammes FS-5000E - Bunker Seguridad<\/title>\n<meta name=\"description\" content=\"Detecteur fs-5000e capteur les rayons UV contenus dans les flammes, identifie les d\u00e9tecteurs individuels dans plusieurs configurations.\" \/>\n<meta name=\"robots\" content=\"noindex, follow, max-snippet:-1, max-image-preview:large, max-video-preview:-1\" \/>\n<meta property=\"og:locale\" content=\"fr_FR\" \/>\n<meta property=\"og:type\" content=\"article\" \/>\n<meta property=\"og:title\" content=\"D\u00e9tecteur de flammes FS-5000E - Bunker Seguridad\" \/>\n<meta property=\"og:description\" content=\"Detecteur fs-5000e capteur les rayons UV contenus dans les flammes, identifie les d\u00e9tecteurs individuels dans plusieurs configurations.\" \/>\n<meta property=\"og:url\" content=\"https:\/\/bunkerseguridad.com\/fr\/produit\/detecteur-de-flammes-fs-5000e\/\" \/>\n<meta property=\"og:site_name\" content=\"Bunker Seguridad\" \/>\n<meta property=\"article:modified_time\" content=\"2021-02-12T09:44:10+00:00\" \/>\n<meta property=\"og:image\" content=\"https:\/\/bunkerseguridad.com\/fr\/wp-content\/uploads\/2020\/10\/FS-5000E.png\" \/>\n\t<meta property=\"og:image:width\" content=\"1200\" \/>\n\t<meta property=\"og:image:height\" content=\"1200\" \/>\n\t<meta property=\"og:image:type\" content=\"image\/png\" \/>\n<meta name=\"twitter:card\" content=\"summary_large_image\" \/>\n<meta name=\"twitter:label1\" content=\"Dur\u00e9e de lecture estim\u00e9e\" \/>\n\t<meta name=\"twitter:data1\" content=\"2 minutes\" \/>\n<script type=\"application\/ld+json\" class=\"yoast-schema-graph\">{\"@context\":\"https:\/\/schema.org\",\"@graph\":[{\"@type\":\"WebPage\",\"@id\":\"https:\/\/bunkerseguridad.com\/fr\/produit\/detecteur-de-flammes-fs-5000e\/\",\"url\":\"https:\/\/bunkerseguridad.com\/fr\/produit\/detecteur-de-flammes-fs-5000e\/\",\"name\":\"D\u00e9tecteur de flammes FS-5000E - Bunker Seguridad\",\"isPartOf\":{\"@id\":\"https:\/\/bunkerseguridad.com\/fr\/#website\"},\"primaryImageOfPage\":{\"@id\":\"https:\/\/bunkerseguridad.com\/fr\/produit\/detecteur-de-flammes-fs-5000e\/#primaryimage\"},\"image\":{\"@id\":\"https:\/\/bunkerseguridad.com\/fr\/produit\/detecteur-de-flammes-fs-5000e\/#primaryimage\"},\"thumbnailUrl\":\"https:\/\/bunkerseguridad.com\/fr\/wp-content\/uploads\/2020\/10\/FS-5000E.png\",\"datePublished\":\"2020-10-16T08:42:41+00:00\",\"dateModified\":\"2021-02-12T09:44:10+00:00\",\"description\":\"Detecteur fs-5000e capteur les rayons UV contenus dans les flammes, identifie les d\u00e9tecteurs individuels dans plusieurs configurations.\",\"breadcrumb\":{\"@id\":\"https:\/\/bunkerseguridad.com\/fr\/produit\/detecteur-de-flammes-fs-5000e\/#breadcrumb\"},\"inLanguage\":\"fr-FR\",\"potentialAction\":[{\"@type\":\"ReadAction\",\"target\":[\"https:\/\/bunkerseguridad.com\/fr\/produit\/detecteur-de-flammes-fs-5000e\/\"]}]},{\"@type\":\"ImageObject\",\"inLanguage\":\"fr-FR\",\"@id\":\"https:\/\/bunkerseguridad.com\/fr\/produit\/detecteur-de-flammes-fs-5000e\/#primaryimage\",\"url\":\"https:\/\/bunkerseguridad.com\/fr\/wp-content\/uploads\/2020\/10\/FS-5000E.png\",\"contentUrl\":\"https:\/\/bunkerseguridad.com\/fr\/wp-content\/uploads\/2020\/10\/FS-5000E.png\",\"width\":1200,\"height\":1200,\"caption\":\"D\u00e9tecteur de flamme FS-5000E TAKEX\"},{\"@type\":\"BreadcrumbList\",\"@id\":\"https:\/\/bunkerseguridad.com\/fr\/produit\/detecteur-de-flammes-fs-5000e\/#breadcrumb\",\"itemListElement\":[{\"@type\":\"ListItem\",\"position\":1,\"name\":\"Home\",\"item\":\"https:\/\/bunkerseguridad.com\/fr\/\"},{\"@type\":\"ListItem\",\"position\":2,\"name\":\"Shop\",\"item\":\"https:\/\/bunkerseguridad.com\/fr\/shop\/\"},{\"@type\":\"ListItem\",\"position\":3,\"name\":\"D\u00e9tecteur de flammes FS-5000E\"}]},{\"@type\":\"WebSite\",\"@id\":\"https:\/\/bunkerseguridad.com\/fr\/#website\",\"url\":\"https:\/\/bunkerseguridad.com\/fr\/\",\"name\":\"Bunker Seguridad\",\"description\":\"Otro sitio realizado con WordPress\",\"potentialAction\":[{\"@type\":\"SearchAction\",\"target\":{\"@type\":\"EntryPoint\",\"urlTemplate\":\"https:\/\/bunkerseguridad.com\/fr\/?s={search_term_string}\"},\"query-input\":{\"@type\":\"PropertyValueSpecification\",\"valueRequired\":true,\"valueName\":\"search_term_string\"}}],\"inLanguage\":\"fr-FR\"}]}<\/script>\n<!-- \/ Yoast SEO plugin. -->","yoast_head_json":{"title":"D\u00e9tecteur de flammes FS-5000E - Bunker Seguridad","description":"Detecteur fs-5000e capteur les rayons UV contenus dans les flammes, identifie les d\u00e9tecteurs individuels dans plusieurs configurations.","robots":{"index":"noindex","follow":"follow","max-snippet":"max-snippet:-1","max-image-preview":"max-image-preview:large","max-video-preview":"max-video-preview:-1"},"og_locale":"fr_FR","og_type":"article","og_title":"D\u00e9tecteur de flammes FS-5000E - Bunker Seguridad","og_description":"Detecteur fs-5000e capteur les rayons UV contenus dans les flammes, identifie les d\u00e9tecteurs individuels dans plusieurs configurations.","og_url":"https:\/\/bunkerseguridad.com\/fr\/produit\/detecteur-de-flammes-fs-5000e\/","og_site_name":"Bunker Seguridad","article_modified_time":"2021-02-12T09:44:10+00:00","og_image":[{"width":1200,"height":1200,"url":"https:\/\/bunkerseguridad.com\/fr\/wp-content\/uploads\/2020\/10\/FS-5000E.png","type":"image\/png"}],"twitter_card":"summary_large_image","twitter_misc":{"Dur\u00e9e de lecture estim\u00e9e":"2 minutes"},"schema":{"@context":"https:\/\/schema.org","@graph":[{"@type":"WebPage","@id":"https:\/\/bunkerseguridad.com\/fr\/produit\/detecteur-de-flammes-fs-5000e\/","url":"https:\/\/bunkerseguridad.com\/fr\/produit\/detecteur-de-flammes-fs-5000e\/","name":"D\u00e9tecteur de flammes FS-5000E - Bunker Seguridad","isPartOf":{"@id":"https:\/\/bunkerseguridad.com\/fr\/#website"},"primaryImageOfPage":{"@id":"https:\/\/bunkerseguridad.com\/fr\/produit\/detecteur-de-flammes-fs-5000e\/#primaryimage"},"image":{"@id":"https:\/\/bunkerseguridad.com\/fr\/produit\/detecteur-de-flammes-fs-5000e\/#primaryimage"},"thumbnailUrl":"https:\/\/bunkerseguridad.com\/fr\/wp-content\/uploads\/2020\/10\/FS-5000E.png","datePublished":"2020-10-16T08:42:41+00:00","dateModified":"2021-02-12T09:44:10+00:00","description":"Detecteur fs-5000e capteur les rayons UV contenus dans les flammes, identifie les d\u00e9tecteurs individuels dans plusieurs configurations.","breadcrumb":{"@id":"https:\/\/bunkerseguridad.com\/fr\/produit\/detecteur-de-flammes-fs-5000e\/#breadcrumb"},"inLanguage":"fr-FR","potentialAction":[{"@type":"ReadAction","target":["https:\/\/bunkerseguridad.com\/fr\/produit\/detecteur-de-flammes-fs-5000e\/"]}]},{"@type":"ImageObject","inLanguage":"fr-FR","@id":"https:\/\/bunkerseguridad.com\/fr\/produit\/detecteur-de-flammes-fs-5000e\/#primaryimage","url":"https:\/\/bunkerseguridad.com\/fr\/wp-content\/uploads\/2020\/10\/FS-5000E.png","contentUrl":"https:\/\/bunkerseguridad.com\/fr\/wp-content\/uploads\/2020\/10\/FS-5000E.png","width":1200,"height":1200,"caption":"D\u00e9tecteur de flamme FS-5000E TAKEX"},{"@type":"BreadcrumbList","@id":"https:\/\/bunkerseguridad.com\/fr\/produit\/detecteur-de-flammes-fs-5000e\/#breadcrumb","itemListElement":[{"@type":"ListItem","position":1,"name":"Home","item":"https:\/\/bunkerseguridad.com\/fr\/"},{"@type":"ListItem","position":2,"name":"Shop","item":"https:\/\/bunkerseguridad.com\/fr\/shop\/"},{"@type":"ListItem","position":3,"name":"D\u00e9tecteur de flammes FS-5000E"}]},{"@type":"WebSite","@id":"https:\/\/bunkerseguridad.com\/fr\/#website","url":"https:\/\/bunkerseguridad.com\/fr\/","name":"Bunker Seguridad","description":"Otro sitio realizado con WordPress","potentialAction":[{"@type":"SearchAction","target":{"@type":"EntryPoint","urlTemplate":"https:\/\/bunkerseguridad.com\/fr\/?s={search_term_string}"},"query-input":{"@type":"PropertyValueSpecification","valueRequired":true,"valueName":"search_term_string"}}],"inLanguage":"fr-FR"}]}},"brands":[{"id":202,"name":"Takex","slug":"takex"}],"_links":{"self":[{"href":"https:\/\/bunkerseguridad.com\/fr\/wp-json\/wp\/v2\/product\/2883","targetHints":{"allow":["GET"]}}],"collection":[{"href":"https:\/\/bunkerseguridad.com\/fr\/wp-json\/wp\/v2\/product"}],"about":[{"href":"https:\/\/bunkerseguridad.com\/fr\/wp-json\/wp\/v2\/types\/product"}],"wp:featuredmedia":[{"embeddable":true,"href":"https:\/\/bunkerseguridad.com\/fr\/wp-json\/wp\/v2\/media\/3017"}],"wp:attachment":[{"href":"https:\/\/bunkerseguridad.com\/fr\/wp-json\/wp\/v2\/media?parent=2883"}],"wp:term":[{"taxonomy":"pwb-brand","embeddable":true,"href":"https:\/\/bunkerseguridad.com\/fr\/wp-json\/wp\/v2\/pwb-brand?post=2883"},{"taxonomy":"product_brand","embeddable":true,"href":"https:\/\/bunkerseguridad.com\/fr\/wp-json\/wp\/v2\/product_brand?post=2883"},{"taxonomy":"product_cat","embeddable":true,"href":"https:\/\/bunkerseguridad.com\/fr\/wp-json\/wp\/v2\/product_cat?post=2883"},{"taxonomy":"product_tag","embeddable":true,"href":"https:\/\/bunkerseguridad.com\/fr\/wp-json\/wp\/v2\/product_tag?post=2883"}],"curies":[{"name":"wp","href":"https:\/\/api.w.org\/{rel}","templated":true}]}}