{"id":2840,"date":"2020-10-16T07:44:11","date_gmt":"2020-10-16T07:44:11","guid":{"rendered":"http:\/\/www.bunkerseguridad.es\/en\/?post_type=product&#038;p=2840"},"modified":"2021-02-12T08:48:29","modified_gmt":"2021-02-12T08:48:29","slug":"detecteur-de-flamme-fs-2000e","status":"publish","type":"product","link":"https:\/\/bunkerseguridad.com\/fr\/produit\/detecteur-de-flamme-fs-2000e\/","title":{"rendered":"D\u00e9tecteur de flamme FS-2000E"},"content":{"rendered":"<p>The <strong>FS-2000E capteur d\u00e9tecte rapidement les rayons ultraviolets contenus dans les flammes<\/strong> et active une alarme sonore int\u00e9gr\u00e9e ainsi qu&rsquo;une sortie \u00e0 collecteur ouvert.<\/p>\n<p><strong>Caract\u00e9ristiques:<\/strong><\/p>\n<ul>\n<li>Sortie externe vers un syst\u00e8me de s\u00e9curit\u00e9<\/li>\n<li>M\u00e9moire d&rsquo;alarme<\/li>\n<li>Temporisateur de r\u00e9ponse variable<\/li>\n<li>Alarme sonore int\u00e9gr\u00e9e<\/li>\n<li>Ajustement de la zone de protection variable<\/li>\n<li>Conception compacte<\/li>\n<\/ul>\n<p>&nbsp;<\/p>\n","protected":false},"excerpt":{"rendered":"<p>The <strong>FS-2000E <\/strong>Le capteur de flammes d\u00e9tecte rapidement les rayons ultraviolets contenus dans les flammes et active une alarme sonore int\u00e9gr\u00e9e ainsi qu&rsquo;une sortie \u00e0 collecteur ouvert, t\u00eate de capteur r\u00e9glable.<\/p>\n","protected":false},"featured_media":3018,"template":"","meta":{"_et_pb_use_builder":"","_et_pb_old_content":"","_et_gb_content_width":""},"pwb-brand":[202],"product_brand":[],"product_cat":[46],"product_tag":[91],"class_list":{"0":"post-2840","1":"product","2":"type-product","3":"status-publish","4":"has-post-thumbnail","6":"pwb-brand-takex","7":"product_cat-autres-capteurs-detection","8":"product_tag-capteur-de-flamme","10":"first","11":"instock","12":"shipping-taxable","13":"product-type-simple"},"yoast_head":"<!-- This site is optimized with the Yoast SEO plugin v25.2 - https:\/\/yoast.com\/wordpress\/plugins\/seo\/ -->\n<title>D\u00e9tecteur de flamme FS-2000E - Bunker Seguridad<\/title>\n<meta name=\"description\" content=\"The FS-2000E capteur d\u00e9tecte rapidement les rayons ultraviolets contenus dans les flammes et active une alarme sonore int\u00e9gr\u00e9e.\" \/>\n<meta name=\"robots\" content=\"noindex, follow, max-snippet:-1, max-image-preview:large, max-video-preview:-1\" \/>\n<meta property=\"og:locale\" content=\"fr_FR\" \/>\n<meta property=\"og:type\" content=\"article\" \/>\n<meta property=\"og:title\" content=\"D\u00e9tecteur de flamme FS-2000E - Bunker Seguridad\" \/>\n<meta property=\"og:description\" content=\"The FS-2000E capteur d\u00e9tecte rapidement les rayons ultraviolets contenus dans les flammes et active une alarme sonore int\u00e9gr\u00e9e.\" \/>\n<meta property=\"og:url\" content=\"https:\/\/bunkerseguridad.com\/fr\/produit\/detecteur-de-flamme-fs-2000e\/\" \/>\n<meta property=\"og:site_name\" content=\"Bunker Seguridad\" \/>\n<meta property=\"article:modified_time\" content=\"2021-02-12T08:48:29+00:00\" \/>\n<meta property=\"og:image\" content=\"https:\/\/bunkerseguridad.com\/fr\/wp-content\/uploads\/2020\/10\/FS-2000E-1.png\" \/>\n\t<meta property=\"og:image:width\" content=\"1200\" \/>\n\t<meta property=\"og:image:height\" content=\"1200\" \/>\n\t<meta property=\"og:image:type\" content=\"image\/png\" \/>\n<meta name=\"twitter:card\" content=\"summary_large_image\" \/>\n<meta name=\"twitter:label1\" content=\"Dur\u00e9e de lecture estim\u00e9e\" \/>\n\t<meta name=\"twitter:data1\" content=\"1 minute\" \/>\n<script type=\"application\/ld+json\" class=\"yoast-schema-graph\">{\"@context\":\"https:\/\/schema.org\",\"@graph\":[{\"@type\":\"WebPage\",\"@id\":\"https:\/\/bunkerseguridad.com\/fr\/produit\/detecteur-de-flamme-fs-2000e\/\",\"url\":\"https:\/\/bunkerseguridad.com\/fr\/produit\/detecteur-de-flamme-fs-2000e\/\",\"name\":\"D\u00e9tecteur de flamme FS-2000E - Bunker Seguridad\",\"isPartOf\":{\"@id\":\"https:\/\/bunkerseguridad.com\/fr\/#website\"},\"primaryImageOfPage\":{\"@id\":\"https:\/\/bunkerseguridad.com\/fr\/produit\/detecteur-de-flamme-fs-2000e\/#primaryimage\"},\"image\":{\"@id\":\"https:\/\/bunkerseguridad.com\/fr\/produit\/detecteur-de-flamme-fs-2000e\/#primaryimage\"},\"thumbnailUrl\":\"https:\/\/bunkerseguridad.com\/fr\/wp-content\/uploads\/2020\/10\/FS-2000E-1.png\",\"datePublished\":\"2020-10-16T07:44:11+00:00\",\"dateModified\":\"2021-02-12T08:48:29+00:00\",\"description\":\"The FS-2000E capteur d\u00e9tecte rapidement les rayons ultraviolets contenus dans les flammes et active une alarme sonore int\u00e9gr\u00e9e.\",\"breadcrumb\":{\"@id\":\"https:\/\/bunkerseguridad.com\/fr\/produit\/detecteur-de-flamme-fs-2000e\/#breadcrumb\"},\"inLanguage\":\"fr-FR\",\"potentialAction\":[{\"@type\":\"ReadAction\",\"target\":[\"https:\/\/bunkerseguridad.com\/fr\/produit\/detecteur-de-flamme-fs-2000e\/\"]}]},{\"@type\":\"ImageObject\",\"inLanguage\":\"fr-FR\",\"@id\":\"https:\/\/bunkerseguridad.com\/fr\/produit\/detecteur-de-flamme-fs-2000e\/#primaryimage\",\"url\":\"https:\/\/bunkerseguridad.com\/fr\/wp-content\/uploads\/2020\/10\/FS-2000E-1.png\",\"contentUrl\":\"https:\/\/bunkerseguridad.com\/fr\/wp-content\/uploads\/2020\/10\/FS-2000E-1.png\",\"width\":1200,\"height\":1200,\"caption\":\"D\u00e9tecteur de flamme FS-2000E TAKEX\"},{\"@type\":\"BreadcrumbList\",\"@id\":\"https:\/\/bunkerseguridad.com\/fr\/produit\/detecteur-de-flamme-fs-2000e\/#breadcrumb\",\"itemListElement\":[{\"@type\":\"ListItem\",\"position\":1,\"name\":\"Home\",\"item\":\"https:\/\/bunkerseguridad.com\/fr\/\"},{\"@type\":\"ListItem\",\"position\":2,\"name\":\"Shop\",\"item\":\"https:\/\/bunkerseguridad.com\/fr\/shop\/\"},{\"@type\":\"ListItem\",\"position\":3,\"name\":\"D\u00e9tecteur de flamme FS-2000E\"}]},{\"@type\":\"WebSite\",\"@id\":\"https:\/\/bunkerseguridad.com\/fr\/#website\",\"url\":\"https:\/\/bunkerseguridad.com\/fr\/\",\"name\":\"Bunker Seguridad\",\"description\":\"Otro sitio realizado con WordPress\",\"potentialAction\":[{\"@type\":\"SearchAction\",\"target\":{\"@type\":\"EntryPoint\",\"urlTemplate\":\"https:\/\/bunkerseguridad.com\/fr\/?s={search_term_string}\"},\"query-input\":{\"@type\":\"PropertyValueSpecification\",\"valueRequired\":true,\"valueName\":\"search_term_string\"}}],\"inLanguage\":\"fr-FR\"}]}<\/script>\n<!-- \/ Yoast SEO plugin. -->","yoast_head_json":{"title":"D\u00e9tecteur de flamme FS-2000E - Bunker Seguridad","description":"The FS-2000E capteur d\u00e9tecte rapidement les rayons ultraviolets contenus dans les flammes et active une alarme sonore int\u00e9gr\u00e9e.","robots":{"index":"noindex","follow":"follow","max-snippet":"max-snippet:-1","max-image-preview":"max-image-preview:large","max-video-preview":"max-video-preview:-1"},"og_locale":"fr_FR","og_type":"article","og_title":"D\u00e9tecteur de flamme FS-2000E - Bunker Seguridad","og_description":"The FS-2000E capteur d\u00e9tecte rapidement les rayons ultraviolets contenus dans les flammes et active une alarme sonore int\u00e9gr\u00e9e.","og_url":"https:\/\/bunkerseguridad.com\/fr\/produit\/detecteur-de-flamme-fs-2000e\/","og_site_name":"Bunker Seguridad","article_modified_time":"2021-02-12T08:48:29+00:00","og_image":[{"width":1200,"height":1200,"url":"https:\/\/bunkerseguridad.com\/fr\/wp-content\/uploads\/2020\/10\/FS-2000E-1.png","type":"image\/png"}],"twitter_card":"summary_large_image","twitter_misc":{"Dur\u00e9e de lecture estim\u00e9e":"1 minute"},"schema":{"@context":"https:\/\/schema.org","@graph":[{"@type":"WebPage","@id":"https:\/\/bunkerseguridad.com\/fr\/produit\/detecteur-de-flamme-fs-2000e\/","url":"https:\/\/bunkerseguridad.com\/fr\/produit\/detecteur-de-flamme-fs-2000e\/","name":"D\u00e9tecteur de flamme FS-2000E - Bunker Seguridad","isPartOf":{"@id":"https:\/\/bunkerseguridad.com\/fr\/#website"},"primaryImageOfPage":{"@id":"https:\/\/bunkerseguridad.com\/fr\/produit\/detecteur-de-flamme-fs-2000e\/#primaryimage"},"image":{"@id":"https:\/\/bunkerseguridad.com\/fr\/produit\/detecteur-de-flamme-fs-2000e\/#primaryimage"},"thumbnailUrl":"https:\/\/bunkerseguridad.com\/fr\/wp-content\/uploads\/2020\/10\/FS-2000E-1.png","datePublished":"2020-10-16T07:44:11+00:00","dateModified":"2021-02-12T08:48:29+00:00","description":"The FS-2000E capteur d\u00e9tecte rapidement les rayons ultraviolets contenus dans les flammes et active une alarme sonore int\u00e9gr\u00e9e.","breadcrumb":{"@id":"https:\/\/bunkerseguridad.com\/fr\/produit\/detecteur-de-flamme-fs-2000e\/#breadcrumb"},"inLanguage":"fr-FR","potentialAction":[{"@type":"ReadAction","target":["https:\/\/bunkerseguridad.com\/fr\/produit\/detecteur-de-flamme-fs-2000e\/"]}]},{"@type":"ImageObject","inLanguage":"fr-FR","@id":"https:\/\/bunkerseguridad.com\/fr\/produit\/detecteur-de-flamme-fs-2000e\/#primaryimage","url":"https:\/\/bunkerseguridad.com\/fr\/wp-content\/uploads\/2020\/10\/FS-2000E-1.png","contentUrl":"https:\/\/bunkerseguridad.com\/fr\/wp-content\/uploads\/2020\/10\/FS-2000E-1.png","width":1200,"height":1200,"caption":"D\u00e9tecteur de flamme FS-2000E TAKEX"},{"@type":"BreadcrumbList","@id":"https:\/\/bunkerseguridad.com\/fr\/produit\/detecteur-de-flamme-fs-2000e\/#breadcrumb","itemListElement":[{"@type":"ListItem","position":1,"name":"Home","item":"https:\/\/bunkerseguridad.com\/fr\/"},{"@type":"ListItem","position":2,"name":"Shop","item":"https:\/\/bunkerseguridad.com\/fr\/shop\/"},{"@type":"ListItem","position":3,"name":"D\u00e9tecteur de flamme FS-2000E"}]},{"@type":"WebSite","@id":"https:\/\/bunkerseguridad.com\/fr\/#website","url":"https:\/\/bunkerseguridad.com\/fr\/","name":"Bunker Seguridad","description":"Otro sitio realizado con WordPress","potentialAction":[{"@type":"SearchAction","target":{"@type":"EntryPoint","urlTemplate":"https:\/\/bunkerseguridad.com\/fr\/?s={search_term_string}"},"query-input":{"@type":"PropertyValueSpecification","valueRequired":true,"valueName":"search_term_string"}}],"inLanguage":"fr-FR"}]}},"brands":[{"id":202,"name":"Takex","slug":"takex"}],"_links":{"self":[{"href":"https:\/\/bunkerseguridad.com\/fr\/wp-json\/wp\/v2\/product\/2840","targetHints":{"allow":["GET"]}}],"collection":[{"href":"https:\/\/bunkerseguridad.com\/fr\/wp-json\/wp\/v2\/product"}],"about":[{"href":"https:\/\/bunkerseguridad.com\/fr\/wp-json\/wp\/v2\/types\/product"}],"wp:featuredmedia":[{"embeddable":true,"href":"https:\/\/bunkerseguridad.com\/fr\/wp-json\/wp\/v2\/media\/3018"}],"wp:attachment":[{"href":"https:\/\/bunkerseguridad.com\/fr\/wp-json\/wp\/v2\/media?parent=2840"}],"wp:term":[{"taxonomy":"pwb-brand","embeddable":true,"href":"https:\/\/bunkerseguridad.com\/fr\/wp-json\/wp\/v2\/pwb-brand?post=2840"},{"taxonomy":"product_brand","embeddable":true,"href":"https:\/\/bunkerseguridad.com\/fr\/wp-json\/wp\/v2\/product_brand?post=2840"},{"taxonomy":"product_cat","embeddable":true,"href":"https:\/\/bunkerseguridad.com\/fr\/wp-json\/wp\/v2\/product_cat?post=2840"},{"taxonomy":"product_tag","embeddable":true,"href":"https:\/\/bunkerseguridad.com\/fr\/wp-json\/wp\/v2\/product_tag?post=2840"}],"curies":[{"name":"wp","href":"https:\/\/api.w.org\/{rel}","templated":true}]}}