{"id":2787,"date":"2020-10-15T09:49:32","date_gmt":"2020-10-15T09:49:32","guid":{"rendered":"http:\/\/www.bunkerseguridad.es\/en\/?post_type=product&#038;p=2787"},"modified":"2021-02-12T11:06:00","modified_gmt":"2021-02-12T11:06:00","slug":"detecteurs-passif-pir-series-pa-6805e-6810e-6812e-6820e","status":"publish","type":"product","link":"https:\/\/bunkerseguridad.com\/fr\/produit\/detecteurs-passif-pir-series-pa-6805e-6810e-6812e-6820e\/","title":{"rendered":"D\u00e9tecteur d&rsquo;int\u00e9rieur infrarouge passif PIR s\u00e9ries PA-6805E \/ 6810E \/ 6812E \/ 6820E"},"content":{"rendered":"<p>The<strong> PA-6800 <\/strong>Les d\u00e9tecteurs PIR int\u00e9rieurs \u00e0 montage au plafond de la s\u00e9rie combinent une apparence compacte et discr\u00e8te avec des performances exceptionnelles \u00e0 bas prix. Le capteur peut \u00eatre encliquet\u00e9 dans et hors de l&rsquo;unit\u00e9 de base d\u00e9tachable pour une installation facile dans des endroits \u00e9lev\u00e9s.<\/p>\n<ul>\n<li>PA-6805E D\u00e9tection ponctuelle jusqu&rsquo;\u00e0 \u22054 m (13 pieds)<br \/>\nPA-6810E Jusqu&rsquo;\u00e0 \u220515m (50ft) 360 degr\u00e9s<br \/>\nPA-6812E Grand angle jusqu&rsquo;\u00e0 12 m (40 pieds)<br \/>\nPA-6820E Rideau vertical jusqu&rsquo;\u00e0 20 m (66 pi)<\/li>\n<\/ul>\n<p><strong>Caract\u00e9ristiques:<\/strong><\/p>\n<p><strong>PA6805E , PA6810E<\/strong><\/p>\n<ul>\n<li>Un design super fin et compact<\/li>\n<li>Unit\u00e9 de base d\u00e9tachable avec capteur encliquetable pour une installation facile<\/li>\n<li>Sensibilit\u00e9\/nombre d&rsquo;impulsions s\u00e9lectionnable<\/li>\n<li>Sortie de contact NO\/NC<\/li>\n<\/ul>\n<p><strong>PA6812E, PA6820E<\/strong><\/p>\n<ul>\n<li>conception super fine et compacte<\/li>\n<li>unit\u00e9 de base d\u00e9tachable avec capteur encliquetable pour une installation facile<\/li>\n<li>miroir rotatif pour une d\u00e9tection efficace, quelle que soit la configuration de la zone<\/li>\n<li>sensibilit\u00e9\/nombre d&rsquo;impulsions s\u00e9lectionnable<\/li>\n<li>Sortie de contact NO\/NC<\/li>\n<\/ul>\n<p>&nbsp;<\/p>\n","protected":false},"excerpt":{"rendered":"<p>The<strong> PA-6800 <\/strong>Les capteurs PIR d&rsquo;int\u00e9rieur pour montage au plafond de la s\u00e9rie combinent un aspect discret et compact avec des performances exceptionnelles \u00e0 un prix bas.<\/p>\n","protected":false},"featured_media":2797,"template":"","meta":{"_et_pb_use_builder":"","_et_pb_old_content":"","_et_gb_content_width":""},"pwb-brand":[202],"product_brand":[],"product_cat":[46],"product_tag":[81,89],"class_list":{"0":"post-2787","1":"product","2":"type-product","3":"status-publish","4":"has-post-thumbnail","6":"pwb-brand-takex","7":"product_cat-autres-capteurs-detection","8":"product_tag-interieur","9":"product_tag-pir","11":"first","12":"instock","13":"shipping-taxable","14":"product-type-simple"},"yoast_head":"<!-- This site is optimized with the Yoast SEO plugin v25.2 - https:\/\/yoast.com\/wordpress\/plugins\/seo\/ -->\n<title>D\u00e9tecteur d&#039;int\u00e9rieur infrarouge passif PIR s\u00e9ries PA-6805E \/ 6810E \/ 6812E \/ 6820E - Bunker Seguridad<\/title>\n<meta name=\"description\" content=\"The PA-6800 Detecteurs combinent une discr\u00e8te apparence compacte \u00e0 des performances brillantes pour un faible prix.\" \/>\n<meta name=\"robots\" content=\"noindex, follow, max-snippet:-1, max-image-preview:large, max-video-preview:-1\" \/>\n<meta property=\"og:locale\" content=\"fr_FR\" \/>\n<meta property=\"og:type\" content=\"article\" \/>\n<meta property=\"og:title\" content=\"D\u00e9tecteur d&#039;int\u00e9rieur infrarouge passif PIR s\u00e9ries PA-6805E \/ 6810E \/ 6812E \/ 6820E - Bunker Seguridad\" \/>\n<meta property=\"og:description\" content=\"The PA-6800 Detecteurs combinent une discr\u00e8te apparence compacte \u00e0 des performances brillantes pour un faible prix.\" \/>\n<meta property=\"og:url\" content=\"https:\/\/bunkerseguridad.com\/fr\/produit\/detecteurs-passif-pir-series-pa-6805e-6810e-6812e-6820e\/\" \/>\n<meta property=\"og:site_name\" content=\"Bunker Seguridad\" \/>\n<meta property=\"article:modified_time\" content=\"2021-02-12T11:06:00+00:00\" \/>\n<meta property=\"og:image\" content=\"https:\/\/bunkerseguridad.com\/fr\/wp-content\/uploads\/2020\/10\/PA-6810E.png\" \/>\n\t<meta property=\"og:image:width\" content=\"1200\" \/>\n\t<meta property=\"og:image:height\" content=\"1200\" \/>\n\t<meta property=\"og:image:type\" content=\"image\/png\" \/>\n<meta name=\"twitter:card\" content=\"summary_large_image\" \/>\n<meta name=\"twitter:label1\" content=\"Dur\u00e9e de lecture estim\u00e9e\" \/>\n\t<meta name=\"twitter:data1\" content=\"1 minute\" \/>\n<script type=\"application\/ld+json\" class=\"yoast-schema-graph\">{\"@context\":\"https:\/\/schema.org\",\"@graph\":[{\"@type\":\"WebPage\",\"@id\":\"https:\/\/bunkerseguridad.com\/fr\/produit\/detecteurs-passif-pir-series-pa-6805e-6810e-6812e-6820e\/\",\"url\":\"https:\/\/bunkerseguridad.com\/fr\/produit\/detecteurs-passif-pir-series-pa-6805e-6810e-6812e-6820e\/\",\"name\":\"D\u00e9tecteur d'int\u00e9rieur infrarouge passif PIR s\u00e9ries PA-6805E \/ 6810E \/ 6812E \/ 6820E - Bunker Seguridad\",\"isPartOf\":{\"@id\":\"https:\/\/bunkerseguridad.com\/fr\/#website\"},\"primaryImageOfPage\":{\"@id\":\"https:\/\/bunkerseguridad.com\/fr\/produit\/detecteurs-passif-pir-series-pa-6805e-6810e-6812e-6820e\/#primaryimage\"},\"image\":{\"@id\":\"https:\/\/bunkerseguridad.com\/fr\/produit\/detecteurs-passif-pir-series-pa-6805e-6810e-6812e-6820e\/#primaryimage\"},\"thumbnailUrl\":\"https:\/\/bunkerseguridad.com\/fr\/wp-content\/uploads\/2020\/10\/PA-6810E.png\",\"datePublished\":\"2020-10-15T09:49:32+00:00\",\"dateModified\":\"2021-02-12T11:06:00+00:00\",\"description\":\"The PA-6800 Detecteurs combinent une discr\u00e8te apparence compacte \u00e0 des performances brillantes pour un faible prix.\",\"breadcrumb\":{\"@id\":\"https:\/\/bunkerseguridad.com\/fr\/produit\/detecteurs-passif-pir-series-pa-6805e-6810e-6812e-6820e\/#breadcrumb\"},\"inLanguage\":\"fr-FR\",\"potentialAction\":[{\"@type\":\"ReadAction\",\"target\":[\"https:\/\/bunkerseguridad.com\/fr\/produit\/detecteurs-passif-pir-series-pa-6805e-6810e-6812e-6820e\/\"]}]},{\"@type\":\"ImageObject\",\"inLanguage\":\"fr-FR\",\"@id\":\"https:\/\/bunkerseguridad.com\/fr\/produit\/detecteurs-passif-pir-series-pa-6805e-6810e-6812e-6820e\/#primaryimage\",\"url\":\"https:\/\/bunkerseguridad.com\/fr\/wp-content\/uploads\/2020\/10\/PA-6810E.png\",\"contentUrl\":\"https:\/\/bunkerseguridad.com\/fr\/wp-content\/uploads\/2020\/10\/PA-6810E.png\",\"width\":1200,\"height\":1200,\"caption\":\"capteur infrarouge passif s\u00e9rie PA-6805E \/ 6810E \/ 6812E \/ 6820E\"},{\"@type\":\"BreadcrumbList\",\"@id\":\"https:\/\/bunkerseguridad.com\/fr\/produit\/detecteurs-passif-pir-series-pa-6805e-6810e-6812e-6820e\/#breadcrumb\",\"itemListElement\":[{\"@type\":\"ListItem\",\"position\":1,\"name\":\"Home\",\"item\":\"https:\/\/bunkerseguridad.com\/fr\/\"},{\"@type\":\"ListItem\",\"position\":2,\"name\":\"Shop\",\"item\":\"https:\/\/bunkerseguridad.com\/fr\/shop\/\"},{\"@type\":\"ListItem\",\"position\":3,\"name\":\"D\u00e9tecteur d&rsquo;int\u00e9rieur infrarouge passif PIR s\u00e9ries PA-6805E \/ 6810E \/ 6812E \/ 6820E\"}]},{\"@type\":\"WebSite\",\"@id\":\"https:\/\/bunkerseguridad.com\/fr\/#website\",\"url\":\"https:\/\/bunkerseguridad.com\/fr\/\",\"name\":\"Bunker Seguridad\",\"description\":\"Otro sitio realizado con WordPress\",\"potentialAction\":[{\"@type\":\"SearchAction\",\"target\":{\"@type\":\"EntryPoint\",\"urlTemplate\":\"https:\/\/bunkerseguridad.com\/fr\/?s={search_term_string}\"},\"query-input\":{\"@type\":\"PropertyValueSpecification\",\"valueRequired\":true,\"valueName\":\"search_term_string\"}}],\"inLanguage\":\"fr-FR\"}]}<\/script>\n<!-- \/ Yoast SEO plugin. -->","yoast_head_json":{"title":"D\u00e9tecteur d'int\u00e9rieur infrarouge passif PIR s\u00e9ries PA-6805E \/ 6810E \/ 6812E \/ 6820E - Bunker Seguridad","description":"The PA-6800 Detecteurs combinent une discr\u00e8te apparence compacte \u00e0 des performances brillantes pour un faible prix.","robots":{"index":"noindex","follow":"follow","max-snippet":"max-snippet:-1","max-image-preview":"max-image-preview:large","max-video-preview":"max-video-preview:-1"},"og_locale":"fr_FR","og_type":"article","og_title":"D\u00e9tecteur d'int\u00e9rieur infrarouge passif PIR s\u00e9ries PA-6805E \/ 6810E \/ 6812E \/ 6820E - Bunker Seguridad","og_description":"The PA-6800 Detecteurs combinent une discr\u00e8te apparence compacte \u00e0 des performances brillantes pour un faible prix.","og_url":"https:\/\/bunkerseguridad.com\/fr\/produit\/detecteurs-passif-pir-series-pa-6805e-6810e-6812e-6820e\/","og_site_name":"Bunker Seguridad","article_modified_time":"2021-02-12T11:06:00+00:00","og_image":[{"width":1200,"height":1200,"url":"https:\/\/bunkerseguridad.com\/fr\/wp-content\/uploads\/2020\/10\/PA-6810E.png","type":"image\/png"}],"twitter_card":"summary_large_image","twitter_misc":{"Dur\u00e9e de lecture estim\u00e9e":"1 minute"},"schema":{"@context":"https:\/\/schema.org","@graph":[{"@type":"WebPage","@id":"https:\/\/bunkerseguridad.com\/fr\/produit\/detecteurs-passif-pir-series-pa-6805e-6810e-6812e-6820e\/","url":"https:\/\/bunkerseguridad.com\/fr\/produit\/detecteurs-passif-pir-series-pa-6805e-6810e-6812e-6820e\/","name":"D\u00e9tecteur d'int\u00e9rieur infrarouge passif PIR s\u00e9ries PA-6805E \/ 6810E \/ 6812E \/ 6820E - Bunker Seguridad","isPartOf":{"@id":"https:\/\/bunkerseguridad.com\/fr\/#website"},"primaryImageOfPage":{"@id":"https:\/\/bunkerseguridad.com\/fr\/produit\/detecteurs-passif-pir-series-pa-6805e-6810e-6812e-6820e\/#primaryimage"},"image":{"@id":"https:\/\/bunkerseguridad.com\/fr\/produit\/detecteurs-passif-pir-series-pa-6805e-6810e-6812e-6820e\/#primaryimage"},"thumbnailUrl":"https:\/\/bunkerseguridad.com\/fr\/wp-content\/uploads\/2020\/10\/PA-6810E.png","datePublished":"2020-10-15T09:49:32+00:00","dateModified":"2021-02-12T11:06:00+00:00","description":"The PA-6800 Detecteurs combinent une discr\u00e8te apparence compacte \u00e0 des performances brillantes pour un faible prix.","breadcrumb":{"@id":"https:\/\/bunkerseguridad.com\/fr\/produit\/detecteurs-passif-pir-series-pa-6805e-6810e-6812e-6820e\/#breadcrumb"},"inLanguage":"fr-FR","potentialAction":[{"@type":"ReadAction","target":["https:\/\/bunkerseguridad.com\/fr\/produit\/detecteurs-passif-pir-series-pa-6805e-6810e-6812e-6820e\/"]}]},{"@type":"ImageObject","inLanguage":"fr-FR","@id":"https:\/\/bunkerseguridad.com\/fr\/produit\/detecteurs-passif-pir-series-pa-6805e-6810e-6812e-6820e\/#primaryimage","url":"https:\/\/bunkerseguridad.com\/fr\/wp-content\/uploads\/2020\/10\/PA-6810E.png","contentUrl":"https:\/\/bunkerseguridad.com\/fr\/wp-content\/uploads\/2020\/10\/PA-6810E.png","width":1200,"height":1200,"caption":"capteur infrarouge passif s\u00e9rie PA-6805E \/ 6810E \/ 6812E \/ 6820E"},{"@type":"BreadcrumbList","@id":"https:\/\/bunkerseguridad.com\/fr\/produit\/detecteurs-passif-pir-series-pa-6805e-6810e-6812e-6820e\/#breadcrumb","itemListElement":[{"@type":"ListItem","position":1,"name":"Home","item":"https:\/\/bunkerseguridad.com\/fr\/"},{"@type":"ListItem","position":2,"name":"Shop","item":"https:\/\/bunkerseguridad.com\/fr\/shop\/"},{"@type":"ListItem","position":3,"name":"D\u00e9tecteur d&rsquo;int\u00e9rieur infrarouge passif PIR s\u00e9ries PA-6805E \/ 6810E \/ 6812E \/ 6820E"}]},{"@type":"WebSite","@id":"https:\/\/bunkerseguridad.com\/fr\/#website","url":"https:\/\/bunkerseguridad.com\/fr\/","name":"Bunker Seguridad","description":"Otro sitio realizado con WordPress","potentialAction":[{"@type":"SearchAction","target":{"@type":"EntryPoint","urlTemplate":"https:\/\/bunkerseguridad.com\/fr\/?s={search_term_string}"},"query-input":{"@type":"PropertyValueSpecification","valueRequired":true,"valueName":"search_term_string"}}],"inLanguage":"fr-FR"}]}},"brands":[{"id":202,"name":"Takex","slug":"takex"}],"_links":{"self":[{"href":"https:\/\/bunkerseguridad.com\/fr\/wp-json\/wp\/v2\/product\/2787","targetHints":{"allow":["GET"]}}],"collection":[{"href":"https:\/\/bunkerseguridad.com\/fr\/wp-json\/wp\/v2\/product"}],"about":[{"href":"https:\/\/bunkerseguridad.com\/fr\/wp-json\/wp\/v2\/types\/product"}],"wp:featuredmedia":[{"embeddable":true,"href":"https:\/\/bunkerseguridad.com\/fr\/wp-json\/wp\/v2\/media\/2797"}],"wp:attachment":[{"href":"https:\/\/bunkerseguridad.com\/fr\/wp-json\/wp\/v2\/media?parent=2787"}],"wp:term":[{"taxonomy":"pwb-brand","embeddable":true,"href":"https:\/\/bunkerseguridad.com\/fr\/wp-json\/wp\/v2\/pwb-brand?post=2787"},{"taxonomy":"product_brand","embeddable":true,"href":"https:\/\/bunkerseguridad.com\/fr\/wp-json\/wp\/v2\/product_brand?post=2787"},{"taxonomy":"product_cat","embeddable":true,"href":"https:\/\/bunkerseguridad.com\/fr\/wp-json\/wp\/v2\/product_cat?post=2787"},{"taxonomy":"product_tag","embeddable":true,"href":"https:\/\/bunkerseguridad.com\/fr\/wp-json\/wp\/v2\/product_tag?post=2787"}],"curies":[{"name":"wp","href":"https:\/\/api.w.org\/{rel}","templated":true}]}}