{"id":2765,"date":"2020-10-15T09:20:51","date_gmt":"2020-10-15T09:20:51","guid":{"rendered":"http:\/\/www.bunkerseguridad.es\/en\/?post_type=product&#038;p=2765"},"modified":"2021-02-11T10:10:39","modified_gmt":"2021-02-11T10:10:39","slug":"miniature-beam-pb-10ns","status":"publish","type":"product","link":"https:\/\/bunkerseguridad.com\/fr\/produit\/miniature-beam-pb-10ns\/","title":{"rendered":"Photo\u00e9lectrique miniaturis\u00e9 PB-10NS"},"content":{"rendered":"<p><strong>Le PB-10NS<\/strong> n&rsquo;utilise pas beaucoup d&rsquo;espace pour l&rsquo;installation. Il est id\u00e9al pour prot\u00e9ger des applications secr\u00e8tes, telles qu&rsquo;une machine CD\/ATM, un volet motoris\u00e9, un couloir ou une fen\u00eatre.<\/p>\n<p>Il couvre des distances allant jusqu&rsquo;\u00e0 10 m \u00e0 l&rsquo;int\u00e9rieur.<\/p>\n<p><strong>Caract\u00e9ristiques:<\/strong><\/p>\n<ul>\n<li>Bo\u00eetier de commande miniaturis\u00e9<\/li>\n<li>Le cordon du capteur peut \u00eatre coup\u00e9 \u00e0 la longueur voulue<\/li>\n<li>Installation facile<\/li>\n<li>Ajustement int\u00e9gr\u00e9 de la sensibilit\u00e9<\/li>\n<\/ul>\n","protected":false},"excerpt":{"rendered":"<p>La cellule photo\u00e9lectrique miniaturis\u00e9e est adapt\u00e9e \u00e0 une utilisation discr\u00e8te dans un large \u00e9ventail d&rsquo;applications.<\/p>\n","protected":false},"featured_media":2775,"template":"","meta":{"_et_pb_use_builder":"","_et_pb_old_content":"","_et_gb_content_width":""},"pwb-brand":[202],"product_brand":[],"product_cat":[49],"product_tag":[364,82,81],"class_list":{"0":"post-2765","1":"product","2":"type-product","3":"status-publish","4":"has-post-thumbnail","6":"pwb-brand-takex","7":"product_cat-barrieres-infrarouges","8":"product_tag-faisceau-miniature","9":"product_tag-faisceau-photoelectrique","10":"product_tag-interieur","12":"first","13":"instock","14":"shipping-taxable","15":"product-type-simple"},"yoast_head":"<!-- This site is optimized with the Yoast SEO plugin v25.2 - https:\/\/yoast.com\/wordpress\/plugins\/seo\/ -->\n<title>Photo\u00e9lectrique miniaturis\u00e9 PB-10NS - Bunker Seguridad<\/title>\n<meta name=\"description\" content=\"PB-10NS est un capteur de faisceau photo\u00e9lectrique miniaturis\u00e9 qui peut \u00eatre utilis\u00e9 discr\u00e8tement dans une large gamme d&#039;applications.\" \/>\n<meta name=\"robots\" content=\"noindex, follow, max-snippet:-1, max-image-preview:large, max-video-preview:-1\" \/>\n<meta property=\"og:locale\" content=\"fr_FR\" \/>\n<meta property=\"og:type\" content=\"article\" \/>\n<meta property=\"og:title\" content=\"Photo\u00e9lectrique miniaturis\u00e9 PB-10NS - Bunker Seguridad\" \/>\n<meta property=\"og:description\" content=\"PB-10NS est un capteur de faisceau photo\u00e9lectrique miniaturis\u00e9 qui peut \u00eatre utilis\u00e9 discr\u00e8tement dans une large gamme d&#039;applications.\" \/>\n<meta property=\"og:url\" content=\"https:\/\/bunkerseguridad.com\/fr\/produit\/miniature-beam-pb-10ns\/\" \/>\n<meta property=\"og:site_name\" content=\"Bunker Seguridad\" \/>\n<meta property=\"article:modified_time\" content=\"2021-02-11T10:10:39+00:00\" \/>\n<meta property=\"og:image\" content=\"https:\/\/bunkerseguridad.com\/fr\/wp-content\/uploads\/2020\/10\/PB-10NS.png\" \/>\n\t<meta property=\"og:image:width\" content=\"1200\" \/>\n\t<meta property=\"og:image:height\" content=\"1200\" \/>\n\t<meta property=\"og:image:type\" content=\"image\/png\" \/>\n<meta name=\"twitter:card\" content=\"summary_large_image\" \/>\n<meta name=\"twitter:label1\" content=\"Dur\u00e9e de lecture estim\u00e9e\" \/>\n\t<meta name=\"twitter:data1\" content=\"1 minute\" \/>\n<script type=\"application\/ld+json\" class=\"yoast-schema-graph\">{\"@context\":\"https:\/\/schema.org\",\"@graph\":[{\"@type\":\"WebPage\",\"@id\":\"https:\/\/bunkerseguridad.com\/fr\/produit\/miniature-beam-pb-10ns\/\",\"url\":\"https:\/\/bunkerseguridad.com\/fr\/produit\/miniature-beam-pb-10ns\/\",\"name\":\"Photo\u00e9lectrique miniaturis\u00e9 PB-10NS - Bunker Seguridad\",\"isPartOf\":{\"@id\":\"https:\/\/bunkerseguridad.com\/fr\/#website\"},\"primaryImageOfPage\":{\"@id\":\"https:\/\/bunkerseguridad.com\/fr\/produit\/miniature-beam-pb-10ns\/#primaryimage\"},\"image\":{\"@id\":\"https:\/\/bunkerseguridad.com\/fr\/produit\/miniature-beam-pb-10ns\/#primaryimage\"},\"thumbnailUrl\":\"https:\/\/bunkerseguridad.com\/fr\/wp-content\/uploads\/2020\/10\/PB-10NS.png\",\"datePublished\":\"2020-10-15T09:20:51+00:00\",\"dateModified\":\"2021-02-11T10:10:39+00:00\",\"description\":\"PB-10NS est un capteur de faisceau photo\u00e9lectrique miniaturis\u00e9 qui peut \u00eatre utilis\u00e9 discr\u00e8tement dans une large gamme d'applications.\",\"breadcrumb\":{\"@id\":\"https:\/\/bunkerseguridad.com\/fr\/produit\/miniature-beam-pb-10ns\/#breadcrumb\"},\"inLanguage\":\"fr-FR\",\"potentialAction\":[{\"@type\":\"ReadAction\",\"target\":[\"https:\/\/bunkerseguridad.com\/fr\/produit\/miniature-beam-pb-10ns\/\"]}]},{\"@type\":\"ImageObject\",\"inLanguage\":\"fr-FR\",\"@id\":\"https:\/\/bunkerseguridad.com\/fr\/produit\/miniature-beam-pb-10ns\/#primaryimage\",\"url\":\"https:\/\/bunkerseguridad.com\/fr\/wp-content\/uploads\/2020\/10\/PB-10NS.png\",\"contentUrl\":\"https:\/\/bunkerseguridad.com\/fr\/wp-content\/uploads\/2020\/10\/PB-10NS.png\",\"width\":1200,\"height\":1200,\"caption\":\"colonnes photo\u00e9lectriques PB-10NS\"},{\"@type\":\"BreadcrumbList\",\"@id\":\"https:\/\/bunkerseguridad.com\/fr\/produit\/miniature-beam-pb-10ns\/#breadcrumb\",\"itemListElement\":[{\"@type\":\"ListItem\",\"position\":1,\"name\":\"Home\",\"item\":\"https:\/\/bunkerseguridad.com\/fr\/\"},{\"@type\":\"ListItem\",\"position\":2,\"name\":\"Shop\",\"item\":\"https:\/\/bunkerseguridad.com\/fr\/shop\/\"},{\"@type\":\"ListItem\",\"position\":3,\"name\":\"Photo\u00e9lectrique miniaturis\u00e9 PB-10NS\"}]},{\"@type\":\"WebSite\",\"@id\":\"https:\/\/bunkerseguridad.com\/fr\/#website\",\"url\":\"https:\/\/bunkerseguridad.com\/fr\/\",\"name\":\"Bunker Seguridad\",\"description\":\"Otro sitio realizado con WordPress\",\"potentialAction\":[{\"@type\":\"SearchAction\",\"target\":{\"@type\":\"EntryPoint\",\"urlTemplate\":\"https:\/\/bunkerseguridad.com\/fr\/?s={search_term_string}\"},\"query-input\":{\"@type\":\"PropertyValueSpecification\",\"valueRequired\":true,\"valueName\":\"search_term_string\"}}],\"inLanguage\":\"fr-FR\"}]}<\/script>\n<!-- \/ Yoast SEO plugin. -->","yoast_head_json":{"title":"Photo\u00e9lectrique miniaturis\u00e9 PB-10NS - Bunker Seguridad","description":"PB-10NS est un capteur de faisceau photo\u00e9lectrique miniaturis\u00e9 qui peut \u00eatre utilis\u00e9 discr\u00e8tement dans une large gamme d'applications.","robots":{"index":"noindex","follow":"follow","max-snippet":"max-snippet:-1","max-image-preview":"max-image-preview:large","max-video-preview":"max-video-preview:-1"},"og_locale":"fr_FR","og_type":"article","og_title":"Photo\u00e9lectrique miniaturis\u00e9 PB-10NS - Bunker Seguridad","og_description":"PB-10NS est un capteur de faisceau photo\u00e9lectrique miniaturis\u00e9 qui peut \u00eatre utilis\u00e9 discr\u00e8tement dans une large gamme d'applications.","og_url":"https:\/\/bunkerseguridad.com\/fr\/produit\/miniature-beam-pb-10ns\/","og_site_name":"Bunker Seguridad","article_modified_time":"2021-02-11T10:10:39+00:00","og_image":[{"width":1200,"height":1200,"url":"https:\/\/bunkerseguridad.com\/fr\/wp-content\/uploads\/2020\/10\/PB-10NS.png","type":"image\/png"}],"twitter_card":"summary_large_image","twitter_misc":{"Dur\u00e9e de lecture estim\u00e9e":"1 minute"},"schema":{"@context":"https:\/\/schema.org","@graph":[{"@type":"WebPage","@id":"https:\/\/bunkerseguridad.com\/fr\/produit\/miniature-beam-pb-10ns\/","url":"https:\/\/bunkerseguridad.com\/fr\/produit\/miniature-beam-pb-10ns\/","name":"Photo\u00e9lectrique miniaturis\u00e9 PB-10NS - Bunker Seguridad","isPartOf":{"@id":"https:\/\/bunkerseguridad.com\/fr\/#website"},"primaryImageOfPage":{"@id":"https:\/\/bunkerseguridad.com\/fr\/produit\/miniature-beam-pb-10ns\/#primaryimage"},"image":{"@id":"https:\/\/bunkerseguridad.com\/fr\/produit\/miniature-beam-pb-10ns\/#primaryimage"},"thumbnailUrl":"https:\/\/bunkerseguridad.com\/fr\/wp-content\/uploads\/2020\/10\/PB-10NS.png","datePublished":"2020-10-15T09:20:51+00:00","dateModified":"2021-02-11T10:10:39+00:00","description":"PB-10NS est un capteur de faisceau photo\u00e9lectrique miniaturis\u00e9 qui peut \u00eatre utilis\u00e9 discr\u00e8tement dans une large gamme d'applications.","breadcrumb":{"@id":"https:\/\/bunkerseguridad.com\/fr\/produit\/miniature-beam-pb-10ns\/#breadcrumb"},"inLanguage":"fr-FR","potentialAction":[{"@type":"ReadAction","target":["https:\/\/bunkerseguridad.com\/fr\/produit\/miniature-beam-pb-10ns\/"]}]},{"@type":"ImageObject","inLanguage":"fr-FR","@id":"https:\/\/bunkerseguridad.com\/fr\/produit\/miniature-beam-pb-10ns\/#primaryimage","url":"https:\/\/bunkerseguridad.com\/fr\/wp-content\/uploads\/2020\/10\/PB-10NS.png","contentUrl":"https:\/\/bunkerseguridad.com\/fr\/wp-content\/uploads\/2020\/10\/PB-10NS.png","width":1200,"height":1200,"caption":"colonnes photo\u00e9lectriques PB-10NS"},{"@type":"BreadcrumbList","@id":"https:\/\/bunkerseguridad.com\/fr\/produit\/miniature-beam-pb-10ns\/#breadcrumb","itemListElement":[{"@type":"ListItem","position":1,"name":"Home","item":"https:\/\/bunkerseguridad.com\/fr\/"},{"@type":"ListItem","position":2,"name":"Shop","item":"https:\/\/bunkerseguridad.com\/fr\/shop\/"},{"@type":"ListItem","position":3,"name":"Photo\u00e9lectrique miniaturis\u00e9 PB-10NS"}]},{"@type":"WebSite","@id":"https:\/\/bunkerseguridad.com\/fr\/#website","url":"https:\/\/bunkerseguridad.com\/fr\/","name":"Bunker Seguridad","description":"Otro sitio realizado con WordPress","potentialAction":[{"@type":"SearchAction","target":{"@type":"EntryPoint","urlTemplate":"https:\/\/bunkerseguridad.com\/fr\/?s={search_term_string}"},"query-input":{"@type":"PropertyValueSpecification","valueRequired":true,"valueName":"search_term_string"}}],"inLanguage":"fr-FR"}]}},"brands":[{"id":202,"name":"Takex","slug":"takex"}],"_links":{"self":[{"href":"https:\/\/bunkerseguridad.com\/fr\/wp-json\/wp\/v2\/product\/2765","targetHints":{"allow":["GET"]}}],"collection":[{"href":"https:\/\/bunkerseguridad.com\/fr\/wp-json\/wp\/v2\/product"}],"about":[{"href":"https:\/\/bunkerseguridad.com\/fr\/wp-json\/wp\/v2\/types\/product"}],"wp:featuredmedia":[{"embeddable":true,"href":"https:\/\/bunkerseguridad.com\/fr\/wp-json\/wp\/v2\/media\/2775"}],"wp:attachment":[{"href":"https:\/\/bunkerseguridad.com\/fr\/wp-json\/wp\/v2\/media?parent=2765"}],"wp:term":[{"taxonomy":"pwb-brand","embeddable":true,"href":"https:\/\/bunkerseguridad.com\/fr\/wp-json\/wp\/v2\/pwb-brand?post=2765"},{"taxonomy":"product_brand","embeddable":true,"href":"https:\/\/bunkerseguridad.com\/fr\/wp-json\/wp\/v2\/product_brand?post=2765"},{"taxonomy":"product_cat","embeddable":true,"href":"https:\/\/bunkerseguridad.com\/fr\/wp-json\/wp\/v2\/product_cat?post=2765"},{"taxonomy":"product_tag","embeddable":true,"href":"https:\/\/bunkerseguridad.com\/fr\/wp-json\/wp\/v2\/product_tag?post=2765"}],"curies":[{"name":"wp","href":"https:\/\/api.w.org\/{rel}","templated":true}]}}