{"id":2665,"date":"2020-10-14T10:57:18","date_gmt":"2020-10-14T10:57:18","guid":{"rendered":"http:\/\/www.bunkerseguridad.es\/en\/?post_type=product&#038;p=2665"},"modified":"2021-02-11T10:19:45","modified_gmt":"2021-02-11T10:19:45","slug":"reflecteur-interieur-barriere-de-infrarouge-pr-5b-takex-2","status":"publish","type":"product","link":"https:\/\/bunkerseguridad.com\/fr\/produit\/reflecteur-interieur-barriere-de-infrarouge-pr-5b-takex-2\/","title":{"rendered":"R\u00e9flecteur int\u00e9rieur Barri\u00e8re de infrarouge PR-5B"},"content":{"rendered":"<p>La s\u00e9rie de barri\u00e8res r\u00e9flecteurs TAKEX pour l&rsquo;int\u00e9rieur est con\u00e7ue pour les applications o\u00f9 une \u00ab\u00a0rupture de faisceau\u00a0\u00bb est souhaitable, mais o\u00f9 il n&rsquo;est pas pratique de faire passer des fils aux deux extr\u00e9mit\u00e9s. Trois mod\u00e8les diff\u00e9rents offrent la m\u00eame protection point \u00e0 point que les faisceaux photo\u00e9lectriques standard. Le PR-5B est un faisceau de la taille d&rsquo;une calculatrice de poche con\u00e7u pour une protection discr\u00e8te.<\/p>\n<p>Pour des distances allant jusqu&rsquo;\u00e0 5 m \u00e0 l&rsquo;int\u00e9rieur.<\/p>\n<p><strong>Caract\u00e9ristiques:<\/strong><\/p>\n<ul>\n<li>C\u00e2ble \u00e0 une seule extr\u00e9mit\u00e9 : pour les applications o\u00f9 une rupture de faisceau est souhaitable mais o\u00f9 le c\u00e2blage aux deux extr\u00e9mit\u00e9s n&rsquo;est pas pratique<\/li>\n<li>Id\u00e9al pour la protection \u00e0 courte distance des entr\u00e9es et sorties, des couloirs et des escaliers<\/li>\n<li>Une conception compacte pour une protection discr\u00e8te<\/li>\n<li>Une disposition simple des terminaux pour une installation facile<\/li>\n<\/ul>\n","protected":false},"excerpt":{"rendered":"<p>La s\u00e9rie TAKEX de barri\u00e8res r\u00e9flecteurs pour l&rsquo;int\u00e9rieur est con\u00e7ue pour les applications o\u00f9 un \u00ab\u00a0bris de faisceau\u00a0\u00bb est souhaitable, mais o\u00f9 il n&rsquo;est pas pratique de faire passer un fil aux deux extr\u00e9mit\u00e9s. Trois mod\u00e8les diff\u00e9rents offrent la m\u00eame protection point \u00e0 point que les faisceaux photo\u00e9lectriques standard.<\/p>\n","protected":false},"featured_media":2704,"template":"","meta":{"_et_pb_use_builder":"","_et_pb_old_content":"","_et_gb_content_width":""},"pwb-brand":[202],"product_brand":[],"product_cat":[41,49],"product_tag":[82,359,81],"class_list":{"0":"post-2665","1":"product","2":"type-product","3":"status-publish","4":"has-post-thumbnail","6":"pwb-brand-takex","7":"product_cat-detection-intrusion-perimetrique","8":"product_cat-barrieres-infrarouges","9":"product_tag-faisceau-photoelectrique","10":"product_tag-faisceau-reflechissant","11":"product_tag-interieur","13":"first","14":"instock","15":"shipping-taxable","16":"product-type-simple"},"yoast_head":"<!-- This site is optimized with the Yoast SEO plugin v25.2 - https:\/\/yoast.com\/wordpress\/plugins\/seo\/ -->\n<title>R\u00e9flecteur int\u00e9rieur Barri\u00e8re de infrarouge PR-5B - Bunker Seguridad<\/title>\n<meta name=\"description\" content=\"Reflecteur barri\u00e8res int\u00e9rieure et ext\u00e9rieure et couverture des zones o\u00f9 il n&#039;est pas possible de c\u00e2bler un \u00e9metteur et un r\u00e9cepteur.\" \/>\n<meta name=\"robots\" content=\"noindex, follow, max-snippet:-1, max-image-preview:large, max-video-preview:-1\" \/>\n<meta property=\"og:locale\" content=\"fr_FR\" \/>\n<meta property=\"og:type\" content=\"article\" \/>\n<meta property=\"og:title\" content=\"R\u00e9flecteur int\u00e9rieur Barri\u00e8re de infrarouge PR-5B - Bunker Seguridad\" \/>\n<meta property=\"og:description\" content=\"Reflecteur barri\u00e8res int\u00e9rieure et ext\u00e9rieure et couverture des zones o\u00f9 il n&#039;est pas possible de c\u00e2bler un \u00e9metteur et un r\u00e9cepteur.\" \/>\n<meta property=\"og:url\" content=\"https:\/\/bunkerseguridad.com\/fr\/produit\/reflecteur-interieur-barriere-de-infrarouge-pr-5b-takex-2\/\" \/>\n<meta property=\"og:site_name\" content=\"Bunker Seguridad\" \/>\n<meta property=\"article:modified_time\" content=\"2021-02-11T10:19:45+00:00\" \/>\n<meta property=\"og:image\" content=\"https:\/\/bunkerseguridad.com\/fr\/wp-content\/uploads\/2020\/10\/pr-5b.png\" \/>\n\t<meta property=\"og:image:width\" content=\"1200\" \/>\n\t<meta property=\"og:image:height\" content=\"1200\" \/>\n\t<meta property=\"og:image:type\" content=\"image\/png\" \/>\n<meta name=\"twitter:card\" content=\"summary_large_image\" \/>\n<meta name=\"twitter:label1\" content=\"Dur\u00e9e de lecture estim\u00e9e\" \/>\n\t<meta name=\"twitter:data1\" content=\"1 minute\" \/>\n<script type=\"application\/ld+json\" class=\"yoast-schema-graph\">{\"@context\":\"https:\/\/schema.org\",\"@graph\":[{\"@type\":\"WebPage\",\"@id\":\"https:\/\/bunkerseguridad.com\/fr\/produit\/reflecteur-interieur-barriere-de-infrarouge-pr-5b-takex-2\/\",\"url\":\"https:\/\/bunkerseguridad.com\/fr\/produit\/reflecteur-interieur-barriere-de-infrarouge-pr-5b-takex-2\/\",\"name\":\"R\u00e9flecteur int\u00e9rieur Barri\u00e8re de infrarouge PR-5B - Bunker Seguridad\",\"isPartOf\":{\"@id\":\"https:\/\/bunkerseguridad.com\/fr\/#website\"},\"primaryImageOfPage\":{\"@id\":\"https:\/\/bunkerseguridad.com\/fr\/produit\/reflecteur-interieur-barriere-de-infrarouge-pr-5b-takex-2\/#primaryimage\"},\"image\":{\"@id\":\"https:\/\/bunkerseguridad.com\/fr\/produit\/reflecteur-interieur-barriere-de-infrarouge-pr-5b-takex-2\/#primaryimage\"},\"thumbnailUrl\":\"https:\/\/bunkerseguridad.com\/fr\/wp-content\/uploads\/2020\/10\/pr-5b.png\",\"datePublished\":\"2020-10-14T10:57:18+00:00\",\"dateModified\":\"2021-02-11T10:19:45+00:00\",\"description\":\"Reflecteur barri\u00e8res int\u00e9rieure et ext\u00e9rieure et couverture des zones o\u00f9 il n'est pas possible de c\u00e2bler un \u00e9metteur et un r\u00e9cepteur.\",\"breadcrumb\":{\"@id\":\"https:\/\/bunkerseguridad.com\/fr\/produit\/reflecteur-interieur-barriere-de-infrarouge-pr-5b-takex-2\/#breadcrumb\"},\"inLanguage\":\"fr-FR\",\"potentialAction\":[{\"@type\":\"ReadAction\",\"target\":[\"https:\/\/bunkerseguridad.com\/fr\/produit\/reflecteur-interieur-barriere-de-infrarouge-pr-5b-takex-2\/\"]}]},{\"@type\":\"ImageObject\",\"inLanguage\":\"fr-FR\",\"@id\":\"https:\/\/bunkerseguridad.com\/fr\/produit\/reflecteur-interieur-barriere-de-infrarouge-pr-5b-takex-2\/#primaryimage\",\"url\":\"https:\/\/bunkerseguridad.com\/fr\/wp-content\/uploads\/2020\/10\/pr-5b.png\",\"contentUrl\":\"https:\/\/bunkerseguridad.com\/fr\/wp-content\/uploads\/2020\/10\/pr-5b.png\",\"width\":1200,\"height\":1200,\"caption\":\"Faisceau r\u00e9flecteur int\u00e9rieur PR-5B TAKEX\"},{\"@type\":\"BreadcrumbList\",\"@id\":\"https:\/\/bunkerseguridad.com\/fr\/produit\/reflecteur-interieur-barriere-de-infrarouge-pr-5b-takex-2\/#breadcrumb\",\"itemListElement\":[{\"@type\":\"ListItem\",\"position\":1,\"name\":\"Home\",\"item\":\"https:\/\/bunkerseguridad.com\/fr\/\"},{\"@type\":\"ListItem\",\"position\":2,\"name\":\"Shop\",\"item\":\"https:\/\/bunkerseguridad.com\/fr\/shop\/\"},{\"@type\":\"ListItem\",\"position\":3,\"name\":\"R\u00e9flecteur int\u00e9rieur Barri\u00e8re de infrarouge PR-5B\"}]},{\"@type\":\"WebSite\",\"@id\":\"https:\/\/bunkerseguridad.com\/fr\/#website\",\"url\":\"https:\/\/bunkerseguridad.com\/fr\/\",\"name\":\"Bunker Seguridad\",\"description\":\"Otro sitio realizado con WordPress\",\"potentialAction\":[{\"@type\":\"SearchAction\",\"target\":{\"@type\":\"EntryPoint\",\"urlTemplate\":\"https:\/\/bunkerseguridad.com\/fr\/?s={search_term_string}\"},\"query-input\":{\"@type\":\"PropertyValueSpecification\",\"valueRequired\":true,\"valueName\":\"search_term_string\"}}],\"inLanguage\":\"fr-FR\"}]}<\/script>\n<!-- \/ Yoast SEO plugin. -->","yoast_head_json":{"title":"R\u00e9flecteur int\u00e9rieur Barri\u00e8re de infrarouge PR-5B - Bunker Seguridad","description":"Reflecteur barri\u00e8res int\u00e9rieure et ext\u00e9rieure et couverture des zones o\u00f9 il n'est pas possible de c\u00e2bler un \u00e9metteur et un r\u00e9cepteur.","robots":{"index":"noindex","follow":"follow","max-snippet":"max-snippet:-1","max-image-preview":"max-image-preview:large","max-video-preview":"max-video-preview:-1"},"og_locale":"fr_FR","og_type":"article","og_title":"R\u00e9flecteur int\u00e9rieur Barri\u00e8re de infrarouge PR-5B - Bunker Seguridad","og_description":"Reflecteur barri\u00e8res int\u00e9rieure et ext\u00e9rieure et couverture des zones o\u00f9 il n'est pas possible de c\u00e2bler un \u00e9metteur et un r\u00e9cepteur.","og_url":"https:\/\/bunkerseguridad.com\/fr\/produit\/reflecteur-interieur-barriere-de-infrarouge-pr-5b-takex-2\/","og_site_name":"Bunker Seguridad","article_modified_time":"2021-02-11T10:19:45+00:00","og_image":[{"width":1200,"height":1200,"url":"https:\/\/bunkerseguridad.com\/fr\/wp-content\/uploads\/2020\/10\/pr-5b.png","type":"image\/png"}],"twitter_card":"summary_large_image","twitter_misc":{"Dur\u00e9e de lecture estim\u00e9e":"1 minute"},"schema":{"@context":"https:\/\/schema.org","@graph":[{"@type":"WebPage","@id":"https:\/\/bunkerseguridad.com\/fr\/produit\/reflecteur-interieur-barriere-de-infrarouge-pr-5b-takex-2\/","url":"https:\/\/bunkerseguridad.com\/fr\/produit\/reflecteur-interieur-barriere-de-infrarouge-pr-5b-takex-2\/","name":"R\u00e9flecteur int\u00e9rieur Barri\u00e8re de infrarouge PR-5B - Bunker Seguridad","isPartOf":{"@id":"https:\/\/bunkerseguridad.com\/fr\/#website"},"primaryImageOfPage":{"@id":"https:\/\/bunkerseguridad.com\/fr\/produit\/reflecteur-interieur-barriere-de-infrarouge-pr-5b-takex-2\/#primaryimage"},"image":{"@id":"https:\/\/bunkerseguridad.com\/fr\/produit\/reflecteur-interieur-barriere-de-infrarouge-pr-5b-takex-2\/#primaryimage"},"thumbnailUrl":"https:\/\/bunkerseguridad.com\/fr\/wp-content\/uploads\/2020\/10\/pr-5b.png","datePublished":"2020-10-14T10:57:18+00:00","dateModified":"2021-02-11T10:19:45+00:00","description":"Reflecteur barri\u00e8res int\u00e9rieure et ext\u00e9rieure et couverture des zones o\u00f9 il n'est pas possible de c\u00e2bler un \u00e9metteur et un r\u00e9cepteur.","breadcrumb":{"@id":"https:\/\/bunkerseguridad.com\/fr\/produit\/reflecteur-interieur-barriere-de-infrarouge-pr-5b-takex-2\/#breadcrumb"},"inLanguage":"fr-FR","potentialAction":[{"@type":"ReadAction","target":["https:\/\/bunkerseguridad.com\/fr\/produit\/reflecteur-interieur-barriere-de-infrarouge-pr-5b-takex-2\/"]}]},{"@type":"ImageObject","inLanguage":"fr-FR","@id":"https:\/\/bunkerseguridad.com\/fr\/produit\/reflecteur-interieur-barriere-de-infrarouge-pr-5b-takex-2\/#primaryimage","url":"https:\/\/bunkerseguridad.com\/fr\/wp-content\/uploads\/2020\/10\/pr-5b.png","contentUrl":"https:\/\/bunkerseguridad.com\/fr\/wp-content\/uploads\/2020\/10\/pr-5b.png","width":1200,"height":1200,"caption":"Faisceau r\u00e9flecteur int\u00e9rieur PR-5B TAKEX"},{"@type":"BreadcrumbList","@id":"https:\/\/bunkerseguridad.com\/fr\/produit\/reflecteur-interieur-barriere-de-infrarouge-pr-5b-takex-2\/#breadcrumb","itemListElement":[{"@type":"ListItem","position":1,"name":"Home","item":"https:\/\/bunkerseguridad.com\/fr\/"},{"@type":"ListItem","position":2,"name":"Shop","item":"https:\/\/bunkerseguridad.com\/fr\/shop\/"},{"@type":"ListItem","position":3,"name":"R\u00e9flecteur int\u00e9rieur Barri\u00e8re de infrarouge PR-5B"}]},{"@type":"WebSite","@id":"https:\/\/bunkerseguridad.com\/fr\/#website","url":"https:\/\/bunkerseguridad.com\/fr\/","name":"Bunker Seguridad","description":"Otro sitio realizado con WordPress","potentialAction":[{"@type":"SearchAction","target":{"@type":"EntryPoint","urlTemplate":"https:\/\/bunkerseguridad.com\/fr\/?s={search_term_string}"},"query-input":{"@type":"PropertyValueSpecification","valueRequired":true,"valueName":"search_term_string"}}],"inLanguage":"fr-FR"}]}},"brands":[{"id":202,"name":"Takex","slug":"takex"}],"_links":{"self":[{"href":"https:\/\/bunkerseguridad.com\/fr\/wp-json\/wp\/v2\/product\/2665","targetHints":{"allow":["GET"]}}],"collection":[{"href":"https:\/\/bunkerseguridad.com\/fr\/wp-json\/wp\/v2\/product"}],"about":[{"href":"https:\/\/bunkerseguridad.com\/fr\/wp-json\/wp\/v2\/types\/product"}],"wp:featuredmedia":[{"embeddable":true,"href":"https:\/\/bunkerseguridad.com\/fr\/wp-json\/wp\/v2\/media\/2704"}],"wp:attachment":[{"href":"https:\/\/bunkerseguridad.com\/fr\/wp-json\/wp\/v2\/media?parent=2665"}],"wp:term":[{"taxonomy":"pwb-brand","embeddable":true,"href":"https:\/\/bunkerseguridad.com\/fr\/wp-json\/wp\/v2\/pwb-brand?post=2665"},{"taxonomy":"product_brand","embeddable":true,"href":"https:\/\/bunkerseguridad.com\/fr\/wp-json\/wp\/v2\/product_brand?post=2665"},{"taxonomy":"product_cat","embeddable":true,"href":"https:\/\/bunkerseguridad.com\/fr\/wp-json\/wp\/v2\/product_cat?post=2665"},{"taxonomy":"product_tag","embeddable":true,"href":"https:\/\/bunkerseguridad.com\/fr\/wp-json\/wp\/v2\/product_tag?post=2665"}],"curies":[{"name":"wp","href":"https:\/\/api.w.org\/{rel}","templated":true}]}}