{"id":2655,"date":"2020-10-14T10:25:20","date_gmt":"2020-10-14T10:25:20","guid":{"rendered":"http:\/\/www.bunkerseguridad.es\/en\/?post_type=product&#038;p=2655"},"modified":"2021-02-11T11:57:15","modified_gmt":"2021-02-11T11:57:15","slug":"pearl-curtain-beam-detector-gjd-140","status":"publish","type":"product","link":"https:\/\/bunkerseguridad.com\/fr\/produit\/pearl-curtain-beam-detector-gjd-140\/","title":{"rendered":"Pearl Curtain Beam Detector GJD 140"},"content":{"rendered":"<p><strong>Le capteur Pearl est un d\u00e9tecteur ext\u00e9rieur,<\/strong> qui utilise des capteurs IRP, anti-masquage et micro-ondes pour une triple d\u00e9tection. Le d\u00e9tecteur aidera \u00e0 prot\u00e9ger les propri\u00e9t\u00e9s contre la criminalit\u00e9 gr\u00e2ce \u00e0 son rideau invisible.<\/p>\n<p>Le Pearl peut \u00eatre positionn\u00e9 pour regarder \u00e0 travers les fen\u00eatres, les portes ou sur toute la longueur de la maison ou du mur de la propri\u00e9t\u00e9.<\/p>\n<p>Le d\u00e9tecteur Pearl est fourni avec un support en \u00ab\u00a0T\u00a0\u00bb personnalisable pour les applications \u00e0 faisceau \u00e9troit prot\u00e9geant \u00e0 travers une porte ou une fen\u00eatre. Un support pivotant suppl\u00e9mentaire peut \u00eatre achet\u00e9 pour les applications qui n\u00e9cessitent un angle d&rsquo;inclinaison et de rotation personnalisable.<\/p>\n","protected":false},"excerpt":{"rendered":"<p>Le capteur Pearl est un d\u00e9tecteur ext\u00e9rieur, qui utilise des capteurs IRP, anti-masquage et micro-ondes pour une triple d\u00e9tection. Le d\u00e9tecteur aidera \u00e0 prot\u00e9ger les propri\u00e9t\u00e9s contre la criminalit\u00e9 gr\u00e2ce \u00e0 son rideau invisible.<\/p>\n","protected":false},"featured_media":2660,"template":"","meta":{"_et_pb_use_builder":"","_et_pb_old_content":"","_et_gb_content_width":""},"pwb-brand":[58],"product_brand":[],"product_cat":[41,47],"product_tag":[207,76,80,82,81,79,78],"class_list":{"0":"post-2655","1":"product","2":"type-product","3":"status-publish","4":"has-post-thumbnail","6":"pwb-brand-gjd-detect-deter","7":"product_cat-detection-intrusion-perimetrique","8":"product_cat-detecteurs-infrarouges-passifs-exterieurs","9":"product_tag-4-channel","10":"product_tag-canal-unique","11":"product_tag-exterieur","12":"product_tag-faisceau-photoelectrique","13":"product_tag-interieur","14":"product_tag-poutre-jumelee","15":"product_tag-quadruple-faisceau","17":"first","18":"instock","19":"shipping-taxable","20":"product-type-simple"},"yoast_head":"<!-- This site is optimized with the Yoast SEO plugin v25.2 - https:\/\/yoast.com\/wordpress\/plugins\/seo\/ -->\n<title>Pearl Curtain Beam Detector GJD 140 - Bunker Seguridad<\/title>\n<meta name=\"description\" content=\"Le Pearl est un d\u00e9tecteur ext\u00e9rieur muni de capteurs PIR, anti-masque et micro-ondes pour une triple d\u00e9tection.\" \/>\n<meta name=\"robots\" content=\"noindex, follow, max-snippet:-1, max-image-preview:large, max-video-preview:-1\" \/>\n<meta property=\"og:locale\" content=\"fr_FR\" \/>\n<meta property=\"og:type\" content=\"article\" \/>\n<meta property=\"og:title\" content=\"Pearl Curtain Beam Detector GJD 140 - Bunker Seguridad\" \/>\n<meta property=\"og:description\" content=\"Le Pearl est un d\u00e9tecteur ext\u00e9rieur muni de capteurs PIR, anti-masque et micro-ondes pour une triple d\u00e9tection.\" \/>\n<meta property=\"og:url\" content=\"https:\/\/bunkerseguridad.com\/fr\/produit\/pearl-curtain-beam-detector-gjd-140\/\" \/>\n<meta property=\"og:site_name\" content=\"Bunker Seguridad\" \/>\n<meta property=\"article:modified_time\" content=\"2021-02-11T11:57:15+00:00\" \/>\n<meta property=\"og:image\" content=\"https:\/\/bunkerseguridad.com\/fr\/wp-content\/uploads\/2020\/10\/PEARL-GJD-140.png\" \/>\n\t<meta property=\"og:image:width\" content=\"1200\" \/>\n\t<meta property=\"og:image:height\" content=\"1200\" \/>\n\t<meta property=\"og:image:type\" content=\"image\/png\" \/>\n<meta name=\"twitter:card\" content=\"summary_large_image\" \/>\n<meta name=\"twitter:label1\" content=\"Dur\u00e9e de lecture estim\u00e9e\" \/>\n\t<meta name=\"twitter:data1\" content=\"1 minute\" \/>\n<script type=\"application\/ld+json\" class=\"yoast-schema-graph\">{\"@context\":\"https:\/\/schema.org\",\"@graph\":[{\"@type\":\"WebPage\",\"@id\":\"https:\/\/bunkerseguridad.com\/fr\/produit\/pearl-curtain-beam-detector-gjd-140\/\",\"url\":\"https:\/\/bunkerseguridad.com\/fr\/produit\/pearl-curtain-beam-detector-gjd-140\/\",\"name\":\"Pearl Curtain Beam Detector GJD 140 - Bunker Seguridad\",\"isPartOf\":{\"@id\":\"https:\/\/bunkerseguridad.com\/fr\/#website\"},\"primaryImageOfPage\":{\"@id\":\"https:\/\/bunkerseguridad.com\/fr\/produit\/pearl-curtain-beam-detector-gjd-140\/#primaryimage\"},\"image\":{\"@id\":\"https:\/\/bunkerseguridad.com\/fr\/produit\/pearl-curtain-beam-detector-gjd-140\/#primaryimage\"},\"thumbnailUrl\":\"https:\/\/bunkerseguridad.com\/fr\/wp-content\/uploads\/2020\/10\/PEARL-GJD-140.png\",\"datePublished\":\"2020-10-14T10:25:20+00:00\",\"dateModified\":\"2021-02-11T11:57:15+00:00\",\"description\":\"Le Pearl est un d\u00e9tecteur ext\u00e9rieur muni de capteurs PIR, anti-masque et micro-ondes pour une triple d\u00e9tection.\",\"breadcrumb\":{\"@id\":\"https:\/\/bunkerseguridad.com\/fr\/produit\/pearl-curtain-beam-detector-gjd-140\/#breadcrumb\"},\"inLanguage\":\"fr-FR\",\"potentialAction\":[{\"@type\":\"ReadAction\",\"target\":[\"https:\/\/bunkerseguridad.com\/fr\/produit\/pearl-curtain-beam-detector-gjd-140\/\"]}]},{\"@type\":\"ImageObject\",\"inLanguage\":\"fr-FR\",\"@id\":\"https:\/\/bunkerseguridad.com\/fr\/produit\/pearl-curtain-beam-detector-gjd-140\/#primaryimage\",\"url\":\"https:\/\/bunkerseguridad.com\/fr\/wp-content\/uploads\/2020\/10\/PEARL-GJD-140.png\",\"contentUrl\":\"https:\/\/bunkerseguridad.com\/fr\/wp-content\/uploads\/2020\/10\/PEARL-GJD-140.png\",\"width\":1200,\"height\":1200,\"caption\":\"D\u00e9tecteur de rideau PEARL GJD 140\"},{\"@type\":\"BreadcrumbList\",\"@id\":\"https:\/\/bunkerseguridad.com\/fr\/produit\/pearl-curtain-beam-detector-gjd-140\/#breadcrumb\",\"itemListElement\":[{\"@type\":\"ListItem\",\"position\":1,\"name\":\"Home\",\"item\":\"https:\/\/bunkerseguridad.com\/fr\/\"},{\"@type\":\"ListItem\",\"position\":2,\"name\":\"Shop\",\"item\":\"https:\/\/bunkerseguridad.com\/fr\/shop\/\"},{\"@type\":\"ListItem\",\"position\":3,\"name\":\"Pearl Curtain Beam Detector GJD 140\"}]},{\"@type\":\"WebSite\",\"@id\":\"https:\/\/bunkerseguridad.com\/fr\/#website\",\"url\":\"https:\/\/bunkerseguridad.com\/fr\/\",\"name\":\"Bunker Seguridad\",\"description\":\"Otro sitio realizado con WordPress\",\"potentialAction\":[{\"@type\":\"SearchAction\",\"target\":{\"@type\":\"EntryPoint\",\"urlTemplate\":\"https:\/\/bunkerseguridad.com\/fr\/?s={search_term_string}\"},\"query-input\":{\"@type\":\"PropertyValueSpecification\",\"valueRequired\":true,\"valueName\":\"search_term_string\"}}],\"inLanguage\":\"fr-FR\"}]}<\/script>\n<!-- \/ Yoast SEO plugin. -->","yoast_head_json":{"title":"Pearl Curtain Beam Detector GJD 140 - Bunker Seguridad","description":"Le Pearl est un d\u00e9tecteur ext\u00e9rieur muni de capteurs PIR, anti-masque et micro-ondes pour une triple d\u00e9tection.","robots":{"index":"noindex","follow":"follow","max-snippet":"max-snippet:-1","max-image-preview":"max-image-preview:large","max-video-preview":"max-video-preview:-1"},"og_locale":"fr_FR","og_type":"article","og_title":"Pearl Curtain Beam Detector GJD 140 - Bunker Seguridad","og_description":"Le Pearl est un d\u00e9tecteur ext\u00e9rieur muni de capteurs PIR, anti-masque et micro-ondes pour une triple d\u00e9tection.","og_url":"https:\/\/bunkerseguridad.com\/fr\/produit\/pearl-curtain-beam-detector-gjd-140\/","og_site_name":"Bunker Seguridad","article_modified_time":"2021-02-11T11:57:15+00:00","og_image":[{"width":1200,"height":1200,"url":"https:\/\/bunkerseguridad.com\/fr\/wp-content\/uploads\/2020\/10\/PEARL-GJD-140.png","type":"image\/png"}],"twitter_card":"summary_large_image","twitter_misc":{"Dur\u00e9e de lecture estim\u00e9e":"1 minute"},"schema":{"@context":"https:\/\/schema.org","@graph":[{"@type":"WebPage","@id":"https:\/\/bunkerseguridad.com\/fr\/produit\/pearl-curtain-beam-detector-gjd-140\/","url":"https:\/\/bunkerseguridad.com\/fr\/produit\/pearl-curtain-beam-detector-gjd-140\/","name":"Pearl Curtain Beam Detector GJD 140 - Bunker Seguridad","isPartOf":{"@id":"https:\/\/bunkerseguridad.com\/fr\/#website"},"primaryImageOfPage":{"@id":"https:\/\/bunkerseguridad.com\/fr\/produit\/pearl-curtain-beam-detector-gjd-140\/#primaryimage"},"image":{"@id":"https:\/\/bunkerseguridad.com\/fr\/produit\/pearl-curtain-beam-detector-gjd-140\/#primaryimage"},"thumbnailUrl":"https:\/\/bunkerseguridad.com\/fr\/wp-content\/uploads\/2020\/10\/PEARL-GJD-140.png","datePublished":"2020-10-14T10:25:20+00:00","dateModified":"2021-02-11T11:57:15+00:00","description":"Le Pearl est un d\u00e9tecteur ext\u00e9rieur muni de capteurs PIR, anti-masque et micro-ondes pour une triple d\u00e9tection.","breadcrumb":{"@id":"https:\/\/bunkerseguridad.com\/fr\/produit\/pearl-curtain-beam-detector-gjd-140\/#breadcrumb"},"inLanguage":"fr-FR","potentialAction":[{"@type":"ReadAction","target":["https:\/\/bunkerseguridad.com\/fr\/produit\/pearl-curtain-beam-detector-gjd-140\/"]}]},{"@type":"ImageObject","inLanguage":"fr-FR","@id":"https:\/\/bunkerseguridad.com\/fr\/produit\/pearl-curtain-beam-detector-gjd-140\/#primaryimage","url":"https:\/\/bunkerseguridad.com\/fr\/wp-content\/uploads\/2020\/10\/PEARL-GJD-140.png","contentUrl":"https:\/\/bunkerseguridad.com\/fr\/wp-content\/uploads\/2020\/10\/PEARL-GJD-140.png","width":1200,"height":1200,"caption":"D\u00e9tecteur de rideau PEARL GJD 140"},{"@type":"BreadcrumbList","@id":"https:\/\/bunkerseguridad.com\/fr\/produit\/pearl-curtain-beam-detector-gjd-140\/#breadcrumb","itemListElement":[{"@type":"ListItem","position":1,"name":"Home","item":"https:\/\/bunkerseguridad.com\/fr\/"},{"@type":"ListItem","position":2,"name":"Shop","item":"https:\/\/bunkerseguridad.com\/fr\/shop\/"},{"@type":"ListItem","position":3,"name":"Pearl Curtain Beam Detector GJD 140"}]},{"@type":"WebSite","@id":"https:\/\/bunkerseguridad.com\/fr\/#website","url":"https:\/\/bunkerseguridad.com\/fr\/","name":"Bunker Seguridad","description":"Otro sitio realizado con WordPress","potentialAction":[{"@type":"SearchAction","target":{"@type":"EntryPoint","urlTemplate":"https:\/\/bunkerseguridad.com\/fr\/?s={search_term_string}"},"query-input":{"@type":"PropertyValueSpecification","valueRequired":true,"valueName":"search_term_string"}}],"inLanguage":"fr-FR"}]}},"brands":[{"id":58,"name":"GJD","slug":"gjd-detect-deter"}],"_links":{"self":[{"href":"https:\/\/bunkerseguridad.com\/fr\/wp-json\/wp\/v2\/product\/2655","targetHints":{"allow":["GET"]}}],"collection":[{"href":"https:\/\/bunkerseguridad.com\/fr\/wp-json\/wp\/v2\/product"}],"about":[{"href":"https:\/\/bunkerseguridad.com\/fr\/wp-json\/wp\/v2\/types\/product"}],"wp:featuredmedia":[{"embeddable":true,"href":"https:\/\/bunkerseguridad.com\/fr\/wp-json\/wp\/v2\/media\/2660"}],"wp:attachment":[{"href":"https:\/\/bunkerseguridad.com\/fr\/wp-json\/wp\/v2\/media?parent=2655"}],"wp:term":[{"taxonomy":"pwb-brand","embeddable":true,"href":"https:\/\/bunkerseguridad.com\/fr\/wp-json\/wp\/v2\/pwb-brand?post=2655"},{"taxonomy":"product_brand","embeddable":true,"href":"https:\/\/bunkerseguridad.com\/fr\/wp-json\/wp\/v2\/product_brand?post=2655"},{"taxonomy":"product_cat","embeddable":true,"href":"https:\/\/bunkerseguridad.com\/fr\/wp-json\/wp\/v2\/product_cat?post=2655"},{"taxonomy":"product_tag","embeddable":true,"href":"https:\/\/bunkerseguridad.com\/fr\/wp-json\/wp\/v2\/product_tag?post=2655"}],"curies":[{"name":"wp","href":"https:\/\/api.w.org\/{rel}","templated":true}]}}