{"id":2624,"date":"2020-10-14T09:23:32","date_gmt":"2020-10-14T09:23:32","guid":{"rendered":"http:\/\/www.bunkerseguridad.es\/en\/?post_type=product&#038;p=2624"},"modified":"2021-02-11T11:51:22","modified_gmt":"2021-02-11T11:51:22","slug":"serie-de-detecteurs-infrarouges-passifs-tx-114sr-tx-114tr-tx-114fr","status":"publish","type":"product","link":"https:\/\/bunkerseguridad.com\/fr\/produit\/serie-de-detecteurs-infrarouges-passifs-tx-114sr-tx-114tr-tx-114fr\/","title":{"rendered":"Batterie D\u00e9tecteurs infrarouges passifs ext\u00e9rieurs PIR S\u00e9ries TX-114SR \/ TX-114TR \/ TX-114FR"},"content":{"rendered":"<p><strong>\u00a0TX-114SR<\/strong> est compatible avec les principaux \u00e9metteurs sans fil pour un d\u00e9ploiement rapide dans les zones \u00e9loign\u00e9es ou difficiles \u00e0 c\u00e2bler, id\u00e9al pour d\u00e9clencher des syst\u00e8mes de t\u00e9l\u00e9vision en circuit ferm\u00e9, d&rsquo;\u00e9clairage ou d&rsquo;alerte dans les applications commerciales, domestiques et industrielles.<\/p>\n<ul>\n<li>Double zone : jusqu&rsquo;\u00e0 12 m x 90 degr\u00e9s<\/li>\n<\/ul>\n<p><strong>TX-114TR.<\/strong> Avec une consommation de courant ultra-faible pour une longue dur\u00e9e de vie des piles et des sorties \u00e0 semi-conducteurs (NO\/NC) pour l&rsquo;alarme et le sabotage \u00e0 3 niveaux, le nouveau d\u00e9tecteur TX-114TR est compatible avec les principaux \u00e9metteurs sans fil pour un d\u00e9ploiement rapide dans les zones \u00e9loign\u00e9es ou difficiles \u00e0 c\u00e2bler.<\/p>\n<p><strong>Le TX-114TR<\/strong> est id\u00e9al pour d\u00e9clencher des syst\u00e8mes de t\u00e9l\u00e9vision en circuit ferm\u00e9, d&rsquo;\u00e9clairage ou d&rsquo;alerte dans des applications commerciales, domestiques et industrielles.<\/p>\n<ul>\n<li>Double zone : jusqu&rsquo;\u00e0 12 m x 90 degr\u00e9s<\/li>\n<\/ul>\n<p><strong>TX-114FR.<\/strong> Avec une consommation de courant ultra-faible pour une longue dur\u00e9e de vie des piles et des sorties \u00e0 semi-conducteurs (NO\/NC) pour l&rsquo;alarme et le sabotage \u00e0 3 niveaux, le nouveau d\u00e9tecteur TX-114FR est compatible avec les principaux \u00e9metteurs sans fil pour un d\u00e9ploiement rapide dans les zones \u00e9loign\u00e9es ou difficiles \u00e0 c\u00e2bler.<\/p>\n<p>La s\u00e9lection de la porte ET\/OU assure une stabilit\u00e9 maximale, m\u00eame dans les environnements les plus difficiles. Le TX-114FR est id\u00e9al pour d\u00e9clencher des syst\u00e8mes de t\u00e9l\u00e9vision en circuit ferm\u00e9, d&rsquo;\u00e9clairage ou d&rsquo;alerte dans des applications commerciales, domestiques et industrielles.<\/p>\n<ul>\n<li>Double zone : jusqu&rsquo;\u00e0 12 m x 180 degr\u00e9s<\/li>\n<\/ul>\n<p><strong>Caract\u00e9ristiques:<\/strong><\/p>\n<ul>\n<li><strong>TX-114SR<\/strong>\n<ul>\n<li>La t\u00eate de capteur \u00e0 double zone peut r\u00e9sister \u00e0 la d\u00e9tection des petits animaux<\/li>\n<li>Consommation de courant ultra-faible<\/li>\n<li>Aliment\u00e9 par une pile alcaline ou au lithium de 3 \u00e0 9 V<\/li>\n<li>Peut \u00eatre utilis\u00e9 avec de nombreux mod\u00e8les d&rsquo;\u00e9metteurs sans fil (non fournis)<\/li>\n<li>Nombre d&rsquo;impulsions et sensibilit\u00e9 r\u00e9glables<\/li>\n<li>0,8-1,2m Hauteur de montage<\/li>\n<\/ul>\n<\/li>\n<li><strong>TX-114TR<br \/>\n<\/strong><\/p>\n<ul>\n<li>La t\u00eate de capteur \u00e0 double zone peut r\u00e9sister \u00e0 la d\u00e9tection des petits animaux<\/li>\n<li>Consommation de courant ultra-faible<\/li>\n<li>Aliment\u00e9 par une pile alcaline ou au lithium de 3 \u00e0 9 V<\/li>\n<li>Peut \u00eatre utilis\u00e9 avec de nombreux mod\u00e8les d&rsquo;\u00e9metteurs sans fil (non fournis)<\/li>\n<li>Nombre d&rsquo;impulsions et sensibilit\u00e9 r\u00e9glables<\/li>\n<li>Tampers avant, milieu et arri\u00e8re<\/li>\n<li>0,8-1,2m Hauteur de montage<\/li>\n<\/ul>\n<\/li>\n<li><strong>TX-114FR<br \/>\n<\/strong><\/p>\n<ul>\n<li>La t\u00eate de capteur \u00e0 double zone peut r\u00e9sister \u00e0 la d\u00e9tection des petits animaux<\/li>\n<li>Consommation de courant ultra-faible<\/li>\n<li>Aliment\u00e9 par une pile alcaline ou au lithium de 3 \u00e0 9 V<\/li>\n<li>Peut \u00eatre utilis\u00e9 avec de nombreux mod\u00e8les d&rsquo;\u00e9metteurs sans fil (non fournis)<\/li>\n<li>Nombre d&rsquo;impulsions et sensibilit\u00e9 r\u00e9glables<\/li>\n<li>Tampers avant, milieu et arri\u00e8re<\/li>\n<li>0,8-1,2m Hauteur de montage<\/li>\n<\/ul>\n<\/li>\n<\/ul>\n","protected":false},"excerpt":{"rendered":"<p>The\u00a0<strong>PIR Series TX-114SR \/ TX-114TR \/ TX-114FR<\/strong> are for <strong>external<\/strong> use, <strong>dual zone<\/strong> and compatible with leading <strong>wireless transmitters<\/strong> for <strong>rapid deployment<\/strong> in remote or difficult-to-cable-to areas, ideal for <strong>triggering CCTV, lighting or warning systems<\/strong> in commercial, <strong>domestic and industrial applications<\/strong>.<\/p>\n","protected":false},"featured_media":2716,"template":"","meta":{"_et_pb_use_builder":"","_et_pb_old_content":"","_et_gb_content_width":""},"pwb-brand":[202],"product_brand":[],"product_cat":[41,47],"product_tag":[80,82,81,89],"class_list":{"0":"post-2624","1":"product","2":"type-product","3":"status-publish","4":"has-post-thumbnail","6":"pwb-brand-takex","7":"product_cat-detection-intrusion-perimetrique","8":"product_cat-detecteurs-infrarouges-passifs-exterieurs","9":"product_tag-exterieur","10":"product_tag-faisceau-photoelectrique","11":"product_tag-interieur","12":"product_tag-pir","14":"first","15":"instock","16":"shipping-taxable","17":"product-type-simple"},"yoast_head":"<!-- This site is optimized with the Yoast SEO plugin v25.2 - https:\/\/yoast.com\/wordpress\/plugins\/seo\/ -->\n<title>Batterie D\u00e9tecteurs infrarouges passifs ext\u00e9rieurs PIR S\u00e9ries TX-114SR \/ TX-114TR \/ TX-114FR - Bunker Seguridad<\/title>\n<meta name=\"description\" content=\"detecteurs-infrarouges-passifs pour une utilisation ext\u00e9rieure, \u00e0 double zone et compatible avec les principaux \u00e9metteurs sans fil\" \/>\n<meta name=\"robots\" content=\"noindex, follow, max-snippet:-1, max-image-preview:large, max-video-preview:-1\" \/>\n<meta property=\"og:locale\" content=\"fr_FR\" \/>\n<meta property=\"og:type\" content=\"article\" \/>\n<meta property=\"og:title\" content=\"Batterie D\u00e9tecteurs infrarouges passifs ext\u00e9rieurs PIR S\u00e9ries TX-114SR \/ TX-114TR \/ TX-114FR - Bunker Seguridad\" \/>\n<meta property=\"og:description\" content=\"detecteurs-infrarouges-passifs pour une utilisation ext\u00e9rieure, \u00e0 double zone et compatible avec les principaux \u00e9metteurs sans fil\" \/>\n<meta property=\"og:url\" content=\"https:\/\/bunkerseguridad.com\/fr\/produit\/serie-de-detecteurs-infrarouges-passifs-tx-114sr-tx-114tr-tx-114fr\/\" \/>\n<meta property=\"og:site_name\" content=\"Bunker Seguridad\" \/>\n<meta property=\"article:modified_time\" content=\"2021-02-11T11:51:22+00:00\" \/>\n<meta property=\"og:image\" content=\"https:\/\/bunkerseguridad.com\/fr\/wp-content\/uploads\/2020\/10\/Tx-114SR_TR_FR.png\" \/>\n\t<meta property=\"og:image:width\" content=\"1200\" \/>\n\t<meta property=\"og:image:height\" content=\"1200\" \/>\n\t<meta property=\"og:image:type\" content=\"image\/png\" \/>\n<meta name=\"twitter:card\" content=\"summary_large_image\" \/>\n<meta name=\"twitter:label1\" content=\"Dur\u00e9e de lecture estim\u00e9e\" \/>\n\t<meta name=\"twitter:data1\" content=\"2 minutes\" \/>\n<script type=\"application\/ld+json\" class=\"yoast-schema-graph\">{\"@context\":\"https:\/\/schema.org\",\"@graph\":[{\"@type\":\"WebPage\",\"@id\":\"https:\/\/bunkerseguridad.com\/fr\/produit\/serie-de-detecteurs-infrarouges-passifs-tx-114sr-tx-114tr-tx-114fr\/\",\"url\":\"https:\/\/bunkerseguridad.com\/fr\/produit\/serie-de-detecteurs-infrarouges-passifs-tx-114sr-tx-114tr-tx-114fr\/\",\"name\":\"Batterie D\u00e9tecteurs infrarouges passifs ext\u00e9rieurs PIR S\u00e9ries TX-114SR \/ TX-114TR \/ TX-114FR - Bunker Seguridad\",\"isPartOf\":{\"@id\":\"https:\/\/bunkerseguridad.com\/fr\/#website\"},\"primaryImageOfPage\":{\"@id\":\"https:\/\/bunkerseguridad.com\/fr\/produit\/serie-de-detecteurs-infrarouges-passifs-tx-114sr-tx-114tr-tx-114fr\/#primaryimage\"},\"image\":{\"@id\":\"https:\/\/bunkerseguridad.com\/fr\/produit\/serie-de-detecteurs-infrarouges-passifs-tx-114sr-tx-114tr-tx-114fr\/#primaryimage\"},\"thumbnailUrl\":\"https:\/\/bunkerseguridad.com\/fr\/wp-content\/uploads\/2020\/10\/Tx-114SR_TR_FR.png\",\"datePublished\":\"2020-10-14T09:23:32+00:00\",\"dateModified\":\"2021-02-11T11:51:22+00:00\",\"description\":\"detecteurs-infrarouges-passifs pour une utilisation ext\u00e9rieure, \u00e0 double zone et compatible avec les principaux \u00e9metteurs sans fil\",\"breadcrumb\":{\"@id\":\"https:\/\/bunkerseguridad.com\/fr\/produit\/serie-de-detecteurs-infrarouges-passifs-tx-114sr-tx-114tr-tx-114fr\/#breadcrumb\"},\"inLanguage\":\"fr-FR\",\"potentialAction\":[{\"@type\":\"ReadAction\",\"target\":[\"https:\/\/bunkerseguridad.com\/fr\/produit\/serie-de-detecteurs-infrarouges-passifs-tx-114sr-tx-114tr-tx-114fr\/\"]}]},{\"@type\":\"ImageObject\",\"inLanguage\":\"fr-FR\",\"@id\":\"https:\/\/bunkerseguridad.com\/fr\/produit\/serie-de-detecteurs-infrarouges-passifs-tx-114sr-tx-114tr-tx-114fr\/#primaryimage\",\"url\":\"https:\/\/bunkerseguridad.com\/fr\/wp-content\/uploads\/2020\/10\/Tx-114SR_TR_FR.png\",\"contentUrl\":\"https:\/\/bunkerseguridad.com\/fr\/wp-content\/uploads\/2020\/10\/Tx-114SR_TR_FR.png\",\"width\":1200,\"height\":1200,\"caption\":\"S\u00e9rie de d\u00e9tecteurs infrarouges passifs TX-114SR \/ TX-114TR \/ TX-114FR\"},{\"@type\":\"BreadcrumbList\",\"@id\":\"https:\/\/bunkerseguridad.com\/fr\/produit\/serie-de-detecteurs-infrarouges-passifs-tx-114sr-tx-114tr-tx-114fr\/#breadcrumb\",\"itemListElement\":[{\"@type\":\"ListItem\",\"position\":1,\"name\":\"Home\",\"item\":\"https:\/\/bunkerseguridad.com\/fr\/\"},{\"@type\":\"ListItem\",\"position\":2,\"name\":\"Shop\",\"item\":\"https:\/\/bunkerseguridad.com\/fr\/shop\/\"},{\"@type\":\"ListItem\",\"position\":3,\"name\":\"Batterie D\u00e9tecteurs infrarouges passifs ext\u00e9rieurs PIR S\u00e9ries TX-114SR \/ TX-114TR \/ TX-114FR\"}]},{\"@type\":\"WebSite\",\"@id\":\"https:\/\/bunkerseguridad.com\/fr\/#website\",\"url\":\"https:\/\/bunkerseguridad.com\/fr\/\",\"name\":\"Bunker Seguridad\",\"description\":\"Otro sitio realizado con WordPress\",\"potentialAction\":[{\"@type\":\"SearchAction\",\"target\":{\"@type\":\"EntryPoint\",\"urlTemplate\":\"https:\/\/bunkerseguridad.com\/fr\/?s={search_term_string}\"},\"query-input\":{\"@type\":\"PropertyValueSpecification\",\"valueRequired\":true,\"valueName\":\"search_term_string\"}}],\"inLanguage\":\"fr-FR\"}]}<\/script>\n<!-- \/ Yoast SEO plugin. -->","yoast_head_json":{"title":"Batterie D\u00e9tecteurs infrarouges passifs ext\u00e9rieurs PIR S\u00e9ries TX-114SR \/ TX-114TR \/ TX-114FR - Bunker Seguridad","description":"detecteurs-infrarouges-passifs pour une utilisation ext\u00e9rieure, \u00e0 double zone et compatible avec les principaux \u00e9metteurs sans fil","robots":{"index":"noindex","follow":"follow","max-snippet":"max-snippet:-1","max-image-preview":"max-image-preview:large","max-video-preview":"max-video-preview:-1"},"og_locale":"fr_FR","og_type":"article","og_title":"Batterie D\u00e9tecteurs infrarouges passifs ext\u00e9rieurs PIR S\u00e9ries TX-114SR \/ TX-114TR \/ TX-114FR - Bunker Seguridad","og_description":"detecteurs-infrarouges-passifs pour une utilisation ext\u00e9rieure, \u00e0 double zone et compatible avec les principaux \u00e9metteurs sans fil","og_url":"https:\/\/bunkerseguridad.com\/fr\/produit\/serie-de-detecteurs-infrarouges-passifs-tx-114sr-tx-114tr-tx-114fr\/","og_site_name":"Bunker Seguridad","article_modified_time":"2021-02-11T11:51:22+00:00","og_image":[{"width":1200,"height":1200,"url":"https:\/\/bunkerseguridad.com\/fr\/wp-content\/uploads\/2020\/10\/Tx-114SR_TR_FR.png","type":"image\/png"}],"twitter_card":"summary_large_image","twitter_misc":{"Dur\u00e9e de lecture estim\u00e9e":"2 minutes"},"schema":{"@context":"https:\/\/schema.org","@graph":[{"@type":"WebPage","@id":"https:\/\/bunkerseguridad.com\/fr\/produit\/serie-de-detecteurs-infrarouges-passifs-tx-114sr-tx-114tr-tx-114fr\/","url":"https:\/\/bunkerseguridad.com\/fr\/produit\/serie-de-detecteurs-infrarouges-passifs-tx-114sr-tx-114tr-tx-114fr\/","name":"Batterie D\u00e9tecteurs infrarouges passifs ext\u00e9rieurs PIR S\u00e9ries TX-114SR \/ TX-114TR \/ TX-114FR - Bunker Seguridad","isPartOf":{"@id":"https:\/\/bunkerseguridad.com\/fr\/#website"},"primaryImageOfPage":{"@id":"https:\/\/bunkerseguridad.com\/fr\/produit\/serie-de-detecteurs-infrarouges-passifs-tx-114sr-tx-114tr-tx-114fr\/#primaryimage"},"image":{"@id":"https:\/\/bunkerseguridad.com\/fr\/produit\/serie-de-detecteurs-infrarouges-passifs-tx-114sr-tx-114tr-tx-114fr\/#primaryimage"},"thumbnailUrl":"https:\/\/bunkerseguridad.com\/fr\/wp-content\/uploads\/2020\/10\/Tx-114SR_TR_FR.png","datePublished":"2020-10-14T09:23:32+00:00","dateModified":"2021-02-11T11:51:22+00:00","description":"detecteurs-infrarouges-passifs pour une utilisation ext\u00e9rieure, \u00e0 double zone et compatible avec les principaux \u00e9metteurs sans fil","breadcrumb":{"@id":"https:\/\/bunkerseguridad.com\/fr\/produit\/serie-de-detecteurs-infrarouges-passifs-tx-114sr-tx-114tr-tx-114fr\/#breadcrumb"},"inLanguage":"fr-FR","potentialAction":[{"@type":"ReadAction","target":["https:\/\/bunkerseguridad.com\/fr\/produit\/serie-de-detecteurs-infrarouges-passifs-tx-114sr-tx-114tr-tx-114fr\/"]}]},{"@type":"ImageObject","inLanguage":"fr-FR","@id":"https:\/\/bunkerseguridad.com\/fr\/produit\/serie-de-detecteurs-infrarouges-passifs-tx-114sr-tx-114tr-tx-114fr\/#primaryimage","url":"https:\/\/bunkerseguridad.com\/fr\/wp-content\/uploads\/2020\/10\/Tx-114SR_TR_FR.png","contentUrl":"https:\/\/bunkerseguridad.com\/fr\/wp-content\/uploads\/2020\/10\/Tx-114SR_TR_FR.png","width":1200,"height":1200,"caption":"S\u00e9rie de d\u00e9tecteurs infrarouges passifs TX-114SR \/ TX-114TR \/ TX-114FR"},{"@type":"BreadcrumbList","@id":"https:\/\/bunkerseguridad.com\/fr\/produit\/serie-de-detecteurs-infrarouges-passifs-tx-114sr-tx-114tr-tx-114fr\/#breadcrumb","itemListElement":[{"@type":"ListItem","position":1,"name":"Home","item":"https:\/\/bunkerseguridad.com\/fr\/"},{"@type":"ListItem","position":2,"name":"Shop","item":"https:\/\/bunkerseguridad.com\/fr\/shop\/"},{"@type":"ListItem","position":3,"name":"Batterie D\u00e9tecteurs infrarouges passifs ext\u00e9rieurs PIR S\u00e9ries TX-114SR \/ TX-114TR \/ TX-114FR"}]},{"@type":"WebSite","@id":"https:\/\/bunkerseguridad.com\/fr\/#website","url":"https:\/\/bunkerseguridad.com\/fr\/","name":"Bunker Seguridad","description":"Otro sitio realizado con WordPress","potentialAction":[{"@type":"SearchAction","target":{"@type":"EntryPoint","urlTemplate":"https:\/\/bunkerseguridad.com\/fr\/?s={search_term_string}"},"query-input":{"@type":"PropertyValueSpecification","valueRequired":true,"valueName":"search_term_string"}}],"inLanguage":"fr-FR"}]}},"brands":[{"id":202,"name":"Takex","slug":"takex"}],"_links":{"self":[{"href":"https:\/\/bunkerseguridad.com\/fr\/wp-json\/wp\/v2\/product\/2624","targetHints":{"allow":["GET"]}}],"collection":[{"href":"https:\/\/bunkerseguridad.com\/fr\/wp-json\/wp\/v2\/product"}],"about":[{"href":"https:\/\/bunkerseguridad.com\/fr\/wp-json\/wp\/v2\/types\/product"}],"wp:featuredmedia":[{"embeddable":true,"href":"https:\/\/bunkerseguridad.com\/fr\/wp-json\/wp\/v2\/media\/2716"}],"wp:attachment":[{"href":"https:\/\/bunkerseguridad.com\/fr\/wp-json\/wp\/v2\/media?parent=2624"}],"wp:term":[{"taxonomy":"pwb-brand","embeddable":true,"href":"https:\/\/bunkerseguridad.com\/fr\/wp-json\/wp\/v2\/pwb-brand?post=2624"},{"taxonomy":"product_brand","embeddable":true,"href":"https:\/\/bunkerseguridad.com\/fr\/wp-json\/wp\/v2\/product_brand?post=2624"},{"taxonomy":"product_cat","embeddable":true,"href":"https:\/\/bunkerseguridad.com\/fr\/wp-json\/wp\/v2\/product_cat?post=2624"},{"taxonomy":"product_tag","embeddable":true,"href":"https:\/\/bunkerseguridad.com\/fr\/wp-json\/wp\/v2\/product_tag?post=2624"}],"curies":[{"name":"wp","href":"https:\/\/api.w.org\/{rel}","templated":true}]}}