{"id":2577,"date":"2020-10-14T07:50:13","date_gmt":"2020-10-14T07:50:13","guid":{"rendered":"http:\/\/www.bunkerseguridad.es\/en\/?post_type=product&#038;p=2577"},"modified":"2021-02-11T12:47:25","modified_gmt":"2021-02-11T12:47:25","slug":"passif-externe-pir-detecteur-infrarouge-ms-12fe-te","status":"publish","type":"product","link":"https:\/\/bunkerseguridad.com\/fr\/produit\/passif-externe-pir-detecteur-infrarouge-ms-12fe-te\/","title":{"rendered":"Passif externe PIR D\u00e9tecteur infrarouge MS-12FE\/TE"},"content":{"rendered":"<p>Avec ses d\u00e9tecteurs IRP de 4 x 12 m offrant jusqu&rsquo;\u00e0 180 degr\u00e9s de couverture immunitaire efficace pour les animaux, le MS-12FE reste le choix professionnel pour une d\u00e9tection fiable et sans probl\u00e8me des mouvements ext\u00e9rieurs. Gr\u00e2ce \u00e0 ses caract\u00e9ristiques cl\u00e9s telles que la discrimination jour\/nuit, le relais d&rsquo;alarme \u00e0 minuterie variable, la sortie NO\/NC, le nombre d&rsquo;impulsions et les r\u00e9glages de sensibilit\u00e9, il n&rsquo;est vraiment pas n\u00e9cessaire de chercher plus loin. Double zone : jusqu&rsquo;\u00e0 12 m x 180 degr\u00e9s. IRP externe : Triple miroir, haute performance.<\/p>\n<p>Le syst\u00e8me MS-120TE Dual-Zone r\u00e9duit les fausses alarmes pour une d\u00e9tection ext\u00e9rieure fiable. Double zone: jusqu&rsquo;\u00e0 12 m x 90 degr\u00e9s.<\/p>\n<p><strong>Caract\u00e9ristiques:<\/strong><\/p>\n<ul>\n<li>MS-12FE\n<ul>\n<li>2x t\u00eates de capteur Dual-Zone peuvent r\u00e9sister \u00e0 la d\u00e9tection de petits animaux<\/li>\n<li>Syst\u00e8me avanc\u00e9 de d\u00e9tection multizone variable<\/li>\n<li>Sortie relais NO\/NC s\u00e9lectionnable avec fonction de temporisation<\/li>\n<li>D\u00e9tection jour\/nuit<\/li>\n<li>Nombre d&rsquo;impulsions et sensibilit\u00e9 r\u00e9glables<\/li>\n<li>0,8-1,2m Hauteur de montage<\/li>\n<\/ul>\n<\/li>\n<\/ul>\n<ul>\n<li>MS-12TE\n<ul>\n<li>La t\u00eate de capteur \u00e0 double zone peut r\u00e9sister \u00e0 la d\u00e9tection des petits animaux<\/li>\n<li>Syst\u00e8me avanc\u00e9 de d\u00e9tection multizone variable<\/li>\n<li>Sortie de relais NO\/NC s\u00e9lectionnable avec fonction de temporisation<\/li>\n<li>D\u00e9tection jour\/nuit<\/li>\n<li>Nombre d&rsquo;impulsions et sensibilit\u00e9 r\u00e9glables<\/li>\n<li>0,8-1,2m Hauteur de montage<\/li>\n<\/ul>\n<\/li>\n<\/ul>\n","protected":false},"excerpt":{"rendered":"<p>Avec ses d\u00e9tecteurs IRP de 4 x 12 m offrant jusqu&rsquo;\u00e0 180 degr\u00e9s de couverture immunitaire efficace pour les animaux, le MS-12FE reste le choix professionnel pour une d\u00e9tection fiable et sans probl\u00e8me des mouvements ext\u00e9rieurs. IRP externe : Triple miroir, haute performance.<\/p>\n","protected":false},"featured_media":2589,"template":"","meta":{"_et_pb_use_builder":"","_et_pb_old_content":"","_et_gb_content_width":""},"pwb-brand":[202],"product_brand":[],"product_cat":[41,47],"product_tag":[86,80,82,81,89],"class_list":{"0":"post-2577","1":"product","2":"type-product","3":"status-publish","4":"has-post-thumbnail","6":"pwb-brand-takex","7":"product_cat-detection-intrusion-perimetrique","8":"product_cat-detecteurs-infrarouges-passifs-exterieurs","9":"product_tag-dual-zone","10":"product_tag-exterieur","11":"product_tag-faisceau-photoelectrique","12":"product_tag-interieur","13":"product_tag-pir","15":"first","16":"instock","17":"featured","18":"shipping-taxable","19":"product-type-simple"},"yoast_head":"<!-- This site is optimized with the Yoast SEO plugin v25.2 - https:\/\/yoast.com\/wordpress\/plugins\/seo\/ -->\n<title>Passif externe PIR D\u00e9tecteur infrarouge MS-12FE\/TE - Bunker Seguridad<\/title>\n<meta name=\"description\" content=\"MS-12FE\/TE Passif externe PIR Detecteur infraroug Choix professionnel pour une d\u00e9tection fiable et sans probl\u00e8me des mouvements ext\u00e9rieurs\" \/>\n<meta name=\"robots\" content=\"noindex, follow, max-snippet:-1, max-image-preview:large, max-video-preview:-1\" \/>\n<meta property=\"og:locale\" content=\"fr_FR\" \/>\n<meta property=\"og:type\" content=\"article\" \/>\n<meta property=\"og:title\" content=\"Passif externe PIR D\u00e9tecteur infrarouge MS-12FE\/TE - Bunker Seguridad\" \/>\n<meta property=\"og:description\" content=\"MS-12FE\/TE Passif externe PIR Detecteur infraroug Choix professionnel pour une d\u00e9tection fiable et sans probl\u00e8me des mouvements ext\u00e9rieurs\" \/>\n<meta property=\"og:url\" content=\"https:\/\/bunkerseguridad.com\/fr\/produit\/passif-externe-pir-detecteur-infrarouge-ms-12fe-te\/\" \/>\n<meta property=\"og:site_name\" content=\"Bunker Seguridad\" \/>\n<meta property=\"article:modified_time\" content=\"2021-02-11T12:47:25+00:00\" \/>\n<meta property=\"og:image\" content=\"https:\/\/bunkerseguridad.com\/fr\/wp-content\/uploads\/2020\/10\/MS-12FE-TE.png\" \/>\n\t<meta property=\"og:image:width\" content=\"1200\" \/>\n\t<meta property=\"og:image:height\" content=\"1200\" \/>\n\t<meta property=\"og:image:type\" content=\"image\/png\" \/>\n<meta name=\"twitter:card\" content=\"summary_large_image\" \/>\n<meta name=\"twitter:label1\" content=\"Dur\u00e9e de lecture estim\u00e9e\" \/>\n\t<meta name=\"twitter:data1\" content=\"1 minute\" \/>\n<script type=\"application\/ld+json\" class=\"yoast-schema-graph\">{\"@context\":\"https:\/\/schema.org\",\"@graph\":[{\"@type\":\"WebPage\",\"@id\":\"https:\/\/bunkerseguridad.com\/fr\/produit\/passif-externe-pir-detecteur-infrarouge-ms-12fe-te\/\",\"url\":\"https:\/\/bunkerseguridad.com\/fr\/produit\/passif-externe-pir-detecteur-infrarouge-ms-12fe-te\/\",\"name\":\"Passif externe PIR D\u00e9tecteur infrarouge MS-12FE\/TE - Bunker Seguridad\",\"isPartOf\":{\"@id\":\"https:\/\/bunkerseguridad.com\/fr\/#website\"},\"primaryImageOfPage\":{\"@id\":\"https:\/\/bunkerseguridad.com\/fr\/produit\/passif-externe-pir-detecteur-infrarouge-ms-12fe-te\/#primaryimage\"},\"image\":{\"@id\":\"https:\/\/bunkerseguridad.com\/fr\/produit\/passif-externe-pir-detecteur-infrarouge-ms-12fe-te\/#primaryimage\"},\"thumbnailUrl\":\"https:\/\/bunkerseguridad.com\/fr\/wp-content\/uploads\/2020\/10\/MS-12FE-TE.png\",\"datePublished\":\"2020-10-14T07:50:13+00:00\",\"dateModified\":\"2021-02-11T12:47:25+00:00\",\"description\":\"MS-12FE\/TE Passif externe PIR Detecteur infraroug Choix professionnel pour une d\u00e9tection fiable et sans probl\u00e8me des mouvements ext\u00e9rieurs\",\"breadcrumb\":{\"@id\":\"https:\/\/bunkerseguridad.com\/fr\/produit\/passif-externe-pir-detecteur-infrarouge-ms-12fe-te\/#breadcrumb\"},\"inLanguage\":\"fr-FR\",\"potentialAction\":[{\"@type\":\"ReadAction\",\"target\":[\"https:\/\/bunkerseguridad.com\/fr\/produit\/passif-externe-pir-detecteur-infrarouge-ms-12fe-te\/\"]}]},{\"@type\":\"ImageObject\",\"inLanguage\":\"fr-FR\",\"@id\":\"https:\/\/bunkerseguridad.com\/fr\/produit\/passif-externe-pir-detecteur-infrarouge-ms-12fe-te\/#primaryimage\",\"url\":\"https:\/\/bunkerseguridad.com\/fr\/wp-content\/uploads\/2020\/10\/MS-12FE-TE.png\",\"contentUrl\":\"https:\/\/bunkerseguridad.com\/fr\/wp-content\/uploads\/2020\/10\/MS-12FE-TE.png\",\"width\":1200,\"height\":1200,\"caption\":\"D\u00e9tecteur infrarouge passif MS-12FE\/TE\"},{\"@type\":\"BreadcrumbList\",\"@id\":\"https:\/\/bunkerseguridad.com\/fr\/produit\/passif-externe-pir-detecteur-infrarouge-ms-12fe-te\/#breadcrumb\",\"itemListElement\":[{\"@type\":\"ListItem\",\"position\":1,\"name\":\"Home\",\"item\":\"https:\/\/bunkerseguridad.com\/fr\/\"},{\"@type\":\"ListItem\",\"position\":2,\"name\":\"Shop\",\"item\":\"https:\/\/bunkerseguridad.com\/fr\/shop\/\"},{\"@type\":\"ListItem\",\"position\":3,\"name\":\"Passif externe PIR D\u00e9tecteur infrarouge MS-12FE\/TE\"}]},{\"@type\":\"WebSite\",\"@id\":\"https:\/\/bunkerseguridad.com\/fr\/#website\",\"url\":\"https:\/\/bunkerseguridad.com\/fr\/\",\"name\":\"Bunker Seguridad\",\"description\":\"Otro sitio realizado con WordPress\",\"potentialAction\":[{\"@type\":\"SearchAction\",\"target\":{\"@type\":\"EntryPoint\",\"urlTemplate\":\"https:\/\/bunkerseguridad.com\/fr\/?s={search_term_string}\"},\"query-input\":{\"@type\":\"PropertyValueSpecification\",\"valueRequired\":true,\"valueName\":\"search_term_string\"}}],\"inLanguage\":\"fr-FR\"}]}<\/script>\n<!-- \/ Yoast SEO plugin. -->","yoast_head_json":{"title":"Passif externe PIR D\u00e9tecteur infrarouge MS-12FE\/TE - Bunker Seguridad","description":"MS-12FE\/TE Passif externe PIR Detecteur infraroug Choix professionnel pour une d\u00e9tection fiable et sans probl\u00e8me des mouvements ext\u00e9rieurs","robots":{"index":"noindex","follow":"follow","max-snippet":"max-snippet:-1","max-image-preview":"max-image-preview:large","max-video-preview":"max-video-preview:-1"},"og_locale":"fr_FR","og_type":"article","og_title":"Passif externe PIR D\u00e9tecteur infrarouge MS-12FE\/TE - Bunker Seguridad","og_description":"MS-12FE\/TE Passif externe PIR Detecteur infraroug Choix professionnel pour une d\u00e9tection fiable et sans probl\u00e8me des mouvements ext\u00e9rieurs","og_url":"https:\/\/bunkerseguridad.com\/fr\/produit\/passif-externe-pir-detecteur-infrarouge-ms-12fe-te\/","og_site_name":"Bunker Seguridad","article_modified_time":"2021-02-11T12:47:25+00:00","og_image":[{"width":1200,"height":1200,"url":"https:\/\/bunkerseguridad.com\/fr\/wp-content\/uploads\/2020\/10\/MS-12FE-TE.png","type":"image\/png"}],"twitter_card":"summary_large_image","twitter_misc":{"Dur\u00e9e de lecture estim\u00e9e":"1 minute"},"schema":{"@context":"https:\/\/schema.org","@graph":[{"@type":"WebPage","@id":"https:\/\/bunkerseguridad.com\/fr\/produit\/passif-externe-pir-detecteur-infrarouge-ms-12fe-te\/","url":"https:\/\/bunkerseguridad.com\/fr\/produit\/passif-externe-pir-detecteur-infrarouge-ms-12fe-te\/","name":"Passif externe PIR D\u00e9tecteur infrarouge MS-12FE\/TE - Bunker Seguridad","isPartOf":{"@id":"https:\/\/bunkerseguridad.com\/fr\/#website"},"primaryImageOfPage":{"@id":"https:\/\/bunkerseguridad.com\/fr\/produit\/passif-externe-pir-detecteur-infrarouge-ms-12fe-te\/#primaryimage"},"image":{"@id":"https:\/\/bunkerseguridad.com\/fr\/produit\/passif-externe-pir-detecteur-infrarouge-ms-12fe-te\/#primaryimage"},"thumbnailUrl":"https:\/\/bunkerseguridad.com\/fr\/wp-content\/uploads\/2020\/10\/MS-12FE-TE.png","datePublished":"2020-10-14T07:50:13+00:00","dateModified":"2021-02-11T12:47:25+00:00","description":"MS-12FE\/TE Passif externe PIR Detecteur infraroug Choix professionnel pour une d\u00e9tection fiable et sans probl\u00e8me des mouvements ext\u00e9rieurs","breadcrumb":{"@id":"https:\/\/bunkerseguridad.com\/fr\/produit\/passif-externe-pir-detecteur-infrarouge-ms-12fe-te\/#breadcrumb"},"inLanguage":"fr-FR","potentialAction":[{"@type":"ReadAction","target":["https:\/\/bunkerseguridad.com\/fr\/produit\/passif-externe-pir-detecteur-infrarouge-ms-12fe-te\/"]}]},{"@type":"ImageObject","inLanguage":"fr-FR","@id":"https:\/\/bunkerseguridad.com\/fr\/produit\/passif-externe-pir-detecteur-infrarouge-ms-12fe-te\/#primaryimage","url":"https:\/\/bunkerseguridad.com\/fr\/wp-content\/uploads\/2020\/10\/MS-12FE-TE.png","contentUrl":"https:\/\/bunkerseguridad.com\/fr\/wp-content\/uploads\/2020\/10\/MS-12FE-TE.png","width":1200,"height":1200,"caption":"D\u00e9tecteur infrarouge passif MS-12FE\/TE"},{"@type":"BreadcrumbList","@id":"https:\/\/bunkerseguridad.com\/fr\/produit\/passif-externe-pir-detecteur-infrarouge-ms-12fe-te\/#breadcrumb","itemListElement":[{"@type":"ListItem","position":1,"name":"Home","item":"https:\/\/bunkerseguridad.com\/fr\/"},{"@type":"ListItem","position":2,"name":"Shop","item":"https:\/\/bunkerseguridad.com\/fr\/shop\/"},{"@type":"ListItem","position":3,"name":"Passif externe PIR D\u00e9tecteur infrarouge MS-12FE\/TE"}]},{"@type":"WebSite","@id":"https:\/\/bunkerseguridad.com\/fr\/#website","url":"https:\/\/bunkerseguridad.com\/fr\/","name":"Bunker Seguridad","description":"Otro sitio realizado con WordPress","potentialAction":[{"@type":"SearchAction","target":{"@type":"EntryPoint","urlTemplate":"https:\/\/bunkerseguridad.com\/fr\/?s={search_term_string}"},"query-input":{"@type":"PropertyValueSpecification","valueRequired":true,"valueName":"search_term_string"}}],"inLanguage":"fr-FR"}]}},"brands":[{"id":202,"name":"Takex","slug":"takex"}],"_links":{"self":[{"href":"https:\/\/bunkerseguridad.com\/fr\/wp-json\/wp\/v2\/product\/2577","targetHints":{"allow":["GET"]}}],"collection":[{"href":"https:\/\/bunkerseguridad.com\/fr\/wp-json\/wp\/v2\/product"}],"about":[{"href":"https:\/\/bunkerseguridad.com\/fr\/wp-json\/wp\/v2\/types\/product"}],"wp:featuredmedia":[{"embeddable":true,"href":"https:\/\/bunkerseguridad.com\/fr\/wp-json\/wp\/v2\/media\/2589"}],"wp:attachment":[{"href":"https:\/\/bunkerseguridad.com\/fr\/wp-json\/wp\/v2\/media?parent=2577"}],"wp:term":[{"taxonomy":"pwb-brand","embeddable":true,"href":"https:\/\/bunkerseguridad.com\/fr\/wp-json\/wp\/v2\/pwb-brand?post=2577"},{"taxonomy":"product_brand","embeddable":true,"href":"https:\/\/bunkerseguridad.com\/fr\/wp-json\/wp\/v2\/product_brand?post=2577"},{"taxonomy":"product_cat","embeddable":true,"href":"https:\/\/bunkerseguridad.com\/fr\/wp-json\/wp\/v2\/product_cat?post=2577"},{"taxonomy":"product_tag","embeddable":true,"href":"https:\/\/bunkerseguridad.com\/fr\/wp-json\/wp\/v2\/product_tag?post=2577"}],"curies":[{"name":"wp","href":"https:\/\/api.w.org\/{rel}","templated":true}]}}