{"id":2348,"date":"2020-10-09T08:21:02","date_gmt":"2020-10-09T08:21:02","guid":{"rendered":"http:\/\/www.bunkerseguridad.es\/en\/?post_type=product&#038;p=2348"},"modified":"2021-02-11T08:44:18","modified_gmt":"2021-02-11T08:44:18","slug":"high-security-beam-pxb-100atc","status":"publish","type":"product","link":"https:\/\/bunkerseguridad.com\/fr\/produit\/high-security-beam-pxb-100atc\/","title":{"rendered":"Barri\u00e8re infrarouge anti-crawl haute s\u00e9curit\u00e9 PXB-100ATC"},"content":{"rendered":"<p>Des syst\u00e8mes de sortie \u00e0 <strong>double r\u00e9ponse sophistiqu\u00e9s ont \u00e9t\u00e9 con\u00e7us<\/strong> pour distinguer et attribuer des r\u00e9ponses d&rsquo;alarme sp\u00e9cifiques en fonction de la taille et de la vitesse des objets cibles se d\u00e9pla\u00e7ant dans la zone de d\u00e9tection, et un <strong>syst\u00e8me de synchronisation synchronis\u00e9 unique<\/strong> garantit des performances de d\u00e9tection et une polyvalence in\u00e9gal\u00e9es.<\/p>\n<p>Pour des distances jusqu&rsquo;\u00e0 <strong>100 m (330 pieds) en ext\u00e9rieur.<\/strong><\/p>\n<p><strong>Caract\u00e9ristiques:<\/strong><\/p>\n<ul>\n<li>Contr\u00f4le ind\u00e9pendant des faisceaux sup\u00e9rieur et inf\u00e9rieur<\/li>\n<li>Choisissez entre une op\u00e9ration synchro-quad et une op\u00e9ration anti-recul<\/li>\n<li>Deux sorties pour la tentative de rampement et la rupture de faisceau<\/li>\n<li>Le fil de synchronisation permet un empilage illimit\u00e9 sans diaphonie<\/li>\n<li>4 canaux de faisceau s\u00e9lectionnables<\/li>\n<li>Une s\u00e9paration accrue des faisceaux minimise les alarmes de nuisance<\/li>\n<li>La couleur interne vive facilite la proc\u00e9dure d&rsquo;alignement du faisceau<\/li>\n<li>Protection contre la foudre et les surtensions jusqu&rsquo;\u00e0 15kV<\/li>\n<li>Bo\u00eetier IP65<\/li>\n<\/ul>\n","protected":false},"excerpt":{"rendered":"<p><strong>Barri\u00e8re infrarouge anti-crawl<\/strong> des capteurs d\u00e9velopp\u00e9s pour des applications \u00e0 haut risque o\u00f9 la d\u00e9tection de toute tentative d&rsquo;intrusion est essentielle.<\/p>\n","protected":false},"featured_media":2306,"template":"","meta":{"_et_pb_use_builder":"","_et_pb_old_content":"","_et_gb_content_width":""},"pwb-brand":[202],"product_brand":[],"product_cat":[41,49],"product_tag":[80,82,81,360,343],"class_list":{"0":"post-2348","1":"product","2":"type-product","3":"status-publish","4":"has-post-thumbnail","6":"pwb-brand-takex","7":"product_cat-detection-intrusion-perimetrique","8":"product_cat-barrieres-infrarouges","9":"product_tag-exterieur","10":"product_tag-faisceau-photoelectrique","11":"product_tag-interieur","12":"product_tag-pour-une-utilisation-dans-les-tours-a-poutres","13":"product_tag-poutre-anti-crawl","15":"first","16":"instock","17":"shipping-taxable","18":"product-type-simple"},"yoast_head":"<!-- This site is optimized with the Yoast SEO plugin v25.2 - https:\/\/yoast.com\/wordpress\/plugins\/seo\/ -->\n<title>Barri\u00e8re infrarouge anti-crawl haute s\u00e9curit\u00e9 PXB-100ATC - Bunker Seguridad<\/title>\n<meta name=\"description\" content=\"Barri\u00e8re infrarouge anti-crawl des capteurs d\u00e9velopp\u00e9s pour des applications \u00e0 haut risque o\u00f9 la d\u00e9tection de toute tentative d&#039;intrusion est essentielle.\" \/>\n<meta name=\"robots\" content=\"noindex, follow, max-snippet:-1, max-image-preview:large, max-video-preview:-1\" \/>\n<meta property=\"og:locale\" content=\"fr_FR\" \/>\n<meta property=\"og:type\" content=\"article\" \/>\n<meta property=\"og:title\" content=\"Barri\u00e8re infrarouge anti-crawl haute s\u00e9curit\u00e9 PXB-100ATC - Bunker Seguridad\" \/>\n<meta property=\"og:description\" content=\"Barri\u00e8re infrarouge anti-crawl des capteurs d\u00e9velopp\u00e9s pour des applications \u00e0 haut risque o\u00f9 la d\u00e9tection de toute tentative d&#039;intrusion est essentielle.\" \/>\n<meta property=\"og:url\" content=\"https:\/\/bunkerseguridad.com\/fr\/produit\/high-security-beam-pxb-100atc\/\" \/>\n<meta property=\"og:site_name\" content=\"Bunker Seguridad\" \/>\n<meta property=\"article:modified_time\" content=\"2021-02-11T08:44:18+00:00\" \/>\n<meta property=\"og:image\" content=\"https:\/\/bunkerseguridad.com\/fr\/wp-content\/uploads\/2020\/10\/TXF-125E.png\" \/>\n\t<meta property=\"og:image:width\" content=\"1200\" \/>\n\t<meta property=\"og:image:height\" content=\"1200\" \/>\n\t<meta property=\"og:image:type\" content=\"image\/png\" \/>\n<meta name=\"twitter:card\" content=\"summary_large_image\" \/>\n<meta name=\"twitter:label1\" content=\"Dur\u00e9e de lecture estim\u00e9e\" \/>\n\t<meta name=\"twitter:data1\" content=\"1 minute\" \/>\n<script type=\"application\/ld+json\" class=\"yoast-schema-graph\">{\"@context\":\"https:\/\/schema.org\",\"@graph\":[{\"@type\":\"WebPage\",\"@id\":\"https:\/\/bunkerseguridad.com\/fr\/produit\/high-security-beam-pxb-100atc\/\",\"url\":\"https:\/\/bunkerseguridad.com\/fr\/produit\/high-security-beam-pxb-100atc\/\",\"name\":\"Barri\u00e8re infrarouge anti-crawl haute s\u00e9curit\u00e9 PXB-100ATC - Bunker Seguridad\",\"isPartOf\":{\"@id\":\"https:\/\/bunkerseguridad.com\/fr\/#website\"},\"primaryImageOfPage\":{\"@id\":\"https:\/\/bunkerseguridad.com\/fr\/produit\/high-security-beam-pxb-100atc\/#primaryimage\"},\"image\":{\"@id\":\"https:\/\/bunkerseguridad.com\/fr\/produit\/high-security-beam-pxb-100atc\/#primaryimage\"},\"thumbnailUrl\":\"https:\/\/bunkerseguridad.com\/fr\/wp-content\/uploads\/2020\/10\/TXF-125E.png\",\"datePublished\":\"2020-10-09T08:21:02+00:00\",\"dateModified\":\"2021-02-11T08:44:18+00:00\",\"description\":\"Barri\u00e8re infrarouge anti-crawl des capteurs d\u00e9velopp\u00e9s pour des applications \u00e0 haut risque o\u00f9 la d\u00e9tection de toute tentative d'intrusion est essentielle.\",\"breadcrumb\":{\"@id\":\"https:\/\/bunkerseguridad.com\/fr\/produit\/high-security-beam-pxb-100atc\/#breadcrumb\"},\"inLanguage\":\"fr-FR\",\"potentialAction\":[{\"@type\":\"ReadAction\",\"target\":[\"https:\/\/bunkerseguridad.com\/fr\/produit\/high-security-beam-pxb-100atc\/\"]}]},{\"@type\":\"ImageObject\",\"inLanguage\":\"fr-FR\",\"@id\":\"https:\/\/bunkerseguridad.com\/fr\/produit\/high-security-beam-pxb-100atc\/#primaryimage\",\"url\":\"https:\/\/bunkerseguridad.com\/fr\/wp-content\/uploads\/2020\/10\/TXF-125E.png\",\"contentUrl\":\"https:\/\/bunkerseguridad.com\/fr\/wp-content\/uploads\/2020\/10\/TXF-125E.png\",\"width\":1200,\"height\":1200,\"caption\":\"Colonnes photo\u00e9lectriques\"},{\"@type\":\"BreadcrumbList\",\"@id\":\"https:\/\/bunkerseguridad.com\/fr\/produit\/high-security-beam-pxb-100atc\/#breadcrumb\",\"itemListElement\":[{\"@type\":\"ListItem\",\"position\":1,\"name\":\"Home\",\"item\":\"https:\/\/bunkerseguridad.com\/fr\/\"},{\"@type\":\"ListItem\",\"position\":2,\"name\":\"Shop\",\"item\":\"https:\/\/bunkerseguridad.com\/fr\/shop\/\"},{\"@type\":\"ListItem\",\"position\":3,\"name\":\"Barri\u00e8re infrarouge anti-crawl haute s\u00e9curit\u00e9 PXB-100ATC\"}]},{\"@type\":\"WebSite\",\"@id\":\"https:\/\/bunkerseguridad.com\/fr\/#website\",\"url\":\"https:\/\/bunkerseguridad.com\/fr\/\",\"name\":\"Bunker Seguridad\",\"description\":\"Otro sitio realizado con WordPress\",\"potentialAction\":[{\"@type\":\"SearchAction\",\"target\":{\"@type\":\"EntryPoint\",\"urlTemplate\":\"https:\/\/bunkerseguridad.com\/fr\/?s={search_term_string}\"},\"query-input\":{\"@type\":\"PropertyValueSpecification\",\"valueRequired\":true,\"valueName\":\"search_term_string\"}}],\"inLanguage\":\"fr-FR\"}]}<\/script>\n<!-- \/ Yoast SEO plugin. -->","yoast_head_json":{"title":"Barri\u00e8re infrarouge anti-crawl haute s\u00e9curit\u00e9 PXB-100ATC - Bunker Seguridad","description":"Barri\u00e8re infrarouge anti-crawl des capteurs d\u00e9velopp\u00e9s pour des applications \u00e0 haut risque o\u00f9 la d\u00e9tection de toute tentative d'intrusion est essentielle.","robots":{"index":"noindex","follow":"follow","max-snippet":"max-snippet:-1","max-image-preview":"max-image-preview:large","max-video-preview":"max-video-preview:-1"},"og_locale":"fr_FR","og_type":"article","og_title":"Barri\u00e8re infrarouge anti-crawl haute s\u00e9curit\u00e9 PXB-100ATC - Bunker Seguridad","og_description":"Barri\u00e8re infrarouge anti-crawl des capteurs d\u00e9velopp\u00e9s pour des applications \u00e0 haut risque o\u00f9 la d\u00e9tection de toute tentative d'intrusion est essentielle.","og_url":"https:\/\/bunkerseguridad.com\/fr\/produit\/high-security-beam-pxb-100atc\/","og_site_name":"Bunker Seguridad","article_modified_time":"2021-02-11T08:44:18+00:00","og_image":[{"width":1200,"height":1200,"url":"https:\/\/bunkerseguridad.com\/fr\/wp-content\/uploads\/2020\/10\/TXF-125E.png","type":"image\/png"}],"twitter_card":"summary_large_image","twitter_misc":{"Dur\u00e9e de lecture estim\u00e9e":"1 minute"},"schema":{"@context":"https:\/\/schema.org","@graph":[{"@type":"WebPage","@id":"https:\/\/bunkerseguridad.com\/fr\/produit\/high-security-beam-pxb-100atc\/","url":"https:\/\/bunkerseguridad.com\/fr\/produit\/high-security-beam-pxb-100atc\/","name":"Barri\u00e8re infrarouge anti-crawl haute s\u00e9curit\u00e9 PXB-100ATC - Bunker Seguridad","isPartOf":{"@id":"https:\/\/bunkerseguridad.com\/fr\/#website"},"primaryImageOfPage":{"@id":"https:\/\/bunkerseguridad.com\/fr\/produit\/high-security-beam-pxb-100atc\/#primaryimage"},"image":{"@id":"https:\/\/bunkerseguridad.com\/fr\/produit\/high-security-beam-pxb-100atc\/#primaryimage"},"thumbnailUrl":"https:\/\/bunkerseguridad.com\/fr\/wp-content\/uploads\/2020\/10\/TXF-125E.png","datePublished":"2020-10-09T08:21:02+00:00","dateModified":"2021-02-11T08:44:18+00:00","description":"Barri\u00e8re infrarouge anti-crawl des capteurs d\u00e9velopp\u00e9s pour des applications \u00e0 haut risque o\u00f9 la d\u00e9tection de toute tentative d'intrusion est essentielle.","breadcrumb":{"@id":"https:\/\/bunkerseguridad.com\/fr\/produit\/high-security-beam-pxb-100atc\/#breadcrumb"},"inLanguage":"fr-FR","potentialAction":[{"@type":"ReadAction","target":["https:\/\/bunkerseguridad.com\/fr\/produit\/high-security-beam-pxb-100atc\/"]}]},{"@type":"ImageObject","inLanguage":"fr-FR","@id":"https:\/\/bunkerseguridad.com\/fr\/produit\/high-security-beam-pxb-100atc\/#primaryimage","url":"https:\/\/bunkerseguridad.com\/fr\/wp-content\/uploads\/2020\/10\/TXF-125E.png","contentUrl":"https:\/\/bunkerseguridad.com\/fr\/wp-content\/uploads\/2020\/10\/TXF-125E.png","width":1200,"height":1200,"caption":"Colonnes photo\u00e9lectriques"},{"@type":"BreadcrumbList","@id":"https:\/\/bunkerseguridad.com\/fr\/produit\/high-security-beam-pxb-100atc\/#breadcrumb","itemListElement":[{"@type":"ListItem","position":1,"name":"Home","item":"https:\/\/bunkerseguridad.com\/fr\/"},{"@type":"ListItem","position":2,"name":"Shop","item":"https:\/\/bunkerseguridad.com\/fr\/shop\/"},{"@type":"ListItem","position":3,"name":"Barri\u00e8re infrarouge anti-crawl haute s\u00e9curit\u00e9 PXB-100ATC"}]},{"@type":"WebSite","@id":"https:\/\/bunkerseguridad.com\/fr\/#website","url":"https:\/\/bunkerseguridad.com\/fr\/","name":"Bunker Seguridad","description":"Otro sitio realizado con WordPress","potentialAction":[{"@type":"SearchAction","target":{"@type":"EntryPoint","urlTemplate":"https:\/\/bunkerseguridad.com\/fr\/?s={search_term_string}"},"query-input":{"@type":"PropertyValueSpecification","valueRequired":true,"valueName":"search_term_string"}}],"inLanguage":"fr-FR"}]}},"brands":[{"id":202,"name":"Takex","slug":"takex"}],"_links":{"self":[{"href":"https:\/\/bunkerseguridad.com\/fr\/wp-json\/wp\/v2\/product\/2348","targetHints":{"allow":["GET"]}}],"collection":[{"href":"https:\/\/bunkerseguridad.com\/fr\/wp-json\/wp\/v2\/product"}],"about":[{"href":"https:\/\/bunkerseguridad.com\/fr\/wp-json\/wp\/v2\/types\/product"}],"wp:featuredmedia":[{"embeddable":true,"href":"https:\/\/bunkerseguridad.com\/fr\/wp-json\/wp\/v2\/media\/2306"}],"wp:attachment":[{"href":"https:\/\/bunkerseguridad.com\/fr\/wp-json\/wp\/v2\/media?parent=2348"}],"wp:term":[{"taxonomy":"pwb-brand","embeddable":true,"href":"https:\/\/bunkerseguridad.com\/fr\/wp-json\/wp\/v2\/pwb-brand?post=2348"},{"taxonomy":"product_brand","embeddable":true,"href":"https:\/\/bunkerseguridad.com\/fr\/wp-json\/wp\/v2\/product_brand?post=2348"},{"taxonomy":"product_cat","embeddable":true,"href":"https:\/\/bunkerseguridad.com\/fr\/wp-json\/wp\/v2\/product_cat?post=2348"},{"taxonomy":"product_tag","embeddable":true,"href":"https:\/\/bunkerseguridad.com\/fr\/wp-json\/wp\/v2\/product_tag?post=2348"}],"curies":[{"name":"wp","href":"https:\/\/api.w.org\/{rel}","templated":true}]}}